{"id":10472,"date":"2018-03-29T09:49:50","date_gmt":"2018-03-29T07:49:50","guid":{"rendered":"https:\/\/www.ig.cas.cz\/?page_id=10472"},"modified":"2024-01-30T09:27:20","modified_gmt":"2024-01-30T08:27:20","slug":"jan-burjanek","status":"publish","type":"page","link":"https:\/\/www.ig.cas.cz\/en\/contact\/staff\/jan-burjanek\/","title":{"rendered":"Jan Burj\u00e1nek"},"content":{"rendered":"<p>[et_pb_section fb_built=&#8221;1&#8243; _builder_version=&#8221;4.16&#8243; custom_padding=&#8221;0px|0px|0px|0px&#8221; global_colors_info=&#8221;{}&#8221;][et_pb_row _builder_version=&#8221;4.16&#8243; custom_padding=&#8221;29px|0px|28.95px|0px&#8221; global_colors_info=&#8221;{}&#8221; column_structure=&#8221;2_3,1_3&#8243;][et_pb_column type=&#8221;2_3&#8243; _builder_version=&#8221;4.16&#8243; custom_padding=&#8221;|||&#8221; global_colors_info=&#8221;{}&#8221; custom_padding__hover=&#8221;|||&#8221;][et_pb_text _builder_version=&#8221;4.16&#8243; global_colors_info=&#8221;{}&#8221;]<strong>Jan Burj\u00e1nek<\/strong> (1979), is a&nbsp;Senior Researcher at Geophysical Institute. His research interests include numerical modelling and interpretation of seismic wave propagation phenomena. In particular, he has been working on topographic site effects, assessment of local seismic site effects, characterization of local velocity structures by passive seismic methods, 3D numerical simulations of ground motions, seismic studies and monitoring of unstable slopes, earthquake triggered landslides.<br \/>\n[\/et_pb_text][\/et_pb_column][et_pb_column type=&#8221;1_3&#8243; _builder_version=&#8221;4.16&#8243; custom_padding=&#8221;|||&#8221; global_colors_info=&#8221;{}&#8221; custom_padding__hover=&#8221;|||&#8221;][et_pb_image src=&#8221;https:\/\/www.ig.cas.cz\/wp-content\/uploads\/2018\/03\/burjanek.jpg&#8221; align=&#8221;center&#8221; align_tablet=&#8221;center&#8221; align_last_edited=&#8221;on|desktop&#8221; _builder_version=&#8221;4.16&#8243; max_width=&#8221;88%&#8221; global_colors_info=&#8221;{}&#8221; align_phone=&#8221;center&#8221;][\/et_pb_image][et_pb_text _builder_version=&#8221;4.23.1&#8243; hover_enabled=&#8221;0&#8243; global_colors_info=&#8221;{}&#8221; sticky_enabled=&#8221;0&#8243;]<\/p>\n<h3 style=\"text-align: center;\">RNDr. <strong>Jan Burj\u00e1nek<\/strong>, PhD.<\/h3>\n<p style=\"text-align: center;\">researcher<br \/><a href=\"https:\/\/www.ig.cas.cz\/en\/research\/teams\/seismic-wave-source-studies\/\">Seismic wave &amp; source studies<\/a><br \/><a href=\"mailto:burjanek@ig.cas.cz\">burjanek@ig.cas.cz<\/a><br \/>+420\u00a0267\u00a0103\u00a0061<\/p>\n<p style=\"text-align: center;\"><a href=\"http:\/\/orcid.org\/0000-0002-8446-8326\" target=\"orcid.widget\" rel=\"noopener noreferrer\"><img decoding=\"async\" src=\"https:\/\/orcid.org\/sites\/default\/files\/images\/orcid_16x16.png\" alt=\"ORCID iD icon\" \/>orcid.org\/0000-0002-8446-8326<\/a><\/p>\n<p>&nbsp;<\/p>\n<p>[\/et_pb_text][\/et_pb_column][\/et_pb_row][et_pb_row _builder_version=&#8221;4.16&#8243; background_size=&#8221;initial&#8221; background_position=&#8221;top_left&#8221; background_repeat=&#8221;repeat&#8221; global_colors_info=&#8221;{}&#8221;][et_pb_column type=&#8221;4_4&#8243; _builder_version=&#8221;4.16&#8243; custom_padding=&#8221;|||&#8221; global_colors_info=&#8221;{}&#8221; custom_padding__hover=&#8221;|||&#8221;][et_pb_text _builder_version=&#8221;4.16&#8243; global_colors_info=&#8221;{}&#8221;]<\/p>\n<h3><strong>Publications<\/strong><\/h3>\n<ul>\n<li><strong>Burj\u00e1nek, J.<\/strong>, Gischig, V., Moore, J. R., F\u00e4h, D. (2018). Ambient vibration characterization and monitoring of a&nbsp;rock slope close to collapse, Geophys. J. Int., 212, 297-310.&nbsp;doi: 10.1093\/gji\/ggx424<\/li>\n<li>Kleinbrod, U., <strong>Burj\u00e1nek, J.<\/strong>, and F\u00e4h, D. (2017). On the seismic response of instable rock slopes based on ambient vibration recordings, Earth Planets Space, 69, 126, pp. 9.&nbsp;doi: 10.1186\/s40623-017-0712-5<\/li>\n<li>Kleinbrod, U., <strong>Burj\u00e1nek, J.<\/strong>, Hugentobler, M., Amann, F., and F\u00e4h, D. (2017). A&nbsp;comparative study on seismic response of two unstable rock slopes within same tectonic setting but different activity level, Geophys. J. Int., 211, 1428-1448.&nbsp;doi: 10.1093\/gji\/ggx376<\/li>\n<li>Poggi, V., <strong>Burj\u00e1nek, J.<\/strong>, Michel, C., F\u00e4h, D. (2017). Seismic site-response characterization of high-velocity sites using advanced geophysical techniques: application to the NAGRA-Net, Geophys. J. Int., 210, 645-659.&nbsp;doi: 10.1093\/gji\/ggx192<\/li>\n<li>Vack\u00e1\u0159, J., <strong>Burj\u00e1nek, J.<\/strong>, Gallovi\u010d, F., Zahradn\u00edk, J., Clinton, J. (2017). Bayesian ISOLA: new tool for automated centroid moment tensor inversion, Geophys. J. Int., 210, 693-705.&nbsp;doi: 10.1093\/gji\/ggx158<\/li>\n<li>Panzera, F., D&#8217;Amico, S. , <strong>Burj\u00e1nek, J<\/strong>., Pischiutta, M. (2017). Advance in seismic site response: Usual practices and innovative methods, Phys. Chem. Earth, 98, 1-2.&nbsp;doi:10.1016\/j.pce.2017.04.005<\/li>\n<li>Vack\u00e1\u0159, J., <strong>Burj\u00e1nek, J.<\/strong>, Zahradn\u00edk, J. (2015). Automated detection of long-period disturbances in seismic records; MouseTrap code, Seism. Res. Lett., 86, 442-450.&nbsp;doi:10.1785\/0220140168<\/li>\n<li>Poggi, V., Ermert, L., <strong>Burj\u00e1nek, J.<\/strong>, Michel, C., F\u00e4h, D. (2015). Modal analysis of 2-D sedimentary basin from frequency domain decomposition of ambient vibration array recordings, Geophys. J. Int., 200 (1), 615-626.&nbsp;doi: 10.1093\/gji\/ggu420<\/li>\n<li>Michel, C., Edwards, B., Poggi, V., <strong>Burj\u00e1nek, J<\/strong>., Roten, D., Cauzzi, C., F\u00e4h, D. (2014). Assessment of site effects in alpine regions through systematic site characterization of seismic stations, Bull. Seism. Soc. Am., 104, 2809-2826.&nbsp;doi: 10.1785\/0120140097<\/li>\n<li>Ermert, L., Poggi, V., <strong>Burj\u00e1nek, J.<\/strong>, F\u00e4h, D. (2014). Fundamental and higher 2-D resonance modes of an Alpine valley, Geophys. J. Int., 198 (2), 795-811.&nbsp;doi: 10.1093\/gji\/ggu072<\/li>\n<li><strong>Burj\u00e1nek, J.<\/strong>, Edwards, B., F\u00e4h, D. (2014). Empirical evidence of local seismic effects at sites with pronounced topography: a&nbsp;systematic approach, Geophys. J. Int., 197 (1), 608-619.&nbsp;doi: 10.1093\/gji\/ggu014<\/li>\n<li>Baumann, C., <strong>Burj\u00e1nek, J<\/strong>., Michel, C., F\u00e4h, D., Dalguer, L. A. (2013). Fault zone signatures from ambient vibration measurements: a&nbsp;case study in the region of Visp (Valais, Switzerland), Swiss J. Geosci., 106 (3), 529-541.&nbsp;doi: 10.1007\/s00015-013-0155-3<\/li>\n<li>Poggi, V., F\u00e4h, D., <strong>Burj\u00e1nek, J.<\/strong>, Giardini, D. (2012). The use of Rayleigh wave ellipticity for site-specific hazard assessment and microzonation. Application to the city of Lucerne, Switzerland., Geophys. J. Int., 188 (3), 1154-1172.&nbsp;doi: 10.1111\/j.1365-246X.2011.05305.x<\/li>\n<li><strong>Burj\u00e1nek, J.<\/strong>, Moore, J.R., Yugsi-Molina, F.X., F\u00e4h, D. (2012). Instrumental evidence of normal mode rock slope vibration, Geophys. J. Int., 188 (2), 559-569.&nbsp;doi: 10.1111\/j.1365-246X.2011.05272.x<\/li>\n<li>F\u00e4h, D., Moore, J.R., <strong>Burj\u00e1nek, J.<\/strong>, et al. (2012). Coupled seismogenic geohazards in alpine regions, B. Geofis. Teor. Appl., 53, 485-508.&nbsp;doi: 10.4430\/bgta0048<\/li>\n<li>Moore, J.R., Gischig, V., <strong>Burj\u00e1nek, J.<\/strong>, Loew, S., F\u00e4h, D. (2011). Site effects in unstable rock slopes: dynamic behavior of the Randa instability (Switzerland), Bull. Seism. Soc. Am., 101, 3110-3116.&nbsp;doi: 10.1785\/0120110127<\/li>\n<li><strong>Burj\u00e1nek, J.,<\/strong> Gassner-Stamm, G., Poggi, V., Moore, J. R., F\u00e4h, D. (2010). Ambient vibration analysis of an unstable mountain slope, Geophys. J. Int., 180 (2), 820-828.&nbsp;doi: 10.1111\/j.1365-246X.2009.04451.x<\/li>\n<li>Gallovi\u010d, F., K\u00e4ser, M., <strong>Burj\u00e1nek, J<\/strong>., Papaioannou, C. (2010). 3-D Modeling of Near-Fault Ground Motions with Non-Planar Rupture Models and Topography: the case of the 2004 Parkfield Earthquake, J. Geophys. Res., 115, B03308.&nbsp;doi:10.1029\/2008JB006171<\/li>\n<li>Gallovi\u010d, F., <strong>Burj\u00e1nek, J.<\/strong> (2007). High-frequency Directivity in Strong Ground Motion Modeling Methods, Ann. Geophys., 50 (2), 203-211.<\/li>\n<li><strong>Burj\u00e1nek, J.<\/strong>, Zahradn\u00edk, J. (2007). Dynamic stress field of a&nbsp;kinematic earthquake source model with k-squared slip distribution, Geophys. J. Int., 171 (3), 1082-1097.&nbsp;doi: 10.1111\/j.1365-246X.2007.03548.x<\/li>\n<\/ul>\n<p>[\/et_pb_text][\/et_pb_column][\/et_pb_row][\/et_pb_section]<\/p>\n","protected":false},"excerpt":{"rendered":"<p>Jan Burj\u00e1nek (1979), is a&nbsp;Senior Researcher at Geophysical Institute. His research interests include numerical modelling and interpretation of seismic wave propagation phenomena. In particular, he has been working on topographic site effects, assessment of local seismic site effects, characterization of local velocity structures by passive seismic methods, 3D numerical simulations of ground motions, seismic [&hellip;]<\/p>\n","protected":false},"author":9,"featured_media":20743,"parent":416,"menu_order":0,"comment_status":"closed","ping_status":"closed","template":"","meta":{"_et_pb_use_builder":"on","_et_pb_old_content":"","_et_gb_content_width":"","footnotes":""},"categories":[],"tags":[127],"class_list":["post-10472","page","type-page","status-publish","has-post-thumbnail","hentry","tag-people-en"],"yoast_head":"<!-- This site is optimized with the Yoast SEO plugin v25.9 - https:\/\/yoast.com\/wordpress\/plugins\/seo\/ -->\n<title>Jan Burj\u00e1nek - Geofyzik\u00e1ln\u00ed \u00fastav Akademie v\u011bd \u010cR, v.v.i.<\/title>\n<meta name=\"robots\" content=\"index, follow, max-snippet:-1, max-image-preview:large, max-video-preview:-1\" \/>\n<link rel=\"canonical\" href=\"https:\/\/www.ig.cas.cz\/en\/contact\/staff\/jan-burjanek\/\" \/>\n<meta property=\"og:locale\" content=\"en_US\" \/>\n<meta property=\"og:type\" content=\"article\" \/>\n<meta property=\"og:title\" content=\"Jan Burj\u00e1nek - Geofyzik\u00e1ln\u00ed \u00fastav Akademie v\u011bd \u010cR, v.v.i.\" \/>\n<meta property=\"og:description\" content=\"Jan Burj\u00e1nek (1979), is a Senior Researcher at Geophysical Institute. His research interests include numerical modelling and interpretation of seismic wave propagation phenomena. In particular, he has been working on topographic site effects, assessment of local seismic site effects, characterization of local velocity structures by passive seismic methods, 3D numerical simulations of ground motions, seismic [&hellip;]\" \/>\n<meta property=\"og:url\" content=\"https:\/\/www.ig.cas.cz\/en\/contact\/staff\/jan-burjanek\/\" \/>\n<meta property=\"og:site_name\" content=\"Dom\u016f\" \/>\n<meta property=\"article:publisher\" content=\"https:\/\/www.facebook.com\/GFUAVCR\/\" \/>\n<meta property=\"article:modified_time\" content=\"2024-01-30T08:27:20+00:00\" \/>\n<meta property=\"og:image\" content=\"https:\/\/www.ig.cas.cz\/wp-content\/uploads\/2018\/02\/zhcut.jpg\" \/>\n\t<meta property=\"og:image:width\" content=\"2496\" \/>\n\t<meta property=\"og:image:height\" content=\"260\" \/>\n\t<meta property=\"og:image:type\" content=\"image\/jpeg\" \/>\n<meta name=\"twitter:card\" content=\"summary_large_image\" \/>\n<meta name=\"twitter:label1\" content=\"Est. reading time\" \/>\n\t<meta name=\"twitter:data1\" content=\"4 minutes\" \/>\n<script type=\"application\/ld+json\" class=\"yoast-schema-graph\">{\"@context\":\"https:\/\/schema.org\",\"@graph\":[{\"@type\":\"WebPage\",\"@id\":\"https:\/\/www.ig.cas.cz\/en\/contact\/staff\/jan-burjanek\/\",\"url\":\"https:\/\/www.ig.cas.cz\/en\/contact\/staff\/jan-burjanek\/\",\"name\":\"Jan Burj\u00e1nek - Geofyzik\u00e1ln\u00ed \u00fastav Akademie v\u011bd \u010cR, v.v.i.\",\"isPartOf\":{\"@id\":\"https:\/\/www.ig.cas.cz\/#website\"},\"primaryImageOfPage\":{\"@id\":\"https:\/\/www.ig.cas.cz\/en\/contact\/staff\/jan-burjanek\/#primaryimage\"},\"image\":{\"@id\":\"https:\/\/www.ig.cas.cz\/en\/contact\/staff\/jan-burjanek\/#primaryimage\"},\"thumbnailUrl\":\"https:\/\/www.ig.cas.cz\/wp-content\/uploads\/2018\/02\/zhcut.jpg\",\"datePublished\":\"2018-03-29T07:49:50+00:00\",\"dateModified\":\"2024-01-30T08:27:20+00:00\",\"breadcrumb\":{\"@id\":\"https:\/\/www.ig.cas.cz\/en\/contact\/staff\/jan-burjanek\/#breadcrumb\"},\"inLanguage\":\"en-US\",\"potentialAction\":[{\"@type\":\"ReadAction\",\"target\":[\"https:\/\/www.ig.cas.cz\/en\/contact\/staff\/jan-burjanek\/\"]}]},{\"@type\":\"ImageObject\",\"inLanguage\":\"en-US\",\"@id\":\"https:\/\/www.ig.cas.cz\/en\/contact\/staff\/jan-burjanek\/#primaryimage\",\"url\":\"https:\/\/www.ig.cas.cz\/wp-content\/uploads\/2018\/02\/zhcut.jpg\",\"contentUrl\":\"https:\/\/www.ig.cas.cz\/wp-content\/uploads\/2018\/02\/zhcut.jpg\",\"width\":2496,\"height\":260,\"caption\":\"OLYMPUS DIGITAL CAMERA\"},{\"@type\":\"BreadcrumbList\",\"@id\":\"https:\/\/www.ig.cas.cz\/en\/contact\/staff\/jan-burjanek\/#breadcrumb\",\"itemListElement\":[{\"@type\":\"ListItem\",\"position\":1,\"name\":\"Dom\u016f\",\"item\":\"https:\/\/www.ig.cas.cz\/en\/\"},{\"@type\":\"ListItem\",\"position\":2,\"name\":\"Contacts\",\"item\":\"https:\/\/www.ig.cas.cz\/en\/contact\/\"},{\"@type\":\"ListItem\",\"position\":3,\"name\":\"Staff\",\"item\":\"https:\/\/www.ig.cas.cz\/en\/contact\/staff\/\"},{\"@type\":\"ListItem\",\"position\":4,\"name\":\"Jan Burj\u00e1nek\"}]},{\"@type\":\"WebSite\",\"@id\":\"https:\/\/www.ig.cas.cz\/#website\",\"url\":\"https:\/\/www.ig.cas.cz\/\",\"name\":\"Dom\u016f\",\"description\":\"Geofyzik\u00e1ln\u00ed \u00fastav Akademie v\u011bd \u010cR, v.v.i.\",\"potentialAction\":[{\"@type\":\"SearchAction\",\"target\":{\"@type\":\"EntryPoint\",\"urlTemplate\":\"https:\/\/www.ig.cas.cz\/?s={search_term_string}\"},\"query-input\":{\"@type\":\"PropertyValueSpecification\",\"valueRequired\":true,\"valueName\":\"search_term_string\"}}],\"inLanguage\":\"en-US\"}]}<\/script>\n<!-- \/ Yoast SEO plugin. -->","yoast_head_json":{"title":"Jan Burj\u00e1nek - Geofyzik\u00e1ln\u00ed \u00fastav Akademie v\u011bd \u010cR, v.v.i.","robots":{"index":"index","follow":"follow","max-snippet":"max-snippet:-1","max-image-preview":"max-image-preview:large","max-video-preview":"max-video-preview:-1"},"canonical":"https:\/\/www.ig.cas.cz\/en\/contact\/staff\/jan-burjanek\/","og_locale":"en_US","og_type":"article","og_title":"Jan Burj\u00e1nek - Geofyzik\u00e1ln\u00ed \u00fastav Akademie v\u011bd \u010cR, v.v.i.","og_description":"Jan Burj\u00e1nek (1979), is a Senior Researcher at Geophysical Institute. His research interests include numerical modelling and interpretation of seismic wave propagation phenomena. In particular, he has been working on topographic site effects, assessment of local seismic site effects, characterization of local velocity structures by passive seismic methods, 3D numerical simulations of ground motions, seismic [&hellip;]","og_url":"https:\/\/www.ig.cas.cz\/en\/contact\/staff\/jan-burjanek\/","og_site_name":"Dom\u016f","article_publisher":"https:\/\/www.facebook.com\/GFUAVCR\/","article_modified_time":"2024-01-30T08:27:20+00:00","og_image":[{"width":2496,"height":260,"url":"https:\/\/www.ig.cas.cz\/wp-content\/uploads\/2018\/02\/zhcut.jpg","type":"image\/jpeg"}],"twitter_card":"summary_large_image","twitter_misc":{"Est. reading time":"4 minutes"},"schema":{"@context":"https:\/\/schema.org","@graph":[{"@type":"WebPage","@id":"https:\/\/www.ig.cas.cz\/en\/contact\/staff\/jan-burjanek\/","url":"https:\/\/www.ig.cas.cz\/en\/contact\/staff\/jan-burjanek\/","name":"Jan Burj\u00e1nek - Geofyzik\u00e1ln\u00ed \u00fastav Akademie v\u011bd \u010cR, v.v.i.","isPartOf":{"@id":"https:\/\/www.ig.cas.cz\/#website"},"primaryImageOfPage":{"@id":"https:\/\/www.ig.cas.cz\/en\/contact\/staff\/jan-burjanek\/#primaryimage"},"image":{"@id":"https:\/\/www.ig.cas.cz\/en\/contact\/staff\/jan-burjanek\/#primaryimage"},"thumbnailUrl":"https:\/\/www.ig.cas.cz\/wp-content\/uploads\/2018\/02\/zhcut.jpg","datePublished":"2018-03-29T07:49:50+00:00","dateModified":"2024-01-30T08:27:20+00:00","breadcrumb":{"@id":"https:\/\/www.ig.cas.cz\/en\/contact\/staff\/jan-burjanek\/#breadcrumb"},"inLanguage":"en-US","potentialAction":[{"@type":"ReadAction","target":["https:\/\/www.ig.cas.cz\/en\/contact\/staff\/jan-burjanek\/"]}]},{"@type":"ImageObject","inLanguage":"en-US","@id":"https:\/\/www.ig.cas.cz\/en\/contact\/staff\/jan-burjanek\/#primaryimage","url":"https:\/\/www.ig.cas.cz\/wp-content\/uploads\/2018\/02\/zhcut.jpg","contentUrl":"https:\/\/www.ig.cas.cz\/wp-content\/uploads\/2018\/02\/zhcut.jpg","width":2496,"height":260,"caption":"OLYMPUS DIGITAL CAMERA"},{"@type":"BreadcrumbList","@id":"https:\/\/www.ig.cas.cz\/en\/contact\/staff\/jan-burjanek\/#breadcrumb","itemListElement":[{"@type":"ListItem","position":1,"name":"Dom\u016f","item":"https:\/\/www.ig.cas.cz\/en\/"},{"@type":"ListItem","position":2,"name":"Contacts","item":"https:\/\/www.ig.cas.cz\/en\/contact\/"},{"@type":"ListItem","position":3,"name":"Staff","item":"https:\/\/www.ig.cas.cz\/en\/contact\/staff\/"},{"@type":"ListItem","position":4,"name":"Jan Burj\u00e1nek"}]},{"@type":"WebSite","@id":"https:\/\/www.ig.cas.cz\/#website","url":"https:\/\/www.ig.cas.cz\/","name":"Dom\u016f","description":"Geofyzik\u00e1ln\u00ed \u00fastav Akademie v\u011bd \u010cR, v.v.i.","potentialAction":[{"@type":"SearchAction","target":{"@type":"EntryPoint","urlTemplate":"https:\/\/www.ig.cas.cz\/?s={search_term_string}"},"query-input":{"@type":"PropertyValueSpecification","valueRequired":true,"valueName":"search_term_string"}}],"inLanguage":"en-US"}]}},"_links":{"self":[{"href":"https:\/\/www.ig.cas.cz\/en\/wp-json\/wp\/v2\/pages\/10472","targetHints":{"allow":["GET"]}}],"collection":[{"href":"https:\/\/www.ig.cas.cz\/en\/wp-json\/wp\/v2\/pages"}],"about":[{"href":"https:\/\/www.ig.cas.cz\/en\/wp-json\/wp\/v2\/types\/page"}],"author":[{"embeddable":true,"href":"https:\/\/www.ig.cas.cz\/en\/wp-json\/wp\/v2\/users\/9"}],"replies":[{"embeddable":true,"href":"https:\/\/www.ig.cas.cz\/en\/wp-json\/wp\/v2\/comments?post=10472"}],"version-history":[{"count":0,"href":"https:\/\/www.ig.cas.cz\/en\/wp-json\/wp\/v2\/pages\/10472\/revisions"}],"up":[{"embeddable":true,"href":"https:\/\/www.ig.cas.cz\/en\/wp-json\/wp\/v2\/pages\/416"}],"wp:featuredmedia":[{"embeddable":true,"href":"https:\/\/www.ig.cas.cz\/en\/wp-json\/wp\/v2\/media\/20743"}],"wp:attachment":[{"href":"https:\/\/www.ig.cas.cz\/en\/wp-json\/wp\/v2\/media?parent=10472"}],"wp:term":[{"taxonomy":"category","embeddable":true,"href":"https:\/\/www.ig.cas.cz\/en\/wp-json\/wp\/v2\/categories?post=10472"},{"taxonomy":"post_tag","embeddable":true,"href":"https:\/\/www.ig.cas.cz\/en\/wp-json\/wp\/v2\/tags?post=10472"}],"curies":[{"name":"wp","href":"https:\/\/api.w.org\/{rel}","templated":true}]}}