{"id":14158,"date":"2019-02-08T16:32:28","date_gmt":"2019-02-08T15:32:28","guid":{"rendered":"https:\/\/www.ig.cas.cz\/?page_id=14158"},"modified":"2019-02-14T12:18:10","modified_gmt":"2019-02-14T11:18:10","slug":"epos-tsc-geomagnetic-observations-meeting","status":"publish","type":"page","link":"https:\/\/www.ig.cas.cz\/en\/epos-tsc-geomagnetic-observations-meeting\/","title":{"rendered":"EPOS TSC Geomagnetic Observations Meeting"},"content":{"rendered":"<p>[et_pb_section fb_built=&#8221;1&#8243; _builder_version=&#8221;3.0.47&#8243; custom_padding=&#8221;63.4333px|0px|22px|0px&#8221;][et_pb_row custom_padding=&#8221;6px|0px|11px|0px&#8221; _builder_version=&#8221;3.0.47&#8243; background_size=&#8221;initial&#8221; background_position=&#8221;top_left&#8221; background_repeat=&#8221;repeat&#8221;][et_pb_column type=&#8221;4_4&#8243; _builder_version=&#8221;3.0.105&#8243; parallax=&#8221;off&#8221; parallax_method=&#8221;on&#8221;][et_pb_image src=&#8221;https:\/\/www.ig.cas.cz\/wp-content\/uploads\/2019\/02\/logo-meeting-web.jpg&#8221; _builder_version=&#8221;3.0.105&#8243;][\/et_pb_image][\/et_pb_column][\/et_pb_row][et_pb_row custom_padding=&#8221;10px|0px|7px|0px&#8221; _builder_version=&#8221;3.0.105&#8243;][et_pb_column type=&#8221;4_4&#8243; _builder_version=&#8221;3.0.105&#8243; parallax=&#8221;off&#8221; parallax_method=&#8221;on&#8221;][et_pb_text _builder_version=&#8221;3.0.105&#8243;]<\/p>\n<p style=\"text-align: justify;\">The Geomagnetism Team of EPOS (European Plate Observing System) invites users and providers of geomagnetic and magnetotelluric data to the meeting held at the Institute of Geophysics of the Czech Academy of Sciences, Prague on June 18-19, 2019.<\/p>\n<p>No conference fee is charged. Limited budget is available for support of travel costs and accommodation.<\/p>\n<p>Deadlines:<\/p>\n<p>Grant application: February 28, 2019<\/p>\n<p>Registration: May 15, 2019<\/p>\n<p>Download and fill in the <a href=\"https:\/\/www.ig.cas.cz\/wp-content\/uploads\/2019\/02\/prague_meeting_registration_form.pdf\">Registration Form<\/a> and return it to the email: ph@ig.cas.cz.<\/p>\n<p>The meeting is organized on the occasion of the 180<sup>th<\/sup> anniversary of the regular magnetic observations at the Prague Observatory.<\/p>\n<p>[\/et_pb_text][\/et_pb_column][\/et_pb_row][\/et_pb_section]<\/p>\n","protected":false},"excerpt":{"rendered":"<p>The Geomagnetism Team of EPOS (European Plate Observing System) invites users and providers of geomagnetic and magnetotelluric data to the meeting held at the Institute of Geophysics of the Czech Academy of Sciences, Prague on June 18-19, 2019. No conference fee is charged. Limited budget is available for support of travel costs and accommodation. Deadlines: [&hellip;]<\/p>\n","protected":false},"author":2,"featured_media":0,"parent":0,"menu_order":0,"comment_status":"closed","ping_status":"closed","template":"","meta":{"_et_pb_use_builder":"on","_et_pb_old_content":"","_et_gb_content_width":"","footnotes":""},"categories":[],"tags":[],"class_list":["post-14158","page","type-page","status-publish","hentry"],"yoast_head":"<!-- This site is optimized with the Yoast SEO plugin v25.9 - https:\/\/yoast.com\/wordpress\/plugins\/seo\/ -->\n<title>EPOS TSC Geomagnetic Observations Meeting - Geofyzik\u00e1ln\u00ed \u00fastav Akademie v\u011bd \u010cR, v.v.i.<\/title>\n<meta name=\"robots\" content=\"index, follow, max-snippet:-1, max-image-preview:large, max-video-preview:-1\" \/>\n<link rel=\"canonical\" href=\"https:\/\/www.ig.cas.cz\/en\/epos-tsc-geomagnetic-observations-meeting\/\" \/>\n<meta property=\"og:locale\" content=\"en_US\" \/>\n<meta property=\"og:type\" content=\"article\" \/>\n<meta property=\"og:title\" content=\"EPOS TSC Geomagnetic Observations Meeting - Geofyzik\u00e1ln\u00ed \u00fastav Akademie v\u011bd \u010cR, v.v.i.\" \/>\n<meta property=\"og:description\" content=\"The Geomagnetism Team of EPOS (European Plate Observing System) invites users and providers of geomagnetic and magnetotelluric data to the meeting held at the Institute of Geophysics of the Czech Academy of Sciences, Prague on June 18-19, 2019. No conference fee is charged. Limited budget is available for support of travel costs and accommodation. Deadlines: [&hellip;]\" \/>\n<meta property=\"og:url\" content=\"https:\/\/www.ig.cas.cz\/en\/epos-tsc-geomagnetic-observations-meeting\/\" \/>\n<meta property=\"og:site_name\" content=\"Dom\u016f\" \/>\n<meta property=\"article:publisher\" content=\"https:\/\/www.facebook.com\/GFUAVCR\/\" \/>\n<meta property=\"article:modified_time\" content=\"2019-02-14T11:18:10+00:00\" \/>\n<meta name=\"twitter:card\" content=\"summary_large_image\" \/>\n<meta name=\"twitter:label1\" content=\"Est. reading time\" \/>\n\t<meta name=\"twitter:data1\" content=\"1 minute\" \/>\n<script type=\"application\/ld+json\" class=\"yoast-schema-graph\">{\"@context\":\"https:\/\/schema.org\",\"@graph\":[{\"@type\":\"WebPage\",\"@id\":\"https:\/\/www.ig.cas.cz\/en\/epos-tsc-geomagnetic-observations-meeting\/\",\"url\":\"https:\/\/www.ig.cas.cz\/en\/epos-tsc-geomagnetic-observations-meeting\/\",\"name\":\"EPOS TSC Geomagnetic Observations Meeting - Geofyzik\u00e1ln\u00ed \u00fastav Akademie v\u011bd \u010cR, v.v.i.\",\"isPartOf\":{\"@id\":\"https:\/\/www.ig.cas.cz\/#website\"},\"datePublished\":\"2019-02-08T15:32:28+00:00\",\"dateModified\":\"2019-02-14T11:18:10+00:00\",\"breadcrumb\":{\"@id\":\"https:\/\/www.ig.cas.cz\/en\/epos-tsc-geomagnetic-observations-meeting\/#breadcrumb\"},\"inLanguage\":\"en-US\",\"potentialAction\":[{\"@type\":\"ReadAction\",\"target\":[\"https:\/\/www.ig.cas.cz\/en\/epos-tsc-geomagnetic-observations-meeting\/\"]}]},{\"@type\":\"BreadcrumbList\",\"@id\":\"https:\/\/www.ig.cas.cz\/en\/epos-tsc-geomagnetic-observations-meeting\/#breadcrumb\",\"itemListElement\":[{\"@type\":\"ListItem\",\"position\":1,\"name\":\"Dom\u016f\",\"item\":\"https:\/\/www.ig.cas.cz\/en\/\"},{\"@type\":\"ListItem\",\"position\":2,\"name\":\"EPOS TSC Geomagnetic Observations Meeting\"}]},{\"@type\":\"WebSite\",\"@id\":\"https:\/\/www.ig.cas.cz\/#website\",\"url\":\"https:\/\/www.ig.cas.cz\/\",\"name\":\"Dom\u016f\",\"description\":\"Geofyzik\u00e1ln\u00ed \u00fastav Akademie v\u011bd \u010cR, v.v.i.\",\"potentialAction\":[{\"@type\":\"SearchAction\",\"target\":{\"@type\":\"EntryPoint\",\"urlTemplate\":\"https:\/\/www.ig.cas.cz\/?s={search_term_string}\"},\"query-input\":{\"@type\":\"PropertyValueSpecification\",\"valueRequired\":true,\"valueName\":\"search_term_string\"}}],\"inLanguage\":\"en-US\"}]}<\/script>\n<!-- \/ Yoast SEO plugin. -->","yoast_head_json":{"title":"EPOS TSC Geomagnetic Observations Meeting - Geofyzik\u00e1ln\u00ed \u00fastav Akademie v\u011bd \u010cR, v.v.i.","robots":{"index":"index","follow":"follow","max-snippet":"max-snippet:-1","max-image-preview":"max-image-preview:large","max-video-preview":"max-video-preview:-1"},"canonical":"https:\/\/www.ig.cas.cz\/en\/epos-tsc-geomagnetic-observations-meeting\/","og_locale":"en_US","og_type":"article","og_title":"EPOS TSC Geomagnetic Observations Meeting - Geofyzik\u00e1ln\u00ed \u00fastav Akademie v\u011bd \u010cR, v.v.i.","og_description":"The Geomagnetism Team of EPOS (European Plate Observing System) invites users and providers of geomagnetic and magnetotelluric data to the meeting held at the Institute of Geophysics of the Czech Academy of Sciences, Prague on June 18-19, 2019. No conference fee is charged. Limited budget is available for support of travel costs and accommodation. Deadlines: [&hellip;]","og_url":"https:\/\/www.ig.cas.cz\/en\/epos-tsc-geomagnetic-observations-meeting\/","og_site_name":"Dom\u016f","article_publisher":"https:\/\/www.facebook.com\/GFUAVCR\/","article_modified_time":"2019-02-14T11:18:10+00:00","twitter_card":"summary_large_image","twitter_misc":{"Est. reading time":"1 minute"},"schema":{"@context":"https:\/\/schema.org","@graph":[{"@type":"WebPage","@id":"https:\/\/www.ig.cas.cz\/en\/epos-tsc-geomagnetic-observations-meeting\/","url":"https:\/\/www.ig.cas.cz\/en\/epos-tsc-geomagnetic-observations-meeting\/","name":"EPOS TSC Geomagnetic Observations Meeting - Geofyzik\u00e1ln\u00ed \u00fastav Akademie v\u011bd \u010cR, v.v.i.","isPartOf":{"@id":"https:\/\/www.ig.cas.cz\/#website"},"datePublished":"2019-02-08T15:32:28+00:00","dateModified":"2019-02-14T11:18:10+00:00","breadcrumb":{"@id":"https:\/\/www.ig.cas.cz\/en\/epos-tsc-geomagnetic-observations-meeting\/#breadcrumb"},"inLanguage":"en-US","potentialAction":[{"@type":"ReadAction","target":["https:\/\/www.ig.cas.cz\/en\/epos-tsc-geomagnetic-observations-meeting\/"]}]},{"@type":"BreadcrumbList","@id":"https:\/\/www.ig.cas.cz\/en\/epos-tsc-geomagnetic-observations-meeting\/#breadcrumb","itemListElement":[{"@type":"ListItem","position":1,"name":"Dom\u016f","item":"https:\/\/www.ig.cas.cz\/en\/"},{"@type":"ListItem","position":2,"name":"EPOS TSC Geomagnetic Observations Meeting"}]},{"@type":"WebSite","@id":"https:\/\/www.ig.cas.cz\/#website","url":"https:\/\/www.ig.cas.cz\/","name":"Dom\u016f","description":"Geofyzik\u00e1ln\u00ed \u00fastav Akademie v\u011bd \u010cR, v.v.i.","potentialAction":[{"@type":"SearchAction","target":{"@type":"EntryPoint","urlTemplate":"https:\/\/www.ig.cas.cz\/?s={search_term_string}"},"query-input":{"@type":"PropertyValueSpecification","valueRequired":true,"valueName":"search_term_string"}}],"inLanguage":"en-US"}]}},"_links":{"self":[{"href":"https:\/\/www.ig.cas.cz\/en\/wp-json\/wp\/v2\/pages\/14158","targetHints":{"allow":["GET"]}}],"collection":[{"href":"https:\/\/www.ig.cas.cz\/en\/wp-json\/wp\/v2\/pages"}],"about":[{"href":"https:\/\/www.ig.cas.cz\/en\/wp-json\/wp\/v2\/types\/page"}],"author":[{"embeddable":true,"href":"https:\/\/www.ig.cas.cz\/en\/wp-json\/wp\/v2\/users\/2"}],"replies":[{"embeddable":true,"href":"https:\/\/www.ig.cas.cz\/en\/wp-json\/wp\/v2\/comments?post=14158"}],"version-history":[{"count":0,"href":"https:\/\/www.ig.cas.cz\/en\/wp-json\/wp\/v2\/pages\/14158\/revisions"}],"wp:attachment":[{"href":"https:\/\/www.ig.cas.cz\/en\/wp-json\/wp\/v2\/media?parent=14158"}],"wp:term":[{"taxonomy":"category","embeddable":true,"href":"https:\/\/www.ig.cas.cz\/en\/wp-json\/wp\/v2\/categories?post=14158"},{"taxonomy":"post_tag","embeddable":true,"href":"https:\/\/www.ig.cas.cz\/en\/wp-json\/wp\/v2\/tags?post=14158"}],"curies":[{"name":"wp","href":"https:\/\/api.w.org\/{rel}","templated":true}]}}