{"id":16960,"date":"2020-01-16T17:10:52","date_gmt":"2020-01-16T16:10:52","guid":{"rendered":"https:\/\/www.ig.cas.cz\/?page_id=16960"},"modified":"2023-06-28T09:20:21","modified_gmt":"2023-06-28T07:20:21","slug":"visegrad-capable","status":"publish","type":"page","link":"https:\/\/www.ig.cas.cz\/en\/about\/visegrad-capable\/","title":{"rendered":"CAPABLE"},"content":{"rendered":"<p>[et_pb_section fb_built=&#8221;1&#8243; admin_label=&#8221;section&#8221; _builder_version=&#8221;3.22&#8243;][et_pb_row column_structure=&#8221;3_4,1_4&#8243; _builder_version=&#8221;4.0.7&#8243; width=&#8221;85%&#8221; custom_margin=&#8221;-60px||||false|false&#8221;][et_pb_column type=&#8221;3_4&#8243; _builder_version=&#8221;4.0.7&#8243;][et_pb_text _builder_version=&#8221;4.0.7&#8243; custom_margin=&#8221;40px||||false|false&#8221;]<\/p>\n<h2><strong>CAPABLE <\/strong>&#8211; <strong>CA<\/strong>rpathian <strong>PA<\/strong>nnonian <strong>B<\/strong>asin <strong>L<\/strong>ithosphere <strong>E<\/strong>nquiry<\/h2>\n<p>[\/et_pb_text][\/et_pb_column][et_pb_column type=&#8221;1_4&#8243; _builder_version=&#8221;4.0.7&#8243;][et_pb_image src=&#8221;https:\/\/www.ig.cas.cz\/wp-content\/uploads\/2020\/01\/visegrad_fund_logo_supported-by_blue.png&#8221; url=&#8221;https:\/\/www.visegradfund.org\/&#8221; url_new_window=&#8221;on&#8221; show_bottom_space=&#8221;off&#8221; align=&#8221;right&#8221; src_last_edited=&#8221;off|desktop&#8221; admin_label=&#8221;Image&#8221; _builder_version=&#8221;4.0.7&#8243; src__hover_enabled=&#8221;off|desktop&#8221;][\/et_pb_image][\/et_pb_column][\/et_pb_row][et_pb_row column_structure=&#8221;3_4,1_4&#8243; admin_label=&#8221;row&#8221; _builder_version=&#8221;4.0.7&#8243; background_size=&#8221;initial&#8221; background_position=&#8221;top_left&#8221; background_repeat=&#8221;repeat&#8221; custom_margin=&#8221;-20px||||false|false&#8221; collapsed=&#8221;off&#8221;][et_pb_column type=&#8221;3_4&#8243; _builder_version=&#8221;3.25&#8243; custom_padding=&#8221;|||&#8221; custom_padding__hover=&#8221;|||&#8221;][et_pb_text _builder_version=&#8221;4.0.7&#8243; text_orientation=&#8221;justified&#8221;]<\/p>\n<h4><strong>About<\/strong><\/h4>\n<p>The main focus of the CAPABLE project is a&nbsp;detailed lithosphere study of the Carpathians-Pannonian Basin region, which is possible thanks to the dense network of newly installed temporary seismic stations in frame of the European <span style=\"color: #03bfd7;\"><a style=\"color: #03bfd7;\" href=\"http:\/\/www.alparray.ethz.ch\/en\/home\/\" target=\"_blank\" rel=\"noopener noreferrer\">AlpArray-PACASE complementary experiment<\/a><\/span>. Only gross features of the lithosphere-asthenosphere boundary variations and the lithosphere structure are known up to now due to the insufficient data from only several seismic observatories in the region, which provide data for such studies. In spite of that, significant variations of the upper mantle structure were imaged (e.g. Pajdu\u0161\u00e1k et al., 1989; Babu\u0161ka and Plomerov\u00e1, 1992; Dando et al., 2011), which calls for more detailed studies. The research needs to be carried out in cooperation of scientists from all four Visegrad countries, to retrieve the crustal and upper mantle structure down to about 600 km. The lithosphere in the Carpathians-Pannonian Basin is composed of several colliding microplates. Regional seismicity, with intensity up to VIII=IX, represents a&nbsp;danger for inhabitants in the region. The CAPABLE team, composed of the Visegrad institutions, will collect new data and process them jointly with different methods, interpret them along with nonseimological inferences, develop a&nbsp;3D model of the upper mantle and the lithosphere structure. Moreover a&nbsp;foreseen seismo-tectonic model will allow more precise definition of seismically active areas and their active fault systems and thus help to understand the seismic evolution and the Neotectonic regime and recently active fault zones.<\/p>\n<p>[\/et_pb_text][\/et_pb_column][et_pb_column type=&#8221;1_4&#8243; _builder_version=&#8221;3.25&#8243; custom_padding=&#8221;|||&#8221; custom_padding__hover=&#8221;|||&#8221;][et_pb_text _builder_version=&#8221;4.0.7&#8243; custom_margin=&#8221;||||false|false&#8221; hover_enabled=&#8221;0&#8243;]<\/p>\n<p><span style=\"color: #ffffff;\">.<\/span><br \/>Visegrad Grant No. 21930053<br \/><a href=\"https:\/\/www.visegradfund.org\/\" target=\"_blank\" rel=\"noopener noreferrer\"><span style=\"color: #03bfd7;\">https:\/\/www.visegradfund.org\/<\/span><\/a><\/p>\n<p>&nbsp;<\/p>\n<p><strong>Coordinator of the project:<\/strong><br \/>RNDr. Jaroslava Plomerov\u00e1, DrSc.<br \/>Institute of Geophysics, Czech Academy of Sciences<br \/><span style=\"color: #03bfd7;\"><a style=\"color: #03bfd7;\" href=\"https:\/\/www.ig.cas.cz\/en\/\" target=\"_blank\" rel=\"noopener noreferrer\">https:\/\/www.ig.cas.cz\/en\/<\/a><\/span><\/p>\n<p><a href=\"http:\/\/www.alparray.ethz.ch\/en\/home\/\"><img loading=\"lazy\" decoding=\"async\" class=\"wp-image-17119 alignnone size-full\" src=\"https:\/\/www.ig.cas.cz\/wp-content\/uploads\/2020\/01\/aa-logo.png\" alt=\"\" width=\"165\" height=\"108\" \/><\/a><\/p>\n<p>[\/et_pb_text][\/et_pb_column][\/et_pb_row][et_pb_row _builder_version=&#8221;4.0.7&#8243;][et_pb_column type=&#8221;4_4&#8243; _builder_version=&#8221;4.0.7&#8243;][et_pb_text _builder_version=&#8221;4.0.7&#8243;]<\/p>\n<h4><strong>Project partners<\/strong><\/h4>\n<ul>\n<li><a href=\"https:\/\/www.igf.edu.pl\/home.php\" target=\"_blank\" rel=\"noopener noreferrer\"><span style=\"color: #03bfd7;\">Institute of Geophysics, Polish Academy of Sciences, Poland<\/span><\/a><\/li>\n<li><a href=\"http:\/\/en.uw.edu.pl\/\" target=\"_blank\" rel=\"noopener noreferrer\"><span style=\"color: #03bfd7;\">University of Warsaw, Faculty of Physics, Institute of Geophysics, Poland<\/span><\/a><\/li>\n<li><span style=\"color: #03bfd7;\"><a style=\"color: #03bfd7;\" href=\"http:\/\/www.us.edu.pl\" target=\"_blank\" rel=\"noopener noreferrer\">Institute of Earth Sciences, University of Silesia in Katowice, Poland<\/a><\/span><\/li>\n<li><a href=\"http:\/\/www2.ggki.hu\" target=\"_blank\" rel=\"noopener noreferrer\"><span style=\"color: #03bfd7;\">Geodetic and Geophysical Institute, Research Centre for Astronomy and Earth Sciences, Hungary<\/span><\/a><\/li>\n<li><a href=\"http:\/\/www.geo.sav.sk\/en\/\" target=\"_blank\" rel=\"noopener noreferrer\"><span style=\"color: #03bfd7;\">Earth Science Institute of the Slovak Academy of Sciences, Slovakia<\/span><\/a><\/li>\n<li><span style=\"color: #03bfd7;\"><a style=\"color: #03bfd7;\" href=\"http:\/\/www.uniba.sk\" target=\"_blank\" rel=\"noopener noreferrer\">Comenius University in Bratislava, Faculty of Natural Sciences, Slovakia<\/a><\/span><\/li>\n<li><a href=\"http:\/\/www.stuba.sk\" target=\"_blank\" rel=\"noopener noreferrer\"><span style=\"color: #03bfd7;\">Slovak University of Technology in Bratislava, Faculty of Civil Engineering, Slovakia<\/span><\/a><\/li>\n<\/ul>\n<p>[\/et_pb_text][\/et_pb_column][\/et_pb_row][\/et_pb_section]<\/p>\n","protected":false},"excerpt":{"rendered":"<p>CAPABLE &#8211; CArpathian PAnnonian Basin Lithosphere EnquiryAbout The main focus of the CAPABLE project is a&nbsp;detailed lithosphere study of the Carpathians-Pannonian Basin region, which is possible thanks to the dense network of newly installed temporary seismic stations in frame of the European AlpArray-PACASE complementary experiment. Only gross features of the lithosphere-asthenosphere boundary variations and [&hellip;]<\/p>\n","protected":false},"author":28,"featured_media":17013,"parent":368,"menu_order":0,"comment_status":"closed","ping_status":"closed","template":"","meta":{"_et_pb_use_builder":"on","_et_pb_old_content":"","_et_gb_content_width":"","footnotes":""},"categories":[],"tags":[126,139],"class_list":["post-16960","page","type-page","status-publish","has-post-thumbnail","hentry","tag-projects-grants","tag-research-en"],"yoast_head":"<!-- This site is optimized with the Yoast SEO plugin v25.9 - https:\/\/yoast.com\/wordpress\/plugins\/seo\/ -->\n<title>CAPABLE - Geofyzik\u00e1ln\u00ed \u00fastav Akademie v\u011bd \u010cR, v.v.i.<\/title>\n<meta name=\"robots\" content=\"index, follow, max-snippet:-1, max-image-preview:large, max-video-preview:-1\" \/>\n<link rel=\"canonical\" href=\"https:\/\/www.ig.cas.cz\/en\/about\/visegrad-capable\/\" \/>\n<meta property=\"og:locale\" content=\"en_US\" \/>\n<meta property=\"og:type\" content=\"article\" \/>\n<meta property=\"og:title\" content=\"CAPABLE - Geofyzik\u00e1ln\u00ed \u00fastav Akademie v\u011bd \u010cR, v.v.i.\" \/>\n<meta property=\"og:description\" content=\"CAPABLE - CArpathian PAnnonian Basin Lithosphere EnquiryAbout The main focus of the CAPABLE project is a detailed lithosphere study of the Carpathians-Pannonian Basin region, which is possible thanks to the dense network of newly installed temporary seismic stations in frame of the European AlpArray-PACASE complementary experiment. Only gross features of the lithosphere-asthenosphere boundary variations and [&hellip;]\" \/>\n<meta property=\"og:url\" content=\"https:\/\/www.ig.cas.cz\/en\/about\/visegrad-capable\/\" \/>\n<meta property=\"og:site_name\" content=\"Dom\u016f\" \/>\n<meta property=\"article:publisher\" content=\"https:\/\/www.facebook.com\/GFUAVCR\/\" \/>\n<meta property=\"article:modified_time\" content=\"2023-06-28T07:20:21+00:00\" \/>\n<meta property=\"og:image\" content=\"https:\/\/www.ig.cas.cz\/wp-content\/uploads\/2020\/01\/bile_karpaty_zoom-1.jpg\" \/>\n\t<meta property=\"og:image:width\" content=\"2500\" \/>\n\t<meta property=\"og:image:height\" content=\"260\" \/>\n\t<meta property=\"og:image:type\" content=\"image\/jpeg\" \/>\n<meta name=\"twitter:card\" content=\"summary_large_image\" \/>\n<meta name=\"twitter:label1\" content=\"Est. reading time\" \/>\n\t<meta name=\"twitter:data1\" content=\"3 minutes\" \/>\n<script type=\"application\/ld+json\" class=\"yoast-schema-graph\">{\"@context\":\"https:\/\/schema.org\",\"@graph\":[{\"@type\":\"WebPage\",\"@id\":\"https:\/\/www.ig.cas.cz\/en\/about\/visegrad-capable\/\",\"url\":\"https:\/\/www.ig.cas.cz\/en\/about\/visegrad-capable\/\",\"name\":\"CAPABLE - Geofyzik\u00e1ln\u00ed \u00fastav Akademie v\u011bd \u010cR, v.v.i.\",\"isPartOf\":{\"@id\":\"https:\/\/www.ig.cas.cz\/#website\"},\"primaryImageOfPage\":{\"@id\":\"https:\/\/www.ig.cas.cz\/en\/about\/visegrad-capable\/#primaryimage\"},\"image\":{\"@id\":\"https:\/\/www.ig.cas.cz\/en\/about\/visegrad-capable\/#primaryimage\"},\"thumbnailUrl\":\"https:\/\/www.ig.cas.cz\/wp-content\/uploads\/2020\/01\/bile_karpaty_zoom-1.jpg\",\"datePublished\":\"2020-01-16T16:10:52+00:00\",\"dateModified\":\"2023-06-28T07:20:21+00:00\",\"breadcrumb\":{\"@id\":\"https:\/\/www.ig.cas.cz\/en\/about\/visegrad-capable\/#breadcrumb\"},\"inLanguage\":\"en-US\",\"potentialAction\":[{\"@type\":\"ReadAction\",\"target\":[\"https:\/\/www.ig.cas.cz\/en\/about\/visegrad-capable\/\"]}]},{\"@type\":\"ImageObject\",\"inLanguage\":\"en-US\",\"@id\":\"https:\/\/www.ig.cas.cz\/en\/about\/visegrad-capable\/#primaryimage\",\"url\":\"https:\/\/www.ig.cas.cz\/wp-content\/uploads\/2020\/01\/bile_karpaty_zoom-1.jpg\",\"contentUrl\":\"https:\/\/www.ig.cas.cz\/wp-content\/uploads\/2020\/01\/bile_karpaty_zoom-1.jpg\",\"width\":2500,\"height\":260},{\"@type\":\"BreadcrumbList\",\"@id\":\"https:\/\/www.ig.cas.cz\/en\/about\/visegrad-capable\/#breadcrumb\",\"itemListElement\":[{\"@type\":\"ListItem\",\"position\":1,\"name\":\"Dom\u016f\",\"item\":\"https:\/\/www.ig.cas.cz\/en\/\"},{\"@type\":\"ListItem\",\"position\":2,\"name\":\"About\",\"item\":\"https:\/\/www.ig.cas.cz\/en\/about\/\"},{\"@type\":\"ListItem\",\"position\":3,\"name\":\"CAPABLE\"}]},{\"@type\":\"WebSite\",\"@id\":\"https:\/\/www.ig.cas.cz\/#website\",\"url\":\"https:\/\/www.ig.cas.cz\/\",\"name\":\"Dom\u016f\",\"description\":\"Geofyzik\u00e1ln\u00ed \u00fastav Akademie v\u011bd \u010cR, v.v.i.\",\"potentialAction\":[{\"@type\":\"SearchAction\",\"target\":{\"@type\":\"EntryPoint\",\"urlTemplate\":\"https:\/\/www.ig.cas.cz\/?s={search_term_string}\"},\"query-input\":{\"@type\":\"PropertyValueSpecification\",\"valueRequired\":true,\"valueName\":\"search_term_string\"}}],\"inLanguage\":\"en-US\"}]}<\/script>\n<!-- \/ Yoast SEO plugin. -->","yoast_head_json":{"title":"CAPABLE - Geofyzik\u00e1ln\u00ed \u00fastav Akademie v\u011bd \u010cR, v.v.i.","robots":{"index":"index","follow":"follow","max-snippet":"max-snippet:-1","max-image-preview":"max-image-preview:large","max-video-preview":"max-video-preview:-1"},"canonical":"https:\/\/www.ig.cas.cz\/en\/about\/visegrad-capable\/","og_locale":"en_US","og_type":"article","og_title":"CAPABLE - Geofyzik\u00e1ln\u00ed \u00fastav Akademie v\u011bd \u010cR, v.v.i.","og_description":"CAPABLE - CArpathian PAnnonian Basin Lithosphere EnquiryAbout The main focus of the CAPABLE project is a detailed lithosphere study of the Carpathians-Pannonian Basin region, which is possible thanks to the dense network of newly installed temporary seismic stations in frame of the European AlpArray-PACASE complementary experiment. Only gross features of the lithosphere-asthenosphere boundary variations and [&hellip;]","og_url":"https:\/\/www.ig.cas.cz\/en\/about\/visegrad-capable\/","og_site_name":"Dom\u016f","article_publisher":"https:\/\/www.facebook.com\/GFUAVCR\/","article_modified_time":"2023-06-28T07:20:21+00:00","og_image":[{"width":2500,"height":260,"url":"https:\/\/www.ig.cas.cz\/wp-content\/uploads\/2020\/01\/bile_karpaty_zoom-1.jpg","type":"image\/jpeg"}],"twitter_card":"summary_large_image","twitter_misc":{"Est. reading time":"3 minutes"},"schema":{"@context":"https:\/\/schema.org","@graph":[{"@type":"WebPage","@id":"https:\/\/www.ig.cas.cz\/en\/about\/visegrad-capable\/","url":"https:\/\/www.ig.cas.cz\/en\/about\/visegrad-capable\/","name":"CAPABLE - Geofyzik\u00e1ln\u00ed \u00fastav Akademie v\u011bd \u010cR, v.v.i.","isPartOf":{"@id":"https:\/\/www.ig.cas.cz\/#website"},"primaryImageOfPage":{"@id":"https:\/\/www.ig.cas.cz\/en\/about\/visegrad-capable\/#primaryimage"},"image":{"@id":"https:\/\/www.ig.cas.cz\/en\/about\/visegrad-capable\/#primaryimage"},"thumbnailUrl":"https:\/\/www.ig.cas.cz\/wp-content\/uploads\/2020\/01\/bile_karpaty_zoom-1.jpg","datePublished":"2020-01-16T16:10:52+00:00","dateModified":"2023-06-28T07:20:21+00:00","breadcrumb":{"@id":"https:\/\/www.ig.cas.cz\/en\/about\/visegrad-capable\/#breadcrumb"},"inLanguage":"en-US","potentialAction":[{"@type":"ReadAction","target":["https:\/\/www.ig.cas.cz\/en\/about\/visegrad-capable\/"]}]},{"@type":"ImageObject","inLanguage":"en-US","@id":"https:\/\/www.ig.cas.cz\/en\/about\/visegrad-capable\/#primaryimage","url":"https:\/\/www.ig.cas.cz\/wp-content\/uploads\/2020\/01\/bile_karpaty_zoom-1.jpg","contentUrl":"https:\/\/www.ig.cas.cz\/wp-content\/uploads\/2020\/01\/bile_karpaty_zoom-1.jpg","width":2500,"height":260},{"@type":"BreadcrumbList","@id":"https:\/\/www.ig.cas.cz\/en\/about\/visegrad-capable\/#breadcrumb","itemListElement":[{"@type":"ListItem","position":1,"name":"Dom\u016f","item":"https:\/\/www.ig.cas.cz\/en\/"},{"@type":"ListItem","position":2,"name":"About","item":"https:\/\/www.ig.cas.cz\/en\/about\/"},{"@type":"ListItem","position":3,"name":"CAPABLE"}]},{"@type":"WebSite","@id":"https:\/\/www.ig.cas.cz\/#website","url":"https:\/\/www.ig.cas.cz\/","name":"Dom\u016f","description":"Geofyzik\u00e1ln\u00ed \u00fastav Akademie v\u011bd \u010cR, v.v.i.","potentialAction":[{"@type":"SearchAction","target":{"@type":"EntryPoint","urlTemplate":"https:\/\/www.ig.cas.cz\/?s={search_term_string}"},"query-input":{"@type":"PropertyValueSpecification","valueRequired":true,"valueName":"search_term_string"}}],"inLanguage":"en-US"}]}},"_links":{"self":[{"href":"https:\/\/www.ig.cas.cz\/en\/wp-json\/wp\/v2\/pages\/16960","targetHints":{"allow":["GET"]}}],"collection":[{"href":"https:\/\/www.ig.cas.cz\/en\/wp-json\/wp\/v2\/pages"}],"about":[{"href":"https:\/\/www.ig.cas.cz\/en\/wp-json\/wp\/v2\/types\/page"}],"author":[{"embeddable":true,"href":"https:\/\/www.ig.cas.cz\/en\/wp-json\/wp\/v2\/users\/28"}],"replies":[{"embeddable":true,"href":"https:\/\/www.ig.cas.cz\/en\/wp-json\/wp\/v2\/comments?post=16960"}],"version-history":[{"count":0,"href":"https:\/\/www.ig.cas.cz\/en\/wp-json\/wp\/v2\/pages\/16960\/revisions"}],"up":[{"embeddable":true,"href":"https:\/\/www.ig.cas.cz\/en\/wp-json\/wp\/v2\/pages\/368"}],"wp:featuredmedia":[{"embeddable":true,"href":"https:\/\/www.ig.cas.cz\/en\/wp-json\/wp\/v2\/media\/17013"}],"wp:attachment":[{"href":"https:\/\/www.ig.cas.cz\/en\/wp-json\/wp\/v2\/media?parent=16960"}],"wp:term":[{"taxonomy":"category","embeddable":true,"href":"https:\/\/www.ig.cas.cz\/en\/wp-json\/wp\/v2\/categories?post=16960"},{"taxonomy":"post_tag","embeddable":true,"href":"https:\/\/www.ig.cas.cz\/en\/wp-json\/wp\/v2\/tags?post=16960"}],"curies":[{"name":"wp","href":"https:\/\/api.w.org\/{rel}","templated":true}]}}