{"id":17767,"date":"2020-04-21T11:24:09","date_gmt":"2020-04-21T09:24:09","guid":{"rendered":"https:\/\/www.ig.cas.cz\/?page_id=17767"},"modified":"2021-04-22T12:06:40","modified_gmt":"2021-04-22T10:06:40","slug":"daily-seismograms","status":"publish","type":"page","link":"https:\/\/www.ig.cas.cz\/en\/daily-seismograms\/","title":{"rendered":"Daily seismograms"},"content":{"rendered":"<p>[et_pb_section fb_built=&#8221;1&#8243; _builder_version=&#8221;3.22&#8243; custom_padding=&#8221;20px|0px|58.3px|0px&#8221;][et_pb_row _builder_version=&#8221;3.25&#8243; background_size=&#8221;initial&#8221; background_position=&#8221;top_left&#8221; background_repeat=&#8221;repeat&#8221; custom_padding=&#8221;0px|0px|29.15px|0px&#8221;][et_pb_column type=&#8221;4_4&#8243; _builder_version=&#8221;3.25&#8243; custom_padding=&#8221;|||&#8221; custom_padding__hover=&#8221;|||&#8221;][et_pb_text _builder_version=&#8221;4.3.4&#8243;]<\/p>\n<p>To display basic station information and current daily seismogram, click on the station symbol. The figure is refreshed every 10 minutes (the webpage must be reloaded). A&nbsp;daily seismogram is a&nbsp;graph of vertical component of seismic recording displayed as 30-minutes-long rows beginning at midnight. The daily seismograms can be viewed up to ten days back. If the station record is unavailable, it is not necessarily due to seismic station failure, it could be due to data transfer difficulties only.<\/p>\n<p>[\/et_pb_text][\/et_pb_column][\/et_pb_row][et_pb_row _builder_version=&#8221;3.25&#8243; background_size=&#8221;initial&#8221; background_position=&#8221;top_left&#8221; background_repeat=&#8221;repeat&#8221;][et_pb_column type=&#8221;4_4&#8243; _builder_version=&#8221;3.25&#8243; custom_padding=&#8221;|||&#8221; custom_padding__hover=&#8221;|||&#8221;][et_pb_code _builder_version=&#8221;4.6.0&#8243; hover_enabled=&#8221;0&#8243; sticky_enabled=&#8221;0&#8243;]<\/p>\n<style><!-- [et_pb_line_break_holder] -->.transparent-tooltip {<!-- [et_pb_line_break_holder] -->  background: none;<!-- [et_pb_line_break_holder] -->  border:none;<!-- [et_pb_line_break_holder] -->  box-shadow: none;<!-- [et_pb_line_break_holder] -->  font-weight: bold;\t<!-- [et_pb_line_break_holder] -->}<!-- [et_pb_line_break_holder] --><\/style>\n<p><!-- [et_pb_line_break_holder] --><\/p>\n<div id=\"map\" style=\"top: 10px; left: 25px; width:50%; height:500px; float: left\"><\/div>\n<p><!-- [et_pb_line_break_holder] --><\/p>\n<div id=\"mapWB\" style=\"top: 10px; left: 75px; width:50%; height:500px\"><\/div>\n<p><!-- [et_pb_line_break_holder] --><script><!-- [et_pb_line_break_holder] --><!-- [et_pb_line_break_holder] -->var locations = [<!-- [et_pb_line_break_holder] -->  [\"Pr\u016fhonice\", 49.9883, 14.5417, \"https:\/\/www.ig.cas.cz\/en\/observatories\/czech-regional-seismic-network\/pruhonice-pru\/\", \"PRU\"],<!-- [et_pb_line_break_holder] -->  [\"Ka\u0161persk\u00e9 Hory\", 49.1309, 13.5782, \"https:\/\/www.ig.cas.cz\/en\/observatories\/czech-regional-seismic-network\/kasperske-hory-khc\/\", \"KHC\"],<!-- [et_pb_line_break_holder] -->  [\"Dobru\u0161ka\/Polom\", 50.3502, 16.3222, \"https:\/\/www.ig.cas.cz\/en\/observatories\/czech-regional-seismic-network\/dobruska-polom-dpc\/\", \"DPC\"],<!-- [et_pb_line_break_holder] -->  [\"Nov\u00fd Kostel\", 50.2331, 12.4479, \"https:\/\/www.ig.cas.cz\/en\/observatories\/czech-regional-seismic-network\/novy-kostel-nkc\/\", \"NKC\"],<!-- [et_pb_line_break_holder] -->  [\"Ostrava-Kr\u00e1sn\u00e9 Pole\", 49.8346, 18.1399, \"https:\/\/www.ig.cas.cz\/en\/observatories\/czech-regional-seismic-network\/ostrava-krasne-pole-okc\/\", \"OKC\"],<!-- [et_pb_line_break_holder] -->  [\"Pansk\u00e1 Ves\", 50.5282, 14.5689, \"https:\/\/www.ig.cas.cz\/en\/observatories\/czech-regional-seismic-network\/panska-ves-pvcc\/\", \"PVCC\"],<!-- [et_pb_line_break_holder] -->  [\"\u00dapice\", 50.50774, 16.0121, \"https:\/\/www.ig.cas.cz\/en\/observatories\/czech-regional-seismic-network\/upice-upc\/\", \"UPC\"],<!-- [et_pb_line_break_holder] -->  [\"Kr\u00e1l\u00edky\", 50.0966, 16.83412, \"https:\/\/www.ig.cas.cz\/en\/observatories\/czech-regional-seismic-network\/kraliky-krlc\/\", \"KRLC\"],<!-- [et_pb_line_break_holder] -->  [\"T\u0159e\u0161\u0165\", 49.2948, 15.4871, \"https:\/\/www.ig.cas.cz\/en\/observatories\/czech-regional-seismic-network\/trest-trec\/\", \"TREC\"],<!-- [et_pb_line_break_holder] -->  [\"Zv\u00edkov\", 49.4389, 14.1923, \"https:\/\/www.ig.cas.cz\/en\/observatories\/czech-regional-seismic-network\/zvikov-zvc\/\", \"ZVC\"],<!-- [et_pb_line_break_holder] -->  [\"Vranov\", 49.3084, 16.5933, \"https:\/\/www.ipe.muni.cz\/en\/monitoring\/stations\/overview\/vrac\", \"VRAC\"],<!-- [et_pb_line_break_holder] -->  [\"Moravsk\u00fd Beroun\", 49.7768, 17.5425, \"https:\/\/www.ipe.muni.cz\/en\/monitoring\/stations\/overview\/morc\", \"MORC\"],<!-- [et_pb_line_break_holder] -->  [\"Moravsk\u00fd Krumlov\", 49.0619, 16.3952, \"https:\/\/www.ipe.muni.cz\/en\/monitoring\/stations\/overview\/kruc\", \"KRUC\"],<!-- [et_pb_line_break_holder] -->  [\"Velk\u00e1 Javorina\", 48.8591, 17.6707, \"https:\/\/www.ipe.muni.cz\/en\/monitoring\/stations\/overview\/javc\", \"JAVC\"],<!-- [et_pb_line_break_holder] -->  [\"Praha\", 50.0703, 14.4331, \"https:\/\/www.ig.cas.cz\/en\/observatories\/czech-regional-seismic-network\/praha-pra\/\", \"PRA\"],<!-- [et_pb_line_break_holder] -->  [\"Geodetick\u00e1 observato\u0159 Pecn\u00fd\", 49.91405, 14.78699, \"https:\/\/www.ig.cas.cz\/en\/observatories\/czech-regional-seismic-network\/geodeticka-observator-pecny-gopc\/\", \"GOPC\"],<!-- [et_pb_line_break_holder] -->  [\"Osta\u0161\", 50.5565, 16.2156, \"https:\/\/www.ig.cas.cz\/en\/observatories\/czech-regional-seismic-network\/ostas-ostc\/\", \"OSTC\"],<!-- [et_pb_line_break_holder] -->  [\"Chvale\u010d\", 50.5881, 16.0547, \"https:\/\/www.ig.cas.cz\/en\/observatories\/czech-regional-seismic-network\/chvalec-chvc\/\", \"CHVC\"],<!-- [et_pb_line_break_holder] -->  [\"\u010cesk\u00fd Krumlov\", 48.81989, 14.30955, \"https:\/\/www.ig.cas.cz\/en\/observatories\/czech-regional-seismic-network\/cesky-krumlov-ckrc\/\", \"CKRC\"],<!-- [et_pb_line_break_holder] -->  [\"Hora Svat\u00e9 Kate\u0159iny\", 50.6072, 13.4317, \"https:\/\/www.ig.cas.cz\/en\/observatories\/czech-regional-seismic-network\/hora-svate-kateriny-hskc\/\", \"HSKC\"],<!-- [et_pb_line_break_holder] -->  [\"Kv\u011btn\u00e1\", 50.2059, 12.5152, \"https:\/\/www.ig.cas.cz\/en\/observatories\/local-seismic-network-webnet\/kvetna-kvc\/\", \"KVC\"],<!-- [et_pb_line_break_holder] -->  [\"Lazy\", 50.0508, 12.6250, \"https:\/\/www.ig.cas.cz\/en\/observatories\/local-seismic-network-webnet\/lazy-lac\/\", \"LACW\"],<!-- [et_pb_line_break_holder] -->  [\"Studenec\", 50.259, 12.5197, \"https:\/\/www.ig.cas.cz\/en\/observatories\/local-seismic-network-webnet\/studenec-stc\/\", \"STC\"],<!-- [et_pb_line_break_holder] -->  [\"Vackov\", 50.2354, 12.3772, \"https:\/\/www.ig.cas.cz\/en\/observatories\/local-seismic-network-webnet\/vackov-vac\/\", \"VAC\"],<!-- [et_pb_line_break_holder] -->  [\"St\u011bbo\u0159ice\", 49.9344, 17.7739, \"https:\/\/www.ig.cas.cz\/en\/observatories\/czech-regional-seismic-network\/steborice-steb\/\", \"STEB\"],<!-- [et_pb_line_break_holder] -->  [\"Richard\", 50.5401, 14.1005, \"https:\/\/www.ig.cas.cz\/en\/observatories\/czech-regional-seismic-network\/richard-ricc\/\", \"RICC\"],<!-- [et_pb_line_break_holder] -->  [\"Skalice\", 50.5678, 14.1357, \"https:\/\/www.ig.cas.cz\/en\/observatories\/czech-regional-seismic-network\/skalice-skac\/\", \"SKAC\"],<!-- [et_pb_line_break_holder] -->  [\"Anensk\u00fd vrch\", 50.0738, 17.378, \"https:\/\/www.ipe.muni.cz\/en\/monitoring\/stations\/overview\/anac\", \"ANAC\"],<!-- [et_pb_line_break_holder] -->  [\"Lipinka\", 49.8439, 17.0492, \"https:\/\/www.ipe.muni.cz\/en\/monitoring\/stations\/overview\/lipc\", \"LIPC\"],<!-- [et_pb_line_break_holder] -->  [\"Lo\u0161ov\", 49.6217, 17.3717, \"https:\/\/www.ipe.muni.cz\/en\/monitoring\/stations\/overview\/losc\", \"LOSC\"],<!-- [et_pb_line_break_holder] -->  [\"Mutkov\", 49.8002, 17.2782, \"https:\/\/www.ipe.muni.cz\/en\/monitoring\/stations\/overview\/muvc\", \"MUVC\"],<!-- [et_pb_line_break_holder] -->  [\"Maru\u0161ka\", 49.3655, 17.8278, \"https:\/\/www.ig.cas.cz\/en\/observatories\/czech-regional-seismic-network\/maruska-mauc\/\", \"MAUC\"],<!-- [et_pb_line_break_holder] -->  [\"Myslibo\u0159ice\", 49.121, 15.9501, \"https:\/\/www.ipe.muni.cz\/en\/monitoring\/stations\/overview\/mydu\", \"MYDU\"],<!-- [et_pb_line_break_holder] -->  [\"Vrchy\", 49.3038, 14.6368, \"https:\/\/www.ipe.muni.cz\/en\/monitoring\/stations\/overview\/vrch\", \"VRCH\"],<!-- [et_pb_line_break_holder] -->  [\"St\u00e1lkov\", 49.0295, 15.2996, \"https:\/\/www.ipe.muni.cz\/en\/monitoring\/stations\/overview\/stac\", \"STAC\"],<!-- [et_pb_line_break_holder] -->  [\"P\u0159imda\", 49.6693, 12.6782, \"https:\/\/www.ig.cas.cz\/en\/observatories\/czech-regional-seismic-network\/primda-pric\/\", \"PRIC\"]<!-- [et_pb_line_break_holder] -->];<!-- [et_pb_line_break_holder] --><!-- [et_pb_line_break_holder] -->var locationsWB = [<!-- [et_pb_line_break_holder] -->  [\"Horka\", 50.18598, 12.49105, \"https:\/\/www.ig.cas.cz\/en\/observatories\/local-seismic-network-webnet\/horka-horc\/\", \"HORC\"],<!-- [et_pb_line_break_holder] -->  [\"Komorn\u00ed H\u016frka\", 50.09997, 12.33612, \"https:\/\/www.ig.cas.cz\/en\/observatories\/local-seismic-network-webnet\/komorni-hurka-huc\/\", \"HUC\"],<!-- [et_pb_line_break_holder] -->  [\"Kopaniny\", 50.2652, 12.2336, \"https:\/\/www.ig.cas.cz\/en\/observatories\/local-seismic-network-webnet\/kopaniny-koc\/\", \"KOC\"],<!-- [et_pb_line_break_holder] -->  [\"Kraslice\", 50.3316, 12.530, \"https:\/\/www.ig.cas.cz\/en\/observatories\/local-seismic-network-webnet\/kraslice-krc\/\", \"KRC\"],<!-- [et_pb_line_break_holder] -->  [\"Kv\u011btn\u00e1\", 50.2059, 12.5152, \"https:\/\/www.ig.cas.cz\/en\/observatories\/local-seismic-network-webnet\/kvetna-kvc\/\", \"KVC\"],<!-- [et_pb_line_break_holder] -->  [\"Lazy\", 50.0508, 12.6250, \"https:\/\/www.ig.cas.cz\/en\/observatories\/local-seismic-network-webnet\/lazy-lac\/\", \"LAC\"],<!-- [et_pb_line_break_holder] -->  [\"Luby\", 50.2655, 12.4123, \"https:\/\/www.ig.cas.cz\/en\/observatories\/local-seismic-network-webnet\/luby-lbc\/\", \"LBC\"],<!-- [et_pb_line_break_holder] -->  [\"Chlum sv. Ma\u0159\u00ed\", 50.144298, 12.535176, \"https:\/\/www.ig.cas.cz\/en\/observatories\/local-seismic-network-webnet\/chlum-mac\/\", \"MAC\"],<!-- [et_pb_line_break_holder] -->  [\"Nov\u00fd Kostel\", 50.2331, 12.4480, \"https:\/\/www.ig.cas.cz\/en\/observatories\/local-seismic-network-webnet\/kostel-nkc\/\", \"NKC\"],<!-- [et_pb_line_break_holder] -->  [\"Po\u010d\u00e1tky\", 50.32, 12.427, \"https:\/\/www.ig.cas.cz\/en\/observatories\/local-seismic-network-webnet\/pocatky-poc\/\", \"POC\"],<!-- [et_pb_line_break_holder] -->  [\"Skaln\u00e1\", 50.17, 12.361, \"https:\/\/www.ig.cas.cz\/en\/observatories\/local-seismic-network-webnet\/skalna-skc\/\", \"SKC\"],<!-- [et_pb_line_break_holder] -->  [\"Studenec\", 50.259, 12.5197, \"https:\/\/www.ig.cas.cz\/en\/observatories\/local-seismic-network-webnet\/studenec-stc\/\", \"STC\"],<!-- [et_pb_line_break_holder] -->  [\"Trojmez\u00ed\", 50.3032, 12.1448, \"https:\/\/www.ig.cas.cz\/en\/observatories\/local-seismic-network-webnet\/trojmezi-trc\/\", \"TRC\"],<!-- [et_pb_line_break_holder] -->  [\"Vackov\", 50.2354, 12.3772, \"https:\/\/www.ig.cas.cz\/en\/observatories\/local-seismic-network-webnet\/vackov-vac\/\", \"VAC\"],<!-- [et_pb_line_break_holder] -->  [\"Zelen\u00e1 Hora\", 50.0706, 12.3087, \"https:\/\/www.ig.cas.cz\/en\/observatories\/local-seismic-network-webnet\/zelena-zhc\/\", \"ZHC\"],<!-- [et_pb_line_break_holder] -->  [\"Bublava\", 50.3817, 12.5136, \"https:\/\/www.ig.cas.cz\/en\/observatories\/local-seismic-network-webnet\/bublava-bubd\/\", \"BUBD\"],<!-- [et_pb_line_break_holder] -->  [\"Horn\u00ed Paseky\", 50.2238, 12.2655, \"https:\/\/www.ig.cas.cz\/en\/observatories\/local-seismic-network-webnet\/paseky-hopd\/\", \"HOPD\"],<!-- [et_pb_line_break_holder] -->  [\"Josefov\", 50.2115, 12.5848, \"https:\/\/www.ig.cas.cz\/en\/observatories\/local-seismic-network-webnet\/josefov-joc\/\", \"JOC\"],<!-- [et_pb_line_break_holder] -->  [\"Poln\u00e1\", 50.156, 12.235, \"https:\/\/www.ig.cas.cz\/en\/observatories\/local-seismic-network-webnet\/polna-pold\/\", \"POLD\"],<!-- [et_pb_line_break_holder] -->  [\"Lou\u010dn\u00e1\", 50.2775, 12.5745, \"https:\/\/www.ig.cas.cz\/en\/observatories\/local-seismic-network-webnet\/loucna-loud\/\", \"LOUD\"],<!-- [et_pb_line_break_holder] -->  [\"Kopanina\", 50.2032, 12.4747, \"https:\/\/www.ig.cas.cz\/en\/observatories\/local-seismic-network-webnet\/kopanina-kopd\/\", \"KOPD\"]<!-- [et_pb_line_break_holder] -->];<!-- [et_pb_line_break_holder] --><!-- [et_pb_line_break_holder] -->\tvar map = L.map('map').setView([50, 15], 7);<!-- [et_pb_line_break_holder] -->\tmapLink = '<a href=\"http:\/\/openstreetmap.org\">OpenStreetMap<\/a>';<!-- [et_pb_line_break_holder] -->\tL.tileLayer(<!-- [et_pb_line_break_holder] --><!-- [et_pb_line_break_holder] -->\t\t'http:\/\/{s}.tile.openstreetmap.org\/{z}\/{x}\/{y}.png', {<!-- [et_pb_line_break_holder] -->\t\tmaxZoom: 18,<!-- [et_pb_line_break_holder] -->\t\tattribution: '\u00a9 ' + mapLink + ' Contributors',\t<!-- [et_pb_line_break_holder] -->\t}).addTo(map);<!-- [et_pb_line_break_holder] --><!-- [et_pb_line_break_holder] -->var mapWB = L.map('mapWB').setView([50.21, 12.38], 10);<!-- [et_pb_line_break_holder] -->\tmapLink = '<a href=\"http:\/\/openstreetmap.org\">OpenStreetMap<\/a>';<!-- [et_pb_line_break_holder] -->\tL.tileLayer(<!-- [et_pb_line_break_holder] --><!-- [et_pb_line_break_holder] -->\t\t'http:\/\/{s}.tile.openstreetmap.org\/{z}\/{x}\/{y}.png', {<!-- [et_pb_line_break_holder] -->\t\tmaxZoom: 18,<!-- [et_pb_line_break_holder] -->\t\tattribution: '\u00a9 ' + mapLink + ' Contributors',\t<!-- [et_pb_line_break_holder] -->\t}).addTo(mapWB);<!-- [et_pb_line_break_holder] --><!-- [et_pb_line_break_holder] -->var greenIcon = L.icon({ \/\/add this new icon<!-- [et_pb_line_break_holder] -->                iconUrl: '\/wp-content\/uploads\/2021\/02\/stat2.png',<!-- [et_pb_line_break_holder] -->                iconSize:     [25, 25], \/\/ size of the icon<!-- [et_pb_line_break_holder] -->            });\t<!-- [et_pb_line_break_holder] --><!-- [et_pb_line_break_holder] -->var WBIcon = L.icon({ \/\/add this new icon<!-- [et_pb_line_break_holder] -->                iconUrl: '\/wp-content\/uploads\/2021\/02\/stat3.png',<!-- [et_pb_line_break_holder] -->                iconSize:     [25, 25], \/\/ size of the icon<!-- [et_pb_line_break_holder] -->            });\t<!-- [et_pb_line_break_holder] -->  <!-- [et_pb_line_break_holder] -->L.control.scale().addTo(map);<!-- [et_pb_line_break_holder] -->L.control.scale().addTo(mapWB);<!-- [et_pb_line_break_holder] --><!-- [et_pb_line_break_holder] -->for (var i = 0; i < locations.length; i++) {<!-- [et_pb_line_break_holder] --> var marker = new L.marker([locations[i][1], locations[i][2]], {<!-- [et_pb_line_break_holder] -->                win_url: locations[i][3],<!-- [et_pb_line_break_holder] -->\t\ttitle: locations[i][0],<!-- [et_pb_line_break_holder] -->\t\ticon: greenIcon,<!-- [et_pb_line_break_holder] -->            }); <!-- [et_pb_line_break_holder] --><!-- [et_pb_line_break_holder] -->marker.bindTooltip(locations[i][4], { permanent: true, offset: [0, 1], direction: 'bottom', className: 'transparent-tooltip' });\t<!-- [et_pb_line_break_holder] -->    marker.addTo(map);<!-- [et_pb_line_break_holder] --><!-- [et_pb_line_break_holder] -->marker.on('click', function() {<!-- [et_pb_line_break_holder] -->                window.location = (this.options.win_url);<!-- [et_pb_line_break_holder] -->                });  <!-- [et_pb_line_break_holder] -->}<!-- [et_pb_line_break_holder] --><!-- [et_pb_line_break_holder] -->for (var r = 0; r < locationsWB.length; r++) {<!-- [et_pb_line_break_holder] --> var markerWB = new L.marker([locationsWB[r][1], locationsWB[r][2]], {<!-- [et_pb_line_break_holder] -->                win_url: locationsWB[r][3],<!-- [et_pb_line_break_holder] -->\t\ttitle: locationsWB[r][0],<!-- [et_pb_line_break_holder] -->\t\ticon: WBIcon,<!-- [et_pb_line_break_holder] -->            }); <!-- [et_pb_line_break_holder] --><!-- [et_pb_line_break_holder] -->markerWB.bindTooltip(locationsWB[r][4], { permanent: true, offset: [0, 1], direction: 'bottom', className: 'transparent-tooltip' });\t<!-- [et_pb_line_break_holder] -->    markerWB.addTo(mapWB);<!-- [et_pb_line_break_holder] --><!-- [et_pb_line_break_holder] -->markerWB.on('click', function() {<!-- [et_pb_line_break_holder] -->                window.location = (this.options.win_url);<!-- [et_pb_line_break_holder] -->                });  <!-- [et_pb_line_break_holder] -->}<!-- [et_pb_line_break_holder] --><!-- [et_pb_line_break_holder] --><\/script><!-- [et_pb_line_break_holder] -->[\/et_pb_code][\/et_pb_column][\/et_pb_row][\/et_pb_section]<\/p>\n","protected":false},"excerpt":{"rendered":"<p>To display basic station information and current daily seismogram, click on the station symbol. The figure is refreshed every 10 minutes (the webpage must be reloaded). A&nbsp;daily seismogram is a&nbsp;graph of vertical component of seismic recording displayed as 30-minutes-long rows beginning at midnight. The daily seismograms can be viewed up to ten days [&hellip;]<\/p>\n","protected":false},"author":9,"featured_media":13066,"parent":0,"menu_order":0,"comment_status":"closed","ping_status":"closed","template":"","meta":{"_et_pb_use_builder":"on","_et_pb_old_content":"","_et_gb_content_width":"","footnotes":""},"categories":[],"tags":[],"class_list":["post-17767","page","type-page","status-publish","has-post-thumbnail","hentry"],"yoast_head":"<!-- This site is optimized with the Yoast SEO plugin v25.9 - https:\/\/yoast.com\/wordpress\/plugins\/seo\/ -->\n<title>Daily seismograms - Geofyzik\u00e1ln\u00ed \u00fastav Akademie v\u011bd \u010cR, v.v.i.<\/title>\n<meta name=\"robots\" content=\"index, follow, max-snippet:-1, max-image-preview:large, max-video-preview:-1\" \/>\n<link rel=\"canonical\" href=\"https:\/\/www.ig.cas.cz\/en\/daily-seismograms\/\" \/>\n<meta property=\"og:locale\" content=\"en_US\" \/>\n<meta property=\"og:type\" content=\"article\" \/>\n<meta property=\"og:title\" content=\"Daily seismograms - Geofyzik\u00e1ln\u00ed \u00fastav Akademie v\u011bd \u010cR, v.v.i.\" \/>\n<meta property=\"og:description\" content=\"To display basic station information and current daily seismogram, click on the station symbol. The figure is refreshed every 10 minutes (the webpage must be reloaded). A daily seismogram is a graph of vertical component of seismic recording displayed as 30-minutes-long rows beginning at midnight. The daily seismograms can be viewed up to ten days [&hellip;]\" \/>\n<meta property=\"og:url\" content=\"https:\/\/www.ig.cas.cz\/en\/daily-seismograms\/\" \/>\n<meta property=\"og:site_name\" content=\"Dom\u016f\" \/>\n<meta property=\"article:publisher\" content=\"https:\/\/www.facebook.com\/GFUAVCR\/\" \/>\n<meta property=\"article:modified_time\" content=\"2021-04-22T10:06:40+00:00\" \/>\n<meta property=\"og:image\" content=\"https:\/\/www.ig.cas.cz\/wp-content\/uploads\/2018\/01\/seismogram_header.jpg\" \/>\n\t<meta property=\"og:image:width\" content=\"2500\" \/>\n\t<meta property=\"og:image:height\" content=\"260\" \/>\n\t<meta property=\"og:image:type\" content=\"image\/jpeg\" \/>\n<meta name=\"twitter:card\" content=\"summary_large_image\" \/>\n<meta name=\"twitter:label1\" content=\"Est. reading time\" \/>\n\t<meta name=\"twitter:data1\" content=\"1 minute\" \/>\n<script type=\"application\/ld+json\" class=\"yoast-schema-graph\">{\"@context\":\"https:\/\/schema.org\",\"@graph\":[{\"@type\":\"WebPage\",\"@id\":\"https:\/\/www.ig.cas.cz\/en\/daily-seismograms\/\",\"url\":\"https:\/\/www.ig.cas.cz\/en\/daily-seismograms\/\",\"name\":\"Daily seismograms - Geofyzik\u00e1ln\u00ed \u00fastav Akademie v\u011bd \u010cR, v.v.i.\",\"isPartOf\":{\"@id\":\"https:\/\/www.ig.cas.cz\/#website\"},\"primaryImageOfPage\":{\"@id\":\"https:\/\/www.ig.cas.cz\/en\/daily-seismograms\/#primaryimage\"},\"image\":{\"@id\":\"https:\/\/www.ig.cas.cz\/en\/daily-seismograms\/#primaryimage\"},\"thumbnailUrl\":\"https:\/\/www.ig.cas.cz\/wp-content\/uploads\/2018\/01\/seismogram_header.jpg\",\"datePublished\":\"2020-04-21T09:24:09+00:00\",\"dateModified\":\"2021-04-22T10:06:40+00:00\",\"breadcrumb\":{\"@id\":\"https:\/\/www.ig.cas.cz\/en\/daily-seismograms\/#breadcrumb\"},\"inLanguage\":\"en-US\",\"potentialAction\":[{\"@type\":\"ReadAction\",\"target\":[\"https:\/\/www.ig.cas.cz\/en\/daily-seismograms\/\"]}]},{\"@type\":\"ImageObject\",\"inLanguage\":\"en-US\",\"@id\":\"https:\/\/www.ig.cas.cz\/en\/daily-seismograms\/#primaryimage\",\"url\":\"https:\/\/www.ig.cas.cz\/wp-content\/uploads\/2018\/01\/seismogram_header.jpg\",\"contentUrl\":\"https:\/\/www.ig.cas.cz\/wp-content\/uploads\/2018\/01\/seismogram_header.jpg\",\"width\":2500,\"height\":260,\"caption\":\"Joe Parks from Berkeley, CA, Creative Commons Uve\u010fte autora 2.0 Generic\"},{\"@type\":\"BreadcrumbList\",\"@id\":\"https:\/\/www.ig.cas.cz\/en\/daily-seismograms\/#breadcrumb\",\"itemListElement\":[{\"@type\":\"ListItem\",\"position\":1,\"name\":\"Dom\u016f\",\"item\":\"https:\/\/www.ig.cas.cz\/en\/\"},{\"@type\":\"ListItem\",\"position\":2,\"name\":\"Daily seismograms\"}]},{\"@type\":\"WebSite\",\"@id\":\"https:\/\/www.ig.cas.cz\/#website\",\"url\":\"https:\/\/www.ig.cas.cz\/\",\"name\":\"Dom\u016f\",\"description\":\"Geofyzik\u00e1ln\u00ed \u00fastav Akademie v\u011bd \u010cR, v.v.i.\",\"potentialAction\":[{\"@type\":\"SearchAction\",\"target\":{\"@type\":\"EntryPoint\",\"urlTemplate\":\"https:\/\/www.ig.cas.cz\/?s={search_term_string}\"},\"query-input\":{\"@type\":\"PropertyValueSpecification\",\"valueRequired\":true,\"valueName\":\"search_term_string\"}}],\"inLanguage\":\"en-US\"}]}<\/script>\n<!-- \/ Yoast SEO plugin. -->","yoast_head_json":{"title":"Daily seismograms - Geofyzik\u00e1ln\u00ed \u00fastav Akademie v\u011bd \u010cR, v.v.i.","robots":{"index":"index","follow":"follow","max-snippet":"max-snippet:-1","max-image-preview":"max-image-preview:large","max-video-preview":"max-video-preview:-1"},"canonical":"https:\/\/www.ig.cas.cz\/en\/daily-seismograms\/","og_locale":"en_US","og_type":"article","og_title":"Daily seismograms - Geofyzik\u00e1ln\u00ed \u00fastav Akademie v\u011bd \u010cR, v.v.i.","og_description":"To display basic station information and current daily seismogram, click on the station symbol. The figure is refreshed every 10 minutes (the webpage must be reloaded). A daily seismogram is a graph of vertical component of seismic recording displayed as 30-minutes-long rows beginning at midnight. The daily seismograms can be viewed up to ten days [&hellip;]","og_url":"https:\/\/www.ig.cas.cz\/en\/daily-seismograms\/","og_site_name":"Dom\u016f","article_publisher":"https:\/\/www.facebook.com\/GFUAVCR\/","article_modified_time":"2021-04-22T10:06:40+00:00","og_image":[{"width":2500,"height":260,"url":"https:\/\/www.ig.cas.cz\/wp-content\/uploads\/2018\/01\/seismogram_header.jpg","type":"image\/jpeg"}],"twitter_card":"summary_large_image","twitter_misc":{"Est. reading time":"1 minute"},"schema":{"@context":"https:\/\/schema.org","@graph":[{"@type":"WebPage","@id":"https:\/\/www.ig.cas.cz\/en\/daily-seismograms\/","url":"https:\/\/www.ig.cas.cz\/en\/daily-seismograms\/","name":"Daily seismograms - Geofyzik\u00e1ln\u00ed \u00fastav Akademie v\u011bd \u010cR, v.v.i.","isPartOf":{"@id":"https:\/\/www.ig.cas.cz\/#website"},"primaryImageOfPage":{"@id":"https:\/\/www.ig.cas.cz\/en\/daily-seismograms\/#primaryimage"},"image":{"@id":"https:\/\/www.ig.cas.cz\/en\/daily-seismograms\/#primaryimage"},"thumbnailUrl":"https:\/\/www.ig.cas.cz\/wp-content\/uploads\/2018\/01\/seismogram_header.jpg","datePublished":"2020-04-21T09:24:09+00:00","dateModified":"2021-04-22T10:06:40+00:00","breadcrumb":{"@id":"https:\/\/www.ig.cas.cz\/en\/daily-seismograms\/#breadcrumb"},"inLanguage":"en-US","potentialAction":[{"@type":"ReadAction","target":["https:\/\/www.ig.cas.cz\/en\/daily-seismograms\/"]}]},{"@type":"ImageObject","inLanguage":"en-US","@id":"https:\/\/www.ig.cas.cz\/en\/daily-seismograms\/#primaryimage","url":"https:\/\/www.ig.cas.cz\/wp-content\/uploads\/2018\/01\/seismogram_header.jpg","contentUrl":"https:\/\/www.ig.cas.cz\/wp-content\/uploads\/2018\/01\/seismogram_header.jpg","width":2500,"height":260,"caption":"Joe Parks from Berkeley, CA, Creative Commons Uve\u010fte autora 2.0 Generic"},{"@type":"BreadcrumbList","@id":"https:\/\/www.ig.cas.cz\/en\/daily-seismograms\/#breadcrumb","itemListElement":[{"@type":"ListItem","position":1,"name":"Dom\u016f","item":"https:\/\/www.ig.cas.cz\/en\/"},{"@type":"ListItem","position":2,"name":"Daily seismograms"}]},{"@type":"WebSite","@id":"https:\/\/www.ig.cas.cz\/#website","url":"https:\/\/www.ig.cas.cz\/","name":"Dom\u016f","description":"Geofyzik\u00e1ln\u00ed \u00fastav Akademie v\u011bd \u010cR, v.v.i.","potentialAction":[{"@type":"SearchAction","target":{"@type":"EntryPoint","urlTemplate":"https:\/\/www.ig.cas.cz\/?s={search_term_string}"},"query-input":{"@type":"PropertyValueSpecification","valueRequired":true,"valueName":"search_term_string"}}],"inLanguage":"en-US"}]}},"_links":{"self":[{"href":"https:\/\/www.ig.cas.cz\/en\/wp-json\/wp\/v2\/pages\/17767","targetHints":{"allow":["GET"]}}],"collection":[{"href":"https:\/\/www.ig.cas.cz\/en\/wp-json\/wp\/v2\/pages"}],"about":[{"href":"https:\/\/www.ig.cas.cz\/en\/wp-json\/wp\/v2\/types\/page"}],"author":[{"embeddable":true,"href":"https:\/\/www.ig.cas.cz\/en\/wp-json\/wp\/v2\/users\/9"}],"replies":[{"embeddable":true,"href":"https:\/\/www.ig.cas.cz\/en\/wp-json\/wp\/v2\/comments?post=17767"}],"version-history":[{"count":0,"href":"https:\/\/www.ig.cas.cz\/en\/wp-json\/wp\/v2\/pages\/17767\/revisions"}],"wp:featuredmedia":[{"embeddable":true,"href":"https:\/\/www.ig.cas.cz\/en\/wp-json\/wp\/v2\/media\/13066"}],"wp:attachment":[{"href":"https:\/\/www.ig.cas.cz\/en\/wp-json\/wp\/v2\/media?parent=17767"}],"wp:term":[{"taxonomy":"category","embeddable":true,"href":"https:\/\/www.ig.cas.cz\/en\/wp-json\/wp\/v2\/categories?post=17767"},{"taxonomy":"post_tag","embeddable":true,"href":"https:\/\/www.ig.cas.cz\/en\/wp-json\/wp\/v2\/tags?post=17767"}],"curies":[{"name":"wp","href":"https:\/\/api.w.org\/{rel}","templated":true}]}}