{"id":17869,"date":"2020-05-13T08:14:24","date_gmt":"2020-05-13T06:14:24","guid":{"rendered":"https:\/\/www.ig.cas.cz\/?page_id=17869"},"modified":"2024-01-08T14:48:58","modified_gmt":"2024-01-08T13:48:58","slug":"graham-hill","status":"publish","type":"page","link":"https:\/\/www.ig.cas.cz\/en\/contact\/staff\/graham-hill\/","title":{"rendered":"Graham Hill"},"content":{"rendered":"<p>[et_pb_section fb_built=&#8221;1&#8243; _builder_version=&#8221;4.16&#8243; custom_padding=&#8221;0px|0px|0px|0px&#8221; global_colors_info=&#8221;{}&#8221;][et_pb_row column_structure=&#8221;2_3,1_3&#8243; _builder_version=&#8221;4.16&#8243; background_size=&#8221;initial&#8221; background_position=&#8221;top_left&#8221; background_repeat=&#8221;repeat&#8221; custom_padding=&#8221;15px|0px|0px|0px&#8221; global_colors_info=&#8221;{}&#8221;][et_pb_column type=&#8221;2_3&#8243; _builder_version=&#8221;4.16&#8243; custom_padding=&#8221;|||&#8221; global_colors_info=&#8221;{}&#8221; custom_padding__hover=&#8221;|||&#8221;][et_pb_text _builder_version=&#8221;4.23.1&#8243; hover_enabled=&#8221;0&#8243; global_colors_info=&#8221;{}&#8221; sticky_enabled=&#8221;0&#8243;]<\/p>\n<p>Dr <strong>Graham Hill<\/strong> is a&nbsp;senior research scientist and leads the electromagnetics research group at the Institute of Geophysics, Czech Academy of Sciences. His research focus is electromagnetic induction theory and practice, inverse theory, the relationship of resistivity structure to physico-chemical conditions of the Earth, global tectonism, volcanism and magmatic systems, geothermal systems development, and ore deposits. Hill completed pioneering work in the application of the magnetotelluric (MT) method to magmatic studies, and the need to consider magmatic systems within a&nbsp;tectonic framework. With co-workers at the University of Utah Graham has led the application of large scale MT studies to investigate active processes of the Antarctic continent; investigating extensional orogenic uplift, thermal and hydration state of the deep crust and upper mantle, and volcanogenic transport processes. Current research focus: the development and application of temporal MT observations for monitoring efforts (e.g. volcano, geothermal, and slow-slip earthquakes); generation of andesite melts and high density volcanic centres (Katmai Group, Alaska \u2013 USA); and alkalic volcanic systems (Mount Erebus, Antarctica). Graham is an awardee of the New Zealand Geophysics Prize, Antarctic Science Medal, and is currently a&nbsp;Lumina Quaeruntur Fellow.<\/p>\n<p>[\/et_pb_text][\/et_pb_column][et_pb_column type=&#8221;1_3&#8243; _builder_version=&#8221;4.16&#8243; custom_padding=&#8221;|||&#8221; global_colors_info=&#8221;{}&#8221; custom_padding__hover=&#8221;|||&#8221;][et_pb_image src=&#8221;https:\/\/www.ig.cas.cz\/wp-content\/uploads\/2020\/05\/hill.jpg&#8221; align=&#8221;center&#8221; align_tablet=&#8221;center&#8221; align_phone=&#8221;&#8221; align_last_edited=&#8221;on|desktop&#8221; _builder_version=&#8221;4.16&#8243; max_width=&#8221;88%&#8221; global_colors_info=&#8221;{}&#8221;]&nbsp;<br \/>\n[\/et_pb_image][et_pb_text _builder_version=&#8221;4.23.1&#8243; hover_enabled=&#8221;0&#8243; global_colors_info=&#8221;{}&#8221; sticky_enabled=&#8221;0&#8243;]<\/p>\n<h3 style=\"text-align: center;\"><strong>Graham Hill, <\/strong>Ph.D.<\/h3>\n<p style=\"text-align: center;\">senior researcher<br \/><a href=\"https:\/\/www.ig.cas.cz\/en\/research\/teams\/volcanic-and-magmatic-processes\/\" target=\"_blank\" rel=\"noopener\">Volcanic and Magmatic Processes<\/a><br \/><a href=\"mailto:gjhill@ig.cas.cz\">gjhill@ig.cas.cz<\/a><br \/>+420&nbsp;267&nbsp;103&nbsp;067<br \/>office 126<br \/><a style=\"font-size: 16px; vertical-align: top;\" href=\"https:\/\/orcid.org\/0000-0003-0058-3173\" target=\"_blank\" rel=\"noopener noreferrer\"><img decoding=\"async\" style=\"width: 1em; margin-right: .5em;\" src=\"https:\/\/orcid.org\/sites\/default\/files\/images\/orcid_16x16.png\" alt=\"ORCID iD icon\" \/>ORCID<\/a><\/p>\n<p>[\/et_pb_text][\/et_pb_column][\/et_pb_row][et_pb_row _builder_version=&#8221;4.16&#8243; custom_padding=&#8221;0px|0px|28.95px|0px&#8221; global_colors_info=&#8221;{}&#8221;][et_pb_column type=&#8221;4_4&#8243; _builder_version=&#8221;4.16&#8243; custom_padding=&#8221;|||&#8221; global_colors_info=&#8221;{}&#8221; custom_padding__hover=&#8221;|||&#8221;][et_pb_text _builder_version=&#8221;4.16&#8243; global_colors_info=&#8221;{}&#8221;]<\/p>\n<h3><strong>Example of Significant Publications:<\/strong><\/h3>\n<ul>\n<li><u>Hill, G.J.<\/u>, Bibby, H.M., Peacock, J., Wallin, E.L., Ogawa, Y., Caricchi, L., Keys, H., Bennie, S.L., Avram, Y. \u201cTemporal magnetotellurics reveals mechanics of the 2012 Mount Tongariro, NZ eruption\u201d \u2013 <em>Geophysical Research Letters, DOI<\/em><em>:\u00a010.1029\/2019GL086429 (2020)<\/em><\/li>\n<li><u>Hill, G.J.<\/u> \u201cOn the use of Electromagnetics in Earth Imaging of the Polar Regions\u201d \u2013 <em>Surveys in Geophysics, 41, pp. 5-45 invited review<\/em> <em>DOI: 10.1007\/s10712-019-09570-8 (2020)<\/em><\/li>\n<li>Bedrosian, P.A., Peacock, J., Bowles-Martinez, E., Schultz, A. <u>Hill, G.J.<\/u>, \u201cCrustal inheritance and top-down control on arc magmatism: Mount St. Helens in focus\u201d &#8211; <em>Nature Geoscience <strong>11<\/strong>,\u00a0pp. 865\u2013870\u00a0(2018)<\/em><\/li>\n<li>Wannamaker, P.E., <u>Hill, G.J.<\/u>, Stodt, J.A., Maris V., Ogawa, Y., Selway, K., Boren, G., Bertrand, E., Uhlmann, D. F., Ayling, B., Green, A.M., Feucht, D. \u201cUplift of the Central Transantarctic Mountains\u201d \u2013<em> Nature Communications DOI: 10.1038\/s41467-017-01577-2 (2017)<\/em><\/li>\n<li>Kordy, M., Wannamaker, P.E., Maris V., Cherkaev, E., <u>Hill, G.J.<\/u> \u201cThree-dimensional magnetotelluric inversion including topography using deformed hexahedral edge finite elements and direct solvers parallelized on SMP computers, Part I: Forward problem and parameter Jacobians\u201d \u2013 <em>Geophysical Journal International DOI: 10.1093\/gji\/ggv410 (2016)<\/em><\/li>\n<li>Kordy, M., Wannamaker, P.E., Maris V., Cherkaev, E., <u>Hill, G.J.<\/u> \u201cThree-dimensional magnetotelluric inversion including topography using deformed hexahedral edge finite elements and direct solvers parallelized on SMP computers, Part II: Direct data-space inverse solution\u201d \u2013<em> Geophysical Journal International DOI: 10.1093\/gji\/ggv411 (2016)<\/em><\/li>\n<li><u>Hill, G.J.<\/u>, Bibby, H.M., Ogawa, Y., Wallin, E.L., Bennie, S.L., Caldwell, T.G., Keys, H., Bertrand, E.A., Heise, W. \u201cStructure of the Tongariro Volcanic System: Insights from Magnetotelluric Imaging\u201d \u2013 <em>Earth and Planetary Science Letters\u00a0DOI: 10.1016\/j.epsl.2015.10.003 (2015)<\/em><\/li>\n<li>Heise, W., Caldwell, T.G., <u>Hill, G.J.<\/u>, Bennie, S.L., Wallin, E., Bertrand E.A. \u201cMagnetotelluric Imaging of Fluid Processes at the Subduction Interface of the Hikurangi Margin, New Zealand\u201d \u2013 <em>Geophysical Research Letters, <\/em><em>Volume: <\/em><em>39,<\/em><em> Article Number<strong>: <\/strong>L04308,DOI:1029\/2011GL050150 (2012)<\/em><\/li>\n<li><u>Hill, G.J.<\/u>, Caldwell, T.G., Heise, W., Bibby, H.M., Chertkoff, D.G., Burgess, M.K., Cull, J.P., Cas, R.A.F. \u201cDistribution of melt beneath Mount St. Helens and Mount Adams inferred from magnetotelluric data\u201d \u2013 Cover Article. <em>Nature Geoscience\u00a02, 785\u2013789, doi.org\/10.1038\/ngeo661 (2009)<\/em><\/li>\n<li>Wannamaker, P.E., Caldwell, T.G., Jiracek, G.R., Maris, V., <u>Hill, G.J.<\/u>, Ogawa, Y., Bibby, H.M., Bennie, S.L., Heise, W. \u201cFluid and deformation regime of an advancing subduction system at Marlborough, New Zealand\u201d \u2013 <em>Nature\u00a0460,\u00a0733\u2013736, doi:10.1038\/nature08204 (2009)<\/em><\/li>\n<\/ul>\n<p>[\/et_pb_text][\/et_pb_column][\/et_pb_row][\/et_pb_section]<\/p>\n","protected":false},"excerpt":{"rendered":"<p>Dr Graham Hill is a&nbsp;senior research scientist and leads the electromagnetics research group at the Institute of Geophysics, Czech Academy of Sciences. His research focus is electromagnetic induction theory and practice, inverse theory, the relationship of resistivity structure to physico-chemical conditions of the Earth, global tectonism, volcanism and magmatic systems, geothermal systems development, and [&hellip;]<\/p>\n","protected":false},"author":7,"featured_media":12002,"parent":416,"menu_order":0,"comment_status":"closed","ping_status":"closed","template":"","meta":{"_et_pb_use_builder":"on","_et_pb_old_content":"","_et_gb_content_width":"","footnotes":""},"categories":[],"tags":[127],"class_list":["post-17869","page","type-page","status-publish","has-post-thumbnail","hentry","tag-people-en"],"yoast_head":"<!-- This site is optimized with the Yoast SEO plugin v25.9 - https:\/\/yoast.com\/wordpress\/plugins\/seo\/ -->\n<title>Graham Hill - Geofyzik\u00e1ln\u00ed \u00fastav Akademie v\u011bd \u010cR, v.v.i.<\/title>\n<meta name=\"robots\" content=\"index, follow, max-snippet:-1, max-image-preview:large, max-video-preview:-1\" \/>\n<link rel=\"canonical\" href=\"https:\/\/www.ig.cas.cz\/en\/contact\/staff\/graham-hill\/\" \/>\n<meta property=\"og:locale\" content=\"en_US\" \/>\n<meta property=\"og:type\" content=\"article\" \/>\n<meta property=\"og:title\" content=\"Graham Hill - Geofyzik\u00e1ln\u00ed \u00fastav Akademie v\u011bd \u010cR, v.v.i.\" \/>\n<meta property=\"og:description\" content=\"Dr Graham Hill is a senior research scientist and leads the electromagnetics research group at the Institute of Geophysics, Czech Academy of Sciences. His research focus is electromagnetic induction theory and practice, inverse theory, the relationship of resistivity structure to physico-chemical conditions of the Earth, global tectonism, volcanism and magmatic systems, geothermal systems development, and [&hellip;]\" \/>\n<meta property=\"og:url\" content=\"https:\/\/www.ig.cas.cz\/en\/contact\/staff\/graham-hill\/\" \/>\n<meta property=\"og:site_name\" content=\"Dom\u016f\" \/>\n<meta property=\"article:publisher\" content=\"https:\/\/www.facebook.com\/GFUAVCR\/\" \/>\n<meta property=\"article:modified_time\" content=\"2024-01-08T13:48:58+00:00\" \/>\n<meta property=\"og:image\" content=\"https:\/\/www.ig.cas.cz\/wp-content\/uploads\/2018\/01\/mapa_geologicka.jpg\" \/>\n\t<meta property=\"og:image:width\" content=\"2500\" \/>\n\t<meta property=\"og:image:height\" content=\"260\" \/>\n\t<meta property=\"og:image:type\" content=\"image\/jpeg\" \/>\n<meta name=\"twitter:card\" content=\"summary_large_image\" \/>\n<meta name=\"twitter:label1\" content=\"Est. reading time\" \/>\n\t<meta name=\"twitter:data1\" content=\"4 minutes\" \/>\n<script type=\"application\/ld+json\" class=\"yoast-schema-graph\">{\"@context\":\"https:\/\/schema.org\",\"@graph\":[{\"@type\":\"WebPage\",\"@id\":\"https:\/\/www.ig.cas.cz\/en\/contact\/staff\/graham-hill\/\",\"url\":\"https:\/\/www.ig.cas.cz\/en\/contact\/staff\/graham-hill\/\",\"name\":\"Graham Hill - Geofyzik\u00e1ln\u00ed \u00fastav Akademie v\u011bd \u010cR, v.v.i.\",\"isPartOf\":{\"@id\":\"https:\/\/www.ig.cas.cz\/#website\"},\"primaryImageOfPage\":{\"@id\":\"https:\/\/www.ig.cas.cz\/en\/contact\/staff\/graham-hill\/#primaryimage\"},\"image\":{\"@id\":\"https:\/\/www.ig.cas.cz\/en\/contact\/staff\/graham-hill\/#primaryimage\"},\"thumbnailUrl\":\"https:\/\/www.ig.cas.cz\/wp-content\/uploads\/2018\/01\/mapa_geologicka.jpg\",\"datePublished\":\"2020-05-13T06:14:24+00:00\",\"dateModified\":\"2024-01-08T13:48:58+00:00\",\"breadcrumb\":{\"@id\":\"https:\/\/www.ig.cas.cz\/en\/contact\/staff\/graham-hill\/#breadcrumb\"},\"inLanguage\":\"en-US\",\"potentialAction\":[{\"@type\":\"ReadAction\",\"target\":[\"https:\/\/www.ig.cas.cz\/en\/contact\/staff\/graham-hill\/\"]}]},{\"@type\":\"ImageObject\",\"inLanguage\":\"en-US\",\"@id\":\"https:\/\/www.ig.cas.cz\/en\/contact\/staff\/graham-hill\/#primaryimage\",\"url\":\"https:\/\/www.ig.cas.cz\/wp-content\/uploads\/2018\/01\/mapa_geologicka.jpg\",\"contentUrl\":\"https:\/\/www.ig.cas.cz\/wp-content\/uploads\/2018\/01\/mapa_geologicka.jpg\",\"width\":2500,\"height\":260},{\"@type\":\"BreadcrumbList\",\"@id\":\"https:\/\/www.ig.cas.cz\/en\/contact\/staff\/graham-hill\/#breadcrumb\",\"itemListElement\":[{\"@type\":\"ListItem\",\"position\":1,\"name\":\"Dom\u016f\",\"item\":\"https:\/\/www.ig.cas.cz\/en\/\"},{\"@type\":\"ListItem\",\"position\":2,\"name\":\"Contacts\",\"item\":\"https:\/\/www.ig.cas.cz\/en\/contact\/\"},{\"@type\":\"ListItem\",\"position\":3,\"name\":\"Staff\",\"item\":\"https:\/\/www.ig.cas.cz\/en\/contact\/staff\/\"},{\"@type\":\"ListItem\",\"position\":4,\"name\":\"Graham Hill\"}]},{\"@type\":\"WebSite\",\"@id\":\"https:\/\/www.ig.cas.cz\/#website\",\"url\":\"https:\/\/www.ig.cas.cz\/\",\"name\":\"Dom\u016f\",\"description\":\"Geofyzik\u00e1ln\u00ed \u00fastav Akademie v\u011bd \u010cR, v.v.i.\",\"potentialAction\":[{\"@type\":\"SearchAction\",\"target\":{\"@type\":\"EntryPoint\",\"urlTemplate\":\"https:\/\/www.ig.cas.cz\/?s={search_term_string}\"},\"query-input\":{\"@type\":\"PropertyValueSpecification\",\"valueRequired\":true,\"valueName\":\"search_term_string\"}}],\"inLanguage\":\"en-US\"}]}<\/script>\n<!-- \/ Yoast SEO plugin. -->","yoast_head_json":{"title":"Graham Hill - Geofyzik\u00e1ln\u00ed \u00fastav Akademie v\u011bd \u010cR, v.v.i.","robots":{"index":"index","follow":"follow","max-snippet":"max-snippet:-1","max-image-preview":"max-image-preview:large","max-video-preview":"max-video-preview:-1"},"canonical":"https:\/\/www.ig.cas.cz\/en\/contact\/staff\/graham-hill\/","og_locale":"en_US","og_type":"article","og_title":"Graham Hill - Geofyzik\u00e1ln\u00ed \u00fastav Akademie v\u011bd \u010cR, v.v.i.","og_description":"Dr Graham Hill is a senior research scientist and leads the electromagnetics research group at the Institute of Geophysics, Czech Academy of Sciences. His research focus is electromagnetic induction theory and practice, inverse theory, the relationship of resistivity structure to physico-chemical conditions of the Earth, global tectonism, volcanism and magmatic systems, geothermal systems development, and [&hellip;]","og_url":"https:\/\/www.ig.cas.cz\/en\/contact\/staff\/graham-hill\/","og_site_name":"Dom\u016f","article_publisher":"https:\/\/www.facebook.com\/GFUAVCR\/","article_modified_time":"2024-01-08T13:48:58+00:00","og_image":[{"width":2500,"height":260,"url":"https:\/\/www.ig.cas.cz\/wp-content\/uploads\/2018\/01\/mapa_geologicka.jpg","type":"image\/jpeg"}],"twitter_card":"summary_large_image","twitter_misc":{"Est. reading time":"4 minutes"},"schema":{"@context":"https:\/\/schema.org","@graph":[{"@type":"WebPage","@id":"https:\/\/www.ig.cas.cz\/en\/contact\/staff\/graham-hill\/","url":"https:\/\/www.ig.cas.cz\/en\/contact\/staff\/graham-hill\/","name":"Graham Hill - Geofyzik\u00e1ln\u00ed \u00fastav Akademie v\u011bd \u010cR, v.v.i.","isPartOf":{"@id":"https:\/\/www.ig.cas.cz\/#website"},"primaryImageOfPage":{"@id":"https:\/\/www.ig.cas.cz\/en\/contact\/staff\/graham-hill\/#primaryimage"},"image":{"@id":"https:\/\/www.ig.cas.cz\/en\/contact\/staff\/graham-hill\/#primaryimage"},"thumbnailUrl":"https:\/\/www.ig.cas.cz\/wp-content\/uploads\/2018\/01\/mapa_geologicka.jpg","datePublished":"2020-05-13T06:14:24+00:00","dateModified":"2024-01-08T13:48:58+00:00","breadcrumb":{"@id":"https:\/\/www.ig.cas.cz\/en\/contact\/staff\/graham-hill\/#breadcrumb"},"inLanguage":"en-US","potentialAction":[{"@type":"ReadAction","target":["https:\/\/www.ig.cas.cz\/en\/contact\/staff\/graham-hill\/"]}]},{"@type":"ImageObject","inLanguage":"en-US","@id":"https:\/\/www.ig.cas.cz\/en\/contact\/staff\/graham-hill\/#primaryimage","url":"https:\/\/www.ig.cas.cz\/wp-content\/uploads\/2018\/01\/mapa_geologicka.jpg","contentUrl":"https:\/\/www.ig.cas.cz\/wp-content\/uploads\/2018\/01\/mapa_geologicka.jpg","width":2500,"height":260},{"@type":"BreadcrumbList","@id":"https:\/\/www.ig.cas.cz\/en\/contact\/staff\/graham-hill\/#breadcrumb","itemListElement":[{"@type":"ListItem","position":1,"name":"Dom\u016f","item":"https:\/\/www.ig.cas.cz\/en\/"},{"@type":"ListItem","position":2,"name":"Contacts","item":"https:\/\/www.ig.cas.cz\/en\/contact\/"},{"@type":"ListItem","position":3,"name":"Staff","item":"https:\/\/www.ig.cas.cz\/en\/contact\/staff\/"},{"@type":"ListItem","position":4,"name":"Graham Hill"}]},{"@type":"WebSite","@id":"https:\/\/www.ig.cas.cz\/#website","url":"https:\/\/www.ig.cas.cz\/","name":"Dom\u016f","description":"Geofyzik\u00e1ln\u00ed \u00fastav Akademie v\u011bd \u010cR, v.v.i.","potentialAction":[{"@type":"SearchAction","target":{"@type":"EntryPoint","urlTemplate":"https:\/\/www.ig.cas.cz\/?s={search_term_string}"},"query-input":{"@type":"PropertyValueSpecification","valueRequired":true,"valueName":"search_term_string"}}],"inLanguage":"en-US"}]}},"_links":{"self":[{"href":"https:\/\/www.ig.cas.cz\/en\/wp-json\/wp\/v2\/pages\/17869","targetHints":{"allow":["GET"]}}],"collection":[{"href":"https:\/\/www.ig.cas.cz\/en\/wp-json\/wp\/v2\/pages"}],"about":[{"href":"https:\/\/www.ig.cas.cz\/en\/wp-json\/wp\/v2\/types\/page"}],"author":[{"embeddable":true,"href":"https:\/\/www.ig.cas.cz\/en\/wp-json\/wp\/v2\/users\/7"}],"replies":[{"embeddable":true,"href":"https:\/\/www.ig.cas.cz\/en\/wp-json\/wp\/v2\/comments?post=17869"}],"version-history":[{"count":0,"href":"https:\/\/www.ig.cas.cz\/en\/wp-json\/wp\/v2\/pages\/17869\/revisions"}],"up":[{"embeddable":true,"href":"https:\/\/www.ig.cas.cz\/en\/wp-json\/wp\/v2\/pages\/416"}],"wp:featuredmedia":[{"embeddable":true,"href":"https:\/\/www.ig.cas.cz\/en\/wp-json\/wp\/v2\/media\/12002"}],"wp:attachment":[{"href":"https:\/\/www.ig.cas.cz\/en\/wp-json\/wp\/v2\/media?parent=17869"}],"wp:term":[{"taxonomy":"category","embeddable":true,"href":"https:\/\/www.ig.cas.cz\/en\/wp-json\/wp\/v2\/categories?post=17869"},{"taxonomy":"post_tag","embeddable":true,"href":"https:\/\/www.ig.cas.cz\/en\/wp-json\/wp\/v2\/tags?post=17869"}],"curies":[{"name":"wp","href":"https:\/\/api.w.org\/{rel}","templated":true}]}}