{"id":18174,"date":"2020-08-04T10:41:32","date_gmt":"2020-08-04T08:41:32","guid":{"rendered":"https:\/\/www.ig.cas.cz\/?page_id=18174"},"modified":"2024-06-27T12:39:22","modified_gmt":"2024-06-27T10:39:22","slug":"primda-pric","status":"publish","type":"page","link":"https:\/\/www.ig.cas.cz\/en\/observatories\/czech-regional-seismic-network\/primda-pric\/","title":{"rendered":"P\u0159imda (PRIC)"},"content":{"rendered":"<p>[et_pb_section fb_built=&#8221;1&#8243; admin_label=&#8221;section&#8221; _builder_version=&#8221;4.16&#8243; custom_padding=&#8221;20px|0px|3px|0px&#8221; global_colors_info=&#8221;{}&#8221;][et_pb_row column_structure=&#8221;3_4,1_4&#8243; admin_label=&#8221;row&#8221; _builder_version=&#8221;4.16&#8243; background_size=&#8221;initial&#8221; background_position=&#8221;top_left&#8221; background_repeat=&#8221;repeat&#8221; custom_padding=&#8221;0px|0px|28.95px|0px&#8221; global_colors_info=&#8221;{}&#8221;][et_pb_column type=&#8221;3_4&#8243; _builder_version=&#8221;4.16&#8243; custom_padding=&#8221;|||&#8221; global_colors_info=&#8221;{}&#8221; custom_padding__hover=&#8221;|||&#8221;][et_pb_text _builder_version=&#8221;4.16&#8243; background_size=&#8221;initial&#8221; background_position=&#8221;top_left&#8221; background_repeat=&#8221;repeat&#8221; global_colors_info=&#8221;{}&#8221;]<\/p>\n<p><strong>Seismological station P\u0159imda (PRIC)<\/strong> was established\u00a0in 2019 in a&nbsp;shellow well\u00a0 at the meteorological observatory P\u0159imda to monitor earthquakes in the border region with Bavaria. Station PRIC was equipped with\u00a0three component broadband\u00a0seismometer and connected to Internet. Digital data are transferred in real time to the Institute of Geophysics.\u00a0Station PRIC is part of the Czech Regional Seismic Network.<\/p>\n<p>[\/et_pb_text][et_pb_code admin_label=&#8221;Code&#8221; _builder_version=&#8221;4.16&#8243; global_colors_info=&#8221;{}&#8221;]<\/p>\n<style><!-- [et_pb_line_break_holder] -->.buttonJ {<!-- [et_pb_line_break_holder] --> background-color: #3885bb; <!-- [et_pb_line_break_holder] --> border: none;<!-- [et_pb_line_break_holder] --> color: white;<!-- [et_pb_line_break_holder] --> padding: 15px 32px;<!-- [et_pb_line_break_holder] --> text-align: center;<!-- [et_pb_line_break_holder] --> text-decoration: none;<!-- [et_pb_line_break_holder] --> display: inline-block;<!-- [et_pb_line_break_holder] --> font-size: 14px;<!-- [et_pb_line_break_holder] --> font-weight: 700;<!-- [et_pb_line_break_holder] --> margin: 4px 2px;<!-- [et_pb_line_break_holder] --> cursor: pointer;<!-- [et_pb_line_break_holder] -->}<!-- [et_pb_line_break_holder] -->.wrapper {<!-- [et_pb_line_break_holder] --> text-align: center;<!-- [et_pb_line_break_holder] -->}<!-- [et_pb_line_break_holder] --><\/style>\n<p><!-- [et_pb_line_break_holder] --><!-- [et_pb_line_break_holder] --><pee id=\"note1\">Note<\/pee><!-- [et_pb_line_break_holder] --><img decoding=\"async\" src=\"http:\/\/czechgeo.cz\/plotfiles\/KHC\/2018_01_20.png\" id=\"image\" name=\"image\" align=\"middle\" onerror=\"this.src='https:\/\/www.ig.cas.cz\/wp-content\/uploads\/2018\/05\/errorseismogram.png';\"\/><!-- [et_pb_line_break_holder] --><\/p>\n<div class=\"wrapper\"><!-- [et_pb_line_break_holder] --><button type=\"button\" class=\"buttonJ\" onclick=\"plusClick()\">PREVIOUS DAY<\/button><!-- [et_pb_line_break_holder] --><button type=\"button\" class=\"buttonJ\" onclick=\"minusClick()\">NEXT DAY<\/button><!-- [et_pb_line_break_holder] --><\/div>\n<p><!-- [et_pb_line_break_holder] --><pee><\/pee><!-- [et_pb_line_break_holder] --><pee id=\"note2\">Obr\u00e1zek se obnovuje ka\u017ed\u00fdch 10 minut. \u010casov\u00e1 osa odpov\u00edd\u00e1 koordinovan\u00e9mu sv\u011btov\u00e9mu \u010dasu. Od toho st\u0159edoevropsk\u00e9ho se li\u0161\u00ed o&nbsp;jednu hodinu p\u0159i&nbsp;zimn\u00edm \u010dase a&nbsp;o&nbsp;dv\u011b hodiny p\u0159i&nbsp;letn\u00edm \u010dase, kter\u00e9 je t\u0159eba p\u0159i\u010d\u00edst. Amplitudov\u00e1 \u0161k\u00e1la rychlosti pohybu p\u016fdy (jej\u00ed vertik\u00e1ln\u00ed slo\u017eky) je v&nbsp;jednotk\u00e1ch nm\/s. <\/pee><!-- [et_pb_line_break_holder] --><!-- [et_pb_line_break_holder] --><script><!-- [et_pb_line_break_holder] -->var pre='http:\/\/czechgeo.ig.cas.cz\/plotfiles\/gfu\/PRIC\/';<!-- [et_pb_line_break_holder] -->var datum = new Date();<!-- [et_pb_line_break_holder] -->var y = datum.getFullYear();<!-- [et_pb_line_break_holder] -->var m = (\"0\"+(datum.getMonth()+1)).slice(-2);<!-- [et_pb_line_break_holder] -->var d = (\"0\"+datum.getDate()).slice(-2);<!-- [et_pb_line_break_holder] -->var adresa = pre+y+\"_\"+m+\"_\"+d+\".png\";<!-- [et_pb_line_break_holder] -->document.getElementById('image').src = adresa;<!-- [et_pb_line_break_holder] -->var off = 0;<!-- [et_pb_line_break_holder] -->var datum2=new Date();<!-- [et_pb_line_break_holder] -->var msinday=86400000;<!-- [et_pb_line_break_holder] --><!-- [et_pb_line_break_holder] -->str1= \"Daily seismogram from \"<!-- [et_pb_line_break_holder] -->document.getElementById(\"note1\").innerHTML=str1.concat(datum2.getDate(),\".\",(datum2.getMonth()+1),\".\",datum2.getFullYear());<!-- [et_pb_line_break_holder] --><!-- [et_pb_line_break_holder] -->function plusClick() {<!-- [et_pb_line_break_holder] --> if (off<10){ <!-- [et_pb_line_break_holder] --> off += 1;<!-- [et_pb_line_break_holder] --> datum2.setTime(datum.getTime()-86400000*off);<!-- [et_pb_line_break_holder] --> adresa = pre+datum2.getFullYear()+\"_\"+(\"0\"+(datum2.getMonth()+1)).slice(-2)+\"_\"+(\"0\"+datum2.getDate()).slice(-2)+\".png\";<!-- [et_pb_line_break_holder] --> document.getElementById('image').src = adresa;<!-- [et_pb_line_break_holder] -->document.getElementById(\"note1\").innerHTML=str1.concat(datum2.getDate(),\".\",(datum2.getMonth()+1),\".\",datum2.getFullYear());<!-- [et_pb_line_break_holder] --><!-- [et_pb_line_break_holder] --> }<!-- [et_pb_line_break_holder] --> else{<!-- [et_pb_line_break_holder] --> }<!-- [et_pb_line_break_holder] --> };<!-- [et_pb_line_break_holder] -->function minusClick() {<!-- [et_pb_line_break_holder] --> if (off>0){ <!-- [et_pb_line_break_holder] --> off -= 1;<!-- [et_pb_line_break_holder] --> datum2.setTime(datum.getTime()-86400000*off);<!-- [et_pb_line_break_holder] --> adresa = pre+datum2.getFullYear()+\"_\"+(\"0\"+(datum2.getMonth()+1)).slice(-2)+\"_\"+(\"0\"+datum2.getDate()).slice(-2)+\".png\";<!-- [et_pb_line_break_holder] --> document.getElementById('image').src = adresa;<!-- [et_pb_line_break_holder] -->document.getElementById(\"note1\").innerHTML=str1.concat(datum2.getDate(),\".\",(datum2.getMonth()+1),\".\",datum2.getFullYear());<!-- [et_pb_line_break_holder] --><!-- [et_pb_line_break_holder] --> }<!-- [et_pb_line_break_holder] --> else{<!-- [et_pb_line_break_holder] --> }<!-- [et_pb_line_break_holder] --> };<!-- [et_pb_line_break_holder] --><\/script>[\/et_pb_code][\/et_pb_column][et_pb_column type=&#8221;1_4&#8243; _builder_version=&#8221;4.16&#8243; custom_padding=&#8221;|||&#8221; global_colors_info=&#8221;{}&#8221; custom_padding__hover=&#8221;|||&#8221;][et_pb_image src=&#8221;https:\/\/www.ig.cas.cz\/wp-content\/uploads\/2020\/06\/primda.jpg&#8221; title_text=&#8221;Primda&#8221; _builder_version=&#8221;4.16&#8243; global_colors_info=&#8221;{}&#8221;][\/et_pb_image][et_pb_text _builder_version=&#8221;4.16&#8243; global_colors_info=&#8221;{}&#8221;]<\/p>\n<p><strong>Coordinates:<\/strong> 49.6693N 12.6782E<br \/><strong>Altitude:<\/strong> 740&nbsp;m<br \/><strong>Seismometer:<\/strong> broadband sensor Guralp CMG-3ESP<br \/><strong>Recording system:<\/strong> Quanterra Q330S+<br \/><strong>Sampling frequency:<\/strong> 100 Hz<br \/><strong>Dynamic range:<\/strong> 140 dB<br \/><strong>Frequency range:<\/strong> 0.02-120 s<br \/><strong>Data format:<\/strong> miniSEED<br \/><strong>Metadata:<\/strong><a href=\"https:\/\/www.ig.cas.cz\/wp-content\/uploads\/2024\/06\/dataless_CRSN_PRIC.txt\"> dataless SEED<\/a>, <a href=\"https:\/\/www.ig.cas.cz\/wp-content\/uploads\/2024\/06\/stationxml_CRSN_PRIC.txt\">stationxml<\/a><br \/><strong>Available data:<\/strong> August 2019 &#8211; present<br \/><strong>Operator:<\/strong> Institute of Geophysics CAS in cooperation with the Meteorological observatory P\u0159imda<br \/><strong>Contact person:<\/strong> Jan Zedn\u00edk &#8211; jzd@ig.cas.cz<\/p>\n<p>[\/et_pb_text][\/et_pb_column][\/et_pb_row][\/et_pb_section]<\/p>\n","protected":false},"excerpt":{"rendered":"<p>Seismological station P\u0159imda (PRIC) was established\u00a0in 2019 in a&nbsp;shellow well\u00a0 at the meteorological observatory P\u0159imda to monitor earthquakes in the border region with Bavaria. Station PRIC was equipped with\u00a0three component broadband\u00a0seismometer and connected to Internet. Digital data are transferred in real time to the Institute of Geophysics.\u00a0Station PRIC is part of the Czech Regional [&hellip;]<\/p>\n","protected":false},"author":10,"featured_media":17647,"parent":7585,"menu_order":0,"comment_status":"closed","ping_status":"closed","template":"","meta":{"_et_pb_use_builder":"on","_et_pb_old_content":"Seismologick\u00e1 stanice Pr\u016fhonice (PRU) byla zalo\u017eena v r. 1957. Nach\u00e1z\u00ed se v zadn\u00ed, klidn\u011bj\u0161\u00ed \u010d\u00e1sti pr\u016fhonick\u00e9ho parku v m\u011blk\u00e9m, um\u011ble vybudovan\u00e9m sklep\u011b. Seismometry jsou instalov\u00e1ny na masivn\u00edch betonov\u00fdch pil\u00ed\u0159\u00edch. Stanice je vybavena t\u0159\u00edslo\u017ekov\u00fdmi kr\u00e1tkoperiodick\u00fdmi p\u0159\u00edstroji, vhodn\u00fdmi hlavn\u011b pro registraci bl\u00edzk\u00fdch seismick\u00fdch jev\u016f a pr\u016fmyslov\u00fdch odpal\u016f, a \u0161irokop\u00e1smov\u00fdm seismometrem pro registraci vzd\u00e1len\u011bj\u0161\u00edch zem\u011bt\u0159esen\u00ed. Digit\u00e1ln\u00ed data jsou p\u0159en\u00e1\u0161ena v re\u00e1ln\u00e9m \u010dase optick\u00fdm kabelem a p\u0159es internet do Geofyzik\u00e1ln\u00edho \u00fastavu. Stanice je sou\u010d\u00e1st\u00ed \u010cesk\u00e9 region\u00e1ln\u00ed seismick\u00e9 s\u00edt\u011b.","_et_gb_content_width":"","footnotes":""},"categories":[],"tags":[],"class_list":["post-18174","page","type-page","status-publish","has-post-thumbnail","hentry"],"yoast_head":"<!-- This site is optimized with the Yoast SEO plugin v25.9 - https:\/\/yoast.com\/wordpress\/plugins\/seo\/ -->\n<title>P\u0159imda (PRIC) - Geofyzik\u00e1ln\u00ed \u00fastav Akademie v\u011bd \u010cR, v.v.i.<\/title>\n<meta name=\"robots\" content=\"index, follow, max-snippet:-1, max-image-preview:large, max-video-preview:-1\" \/>\n<link rel=\"canonical\" href=\"https:\/\/www.ig.cas.cz\/en\/observatories\/czech-regional-seismic-network\/primda-pric\/\" \/>\n<meta property=\"og:locale\" content=\"en_US\" \/>\n<meta property=\"og:type\" content=\"article\" \/>\n<meta property=\"og:title\" content=\"P\u0159imda (PRIC) - Geofyzik\u00e1ln\u00ed \u00fastav Akademie v\u011bd \u010cR, v.v.i.\" \/>\n<meta property=\"og:description\" content=\"Seismological station P\u0159imda (PRIC) was established\u00a0in 2019 in a shellow well\u00a0 at the meteorological observatory P\u0159imda to monitor earthquakes in the border region with Bavaria. Station PRIC was equipped with\u00a0three component broadband\u00a0seismometer and connected to Internet. Digital data are transferred in real time to the Institute of Geophysics.\u00a0Station PRIC is part of the Czech Regional [&hellip;]\" \/>\n<meta property=\"og:url\" content=\"https:\/\/www.ig.cas.cz\/en\/observatories\/czech-regional-seismic-network\/primda-pric\/\" \/>\n<meta property=\"og:site_name\" content=\"Dom\u016f\" \/>\n<meta property=\"article:publisher\" content=\"https:\/\/www.facebook.com\/GFUAVCR\/\" \/>\n<meta property=\"article:modified_time\" content=\"2024-06-27T10:39:22+00:00\" \/>\n<meta property=\"og:image\" content=\"https:\/\/www.ig.cas.cz\/wp-content\/uploads\/2018\/01\/Q330.jpg\" \/>\n\t<meta property=\"og:image:width\" content=\"1994\" \/>\n\t<meta property=\"og:image:height\" content=\"261\" \/>\n\t<meta property=\"og:image:type\" content=\"image\/jpeg\" \/>\n<meta name=\"twitter:card\" content=\"summary_large_image\" \/>\n<meta name=\"twitter:label1\" content=\"Est. reading time\" \/>\n\t<meta name=\"twitter:data1\" content=\"2 minutes\" \/>\n<script type=\"application\/ld+json\" class=\"yoast-schema-graph\">{\"@context\":\"https:\/\/schema.org\",\"@graph\":[{\"@type\":\"WebPage\",\"@id\":\"https:\/\/www.ig.cas.cz\/en\/observatories\/czech-regional-seismic-network\/primda-pric\/\",\"url\":\"https:\/\/www.ig.cas.cz\/en\/observatories\/czech-regional-seismic-network\/primda-pric\/\",\"name\":\"P\u0159imda (PRIC) - Geofyzik\u00e1ln\u00ed \u00fastav Akademie v\u011bd \u010cR, v.v.i.\",\"isPartOf\":{\"@id\":\"https:\/\/www.ig.cas.cz\/#website\"},\"primaryImageOfPage\":{\"@id\":\"https:\/\/www.ig.cas.cz\/en\/observatories\/czech-regional-seismic-network\/primda-pric\/#primaryimage\"},\"image\":{\"@id\":\"https:\/\/www.ig.cas.cz\/en\/observatories\/czech-regional-seismic-network\/primda-pric\/#primaryimage\"},\"thumbnailUrl\":\"https:\/\/www.ig.cas.cz\/wp-content\/uploads\/2018\/01\/Q330.jpg\",\"datePublished\":\"2020-08-04T08:41:32+00:00\",\"dateModified\":\"2024-06-27T10:39:22+00:00\",\"breadcrumb\":{\"@id\":\"https:\/\/www.ig.cas.cz\/en\/observatories\/czech-regional-seismic-network\/primda-pric\/#breadcrumb\"},\"inLanguage\":\"en-US\",\"potentialAction\":[{\"@type\":\"ReadAction\",\"target\":[\"https:\/\/www.ig.cas.cz\/en\/observatories\/czech-regional-seismic-network\/primda-pric\/\"]}]},{\"@type\":\"ImageObject\",\"inLanguage\":\"en-US\",\"@id\":\"https:\/\/www.ig.cas.cz\/en\/observatories\/czech-regional-seismic-network\/primda-pric\/#primaryimage\",\"url\":\"https:\/\/www.ig.cas.cz\/wp-content\/uploads\/2018\/01\/Q330.jpg\",\"contentUrl\":\"https:\/\/www.ig.cas.cz\/wp-content\/uploads\/2018\/01\/Q330.jpg\",\"width\":1994,\"height\":261},{\"@type\":\"BreadcrumbList\",\"@id\":\"https:\/\/www.ig.cas.cz\/en\/observatories\/czech-regional-seismic-network\/primda-pric\/#breadcrumb\",\"itemListElement\":[{\"@type\":\"ListItem\",\"position\":1,\"name\":\"Dom\u016f\",\"item\":\"https:\/\/www.ig.cas.cz\/en\/\"},{\"@type\":\"ListItem\",\"position\":2,\"name\":\"Observatories\",\"item\":\"https:\/\/www.ig.cas.cz\/en\/observatories\/\"},{\"@type\":\"ListItem\",\"position\":3,\"name\":\"Czech Regional Seismic Network\",\"item\":\"https:\/\/www.ig.cas.cz\/en\/observatories\/czech-regional-seismic-network\/\"},{\"@type\":\"ListItem\",\"position\":4,\"name\":\"P\u0159imda (PRIC)\"}]},{\"@type\":\"WebSite\",\"@id\":\"https:\/\/www.ig.cas.cz\/#website\",\"url\":\"https:\/\/www.ig.cas.cz\/\",\"name\":\"Dom\u016f\",\"description\":\"Geofyzik\u00e1ln\u00ed \u00fastav Akademie v\u011bd \u010cR, v.v.i.\",\"potentialAction\":[{\"@type\":\"SearchAction\",\"target\":{\"@type\":\"EntryPoint\",\"urlTemplate\":\"https:\/\/www.ig.cas.cz\/?s={search_term_string}\"},\"query-input\":{\"@type\":\"PropertyValueSpecification\",\"valueRequired\":true,\"valueName\":\"search_term_string\"}}],\"inLanguage\":\"en-US\"}]}<\/script>\n<!-- \/ Yoast SEO plugin. -->","yoast_head_json":{"title":"P\u0159imda (PRIC) - Geofyzik\u00e1ln\u00ed \u00fastav Akademie v\u011bd \u010cR, v.v.i.","robots":{"index":"index","follow":"follow","max-snippet":"max-snippet:-1","max-image-preview":"max-image-preview:large","max-video-preview":"max-video-preview:-1"},"canonical":"https:\/\/www.ig.cas.cz\/en\/observatories\/czech-regional-seismic-network\/primda-pric\/","og_locale":"en_US","og_type":"article","og_title":"P\u0159imda (PRIC) - Geofyzik\u00e1ln\u00ed \u00fastav Akademie v\u011bd \u010cR, v.v.i.","og_description":"Seismological station P\u0159imda (PRIC) was established\u00a0in 2019 in a shellow well\u00a0 at the meteorological observatory P\u0159imda to monitor earthquakes in the border region with Bavaria. Station PRIC was equipped with\u00a0three component broadband\u00a0seismometer and connected to Internet. Digital data are transferred in real time to the Institute of Geophysics.\u00a0Station PRIC is part of the Czech Regional [&hellip;]","og_url":"https:\/\/www.ig.cas.cz\/en\/observatories\/czech-regional-seismic-network\/primda-pric\/","og_site_name":"Dom\u016f","article_publisher":"https:\/\/www.facebook.com\/GFUAVCR\/","article_modified_time":"2024-06-27T10:39:22+00:00","og_image":[{"width":1994,"height":261,"url":"https:\/\/www.ig.cas.cz\/wp-content\/uploads\/2018\/01\/Q330.jpg","type":"image\/jpeg"}],"twitter_card":"summary_large_image","twitter_misc":{"Est. reading time":"2 minutes"},"schema":{"@context":"https:\/\/schema.org","@graph":[{"@type":"WebPage","@id":"https:\/\/www.ig.cas.cz\/en\/observatories\/czech-regional-seismic-network\/primda-pric\/","url":"https:\/\/www.ig.cas.cz\/en\/observatories\/czech-regional-seismic-network\/primda-pric\/","name":"P\u0159imda (PRIC) - Geofyzik\u00e1ln\u00ed \u00fastav Akademie v\u011bd \u010cR, v.v.i.","isPartOf":{"@id":"https:\/\/www.ig.cas.cz\/#website"},"primaryImageOfPage":{"@id":"https:\/\/www.ig.cas.cz\/en\/observatories\/czech-regional-seismic-network\/primda-pric\/#primaryimage"},"image":{"@id":"https:\/\/www.ig.cas.cz\/en\/observatories\/czech-regional-seismic-network\/primda-pric\/#primaryimage"},"thumbnailUrl":"https:\/\/www.ig.cas.cz\/wp-content\/uploads\/2018\/01\/Q330.jpg","datePublished":"2020-08-04T08:41:32+00:00","dateModified":"2024-06-27T10:39:22+00:00","breadcrumb":{"@id":"https:\/\/www.ig.cas.cz\/en\/observatories\/czech-regional-seismic-network\/primda-pric\/#breadcrumb"},"inLanguage":"en-US","potentialAction":[{"@type":"ReadAction","target":["https:\/\/www.ig.cas.cz\/en\/observatories\/czech-regional-seismic-network\/primda-pric\/"]}]},{"@type":"ImageObject","inLanguage":"en-US","@id":"https:\/\/www.ig.cas.cz\/en\/observatories\/czech-regional-seismic-network\/primda-pric\/#primaryimage","url":"https:\/\/www.ig.cas.cz\/wp-content\/uploads\/2018\/01\/Q330.jpg","contentUrl":"https:\/\/www.ig.cas.cz\/wp-content\/uploads\/2018\/01\/Q330.jpg","width":1994,"height":261},{"@type":"BreadcrumbList","@id":"https:\/\/www.ig.cas.cz\/en\/observatories\/czech-regional-seismic-network\/primda-pric\/#breadcrumb","itemListElement":[{"@type":"ListItem","position":1,"name":"Dom\u016f","item":"https:\/\/www.ig.cas.cz\/en\/"},{"@type":"ListItem","position":2,"name":"Observatories","item":"https:\/\/www.ig.cas.cz\/en\/observatories\/"},{"@type":"ListItem","position":3,"name":"Czech Regional Seismic Network","item":"https:\/\/www.ig.cas.cz\/en\/observatories\/czech-regional-seismic-network\/"},{"@type":"ListItem","position":4,"name":"P\u0159imda (PRIC)"}]},{"@type":"WebSite","@id":"https:\/\/www.ig.cas.cz\/#website","url":"https:\/\/www.ig.cas.cz\/","name":"Dom\u016f","description":"Geofyzik\u00e1ln\u00ed \u00fastav Akademie v\u011bd \u010cR, v.v.i.","potentialAction":[{"@type":"SearchAction","target":{"@type":"EntryPoint","urlTemplate":"https:\/\/www.ig.cas.cz\/?s={search_term_string}"},"query-input":{"@type":"PropertyValueSpecification","valueRequired":true,"valueName":"search_term_string"}}],"inLanguage":"en-US"}]}},"_links":{"self":[{"href":"https:\/\/www.ig.cas.cz\/en\/wp-json\/wp\/v2\/pages\/18174","targetHints":{"allow":["GET"]}}],"collection":[{"href":"https:\/\/www.ig.cas.cz\/en\/wp-json\/wp\/v2\/pages"}],"about":[{"href":"https:\/\/www.ig.cas.cz\/en\/wp-json\/wp\/v2\/types\/page"}],"author":[{"embeddable":true,"href":"https:\/\/www.ig.cas.cz\/en\/wp-json\/wp\/v2\/users\/10"}],"replies":[{"embeddable":true,"href":"https:\/\/www.ig.cas.cz\/en\/wp-json\/wp\/v2\/comments?post=18174"}],"version-history":[{"count":2,"href":"https:\/\/www.ig.cas.cz\/en\/wp-json\/wp\/v2\/pages\/18174\/revisions"}],"predecessor-version":[{"id":39286,"href":"https:\/\/www.ig.cas.cz\/en\/wp-json\/wp\/v2\/pages\/18174\/revisions\/39286"}],"up":[{"embeddable":true,"href":"https:\/\/www.ig.cas.cz\/en\/wp-json\/wp\/v2\/pages\/7585"}],"wp:featuredmedia":[{"embeddable":true,"href":"https:\/\/www.ig.cas.cz\/en\/wp-json\/wp\/v2\/media\/17647"}],"wp:attachment":[{"href":"https:\/\/www.ig.cas.cz\/en\/wp-json\/wp\/v2\/media?parent=18174"}],"wp:term":[{"taxonomy":"category","embeddable":true,"href":"https:\/\/www.ig.cas.cz\/en\/wp-json\/wp\/v2\/categories?post=18174"},{"taxonomy":"post_tag","embeddable":true,"href":"https:\/\/www.ig.cas.cz\/en\/wp-json\/wp\/v2\/tags?post=18174"}],"curies":[{"name":"wp","href":"https:\/\/api.w.org\/{rel}","templated":true}]}}