{"id":18765,"date":"2020-07-08T17:14:18","date_gmt":"2020-07-08T15:14:18","guid":{"rendered":"https:\/\/www.ig.cas.cz\/?page_id=18765"},"modified":"2021-09-10T14:38:36","modified_gmt":"2021-09-10T12:38:36","slug":"comics-seismic-wave","status":"publish","type":"page","link":"https:\/\/www.ig.cas.cz\/en\/outreach\/comics-seismic-wave\/","title":{"rendered":"Comics &#8220;When the Earth Quakes&#8221;"},"content":{"rendered":"<p>[et_pb_section fb_built=&#8221;1&#8243; _builder_version=&#8221;4.3.4&#8243; custom_padding=&#8221;5px||10px|||&#8221;][et_pb_row column_structure=&#8221;3_5,2_5&#8243; _builder_version=&#8221;4.3.4&#8243; custom_padding=&#8221;11px||5px|||&#8221;][et_pb_column type=&#8221;3_5&#8243; _builder_version=&#8221;4.3.4&#8243;][et_pb_text _builder_version=&#8221;4.6.0&#8243; hover_enabled=&#8221;0&#8243; sticky_enabled=&#8221;0&#8243;]<\/p>\n<p>Download a&nbsp;unique educational tool, a&nbsp;comic book about the origin of seismic waves during earthquakes and their importance for learning about the structure of our Earth. The comic book is intended for primary school pupils. Once you get acquainted with the story of a&nbsp;seismic wave, play a&nbsp;board game designed for 1-4 players. You can download the game for free below, you will only need 4 game pieces and two dice.<\/p>\n<p>Download the Comic Book and the board game free under the Creative Commons licence:<\/p>\n<p>Comic book cover &#8211; <a href=\"https:\/\/www.ig.cas.cz\/wp-content\/uploads\/2020\/07\/comics_cover_profi_printing_version.pdf\">profi printing version, PDF file<\/a><\/p>\n<p>Comic book for home printing &#8211; <a href=\"https:\/\/www.ig.cas.cz\/wp-content\/uploads\/2020\/07\/comics_for_home_printing_large_version.pdf\">large version &#8211; PDF file<\/a><\/p>\n<p>Comic book for home printing &#8211; <a href=\"https:\/\/www.ig.cas.cz\/wp-content\/uploads\/2020\/07\/comics_for_home_printing_small_version.pdf\">small version &#8211; PDF file<\/a><\/p>\n<p>Comic book ofset, <a href=\"https:\/\/www.ig.cas.cz\/wp-content\/uploads\/2020\/07\/comics_ofset_profi_printing_version.pdf\">profi printing version &#8211; PDF file<\/a><\/p>\n<p>Board game &#8211; <a href=\"https:\/\/www.ig.cas.cz\/wp-content\/uploads\/2020\/07\/board_game_profi_printing_version.pdf\">profi printing version, PDF file<\/a><\/p>\n<p>Faults for the game &#8211; <a href=\"https:\/\/www.ig.cas.cz\/wp-content\/uploads\/2020\/07\/faults_for_the_game_profi_printing_version.pdf\">printing version<\/a><\/p>\n<p>The comic book was created on the initiative of the staff of the Geophysical Institute <a href=\"https:\/\/www.ig.cas.cz\/en\/contact\/staff\/matej-machek\/\">Mat\u011bj Machek<\/a> and <a href=\"https:\/\/www.ig.cas.cz\/en\/contact\/staff\/petr-broz\/\">Petr Bro\u017e<\/a>. It was drawn by Karolina Ku\u010derov\u00e1 (whose work you can watch in this <a href=\"https:\/\/www.youtube.com\/watch?v=YtuXmVfThck&amp;feature=youtu.be\">video<\/a> or <a href=\"https:\/\/www.youtube.com\/watch?v=U0VeX7UO0CA\">here<\/a>) and written by Lucie Luka\u010dovi\u010dov\u00e1. The Observatory and the Planetarium of the Capital City of Prague and ESERO (European Space Education Resource Office) also took part in the creation. The work can be freely downloaded and freely distributed under a&nbsp;Creative Commons license.<\/p>\n<p>[\/et_pb_text][\/et_pb_column][et_pb_column type=&#8221;2_5&#8243; _builder_version=&#8221;4.3.4&#8243;][et_pb_image src=&#8221;https:\/\/www.ig.cas.cz\/wp-content\/uploads\/2020\/07\/komiks-web.png&#8221; title_text=&#8221;Komiks Web&#8221; _builder_version=&#8221;4.4.7&#8243;][\/et_pb_image][\/et_pb_column][\/et_pb_row][et_pb_row _builder_version=&#8221;4.3.4&#8243; custom_padding=&#8221;5px||7px|||&#8221;][et_pb_column type=&#8221;4_4&#8243; _builder_version=&#8221;4.3.4&#8243;][et_pb_text _builder_version=&#8221;4.4.7&#8243;]<\/p>\n<p>And here are the main heroes of the story of the seismic wave:<\/p>\n<p>[\/et_pb_text][\/et_pb_column][\/et_pb_row][et_pb_row column_structure=&#8221;1_4,3_4&#8243; _builder_version=&#8221;4.3.4&#8243; custom_padding=&#8221;9px||4px|||&#8221;][et_pb_column type=&#8221;1_4&#8243; _builder_version=&#8221;4.3.4&#8243;][et_pb_image src=&#8221;https:\/\/www.ig.cas.cz\/wp-content\/uploads\/2020\/05\/deti.jpg&#8221; _builder_version=&#8221;4.3.4&#8243;][\/et_pb_image][\/et_pb_column][et_pb_column type=&#8221;3_4&#8243; _builder_version=&#8221;4.3.4&#8243;][et_pb_text _builder_version=&#8221;4.4.7&#8243;]<\/p>\n<p>Older sister &#8211; she attends an eight-year secondary school, is interested in natural sciences, gathers various interesting things and unusual information that she is interested in, which she can easily remember &#8211; and she does not hesitate to share them<\/p>\n<p>Younger brother &#8211; he likes the universe and superhero stories, he likes to read and watch movies, he has a&nbsp;great imagination, he is curious, but a&nbsp;program prepared for him by adults is not always according to his taste<\/p>\n<p>[\/et_pb_text][\/et_pb_column][\/et_pb_row][et_pb_row column_structure=&#8221;1_4,3_4&#8243; _builder_version=&#8221;4.3.4&#8243; custom_padding=&#8221;5px||2px|||&#8221;][et_pb_column type=&#8221;1_4&#8243; _builder_version=&#8221;4.3.4&#8243;][et_pb_image src=&#8221;https:\/\/www.ig.cas.cz\/wp-content\/uploads\/2020\/05\/p-vlna.jpg&#8221; _builder_version=&#8221;4.3.4&#8243;][\/et_pb_image][\/et_pb_column][et_pb_column type=&#8221;3_4&#8243; _builder_version=&#8221;4.3.4&#8243;][et_pb_text _builder_version=&#8221;4.4.7&#8243;]<\/p>\n<p>P-wave (primary wave) &#8211; a&nbsp;seismic wave that moves at the highest speed, ie always &#8220;runs&#8221; first; it spreads from the place of origin in all directions, it can run through the whole Earth, including the Earth&#8217;s&nbsp;core, so it can appear on a&nbsp;seismograph in the Czech Republic, even if it originated on the west coast of the U.S.A.; at the interfaces of different environments (different temperature and pressure inside the Earth) it changes speed and direction.<\/p>\n<p>[\/et_pb_text][\/et_pb_column][\/et_pb_row][et_pb_row column_structure=&#8221;1_4,3_4&#8243; _builder_version=&#8221;4.3.4&#8243; custom_padding=&#8221;1px||0px|||&#8221;][et_pb_column type=&#8221;1_4&#8243; _builder_version=&#8221;4.3.4&#8243;][et_pb_image src=&#8221;https:\/\/www.ig.cas.cz\/wp-content\/uploads\/2020\/05\/s-vlna.jpg&#8221; _builder_version=&#8221;4.3.4&#8243;][\/et_pb_image][\/et_pb_column][et_pb_column type=&#8221;3_4&#8243; _builder_version=&#8221;4.3.4&#8243;][et_pb_text _builder_version=&#8221;4.4.7&#8243;]<\/p>\n<p>\u00a0S-wave (secondary wave) &#8211; is slower than P-wave and, moreover, cannot pass through a&nbsp;liquid medium (ie where the rock is so hot that it melts and flows &#8211; for example, in the earth&#8217;s&nbsp;core); therefore, his faster &#8220;sister&#8221; is lost several times during the journey; but it always reappears when the environment changes; P-waves and S-waves are the cause of earthquakes and tsunamis at sea.<\/p>\n<p>[\/et_pb_text][\/et_pb_column][\/et_pb_row][et_pb_row column_structure=&#8221;1_4,3_4&#8243; _builder_version=&#8221;4.3.4&#8243; custom_padding=&#8221;8px||3px|||&#8221;][et_pb_column type=&#8221;1_4&#8243; _builder_version=&#8221;4.3.4&#8243;][et_pb_image src=&#8221;https:\/\/www.ig.cas.cz\/wp-content\/uploads\/2020\/05\/povrchove.jpg&#8221; _builder_version=&#8221;4.3.4&#8243;][\/et_pb_image][\/et_pb_column][et_pb_column type=&#8221;3_4&#8243; _builder_version=&#8221;4.3.4&#8243;][et_pb_text _builder_version=&#8221;4.4.7&#8243;]<\/p>\n<p>Twins<\/p>\n<p>&#8211; the first of the &#8220;brothers&#8221; is Love&#8217;s&nbsp;wave, which oscillates perpendicular to the direction of its movement, that is, it actually slithers like a&nbsp;snake, in loops from side to side;<\/p>\n<p>&#8211; the second is the Rayleigh wave, the slowest of all, which is actually circular, so it moves in &#8220;somersaults&#8221;, similar to the waves we can see in sea waves when they break, spin and create &#8220;tunnels&#8221;<\/p>\n<p>Both of these waves are created when the P-wave reaches the surface, they propagate at the surface and are slower than the P and S-waves &#8211; that&#8217;s&nbsp;why our heroine doesn&#8217;t know about them until they reach the station; and therefore the twins had the opportunity to &#8220;see&#8221; the devastation left behind by their faster &#8220;sisters&#8221;.<\/p>\n<p>[\/et_pb_text][\/et_pb_column][\/et_pb_row][et_pb_row column_structure=&#8221;1_3,1_3,1_3&#8243; _builder_version=&#8221;4.3.4&#8243;][et_pb_column type=&#8221;1_3&#8243; _builder_version=&#8221;4.3.4&#8243;][et_pb_image src=&#8221;https:\/\/www.ig.cas.cz\/wp-content\/uploads\/2020\/07\/aj-komiks-web4.png&#8221; title_text=&#8221;Aj Komiks Web4&#8243; show_in_lightbox=&#8221;on&#8221; _builder_version=&#8221;4.4.7&#8243;][\/et_pb_image][\/et_pb_column][et_pb_column type=&#8221;1_3&#8243; _builder_version=&#8221;4.3.4&#8243;][et_pb_image src=&#8221;https:\/\/www.ig.cas.cz\/wp-content\/uploads\/2020\/07\/aj-komiks-web2.png&#8221; title_text=&#8221;Aj Komiks Web2&#8243; show_in_lightbox=&#8221;on&#8221; _builder_version=&#8221;4.4.7&#8243;][\/et_pb_image][\/et_pb_column][et_pb_column type=&#8221;1_3&#8243; _builder_version=&#8221;4.3.4&#8243;][et_pb_image src=&#8221;https:\/\/www.ig.cas.cz\/wp-content\/uploads\/2020\/07\/aj-komiks-web3.png&#8221; title_text=&#8221;Aj Komiks Web3&#8243; show_in_lightbox=&#8221;on&#8221; _builder_version=&#8221;4.4.7&#8243;][\/et_pb_image][\/et_pb_column][\/et_pb_row][\/et_pb_section]<\/p>\n","protected":false},"excerpt":{"rendered":"<p>Download a&nbsp;unique educational tool, a&nbsp;comic book about the origin of seismic waves during earthquakes and their importance for learning about the structure of our Earth. The comic book is intended for primary school pupils. Once you get acquainted with the story of a&nbsp;seismic wave, play a&nbsp;board game designed for 1-4 players. [&hellip;]<\/p>\n","protected":false},"author":2,"featured_media":18931,"parent":386,"menu_order":0,"comment_status":"closed","ping_status":"closed","template":"","meta":{"_et_pb_use_builder":"on","_et_pb_old_content":"","_et_gb_content_width":"","footnotes":""},"categories":[],"tags":[],"class_list":["post-18765","page","type-page","status-publish","has-post-thumbnail","hentry"],"yoast_head":"<!-- This site is optimized with the Yoast SEO plugin v25.9 - https:\/\/yoast.com\/wordpress\/plugins\/seo\/ -->\n<title>Comics &quot;When the Earth Quakes&quot; - Geofyzik\u00e1ln\u00ed \u00fastav Akademie v\u011bd \u010cR, v.v.i.<\/title>\n<meta name=\"robots\" content=\"index, follow, max-snippet:-1, max-image-preview:large, max-video-preview:-1\" \/>\n<link rel=\"canonical\" href=\"https:\/\/www.ig.cas.cz\/en\/outreach\/comics-seismic-wave\/\" \/>\n<meta property=\"og:locale\" content=\"en_US\" \/>\n<meta property=\"og:type\" content=\"article\" \/>\n<meta property=\"og:title\" content=\"Comics &quot;When the Earth Quakes&quot; - Geofyzik\u00e1ln\u00ed \u00fastav Akademie v\u011bd \u010cR, v.v.i.\" \/>\n<meta property=\"og:description\" content=\"Download a unique educational tool, a comic book about the origin of seismic waves during earthquakes and their importance for learning about the structure of our Earth. The comic book is intended for primary school pupils. Once you get acquainted with the story of a seismic wave, play a board game designed for 1-4 players. [&hellip;]\" \/>\n<meta property=\"og:url\" content=\"https:\/\/www.ig.cas.cz\/en\/outreach\/comics-seismic-wave\/\" \/>\n<meta property=\"og:site_name\" content=\"Dom\u016f\" \/>\n<meta property=\"article:publisher\" content=\"https:\/\/www.facebook.com\/GFUAVCR\/\" \/>\n<meta property=\"article:modified_time\" content=\"2021-09-10T12:38:36+00:00\" \/>\n<meta property=\"og:image\" content=\"https:\/\/www.ig.cas.cz\/wp-content\/uploads\/2020\/07\/komiks2.jpg\" \/>\n\t<meta property=\"og:image:width\" content=\"2000\" \/>\n\t<meta property=\"og:image:height\" content=\"476\" \/>\n\t<meta property=\"og:image:type\" content=\"image\/jpeg\" \/>\n<meta name=\"twitter:card\" content=\"summary_large_image\" \/>\n<meta name=\"twitter:label1\" content=\"Est. reading time\" \/>\n\t<meta name=\"twitter:data1\" content=\"5 minutes\" \/>\n<script type=\"application\/ld+json\" class=\"yoast-schema-graph\">{\"@context\":\"https:\/\/schema.org\",\"@graph\":[{\"@type\":\"WebPage\",\"@id\":\"https:\/\/www.ig.cas.cz\/en\/outreach\/comics-seismic-wave\/\",\"url\":\"https:\/\/www.ig.cas.cz\/en\/outreach\/comics-seismic-wave\/\",\"name\":\"Comics \\\"When the Earth Quakes\\\" - Geofyzik\u00e1ln\u00ed \u00fastav Akademie v\u011bd \u010cR, v.v.i.\",\"isPartOf\":{\"@id\":\"https:\/\/www.ig.cas.cz\/#website\"},\"primaryImageOfPage\":{\"@id\":\"https:\/\/www.ig.cas.cz\/en\/outreach\/comics-seismic-wave\/#primaryimage\"},\"image\":{\"@id\":\"https:\/\/www.ig.cas.cz\/en\/outreach\/comics-seismic-wave\/#primaryimage\"},\"thumbnailUrl\":\"https:\/\/www.ig.cas.cz\/wp-content\/uploads\/2020\/07\/komiks2.jpg\",\"datePublished\":\"2020-07-08T15:14:18+00:00\",\"dateModified\":\"2021-09-10T12:38:36+00:00\",\"breadcrumb\":{\"@id\":\"https:\/\/www.ig.cas.cz\/en\/outreach\/comics-seismic-wave\/#breadcrumb\"},\"inLanguage\":\"en-US\",\"potentialAction\":[{\"@type\":\"ReadAction\",\"target\":[\"https:\/\/www.ig.cas.cz\/en\/outreach\/comics-seismic-wave\/\"]}]},{\"@type\":\"ImageObject\",\"inLanguage\":\"en-US\",\"@id\":\"https:\/\/www.ig.cas.cz\/en\/outreach\/comics-seismic-wave\/#primaryimage\",\"url\":\"https:\/\/www.ig.cas.cz\/wp-content\/uploads\/2020\/07\/komiks2.jpg\",\"contentUrl\":\"https:\/\/www.ig.cas.cz\/wp-content\/uploads\/2020\/07\/komiks2.jpg\",\"width\":2000,\"height\":476},{\"@type\":\"BreadcrumbList\",\"@id\":\"https:\/\/www.ig.cas.cz\/en\/outreach\/comics-seismic-wave\/#breadcrumb\",\"itemListElement\":[{\"@type\":\"ListItem\",\"position\":1,\"name\":\"Dom\u016f\",\"item\":\"https:\/\/www.ig.cas.cz\/en\/\"},{\"@type\":\"ListItem\",\"position\":2,\"name\":\"Outreach\",\"item\":\"https:\/\/www.ig.cas.cz\/en\/outreach\/\"},{\"@type\":\"ListItem\",\"position\":3,\"name\":\"Comics &#8220;When the Earth Quakes&#8221;\"}]},{\"@type\":\"WebSite\",\"@id\":\"https:\/\/www.ig.cas.cz\/#website\",\"url\":\"https:\/\/www.ig.cas.cz\/\",\"name\":\"Dom\u016f\",\"description\":\"Geofyzik\u00e1ln\u00ed \u00fastav Akademie v\u011bd \u010cR, v.v.i.\",\"potentialAction\":[{\"@type\":\"SearchAction\",\"target\":{\"@type\":\"EntryPoint\",\"urlTemplate\":\"https:\/\/www.ig.cas.cz\/?s={search_term_string}\"},\"query-input\":{\"@type\":\"PropertyValueSpecification\",\"valueRequired\":true,\"valueName\":\"search_term_string\"}}],\"inLanguage\":\"en-US\"}]}<\/script>\n<!-- \/ Yoast SEO plugin. -->","yoast_head_json":{"title":"Comics \"When the Earth Quakes\" - Geofyzik\u00e1ln\u00ed \u00fastav Akademie v\u011bd \u010cR, v.v.i.","robots":{"index":"index","follow":"follow","max-snippet":"max-snippet:-1","max-image-preview":"max-image-preview:large","max-video-preview":"max-video-preview:-1"},"canonical":"https:\/\/www.ig.cas.cz\/en\/outreach\/comics-seismic-wave\/","og_locale":"en_US","og_type":"article","og_title":"Comics \"When the Earth Quakes\" - Geofyzik\u00e1ln\u00ed \u00fastav Akademie v\u011bd \u010cR, v.v.i.","og_description":"Download a unique educational tool, a comic book about the origin of seismic waves during earthquakes and their importance for learning about the structure of our Earth. The comic book is intended for primary school pupils. Once you get acquainted with the story of a seismic wave, play a board game designed for 1-4 players. [&hellip;]","og_url":"https:\/\/www.ig.cas.cz\/en\/outreach\/comics-seismic-wave\/","og_site_name":"Dom\u016f","article_publisher":"https:\/\/www.facebook.com\/GFUAVCR\/","article_modified_time":"2021-09-10T12:38:36+00:00","og_image":[{"width":2000,"height":476,"url":"https:\/\/www.ig.cas.cz\/wp-content\/uploads\/2020\/07\/komiks2.jpg","type":"image\/jpeg"}],"twitter_card":"summary_large_image","twitter_misc":{"Est. reading time":"5 minutes"},"schema":{"@context":"https:\/\/schema.org","@graph":[{"@type":"WebPage","@id":"https:\/\/www.ig.cas.cz\/en\/outreach\/comics-seismic-wave\/","url":"https:\/\/www.ig.cas.cz\/en\/outreach\/comics-seismic-wave\/","name":"Comics \"When the Earth Quakes\" - Geofyzik\u00e1ln\u00ed \u00fastav Akademie v\u011bd \u010cR, v.v.i.","isPartOf":{"@id":"https:\/\/www.ig.cas.cz\/#website"},"primaryImageOfPage":{"@id":"https:\/\/www.ig.cas.cz\/en\/outreach\/comics-seismic-wave\/#primaryimage"},"image":{"@id":"https:\/\/www.ig.cas.cz\/en\/outreach\/comics-seismic-wave\/#primaryimage"},"thumbnailUrl":"https:\/\/www.ig.cas.cz\/wp-content\/uploads\/2020\/07\/komiks2.jpg","datePublished":"2020-07-08T15:14:18+00:00","dateModified":"2021-09-10T12:38:36+00:00","breadcrumb":{"@id":"https:\/\/www.ig.cas.cz\/en\/outreach\/comics-seismic-wave\/#breadcrumb"},"inLanguage":"en-US","potentialAction":[{"@type":"ReadAction","target":["https:\/\/www.ig.cas.cz\/en\/outreach\/comics-seismic-wave\/"]}]},{"@type":"ImageObject","inLanguage":"en-US","@id":"https:\/\/www.ig.cas.cz\/en\/outreach\/comics-seismic-wave\/#primaryimage","url":"https:\/\/www.ig.cas.cz\/wp-content\/uploads\/2020\/07\/komiks2.jpg","contentUrl":"https:\/\/www.ig.cas.cz\/wp-content\/uploads\/2020\/07\/komiks2.jpg","width":2000,"height":476},{"@type":"BreadcrumbList","@id":"https:\/\/www.ig.cas.cz\/en\/outreach\/comics-seismic-wave\/#breadcrumb","itemListElement":[{"@type":"ListItem","position":1,"name":"Dom\u016f","item":"https:\/\/www.ig.cas.cz\/en\/"},{"@type":"ListItem","position":2,"name":"Outreach","item":"https:\/\/www.ig.cas.cz\/en\/outreach\/"},{"@type":"ListItem","position":3,"name":"Comics &#8220;When the Earth Quakes&#8221;"}]},{"@type":"WebSite","@id":"https:\/\/www.ig.cas.cz\/#website","url":"https:\/\/www.ig.cas.cz\/","name":"Dom\u016f","description":"Geofyzik\u00e1ln\u00ed \u00fastav Akademie v\u011bd \u010cR, v.v.i.","potentialAction":[{"@type":"SearchAction","target":{"@type":"EntryPoint","urlTemplate":"https:\/\/www.ig.cas.cz\/?s={search_term_string}"},"query-input":{"@type":"PropertyValueSpecification","valueRequired":true,"valueName":"search_term_string"}}],"inLanguage":"en-US"}]}},"_links":{"self":[{"href":"https:\/\/www.ig.cas.cz\/en\/wp-json\/wp\/v2\/pages\/18765","targetHints":{"allow":["GET"]}}],"collection":[{"href":"https:\/\/www.ig.cas.cz\/en\/wp-json\/wp\/v2\/pages"}],"about":[{"href":"https:\/\/www.ig.cas.cz\/en\/wp-json\/wp\/v2\/types\/page"}],"author":[{"embeddable":true,"href":"https:\/\/www.ig.cas.cz\/en\/wp-json\/wp\/v2\/users\/2"}],"replies":[{"embeddable":true,"href":"https:\/\/www.ig.cas.cz\/en\/wp-json\/wp\/v2\/comments?post=18765"}],"version-history":[{"count":0,"href":"https:\/\/www.ig.cas.cz\/en\/wp-json\/wp\/v2\/pages\/18765\/revisions"}],"up":[{"embeddable":true,"href":"https:\/\/www.ig.cas.cz\/en\/wp-json\/wp\/v2\/pages\/386"}],"wp:featuredmedia":[{"embeddable":true,"href":"https:\/\/www.ig.cas.cz\/en\/wp-json\/wp\/v2\/media\/18931"}],"wp:attachment":[{"href":"https:\/\/www.ig.cas.cz\/en\/wp-json\/wp\/v2\/media?parent=18765"}],"wp:term":[{"taxonomy":"category","embeddable":true,"href":"https:\/\/www.ig.cas.cz\/en\/wp-json\/wp\/v2\/categories?post=18765"},{"taxonomy":"post_tag","embeddable":true,"href":"https:\/\/www.ig.cas.cz\/en\/wp-json\/wp\/v2\/tags?post=18765"}],"curies":[{"name":"wp","href":"https:\/\/api.w.org\/{rel}","templated":true}]}}