{"id":20518,"date":"2021-01-05T17:21:47","date_gmt":"2021-01-05T16:21:47","guid":{"rendered":"https:\/\/www.ig.cas.cz\/?page_id=20518"},"modified":"2021-04-22T15:06:22","modified_gmt":"2021-04-22T13:06:22","slug":"naspmon","status":"publish","type":"page","link":"https:\/\/www.ig.cas.cz\/en\/research\/projects\/naspmon\/","title":{"rendered":"Natural Seismicity as a&nbsp;Prospecting and Monitoring tool for geothermal energy extraction"},"content":{"rendered":"<p>[et_pb_section fb_built=&#8221;1&#8243; _builder_version=&#8221;3.22&#8243; custom_padding=&#8221;20px|0px|0px|0px&#8221;][et_pb_row column_structure=&#8221;2_3,1_3&#8243; _builder_version=&#8221;3.25&#8243; custom_padding=&#8221;0px|0px|20px|0px&#8221;][et_pb_column type=&#8221;2_3&#8243; _builder_version=&#8221;3.25&#8243; custom_padding=&#8221;|||&#8221; custom_padding__hover=&#8221;|||&#8221;][et_pb_text _builder_version=&#8221;4.6.0&#8243; hover_enabled=&#8221;0&#8243; sticky_enabled=&#8221;0&#8243;]<\/p>\n<p class=\"western\" lang=\"en-US\"><span style=\"color: #292929;\"><span style=\"font-size: medium;\"><span lang=\"cs-CZ\"><b>Natural Seismicity as a&nbsp;Prospecting and Monitoring tool for geothermal energy extraction <\/b><\/span><\/span><\/span><span style=\"color: #3e3b38;\"><span style=\"font-size: medium;\"><span lang=\"cs-CZ\"><b>(TO01000198)<\/b><\/span><\/span><\/span><strong>\u00a0<\/strong><\/p>\n<p class=\"western\" lang=\"en-US\" style=\"text-align: justify;\">Objectives of the project are:<\/p>\n<ul>\n<li class=\"western\" lang=\"en-US\" style=\"text-align: justify;\">to create new knowledge of the physical processes that cause earthquakes with special<br \/>emphasis on the role of fluids, geothermal operations and tectonic plate movements;<\/li>\n<li class=\"western\" lang=\"en-US\" style=\"text-align: justify;\">apply the results to develop guidelines for underground operations in seismically active areas;<\/li>\n<li class=\"western\" lang=\"en-US\" style=\"text-align: justify;\">test and develop seismic methods as a&nbsp;prospecting tool in geothermal exploration;<\/li>\n<li class=\"western\" lang=\"en-US\" style=\"text-align: justify;\">increase and strengthen the scientific capacity of research entities in the participating countries.<\/li>\n<\/ul>\n<p>The target area in Iceland has intensive seismicity due to variety of geodynamic processes and human activities, such as plate movements in rift segments, volcanos, active hydrothermal areas with production\/reinjection. The<br \/>results are transformable to other areas with potential geothermal sources and micro-earthquake activity.<\/p>\n<p>More information, news and results can be found at official <a href=\"https:\/\/www.ig.cas.cz\/en\/naspmon-project-website\/\">website<\/a> and <a href=\"https:\/\/twitter.com\/naspmon\">twitter account<\/a><\/p>\n<p>[\/et_pb_text][\/et_pb_column][et_pb_column type=&#8221;1_3&#8243; _builder_version=&#8221;3.25&#8243; custom_padding=&#8221;|||&#8221; custom_padding__hover=&#8221;|||&#8221;][et_pb_text _builder_version=&#8221;4.6.0&#8243;]<\/p>\n<p style=\"text-align: center;\">Lead solver:<a href=\"\/kontakty\/seznam-pracovniku\/pavla-hrubcova\/\">\u00a0<\/a><a href=\"\/en\/contact\/staff\/jan-burjanek\/\">Josef Hor\u00e1lek<\/a><br \/>(<a href=\"https:\/\/www.ig.cas.cz\/en\/departments\/seismology\/\">Seismology Department<\/a>, IG)<\/p>\n<p style=\"text-align: center;\">Other solvers: Gylfi P\u00e1ll Hersir (\u00cdSOR), Ji\u0159\u00ed M\u00e1lek (IRSM), Tom\u00e1\u0161 Fischer (CU)<\/p>\n<p style=\"text-align: center;\">Team members of IG: <a href=\"..\/..\/..\/kontakty\/seznam-pracovniku\/jana-doubravova\/\">Jana Doubravov\u00e1<\/a>, <a href=\"\/en\/contact\/staff\/jakub-klicpera\/\">Jakub Klicpera<\/a>, <a href=\"\/en\/contact\/staff\/pavla-hrubcova\/\">Pavla Hrubcov\u00e1<\/a>, <a href=\"\/en\/contact\/staff\/petra-adamova\/\">Petra Adamov\u00e1<\/a>, <a href=\"\/en\/contact\/staff\/bohuslav-ruzek\/\">Bohuslav R\u016f\u017eek<\/a>, <a href=\"\/en\/contact\/staff\/jan-sileny\/\">Jan \u0160\u00edlen\u00fd<\/a>, Veronika Turjakov\u00e1<br \/>(<a href=\"https:\/\/www.ig.cas.cz\/en\/departments\/seismology\/\">Seismology Department<\/a>, IG)<\/p>\n<p>[\/et_pb_text][\/et_pb_column][\/et_pb_row][et_pb_row _builder_version=&#8221;3.25&#8243; custom_padding=&#8221;4px|0px|27.2667px|0px&#8221;][et_pb_column type=&#8221;4_4&#8243; _builder_version=&#8221;3.25&#8243; custom_padding=&#8221;|||&#8221; custom_padding__hover=&#8221;|||&#8221;][et_pb_text _builder_version=&#8221;4.6.0&#8243;][\/et_pb_text][\/et_pb_column][\/et_pb_row][\/et_pb_section]<\/p>\n","protected":false},"excerpt":{"rendered":"<p>Natural Seismicity as a&nbsp;Prospecting and Monitoring tool for geothermal energy extraction (TO01000198)\u00a0 Objectives of the project are: to create new knowledge of the physical processes that cause earthquakes with specialemphasis on the role of fluids, geothermal operations and tectonic plate movements; apply the results to develop guidelines for underground operations in seismically active areas; [&hellip;]<\/p>\n","protected":false},"author":9,"featured_media":14269,"parent":5982,"menu_order":0,"comment_status":"closed","ping_status":"closed","template":"","meta":{"_et_pb_use_builder":"on","_et_pb_old_content":"<p>Vztah mezi anizotropi\u00ed magnetick\u00e9 susceptibility (AMS) a deforma\u010dn\u00ed mikrostrukturou bude studov\u00e1n v\u00a0p\u0159\u00edrodn\u00edch stri\u017en\u00fdch z\u00f3n\u00e1ch a srovn\u00e1n s analogov\u00fdm a numerick\u00fdm modelov\u00e1n\u00edm. Stri\u017en\u00e9 z\u00f3ny v\u00a0monominer\u00e1ln\u00edch hornin\u00e1ch (kalcit, kvarcit) p\u0159edstavuj\u00ed vhodn\u00e9 p\u0159\u00edrodn\u00ed laborato\u0159e ke studiu magnetick\u00e9 stavby, textury a mikrostruktury pro pochopen\u00ed mikrostrukturn\u00edch proces\u016f, kter\u00e9 kontroluj\u00ed vznik AMS.\u00a0Analogov\u00e9 modelov\u00e1n\u00ed bude prov\u00e1d\u011bno v r\u016fzn\u00fdch tektonick\u00fdch re\u017eimech pomoc\u00ed reologicky neline\u00e1rn\u00edch materi\u00e1l\u016f. Numerick\u00e9 modely budou po\u010d\u00edtat AMS na z\u00e1klad\u011b re\u00e1ln\u00e9 mikrostruktury a srovn\u00e1vat ji s\u00a0pozorovanou a m\u011b\u0159enou stavbou a stavebn\u00edmi p\u0159etisky. Kombinace ter\u00e9nn\u00ed, laboratorn\u00ed a numerick\u00e9\u00a0studie je nutn\u00e9 k pochopen\u00ed probl\u00e9mu \u010dasov\u00fdch a prostorov\u00fdch vztah\u016f mezi AMS horninovou stavbou a\u00a0kone\u010dnou deformac\u00ed. Z\u00edskan\u00e9 v\u00fdsledky p\u0159isp\u011bj\u00ed k pochopen\u00ed magnetick\u00e9 stavby ve st\u0159i\u017en\u00fdch z\u00f3n\u00e1ch na\u00a0z\u00e1klad\u011b hodnocen\u00ed vz\u00e1jemn\u00e9ho reologick\u00e9ho ovliv\u0148ov\u00e1n\u00ed z\u00e1kladn\u00ed hmoty a magnetick\u00fdch miner\u00e1l\u016f.<\/p>","_et_gb_content_width":"","footnotes":""},"categories":[],"tags":[],"class_list":["post-20518","page","type-page","status-publish","has-post-thumbnail","hentry"],"yoast_head":"<!-- This site is optimized with the Yoast SEO plugin v25.9 - https:\/\/yoast.com\/wordpress\/plugins\/seo\/ -->\n<title>Natural Seismicity as a Prospecting and Monitoring tool for geothermal energy extraction - Geofyzik\u00e1ln\u00ed \u00fastav Akademie v\u011bd \u010cR, v.v.i.<\/title>\n<meta name=\"robots\" content=\"index, follow, max-snippet:-1, max-image-preview:large, max-video-preview:-1\" \/>\n<link rel=\"canonical\" href=\"https:\/\/www.ig.cas.cz\/en\/research\/projects\/naspmon\/\" \/>\n<meta property=\"og:locale\" content=\"en_US\" \/>\n<meta property=\"og:type\" content=\"article\" \/>\n<meta property=\"og:title\" content=\"Natural Seismicity as a Prospecting and Monitoring tool for geothermal energy extraction - Geofyzik\u00e1ln\u00ed \u00fastav Akademie v\u011bd \u010cR, v.v.i.\" \/>\n<meta property=\"og:description\" content=\"Natural Seismicity as a Prospecting and Monitoring tool for geothermal energy extraction (TO01000198)\u00a0 Objectives of the project are: to create new knowledge of the physical processes that cause earthquakes with specialemphasis on the role of fluids, geothermal operations and tectonic plate movements; apply the results to develop guidelines for underground operations in seismically active areas; [&hellip;]\" \/>\n<meta property=\"og:url\" content=\"https:\/\/www.ig.cas.cz\/en\/research\/projects\/naspmon\/\" \/>\n<meta property=\"og:site_name\" content=\"Dom\u016f\" \/>\n<meta property=\"article:publisher\" content=\"https:\/\/www.facebook.com\/GFUAVCR\/\" \/>\n<meta property=\"article:modified_time\" content=\"2021-04-22T13:06:22+00:00\" \/>\n<meta property=\"og:image\" content=\"https:\/\/www.ig.cas.cz\/wp-content\/uploads\/2018\/01\/iceland_header.jpg\" \/>\n\t<meta property=\"og:image:width\" content=\"2500\" \/>\n\t<meta property=\"og:image:height\" content=\"259\" \/>\n\t<meta property=\"og:image:type\" content=\"image\/jpeg\" \/>\n<meta name=\"twitter:card\" content=\"summary_large_image\" \/>\n<meta name=\"twitter:label1\" content=\"Est. reading time\" \/>\n\t<meta name=\"twitter:data1\" content=\"1 minute\" \/>\n<script type=\"application\/ld+json\" class=\"yoast-schema-graph\">{\"@context\":\"https:\/\/schema.org\",\"@graph\":[{\"@type\":\"WebPage\",\"@id\":\"https:\/\/www.ig.cas.cz\/en\/research\/projects\/naspmon\/\",\"url\":\"https:\/\/www.ig.cas.cz\/en\/research\/projects\/naspmon\/\",\"name\":\"Natural Seismicity as a Prospecting and Monitoring tool for geothermal energy extraction - Geofyzik\u00e1ln\u00ed \u00fastav Akademie v\u011bd \u010cR, v.v.i.\",\"isPartOf\":{\"@id\":\"https:\/\/www.ig.cas.cz\/#website\"},\"primaryImageOfPage\":{\"@id\":\"https:\/\/www.ig.cas.cz\/en\/research\/projects\/naspmon\/#primaryimage\"},\"image\":{\"@id\":\"https:\/\/www.ig.cas.cz\/en\/research\/projects\/naspmon\/#primaryimage\"},\"thumbnailUrl\":\"https:\/\/www.ig.cas.cz\/wp-content\/uploads\/2018\/01\/iceland_header.jpg\",\"datePublished\":\"2021-01-05T16:21:47+00:00\",\"dateModified\":\"2021-04-22T13:06:22+00:00\",\"breadcrumb\":{\"@id\":\"https:\/\/www.ig.cas.cz\/en\/research\/projects\/naspmon\/#breadcrumb\"},\"inLanguage\":\"en-US\",\"potentialAction\":[{\"@type\":\"ReadAction\",\"target\":[\"https:\/\/www.ig.cas.cz\/en\/research\/projects\/naspmon\/\"]}]},{\"@type\":\"ImageObject\",\"inLanguage\":\"en-US\",\"@id\":\"https:\/\/www.ig.cas.cz\/en\/research\/projects\/naspmon\/#primaryimage\",\"url\":\"https:\/\/www.ig.cas.cz\/wp-content\/uploads\/2018\/01\/iceland_header.jpg\",\"contentUrl\":\"https:\/\/www.ig.cas.cz\/wp-content\/uploads\/2018\/01\/iceland_header.jpg\",\"width\":2500,\"height\":259},{\"@type\":\"BreadcrumbList\",\"@id\":\"https:\/\/www.ig.cas.cz\/en\/research\/projects\/naspmon\/#breadcrumb\",\"itemListElement\":[{\"@type\":\"ListItem\",\"position\":1,\"name\":\"Dom\u016f\",\"item\":\"https:\/\/www.ig.cas.cz\/en\/\"},{\"@type\":\"ListItem\",\"position\":2,\"name\":\"Research\",\"item\":\"https:\/\/www.ig.cas.cz\/en\/research\/\"},{\"@type\":\"ListItem\",\"position\":3,\"name\":\"Projects\",\"item\":\"https:\/\/www.ig.cas.cz\/en\/research\/projects\/\"},{\"@type\":\"ListItem\",\"position\":4,\"name\":\"Natural Seismicity as a Prospecting and Monitoring tool for geothermal energy extraction\"}]},{\"@type\":\"WebSite\",\"@id\":\"https:\/\/www.ig.cas.cz\/#website\",\"url\":\"https:\/\/www.ig.cas.cz\/\",\"name\":\"Dom\u016f\",\"description\":\"Geofyzik\u00e1ln\u00ed \u00fastav Akademie v\u011bd \u010cR, v.v.i.\",\"potentialAction\":[{\"@type\":\"SearchAction\",\"target\":{\"@type\":\"EntryPoint\",\"urlTemplate\":\"https:\/\/www.ig.cas.cz\/?s={search_term_string}\"},\"query-input\":{\"@type\":\"PropertyValueSpecification\",\"valueRequired\":true,\"valueName\":\"search_term_string\"}}],\"inLanguage\":\"en-US\"}]}<\/script>\n<!-- \/ Yoast SEO plugin. -->","yoast_head_json":{"title":"Natural Seismicity as a Prospecting and Monitoring tool for geothermal energy extraction - Geofyzik\u00e1ln\u00ed \u00fastav Akademie v\u011bd \u010cR, v.v.i.","robots":{"index":"index","follow":"follow","max-snippet":"max-snippet:-1","max-image-preview":"max-image-preview:large","max-video-preview":"max-video-preview:-1"},"canonical":"https:\/\/www.ig.cas.cz\/en\/research\/projects\/naspmon\/","og_locale":"en_US","og_type":"article","og_title":"Natural Seismicity as a Prospecting and Monitoring tool for geothermal energy extraction - Geofyzik\u00e1ln\u00ed \u00fastav Akademie v\u011bd \u010cR, v.v.i.","og_description":"Natural Seismicity as a Prospecting and Monitoring tool for geothermal energy extraction (TO01000198)\u00a0 Objectives of the project are: to create new knowledge of the physical processes that cause earthquakes with specialemphasis on the role of fluids, geothermal operations and tectonic plate movements; apply the results to develop guidelines for underground operations in seismically active areas; [&hellip;]","og_url":"https:\/\/www.ig.cas.cz\/en\/research\/projects\/naspmon\/","og_site_name":"Dom\u016f","article_publisher":"https:\/\/www.facebook.com\/GFUAVCR\/","article_modified_time":"2021-04-22T13:06:22+00:00","og_image":[{"width":2500,"height":259,"url":"https:\/\/www.ig.cas.cz\/wp-content\/uploads\/2018\/01\/iceland_header.jpg","type":"image\/jpeg"}],"twitter_card":"summary_large_image","twitter_misc":{"Est. reading time":"1 minute"},"schema":{"@context":"https:\/\/schema.org","@graph":[{"@type":"WebPage","@id":"https:\/\/www.ig.cas.cz\/en\/research\/projects\/naspmon\/","url":"https:\/\/www.ig.cas.cz\/en\/research\/projects\/naspmon\/","name":"Natural Seismicity as a Prospecting and Monitoring tool for geothermal energy extraction - Geofyzik\u00e1ln\u00ed \u00fastav Akademie v\u011bd \u010cR, v.v.i.","isPartOf":{"@id":"https:\/\/www.ig.cas.cz\/#website"},"primaryImageOfPage":{"@id":"https:\/\/www.ig.cas.cz\/en\/research\/projects\/naspmon\/#primaryimage"},"image":{"@id":"https:\/\/www.ig.cas.cz\/en\/research\/projects\/naspmon\/#primaryimage"},"thumbnailUrl":"https:\/\/www.ig.cas.cz\/wp-content\/uploads\/2018\/01\/iceland_header.jpg","datePublished":"2021-01-05T16:21:47+00:00","dateModified":"2021-04-22T13:06:22+00:00","breadcrumb":{"@id":"https:\/\/www.ig.cas.cz\/en\/research\/projects\/naspmon\/#breadcrumb"},"inLanguage":"en-US","potentialAction":[{"@type":"ReadAction","target":["https:\/\/www.ig.cas.cz\/en\/research\/projects\/naspmon\/"]}]},{"@type":"ImageObject","inLanguage":"en-US","@id":"https:\/\/www.ig.cas.cz\/en\/research\/projects\/naspmon\/#primaryimage","url":"https:\/\/www.ig.cas.cz\/wp-content\/uploads\/2018\/01\/iceland_header.jpg","contentUrl":"https:\/\/www.ig.cas.cz\/wp-content\/uploads\/2018\/01\/iceland_header.jpg","width":2500,"height":259},{"@type":"BreadcrumbList","@id":"https:\/\/www.ig.cas.cz\/en\/research\/projects\/naspmon\/#breadcrumb","itemListElement":[{"@type":"ListItem","position":1,"name":"Dom\u016f","item":"https:\/\/www.ig.cas.cz\/en\/"},{"@type":"ListItem","position":2,"name":"Research","item":"https:\/\/www.ig.cas.cz\/en\/research\/"},{"@type":"ListItem","position":3,"name":"Projects","item":"https:\/\/www.ig.cas.cz\/en\/research\/projects\/"},{"@type":"ListItem","position":4,"name":"Natural Seismicity as a Prospecting and Monitoring tool for geothermal energy extraction"}]},{"@type":"WebSite","@id":"https:\/\/www.ig.cas.cz\/#website","url":"https:\/\/www.ig.cas.cz\/","name":"Dom\u016f","description":"Geofyzik\u00e1ln\u00ed \u00fastav Akademie v\u011bd \u010cR, v.v.i.","potentialAction":[{"@type":"SearchAction","target":{"@type":"EntryPoint","urlTemplate":"https:\/\/www.ig.cas.cz\/?s={search_term_string}"},"query-input":{"@type":"PropertyValueSpecification","valueRequired":true,"valueName":"search_term_string"}}],"inLanguage":"en-US"}]}},"_links":{"self":[{"href":"https:\/\/www.ig.cas.cz\/en\/wp-json\/wp\/v2\/pages\/20518","targetHints":{"allow":["GET"]}}],"collection":[{"href":"https:\/\/www.ig.cas.cz\/en\/wp-json\/wp\/v2\/pages"}],"about":[{"href":"https:\/\/www.ig.cas.cz\/en\/wp-json\/wp\/v2\/types\/page"}],"author":[{"embeddable":true,"href":"https:\/\/www.ig.cas.cz\/en\/wp-json\/wp\/v2\/users\/9"}],"replies":[{"embeddable":true,"href":"https:\/\/www.ig.cas.cz\/en\/wp-json\/wp\/v2\/comments?post=20518"}],"version-history":[{"count":0,"href":"https:\/\/www.ig.cas.cz\/en\/wp-json\/wp\/v2\/pages\/20518\/revisions"}],"up":[{"embeddable":true,"href":"https:\/\/www.ig.cas.cz\/en\/wp-json\/wp\/v2\/pages\/5982"}],"wp:featuredmedia":[{"embeddable":true,"href":"https:\/\/www.ig.cas.cz\/en\/wp-json\/wp\/v2\/media\/14269"}],"wp:attachment":[{"href":"https:\/\/www.ig.cas.cz\/en\/wp-json\/wp\/v2\/media?parent=20518"}],"wp:term":[{"taxonomy":"category","embeddable":true,"href":"https:\/\/www.ig.cas.cz\/en\/wp-json\/wp\/v2\/categories?post=20518"},{"taxonomy":"post_tag","embeddable":true,"href":"https:\/\/www.ig.cas.cz\/en\/wp-json\/wp\/v2\/tags?post=20518"}],"curies":[{"name":"wp","href":"https:\/\/api.w.org\/{rel}","templated":true}]}}