{"id":20796,"date":"2021-01-13T10:39:33","date_gmt":"2021-01-13T09:39:33","guid":{"rendered":"https:\/\/www.ig.cas.cz\/?page_id=20796"},"modified":"2021-01-14T18:47:46","modified_gmt":"2021-01-14T17:47:46","slug":"caprock-iran","status":"publish","type":"page","link":"https:\/\/www.ig.cas.cz\/en\/caprock-iran\/","title":{"rendered":"Influence of caprock on the growth dynamics of salt diapirs in Iran"},"content":{"rendered":"<p>[et_pb_section fb_built=&#8221;1&#8243; _builder_version=&#8221;4.6.0&#8243; _module_preset=&#8221;default&#8221;][et_pb_row column_structure=&#8221;3_5,2_5&#8243; _builder_version=&#8221;4.6.0&#8243; _module_preset=&#8221;default&#8221;][et_pb_column type=&#8221;3_5&#8243; _builder_version=&#8221;4.6.0&#8243; _module_preset=&#8221;default&#8221;][et_pb_text _builder_version=&#8221;4.6.0&#8243; _module_preset=&#8221;default&#8221;]<\/p>\n<p><strong>Influence of caprock on the growth dynamics of salt diapirs in Iran<\/strong><\/p>\n<p>The Zagros fold and thrust belt (ZFTB) in southeastern Iran offers unique surface exposures of salt diapirs that can be directly studied in the field and by remote sensing methods. These structures reveal mobilized salt together with its overlying solid residuum (caprock) that reflect reactivation of several kilometers high, columnar salt diapirs by the compressional tectonic stresses. Major aim of the present bi-lateral proposal is the deeper understanding of the mechanical properties of caprock and influence of the caprock properties on the morphotectonics of the diapiric extrusions and overall kinematic evolution of salt diapirs. Present proposal addresses the internal structure and growth dynamics of salt diapirs in the ZFTB by integrating the field geological, geochronological, geodetical and gravimetric survey datasets. Scaled analogue modeling with strain quantification system will be employed for simulating the deformation dynamics of the caprock sequences above the salt diapir extrusions. The goal of the study is a&nbsp;deeper understanding of mechanical behaviour of caprock and the influence of caprock properties on the morphotectonics of the diapiric extrusions and overall kinematic evolution of salt diapirs.<\/p>\n<p>[\/et_pb_text][\/et_pb_column][et_pb_column type=&#8221;2_5&#8243; _builder_version=&#8221;4.6.0&#8243; _module_preset=&#8221;default&#8221;][et_pb_text _builder_version=&#8221;4.6.0&#8243; _module_preset=&#8221;default&#8221; hover_enabled=&#8221;0&#8243; sticky_enabled=&#8221;0&#8243;]<\/p>\n<p>Bilateral grant project with University in Munich, Germany (Ludwig-Maximilians-Universit\u00e4t M\u00fcnchen, Prof. Anke Friedrich)<\/p>\n<p>Principal investigator: <strong><a href=\"https:\/\/www.ig.cas.cz\/en\/contact\/staff\/prokop-zavada\/\">Prokop Z\u00e1vada<\/a><\/strong>, PhD.<br \/>Co-principal investigator: doc. dr. Ji\u0159\u00ed Bruthans<\/p>\n<p>Team members:<br \/><a href=\"https:\/\/www.ig.cas.cz\/en\/contact\/staff\/michael-warsitzka\/\">Dr. Michael Warsitzka<\/a>, researcher<br \/><a href=\"https:\/\/www.ig.cas.cz\/en\/contact\/staff\/sadegh-adineh\/\">Sadegh Adineh<\/a>, researcher<br \/><a href=\"https:\/\/www.ig.cas.cz\/en\/contact\/staff\/ondrej-kryza\/\">Dr. Ond\u0159ej Kr\u00fdza<\/a>, researcher<br \/><a href=\"https:\/\/www.ig.cas.cz\/en\/contact\/staff\/jan-mrlina\/\">Dr. Jan Mrlina<\/a>, researcher<br \/><a href=\"https:\/\/www.ig.cas.cz\/en\/contact\/staff\/michal-seidl\/\">Dr. Michal Seidl<\/a>, researcher<br \/>Ji\u0159\u00ed Semer\u00e1d, technician<\/p>\n<p>Project duration: 2020 &#8211; 2022<\/p>\n<p>[\/et_pb_text][\/et_pb_column][\/et_pb_row][et_pb_row column_structure=&#8221;1_3,1_3,1_3&#8243; _builder_version=&#8221;4.6.0&#8243; _module_preset=&#8221;default&#8221;][et_pb_column type=&#8221;1_3&#8243; _builder_version=&#8221;4.6.0&#8243; _module_preset=&#8221;default&#8221;][et_pb_image src=&#8221;https:\/\/www.ig.cas.cz\/wp-content\/uploads\/2021\/01\/web-obr-prokop3.jpg&#8221; title_text=&#8221;Web Obr Prokop3&#8243; _builder_version=&#8221;4.6.0&#8243; _module_preset=&#8221;default&#8221;][\/et_pb_image][\/et_pb_column][et_pb_column type=&#8221;1_3&#8243; _builder_version=&#8221;4.6.0&#8243; _module_preset=&#8221;default&#8221;][et_pb_image src=&#8221;https:\/\/www.ig.cas.cz\/wp-content\/uploads\/2021\/01\/web-obr-prokop2.jpg&#8221; _builder_version=&#8221;4.6.0&#8243; _module_preset=&#8221;default&#8221;][\/et_pb_image][\/et_pb_column][et_pb_column type=&#8221;1_3&#8243; _builder_version=&#8221;4.6.0&#8243; _module_preset=&#8221;default&#8221;][et_pb_image src=&#8221;https:\/\/www.ig.cas.cz\/wp-content\/uploads\/2021\/01\/web-obr-prokop1.jpg&#8221; _builder_version=&#8221;4.6.0&#8243; _module_preset=&#8221;default&#8221;][\/et_pb_image][\/et_pb_column][\/et_pb_row][\/et_pb_section]<\/p>\n","protected":false},"excerpt":{"rendered":"<p>Influence of caprock on the growth dynamics of salt diapirs in Iran The Zagros fold and thrust belt (ZFTB) in southeastern Iran offers unique surface exposures of salt diapirs that can be directly studied in the field and by remote sensing methods. These structures reveal mobilized salt together with its overlying solid residuum (caprock) that [&hellip;]<\/p>\n","protected":false},"author":2,"featured_media":0,"parent":0,"menu_order":0,"comment_status":"closed","ping_status":"closed","template":"","meta":{"_et_pb_use_builder":"on","_et_pb_old_content":"","_et_gb_content_width":"","footnotes":""},"categories":[],"tags":[],"class_list":["post-20796","page","type-page","status-publish","hentry"],"yoast_head":"<!-- This site is optimized with the Yoast SEO plugin v25.9 - https:\/\/yoast.com\/wordpress\/plugins\/seo\/ -->\n<title>Influence of caprock on the growth dynamics of salt diapirs in Iran - Geofyzik\u00e1ln\u00ed \u00fastav Akademie v\u011bd \u010cR, v.v.i.<\/title>\n<meta name=\"robots\" content=\"index, follow, max-snippet:-1, max-image-preview:large, max-video-preview:-1\" \/>\n<link rel=\"canonical\" href=\"https:\/\/www.ig.cas.cz\/en\/caprock-iran\/\" \/>\n<meta property=\"og:locale\" content=\"en_US\" \/>\n<meta property=\"og:type\" content=\"article\" \/>\n<meta property=\"og:title\" content=\"Influence of caprock on the growth dynamics of salt diapirs in Iran - Geofyzik\u00e1ln\u00ed \u00fastav Akademie v\u011bd \u010cR, v.v.i.\" \/>\n<meta property=\"og:description\" content=\"Influence of caprock on the growth dynamics of salt diapirs in Iran The Zagros fold and thrust belt (ZFTB) in southeastern Iran offers unique surface exposures of salt diapirs that can be directly studied in the field and by remote sensing methods. These structures reveal mobilized salt together with its overlying solid residuum (caprock) that [&hellip;]\" \/>\n<meta property=\"og:url\" content=\"https:\/\/www.ig.cas.cz\/en\/caprock-iran\/\" \/>\n<meta property=\"og:site_name\" content=\"Dom\u016f\" \/>\n<meta property=\"article:publisher\" content=\"https:\/\/www.facebook.com\/GFUAVCR\/\" \/>\n<meta property=\"article:modified_time\" content=\"2021-01-14T17:47:46+00:00\" \/>\n<meta name=\"twitter:card\" content=\"summary_large_image\" \/>\n<meta name=\"twitter:label1\" content=\"Est. reading time\" \/>\n\t<meta name=\"twitter:data1\" content=\"2 minutes\" \/>\n<script type=\"application\/ld+json\" class=\"yoast-schema-graph\">{\"@context\":\"https:\/\/schema.org\",\"@graph\":[{\"@type\":\"WebPage\",\"@id\":\"https:\/\/www.ig.cas.cz\/en\/caprock-iran\/\",\"url\":\"https:\/\/www.ig.cas.cz\/en\/caprock-iran\/\",\"name\":\"Influence of caprock on the growth dynamics of salt diapirs in Iran - Geofyzik\u00e1ln\u00ed \u00fastav Akademie v\u011bd \u010cR, v.v.i.\",\"isPartOf\":{\"@id\":\"https:\/\/www.ig.cas.cz\/#website\"},\"datePublished\":\"2021-01-13T09:39:33+00:00\",\"dateModified\":\"2021-01-14T17:47:46+00:00\",\"breadcrumb\":{\"@id\":\"https:\/\/www.ig.cas.cz\/en\/caprock-iran\/#breadcrumb\"},\"inLanguage\":\"en-US\",\"potentialAction\":[{\"@type\":\"ReadAction\",\"target\":[\"https:\/\/www.ig.cas.cz\/en\/caprock-iran\/\"]}]},{\"@type\":\"BreadcrumbList\",\"@id\":\"https:\/\/www.ig.cas.cz\/en\/caprock-iran\/#breadcrumb\",\"itemListElement\":[{\"@type\":\"ListItem\",\"position\":1,\"name\":\"Dom\u016f\",\"item\":\"https:\/\/www.ig.cas.cz\/en\/\"},{\"@type\":\"ListItem\",\"position\":2,\"name\":\"Influence of caprock on the growth dynamics of salt diapirs in Iran\"}]},{\"@type\":\"WebSite\",\"@id\":\"https:\/\/www.ig.cas.cz\/#website\",\"url\":\"https:\/\/www.ig.cas.cz\/\",\"name\":\"Dom\u016f\",\"description\":\"Geofyzik\u00e1ln\u00ed \u00fastav Akademie v\u011bd \u010cR, v.v.i.\",\"potentialAction\":[{\"@type\":\"SearchAction\",\"target\":{\"@type\":\"EntryPoint\",\"urlTemplate\":\"https:\/\/www.ig.cas.cz\/?s={search_term_string}\"},\"query-input\":{\"@type\":\"PropertyValueSpecification\",\"valueRequired\":true,\"valueName\":\"search_term_string\"}}],\"inLanguage\":\"en-US\"}]}<\/script>\n<!-- \/ Yoast SEO plugin. -->","yoast_head_json":{"title":"Influence of caprock on the growth dynamics of salt diapirs in Iran - Geofyzik\u00e1ln\u00ed \u00fastav Akademie v\u011bd \u010cR, v.v.i.","robots":{"index":"index","follow":"follow","max-snippet":"max-snippet:-1","max-image-preview":"max-image-preview:large","max-video-preview":"max-video-preview:-1"},"canonical":"https:\/\/www.ig.cas.cz\/en\/caprock-iran\/","og_locale":"en_US","og_type":"article","og_title":"Influence of caprock on the growth dynamics of salt diapirs in Iran - Geofyzik\u00e1ln\u00ed \u00fastav Akademie v\u011bd \u010cR, v.v.i.","og_description":"Influence of caprock on the growth dynamics of salt diapirs in Iran The Zagros fold and thrust belt (ZFTB) in southeastern Iran offers unique surface exposures of salt diapirs that can be directly studied in the field and by remote sensing methods. These structures reveal mobilized salt together with its overlying solid residuum (caprock) that [&hellip;]","og_url":"https:\/\/www.ig.cas.cz\/en\/caprock-iran\/","og_site_name":"Dom\u016f","article_publisher":"https:\/\/www.facebook.com\/GFUAVCR\/","article_modified_time":"2021-01-14T17:47:46+00:00","twitter_card":"summary_large_image","twitter_misc":{"Est. reading time":"2 minutes"},"schema":{"@context":"https:\/\/schema.org","@graph":[{"@type":"WebPage","@id":"https:\/\/www.ig.cas.cz\/en\/caprock-iran\/","url":"https:\/\/www.ig.cas.cz\/en\/caprock-iran\/","name":"Influence of caprock on the growth dynamics of salt diapirs in Iran - Geofyzik\u00e1ln\u00ed \u00fastav Akademie v\u011bd \u010cR, v.v.i.","isPartOf":{"@id":"https:\/\/www.ig.cas.cz\/#website"},"datePublished":"2021-01-13T09:39:33+00:00","dateModified":"2021-01-14T17:47:46+00:00","breadcrumb":{"@id":"https:\/\/www.ig.cas.cz\/en\/caprock-iran\/#breadcrumb"},"inLanguage":"en-US","potentialAction":[{"@type":"ReadAction","target":["https:\/\/www.ig.cas.cz\/en\/caprock-iran\/"]}]},{"@type":"BreadcrumbList","@id":"https:\/\/www.ig.cas.cz\/en\/caprock-iran\/#breadcrumb","itemListElement":[{"@type":"ListItem","position":1,"name":"Dom\u016f","item":"https:\/\/www.ig.cas.cz\/en\/"},{"@type":"ListItem","position":2,"name":"Influence of caprock on the growth dynamics of salt diapirs in Iran"}]},{"@type":"WebSite","@id":"https:\/\/www.ig.cas.cz\/#website","url":"https:\/\/www.ig.cas.cz\/","name":"Dom\u016f","description":"Geofyzik\u00e1ln\u00ed \u00fastav Akademie v\u011bd \u010cR, v.v.i.","potentialAction":[{"@type":"SearchAction","target":{"@type":"EntryPoint","urlTemplate":"https:\/\/www.ig.cas.cz\/?s={search_term_string}"},"query-input":{"@type":"PropertyValueSpecification","valueRequired":true,"valueName":"search_term_string"}}],"inLanguage":"en-US"}]}},"_links":{"self":[{"href":"https:\/\/www.ig.cas.cz\/en\/wp-json\/wp\/v2\/pages\/20796","targetHints":{"allow":["GET"]}}],"collection":[{"href":"https:\/\/www.ig.cas.cz\/en\/wp-json\/wp\/v2\/pages"}],"about":[{"href":"https:\/\/www.ig.cas.cz\/en\/wp-json\/wp\/v2\/types\/page"}],"author":[{"embeddable":true,"href":"https:\/\/www.ig.cas.cz\/en\/wp-json\/wp\/v2\/users\/2"}],"replies":[{"embeddable":true,"href":"https:\/\/www.ig.cas.cz\/en\/wp-json\/wp\/v2\/comments?post=20796"}],"version-history":[{"count":0,"href":"https:\/\/www.ig.cas.cz\/en\/wp-json\/wp\/v2\/pages\/20796\/revisions"}],"wp:attachment":[{"href":"https:\/\/www.ig.cas.cz\/en\/wp-json\/wp\/v2\/media?parent=20796"}],"wp:term":[{"taxonomy":"category","embeddable":true,"href":"https:\/\/www.ig.cas.cz\/en\/wp-json\/wp\/v2\/categories?post=20796"},{"taxonomy":"post_tag","embeddable":true,"href":"https:\/\/www.ig.cas.cz\/en\/wp-json\/wp\/v2\/tags?post=20796"}],"curies":[{"name":"wp","href":"https:\/\/api.w.org\/{rel}","templated":true}]}}