{"id":20869,"date":"2021-01-13T12:55:54","date_gmt":"2021-01-13T11:55:54","guid":{"rendered":"https:\/\/www.ig.cas.cz\/?page_id=20869"},"modified":"2021-01-13T13:05:29","modified_gmt":"2021-01-13T12:05:29","slug":"mobnet-adriaarray","status":"publish","type":"page","link":"https:\/\/www.ig.cas.cz\/en\/mobnet-adriaarray\/","title":{"rendered":"MOBNET in AdriaArray &#8211; Pan-European multi-disciplinary reserach of Adriatic plate"},"content":{"rendered":"<p>[et_pb_section fb_built=&#8221;1&#8243; _builder_version=&#8221;4.6.0&#8243; _module_preset=&#8221;default&#8221;][et_pb_row column_structure=&#8221;3_5,2_5&#8243; _builder_version=&#8221;4.6.0&#8243; _module_preset=&#8221;default&#8221;][et_pb_column type=&#8221;3_5&#8243; _builder_version=&#8221;4.6.0&#8243; _module_preset=&#8221;default&#8221;][et_pb_text _builder_version=&#8221;4.6.0&#8243; _module_preset=&#8221;default&#8221;]<\/p>\n<p><strong>MOBNET in AdriaArray &#8211; Pan-European multi-disciplinary reserach of Adriatic plate<\/strong><\/p>\n<p>The AdriaArray is a&nbsp;new European initiative, rooted on previous successful multidisciplinary AlpArray project realised in a&nbsp;broad international cooperation. The AdriaArray will cover the entire Adriatic plate in south-eastern Europe and will seek answers on fundamental questions related to plate geodynamics and deformation. We will install and keep running ~50 broad-band temporary seismic stations of the MOBNET pool of IG CAS in the project. Our data will contribute to a&nbsp;broad international research, in which we will concentrate prevailingly on the deep contact of the E. Alps \u2013 Carpatians &#8211; East European Craton &#8211; Pannonian Basin region and on the Adria\/European plate contact and structure of the lithosphere-asthenosphere system beneath the central-east Balkan. We will apply different methods to unravel structure of the crust, lower lithosphere and upper mantle and perform joint inversions of independent data sets (seismic, gravity, magnetotelluric) for getting self-consistent realistic 3D velocity models contributing to understanding development of the European lithosphere.<\/p>\n<p>AdriaArray will extend the high-resolution model of the Alps and surroundings towards the southeastern part of Europe, particularly to the Adria, its margins and contacts with the European plate. We will develop 3D self-consistent realistic models to explain geodynamics of the region.<\/p>\n<p>[\/et_pb_text][\/et_pb_column][et_pb_column type=&#8221;2_5&#8243; _builder_version=&#8221;4.6.0&#8243; _module_preset=&#8221;default&#8221;][et_pb_text _builder_version=&#8221;4.6.0&#8243; _module_preset=&#8221;default&#8221;]<\/p>\n<p>Team:<\/p>\n<p><strong><a href=\"https:\/\/www.ig.cas.cz\/en\/contact\/staff\/jaroslava-plomerova\/\">Dr. Jaroslava Plomerov\u00e1<\/a>, principal researcher<br \/><\/strong>Dr. Vladislav Babu\u0161ka, researcher<br \/><a href=\"https:\/\/www.ig.cas.cz\/en\/contact\/staff\/ludek-vecsey\/\">Dr. Lud\u011bk Vecsey<\/a>, researcher<br \/><a href=\"https:\/\/www.ig.cas.cz\/en\/contact\/staff\/helena-munzarova\/\">Dr. Helena \u017dleb\u010d\u00edkov\u00e1<\/a>, researcher<br \/><a href=\"https:\/\/www.ig.cas.cz\/en\/contact\/staff\/jiri-kvapil\/\">Dr. Ji\u0159\u00ed Kvapil<\/a>, researcher<br \/><a href=\"https:\/\/www.ig.cas.cz\/en\/contact\/staff\/hana-kampfova-exnerova\/\">Hana Kampfov\u00e1 Exnerov\u00e1<\/a>, researcher<br \/>Petr Jedli\u010dka, technician<br \/>Josef Kotek, technician<\/p>\n<p>Project duration: 2021 &#8211; 2023<\/p>\n<p>[\/et_pb_text][et_pb_image src=&#8221;https:\/\/www.ig.cas.cz\/wp-content\/uploads\/2021\/01\/web-obr-plomerova.jpg&#8221; _builder_version=&#8221;4.6.0&#8243; _module_preset=&#8221;default&#8221;][\/et_pb_image][\/et_pb_column][\/et_pb_row][\/et_pb_section]<\/p>\n","protected":false},"excerpt":{"rendered":"<p>MOBNET in AdriaArray &#8211; Pan-European multi-disciplinary reserach of Adriatic plate The AdriaArray is a&nbsp;new European initiative, rooted on previous successful multidisciplinary AlpArray project realised in a&nbsp;broad international cooperation. The AdriaArray will cover the entire Adriatic plate in south-eastern Europe and will seek answers on fundamental questions related to plate geodynamics and deformation. We [&hellip;]<\/p>\n","protected":false},"author":2,"featured_media":0,"parent":0,"menu_order":0,"comment_status":"closed","ping_status":"closed","template":"","meta":{"_et_pb_use_builder":"on","_et_pb_old_content":"","_et_gb_content_width":"","footnotes":""},"categories":[],"tags":[],"class_list":["post-20869","page","type-page","status-publish","hentry"],"yoast_head":"<!-- This site is optimized with the Yoast SEO plugin v25.9 - https:\/\/yoast.com\/wordpress\/plugins\/seo\/ -->\n<title>MOBNET in AdriaArray - Pan-European multi-disciplinary reserach of Adriatic plate - Geofyzik\u00e1ln\u00ed \u00fastav Akademie v\u011bd \u010cR, v.v.i.<\/title>\n<meta name=\"robots\" content=\"index, follow, max-snippet:-1, max-image-preview:large, max-video-preview:-1\" \/>\n<link rel=\"canonical\" href=\"https:\/\/www.ig.cas.cz\/en\/mobnet-adriaarray\/\" \/>\n<meta property=\"og:locale\" content=\"en_US\" \/>\n<meta property=\"og:type\" content=\"article\" \/>\n<meta property=\"og:title\" content=\"MOBNET in AdriaArray - Pan-European multi-disciplinary reserach of Adriatic plate - Geofyzik\u00e1ln\u00ed \u00fastav Akademie v\u011bd \u010cR, v.v.i.\" \/>\n<meta property=\"og:description\" content=\"MOBNET in AdriaArray - Pan-European multi-disciplinary reserach of Adriatic plate The AdriaArray is a new European initiative, rooted on previous successful multidisciplinary AlpArray project realised in a broad international cooperation. The AdriaArray will cover the entire Adriatic plate in south-eastern Europe and will seek answers on fundamental questions related to plate geodynamics and deformation. We [&hellip;]\" \/>\n<meta property=\"og:url\" content=\"https:\/\/www.ig.cas.cz\/en\/mobnet-adriaarray\/\" \/>\n<meta property=\"og:site_name\" content=\"Dom\u016f\" \/>\n<meta property=\"article:publisher\" content=\"https:\/\/www.facebook.com\/GFUAVCR\/\" \/>\n<meta property=\"article:modified_time\" content=\"2021-01-13T12:05:29+00:00\" \/>\n<meta name=\"twitter:card\" content=\"summary_large_image\" \/>\n<meta name=\"twitter:label1\" content=\"Est. reading time\" \/>\n\t<meta name=\"twitter:data1\" content=\"2 minutes\" \/>\n<script type=\"application\/ld+json\" class=\"yoast-schema-graph\">{\"@context\":\"https:\/\/schema.org\",\"@graph\":[{\"@type\":\"WebPage\",\"@id\":\"https:\/\/www.ig.cas.cz\/en\/mobnet-adriaarray\/\",\"url\":\"https:\/\/www.ig.cas.cz\/en\/mobnet-adriaarray\/\",\"name\":\"MOBNET in AdriaArray - Pan-European multi-disciplinary reserach of Adriatic plate - Geofyzik\u00e1ln\u00ed \u00fastav Akademie v\u011bd \u010cR, v.v.i.\",\"isPartOf\":{\"@id\":\"https:\/\/www.ig.cas.cz\/#website\"},\"datePublished\":\"2021-01-13T11:55:54+00:00\",\"dateModified\":\"2021-01-13T12:05:29+00:00\",\"breadcrumb\":{\"@id\":\"https:\/\/www.ig.cas.cz\/en\/mobnet-adriaarray\/#breadcrumb\"},\"inLanguage\":\"en-US\",\"potentialAction\":[{\"@type\":\"ReadAction\",\"target\":[\"https:\/\/www.ig.cas.cz\/en\/mobnet-adriaarray\/\"]}]},{\"@type\":\"BreadcrumbList\",\"@id\":\"https:\/\/www.ig.cas.cz\/en\/mobnet-adriaarray\/#breadcrumb\",\"itemListElement\":[{\"@type\":\"ListItem\",\"position\":1,\"name\":\"Dom\u016f\",\"item\":\"https:\/\/www.ig.cas.cz\/en\/\"},{\"@type\":\"ListItem\",\"position\":2,\"name\":\"MOBNET in AdriaArray &#8211; Pan-European multi-disciplinary reserach of Adriatic plate\"}]},{\"@type\":\"WebSite\",\"@id\":\"https:\/\/www.ig.cas.cz\/#website\",\"url\":\"https:\/\/www.ig.cas.cz\/\",\"name\":\"Dom\u016f\",\"description\":\"Geofyzik\u00e1ln\u00ed \u00fastav Akademie v\u011bd \u010cR, v.v.i.\",\"potentialAction\":[{\"@type\":\"SearchAction\",\"target\":{\"@type\":\"EntryPoint\",\"urlTemplate\":\"https:\/\/www.ig.cas.cz\/?s={search_term_string}\"},\"query-input\":{\"@type\":\"PropertyValueSpecification\",\"valueRequired\":true,\"valueName\":\"search_term_string\"}}],\"inLanguage\":\"en-US\"}]}<\/script>\n<!-- \/ Yoast SEO plugin. -->","yoast_head_json":{"title":"MOBNET in AdriaArray - Pan-European multi-disciplinary reserach of Adriatic plate - Geofyzik\u00e1ln\u00ed \u00fastav Akademie v\u011bd \u010cR, v.v.i.","robots":{"index":"index","follow":"follow","max-snippet":"max-snippet:-1","max-image-preview":"max-image-preview:large","max-video-preview":"max-video-preview:-1"},"canonical":"https:\/\/www.ig.cas.cz\/en\/mobnet-adriaarray\/","og_locale":"en_US","og_type":"article","og_title":"MOBNET in AdriaArray - Pan-European multi-disciplinary reserach of Adriatic plate - Geofyzik\u00e1ln\u00ed \u00fastav Akademie v\u011bd \u010cR, v.v.i.","og_description":"MOBNET in AdriaArray - Pan-European multi-disciplinary reserach of Adriatic plate The AdriaArray is a new European initiative, rooted on previous successful multidisciplinary AlpArray project realised in a broad international cooperation. The AdriaArray will cover the entire Adriatic plate in south-eastern Europe and will seek answers on fundamental questions related to plate geodynamics and deformation. We [&hellip;]","og_url":"https:\/\/www.ig.cas.cz\/en\/mobnet-adriaarray\/","og_site_name":"Dom\u016f","article_publisher":"https:\/\/www.facebook.com\/GFUAVCR\/","article_modified_time":"2021-01-13T12:05:29+00:00","twitter_card":"summary_large_image","twitter_misc":{"Est. reading time":"2 minutes"},"schema":{"@context":"https:\/\/schema.org","@graph":[{"@type":"WebPage","@id":"https:\/\/www.ig.cas.cz\/en\/mobnet-adriaarray\/","url":"https:\/\/www.ig.cas.cz\/en\/mobnet-adriaarray\/","name":"MOBNET in AdriaArray - Pan-European multi-disciplinary reserach of Adriatic plate - Geofyzik\u00e1ln\u00ed \u00fastav Akademie v\u011bd \u010cR, v.v.i.","isPartOf":{"@id":"https:\/\/www.ig.cas.cz\/#website"},"datePublished":"2021-01-13T11:55:54+00:00","dateModified":"2021-01-13T12:05:29+00:00","breadcrumb":{"@id":"https:\/\/www.ig.cas.cz\/en\/mobnet-adriaarray\/#breadcrumb"},"inLanguage":"en-US","potentialAction":[{"@type":"ReadAction","target":["https:\/\/www.ig.cas.cz\/en\/mobnet-adriaarray\/"]}]},{"@type":"BreadcrumbList","@id":"https:\/\/www.ig.cas.cz\/en\/mobnet-adriaarray\/#breadcrumb","itemListElement":[{"@type":"ListItem","position":1,"name":"Dom\u016f","item":"https:\/\/www.ig.cas.cz\/en\/"},{"@type":"ListItem","position":2,"name":"MOBNET in AdriaArray &#8211; Pan-European multi-disciplinary reserach of Adriatic plate"}]},{"@type":"WebSite","@id":"https:\/\/www.ig.cas.cz\/#website","url":"https:\/\/www.ig.cas.cz\/","name":"Dom\u016f","description":"Geofyzik\u00e1ln\u00ed \u00fastav Akademie v\u011bd \u010cR, v.v.i.","potentialAction":[{"@type":"SearchAction","target":{"@type":"EntryPoint","urlTemplate":"https:\/\/www.ig.cas.cz\/?s={search_term_string}"},"query-input":{"@type":"PropertyValueSpecification","valueRequired":true,"valueName":"search_term_string"}}],"inLanguage":"en-US"}]}},"_links":{"self":[{"href":"https:\/\/www.ig.cas.cz\/en\/wp-json\/wp\/v2\/pages\/20869","targetHints":{"allow":["GET"]}}],"collection":[{"href":"https:\/\/www.ig.cas.cz\/en\/wp-json\/wp\/v2\/pages"}],"about":[{"href":"https:\/\/www.ig.cas.cz\/en\/wp-json\/wp\/v2\/types\/page"}],"author":[{"embeddable":true,"href":"https:\/\/www.ig.cas.cz\/en\/wp-json\/wp\/v2\/users\/2"}],"replies":[{"embeddable":true,"href":"https:\/\/www.ig.cas.cz\/en\/wp-json\/wp\/v2\/comments?post=20869"}],"version-history":[{"count":1,"href":"https:\/\/www.ig.cas.cz\/en\/wp-json\/wp\/v2\/pages\/20869\/revisions"}],"predecessor-version":[{"id":40447,"href":"https:\/\/www.ig.cas.cz\/en\/wp-json\/wp\/v2\/pages\/20869\/revisions\/40447"}],"wp:attachment":[{"href":"https:\/\/www.ig.cas.cz\/en\/wp-json\/wp\/v2\/media?parent=20869"}],"wp:term":[{"taxonomy":"category","embeddable":true,"href":"https:\/\/www.ig.cas.cz\/en\/wp-json\/wp\/v2\/categories?post=20869"},{"taxonomy":"post_tag","embeddable":true,"href":"https:\/\/www.ig.cas.cz\/en\/wp-json\/wp\/v2\/tags?post=20869"}],"curies":[{"name":"wp","href":"https:\/\/api.w.org\/{rel}","templated":true}]}}