{"id":20912,"date":"2021-01-14T10:59:09","date_gmt":"2021-01-14T09:59:09","guid":{"rendered":"https:\/\/www.ig.cas.cz\/?page_id=20912"},"modified":"2021-01-14T11:25:38","modified_gmt":"2021-01-14T10:25:38","slug":"geophysical-in-archaeological","status":"publish","type":"page","link":"https:\/\/www.ig.cas.cz\/en\/geophysical-in-archaeological\/","title":{"rendered":"Application of Geophysical Approach in Archaeological Research and Prospection"},"content":{"rendered":"<p>[et_pb_section fb_built=&#8221;1&#8243; _builder_version=&#8221;4.6.0&#8243; _module_preset=&#8221;default&#8221;][et_pb_row column_structure=&#8221;3_5,2_5&#8243; _builder_version=&#8221;4.6.0&#8243; _module_preset=&#8221;default&#8221;][et_pb_column type=&#8221;3_5&#8243; _builder_version=&#8221;4.6.0&#8243; _module_preset=&#8221;default&#8221;][et_pb_text _builder_version=&#8221;4.6.0&#8243; _module_preset=&#8221;default&#8221;]<\/p>\n<p><strong>Application of Geophysical Approach in Archaeological Research and Prospection<\/strong><\/p>\n<p>Geophysical methods are beginning to be applied in archaeology due to their non-destructive character, increasing the likelihood of both identifying and unearthing hidden structures and artefacts without damage. However, the application of geophysical methods is often limited by ambiguity of the physical property of interest to the interpretation of results. Therefore, more auxiliary and supportive parameters are needed, allowing a&nbsp;fuller characterisation of these complex problems. The proposed project fulfils the aims of the Action COST-SAGA, by the novel and original integration of soil magnetic characteristics in order to reduce the ambiguity in interpretation of geophysical data sets used in archaeological prospection. Our contribution to COST-SAGA will enable the interdisciplinary connection of environmental magnetism and traditional geophysical prospection method. This new approach will be accomplished by the experts recognised in their respective field.<\/p>\n<p>The work will be divided into four specific tasks:<br \/>1) Monitoring of soil erosion at selected archaeologically important sites using different magnetic methods and study of soil changes;<br \/>2) Magnetic characterization of anthropogenic signal (pollution) in soils due to medieval and recent metallurgical activities in the Moravian Carst environment;<br \/>3) Development of effective geophysical prospection method based on the magnetic properties of soils and rocks;<br \/>4) Demonstrating and verifying the use of archaeomagnetic dating methods within the Czech Republic. Added value of the project is mainly in the establishment of interdisciplinary network and cooperation among archaeologists, geophysicists and soil scientists.<\/p>\n<p>[\/et_pb_text][\/et_pb_column][et_pb_column type=&#8221;2_5&#8243; _builder_version=&#8221;4.6.0&#8243; _module_preset=&#8221;default&#8221;][et_pb_text _builder_version=&#8221;4.6.0&#8243; _module_preset=&#8221;default&#8221; hover_enabled=&#8221;0&#8243; sticky_enabled=&#8221;0&#8243;]<\/p>\n<p>Team:<\/p>\n<p><strong><a href=\"https:\/\/www.ig.cas.cz\/en\/contact\/staff\/hana-grison\/\">Dr. Hana Grison<\/a>, principal researcher<\/strong><br \/><a href=\"https:\/\/www.ig.cas.cz\/en\/contact\/staff\/jan-mrlina\/\">Dr. Jan Mrlina<\/a>, researcher<br \/><a href=\"https:\/\/www.ig.cas.cz\/en\/contact\/staff\/radek-klanica\/\">Dr. Radek Klanica<\/a>, researcher<br \/><a href=\"https:\/\/www.ig.cas.cz\/en\/contact\/staff\/eduard-petrovsky\/\">Dr. Eduard Petrovsk\u00fd<\/a>, researcher<\/p>\n<p>Project duration: 2019 &#8211; 2022<\/p>\n<p>[\/et_pb_text][et_pb_image src=&#8221;https:\/\/www.ig.cas.cz\/wp-content\/uploads\/2021\/01\/web-obr-grison.jpg&#8221; title_text=&#8221;Web Obr Grison&#8221; _builder_version=&#8221;4.6.0&#8243; _module_preset=&#8221;default&#8221;][\/et_pb_image][\/et_pb_column][\/et_pb_row][\/et_pb_section]<\/p>\n","protected":false},"excerpt":{"rendered":"<p>Application of Geophysical Approach in Archaeological Research and Prospection Geophysical methods are beginning to be applied in archaeology due to their non-destructive character, increasing the likelihood of both identifying and unearthing hidden structures and artefacts without damage. However, the application of geophysical methods is often limited by ambiguity of the physical property of interest to [&hellip;]<\/p>\n","protected":false},"author":2,"featured_media":0,"parent":0,"menu_order":0,"comment_status":"closed","ping_status":"closed","template":"","meta":{"_et_pb_use_builder":"on","_et_pb_old_content":"","_et_gb_content_width":"","footnotes":""},"categories":[],"tags":[],"class_list":["post-20912","page","type-page","status-publish","hentry"],"yoast_head":"<!-- This site is optimized with the Yoast SEO plugin v25.9 - https:\/\/yoast.com\/wordpress\/plugins\/seo\/ -->\n<title>Application of Geophysical Approach in Archaeological Research and Prospection - Geofyzik\u00e1ln\u00ed \u00fastav Akademie v\u011bd \u010cR, v.v.i.<\/title>\n<meta name=\"robots\" content=\"index, follow, max-snippet:-1, max-image-preview:large, max-video-preview:-1\" \/>\n<link rel=\"canonical\" href=\"https:\/\/www.ig.cas.cz\/en\/geophysical-in-archaeological\/\" \/>\n<meta property=\"og:locale\" content=\"en_US\" \/>\n<meta property=\"og:type\" content=\"article\" \/>\n<meta property=\"og:title\" content=\"Application of Geophysical Approach in Archaeological Research and Prospection - Geofyzik\u00e1ln\u00ed \u00fastav Akademie v\u011bd \u010cR, v.v.i.\" \/>\n<meta property=\"og:description\" content=\"Application of Geophysical Approach in Archaeological Research and Prospection Geophysical methods are beginning to be applied in archaeology due to their non-destructive character, increasing the likelihood of both identifying and unearthing hidden structures and artefacts without damage. However, the application of geophysical methods is often limited by ambiguity of the physical property of interest to [&hellip;]\" \/>\n<meta property=\"og:url\" content=\"https:\/\/www.ig.cas.cz\/en\/geophysical-in-archaeological\/\" \/>\n<meta property=\"og:site_name\" content=\"Dom\u016f\" \/>\n<meta property=\"article:publisher\" content=\"https:\/\/www.facebook.com\/GFUAVCR\/\" \/>\n<meta property=\"article:modified_time\" content=\"2021-01-14T10:25:38+00:00\" \/>\n<meta name=\"twitter:card\" content=\"summary_large_image\" \/>\n<meta name=\"twitter:label1\" content=\"Est. reading time\" \/>\n\t<meta name=\"twitter:data1\" content=\"2 minutes\" \/>\n<script type=\"application\/ld+json\" class=\"yoast-schema-graph\">{\"@context\":\"https:\/\/schema.org\",\"@graph\":[{\"@type\":\"WebPage\",\"@id\":\"https:\/\/www.ig.cas.cz\/en\/geophysical-in-archaeological\/\",\"url\":\"https:\/\/www.ig.cas.cz\/en\/geophysical-in-archaeological\/\",\"name\":\"Application of Geophysical Approach in Archaeological Research and Prospection - Geofyzik\u00e1ln\u00ed \u00fastav Akademie v\u011bd \u010cR, v.v.i.\",\"isPartOf\":{\"@id\":\"https:\/\/www.ig.cas.cz\/#website\"},\"datePublished\":\"2021-01-14T09:59:09+00:00\",\"dateModified\":\"2021-01-14T10:25:38+00:00\",\"breadcrumb\":{\"@id\":\"https:\/\/www.ig.cas.cz\/en\/geophysical-in-archaeological\/#breadcrumb\"},\"inLanguage\":\"en-US\",\"potentialAction\":[{\"@type\":\"ReadAction\",\"target\":[\"https:\/\/www.ig.cas.cz\/en\/geophysical-in-archaeological\/\"]}]},{\"@type\":\"BreadcrumbList\",\"@id\":\"https:\/\/www.ig.cas.cz\/en\/geophysical-in-archaeological\/#breadcrumb\",\"itemListElement\":[{\"@type\":\"ListItem\",\"position\":1,\"name\":\"Dom\u016f\",\"item\":\"https:\/\/www.ig.cas.cz\/en\/\"},{\"@type\":\"ListItem\",\"position\":2,\"name\":\"Application of Geophysical Approach in Archaeological Research and Prospection\"}]},{\"@type\":\"WebSite\",\"@id\":\"https:\/\/www.ig.cas.cz\/#website\",\"url\":\"https:\/\/www.ig.cas.cz\/\",\"name\":\"Dom\u016f\",\"description\":\"Geofyzik\u00e1ln\u00ed \u00fastav Akademie v\u011bd \u010cR, v.v.i.\",\"potentialAction\":[{\"@type\":\"SearchAction\",\"target\":{\"@type\":\"EntryPoint\",\"urlTemplate\":\"https:\/\/www.ig.cas.cz\/?s={search_term_string}\"},\"query-input\":{\"@type\":\"PropertyValueSpecification\",\"valueRequired\":true,\"valueName\":\"search_term_string\"}}],\"inLanguage\":\"en-US\"}]}<\/script>\n<!-- \/ Yoast SEO plugin. -->","yoast_head_json":{"title":"Application of Geophysical Approach in Archaeological Research and Prospection - Geofyzik\u00e1ln\u00ed \u00fastav Akademie v\u011bd \u010cR, v.v.i.","robots":{"index":"index","follow":"follow","max-snippet":"max-snippet:-1","max-image-preview":"max-image-preview:large","max-video-preview":"max-video-preview:-1"},"canonical":"https:\/\/www.ig.cas.cz\/en\/geophysical-in-archaeological\/","og_locale":"en_US","og_type":"article","og_title":"Application of Geophysical Approach in Archaeological Research and Prospection - Geofyzik\u00e1ln\u00ed \u00fastav Akademie v\u011bd \u010cR, v.v.i.","og_description":"Application of Geophysical Approach in Archaeological Research and Prospection Geophysical methods are beginning to be applied in archaeology due to their non-destructive character, increasing the likelihood of both identifying and unearthing hidden structures and artefacts without damage. However, the application of geophysical methods is often limited by ambiguity of the physical property of interest to [&hellip;]","og_url":"https:\/\/www.ig.cas.cz\/en\/geophysical-in-archaeological\/","og_site_name":"Dom\u016f","article_publisher":"https:\/\/www.facebook.com\/GFUAVCR\/","article_modified_time":"2021-01-14T10:25:38+00:00","twitter_card":"summary_large_image","twitter_misc":{"Est. reading time":"2 minutes"},"schema":{"@context":"https:\/\/schema.org","@graph":[{"@type":"WebPage","@id":"https:\/\/www.ig.cas.cz\/en\/geophysical-in-archaeological\/","url":"https:\/\/www.ig.cas.cz\/en\/geophysical-in-archaeological\/","name":"Application of Geophysical Approach in Archaeological Research and Prospection - Geofyzik\u00e1ln\u00ed \u00fastav Akademie v\u011bd \u010cR, v.v.i.","isPartOf":{"@id":"https:\/\/www.ig.cas.cz\/#website"},"datePublished":"2021-01-14T09:59:09+00:00","dateModified":"2021-01-14T10:25:38+00:00","breadcrumb":{"@id":"https:\/\/www.ig.cas.cz\/en\/geophysical-in-archaeological\/#breadcrumb"},"inLanguage":"en-US","potentialAction":[{"@type":"ReadAction","target":["https:\/\/www.ig.cas.cz\/en\/geophysical-in-archaeological\/"]}]},{"@type":"BreadcrumbList","@id":"https:\/\/www.ig.cas.cz\/en\/geophysical-in-archaeological\/#breadcrumb","itemListElement":[{"@type":"ListItem","position":1,"name":"Dom\u016f","item":"https:\/\/www.ig.cas.cz\/en\/"},{"@type":"ListItem","position":2,"name":"Application of Geophysical Approach in Archaeological Research and Prospection"}]},{"@type":"WebSite","@id":"https:\/\/www.ig.cas.cz\/#website","url":"https:\/\/www.ig.cas.cz\/","name":"Dom\u016f","description":"Geofyzik\u00e1ln\u00ed \u00fastav Akademie v\u011bd \u010cR, v.v.i.","potentialAction":[{"@type":"SearchAction","target":{"@type":"EntryPoint","urlTemplate":"https:\/\/www.ig.cas.cz\/?s={search_term_string}"},"query-input":{"@type":"PropertyValueSpecification","valueRequired":true,"valueName":"search_term_string"}}],"inLanguage":"en-US"}]}},"_links":{"self":[{"href":"https:\/\/www.ig.cas.cz\/en\/wp-json\/wp\/v2\/pages\/20912","targetHints":{"allow":["GET"]}}],"collection":[{"href":"https:\/\/www.ig.cas.cz\/en\/wp-json\/wp\/v2\/pages"}],"about":[{"href":"https:\/\/www.ig.cas.cz\/en\/wp-json\/wp\/v2\/types\/page"}],"author":[{"embeddable":true,"href":"https:\/\/www.ig.cas.cz\/en\/wp-json\/wp\/v2\/users\/2"}],"replies":[{"embeddable":true,"href":"https:\/\/www.ig.cas.cz\/en\/wp-json\/wp\/v2\/comments?post=20912"}],"version-history":[{"count":0,"href":"https:\/\/www.ig.cas.cz\/en\/wp-json\/wp\/v2\/pages\/20912\/revisions"}],"wp:attachment":[{"href":"https:\/\/www.ig.cas.cz\/en\/wp-json\/wp\/v2\/media?parent=20912"}],"wp:term":[{"taxonomy":"category","embeddable":true,"href":"https:\/\/www.ig.cas.cz\/en\/wp-json\/wp\/v2\/categories?post=20912"},{"taxonomy":"post_tag","embeddable":true,"href":"https:\/\/www.ig.cas.cz\/en\/wp-json\/wp\/v2\/tags?post=20912"}],"curies":[{"name":"wp","href":"https:\/\/api.w.org\/{rel}","templated":true}]}}