{"id":20939,"date":"2021-01-14T12:18:14","date_gmt":"2021-01-14T11:18:14","guid":{"rendered":"https:\/\/www.ig.cas.cz\/?page_id=20939"},"modified":"2021-01-14T12:18:22","modified_gmt":"2021-01-14T11:18:22","slug":"geothermal-energy-potential","status":"publish","type":"page","link":"https:\/\/www.ig.cas.cz\/en\/geothermal-energy-potential\/","title":{"rendered":"Analysis of the geothermal energy potential at medium and large depths in the Czech Republic on the basis of available data"},"content":{"rendered":"<p>[et_pb_section fb_built=&#8221;1&#8243; _builder_version=&#8221;4.6.0&#8243; _module_preset=&#8221;default&#8221;][et_pb_row _builder_version=&#8221;4.6.0&#8243; _module_preset=&#8221;default&#8221; column_structure=&#8221;3_5,2_5&#8243;][et_pb_column _builder_version=&#8221;4.6.0&#8243; _module_preset=&#8221;default&#8221; type=&#8221;3_5&#8243;][et_pb_text _builder_version=&#8221;4.6.0&#8243; _module_preset=&#8221;default&#8221; hover_enabled=&#8221;0&#8243; sticky_enabled=&#8221;0&#8243;]<\/p>\n<p><strong>Analysis of the geothermal energy potential at medium and large depths in the Czech Republic on the basis of available data<\/strong><\/p>\n<p>The main objective of the project is to analyze the potential of geothermal energy in the Czech Republic at depths of 400&nbsp;m to 5000&nbsp;m. Subsequently the refinement and redefinition of areas suitable for utilisation of geothermal energy by heat pumps, direct heat or heat generation will be performed.Updates and refinements of the existing geothermal potential maps of the Czech Republic will be carried out on the basis of existing obsolete geothermal maps and available archival data. Geothermal potential maps will be newly supplemented by additional map layers showing land use conflicts and limiting factors, so users will be able to see not only geothermal potential but also factors limiting its use.<\/p>\n<p>[\/et_pb_text][\/et_pb_column][et_pb_column _builder_version=&#8221;4.6.0&#8243; _module_preset=&#8221;default&#8221; type=&#8221;2_5&#8243;][et_pb_text _builder_version=&#8221;4.6.0&#8243; _module_preset=&#8221;default&#8221; hover_enabled=&#8221;0&#8243; sticky_enabled=&#8221;0&#8243;]<\/p>\n<p>Team:<\/p>\n<p><strong><a href=\"https:\/\/www.ig.cas.cz\/en\/contact\/staff\/jan-safanda\/\">Dr. Jan \u0160afanda<\/a>, principal researcher<\/strong><br \/><a href=\"https:\/\/www.ig.cas.cz\/en\/contact\/staff\/petr-dedecek\/\">Dr. Petr D\u011bde\u010dek<\/a>, researcher<br \/><a href=\"https:\/\/www.ig.cas.cz\/en\/contact\/staff\/tomas-uxa\/\">Dr. Tom\u00e1\u0161 Uxa<\/a>, researcher<\/p>\n<p>Project duration: 2019 &#8211; 2022<\/p>\n<p>[\/et_pb_text][et_pb_image _builder_version=&#8221;4.6.0&#8243; _module_preset=&#8221;default&#8221; title_text=&#8221;Power Plant 67538 1280&#8243; src=&#8221;https:\/\/www.ig.cas.cz\/wp-content\/uploads\/2021\/01\/power-plant-67538_1280.jpg&#8221; hover_enabled=&#8221;0&#8243; sticky_enabled=&#8221;0&#8243;][\/et_pb_image][\/et_pb_column][\/et_pb_row][\/et_pb_section]<\/p>\n","protected":false},"excerpt":{"rendered":"<p>Analysis of the geothermal energy potential at medium and large depths in the Czech Republic on the basis of available data The main objective of the project is to analyze the potential of geothermal energy in the Czech Republic at depths of 400&nbsp;m to 5000&nbsp;m. Subsequently the refinement and redefinition of areas suitable [&hellip;]<\/p>\n","protected":false},"author":2,"featured_media":0,"parent":0,"menu_order":0,"comment_status":"closed","ping_status":"closed","template":"","meta":{"_et_pb_use_builder":"on","_et_pb_old_content":"","_et_gb_content_width":"","footnotes":""},"categories":[],"tags":[],"class_list":["post-20939","page","type-page","status-publish","hentry"],"yoast_head":"<!-- This site is optimized with the Yoast SEO plugin v25.9 - https:\/\/yoast.com\/wordpress\/plugins\/seo\/ -->\n<title>Analysis of the geothermal energy potential at medium and large depths in the Czech Republic on the basis of available data - Geofyzik\u00e1ln\u00ed \u00fastav Akademie v\u011bd \u010cR, v.v.i.<\/title>\n<meta name=\"robots\" content=\"index, follow, max-snippet:-1, max-image-preview:large, max-video-preview:-1\" \/>\n<link rel=\"canonical\" href=\"https:\/\/www.ig.cas.cz\/en\/geothermal-energy-potential\/\" \/>\n<meta property=\"og:locale\" content=\"en_US\" \/>\n<meta property=\"og:type\" content=\"article\" \/>\n<meta property=\"og:title\" content=\"Analysis of the geothermal energy potential at medium and large depths in the Czech Republic on the basis of available data - Geofyzik\u00e1ln\u00ed \u00fastav Akademie v\u011bd \u010cR, v.v.i.\" \/>\n<meta property=\"og:description\" content=\"Analysis of the geothermal energy potential at medium and large depths in the Czech Republic on the basis of available data The main objective of the project is to analyze the potential of geothermal energy in the Czech Republic at depths of 400 m to 5000 m. Subsequently the refinement and redefinition of areas suitable [&hellip;]\" \/>\n<meta property=\"og:url\" content=\"https:\/\/www.ig.cas.cz\/en\/geothermal-energy-potential\/\" \/>\n<meta property=\"og:site_name\" content=\"Dom\u016f\" \/>\n<meta property=\"article:publisher\" content=\"https:\/\/www.facebook.com\/GFUAVCR\/\" \/>\n<meta property=\"article:modified_time\" content=\"2021-01-14T11:18:22+00:00\" \/>\n<meta name=\"twitter:card\" content=\"summary_large_image\" \/>\n<meta name=\"twitter:label1\" content=\"Est. reading time\" \/>\n\t<meta name=\"twitter:data1\" content=\"1 minute\" \/>\n<script type=\"application\/ld+json\" class=\"yoast-schema-graph\">{\"@context\":\"https:\/\/schema.org\",\"@graph\":[{\"@type\":\"WebPage\",\"@id\":\"https:\/\/www.ig.cas.cz\/en\/geothermal-energy-potential\/\",\"url\":\"https:\/\/www.ig.cas.cz\/en\/geothermal-energy-potential\/\",\"name\":\"Analysis of the geothermal energy potential at medium and large depths in the Czech Republic on the basis of available data - Geofyzik\u00e1ln\u00ed \u00fastav Akademie v\u011bd \u010cR, v.v.i.\",\"isPartOf\":{\"@id\":\"https:\/\/www.ig.cas.cz\/#website\"},\"datePublished\":\"2021-01-14T11:18:14+00:00\",\"dateModified\":\"2021-01-14T11:18:22+00:00\",\"breadcrumb\":{\"@id\":\"https:\/\/www.ig.cas.cz\/en\/geothermal-energy-potential\/#breadcrumb\"},\"inLanguage\":\"en-US\",\"potentialAction\":[{\"@type\":\"ReadAction\",\"target\":[\"https:\/\/www.ig.cas.cz\/en\/geothermal-energy-potential\/\"]}]},{\"@type\":\"BreadcrumbList\",\"@id\":\"https:\/\/www.ig.cas.cz\/en\/geothermal-energy-potential\/#breadcrumb\",\"itemListElement\":[{\"@type\":\"ListItem\",\"position\":1,\"name\":\"Dom\u016f\",\"item\":\"https:\/\/www.ig.cas.cz\/en\/\"},{\"@type\":\"ListItem\",\"position\":2,\"name\":\"Analysis of the geothermal energy potential at medium and large depths in the Czech Republic on the basis of available data\"}]},{\"@type\":\"WebSite\",\"@id\":\"https:\/\/www.ig.cas.cz\/#website\",\"url\":\"https:\/\/www.ig.cas.cz\/\",\"name\":\"Dom\u016f\",\"description\":\"Geofyzik\u00e1ln\u00ed \u00fastav Akademie v\u011bd \u010cR, v.v.i.\",\"potentialAction\":[{\"@type\":\"SearchAction\",\"target\":{\"@type\":\"EntryPoint\",\"urlTemplate\":\"https:\/\/www.ig.cas.cz\/?s={search_term_string}\"},\"query-input\":{\"@type\":\"PropertyValueSpecification\",\"valueRequired\":true,\"valueName\":\"search_term_string\"}}],\"inLanguage\":\"en-US\"}]}<\/script>\n<!-- \/ Yoast SEO plugin. -->","yoast_head_json":{"title":"Analysis of the geothermal energy potential at medium and large depths in the Czech Republic on the basis of available data - Geofyzik\u00e1ln\u00ed \u00fastav Akademie v\u011bd \u010cR, v.v.i.","robots":{"index":"index","follow":"follow","max-snippet":"max-snippet:-1","max-image-preview":"max-image-preview:large","max-video-preview":"max-video-preview:-1"},"canonical":"https:\/\/www.ig.cas.cz\/en\/geothermal-energy-potential\/","og_locale":"en_US","og_type":"article","og_title":"Analysis of the geothermal energy potential at medium and large depths in the Czech Republic on the basis of available data - Geofyzik\u00e1ln\u00ed \u00fastav Akademie v\u011bd \u010cR, v.v.i.","og_description":"Analysis of the geothermal energy potential at medium and large depths in the Czech Republic on the basis of available data The main objective of the project is to analyze the potential of geothermal energy in the Czech Republic at depths of 400 m to 5000 m. Subsequently the refinement and redefinition of areas suitable [&hellip;]","og_url":"https:\/\/www.ig.cas.cz\/en\/geothermal-energy-potential\/","og_site_name":"Dom\u016f","article_publisher":"https:\/\/www.facebook.com\/GFUAVCR\/","article_modified_time":"2021-01-14T11:18:22+00:00","twitter_card":"summary_large_image","twitter_misc":{"Est. reading time":"1 minute"},"schema":{"@context":"https:\/\/schema.org","@graph":[{"@type":"WebPage","@id":"https:\/\/www.ig.cas.cz\/en\/geothermal-energy-potential\/","url":"https:\/\/www.ig.cas.cz\/en\/geothermal-energy-potential\/","name":"Analysis of the geothermal energy potential at medium and large depths in the Czech Republic on the basis of available data - Geofyzik\u00e1ln\u00ed \u00fastav Akademie v\u011bd \u010cR, v.v.i.","isPartOf":{"@id":"https:\/\/www.ig.cas.cz\/#website"},"datePublished":"2021-01-14T11:18:14+00:00","dateModified":"2021-01-14T11:18:22+00:00","breadcrumb":{"@id":"https:\/\/www.ig.cas.cz\/en\/geothermal-energy-potential\/#breadcrumb"},"inLanguage":"en-US","potentialAction":[{"@type":"ReadAction","target":["https:\/\/www.ig.cas.cz\/en\/geothermal-energy-potential\/"]}]},{"@type":"BreadcrumbList","@id":"https:\/\/www.ig.cas.cz\/en\/geothermal-energy-potential\/#breadcrumb","itemListElement":[{"@type":"ListItem","position":1,"name":"Dom\u016f","item":"https:\/\/www.ig.cas.cz\/en\/"},{"@type":"ListItem","position":2,"name":"Analysis of the geothermal energy potential at medium and large depths in the Czech Republic on the basis of available data"}]},{"@type":"WebSite","@id":"https:\/\/www.ig.cas.cz\/#website","url":"https:\/\/www.ig.cas.cz\/","name":"Dom\u016f","description":"Geofyzik\u00e1ln\u00ed \u00fastav Akademie v\u011bd \u010cR, v.v.i.","potentialAction":[{"@type":"SearchAction","target":{"@type":"EntryPoint","urlTemplate":"https:\/\/www.ig.cas.cz\/?s={search_term_string}"},"query-input":{"@type":"PropertyValueSpecification","valueRequired":true,"valueName":"search_term_string"}}],"inLanguage":"en-US"}]}},"_links":{"self":[{"href":"https:\/\/www.ig.cas.cz\/en\/wp-json\/wp\/v2\/pages\/20939","targetHints":{"allow":["GET"]}}],"collection":[{"href":"https:\/\/www.ig.cas.cz\/en\/wp-json\/wp\/v2\/pages"}],"about":[{"href":"https:\/\/www.ig.cas.cz\/en\/wp-json\/wp\/v2\/types\/page"}],"author":[{"embeddable":true,"href":"https:\/\/www.ig.cas.cz\/en\/wp-json\/wp\/v2\/users\/2"}],"replies":[{"embeddable":true,"href":"https:\/\/www.ig.cas.cz\/en\/wp-json\/wp\/v2\/comments?post=20939"}],"version-history":[{"count":0,"href":"https:\/\/www.ig.cas.cz\/en\/wp-json\/wp\/v2\/pages\/20939\/revisions"}],"wp:attachment":[{"href":"https:\/\/www.ig.cas.cz\/en\/wp-json\/wp\/v2\/media?parent=20939"}],"wp:term":[{"taxonomy":"category","embeddable":true,"href":"https:\/\/www.ig.cas.cz\/en\/wp-json\/wp\/v2\/categories?post=20939"},{"taxonomy":"post_tag","embeddable":true,"href":"https:\/\/www.ig.cas.cz\/en\/wp-json\/wp\/v2\/tags?post=20939"}],"curies":[{"name":"wp","href":"https:\/\/api.w.org\/{rel}","templated":true}]}}