{"id":2094,"date":"2018-01-11T15:13:06","date_gmt":"2018-01-11T14:13:06","guid":{"rendered":"http:\/\/igcas.antstudio.eu\/?page_id=2094"},"modified":"2025-10-14T12:10:26","modified_gmt":"2025-10-14T10:10:26","slug":"seismic-service","status":"publish","type":"page","link":"https:\/\/www.ig.cas.cz\/en\/research\/seismology\/seismic-service\/","title":{"rendered":"Seismic service"},"content":{"rendered":"<p>[et_pb_section fb_built=&#8221;1&#8243; admin_label=&#8221;section&#8221; _builder_version=&#8221;4.16&#8243; custom_padding=&#8221;19px|0px|0px|0px&#8221; global_colors_info=&#8221;{}&#8221;][et_pb_row admin_label=&#8221;row&#8221; _builder_version=&#8221;4.16&#8243; background_size=&#8221;initial&#8221; background_position=&#8221;top_left&#8221; background_repeat=&#8221;repeat&#8221; custom_padding=&#8221;0px|0px|28.95px|0px&#8221; global_colors_info=&#8221;{}&#8221;][et_pb_column type=&#8221;4_4&#8243; _builder_version=&#8221;4.16&#8243; custom_padding=&#8221;|||&#8221; global_colors_info=&#8221;{}&#8221; custom_padding__hover=&#8221;|||&#8221;][et_pb_text _builder_version=&#8221;4.16&#8243; background_size=&#8221;initial&#8221; background_position=&#8221;top_left&#8221; background_repeat=&#8221;repeat&#8221; global_colors_info=&#8221;{}&#8221;]<strong>Seismic service <\/strong>of the Department of Seismology\u00a0performs\u00a0detailed analyses of digital seismograms\u00a0of the stations of the Czech Regional Seismic Network, localizes earthquakes and other seismic events in the territory of the Czech Republic and\u00a0in central Europe, participates in international data exchange,\u00a0and archives data. The Institute of Geophysics produces seismological bulletins and\u00a0catalogues of regional seismic events in cooperation with the Institute of Physics of the Earth in Brno. Seismic service also collects and\u00a0evaluates\u00a0macroseismic reports of\u00a0earthquakes felt in\u00a0the Czech\u00a0Republic.<br \/>\n[\/et_pb_text][\/et_pb_column][\/et_pb_row][et_pb_row column_structure=&#8221;1_3,2_3&#8243; _builder_version=&#8221;4.16&#8243; custom_padding=&#8221;19.95001220703125px|0px|19.04998779296875px|0px&#8221; global_colors_info=&#8221;{}&#8221;][et_pb_column type=&#8221;1_3&#8243; _builder_version=&#8221;4.16&#8243; custom_padding=&#8221;|||&#8221; global_colors_info=&#8221;{}&#8221; custom_padding__hover=&#8221;|||&#8221;][et_pb_image src=&#8221;https:\/\/www.ig.cas.cz\/wp-content\/uploads\/2018\/01\/USGS_lokace.png&#8221; align=&#8221;center&#8221; align_tablet=&#8221;center&#8221; align_phone=&#8221;&#8221; align_last_edited=&#8221;on|desktop&#8221; _builder_version=&#8221;4.16&#8243; max_width=&#8221;60%&#8221; global_colors_info=&#8221;{}&#8221;]&nbsp;<br \/>\n[\/et_pb_image][\/et_pb_column][et_pb_column type=&#8221;2_3&#8243; _builder_version=&#8221;4.16&#8243; custom_padding=&#8221;|||&#8221; global_colors_info=&#8221;{}&#8221; custom_padding__hover=&#8221;|||&#8221;][et_pb_text _builder_version=&#8221;4.16&#8243; global_colors_info=&#8221;{}&#8221;]<\/p>\n<p><strong>Latest\u00a0locations of\u00a0earthquakes<\/strong><\/p>\n<p><a href=\"https:\/\/earthquake.usgs.gov\/earthquakes\/map\/#%7B%22autoUpdate%22%3A%5B%22autoUpdate%22%5D%2C%22basemap%22%3A%22terrain%22%2C%22feed%22%3A%227day_m45%22%2C%22listFormat%22%3A%22default%22%2C%22mapposition%22%3A%5B%5B-89.41464013250905%2C-653.203125%5D%2C%5B89.42177955957486%2C21.796875%5D%5D%2C%22overlays%22%3A%5B%22plates%22%5D%2C%22restrictListToMap%22%3A%5B%22restrictListToMap%22%5D%2C%22search%22%3Anull%2C%22sort%22%3A%22newest%22%2C%22timezone%22%3A%22utc%22%2C%22viewModes%22%3A%5B%22map%22%2C%22list%22%5D%2C%22timeZone%22%3A%22utc%22%2C%22event%22%3A%22us1000c33d%22%7D\">National Earthquake Information Center, U. S. Geological Survey,\u00a0Colorado<\/a><br \/><a href=\"https:\/\/www.emsc-csem.org\/Earthquake\/?view=1\">European-Mediterranean Seismological Centrer, France<br \/><\/a><a href=\"https:\/\/seisdb.ig.cas.cz\/view.html\">Recent seismic activity in central Europe, IG CAS Prague<\/a><br \/><a href=\"http:\/\/147.231.72.34\/index.html\">Automatic locations in Central Europe &#8211; program Antelope<\/a><a href=\"http:\/\/macek.ig.cas.cz:8000\/\"><br \/><\/a><a href=\"https:\/\/www.ig.cas.cz\/en\/observatories\/local-seismic-network-webnet\/\">Latest earthquakes\u00a0in\u00a0West Bohemia, IG CAS Prague<\/a><br \/><a href=\"https:\/\/www.ipe.muni.cz\/en\/public\/latest-earthquakes\">Latest local earthquakes in Czech Republic and around, IPE Brno<\/a><br \/><a href=\"http:\/\/www.dpb.cz\/seismologicky-informacni-system-aktualne-registrovane-jevy\/\">Seismological information system GreenGas, DPB Paskov<\/a><\/p>\n<p>[\/et_pb_text][\/et_pb_column][\/et_pb_row][et_pb_row column_structure=&#8221;1_3,2_3&#8243; _builder_version=&#8221;4.16&#8243; custom_padding=&#8221;19.9000244140625px|0px|19.57000732421875px|0px&#8221; global_colors_info=&#8221;{}&#8221;][et_pb_column type=&#8221;1_3&#8243; _builder_version=&#8221;4.16&#8243; custom_padding=&#8221;|||&#8221; global_colors_info=&#8221;{}&#8221; custom_padding__hover=&#8221;|||&#8221;][et_pb_image src=&#8221;https:\/\/www.ig.cas.cz\/wp-content\/uploads\/2018\/01\/Kasperky_stola_2017.jpg&#8221; align=&#8221;center&#8221; align_tablet=&#8221;center&#8221; align_phone=&#8221;&#8221; align_last_edited=&#8221;on|desktop&#8221; _builder_version=&#8221;4.16&#8243; max_width=&#8221;60%&#8221; global_colors_info=&#8221;{}&#8221;]&nbsp;<br \/>\n[\/et_pb_image][\/et_pb_column][et_pb_column type=&#8221;2_3&#8243; _builder_version=&#8221;4.16&#8243; custom_padding=&#8221;|||&#8221; global_colors_info=&#8221;{}&#8221; custom_padding__hover=&#8221;|||&#8221;][et_pb_text _builder_version=&#8221;4.16&#8243; global_colors_info=&#8221;{}&#8221;]<\/p>\n<p><strong>Czech\u00a0Regional Seismic Network<\/strong><\/p>\n<p><a href=\"..\/..\/..\/observatore\/ceska-regionalni-seismicka-sit\/\">Stations of the Czech\u00a0Regional Seismic Network<\/a><br \/><a href=\"http:\/\/www.ig.cas.cz\/noright\/denni-seismogramy\">Dialy seismograms of the stations<\/a><br \/><a href=\"http:\/\/147.231.72.65:8080\/fdsnws\/\">Waveform requests for\u00a0the stations<\/a><br \/><a href=\"https:\/\/www.ig.cas.cz\/wp-content\/uploads\/2025\/10\/Station_CRSN_2024_EN.pdf\">Table of the stations<\/a><\/p>\n<p>[\/et_pb_text][\/et_pb_column][\/et_pb_row][et_pb_row column_structure=&#8221;1_3,2_3&#8243; _builder_version=&#8221;4.16&#8243; custom_padding=&#8221;19.57000732421875px|0px|19px|0px&#8221; global_colors_info=&#8221;{}&#8221;][et_pb_column type=&#8221;1_3&#8243; _builder_version=&#8221;4.16&#8243; custom_padding=&#8221;|||&#8221; global_colors_info=&#8221;{}&#8221; custom_padding__hover=&#8221;|||&#8221;][et_pb_image src=&#8221;https:\/\/www.ig.cas.cz\/wp-content\/uploads\/2018\/01\/Bulletin-1.png&#8221; align=&#8221;center&#8221; align_tablet=&#8221;center&#8221; align_phone=&#8221;&#8221; align_last_edited=&#8221;on|desktop&#8221; _builder_version=&#8221;4.16&#8243; max_width=&#8221;60%&#8221; global_colors_info=&#8221;{}&#8221;]&nbsp;<br \/>\n[\/et_pb_image][\/et_pb_column][et_pb_column type=&#8221;2_3&#8243; _builder_version=&#8221;4.16&#8243; custom_padding=&#8221;|||&#8221; global_colors_info=&#8221;{}&#8221; custom_padding__hover=&#8221;|||&#8221;][et_pb_text _builder_version=&#8221;4.16&#8243; global_colors_info=&#8221;{}&#8221;]<strong>Earthquake\u00a0bulletins and catalogues<\/strong><\/p>\n<p><a href=\"http:\/\/www.czechgeo.cz\/en\/gfu-bulletin\/\">Bulletins of earthquakes (1976-present)<\/a><br \/>\n<a href=\"http:\/\/www.czechgeo.cz\/en\/gfu-catalog\/\">Catalogues of\u00a0regional\u00a0seismic events\u00a0(1976-present)<\/a><br \/>\nEarthquake catalogues in\u00a0West Bohemia<br \/>\nArchive of earthquake bulletins (1908-1980)<br \/>\nK\u00e1rn\u00edk&#8217;s&nbsp;archive of \u00a0publications<br \/>\n[\/et_pb_text][\/et_pb_column][\/et_pb_row][et_pb_row column_structure=&#8221;1_3,2_3&#8243; _builder_version=&#8221;4.16&#8243; custom_padding=&#8221;19.0499267578125px|0px|19.7100830078125px|0px&#8221; global_colors_info=&#8221;{}&#8221;][et_pb_column type=&#8221;1_3&#8243; _builder_version=&#8221;4.16&#8243; custom_padding=&#8221;|||&#8221; global_colors_info=&#8221;{}&#8221; custom_padding__hover=&#8221;|||&#8221;][et_pb_image src=&#8221;https:\/\/www.ig.cas.cz\/wp-content\/uploads\/2018\/01\/Nepal_2015.jpg&#8221; align=&#8221;center&#8221; align_tablet=&#8221;center&#8221; align_phone=&#8221;&#8221; align_last_edited=&#8221;on|desktop&#8221; _builder_version=&#8221;4.16&#8243; max_width=&#8221;60%&#8221; global_colors_info=&#8221;{}&#8221;]&nbsp;<br \/>\n[\/et_pb_image][\/et_pb_column][et_pb_column type=&#8221;2_3&#8243; _builder_version=&#8221;4.16&#8243; custom_padding=&#8221;|||&#8221; global_colors_info=&#8221;{}&#8221; custom_padding__hover=&#8221;|||&#8221;][et_pb_text _builder_version=&#8221;4.16&#8243; global_colors_info=&#8221;{}&#8221;]<strong>Makroseismic observatiosn<\/strong><\/p>\n<p><a href=\"http:\/\/www.ig.cas.cz\/makroseismicky-dotaznik\">Macroseismic quaestionnaire<\/a><br \/>\n<a href=\"http:\/\/ig.cas.cz\/noright\/mapa-makroseis\">Map of\u00a0macroseismic reports<\/a><br \/>\nEarthquakes felt in Czech Republic<br \/>\n[\/et_pb_text][\/et_pb_column][\/et_pb_row][\/et_pb_section]<\/p>\n","protected":false},"excerpt":{"rendered":"<p>Seismic service of the Department of Seismology\u00a0performs\u00a0detailed analyses of digital seismograms\u00a0of the stations of the Czech Regional Seismic Network, localizes earthquakes and other seismic events in the territory of the Czech Republic and\u00a0in central Europe, participates in international data exchange,\u00a0and archives data. The Institute of Geophysics produces seismological bulletins and\u00a0catalogues of regional seismic events in [&hellip;]<\/p>\n","protected":false},"author":10,"featured_media":4844,"parent":412,"menu_order":0,"comment_status":"closed","ping_status":"closed","template":"","meta":{"_et_pb_use_builder":"on","_et_pb_old_content":"<strong>Vedouc\u00ed odd\u011blen\u00ed: RNDr. Jan \u0160\u00edlen\u00fd, CSc.<\/strong>\r\n\r\nSeismick\u00e9 odd\u011blen\u00ed studuje jevy spojen\u00e9 se vznikem a \u0161\u00ed\u0159en\u00edm seismick\u00fdch vln. Zkoum\u00e1me strukturu a vlastnosti zemsk\u00e9 k\u016fry a svrchn\u00edho pl\u00e1\u0161t\u011b pomoc\u00ed seismick\u00fdch vln buzen\u00fdch jak p\u0159irozen\u00fdmi zem\u011bt\u0159esen\u00edmi, tak i um\u011bl\u00fdmi zdroji. Zaj\u00edm\u00e1me se o fyzik\u00e1ln\u00ed procesy prob\u00edhaj\u00edc\u00ed v ohnisku p\u0159irozen\u00fdch zem\u011bt\u0159esen\u00ed i ot\u0159es\u016f indukovan\u00fdch pr\u016fmyslovou \u010dinnost\u00ed jako je dolov\u00e1n\u00ed nebo vrt\u00e1n\u00ed. Zab\u00fdv\u00e1me se tak\u00e9 teori\u00ed \u0161\u00ed\u0159en\u00ed vln v r\u016fzn\u00fdch prost\u0159ed\u00edch \u010di numerick\u00fdm a teoretick\u00fdm modelov\u00e1n\u00edm. Provozujeme s\u00ed\u0165 seismick\u00fdch stanic \u010cesk\u00e9 region\u00e1ln\u00ed s\u00edt\u011b, s\u00ed\u0165 stanic v na\u0161\u00ed seismicky\u00a0 nejaktivn\u011bj\u0161\u00ed oblasti \u2013 v z\u00e1padn\u00edch \u010cech\u00e1ch (WEBNET), ale i v jin\u00fdch z\u00e1jmov\u00fdch oblastech na\u0161\u00ed republiky a v zahrani\u010d\u00ed (AlpArray, REYKJANET). Pracovn\u00edci seismick\u00e9ho odd\u011blen\u00ed se pod\u00edl\u00ed na r\u016fzn\u00fdch mezin\u00e1rodn\u00edch projektech a na projektech ve spolupr\u00e1ci s mnoha dal\u0161\u00edmi v\u011bdeck\u00fdmi institucemi (ICPD Eger, CzechGeo\/EPOS-Sci, Ringen+).\r\n\r\n\u00a0\r\n<table style=\"width: 568px;\" border=\"0\">\r\n<tbody>\r\n<tr>\r\n<td style=\"width: 150px; text-align: center;\"><img class=\"alignnone wp-image-613 size-thumbnail\" src=\"https:\/\/www.ig.cas.cz\/wp-content\/uploads\/2018\/01\/kliuchevskoi-volcano-kamchatika-russia-from-space-aerial-nasa-2-150x150.jpg\" alt=\"\" width=\"150\" height=\"150\" \/><\/td>\r\n<td>XXXX<\/td>\r\n<\/tr>\r\n<tr>\r\n<td style=\"width: 150px; text-align: center;\"><img class=\"alignnone wp-image-613 size-thumbnail\" src=\"https:\/\/www.ig.cas.cz\/wp-content\/uploads\/2018\/01\/kliuchevskoi-volcano-kamchatika-russia-from-space-aerial-nasa-2-150x150.jpg\" alt=\"\" width=\"150\" height=\"150\" \/><\/td>\r\n<td>XXXX<\/td>\r\n<\/tr>\r\n<tr>\r\n<td style=\"width: 150px; text-align: center;\"><img class=\"alignnone wp-image-613 size-thumbnail\" src=\"https:\/\/www.ig.cas.cz\/wp-content\/uploads\/2018\/01\/kliuchevskoi-volcano-kamchatika-russia-from-space-aerial-nasa-2-150x150.jpg\" alt=\"\" width=\"150\" height=\"150\" \/><\/td>\r\n<td>XXXX<\/td>\r\n<\/tr>\r\n<tr>\r\n<td style=\"width: 150px; text-align: center;\"><img class=\"alignnone wp-image-613 size-thumbnail\" src=\"https:\/\/www.ig.cas.cz\/wp-content\/uploads\/2018\/01\/kliuchevskoi-volcano-kamchatika-russia-from-space-aerial-nasa-2-150x150.jpg\" alt=\"\" width=\"150\" height=\"150\" \/><\/td>\r\n<td>XXXX<\/td>\r\n<\/tr>\r\n<tr>\r\n<td style=\"width: 150px; text-align: center;\"><img class=\"alignnone wp-image-613 size-thumbnail\" src=\"https:\/\/www.ig.cas.cz\/wp-content\/uploads\/2018\/01\/kliuchevskoi-volcano-kamchatika-russia-from-space-aerial-nasa-2-150x150.jpg\" alt=\"\" width=\"150\" height=\"150\" \/><\/td>\r\n<td>XXXX<\/td>\r\n<\/tr>\r\n<\/tbody>\r\n<\/table>","_et_gb_content_width":"","footnotes":""},"categories":[],"tags":[],"class_list":["post-2094","page","type-page","status-publish","has-post-thumbnail","hentry"],"yoast_head":"<!-- This site is optimized with the Yoast SEO plugin v25.9 - https:\/\/yoast.com\/wordpress\/plugins\/seo\/ -->\n<title>Seismic service - Geofyzik\u00e1ln\u00ed \u00fastav Akademie v\u011bd \u010cR, v.v.i.<\/title>\n<meta name=\"robots\" content=\"index, follow, max-snippet:-1, max-image-preview:large, max-video-preview:-1\" \/>\n<link rel=\"canonical\" href=\"https:\/\/www.ig.cas.cz\/en\/research\/seismology\/seismic-service\/\" \/>\n<meta property=\"og:locale\" content=\"en_US\" \/>\n<meta property=\"og:type\" content=\"article\" \/>\n<meta property=\"og:title\" content=\"Seismic service - Geofyzik\u00e1ln\u00ed \u00fastav Akademie v\u011bd \u010cR, v.v.i.\" \/>\n<meta property=\"og:description\" content=\"Seismic service of the Department of Seismology\u00a0performs\u00a0detailed analyses of digital seismograms\u00a0of the stations of the Czech Regional Seismic Network, localizes earthquakes and other seismic events in the territory of the Czech Republic and\u00a0in central Europe, participates in international data exchange,\u00a0and archives data. The Institute of Geophysics produces seismological bulletins and\u00a0catalogues of regional seismic events in [&hellip;]\" \/>\n<meta property=\"og:url\" content=\"https:\/\/www.ig.cas.cz\/en\/research\/seismology\/seismic-service\/\" \/>\n<meta property=\"og:site_name\" content=\"Dom\u016f\" \/>\n<meta property=\"article:publisher\" content=\"https:\/\/www.facebook.com\/GFUAVCR\/\" \/>\n<meta property=\"article:modified_time\" content=\"2025-10-14T10:10:26+00:00\" \/>\n<meta property=\"og:image\" content=\"https:\/\/www.ig.cas.cz\/wp-content\/uploads\/2018\/01\/Q330.jpg\" \/>\n\t<meta property=\"og:image:width\" content=\"1994\" \/>\n\t<meta property=\"og:image:height\" content=\"261\" \/>\n\t<meta property=\"og:image:type\" content=\"image\/jpeg\" \/>\n<meta name=\"twitter:card\" content=\"summary_large_image\" \/>\n<meta name=\"twitter:label1\" content=\"Est. reading time\" \/>\n\t<meta name=\"twitter:data1\" content=\"3 minutes\" \/>\n<script type=\"application\/ld+json\" class=\"yoast-schema-graph\">{\"@context\":\"https:\/\/schema.org\",\"@graph\":[{\"@type\":\"WebPage\",\"@id\":\"https:\/\/www.ig.cas.cz\/en\/research\/seismology\/seismic-service\/\",\"url\":\"https:\/\/www.ig.cas.cz\/en\/research\/seismology\/seismic-service\/\",\"name\":\"Seismic service - Geofyzik\u00e1ln\u00ed \u00fastav Akademie v\u011bd \u010cR, v.v.i.\",\"isPartOf\":{\"@id\":\"https:\/\/www.ig.cas.cz\/#website\"},\"primaryImageOfPage\":{\"@id\":\"https:\/\/www.ig.cas.cz\/en\/research\/seismology\/seismic-service\/#primaryimage\"},\"image\":{\"@id\":\"https:\/\/www.ig.cas.cz\/en\/research\/seismology\/seismic-service\/#primaryimage\"},\"thumbnailUrl\":\"https:\/\/www.ig.cas.cz\/wp-content\/uploads\/2018\/01\/Q330.jpg\",\"datePublished\":\"2018-01-11T14:13:06+00:00\",\"dateModified\":\"2025-10-14T10:10:26+00:00\",\"breadcrumb\":{\"@id\":\"https:\/\/www.ig.cas.cz\/en\/research\/seismology\/seismic-service\/#breadcrumb\"},\"inLanguage\":\"en-US\",\"potentialAction\":[{\"@type\":\"ReadAction\",\"target\":[\"https:\/\/www.ig.cas.cz\/en\/research\/seismology\/seismic-service\/\"]}]},{\"@type\":\"ImageObject\",\"inLanguage\":\"en-US\",\"@id\":\"https:\/\/www.ig.cas.cz\/en\/research\/seismology\/seismic-service\/#primaryimage\",\"url\":\"https:\/\/www.ig.cas.cz\/wp-content\/uploads\/2018\/01\/Q330.jpg\",\"contentUrl\":\"https:\/\/www.ig.cas.cz\/wp-content\/uploads\/2018\/01\/Q330.jpg\",\"width\":1994,\"height\":261},{\"@type\":\"BreadcrumbList\",\"@id\":\"https:\/\/www.ig.cas.cz\/en\/research\/seismology\/seismic-service\/#breadcrumb\",\"itemListElement\":[{\"@type\":\"ListItem\",\"position\":1,\"name\":\"Dom\u016f\",\"item\":\"https:\/\/www.ig.cas.cz\/en\/\"},{\"@type\":\"ListItem\",\"position\":2,\"name\":\"Research\",\"item\":\"https:\/\/www.ig.cas.cz\/en\/research\/\"},{\"@type\":\"ListItem\",\"position\":3,\"name\":\"Seismology\",\"item\":\"https:\/\/www.ig.cas.cz\/en\/research\/seismology\/\"},{\"@type\":\"ListItem\",\"position\":4,\"name\":\"Seismic service\"}]},{\"@type\":\"WebSite\",\"@id\":\"https:\/\/www.ig.cas.cz\/#website\",\"url\":\"https:\/\/www.ig.cas.cz\/\",\"name\":\"Dom\u016f\",\"description\":\"Geofyzik\u00e1ln\u00ed \u00fastav Akademie v\u011bd \u010cR, v.v.i.\",\"potentialAction\":[{\"@type\":\"SearchAction\",\"target\":{\"@type\":\"EntryPoint\",\"urlTemplate\":\"https:\/\/www.ig.cas.cz\/?s={search_term_string}\"},\"query-input\":{\"@type\":\"PropertyValueSpecification\",\"valueRequired\":true,\"valueName\":\"search_term_string\"}}],\"inLanguage\":\"en-US\"}]}<\/script>\n<!-- \/ Yoast SEO plugin. -->","yoast_head_json":{"title":"Seismic service - Geofyzik\u00e1ln\u00ed \u00fastav Akademie v\u011bd \u010cR, v.v.i.","robots":{"index":"index","follow":"follow","max-snippet":"max-snippet:-1","max-image-preview":"max-image-preview:large","max-video-preview":"max-video-preview:-1"},"canonical":"https:\/\/www.ig.cas.cz\/en\/research\/seismology\/seismic-service\/","og_locale":"en_US","og_type":"article","og_title":"Seismic service - Geofyzik\u00e1ln\u00ed \u00fastav Akademie v\u011bd \u010cR, v.v.i.","og_description":"Seismic service of the Department of Seismology\u00a0performs\u00a0detailed analyses of digital seismograms\u00a0of the stations of the Czech Regional Seismic Network, localizes earthquakes and other seismic events in the territory of the Czech Republic and\u00a0in central Europe, participates in international data exchange,\u00a0and archives data. The Institute of Geophysics produces seismological bulletins and\u00a0catalogues of regional seismic events in [&hellip;]","og_url":"https:\/\/www.ig.cas.cz\/en\/research\/seismology\/seismic-service\/","og_site_name":"Dom\u016f","article_publisher":"https:\/\/www.facebook.com\/GFUAVCR\/","article_modified_time":"2025-10-14T10:10:26+00:00","og_image":[{"width":1994,"height":261,"url":"https:\/\/www.ig.cas.cz\/wp-content\/uploads\/2018\/01\/Q330.jpg","type":"image\/jpeg"}],"twitter_card":"summary_large_image","twitter_misc":{"Est. reading time":"3 minutes"},"schema":{"@context":"https:\/\/schema.org","@graph":[{"@type":"WebPage","@id":"https:\/\/www.ig.cas.cz\/en\/research\/seismology\/seismic-service\/","url":"https:\/\/www.ig.cas.cz\/en\/research\/seismology\/seismic-service\/","name":"Seismic service - Geofyzik\u00e1ln\u00ed \u00fastav Akademie v\u011bd \u010cR, v.v.i.","isPartOf":{"@id":"https:\/\/www.ig.cas.cz\/#website"},"primaryImageOfPage":{"@id":"https:\/\/www.ig.cas.cz\/en\/research\/seismology\/seismic-service\/#primaryimage"},"image":{"@id":"https:\/\/www.ig.cas.cz\/en\/research\/seismology\/seismic-service\/#primaryimage"},"thumbnailUrl":"https:\/\/www.ig.cas.cz\/wp-content\/uploads\/2018\/01\/Q330.jpg","datePublished":"2018-01-11T14:13:06+00:00","dateModified":"2025-10-14T10:10:26+00:00","breadcrumb":{"@id":"https:\/\/www.ig.cas.cz\/en\/research\/seismology\/seismic-service\/#breadcrumb"},"inLanguage":"en-US","potentialAction":[{"@type":"ReadAction","target":["https:\/\/www.ig.cas.cz\/en\/research\/seismology\/seismic-service\/"]}]},{"@type":"ImageObject","inLanguage":"en-US","@id":"https:\/\/www.ig.cas.cz\/en\/research\/seismology\/seismic-service\/#primaryimage","url":"https:\/\/www.ig.cas.cz\/wp-content\/uploads\/2018\/01\/Q330.jpg","contentUrl":"https:\/\/www.ig.cas.cz\/wp-content\/uploads\/2018\/01\/Q330.jpg","width":1994,"height":261},{"@type":"BreadcrumbList","@id":"https:\/\/www.ig.cas.cz\/en\/research\/seismology\/seismic-service\/#breadcrumb","itemListElement":[{"@type":"ListItem","position":1,"name":"Dom\u016f","item":"https:\/\/www.ig.cas.cz\/en\/"},{"@type":"ListItem","position":2,"name":"Research","item":"https:\/\/www.ig.cas.cz\/en\/research\/"},{"@type":"ListItem","position":3,"name":"Seismology","item":"https:\/\/www.ig.cas.cz\/en\/research\/seismology\/"},{"@type":"ListItem","position":4,"name":"Seismic service"}]},{"@type":"WebSite","@id":"https:\/\/www.ig.cas.cz\/#website","url":"https:\/\/www.ig.cas.cz\/","name":"Dom\u016f","description":"Geofyzik\u00e1ln\u00ed \u00fastav Akademie v\u011bd \u010cR, v.v.i.","potentialAction":[{"@type":"SearchAction","target":{"@type":"EntryPoint","urlTemplate":"https:\/\/www.ig.cas.cz\/?s={search_term_string}"},"query-input":{"@type":"PropertyValueSpecification","valueRequired":true,"valueName":"search_term_string"}}],"inLanguage":"en-US"}]}},"_links":{"self":[{"href":"https:\/\/www.ig.cas.cz\/en\/wp-json\/wp\/v2\/pages\/2094","targetHints":{"allow":["GET"]}}],"collection":[{"href":"https:\/\/www.ig.cas.cz\/en\/wp-json\/wp\/v2\/pages"}],"about":[{"href":"https:\/\/www.ig.cas.cz\/en\/wp-json\/wp\/v2\/types\/page"}],"author":[{"embeddable":true,"href":"https:\/\/www.ig.cas.cz\/en\/wp-json\/wp\/v2\/users\/10"}],"replies":[{"embeddable":true,"href":"https:\/\/www.ig.cas.cz\/en\/wp-json\/wp\/v2\/comments?post=2094"}],"version-history":[{"count":6,"href":"https:\/\/www.ig.cas.cz\/en\/wp-json\/wp\/v2\/pages\/2094\/revisions"}],"predecessor-version":[{"id":42301,"href":"https:\/\/www.ig.cas.cz\/en\/wp-json\/wp\/v2\/pages\/2094\/revisions\/42301"}],"up":[{"embeddable":true,"href":"https:\/\/www.ig.cas.cz\/en\/wp-json\/wp\/v2\/pages\/412"}],"wp:featuredmedia":[{"embeddable":true,"href":"https:\/\/www.ig.cas.cz\/en\/wp-json\/wp\/v2\/media\/4844"}],"wp:attachment":[{"href":"https:\/\/www.ig.cas.cz\/en\/wp-json\/wp\/v2\/media?parent=2094"}],"wp:term":[{"taxonomy":"category","embeddable":true,"href":"https:\/\/www.ig.cas.cz\/en\/wp-json\/wp\/v2\/categories?post=2094"},{"taxonomy":"post_tag","embeddable":true,"href":"https:\/\/www.ig.cas.cz\/en\/wp-json\/wp\/v2\/tags?post=2094"}],"curies":[{"name":"wp","href":"https:\/\/api.w.org\/{rel}","templated":true}]}}