{"id":20947,"date":"2021-01-14T13:14:37","date_gmt":"2021-01-14T12:14:37","guid":{"rendered":"https:\/\/www.ig.cas.cz\/?page_id=20947"},"modified":"2021-04-09T10:15:04","modified_gmt":"2021-04-09T08:15:04","slug":"co2-storage","status":"publish","type":"page","link":"https:\/\/www.ig.cas.cz\/en\/co2-storage\/","title":{"rendered":"CO2 Storage Pilot in a&nbsp;Carbonate Reservoir"},"content":{"rendered":"<p>[et_pb_section fb_built=&#8221;1&#8243; _builder_version=&#8221;4.6.0&#8243; _module_preset=&#8221;default&#8221;][et_pb_row column_structure=&#8221;3_5,2_5&#8243; _builder_version=&#8221;4.6.0&#8243; _module_preset=&#8221;default&#8221;][et_pb_column type=&#8221;3_5&#8243; _builder_version=&#8221;4.6.0&#8243; _module_preset=&#8221;default&#8221;][et_pb_text _builder_version=&#8221;4.6.0&#8243; _module_preset=&#8221;default&#8221; hover_enabled=&#8221;0&#8243; sticky_enabled=&#8221;0&#8243;]<\/p>\n<p><strong>CO2 Storage Pilot in a&nbsp;Carbonate Reservoir<\/strong><\/p>\n<p>Main objective of CO2-SPICER is to prepare a&nbsp;CO2 geological storage pilot project at the mature Zar-3 oil &amp; gas field in the SE part of the Czech Republic up to the implementation-ready stage. To achieve this main objective, a&nbsp;set of partial project goals has been set:<\/p>\n<p>\u2022 construction of a&nbsp;3D geological model of the storage complex;<br \/> \u2022 dynamic modelling simulations of CO2 injection in the reservoir using various scenarios;<br \/> \u2022 evaluation of geomechanical and geochemical properties of the storage complex;<br \/> \u2022 assessment of the risks related to CO2 storage on the pilot site;<br \/> \u2022 preparation of a&nbsp;Site monitoring plan;<br \/> \u2022 development of scenarios for future site development, including design of CO2 injection facilities;<br \/> \u2022 strengthening of Czech-Norwegian cooperation in the field of CCS.<\/p>\n<p><a href=\"https:\/\/co2-spicer.geology.cz\/en\">Link to web pages of the project<\/a><\/p>\n<p>[\/et_pb_text][\/et_pb_column][et_pb_column type=&#8221;2_5&#8243; _builder_version=&#8221;4.6.0&#8243; _module_preset=&#8221;default&#8221;][et_pb_text _builder_version=&#8221;4.6.0&#8243; _module_preset=&#8221;default&#8221; hover_enabled=&#8221;0&#8243; sticky_enabled=&#8221;0&#8243;]<\/p>\n<p>Project coordinator:<\/p>\n<p><a href=\"http:\/\/www.geology.cz\/extranet-eng\">Czech Geological Survey<\/a><\/p>\n<p>Project partners:<\/p>\n<p>MND a.s.<br \/>VSB &#8211; Technical University of Ostrava<br \/>Institute of Geophysics of the Czech Academy of Sciences<br \/>NORCE Norwegian Research Centre<\/p>\n<p>Team:<\/p>\n<p><a href=\"https:\/\/www.ig.cas.cz\/en\/contact\/staff\/petr-kolar\/\">Dr. Petr Kol\u00e1\u0159<\/a>, researcher<br \/> <a href=\"https:\/\/www.ig.cas.cz\/en\/contact\/staff\/zuzana-jechumtalova\/\">Dr. Zuzana Jechumtalov\u00e1<\/a>, researcher<br \/> Petr Jedlicka, technician<\/p>\n<p>Project duration: 2020 &#8211; 2024<\/p>\n<p>[\/et_pb_text][et_pb_image src=&#8221;https:\/\/www.ig.cas.cz\/wp-content\/uploads\/2021\/01\/co2_spicer_logo_cmyk.jpg&#8221; title_text=&#8221;Tisk&#8221; _builder_version=&#8221;4.6.0&#8243; _module_preset=&#8221;default&#8221;][\/et_pb_image][\/et_pb_column][\/et_pb_row][\/et_pb_section]<\/p>\n","protected":false},"excerpt":{"rendered":"<p>CO2 Storage Pilot in a&nbsp;Carbonate Reservoir Main objective of CO2-SPICER is to prepare a&nbsp;CO2 geological storage pilot project at the mature Zar-3 oil &amp; gas field in the SE part of the Czech Republic up to the implementation-ready stage. To achieve this main objective, a&nbsp;set of partial project goals has been set: [&hellip;]<\/p>\n","protected":false},"author":2,"featured_media":0,"parent":0,"menu_order":0,"comment_status":"closed","ping_status":"closed","template":"","meta":{"_et_pb_use_builder":"on","_et_pb_old_content":"","_et_gb_content_width":"","footnotes":""},"categories":[],"tags":[],"class_list":["post-20947","page","type-page","status-publish","hentry"],"yoast_head":"<!-- This site is optimized with the Yoast SEO plugin v25.9 - https:\/\/yoast.com\/wordpress\/plugins\/seo\/ -->\n<title>CO2 Storage Pilot in a Carbonate Reservoir - Geofyzik\u00e1ln\u00ed \u00fastav Akademie v\u011bd \u010cR, v.v.i.<\/title>\n<meta name=\"robots\" content=\"index, follow, max-snippet:-1, max-image-preview:large, max-video-preview:-1\" \/>\n<link rel=\"canonical\" href=\"https:\/\/www.ig.cas.cz\/en\/co2-storage\/\" \/>\n<meta property=\"og:locale\" content=\"en_US\" \/>\n<meta property=\"og:type\" content=\"article\" \/>\n<meta property=\"og:title\" content=\"CO2 Storage Pilot in a Carbonate Reservoir - Geofyzik\u00e1ln\u00ed \u00fastav Akademie v\u011bd \u010cR, v.v.i.\" \/>\n<meta property=\"og:description\" content=\"CO2 Storage Pilot in a Carbonate Reservoir Main objective of CO2-SPICER is to prepare a CO2 geological storage pilot project at the mature Zar-3 oil &amp; gas field in the SE part of the Czech Republic up to the implementation-ready stage. To achieve this main objective, a set of partial project goals has been set: [&hellip;]\" \/>\n<meta property=\"og:url\" content=\"https:\/\/www.ig.cas.cz\/en\/co2-storage\/\" \/>\n<meta property=\"og:site_name\" content=\"Dom\u016f\" \/>\n<meta property=\"article:publisher\" content=\"https:\/\/www.facebook.com\/GFUAVCR\/\" \/>\n<meta property=\"article:modified_time\" content=\"2021-04-09T08:15:04+00:00\" \/>\n<meta name=\"twitter:card\" content=\"summary_large_image\" \/>\n<meta name=\"twitter:label1\" content=\"Est. reading time\" \/>\n\t<meta name=\"twitter:data1\" content=\"1 minute\" \/>\n<script type=\"application\/ld+json\" class=\"yoast-schema-graph\">{\"@context\":\"https:\/\/schema.org\",\"@graph\":[{\"@type\":\"WebPage\",\"@id\":\"https:\/\/www.ig.cas.cz\/en\/co2-storage\/\",\"url\":\"https:\/\/www.ig.cas.cz\/en\/co2-storage\/\",\"name\":\"CO2 Storage Pilot in a Carbonate Reservoir - Geofyzik\u00e1ln\u00ed \u00fastav Akademie v\u011bd \u010cR, v.v.i.\",\"isPartOf\":{\"@id\":\"https:\/\/www.ig.cas.cz\/#website\"},\"datePublished\":\"2021-01-14T12:14:37+00:00\",\"dateModified\":\"2021-04-09T08:15:04+00:00\",\"breadcrumb\":{\"@id\":\"https:\/\/www.ig.cas.cz\/en\/co2-storage\/#breadcrumb\"},\"inLanguage\":\"en-US\",\"potentialAction\":[{\"@type\":\"ReadAction\",\"target\":[\"https:\/\/www.ig.cas.cz\/en\/co2-storage\/\"]}]},{\"@type\":\"BreadcrumbList\",\"@id\":\"https:\/\/www.ig.cas.cz\/en\/co2-storage\/#breadcrumb\",\"itemListElement\":[{\"@type\":\"ListItem\",\"position\":1,\"name\":\"Dom\u016f\",\"item\":\"https:\/\/www.ig.cas.cz\/en\/\"},{\"@type\":\"ListItem\",\"position\":2,\"name\":\"CO2 Storage Pilot in a Carbonate Reservoir\"}]},{\"@type\":\"WebSite\",\"@id\":\"https:\/\/www.ig.cas.cz\/#website\",\"url\":\"https:\/\/www.ig.cas.cz\/\",\"name\":\"Dom\u016f\",\"description\":\"Geofyzik\u00e1ln\u00ed \u00fastav Akademie v\u011bd \u010cR, v.v.i.\",\"potentialAction\":[{\"@type\":\"SearchAction\",\"target\":{\"@type\":\"EntryPoint\",\"urlTemplate\":\"https:\/\/www.ig.cas.cz\/?s={search_term_string}\"},\"query-input\":{\"@type\":\"PropertyValueSpecification\",\"valueRequired\":true,\"valueName\":\"search_term_string\"}}],\"inLanguage\":\"en-US\"}]}<\/script>\n<!-- \/ Yoast SEO plugin. -->","yoast_head_json":{"title":"CO2 Storage Pilot in a Carbonate Reservoir - Geofyzik\u00e1ln\u00ed \u00fastav Akademie v\u011bd \u010cR, v.v.i.","robots":{"index":"index","follow":"follow","max-snippet":"max-snippet:-1","max-image-preview":"max-image-preview:large","max-video-preview":"max-video-preview:-1"},"canonical":"https:\/\/www.ig.cas.cz\/en\/co2-storage\/","og_locale":"en_US","og_type":"article","og_title":"CO2 Storage Pilot in a Carbonate Reservoir - Geofyzik\u00e1ln\u00ed \u00fastav Akademie v\u011bd \u010cR, v.v.i.","og_description":"CO2 Storage Pilot in a Carbonate Reservoir Main objective of CO2-SPICER is to prepare a CO2 geological storage pilot project at the mature Zar-3 oil &amp; gas field in the SE part of the Czech Republic up to the implementation-ready stage. To achieve this main objective, a set of partial project goals has been set: [&hellip;]","og_url":"https:\/\/www.ig.cas.cz\/en\/co2-storage\/","og_site_name":"Dom\u016f","article_publisher":"https:\/\/www.facebook.com\/GFUAVCR\/","article_modified_time":"2021-04-09T08:15:04+00:00","twitter_card":"summary_large_image","twitter_misc":{"Est. reading time":"1 minute"},"schema":{"@context":"https:\/\/schema.org","@graph":[{"@type":"WebPage","@id":"https:\/\/www.ig.cas.cz\/en\/co2-storage\/","url":"https:\/\/www.ig.cas.cz\/en\/co2-storage\/","name":"CO2 Storage Pilot in a Carbonate Reservoir - Geofyzik\u00e1ln\u00ed \u00fastav Akademie v\u011bd \u010cR, v.v.i.","isPartOf":{"@id":"https:\/\/www.ig.cas.cz\/#website"},"datePublished":"2021-01-14T12:14:37+00:00","dateModified":"2021-04-09T08:15:04+00:00","breadcrumb":{"@id":"https:\/\/www.ig.cas.cz\/en\/co2-storage\/#breadcrumb"},"inLanguage":"en-US","potentialAction":[{"@type":"ReadAction","target":["https:\/\/www.ig.cas.cz\/en\/co2-storage\/"]}]},{"@type":"BreadcrumbList","@id":"https:\/\/www.ig.cas.cz\/en\/co2-storage\/#breadcrumb","itemListElement":[{"@type":"ListItem","position":1,"name":"Dom\u016f","item":"https:\/\/www.ig.cas.cz\/en\/"},{"@type":"ListItem","position":2,"name":"CO2 Storage Pilot in a Carbonate Reservoir"}]},{"@type":"WebSite","@id":"https:\/\/www.ig.cas.cz\/#website","url":"https:\/\/www.ig.cas.cz\/","name":"Dom\u016f","description":"Geofyzik\u00e1ln\u00ed \u00fastav Akademie v\u011bd \u010cR, v.v.i.","potentialAction":[{"@type":"SearchAction","target":{"@type":"EntryPoint","urlTemplate":"https:\/\/www.ig.cas.cz\/?s={search_term_string}"},"query-input":{"@type":"PropertyValueSpecification","valueRequired":true,"valueName":"search_term_string"}}],"inLanguage":"en-US"}]}},"_links":{"self":[{"href":"https:\/\/www.ig.cas.cz\/en\/wp-json\/wp\/v2\/pages\/20947","targetHints":{"allow":["GET"]}}],"collection":[{"href":"https:\/\/www.ig.cas.cz\/en\/wp-json\/wp\/v2\/pages"}],"about":[{"href":"https:\/\/www.ig.cas.cz\/en\/wp-json\/wp\/v2\/types\/page"}],"author":[{"embeddable":true,"href":"https:\/\/www.ig.cas.cz\/en\/wp-json\/wp\/v2\/users\/2"}],"replies":[{"embeddable":true,"href":"https:\/\/www.ig.cas.cz\/en\/wp-json\/wp\/v2\/comments?post=20947"}],"version-history":[{"count":0,"href":"https:\/\/www.ig.cas.cz\/en\/wp-json\/wp\/v2\/pages\/20947\/revisions"}],"wp:attachment":[{"href":"https:\/\/www.ig.cas.cz\/en\/wp-json\/wp\/v2\/media?parent=20947"}],"wp:term":[{"taxonomy":"category","embeddable":true,"href":"https:\/\/www.ig.cas.cz\/en\/wp-json\/wp\/v2\/categories?post=20947"},{"taxonomy":"post_tag","embeddable":true,"href":"https:\/\/www.ig.cas.cz\/en\/wp-json\/wp\/v2\/tags?post=20947"}],"curies":[{"name":"wp","href":"https:\/\/api.w.org\/{rel}","templated":true}]}}