{"id":20987,"date":"2021-01-15T09:10:56","date_gmt":"2021-01-15T08:10:56","guid":{"rendered":"https:\/\/www.ig.cas.cz\/?page_id=20987"},"modified":"2021-01-15T09:11:29","modified_gmt":"2021-01-15T08:11:29","slug":"recent-swarm-activity-in-the-western-bohemia-vogtland-region","status":"publish","type":"page","link":"https:\/\/www.ig.cas.cz\/en\/recent-swarm-activity-in-the-western-bohemia-vogtland-region\/","title":{"rendered":"Recent swarm activity in the western Bohemia\/Vogtland region"},"content":{"rendered":"<p>[et_pb_section fb_built=&#8221;1&#8243; _builder_version=&#8221;4.6.0&#8243; _module_preset=&#8221;default&#8221; custom_padding=&#8221;5px||7px|||&#8221;][et_pb_row _builder_version=&#8221;4.6.0&#8243; _module_preset=&#8221;default&#8221; custom_padding=&#8221;7px||6px|||&#8221;][et_pb_column _builder_version=&#8221;4.6.0&#8243; _module_preset=&#8221;default&#8221; type=&#8221;4_4&#8243;][et_pb_text _builder_version=&#8221;4.6.0&#8243; _module_preset=&#8221;default&#8221; hover_enabled=&#8221;0&#8243; sticky_enabled=&#8221;0&#8243;]<\/p>\n<p><strong>Recent swarm activity in the western Bohemia\/Vogtland region<\/strong><\/p>\n<p style=\"text-align: justify;\">Increased seismic activity has been observed in the western Bohemia\/Vogtland region during the past month, starting on December 16, 2020, north of Novy Kostel near Luby (Fig. 1). Most of the events at the beginning of the swarm were very small, less than the local magnitude (ML) 1, and occurred at depths between 9 and 10 km. The highest seismic rates were observed from December 18 till December 22, when the seismic network recorded more than 1,000 earthquakes, including 7 events &gt; ML 2.0. The seismic rates have been declining since then, yet, relatively strong events may still occur as demonstrated by the January 10, 2021 ML 2.6 event. Altogether, the seismic swarm counted almost 1500 instrumentally recorded events.<\/p>\n<p>[\/et_pb_text][\/et_pb_column][\/et_pb_row][et_pb_row _builder_version=&#8221;4.6.0&#8243; _module_preset=&#8221;default&#8221; column_structure=&#8221;1_4,1_2,1_4&#8243; custom_padding=&#8221;5px||9px|||&#8221;][et_pb_column _builder_version=&#8221;4.6.0&#8243; _module_preset=&#8221;default&#8221; type=&#8221;1_4&#8243;][\/et_pb_column][et_pb_column _builder_version=&#8221;4.6.0&#8243; _module_preset=&#8221;default&#8221; type=&#8221;1_2&#8243;][et_pb_image src=&#8221;https:\/\/www.ig.cas.cz\/wp-content\/uploads\/2021\/01\/web-wb-fig1.jpg&#8221; _builder_version=&#8221;4.6.0&#8243; _module_preset=&#8221;default&#8221; title_text=&#8221;Web WB Fig1&#8243; hover_enabled=&#8221;0&#8243; sticky_enabled=&#8221;0&#8243; show_in_lightbox=&#8221;on&#8221;][\/et_pb_image][\/et_pb_column][et_pb_column _builder_version=&#8221;4.6.0&#8243; _module_preset=&#8221;default&#8221; type=&#8221;1_4&#8243;][\/et_pb_column][\/et_pb_row][et_pb_row _builder_version=&#8221;4.6.0&#8243; _module_preset=&#8221;default&#8221; custom_padding=&#8221;5px||7px|||&#8221;][et_pb_column _builder_version=&#8221;4.6.0&#8243; _module_preset=&#8221;default&#8221; type=&#8221;4_4&#8243;][et_pb_text _builder_version=&#8221;4.6.0&#8243; _module_preset=&#8221;default&#8221; hover_enabled=&#8221;0&#8243; sticky_enabled=&#8221;0&#8243;]<\/p>\n<p style=\"text-align: center;\"><em>Fig. 1 &#8211; 2020\/2021 seismic swarm north of Novy Kostel<\/em><\/p>\n<p>[\/et_pb_text][\/et_pb_column][\/et_pb_row][et_pb_row _builder_version=&#8221;4.6.0&#8243; _module_preset=&#8221;default&#8221; custom_padding=&#8221;10px||2px|||&#8221;][et_pb_column _builder_version=&#8221;4.6.0&#8243; _module_preset=&#8221;default&#8221; type=&#8221;4_4&#8243;][et_pb_text _builder_version=&#8221;4.6.0&#8243; _module_preset=&#8221;default&#8221; hover_enabled=&#8221;0&#8243; sticky_enabled=&#8221;0&#8243;]<\/p>\n<p style=\"text-align: justify;\">The western Bohemia\/Vogtland region has long been known for recurrent earthquake swarms, that is, sequences of relatively small-magnitude earthquakes that occur locally within a&nbsp;relatively short time. The time period is variable and commonly ranges between days and weeks. Unlike mainshock-aftershock sequences, earthquake swarms do not contain a&nbsp;main, large-magnitude earthquake but rather comprise a&nbsp;series of small-to-moderate events. In western Bohemia, the earthquake magnitude rarely exceeds 3 of the local magnitude scale. Most of these earthquakes are too weak to be noticed by people living in the epicentral area. However, a&nbsp;few events stronger than ML 4, which may potentially cause light damage to structures, have been observed during swarm activity since 1900.<\/p>\n<p style=\"text-align: justify;\">Earthquakes in the region have been monitored by the real-time seismic network WEBNET that comprises 25 seismic stations deployed in a&nbsp;grid around the fault system (Fig. 2). Eight significant swarms have occurred since the start of systematic research in the region in the 1980s. Three major swarms occurred before 2000: in 1985, 1997, and 2000, and were followed by five swarms in 2008, 2011, 2014, 2017, and 2018. High-resolution observations from WEBNET allowed for detailed mapping of the steeply-dipping fault zone and upward migrating swarm seismicity, which is likely linked to the migration of fluids in the earth&#8217;s&nbsp;crust.<\/p>\n<p>[\/et_pb_text][\/et_pb_column][\/et_pb_row][et_pb_row _builder_version=&#8221;4.6.0&#8243; _module_preset=&#8221;default&#8221; column_structure=&#8221;1_4,1_2,1_4&#8243; custom_padding=&#8221;1px||5px|||&#8221;][et_pb_column _builder_version=&#8221;4.6.0&#8243; _module_preset=&#8221;default&#8221; type=&#8221;1_4&#8243;][\/et_pb_column][et_pb_column _builder_version=&#8221;4.6.0&#8243; _module_preset=&#8221;default&#8221; type=&#8221;1_2&#8243;][et_pb_image src=&#8221;https:\/\/www.ig.cas.cz\/wp-content\/uploads\/2021\/01\/web-wb-fig2.jpg&#8221; _builder_version=&#8221;4.6.0&#8243; _module_preset=&#8221;default&#8221; title_text=&#8221;Web WB Fig2&#8243; show_in_lightbox=&#8221;on&#8221; hover_enabled=&#8221;0&#8243; sticky_enabled=&#8221;0&#8243;][\/et_pb_image][\/et_pb_column][et_pb_column _builder_version=&#8221;4.6.0&#8243; _module_preset=&#8221;default&#8221; type=&#8221;1_4&#8243;][\/et_pb_column][\/et_pb_row][et_pb_row _builder_version=&#8221;4.6.0&#8243; _module_preset=&#8221;default&#8221; custom_padding=&#8221;6px||6px|||&#8221;][et_pb_column _builder_version=&#8221;4.6.0&#8243; _module_preset=&#8221;default&#8221; type=&#8221;4_4&#8243;][et_pb_text _builder_version=&#8221;4.6.0&#8243; _module_preset=&#8221;default&#8221; hover_enabled=&#8221;0&#8243; sticky_enabled=&#8221;0&#8243;]<\/p>\n<p style=\"text-align: center;\"><em>Fig. 2 &#8211; The WEBNET seismic network with earthquake epicenters<\/em><\/p>\n<p>[\/et_pb_text][\/et_pb_column][\/et_pb_row][et_pb_row _builder_version=&#8221;4.6.0&#8243; _module_preset=&#8221;default&#8221; custom_padding=&#8221;11px||7px|||&#8221;][et_pb_column _builder_version=&#8221;4.6.0&#8243; _module_preset=&#8221;default&#8221; type=&#8221;4_4&#8243;][et_pb_text _builder_version=&#8221;4.6.0&#8243; _module_preset=&#8221;default&#8221; hover_enabled=&#8221;0&#8243; sticky_enabled=&#8221;0&#8243;]<\/p>\n<p style=\"text-align: justify;\">The hypocenters of five swarms from 2008 to 2018 illuminate about 10-km long segment of the fault at depths between 6 and 12 km. Fig. 3 shows the location of the fault as displayed by the distribution of earthquake epicenters, a&nbsp;section along the strike of the fault, and earthquake magnitudes in time.<\/p>\n<p>[\/et_pb_text][\/et_pb_column][\/et_pb_row][et_pb_row _builder_version=&#8221;4.6.0&#8243; _module_preset=&#8221;default&#8221; column_structure=&#8221;1_4,1_2,1_4&#8243; custom_padding=&#8221;7px||11px|||&#8221;][et_pb_column _builder_version=&#8221;4.6.0&#8243; _module_preset=&#8221;default&#8221; type=&#8221;1_4&#8243;][\/et_pb_column][et_pb_column _builder_version=&#8221;4.6.0&#8243; _module_preset=&#8221;default&#8221; type=&#8221;1_2&#8243;][et_pb_image src=&#8221;https:\/\/www.ig.cas.cz\/wp-content\/uploads\/2021\/01\/web-wb-fig3.jpg&#8221; _builder_version=&#8221;4.6.0&#8243; _module_preset=&#8221;default&#8221; title_text=&#8221;Web WB Fig3&#8243; show_in_lightbox=&#8221;on&#8221; hover_enabled=&#8221;0&#8243; sticky_enabled=&#8221;0&#8243;][\/et_pb_image][\/et_pb_column][et_pb_column _builder_version=&#8221;4.6.0&#8243; _module_preset=&#8221;default&#8221; type=&#8221;1_4&#8243;][\/et_pb_column][\/et_pb_row][et_pb_row _builder_version=&#8221;4.6.0&#8243; _module_preset=&#8221;default&#8221; custom_padding=&#8221;10px||7px|||&#8221;][et_pb_column _builder_version=&#8221;4.6.0&#8243; _module_preset=&#8221;default&#8221; type=&#8221;4_4&#8243;][et_pb_text _builder_version=&#8221;4.6.0&#8243; _module_preset=&#8221;default&#8221; hover_enabled=&#8221;0&#8243; sticky_enabled=&#8221;0&#8243;]<\/p>\n<p style=\"text-align: center;\"><em>Fig. 3 &#8211; Earthquake activity in western Bohemia\/Vogtland region between 2008 and 2018. Individual swarms are distinguished by colors<\/em><\/p>\n<p>[\/et_pb_text][\/et_pb_column][\/et_pb_row][et_pb_row _builder_version=&#8221;4.6.0&#8243; _module_preset=&#8221;default&#8221; custom_padding=&#8221;0px||12px|||&#8221;][et_pb_column _builder_version=&#8221;4.6.0&#8243; _module_preset=&#8221;default&#8221; type=&#8221;4_4&#8243;][et_pb_text _builder_version=&#8221;4.6.0&#8243; _module_preset=&#8221;default&#8221; hover_enabled=&#8221;0&#8243; sticky_enabled=&#8221;0&#8243;]<\/p>\n<p style=\"text-align: right;\"><a href=\"https:\/\/www.ig.cas.cz\/en\/contact\/staff\/ales-spicak\/\">Dr. Ale\u0161 \u0160pi\u010d\u00e1k<\/a><br \/> Director of the Institute<\/p>\n<p>References:<\/p>\n<ul>\n<li>https:\/\/www.ig.cas.cz\/, accessed 1\/14\/2021<\/li>\n<\/ul>\n<p>[\/et_pb_text][\/et_pb_column][\/et_pb_row][\/et_pb_section]<\/p>\n","protected":false},"excerpt":{"rendered":"<p>Recent swarm activity in the western Bohemia\/Vogtland region Increased seismic activity has been observed in the western Bohemia\/Vogtland region during the past month, starting on December 16, 2020, north of Novy Kostel near Luby (Fig. 1). Most of the events at the beginning of the swarm were very small, less than the local magnitude (ML) [&hellip;]<\/p>\n","protected":false},"author":2,"featured_media":0,"parent":0,"menu_order":0,"comment_status":"closed","ping_status":"closed","template":"","meta":{"_et_pb_use_builder":"on","_et_pb_old_content":"","_et_gb_content_width":"","footnotes":""},"categories":[],"tags":[],"class_list":["post-20987","page","type-page","status-publish","hentry"],"yoast_head":"<!-- This site is optimized with the Yoast SEO plugin v25.9 - https:\/\/yoast.com\/wordpress\/plugins\/seo\/ -->\n<title>Recent swarm activity in the western Bohemia\/Vogtland region - Geofyzik\u00e1ln\u00ed \u00fastav Akademie v\u011bd \u010cR, v.v.i.<\/title>\n<meta name=\"robots\" content=\"index, follow, max-snippet:-1, max-image-preview:large, max-video-preview:-1\" \/>\n<link rel=\"canonical\" href=\"https:\/\/www.ig.cas.cz\/en\/recent-swarm-activity-in-the-western-bohemia-vogtland-region\/\" \/>\n<meta property=\"og:locale\" content=\"en_US\" \/>\n<meta property=\"og:type\" content=\"article\" \/>\n<meta property=\"og:title\" content=\"Recent swarm activity in the western Bohemia\/Vogtland region - Geofyzik\u00e1ln\u00ed \u00fastav Akademie v\u011bd \u010cR, v.v.i.\" \/>\n<meta property=\"og:description\" content=\"Recent swarm activity in the western Bohemia\/Vogtland region Increased seismic activity has been observed in the western Bohemia\/Vogtland region during the past month, starting on December 16, 2020, north of Novy Kostel near Luby (Fig. 1). Most of the events at the beginning of the swarm were very small, less than the local magnitude (ML) [&hellip;]\" \/>\n<meta property=\"og:url\" content=\"https:\/\/www.ig.cas.cz\/en\/recent-swarm-activity-in-the-western-bohemia-vogtland-region\/\" \/>\n<meta property=\"og:site_name\" content=\"Dom\u016f\" \/>\n<meta property=\"article:publisher\" content=\"https:\/\/www.facebook.com\/GFUAVCR\/\" \/>\n<meta property=\"article:modified_time\" content=\"2021-01-15T08:11:29+00:00\" \/>\n<meta name=\"twitter:card\" content=\"summary_large_image\" \/>\n<meta name=\"twitter:label1\" content=\"Est. reading time\" \/>\n\t<meta name=\"twitter:data1\" content=\"5 minutes\" \/>\n<script type=\"application\/ld+json\" class=\"yoast-schema-graph\">{\"@context\":\"https:\/\/schema.org\",\"@graph\":[{\"@type\":\"WebPage\",\"@id\":\"https:\/\/www.ig.cas.cz\/en\/recent-swarm-activity-in-the-western-bohemia-vogtland-region\/\",\"url\":\"https:\/\/www.ig.cas.cz\/en\/recent-swarm-activity-in-the-western-bohemia-vogtland-region\/\",\"name\":\"Recent swarm activity in the western Bohemia\/Vogtland region - Geofyzik\u00e1ln\u00ed \u00fastav Akademie v\u011bd \u010cR, v.v.i.\",\"isPartOf\":{\"@id\":\"https:\/\/www.ig.cas.cz\/#website\"},\"datePublished\":\"2021-01-15T08:10:56+00:00\",\"dateModified\":\"2021-01-15T08:11:29+00:00\",\"breadcrumb\":{\"@id\":\"https:\/\/www.ig.cas.cz\/en\/recent-swarm-activity-in-the-western-bohemia-vogtland-region\/#breadcrumb\"},\"inLanguage\":\"en-US\",\"potentialAction\":[{\"@type\":\"ReadAction\",\"target\":[\"https:\/\/www.ig.cas.cz\/en\/recent-swarm-activity-in-the-western-bohemia-vogtland-region\/\"]}]},{\"@type\":\"BreadcrumbList\",\"@id\":\"https:\/\/www.ig.cas.cz\/en\/recent-swarm-activity-in-the-western-bohemia-vogtland-region\/#breadcrumb\",\"itemListElement\":[{\"@type\":\"ListItem\",\"position\":1,\"name\":\"Dom\u016f\",\"item\":\"https:\/\/www.ig.cas.cz\/en\/\"},{\"@type\":\"ListItem\",\"position\":2,\"name\":\"Recent swarm activity in the western Bohemia\/Vogtland region\"}]},{\"@type\":\"WebSite\",\"@id\":\"https:\/\/www.ig.cas.cz\/#website\",\"url\":\"https:\/\/www.ig.cas.cz\/\",\"name\":\"Dom\u016f\",\"description\":\"Geofyzik\u00e1ln\u00ed \u00fastav Akademie v\u011bd \u010cR, v.v.i.\",\"potentialAction\":[{\"@type\":\"SearchAction\",\"target\":{\"@type\":\"EntryPoint\",\"urlTemplate\":\"https:\/\/www.ig.cas.cz\/?s={search_term_string}\"},\"query-input\":{\"@type\":\"PropertyValueSpecification\",\"valueRequired\":true,\"valueName\":\"search_term_string\"}}],\"inLanguage\":\"en-US\"}]}<\/script>\n<!-- \/ Yoast SEO plugin. -->","yoast_head_json":{"title":"Recent swarm activity in the western Bohemia\/Vogtland region - Geofyzik\u00e1ln\u00ed \u00fastav Akademie v\u011bd \u010cR, v.v.i.","robots":{"index":"index","follow":"follow","max-snippet":"max-snippet:-1","max-image-preview":"max-image-preview:large","max-video-preview":"max-video-preview:-1"},"canonical":"https:\/\/www.ig.cas.cz\/en\/recent-swarm-activity-in-the-western-bohemia-vogtland-region\/","og_locale":"en_US","og_type":"article","og_title":"Recent swarm activity in the western Bohemia\/Vogtland region - Geofyzik\u00e1ln\u00ed \u00fastav Akademie v\u011bd \u010cR, v.v.i.","og_description":"Recent swarm activity in the western Bohemia\/Vogtland region Increased seismic activity has been observed in the western Bohemia\/Vogtland region during the past month, starting on December 16, 2020, north of Novy Kostel near Luby (Fig. 1). Most of the events at the beginning of the swarm were very small, less than the local magnitude (ML) [&hellip;]","og_url":"https:\/\/www.ig.cas.cz\/en\/recent-swarm-activity-in-the-western-bohemia-vogtland-region\/","og_site_name":"Dom\u016f","article_publisher":"https:\/\/www.facebook.com\/GFUAVCR\/","article_modified_time":"2021-01-15T08:11:29+00:00","twitter_card":"summary_large_image","twitter_misc":{"Est. reading time":"5 minutes"},"schema":{"@context":"https:\/\/schema.org","@graph":[{"@type":"WebPage","@id":"https:\/\/www.ig.cas.cz\/en\/recent-swarm-activity-in-the-western-bohemia-vogtland-region\/","url":"https:\/\/www.ig.cas.cz\/en\/recent-swarm-activity-in-the-western-bohemia-vogtland-region\/","name":"Recent swarm activity in the western Bohemia\/Vogtland region - Geofyzik\u00e1ln\u00ed \u00fastav Akademie v\u011bd \u010cR, v.v.i.","isPartOf":{"@id":"https:\/\/www.ig.cas.cz\/#website"},"datePublished":"2021-01-15T08:10:56+00:00","dateModified":"2021-01-15T08:11:29+00:00","breadcrumb":{"@id":"https:\/\/www.ig.cas.cz\/en\/recent-swarm-activity-in-the-western-bohemia-vogtland-region\/#breadcrumb"},"inLanguage":"en-US","potentialAction":[{"@type":"ReadAction","target":["https:\/\/www.ig.cas.cz\/en\/recent-swarm-activity-in-the-western-bohemia-vogtland-region\/"]}]},{"@type":"BreadcrumbList","@id":"https:\/\/www.ig.cas.cz\/en\/recent-swarm-activity-in-the-western-bohemia-vogtland-region\/#breadcrumb","itemListElement":[{"@type":"ListItem","position":1,"name":"Dom\u016f","item":"https:\/\/www.ig.cas.cz\/en\/"},{"@type":"ListItem","position":2,"name":"Recent swarm activity in the western Bohemia\/Vogtland region"}]},{"@type":"WebSite","@id":"https:\/\/www.ig.cas.cz\/#website","url":"https:\/\/www.ig.cas.cz\/","name":"Dom\u016f","description":"Geofyzik\u00e1ln\u00ed \u00fastav Akademie v\u011bd \u010cR, v.v.i.","potentialAction":[{"@type":"SearchAction","target":{"@type":"EntryPoint","urlTemplate":"https:\/\/www.ig.cas.cz\/?s={search_term_string}"},"query-input":{"@type":"PropertyValueSpecification","valueRequired":true,"valueName":"search_term_string"}}],"inLanguage":"en-US"}]}},"_links":{"self":[{"href":"https:\/\/www.ig.cas.cz\/en\/wp-json\/wp\/v2\/pages\/20987","targetHints":{"allow":["GET"]}}],"collection":[{"href":"https:\/\/www.ig.cas.cz\/en\/wp-json\/wp\/v2\/pages"}],"about":[{"href":"https:\/\/www.ig.cas.cz\/en\/wp-json\/wp\/v2\/types\/page"}],"author":[{"embeddable":true,"href":"https:\/\/www.ig.cas.cz\/en\/wp-json\/wp\/v2\/users\/2"}],"replies":[{"embeddable":true,"href":"https:\/\/www.ig.cas.cz\/en\/wp-json\/wp\/v2\/comments?post=20987"}],"version-history":[{"count":0,"href":"https:\/\/www.ig.cas.cz\/en\/wp-json\/wp\/v2\/pages\/20987\/revisions"}],"wp:attachment":[{"href":"https:\/\/www.ig.cas.cz\/en\/wp-json\/wp\/v2\/media?parent=20987"}],"wp:term":[{"taxonomy":"category","embeddable":true,"href":"https:\/\/www.ig.cas.cz\/en\/wp-json\/wp\/v2\/categories?post=20987"},{"taxonomy":"post_tag","embeddable":true,"href":"https:\/\/www.ig.cas.cz\/en\/wp-json\/wp\/v2\/tags?post=20987"}],"curies":[{"name":"wp","href":"https:\/\/api.w.org\/{rel}","templated":true}]}}