{"id":21503,"date":"2021-01-21T10:33:59","date_gmt":"2021-01-21T09:33:59","guid":{"rendered":"https:\/\/www.ig.cas.cz\/?page_id=21503"},"modified":"2026-02-24T13:44:53","modified_gmt":"2026-02-24T12:44:53","slug":"earth-observatories","status":"publish","type":"page","link":"https:\/\/www.ig.cas.cz\/en\/research\/teams\/earth-observatories\/","title":{"rendered":"Earth Observatories"},"content":{"rendered":"<p>[et_pb_section fb_built=&#8221;1&#8243; _builder_version=&#8221;4.16&#8243; _module_preset=&#8221;default&#8221; custom_padding=&#8221;40px|||||&#8221; global_colors_info=&#8221;{}&#8221;][et_pb_row column_structure=&#8221;3_5,2_5&#8243; _builder_version=&#8221;4.16&#8243; _module_preset=&#8221;default&#8221; global_colors_info=&#8221;{}&#8221;][et_pb_column type=&#8221;3_5&#8243; _builder_version=&#8221;4.16&#8243; _module_preset=&#8221;default&#8221; global_colors_info=&#8221;{}&#8221;][et_pb_text _builder_version=&#8221;4.23.1&#8243; _module_preset=&#8221;default&#8221; global_colors_info=&#8221;{}&#8221;]<\/p>\n<h4>Team Leader: Jakub Klicpera<\/h4>\n<p>&nbsp;<\/p>\n<p><strong>Our activities<br \/><\/strong><\/p>\n<p>Our researchers are engaged in operation of observatories and station networks, primary data processing and upload of data into international data centres or local repositories. Part of our activity is also devoted to laboratory experiments. Our team cooperates closely with corresponding research teams.<\/p>\n<p>The observation and laboratory pool of the Institute of Geophysics includes:<\/p>\n<ul>\n<li><a href=\"https:\/\/www.ig.cas.cz\/en\/observatories\/czech-regional-seismic-network\/\">Czech Regional Seismic Network &#8211; CRSN<\/a><\/li>\n<li>West Bohemian Local Seismic Network &#8211; WEBNET<\/li>\n<li><a href=\"https:\/\/www.ig.cas.cz\/en\/observatories\/local-seismic-network-reykjanet\/\">Local Seismic Network in southwest Iceland \u2013 REYKJANET<\/a><\/li>\n<li><a href=\"https:\/\/www.ig.cas.cz\/en\/observatories\/mobnet-pool\/\">Mobile Seismic Network \u2013 MOBNET<\/a><\/li>\n<li><a href=\"https:\/\/www.ig.cas.cz\/en\/observatories\/webgeodyn\/\">West Bohemia Geodynamic Observatory \u2013 WEBGEODYN<\/a><\/li>\n<li><a href=\"https:\/\/www.ig.cas.cz\/en\/observatories\/grevolcan\/\">Monitoring of Greek Volcanic Islands \u2013 GREVOLCAN<\/a><\/li>\n<li><a href=\"https:\/\/www.czechgeo.cz\/en\/sections-research-infrastructure-czechgeo\/section-geodynamics\/czech-earth-tide-observatories-czet\">Czech Earth Tide Observatories CZET<\/a><\/li>\n<li><a href=\"https:\/\/www.czechgeo.cz\/en\/sections-research-infrastructure-czechgeo\/section-geodynamics\/geothermal-network-geoclimanet\">Geothermal Network GeoCLIMANET<\/a><\/li>\n<li><a href=\"https:\/\/www.ig.cas.cz\/en\/observatories\/geomagnetic-observatory-budkov\/\">Geomagnetic Observatory Budkov and Mobile Equipment &#8211; GEOMAG<\/a><\/li>\n<li><a href=\"https:\/\/www.czechgeo.cz\/en\/sections-research-infrastructure-czechgeo\/section-geomagnetics\/mobile-magnetotelluric-facilities\">Mobile Magnetotelluric Facilities \u2013 MTMOB<\/a><\/li>\n<li><a href=\"https:\/\/www.ig.cas.cz\/en\/observatories\/tect-mod-lab\/\">Laboratory measurements of thermal conductivity of solid samples<\/a><\/li>\n<\/ul>\n<p>More details are available at our <a href=\"http:\/\/www.ig.cas.cz\/en\/measurements\/\">web pages<\/a> and on the web of the Research infrastructure <a href=\"http:\/\/www.czechgeo.cz\/en\">CzechGeo\/EPOS.<\/a><\/p>\n<p>&nbsp;<\/p>\n<p>[\/et_pb_text][\/et_pb_column][et_pb_column type=&#8221;2_5&#8243; _builder_version=&#8221;4.16&#8243; _module_preset=&#8221;default&#8221; global_colors_info=&#8221;{}&#8221;][et_pb_image src=&#8221;https:\/\/www.ig.cas.cz\/wp-content\/uploads\/2021\/01\/web-obr.jpg&#8221; title_text=&#8221;Web Obr&#8221; _builder_version=&#8221;4.16&#8243; _module_preset=&#8221;default&#8221; global_colors_info=&#8221;{}&#8221;][\/et_pb_image][\/et_pb_column][\/et_pb_row][et_pb_row _builder_version=&#8221;4.16&#8243; _module_preset=&#8221;default&#8221; global_colors_info=&#8221;{}&#8221;][et_pb_column type=&#8221;4_4&#8243; _builder_version=&#8221;4.16&#8243; _module_preset=&#8221;default&#8221; global_colors_info=&#8221;{}&#8221;][et_pb_text _builder_version=&#8221;4.27.4&#8243; _module_preset=&#8221;default&#8221; hover_enabled=&#8221;0&#8243; global_colors_info=&#8221;{}&#8221; sticky_enabled=&#8221;0&#8243;]<\/p>\n<p><strong>People<\/strong><\/p>\n<table style=\"width: 1098px;\">\n<tbody>\n<tr>\n<td style=\"width: 168.983px;\"><img loading=\"lazy\" decoding=\"async\" class=\"wp-image-21616 alignnone size-medium\" src=\"https:\/\/www.ig.cas.cz\/wp-content\/uploads\/2021\/01\/web-bayer-300x300.jpg\" alt=\"\" width=\"300\" height=\"300\" \/><\/td>\n<td style=\"width: 157.017px;\"><a href=\"https:\/\/www.ig.cas.cz\/en\/contact\/staff\/tomas-bayer\/\">Tom\u00e1\u0161 Bayer<\/a><\/td>\n<td style=\"width: 131px;\">Mgr, PhD<\/td>\n<td style=\"width: 157px;\">Specialist<\/td>\n<td style=\"width: 486px;\">absolute geomagnetic measurements at the Budkov Observatory and in the field, daily forecast of geomagnetic activity<\/td>\n<\/tr>\n<tr>\n<td style=\"width: 168.983px;\"><img loading=\"lazy\" decoding=\"async\" class=\"size-medium alignnone\" src=\"https:\/\/www.ig.cas.cz\/wp-content\/uploads\/2021\/01\/web-hejda-1.jpg\" alt=\"\" width=\"200\" height=\"200\" \/><\/td>\n<td style=\"width: 157.017px;\"><a href=\"https:\/\/www.ig.cas.cz\/en\/contact\/staff\/pavel-hejda\/\">Pavel Hejda<\/a><\/td>\n<td style=\"width: 131px;\">RNDr, CSc<\/td>\n<td style=\"width: 157px;\">Senior researcher<\/td>\n<td style=\"width: 486px;\">spatial-temporal analysis of the geomagnetic field, chair of the research infrastructure CzechGeo\/EPOS<\/td>\n<\/tr>\n<tr>\n<td style=\"width: 168.983px;\"><img loading=\"lazy\" decoding=\"async\" class=\"wp-image-21588 alignnone size-medium\" src=\"https:\/\/www.ig.cas.cz\/wp-content\/uploads\/2021\/01\/web-jedlicka_foto-300x300.jpg\" alt=\"\" width=\"300\" height=\"300\" srcset=\"https:\/\/www.ig.cas.cz\/wp-content\/uploads\/2021\/01\/web-jedlicka_foto-300x300.jpg 300w, https:\/\/www.ig.cas.cz\/wp-content\/uploads\/2021\/01\/web-jedlicka_foto-150x150.jpg 150w, https:\/\/www.ig.cas.cz\/wp-content\/uploads\/2021\/01\/web-jedlicka_foto.jpg 418w\" sizes=\"(max-width: 300px) 100vw, 300px\" \/><\/td>\n<td style=\"width: 157.017px;\">Petr Jedli\u010dka<\/td>\n<td style=\"width: 131px;\">Ing<\/td>\n<td style=\"width: 157px;\">Specialist<\/td>\n<td style=\"width: 486px;\">hardware\/software of the MOBNET seismic pool, field work, seismic observatory service, data processing<\/td>\n<\/tr>\n<tr>\n<td style=\"width: 168.983px;\">\u00a0<\/td>\n<td style=\"width: 157.017px;\">Robert Kincler<\/td>\n<td style=\"width: 131px;\">\u00a0<\/td>\n<td style=\"width: 157px;\">Technician<\/td>\n<td style=\"width: 486px;\">modernization and maintenance of geothermal network GeoClimanet, measurements of thermal properties of solid samples<\/td>\n<\/tr>\n<tr>\n<td style=\"width: 168.983px;\"><img loading=\"lazy\" decoding=\"async\" class=\"wp-image-21185 alignnone size-medium\" src=\"https:\/\/www.ig.cas.cz\/wp-content\/uploads\/2021\/01\/1web-klicpera-300x300.jpg\" alt=\"\" width=\"300\" height=\"300\" srcset=\"https:\/\/www.ig.cas.cz\/wp-content\/uploads\/2021\/01\/1web-klicpera-300x300.jpg 300w, https:\/\/www.ig.cas.cz\/wp-content\/uploads\/2021\/01\/1web-klicpera-150x150.jpg 150w, https:\/\/www.ig.cas.cz\/wp-content\/uploads\/2021\/01\/1web-klicpera.jpg 410w\" sizes=\"(max-width: 300px) 100vw, 300px\" \/><\/td>\n<td style=\"width: 157.017px;\"><a href=\"https:\/\/www.ig.cas.cz\/en\/contact\/staff\/jakub-klicpera\/\">Jakub Klicpera<\/a><\/td>\n<td style=\"width: 131px;\">Ing<\/td>\n<td style=\"width: 157px;\">Specialist (team leader)<\/td>\n<td style=\"width: 486px;\">modernization and maintenance of seismic networks WEBNET and REYKJANET, outreach activities<\/td>\n<\/tr>\n<tr>\n<td style=\"width: 168.983px;\"><img loading=\"lazy\" decoding=\"async\" class=\"wp-image-21590 alignnone size-medium\" src=\"https:\/\/www.ig.cas.cz\/wp-content\/uploads\/2021\/01\/web-kotek_foto-300x300.jpg\" alt=\"\" width=\"300\" height=\"300\" srcset=\"https:\/\/www.ig.cas.cz\/wp-content\/uploads\/2021\/01\/web-kotek_foto-300x300.jpg 300w, https:\/\/www.ig.cas.cz\/wp-content\/uploads\/2021\/01\/web-kotek_foto-150x150.jpg 150w, https:\/\/www.ig.cas.cz\/wp-content\/uploads\/2021\/01\/web-kotek_foto.jpg 407w\" sizes=\"(max-width: 300px) 100vw, 300px\" \/><\/td>\n<td style=\"width: 157.017px;\">Josef Kotek<\/td>\n<td style=\"width: 131px;\">\u00a0<\/td>\n<td style=\"width: 157px;\">Technician<\/td>\n<td style=\"width: 486px;\">installation, maintenance, repairs and check of seismic stations<\/td>\n<\/tr>\n<tr>\n<td style=\"width: 168.983px;\"><img loading=\"lazy\" decoding=\"async\" class=\"wp-image-21592 alignnone size-medium\" src=\"https:\/\/www.ig.cas.cz\/wp-content\/uploads\/2021\/01\/web-polak_foto-300x300.jpg\" alt=\"\" width=\"300\" height=\"300\" srcset=\"https:\/\/www.ig.cas.cz\/wp-content\/uploads\/2021\/01\/web-polak_foto-300x300.jpg 300w, https:\/\/www.ig.cas.cz\/wp-content\/uploads\/2021\/01\/web-polak_foto-150x150.jpg 150w, https:\/\/www.ig.cas.cz\/wp-content\/uploads\/2021\/01\/web-polak_foto.jpg 480w\" sizes=\"(max-width: 300px) 100vw, 300px\" \/><\/td>\n<td style=\"width: 157.017px;\"><a href=\"https:\/\/www.ig.cas.cz\/en\/contact\/staff\/vaclav-polak\/\">V\u00e1clav Pol\u00e1k<\/a><\/td>\n<td style=\"width: 131px;\">\u00a0Ing<\/td>\n<td style=\"width: 157px;\">Specialist<\/td>\n<td style=\"width: 486px;\">long term geodynamic tilt monitoring and data interpretation, instrumentation for tilt measurements<\/td>\n<\/tr>\n<tr>\n<td style=\"width: 168.983px;\"><img loading=\"lazy\" decoding=\"async\" class=\"wp-image-28142 alignnone size-medium\" src=\"https:\/\/www.ig.cas.cz\/wp-content\/uploads\/2022\/03\/seidl-300x264.jpg\" alt=\"\" width=\"300\" height=\"264\" srcset=\"https:\/\/www.ig.cas.cz\/wp-content\/uploads\/2022\/03\/seidl-300x264.jpg 300w, https:\/\/www.ig.cas.cz\/wp-content\/uploads\/2022\/03\/seidl.jpg 473w\" sizes=\"(max-width: 300px) 100vw, 300px\" \/><\/td>\n<td style=\"width: 157.017px;\">Michal Seidl<\/td>\n<td style=\"width: 131px;\">Ing, PhD<\/td>\n<td style=\"width: 157px;\">Specialist<\/td>\n<td style=\"width: 486px;\">application of high-precision GPS, levelling and other terrestrial geodetic measurements for geodynamic research, geodetic data processing<\/td>\n<\/tr>\n<tr>\n<td style=\"width: 168.983px;\"><img loading=\"lazy\" decoding=\"async\" class=\"wp-image-21608 alignnone size-medium\" src=\"https:\/\/www.ig.cas.cz\/wp-content\/uploads\/2021\/01\/web-vlk-300x300.jpg\" alt=\"\" width=\"300\" height=\"300\" srcset=\"https:\/\/www.ig.cas.cz\/wp-content\/uploads\/2021\/01\/web-vlk-300x300.jpg 300w, https:\/\/www.ig.cas.cz\/wp-content\/uploads\/2021\/01\/web-vlk-150x150.jpg 150w, https:\/\/www.ig.cas.cz\/wp-content\/uploads\/2021\/01\/web-vlk.jpg 350w\" sizes=\"(max-width: 300px) 100vw, 300px\" \/><\/td>\n<td style=\"width: 157.017px;\"><a href=\"https:\/\/www.ig.cas.cz\/en\/contact\/staff\/michal-vlk\/\">Michal Vlk<\/a><\/td>\n<td style=\"width: 131px;\">Ing, PhD<\/td>\n<td style=\"width: 157px;\">Specialist<\/td>\n<td style=\"width: 486px;\">geomagnetic measurements at the Budkov Observatory, development of instrumentation and software<\/td>\n<\/tr>\n<tr>\n<td style=\"width: 168.983px;\"><img loading=\"lazy\" decoding=\"async\" class=\"wp-image-21596 alignnone size-medium\" src=\"https:\/\/www.ig.cas.cz\/wp-content\/uploads\/2021\/01\/web-vobornikova-300x300.jpg\" alt=\"\" width=\"300\" height=\"300\" srcset=\"https:\/\/www.ig.cas.cz\/wp-content\/uploads\/2021\/01\/web-vobornikova-300x300.jpg 300w, https:\/\/www.ig.cas.cz\/wp-content\/uploads\/2021\/01\/web-vobornikova-150x150.jpg 150w, https:\/\/www.ig.cas.cz\/wp-content\/uploads\/2021\/01\/web-vobornikova.jpg 450w\" sizes=\"(max-width: 300px) 100vw, 300px\" \/><\/td>\n<td style=\"width: 157.017px;\">Lucie Voborn\u00edkov\u00e1<\/td>\n<td style=\"width: 131px;\">\u00a0<\/td>\n<td style=\"width: 157px;\">Technician<\/td>\n<td style=\"width: 486px;\">analysis of digital seismic records of Czech regional seismic network (CRSN)<\/td>\n<\/tr>\n<tr>\n<td style=\"width: 168.983px;\"><img loading=\"lazy\" decoding=\"async\" class=\"wp-image-21602 alignnone size-medium\" src=\"https:\/\/www.ig.cas.cz\/wp-content\/uploads\/2021\/01\/web-zednik-300x300.jpg\" alt=\"\" width=\"300\" height=\"300\" srcset=\"https:\/\/www.ig.cas.cz\/wp-content\/uploads\/2021\/01\/web-zednik-300x300.jpg 300w, https:\/\/www.ig.cas.cz\/wp-content\/uploads\/2021\/01\/web-zednik-150x150.jpg 150w, https:\/\/www.ig.cas.cz\/wp-content\/uploads\/2021\/01\/web-zednik.jpg 357w\" sizes=\"(max-width: 300px) 100vw, 300px\" \/><\/td>\n<td style=\"width: 157.017px;\"><a href=\"https:\/\/www.ig.cas.cz\/en\/contact\/staff\/jan-zednik\/\">Jan Zedn\u00edk<\/a><\/td>\n<td style=\"width: 131px;\">RNDr<\/td>\n<td style=\"width: 157px;\">Specialist<\/td>\n<td style=\"width: 486px;\">collection, analysis, archiving and international exchange of seismic data, leader of seismic service<\/td>\n<\/tr>\n<tr>\n<td style=\"width: 168.983px;\"><img loading=\"lazy\" decoding=\"async\" class=\"wp-image-21179 alignnone size-full\" src=\"https:\/\/www.ig.cas.cz\/wp-content\/uploads\/2021\/01\/1web-doubravova.jpg\" alt=\"\" width=\"186\" height=\"186\" srcset=\"https:\/\/www.ig.cas.cz\/wp-content\/uploads\/2021\/01\/1web-doubravova.jpg 186w, https:\/\/www.ig.cas.cz\/wp-content\/uploads\/2021\/01\/1web-doubravova-150x150.jpg 150w\" sizes=\"(max-width: 186px) 100vw, 186px\" \/><\/td>\n<td style=\"width: 157.017px;\"><a href=\"\/en\/contact\/staff\/jana-doubravova\/\">Jana Doubravov\u00e1<\/a><\/td>\n<td style=\"width: 131px;\">Ing, PhD<\/td>\n<td style=\"width: 157px;\">Specialist<\/td>\n<td style=\"width: 486px;\">advanced automatic processing of seismic data, automatic event detection, event location and source mechanism retrieval<\/td>\n<\/tr>\n<tr>\n<td style=\"width: 168.983px;\"><img loading=\"lazy\" decoding=\"async\" class=\"wp-image-27682 alignnone size-thumbnail\" src=\"https:\/\/www.ig.cas.cz\/wp-content\/uploads\/2022\/02\/hanka_mala-150x150.jpg\" alt=\"\" width=\"150\" height=\"150\" \/><\/td>\n<td style=\"width: 157.017px;\"><a href=\"\/en\/contact\/staff\/hana-jakoubkova\/\">Hana Jakoubkov\u00e1<\/a><\/td>\n<td style=\"width: 131px;\">Mgr,PhD<\/td>\n<td style=\"width: 157px;\">Specialist<\/td>\n<td style=\"width: 486px;\">refined event locations and space-time analysis<\/td>\n<\/tr>\n<tr>\n<td style=\"width: 168.983px;\"><img loading=\"lazy\" decoding=\"async\" class=\"wp-image-21679 alignnone size-medium\" src=\"https:\/\/www.ig.cas.cz\/wp-content\/uploads\/2021\/01\/web-prochazkova-300x300.jpg\" alt=\"\" width=\"300\" height=\"300\" \/><\/td>\n<td style=\"width: 157.017px;\">Zuzana Proch\u00e1zkov\u00e1<\/td>\n<td style=\"width: 131px;\">Mgr<\/td>\n<td style=\"width: 157px;\">Specialist<\/td>\n<td style=\"width: 486px;\">manual seismogram interpretation<\/td>\n<\/tr>\n<tr>\n<td style=\"width: 168.983px;\"><img loading=\"lazy\" decoding=\"async\" class=\"alignnone wp-image-27620 size-medium\" src=\"https:\/\/www.ig.cas.cz\/wp-content\/uploads\/2022\/02\/diana_mala-300x300.jpg\" alt=\"\" width=\"300\" height=\"300\" srcset=\"https:\/\/www.ig.cas.cz\/wp-content\/uploads\/2022\/02\/diana_mala-300x300.jpg 300w, https:\/\/www.ig.cas.cz\/wp-content\/uploads\/2022\/02\/diana_mala-150x150.jpg 150w, https:\/\/www.ig.cas.cz\/wp-content\/uploads\/2022\/02\/diana_mala.jpg 350w\" sizes=\"(max-width: 300px) 100vw, 300px\" \/><\/td>\n<td style=\"width: 157.017px;\"><a href=\"\/en\/contact\/staff\/diana-konradova\/\">Diana Konr\u00e1dov\u00e1<\/a><\/td>\n<td style=\"width: 131px;\">Mgr<\/td>\n<td style=\"width: 157px;\">PhD student<\/td>\n<td style=\"width: 486px;\">source mechanisms, seismic event location, tectonic and volcanic earthquake swarms<\/td>\n<\/tr>\n<tr>\n<td style=\"width: 168.983px;\"><img loading=\"lazy\" decoding=\"async\" class=\"wp-image-43710 alignnone size-medium\" src=\"https:\/\/www.ig.cas.cz\/wp-content\/uploads\/2026\/02\/michalek-jan-300x300.png\" alt=\"\" width=\"300\" height=\"300\" srcset=\"https:\/\/www.ig.cas.cz\/wp-content\/uploads\/2026\/02\/michalek-jan-300x300.png 300w, https:\/\/www.ig.cas.cz\/wp-content\/uploads\/2026\/02\/michalek-jan-150x150.png 150w, https:\/\/www.ig.cas.cz\/wp-content\/uploads\/2026\/02\/michalek-jan.png 480w\" sizes=\"(max-width: 300px) 100vw, 300px\" \/><\/td>\n<td style=\"width: 157.017px;\"><a href=\"https:\/\/www.ig.cas.cz\/en\/contact\/staff\/jan-michalek\/\">Jan Mich\u00e1lek<\/a><\/td>\n<td style=\"width: 131px;\">Mgr,PhD<\/td>\n<td style=\"width: 157px;\">Specialist<\/td>\n<td style=\"width: 486px;\">integration of data into research infrastructures enabling multidisciplinary research, data management, and support for Open Science, seismological service<\/td>\n<\/tr>\n<\/tbody>\n<\/table>\n<p><strong>\u00a0<\/strong><\/p>\n<p>[\/et_pb_text][\/et_pb_column][\/et_pb_row][\/et_pb_section]<\/p>\n","protected":false},"excerpt":{"rendered":"<p>Team Leader: Jakub Klicpera &nbsp; Our activities Our researchers are engaged in operation of observatories and station networks, primary data processing and upload of data into international data centres or local repositories. Part of our activity is also devoted to laboratory experiments. Our team cooperates closely with corresponding research teams. The observation and laboratory pool [&hellip;]<\/p>\n","protected":false},"author":2,"featured_media":17647,"parent":27543,"menu_order":0,"comment_status":"closed","ping_status":"closed","template":"","meta":{"_et_pb_use_builder":"on","_et_pb_old_content":"","_et_gb_content_width":"","footnotes":""},"categories":[],"tags":[],"class_list":["post-21503","page","type-page","status-publish","has-post-thumbnail","hentry"],"yoast_head":"<!-- This site is optimized with the Yoast SEO plugin v25.9 - https:\/\/yoast.com\/wordpress\/plugins\/seo\/ -->\n<title>Earth Observatories - Geofyzik\u00e1ln\u00ed \u00fastav Akademie v\u011bd \u010cR, v.v.i.<\/title>\n<meta name=\"robots\" content=\"index, follow, max-snippet:-1, max-image-preview:large, max-video-preview:-1\" \/>\n<link rel=\"canonical\" href=\"https:\/\/www.ig.cas.cz\/en\/research\/teams\/earth-observatories\/\" \/>\n<meta property=\"og:locale\" content=\"en_US\" \/>\n<meta property=\"og:type\" content=\"article\" \/>\n<meta property=\"og:title\" content=\"Earth Observatories - Geofyzik\u00e1ln\u00ed \u00fastav Akademie v\u011bd \u010cR, v.v.i.\" \/>\n<meta property=\"og:description\" content=\"Team Leader: Jakub Klicpera &nbsp; Our activities Our researchers are engaged in operation of observatories and station networks, primary data processing and upload of data into international data centres or local repositories. Part of our activity is also devoted to laboratory experiments. Our team cooperates closely with corresponding research teams. The observation and laboratory pool [&hellip;]\" \/>\n<meta property=\"og:url\" content=\"https:\/\/www.ig.cas.cz\/en\/research\/teams\/earth-observatories\/\" \/>\n<meta property=\"og:site_name\" content=\"Dom\u016f\" \/>\n<meta property=\"article:publisher\" content=\"https:\/\/www.facebook.com\/GFUAVCR\/\" \/>\n<meta property=\"article:modified_time\" content=\"2026-02-24T12:44:53+00:00\" \/>\n<meta property=\"og:image\" content=\"https:\/\/www.ig.cas.cz\/wp-content\/uploads\/2018\/01\/Q330.jpg\" \/>\n\t<meta property=\"og:image:width\" content=\"1994\" \/>\n\t<meta property=\"og:image:height\" content=\"261\" \/>\n\t<meta property=\"og:image:type\" content=\"image\/jpeg\" \/>\n<meta name=\"twitter:card\" content=\"summary_large_image\" \/>\n<meta name=\"twitter:label1\" content=\"Est. reading time\" \/>\n\t<meta name=\"twitter:data1\" content=\"6 minutes\" \/>\n<script type=\"application\/ld+json\" class=\"yoast-schema-graph\">{\"@context\":\"https:\/\/schema.org\",\"@graph\":[{\"@type\":\"WebPage\",\"@id\":\"https:\/\/www.ig.cas.cz\/en\/research\/teams\/earth-observatories\/\",\"url\":\"https:\/\/www.ig.cas.cz\/en\/research\/teams\/earth-observatories\/\",\"name\":\"Earth Observatories - Geofyzik\u00e1ln\u00ed \u00fastav Akademie v\u011bd \u010cR, v.v.i.\",\"isPartOf\":{\"@id\":\"https:\/\/www.ig.cas.cz\/#website\"},\"primaryImageOfPage\":{\"@id\":\"https:\/\/www.ig.cas.cz\/en\/research\/teams\/earth-observatories\/#primaryimage\"},\"image\":{\"@id\":\"https:\/\/www.ig.cas.cz\/en\/research\/teams\/earth-observatories\/#primaryimage\"},\"thumbnailUrl\":\"https:\/\/www.ig.cas.cz\/wp-content\/uploads\/2018\/01\/Q330.jpg\",\"datePublished\":\"2021-01-21T09:33:59+00:00\",\"dateModified\":\"2026-02-24T12:44:53+00:00\",\"breadcrumb\":{\"@id\":\"https:\/\/www.ig.cas.cz\/en\/research\/teams\/earth-observatories\/#breadcrumb\"},\"inLanguage\":\"en-US\",\"potentialAction\":[{\"@type\":\"ReadAction\",\"target\":[\"https:\/\/www.ig.cas.cz\/en\/research\/teams\/earth-observatories\/\"]}]},{\"@type\":\"ImageObject\",\"inLanguage\":\"en-US\",\"@id\":\"https:\/\/www.ig.cas.cz\/en\/research\/teams\/earth-observatories\/#primaryimage\",\"url\":\"https:\/\/www.ig.cas.cz\/wp-content\/uploads\/2018\/01\/Q330.jpg\",\"contentUrl\":\"https:\/\/www.ig.cas.cz\/wp-content\/uploads\/2018\/01\/Q330.jpg\",\"width\":1994,\"height\":261},{\"@type\":\"BreadcrumbList\",\"@id\":\"https:\/\/www.ig.cas.cz\/en\/research\/teams\/earth-observatories\/#breadcrumb\",\"itemListElement\":[{\"@type\":\"ListItem\",\"position\":1,\"name\":\"Dom\u016f\",\"item\":\"https:\/\/www.ig.cas.cz\/en\/\"},{\"@type\":\"ListItem\",\"position\":2,\"name\":\"Research\",\"item\":\"https:\/\/www.ig.cas.cz\/en\/research\/\"},{\"@type\":\"ListItem\",\"position\":3,\"name\":\"Research teams\",\"item\":\"https:\/\/www.ig.cas.cz\/en\/research\/teams\/\"},{\"@type\":\"ListItem\",\"position\":4,\"name\":\"Earth Observatories\"}]},{\"@type\":\"WebSite\",\"@id\":\"https:\/\/www.ig.cas.cz\/#website\",\"url\":\"https:\/\/www.ig.cas.cz\/\",\"name\":\"Dom\u016f\",\"description\":\"Geofyzik\u00e1ln\u00ed \u00fastav Akademie v\u011bd \u010cR, v.v.i.\",\"potentialAction\":[{\"@type\":\"SearchAction\",\"target\":{\"@type\":\"EntryPoint\",\"urlTemplate\":\"https:\/\/www.ig.cas.cz\/?s={search_term_string}\"},\"query-input\":{\"@type\":\"PropertyValueSpecification\",\"valueRequired\":true,\"valueName\":\"search_term_string\"}}],\"inLanguage\":\"en-US\"}]}<\/script>\n<!-- \/ Yoast SEO plugin. -->","yoast_head_json":{"title":"Earth Observatories - Geofyzik\u00e1ln\u00ed \u00fastav Akademie v\u011bd \u010cR, v.v.i.","robots":{"index":"index","follow":"follow","max-snippet":"max-snippet:-1","max-image-preview":"max-image-preview:large","max-video-preview":"max-video-preview:-1"},"canonical":"https:\/\/www.ig.cas.cz\/en\/research\/teams\/earth-observatories\/","og_locale":"en_US","og_type":"article","og_title":"Earth Observatories - Geofyzik\u00e1ln\u00ed \u00fastav Akademie v\u011bd \u010cR, v.v.i.","og_description":"Team Leader: Jakub Klicpera &nbsp; Our activities Our researchers are engaged in operation of observatories and station networks, primary data processing and upload of data into international data centres or local repositories. Part of our activity is also devoted to laboratory experiments. Our team cooperates closely with corresponding research teams. The observation and laboratory pool [&hellip;]","og_url":"https:\/\/www.ig.cas.cz\/en\/research\/teams\/earth-observatories\/","og_site_name":"Dom\u016f","article_publisher":"https:\/\/www.facebook.com\/GFUAVCR\/","article_modified_time":"2026-02-24T12:44:53+00:00","og_image":[{"width":1994,"height":261,"url":"https:\/\/www.ig.cas.cz\/wp-content\/uploads\/2018\/01\/Q330.jpg","type":"image\/jpeg"}],"twitter_card":"summary_large_image","twitter_misc":{"Est. reading time":"6 minutes"},"schema":{"@context":"https:\/\/schema.org","@graph":[{"@type":"WebPage","@id":"https:\/\/www.ig.cas.cz\/en\/research\/teams\/earth-observatories\/","url":"https:\/\/www.ig.cas.cz\/en\/research\/teams\/earth-observatories\/","name":"Earth Observatories - Geofyzik\u00e1ln\u00ed \u00fastav Akademie v\u011bd \u010cR, v.v.i.","isPartOf":{"@id":"https:\/\/www.ig.cas.cz\/#website"},"primaryImageOfPage":{"@id":"https:\/\/www.ig.cas.cz\/en\/research\/teams\/earth-observatories\/#primaryimage"},"image":{"@id":"https:\/\/www.ig.cas.cz\/en\/research\/teams\/earth-observatories\/#primaryimage"},"thumbnailUrl":"https:\/\/www.ig.cas.cz\/wp-content\/uploads\/2018\/01\/Q330.jpg","datePublished":"2021-01-21T09:33:59+00:00","dateModified":"2026-02-24T12:44:53+00:00","breadcrumb":{"@id":"https:\/\/www.ig.cas.cz\/en\/research\/teams\/earth-observatories\/#breadcrumb"},"inLanguage":"en-US","potentialAction":[{"@type":"ReadAction","target":["https:\/\/www.ig.cas.cz\/en\/research\/teams\/earth-observatories\/"]}]},{"@type":"ImageObject","inLanguage":"en-US","@id":"https:\/\/www.ig.cas.cz\/en\/research\/teams\/earth-observatories\/#primaryimage","url":"https:\/\/www.ig.cas.cz\/wp-content\/uploads\/2018\/01\/Q330.jpg","contentUrl":"https:\/\/www.ig.cas.cz\/wp-content\/uploads\/2018\/01\/Q330.jpg","width":1994,"height":261},{"@type":"BreadcrumbList","@id":"https:\/\/www.ig.cas.cz\/en\/research\/teams\/earth-observatories\/#breadcrumb","itemListElement":[{"@type":"ListItem","position":1,"name":"Dom\u016f","item":"https:\/\/www.ig.cas.cz\/en\/"},{"@type":"ListItem","position":2,"name":"Research","item":"https:\/\/www.ig.cas.cz\/en\/research\/"},{"@type":"ListItem","position":3,"name":"Research teams","item":"https:\/\/www.ig.cas.cz\/en\/research\/teams\/"},{"@type":"ListItem","position":4,"name":"Earth Observatories"}]},{"@type":"WebSite","@id":"https:\/\/www.ig.cas.cz\/#website","url":"https:\/\/www.ig.cas.cz\/","name":"Dom\u016f","description":"Geofyzik\u00e1ln\u00ed \u00fastav Akademie v\u011bd \u010cR, v.v.i.","potentialAction":[{"@type":"SearchAction","target":{"@type":"EntryPoint","urlTemplate":"https:\/\/www.ig.cas.cz\/?s={search_term_string}"},"query-input":{"@type":"PropertyValueSpecification","valueRequired":true,"valueName":"search_term_string"}}],"inLanguage":"en-US"}]}},"_links":{"self":[{"href":"https:\/\/www.ig.cas.cz\/en\/wp-json\/wp\/v2\/pages\/21503","targetHints":{"allow":["GET"]}}],"collection":[{"href":"https:\/\/www.ig.cas.cz\/en\/wp-json\/wp\/v2\/pages"}],"about":[{"href":"https:\/\/www.ig.cas.cz\/en\/wp-json\/wp\/v2\/types\/page"}],"author":[{"embeddable":true,"href":"https:\/\/www.ig.cas.cz\/en\/wp-json\/wp\/v2\/users\/2"}],"replies":[{"embeddable":true,"href":"https:\/\/www.ig.cas.cz\/en\/wp-json\/wp\/v2\/comments?post=21503"}],"version-history":[{"count":9,"href":"https:\/\/www.ig.cas.cz\/en\/wp-json\/wp\/v2\/pages\/21503\/revisions"}],"predecessor-version":[{"id":43758,"href":"https:\/\/www.ig.cas.cz\/en\/wp-json\/wp\/v2\/pages\/21503\/revisions\/43758"}],"up":[{"embeddable":true,"href":"https:\/\/www.ig.cas.cz\/en\/wp-json\/wp\/v2\/pages\/27543"}],"wp:featuredmedia":[{"embeddable":true,"href":"https:\/\/www.ig.cas.cz\/en\/wp-json\/wp\/v2\/media\/17647"}],"wp:attachment":[{"href":"https:\/\/www.ig.cas.cz\/en\/wp-json\/wp\/v2\/media?parent=21503"}],"wp:term":[{"taxonomy":"category","embeddable":true,"href":"https:\/\/www.ig.cas.cz\/en\/wp-json\/wp\/v2\/categories?post=21503"},{"taxonomy":"post_tag","embeddable":true,"href":"https:\/\/www.ig.cas.cz\/en\/wp-json\/wp\/v2\/tags?post=21503"}],"curies":[{"name":"wp","href":"https:\/\/api.w.org\/{rel}","templated":true}]}}