{"id":22090,"date":"2021-02-04T21:50:29","date_gmt":"2021-02-04T20:50:29","guid":{"rendered":"https:\/\/www.ig.cas.cz\/?page_id=22090"},"modified":"2023-01-26T14:13:12","modified_gmt":"2023-01-26T13:13:12","slug":"novy-kostel-nkc","status":"publish","type":"page","link":"https:\/\/www.ig.cas.cz\/en\/observatories\/local-seismic-network-webnet\/novy-kostel-nkc\/","title":{"rendered":"Nov\u00fd Kostel (NKC)"},"content":{"rendered":"<p>[et_pb_section fb_built=&#8221;1&#8243; admin_label=&#8221;section&#8221; _builder_version=&#8221;3.22&#8243;][et_pb_row column_structure=&#8221;3_4,1_4&#8243; admin_label=&#8221;row&#8221; _builder_version=&#8221;3.25&#8243; background_size=&#8221;initial&#8221; background_position=&#8221;top_left&#8221; background_repeat=&#8221;repeat&#8221;][et_pb_column type=&#8221;3_4&#8243; _builder_version=&#8221;3.25&#8243; custom_padding=&#8221;|||&#8221; custom_padding__hover=&#8221;|||&#8221;][et_pb_text _builder_version=&#8221;4.6.0&#8243; background_size=&#8221;initial&#8221; background_position=&#8221;top_left&#8221; background_repeat=&#8221;repeat&#8221;]<\/p>\n<p style=\"text-align: justify;\"><strong>Station Nov\u00fd Kostel (NKC) <\/strong>is situated just in the epicentral zone. Most of the earthquakes in West Bohemia\/Vogtland occurs in the vicinity of Novy Kostel. The seismic measurement as a&nbsp;apart of WEBNET network are complemented by the Czech Regional Seismic Network, acoustic measurement and electromagnetic field fluctuations.<\/p>\n<p>[\/et_pb_text][et_pb_code _builder_version=&#8221;4.6.0&#8243; hover_enabled=&#8221;0&#8243; sticky_enabled=&#8221;0&#8243;]<\/p>\n<style><!-- [et_pb_line_break_holder] -->.buttonJ {<!-- [et_pb_line_break_holder] --> background-color: #3885bb; <!-- [et_pb_line_break_holder] --> border: none;<!-- [et_pb_line_break_holder] --> color: white;<!-- [et_pb_line_break_holder] --> padding: 15px 32px;<!-- [et_pb_line_break_holder] --> text-align: center;<!-- [et_pb_line_break_holder] --> text-decoration: none;<!-- [et_pb_line_break_holder] --> display: inline-block;<!-- [et_pb_line_break_holder] --> font-size: 14px;<!-- [et_pb_line_break_holder] --> font-weight: 700;<!-- [et_pb_line_break_holder] --> margin: 4px 2px;<!-- [et_pb_line_break_holder] --> cursor: pointer;<!-- [et_pb_line_break_holder] -->}<!-- [et_pb_line_break_holder] -->.wrapper {<!-- [et_pb_line_break_holder] --> text-align: center;<!-- [et_pb_line_break_holder] -->}<!-- [et_pb_line_break_holder] --><\/style>\n<p><!-- [et_pb_line_break_holder] --><!-- [et_pb_line_break_holder] --><!-- [et_pb_line_break_holder] --><!-- [et_pb_line_break_holder] --><!-- [et_pb_line_break_holder] --><img decoding=\"async\" id=\"image\" src=\"http:\/\/czechgeo.cz\/plotfiles\/MAC\/2018_01_20.png\" name=\"image\" align=\"middle\" \/><!-- [et_pb_line_break_holder] --><!-- [et_pb_line_break_holder] --><\/p>\n<div class=\"wrapper\"><!-- [et_pb_line_break_holder] --><button class=\"buttonJ\" type=\"button\">PREVIOUS DAY<\/button><!-- [et_pb_line_break_holder] --><button class=\"buttonJ\" type=\"button\">NEXT DAY<\/button><!-- [et_pb_line_break_holder] --><\/div>\n<p><!-- [et_pb_line_break_holder] --><!-- [et_pb_line_break_holder] --><!-- [et_pb_line_break_holder] --><pee id=\"note2\">The image is refreshed each 10 minutes. Time is in UTC and amplitude of vertical component of the velocity is in nm\/s. <\/pee><!-- [et_pb_line_break_holder] --><!-- [et_pb_line_break_holder] --><script><!-- [et_pb_line_break_holder] -->var pre='http:\/\/czechgeo.ig.cas.cz\/plotfiles\/wb\/NKC\/';<!-- [et_pb_line_break_holder] -->var datum = new Date();<!-- [et_pb_line_break_holder] -->var y = datum.getFullYear();<!-- [et_pb_line_break_holder] -->var m = (\"0\"+(datum.getMonth()+1)).slice(-2);<!-- [et_pb_line_break_holder] -->var d = (\"0\"+datum.getDate()).slice(-2);<!-- [et_pb_line_break_holder] -->var adresa = pre+y+\"_\"+m+\"_\"+d+\".png\";<!-- [et_pb_line_break_holder] -->document.getElementById('image').src = adresa;<!-- [et_pb_line_break_holder] -->var off = 0;<!-- [et_pb_line_break_holder] -->var datum2=new Date();<!-- [et_pb_line_break_holder] -->var msinday=86400000;<!-- [et_pb_line_break_holder] --><!-- [et_pb_line_break_holder] -->str1= \"Daily seismogram of \"<!-- [et_pb_line_break_holder] -->document.getElementById(\"note1\").innerHTML=str1.concat(datum2.getDate(),\".\",(datum2.getMonth()+1),\".\",datum2.getFullYear());<!-- [et_pb_line_break_holder] --><!-- [et_pb_line_break_holder] -->function plusClick() {<!-- [et_pb_line_break_holder] --> if (off<10){ <!-- [et_pb_line_break_holder] --> off += 1;<!-- [et_pb_line_break_holder] --> datum2.setTime(datum.getTime()-86400000*off);<!-- [et_pb_line_break_holder] --> adresa = pre+datum2.getFullYear()+\"_\"+(\"0\"+(datum2.getMonth()+1)).slice(-2)+\"_\"+(\"0\"+datum2.getDate()).slice(-2)+\".png\";<!-- [et_pb_line_break_holder] --> document.getElementById('image').src = adresa;<!-- [et_pb_line_break_holder] -->document.getElementById(\"note1\").innerHTML=str1.concat(datum2.getDate(),\".\",(datum2.getMonth()+1),\".\",datum2.getFullYear());<!-- [et_pb_line_break_holder] --><!-- [et_pb_line_break_holder] --> }<!-- [et_pb_line_break_holder] --> else{<!-- [et_pb_line_break_holder] --> }<!-- [et_pb_line_break_holder] --> };<!-- [et_pb_line_break_holder] -->function minusClick() {<!-- [et_pb_line_break_holder] --> if (off>0){ <!-- [et_pb_line_break_holder] --> off -= 1;<!-- [et_pb_line_break_holder] --> datum2.setTime(datum.getTime()-86400000*off);<!-- [et_pb_line_break_holder] --> adresa = pre+datum2.getFullYear()+\"_\"+(\"0\"+(datum2.getMonth()+1)).slice(-2)+\"_\"+(\"0\"+datum2.getDate()).slice(-2)+\".png\";<!-- [et_pb_line_break_holder] --> document.getElementById('image').src = adresa;<!-- [et_pb_line_break_holder] -->document.getElementById(\"note1\").innerHTML=str1.concat(datum2.getDate(),\".\",(datum2.getMonth()+1),\".\",datum2.getFullYear());<!-- [et_pb_line_break_holder] --><!-- [et_pb_line_break_holder] --> }<!-- [et_pb_line_break_holder] --> else{<!-- [et_pb_line_break_holder] --> }<!-- [et_pb_line_break_holder] --> };<!-- [et_pb_line_break_holder] --><\/script><!-- [et_pb_line_break_holder] --><!-- [et_pb_line_break_holder] -->[\/et_pb_code][\/et_pb_column][et_pb_column type=&#8221;1_4&#8243; _builder_version=&#8221;3.25&#8243; custom_padding=&#8221;|||&#8221; custom_padding__hover=&#8221;|||&#8221;][et_pb_image src=&#8221;https:\/\/www.ig.cas.cz\/wp-content\/uploads\/2018\/01\/NKC-1.jpg&#8221; align_tablet=&#8221;center&#8221; align_phone=&#8221;&#8221; align_last_edited=&#8221;on|desktop&#8221; _builder_version=&#8221;3.23&#8243;][\/et_pb_image][et_pb_text _builder_version=&#8221;4.6.0&#8243;]<\/p>\n<p><strong>Coordinates:<\/strong> 50.2331N 12.4480E<br \/><strong>Altitude:<\/strong> 610&nbsp;m<br \/><strong>Seismometer:<\/strong> broadband sensor Guralp CMG-3ESPC<br \/><strong>Digitizer:<\/strong> Nanometrics Centaur<br \/><strong>Sampling:<\/strong> 250 Hz<br \/><strong>Data transfer:<\/strong>\u00a0online<br \/><strong>Available data:<\/strong>1986 &#8211; now<\/p>\n<p>[\/et_pb_text][\/et_pb_column][\/et_pb_row][\/et_pb_section]<\/p>\n","protected":false},"excerpt":{"rendered":"<p>Station Nov\u00fd Kostel (NKC) is situated just in the epicentral zone. Most of the earthquakes in West Bohemia\/Vogtland occurs in the vicinity of Novy Kostel. The seismic measurement as a&nbsp;apart of WEBNET network are complemented by the Czech Regional Seismic Network, acoustic measurement and electromagnetic field fluctuations.Coordinates: 50.2331N 12.4480EAltitude: 610 mSeismometer: broadband sensor Guralp [&hellip;]<\/p>\n","protected":false},"author":9,"featured_media":20743,"parent":5084,"menu_order":0,"comment_status":"closed","ping_status":"closed","template":"","meta":{"_et_pb_use_builder":"on","_et_pb_old_content":"","_et_gb_content_width":"","footnotes":""},"categories":[],"tags":[],"class_list":["post-22090","page","type-page","status-publish","has-post-thumbnail","hentry"],"yoast_head":"<!-- This site is optimized with the Yoast SEO plugin v25.9 - https:\/\/yoast.com\/wordpress\/plugins\/seo\/ -->\n<title>Nov\u00fd Kostel (NKC) - Geofyzik\u00e1ln\u00ed \u00fastav Akademie v\u011bd \u010cR, v.v.i.<\/title>\n<meta name=\"robots\" content=\"index, follow, max-snippet:-1, max-image-preview:large, max-video-preview:-1\" \/>\n<link rel=\"canonical\" href=\"https:\/\/www.ig.cas.cz\/en\/observatories\/local-seismic-network-webnet\/novy-kostel-nkc\/\" \/>\n<meta property=\"og:locale\" content=\"en_US\" \/>\n<meta property=\"og:type\" content=\"article\" \/>\n<meta property=\"og:title\" content=\"Nov\u00fd Kostel (NKC) - Geofyzik\u00e1ln\u00ed \u00fastav Akademie v\u011bd \u010cR, v.v.i.\" \/>\n<meta property=\"og:description\" content=\"Station Nov\u00fd Kostel (NKC) is situated just in the epicentral zone. Most of the earthquakes in West Bohemia\/Vogtland occurs in the vicinity of Novy Kostel. The seismic measurement as a apart of WEBNET network are complemented by the Czech Regional Seismic Network, acoustic measurement and electromagnetic field fluctuations.Coordinates: 50.2331N 12.4480EAltitude: 610 mSeismometer: broadband sensor Guralp [&hellip;]\" \/>\n<meta property=\"og:url\" content=\"https:\/\/www.ig.cas.cz\/en\/observatories\/local-seismic-network-webnet\/novy-kostel-nkc\/\" \/>\n<meta property=\"og:site_name\" content=\"Dom\u016f\" \/>\n<meta property=\"article:publisher\" content=\"https:\/\/www.facebook.com\/GFUAVCR\/\" \/>\n<meta property=\"article:modified_time\" content=\"2023-01-26T13:13:12+00:00\" \/>\n<meta property=\"og:image\" content=\"https:\/\/www.ig.cas.cz\/wp-content\/uploads\/2018\/02\/zhcut.jpg\" \/>\n\t<meta property=\"og:image:width\" content=\"2496\" \/>\n\t<meta property=\"og:image:height\" content=\"260\" \/>\n\t<meta property=\"og:image:type\" content=\"image\/jpeg\" \/>\n<meta name=\"twitter:card\" content=\"summary_large_image\" \/>\n<meta name=\"twitter:label1\" content=\"Est. reading time\" \/>\n\t<meta name=\"twitter:data1\" content=\"1 minute\" \/>\n<script type=\"application\/ld+json\" class=\"yoast-schema-graph\">{\"@context\":\"https:\/\/schema.org\",\"@graph\":[{\"@type\":\"WebPage\",\"@id\":\"https:\/\/www.ig.cas.cz\/en\/observatories\/local-seismic-network-webnet\/novy-kostel-nkc\/\",\"url\":\"https:\/\/www.ig.cas.cz\/en\/observatories\/local-seismic-network-webnet\/novy-kostel-nkc\/\",\"name\":\"Nov\u00fd Kostel (NKC) - Geofyzik\u00e1ln\u00ed \u00fastav Akademie v\u011bd \u010cR, v.v.i.\",\"isPartOf\":{\"@id\":\"https:\/\/www.ig.cas.cz\/#website\"},\"primaryImageOfPage\":{\"@id\":\"https:\/\/www.ig.cas.cz\/en\/observatories\/local-seismic-network-webnet\/novy-kostel-nkc\/#primaryimage\"},\"image\":{\"@id\":\"https:\/\/www.ig.cas.cz\/en\/observatories\/local-seismic-network-webnet\/novy-kostel-nkc\/#primaryimage\"},\"thumbnailUrl\":\"https:\/\/www.ig.cas.cz\/wp-content\/uploads\/2018\/02\/zhcut.jpg\",\"datePublished\":\"2021-02-04T20:50:29+00:00\",\"dateModified\":\"2023-01-26T13:13:12+00:00\",\"breadcrumb\":{\"@id\":\"https:\/\/www.ig.cas.cz\/en\/observatories\/local-seismic-network-webnet\/novy-kostel-nkc\/#breadcrumb\"},\"inLanguage\":\"en-US\",\"potentialAction\":[{\"@type\":\"ReadAction\",\"target\":[\"https:\/\/www.ig.cas.cz\/en\/observatories\/local-seismic-network-webnet\/novy-kostel-nkc\/\"]}]},{\"@type\":\"ImageObject\",\"inLanguage\":\"en-US\",\"@id\":\"https:\/\/www.ig.cas.cz\/en\/observatories\/local-seismic-network-webnet\/novy-kostel-nkc\/#primaryimage\",\"url\":\"https:\/\/www.ig.cas.cz\/wp-content\/uploads\/2018\/02\/zhcut.jpg\",\"contentUrl\":\"https:\/\/www.ig.cas.cz\/wp-content\/uploads\/2018\/02\/zhcut.jpg\",\"width\":2496,\"height\":260,\"caption\":\"OLYMPUS DIGITAL CAMERA\"},{\"@type\":\"BreadcrumbList\",\"@id\":\"https:\/\/www.ig.cas.cz\/en\/observatories\/local-seismic-network-webnet\/novy-kostel-nkc\/#breadcrumb\",\"itemListElement\":[{\"@type\":\"ListItem\",\"position\":1,\"name\":\"Dom\u016f\",\"item\":\"https:\/\/www.ig.cas.cz\/en\/\"},{\"@type\":\"ListItem\",\"position\":2,\"name\":\"Observatories\",\"item\":\"https:\/\/www.ig.cas.cz\/en\/observatories\/\"},{\"@type\":\"ListItem\",\"position\":3,\"name\":\"Local seismic network WEBNET\",\"item\":\"https:\/\/www.ig.cas.cz\/en\/observatories\/local-seismic-network-webnet\/\"},{\"@type\":\"ListItem\",\"position\":4,\"name\":\"Nov\u00fd Kostel (NKC)\"}]},{\"@type\":\"WebSite\",\"@id\":\"https:\/\/www.ig.cas.cz\/#website\",\"url\":\"https:\/\/www.ig.cas.cz\/\",\"name\":\"Dom\u016f\",\"description\":\"Geofyzik\u00e1ln\u00ed \u00fastav Akademie v\u011bd \u010cR, v.v.i.\",\"potentialAction\":[{\"@type\":\"SearchAction\",\"target\":{\"@type\":\"EntryPoint\",\"urlTemplate\":\"https:\/\/www.ig.cas.cz\/?s={search_term_string}\"},\"query-input\":{\"@type\":\"PropertyValueSpecification\",\"valueRequired\":true,\"valueName\":\"search_term_string\"}}],\"inLanguage\":\"en-US\"}]}<\/script>\n<!-- \/ Yoast SEO plugin. -->","yoast_head_json":{"title":"Nov\u00fd Kostel (NKC) - Geofyzik\u00e1ln\u00ed \u00fastav Akademie v\u011bd \u010cR, v.v.i.","robots":{"index":"index","follow":"follow","max-snippet":"max-snippet:-1","max-image-preview":"max-image-preview:large","max-video-preview":"max-video-preview:-1"},"canonical":"https:\/\/www.ig.cas.cz\/en\/observatories\/local-seismic-network-webnet\/novy-kostel-nkc\/","og_locale":"en_US","og_type":"article","og_title":"Nov\u00fd Kostel (NKC) - Geofyzik\u00e1ln\u00ed \u00fastav Akademie v\u011bd \u010cR, v.v.i.","og_description":"Station Nov\u00fd Kostel (NKC) is situated just in the epicentral zone. Most of the earthquakes in West Bohemia\/Vogtland occurs in the vicinity of Novy Kostel. The seismic measurement as a apart of WEBNET network are complemented by the Czech Regional Seismic Network, acoustic measurement and electromagnetic field fluctuations.Coordinates: 50.2331N 12.4480EAltitude: 610 mSeismometer: broadband sensor Guralp [&hellip;]","og_url":"https:\/\/www.ig.cas.cz\/en\/observatories\/local-seismic-network-webnet\/novy-kostel-nkc\/","og_site_name":"Dom\u016f","article_publisher":"https:\/\/www.facebook.com\/GFUAVCR\/","article_modified_time":"2023-01-26T13:13:12+00:00","og_image":[{"width":2496,"height":260,"url":"https:\/\/www.ig.cas.cz\/wp-content\/uploads\/2018\/02\/zhcut.jpg","type":"image\/jpeg"}],"twitter_card":"summary_large_image","twitter_misc":{"Est. reading time":"1 minute"},"schema":{"@context":"https:\/\/schema.org","@graph":[{"@type":"WebPage","@id":"https:\/\/www.ig.cas.cz\/en\/observatories\/local-seismic-network-webnet\/novy-kostel-nkc\/","url":"https:\/\/www.ig.cas.cz\/en\/observatories\/local-seismic-network-webnet\/novy-kostel-nkc\/","name":"Nov\u00fd Kostel (NKC) - Geofyzik\u00e1ln\u00ed \u00fastav Akademie v\u011bd \u010cR, v.v.i.","isPartOf":{"@id":"https:\/\/www.ig.cas.cz\/#website"},"primaryImageOfPage":{"@id":"https:\/\/www.ig.cas.cz\/en\/observatories\/local-seismic-network-webnet\/novy-kostel-nkc\/#primaryimage"},"image":{"@id":"https:\/\/www.ig.cas.cz\/en\/observatories\/local-seismic-network-webnet\/novy-kostel-nkc\/#primaryimage"},"thumbnailUrl":"https:\/\/www.ig.cas.cz\/wp-content\/uploads\/2018\/02\/zhcut.jpg","datePublished":"2021-02-04T20:50:29+00:00","dateModified":"2023-01-26T13:13:12+00:00","breadcrumb":{"@id":"https:\/\/www.ig.cas.cz\/en\/observatories\/local-seismic-network-webnet\/novy-kostel-nkc\/#breadcrumb"},"inLanguage":"en-US","potentialAction":[{"@type":"ReadAction","target":["https:\/\/www.ig.cas.cz\/en\/observatories\/local-seismic-network-webnet\/novy-kostel-nkc\/"]}]},{"@type":"ImageObject","inLanguage":"en-US","@id":"https:\/\/www.ig.cas.cz\/en\/observatories\/local-seismic-network-webnet\/novy-kostel-nkc\/#primaryimage","url":"https:\/\/www.ig.cas.cz\/wp-content\/uploads\/2018\/02\/zhcut.jpg","contentUrl":"https:\/\/www.ig.cas.cz\/wp-content\/uploads\/2018\/02\/zhcut.jpg","width":2496,"height":260,"caption":"OLYMPUS DIGITAL CAMERA"},{"@type":"BreadcrumbList","@id":"https:\/\/www.ig.cas.cz\/en\/observatories\/local-seismic-network-webnet\/novy-kostel-nkc\/#breadcrumb","itemListElement":[{"@type":"ListItem","position":1,"name":"Dom\u016f","item":"https:\/\/www.ig.cas.cz\/en\/"},{"@type":"ListItem","position":2,"name":"Observatories","item":"https:\/\/www.ig.cas.cz\/en\/observatories\/"},{"@type":"ListItem","position":3,"name":"Local seismic network WEBNET","item":"https:\/\/www.ig.cas.cz\/en\/observatories\/local-seismic-network-webnet\/"},{"@type":"ListItem","position":4,"name":"Nov\u00fd Kostel (NKC)"}]},{"@type":"WebSite","@id":"https:\/\/www.ig.cas.cz\/#website","url":"https:\/\/www.ig.cas.cz\/","name":"Dom\u016f","description":"Geofyzik\u00e1ln\u00ed \u00fastav Akademie v\u011bd \u010cR, v.v.i.","potentialAction":[{"@type":"SearchAction","target":{"@type":"EntryPoint","urlTemplate":"https:\/\/www.ig.cas.cz\/?s={search_term_string}"},"query-input":{"@type":"PropertyValueSpecification","valueRequired":true,"valueName":"search_term_string"}}],"inLanguage":"en-US"}]}},"_links":{"self":[{"href":"https:\/\/www.ig.cas.cz\/en\/wp-json\/wp\/v2\/pages\/22090","targetHints":{"allow":["GET"]}}],"collection":[{"href":"https:\/\/www.ig.cas.cz\/en\/wp-json\/wp\/v2\/pages"}],"about":[{"href":"https:\/\/www.ig.cas.cz\/en\/wp-json\/wp\/v2\/types\/page"}],"author":[{"embeddable":true,"href":"https:\/\/www.ig.cas.cz\/en\/wp-json\/wp\/v2\/users\/9"}],"replies":[{"embeddable":true,"href":"https:\/\/www.ig.cas.cz\/en\/wp-json\/wp\/v2\/comments?post=22090"}],"version-history":[{"count":0,"href":"https:\/\/www.ig.cas.cz\/en\/wp-json\/wp\/v2\/pages\/22090\/revisions"}],"up":[{"embeddable":true,"href":"https:\/\/www.ig.cas.cz\/en\/wp-json\/wp\/v2\/pages\/5084"}],"wp:featuredmedia":[{"embeddable":true,"href":"https:\/\/www.ig.cas.cz\/en\/wp-json\/wp\/v2\/media\/20743"}],"wp:attachment":[{"href":"https:\/\/www.ig.cas.cz\/en\/wp-json\/wp\/v2\/media?parent=22090"}],"wp:term":[{"taxonomy":"category","embeddable":true,"href":"https:\/\/www.ig.cas.cz\/en\/wp-json\/wp\/v2\/categories?post=22090"},{"taxonomy":"post_tag","embeddable":true,"href":"https:\/\/www.ig.cas.cz\/en\/wp-json\/wp\/v2\/tags?post=22090"}],"curies":[{"name":"wp","href":"https:\/\/api.w.org\/{rel}","templated":true}]}}