{"id":23571,"date":"2021-04-16T07:41:43","date_gmt":"2021-04-16T05:41:43","guid":{"rendered":"https:\/\/www.ig.cas.cz\/?page_id=23571"},"modified":"2021-04-16T13:56:01","modified_gmt":"2021-04-16T11:56:01","slug":"magma-degassing","status":"publish","type":"page","link":"https:\/\/www.ig.cas.cz\/en\/magma-degassing\/","title":{"rendered":"Let\u2019s explain our TikTok video about volcano eruption!"},"content":{"rendered":"<p>[et_pb_section fb_built=&#8221;1&#8243; _builder_version=&#8221;4.6.0&#8243; _module_preset=&#8221;default&#8221; custom_padding=&#8221;7px||9px|||&#8221;][et_pb_row column_structure=&#8221;2_3,1_3&#8243; _builder_version=&#8221;4.6.0&#8243; _module_preset=&#8221;default&#8221; custom_padding=&#8221;14px||7px|||&#8221;][et_pb_column type=&#8221;2_3&#8243; _builder_version=&#8221;4.6.0&#8243; _module_preset=&#8221;default&#8221;][et_pb_text _builder_version=&#8221;4.6.0&#8243; _module_preset=&#8221;default&#8221;]<\/p>\n<p><img loading=\"lazy\" decoding=\"async\" src=\"https:\/\/www.ig.cas.cz\/wp-content\/uploads\/2021\/04\/logo-tiktok-300x300.jpeg\" alt=\"\" class=\"wp-image-23587 size-medium\" style=\"display: block; margin-left: auto; margin-right: auto;\" width=\"176\" height=\"176\" \/><\/p>\n<p style=\"text-align: justify;\">To begin with &#8211; what is a&nbsp;volcano? You will probably think of a&nbsp;huge hill filled with lava. Yes, that\u2019s partly true. However, when lava is below the surface it&#8217;s&nbsp;called magma and as not all volcanoes have to be large mountains. Volcano is a&nbsp;vent or chimney that connects magma from within the Earth&#8217;s&nbsp;lower crust to the Earth&#8217;s&nbsp;surface.<\/p>\n<p>[\/et_pb_text][et_pb_image src=&#8221;https:\/\/www.ig.cas.cz\/wp-content\/uploads\/2021\/04\/obr-degassing.png&#8221; show_in_lightbox=&#8221;on&#8221; _builder_version=&#8221;4.6.0&#8243; _module_preset=&#8221;default&#8221;][\/et_pb_image][et_pb_text _builder_version=&#8221;4.6.0&#8243; _module_preset=&#8221;default&#8221; hover_enabled=&#8221;0&#8243; sticky_enabled=&#8221;0&#8243;]<\/p>\n<p style=\"text-align: justify;\">Lava is about 700 to 1200\u00b0C (that\u2019s something between 1300 to 2200\u00b0F) hot semi-solid like substance. When molten lava comes in contact with cold air it becomes a&nbsp;solid rock. Magma contains gases, so there is a&nbsp;lot of pressure. Once magma is close to the surface, these gases expand in the process termed as magma degassing and hence magma explodes and rocks are thrown away from the volcano. Thanks to this, we can find those beautiful volcanic stones full of trapped bubbles.<\/p>\n<p style=\"text-align: justify;\">Watch video from mad_geologist again&#8230; <a href=\"https:\/\/vm.tiktok.com\/ZMeHFy8Y9\/\">here<\/a>.<\/p>\n<p>[\/et_pb_text][\/et_pb_column][et_pb_column type=&#8221;1_3&#8243; _builder_version=&#8221;4.6.0&#8243; _module_preset=&#8221;default&#8221;][et_pb_image src=&#8221;https:\/\/www.ig.cas.cz\/wp-content\/uploads\/2021\/04\/otevrenaveda_logo.svg&#8221; title_text=&#8221;Otevrenaveda Logo&#8221; _builder_version=&#8221;4.6.0&#8243; _module_preset=&#8221;default&#8221;][\/et_pb_image][et_pb_image src=&#8221;https:\/\/www.ig.cas.cz\/wp-content\/uploads\/2021\/04\/gfu_cz_cmyk_horizontalni_full_01.png&#8221; title_text=&#8221;GFU CZ Cmyk Horizontalni Full 01&#8243; _builder_version=&#8221;4.6.0&#8243; _module_preset=&#8221;default&#8221;][\/et_pb_image][\/et_pb_column][\/et_pb_row][\/et_pb_section]<\/p>\n","protected":false},"excerpt":{"rendered":"<p>To begin with &#8211; what is a&nbsp;volcano? You will probably think of a&nbsp;huge hill filled with lava. Yes, that\u2019s partly true. However, when lava is below the surface it&#8217;s&nbsp;called magma and as not all volcanoes have to be large mountains. Volcano is a&nbsp;vent or chimney that connects magma from within the [&hellip;]<\/p>\n","protected":false},"author":2,"featured_media":0,"parent":0,"menu_order":0,"comment_status":"closed","ping_status":"closed","template":"","meta":{"_et_pb_use_builder":"on","_et_pb_old_content":"","_et_gb_content_width":"","footnotes":""},"categories":[],"tags":[],"class_list":["post-23571","page","type-page","status-publish","hentry"],"yoast_head":"<!-- This site is optimized with the Yoast SEO plugin v25.9 - https:\/\/yoast.com\/wordpress\/plugins\/seo\/ -->\n<title>Let\u2019s explain our TikTok video about volcano eruption! - Geofyzik\u00e1ln\u00ed \u00fastav Akademie v\u011bd \u010cR, v.v.i.<\/title>\n<meta name=\"robots\" content=\"index, follow, max-snippet:-1, max-image-preview:large, max-video-preview:-1\" \/>\n<link rel=\"canonical\" href=\"https:\/\/www.ig.cas.cz\/en\/magma-degassing\/\" \/>\n<meta property=\"og:locale\" content=\"en_US\" \/>\n<meta property=\"og:type\" content=\"article\" \/>\n<meta property=\"og:title\" content=\"Let\u2019s explain our TikTok video about volcano eruption! - Geofyzik\u00e1ln\u00ed \u00fastav Akademie v\u011bd \u010cR, v.v.i.\" \/>\n<meta property=\"og:description\" content=\"To begin with - what is a volcano? You will probably think of a huge hill filled with lava. Yes, that\u2019s partly true. However, when lava is below the surface it&#039;s called magma and as not all volcanoes have to be large mountains. Volcano is a vent or chimney that connects magma from within the [&hellip;]\" \/>\n<meta property=\"og:url\" content=\"https:\/\/www.ig.cas.cz\/en\/magma-degassing\/\" \/>\n<meta property=\"og:site_name\" content=\"Dom\u016f\" \/>\n<meta property=\"article:publisher\" content=\"https:\/\/www.facebook.com\/GFUAVCR\/\" \/>\n<meta property=\"article:modified_time\" content=\"2021-04-16T11:56:01+00:00\" \/>\n<meta property=\"og:image\" content=\"https:\/\/www.ig.cas.cz\/wp-content\/uploads\/2021\/04\/logo-tiktok-300x300.jpeg\" \/>\n<meta name=\"twitter:card\" content=\"summary_large_image\" \/>\n<meta name=\"twitter:label1\" content=\"Est. reading time\" \/>\n\t<meta name=\"twitter:data1\" content=\"2 minutes\" \/>\n<script type=\"application\/ld+json\" class=\"yoast-schema-graph\">{\"@context\":\"https:\/\/schema.org\",\"@graph\":[{\"@type\":\"WebPage\",\"@id\":\"https:\/\/www.ig.cas.cz\/en\/magma-degassing\/\",\"url\":\"https:\/\/www.ig.cas.cz\/en\/magma-degassing\/\",\"name\":\"Let\u2019s explain our TikTok video about volcano eruption! - Geofyzik\u00e1ln\u00ed \u00fastav Akademie v\u011bd \u010cR, v.v.i.\",\"isPartOf\":{\"@id\":\"https:\/\/www.ig.cas.cz\/#website\"},\"primaryImageOfPage\":{\"@id\":\"https:\/\/www.ig.cas.cz\/en\/magma-degassing\/#primaryimage\"},\"image\":{\"@id\":\"https:\/\/www.ig.cas.cz\/en\/magma-degassing\/#primaryimage\"},\"thumbnailUrl\":\"https:\/\/www.ig.cas.cz\/wp-content\/uploads\/2021\/04\/logo-tiktok-300x300.jpeg\",\"datePublished\":\"2021-04-16T05:41:43+00:00\",\"dateModified\":\"2021-04-16T11:56:01+00:00\",\"breadcrumb\":{\"@id\":\"https:\/\/www.ig.cas.cz\/en\/magma-degassing\/#breadcrumb\"},\"inLanguage\":\"en-US\",\"potentialAction\":[{\"@type\":\"ReadAction\",\"target\":[\"https:\/\/www.ig.cas.cz\/en\/magma-degassing\/\"]}]},{\"@type\":\"ImageObject\",\"inLanguage\":\"en-US\",\"@id\":\"https:\/\/www.ig.cas.cz\/en\/magma-degassing\/#primaryimage\",\"url\":\"https:\/\/www.ig.cas.cz\/wp-content\/uploads\/2021\/04\/logo-tiktok-300x300.jpeg\",\"contentUrl\":\"https:\/\/www.ig.cas.cz\/wp-content\/uploads\/2021\/04\/logo-tiktok-300x300.jpeg\"},{\"@type\":\"BreadcrumbList\",\"@id\":\"https:\/\/www.ig.cas.cz\/en\/magma-degassing\/#breadcrumb\",\"itemListElement\":[{\"@type\":\"ListItem\",\"position\":1,\"name\":\"Dom\u016f\",\"item\":\"https:\/\/www.ig.cas.cz\/en\/\"},{\"@type\":\"ListItem\",\"position\":2,\"name\":\"Let\u2019s explain our TikTok video about volcano eruption!\"}]},{\"@type\":\"WebSite\",\"@id\":\"https:\/\/www.ig.cas.cz\/#website\",\"url\":\"https:\/\/www.ig.cas.cz\/\",\"name\":\"Dom\u016f\",\"description\":\"Geofyzik\u00e1ln\u00ed \u00fastav Akademie v\u011bd \u010cR, v.v.i.\",\"potentialAction\":[{\"@type\":\"SearchAction\",\"target\":{\"@type\":\"EntryPoint\",\"urlTemplate\":\"https:\/\/www.ig.cas.cz\/?s={search_term_string}\"},\"query-input\":{\"@type\":\"PropertyValueSpecification\",\"valueRequired\":true,\"valueName\":\"search_term_string\"}}],\"inLanguage\":\"en-US\"}]}<\/script>\n<!-- \/ Yoast SEO plugin. -->","yoast_head_json":{"title":"Let\u2019s explain our TikTok video about volcano eruption! - Geofyzik\u00e1ln\u00ed \u00fastav Akademie v\u011bd \u010cR, v.v.i.","robots":{"index":"index","follow":"follow","max-snippet":"max-snippet:-1","max-image-preview":"max-image-preview:large","max-video-preview":"max-video-preview:-1"},"canonical":"https:\/\/www.ig.cas.cz\/en\/magma-degassing\/","og_locale":"en_US","og_type":"article","og_title":"Let\u2019s explain our TikTok video about volcano eruption! - Geofyzik\u00e1ln\u00ed \u00fastav Akademie v\u011bd \u010cR, v.v.i.","og_description":"To begin with - what is a volcano? You will probably think of a huge hill filled with lava. Yes, that\u2019s partly true. However, when lava is below the surface it's called magma and as not all volcanoes have to be large mountains. Volcano is a vent or chimney that connects magma from within the [&hellip;]","og_url":"https:\/\/www.ig.cas.cz\/en\/magma-degassing\/","og_site_name":"Dom\u016f","article_publisher":"https:\/\/www.facebook.com\/GFUAVCR\/","article_modified_time":"2021-04-16T11:56:01+00:00","og_image":[{"url":"https:\/\/www.ig.cas.cz\/wp-content\/uploads\/2021\/04\/logo-tiktok-300x300.jpeg","type":"","width":"","height":""}],"twitter_card":"summary_large_image","twitter_misc":{"Est. reading time":"2 minutes"},"schema":{"@context":"https:\/\/schema.org","@graph":[{"@type":"WebPage","@id":"https:\/\/www.ig.cas.cz\/en\/magma-degassing\/","url":"https:\/\/www.ig.cas.cz\/en\/magma-degassing\/","name":"Let\u2019s explain our TikTok video about volcano eruption! - Geofyzik\u00e1ln\u00ed \u00fastav Akademie v\u011bd \u010cR, v.v.i.","isPartOf":{"@id":"https:\/\/www.ig.cas.cz\/#website"},"primaryImageOfPage":{"@id":"https:\/\/www.ig.cas.cz\/en\/magma-degassing\/#primaryimage"},"image":{"@id":"https:\/\/www.ig.cas.cz\/en\/magma-degassing\/#primaryimage"},"thumbnailUrl":"https:\/\/www.ig.cas.cz\/wp-content\/uploads\/2021\/04\/logo-tiktok-300x300.jpeg","datePublished":"2021-04-16T05:41:43+00:00","dateModified":"2021-04-16T11:56:01+00:00","breadcrumb":{"@id":"https:\/\/www.ig.cas.cz\/en\/magma-degassing\/#breadcrumb"},"inLanguage":"en-US","potentialAction":[{"@type":"ReadAction","target":["https:\/\/www.ig.cas.cz\/en\/magma-degassing\/"]}]},{"@type":"ImageObject","inLanguage":"en-US","@id":"https:\/\/www.ig.cas.cz\/en\/magma-degassing\/#primaryimage","url":"https:\/\/www.ig.cas.cz\/wp-content\/uploads\/2021\/04\/logo-tiktok-300x300.jpeg","contentUrl":"https:\/\/www.ig.cas.cz\/wp-content\/uploads\/2021\/04\/logo-tiktok-300x300.jpeg"},{"@type":"BreadcrumbList","@id":"https:\/\/www.ig.cas.cz\/en\/magma-degassing\/#breadcrumb","itemListElement":[{"@type":"ListItem","position":1,"name":"Dom\u016f","item":"https:\/\/www.ig.cas.cz\/en\/"},{"@type":"ListItem","position":2,"name":"Let\u2019s explain our TikTok video about volcano eruption!"}]},{"@type":"WebSite","@id":"https:\/\/www.ig.cas.cz\/#website","url":"https:\/\/www.ig.cas.cz\/","name":"Dom\u016f","description":"Geofyzik\u00e1ln\u00ed \u00fastav Akademie v\u011bd \u010cR, v.v.i.","potentialAction":[{"@type":"SearchAction","target":{"@type":"EntryPoint","urlTemplate":"https:\/\/www.ig.cas.cz\/?s={search_term_string}"},"query-input":{"@type":"PropertyValueSpecification","valueRequired":true,"valueName":"search_term_string"}}],"inLanguage":"en-US"}]}},"_links":{"self":[{"href":"https:\/\/www.ig.cas.cz\/en\/wp-json\/wp\/v2\/pages\/23571","targetHints":{"allow":["GET"]}}],"collection":[{"href":"https:\/\/www.ig.cas.cz\/en\/wp-json\/wp\/v2\/pages"}],"about":[{"href":"https:\/\/www.ig.cas.cz\/en\/wp-json\/wp\/v2\/types\/page"}],"author":[{"embeddable":true,"href":"https:\/\/www.ig.cas.cz\/en\/wp-json\/wp\/v2\/users\/2"}],"replies":[{"embeddable":true,"href":"https:\/\/www.ig.cas.cz\/en\/wp-json\/wp\/v2\/comments?post=23571"}],"version-history":[{"count":0,"href":"https:\/\/www.ig.cas.cz\/en\/wp-json\/wp\/v2\/pages\/23571\/revisions"}],"wp:attachment":[{"href":"https:\/\/www.ig.cas.cz\/en\/wp-json\/wp\/v2\/media?parent=23571"}],"wp:term":[{"taxonomy":"category","embeddable":true,"href":"https:\/\/www.ig.cas.cz\/en\/wp-json\/wp\/v2\/categories?post=23571"},{"taxonomy":"post_tag","embeddable":true,"href":"https:\/\/www.ig.cas.cz\/en\/wp-json\/wp\/v2\/tags?post=23571"}],"curies":[{"name":"wp","href":"https:\/\/api.w.org\/{rel}","templated":true}]}}