{"id":23964,"date":"2021-05-21T11:24:49","date_gmt":"2021-05-21T09:24:49","guid":{"rendered":"https:\/\/www.ig.cas.cz\/?page_id=23964"},"modified":"2024-06-13T13:07:06","modified_gmt":"2024-06-13T11:07:06","slug":"visitor-centers","status":"publish","type":"page","link":"https:\/\/www.ig.cas.cz\/en\/visitor-centers\/","title":{"rendered":"Visitor centers"},"content":{"rendered":"<p>[et_pb_section fb_built=&#8221;1&#8243; _builder_version=&#8221;4.16&#8243; _module_preset=&#8221;default&#8221; custom_padding=&#8221;6px||10px|||&#8221; global_colors_info=&#8221;{}&#8221;][et_pb_row _builder_version=&#8221;4.16&#8243; _module_preset=&#8221;default&#8221; global_colors_info=&#8221;{}&#8221;][et_pb_column type=&#8221;4_4&#8243; _builder_version=&#8221;4.16&#8243; _module_preset=&#8221;default&#8221; global_colors_info=&#8221;{}&#8221;][et_pb_text _builder_version=&#8221;4.24.2&#8243; _module_preset=&#8221;default&#8221; hover_enabled=&#8221;0&#8243; global_colors_info=&#8221;{}&#8221; sticky_enabled=&#8221;0&#8243;]<\/p>\n<p>The Institute of Geophysics operates two visitor centers, where you can learn interesting facts about earthquakes, volcanoes, the structure of the Earth\u2019s interior and the processes that take place there. Visitors can see the instruments we use to monitor the heart of the Earth and learn the principles on which the measurements are based. In Ka\u0161persk\u00e9 Hory, it is possible to go below ground via old mining works. Expositions include an interactive part, so they are also suitable for children or school groups.<\/p>\n<p><strong>Ka\u0161persk\u00e9 Hory<\/strong> &#8211; museum of seismometry and tour to seismic sensor in the Krist\u00fdna adit<br \/>The historic Krist\u00fdna adit, which dates back to 1805, was originally used for gold mining. Now, sensitive seismic sensors are located here. Since its establishment in 1960s, Ka\u0161persk\u00e9 Hory station (KHC) has been part of the Czech regional seismic network as well as the world network of seismic stations. It belongs to one of the most sensitive in the world.<\/p>\n<p>Location: \u010cerven\u00e1 44, 341&nbsp;92 Ka\u0161persk\u00e9 Hory<br \/>Contact: Jan Zedn\u00edk &#8211; jzd@ig.cas.cz<\/p>\n<p><strong>Geophysical museum Skaln\u00e1<\/strong> &#8211; seismic exhibition<\/p>\n<p>Location: \u010cesk\u00e1 144, 351&nbsp;34 Skaln\u00e1<br \/>Contact: Lucie \u0160etkov\u00e1 &#8211; muzeumskalna@ig.cas.cz \/ tel: +420&nbsp;732&nbsp;616&nbsp;423<\/p>\n<p>&nbsp;<\/p>\n<p>[\/et_pb_text][wpmf_gallery_divi theme=&#8221;slider&#8221; items=&#8221;34706,34702,34700,34680,34704&#8243; size=&#8221;large&#8221; _builder_version=&#8221;4.24.2&#8243; _module_preset=&#8221;default&#8221; global_colors_info=&#8221;{}&#8221;][\/wpmf_gallery_divi][\/et_pb_column][\/et_pb_row][\/et_pb_section]<\/p>\n","protected":false},"excerpt":{"rendered":"<p>The Institute of Geophysics operates two visitor centers, where you can learn interesting facts about earthquakes, volcanoes, the structure of the Earth\u2019s interior and the processes that take place there. Visitors can see the instruments we use to monitor the heart of the Earth and learn the principles on which the measurements are based. In [&hellip;]<\/p>\n","protected":false},"author":2,"featured_media":23933,"parent":0,"menu_order":0,"comment_status":"closed","ping_status":"closed","template":"","meta":{"_et_pb_use_builder":"on","_et_pb_old_content":"","_et_gb_content_width":"","footnotes":""},"categories":[],"tags":[135],"class_list":["post-23964","page","type-page","status-publish","has-post-thumbnail","hentry","tag-outreach-en"],"yoast_head":"<!-- This site is optimized with the Yoast SEO plugin v25.9 - https:\/\/yoast.com\/wordpress\/plugins\/seo\/ -->\n<title>Visitor centers - Geofyzik\u00e1ln\u00ed \u00fastav Akademie v\u011bd \u010cR, v.v.i.<\/title>\n<meta name=\"robots\" content=\"index, follow, max-snippet:-1, max-image-preview:large, max-video-preview:-1\" \/>\n<link rel=\"canonical\" href=\"https:\/\/www.ig.cas.cz\/en\/visitor-centers\/\" \/>\n<meta property=\"og:locale\" content=\"en_US\" \/>\n<meta property=\"og:type\" content=\"article\" \/>\n<meta property=\"og:title\" content=\"Visitor centers - Geofyzik\u00e1ln\u00ed \u00fastav Akademie v\u011bd \u010cR, v.v.i.\" \/>\n<meta property=\"og:description\" content=\"The Institute of Geophysics operates two visitor centers, where you can learn interesting facts about earthquakes, volcanoes, the structure of the Earth\u2019s interior and the processes that take place there. Visitors can see the instruments we use to monitor the heart of the Earth and learn the principles on which the measurements are based. In [&hellip;]\" \/>\n<meta property=\"og:url\" content=\"https:\/\/www.ig.cas.cz\/en\/visitor-centers\/\" \/>\n<meta property=\"og:site_name\" content=\"Dom\u016f\" \/>\n<meta property=\"article:publisher\" content=\"https:\/\/www.facebook.com\/GFUAVCR\/\" \/>\n<meta property=\"article:modified_time\" content=\"2024-06-13T11:07:06+00:00\" \/>\n<meta property=\"og:image\" content=\"https:\/\/www.ig.cas.cz\/wp-content\/uploads\/2021\/05\/centra2.jpg\" \/>\n\t<meta property=\"og:image:width\" content=\"2500\" \/>\n\t<meta property=\"og:image:height\" content=\"260\" \/>\n\t<meta property=\"og:image:type\" content=\"image\/jpeg\" \/>\n<meta name=\"twitter:card\" content=\"summary_large_image\" \/>\n<meta name=\"twitter:label1\" content=\"Est. reading time\" \/>\n\t<meta name=\"twitter:data1\" content=\"3 minutes\" \/>\n<script type=\"application\/ld+json\" class=\"yoast-schema-graph\">{\"@context\":\"https:\/\/schema.org\",\"@graph\":[{\"@type\":\"WebPage\",\"@id\":\"https:\/\/www.ig.cas.cz\/en\/visitor-centers\/\",\"url\":\"https:\/\/www.ig.cas.cz\/en\/visitor-centers\/\",\"name\":\"Visitor centers - Geofyzik\u00e1ln\u00ed \u00fastav Akademie v\u011bd \u010cR, v.v.i.\",\"isPartOf\":{\"@id\":\"https:\/\/www.ig.cas.cz\/#website\"},\"primaryImageOfPage\":{\"@id\":\"https:\/\/www.ig.cas.cz\/en\/visitor-centers\/#primaryimage\"},\"image\":{\"@id\":\"https:\/\/www.ig.cas.cz\/en\/visitor-centers\/#primaryimage\"},\"thumbnailUrl\":\"https:\/\/www.ig.cas.cz\/wp-content\/uploads\/2021\/05\/centra2.jpg\",\"datePublished\":\"2021-05-21T09:24:49+00:00\",\"dateModified\":\"2024-06-13T11:07:06+00:00\",\"breadcrumb\":{\"@id\":\"https:\/\/www.ig.cas.cz\/en\/visitor-centers\/#breadcrumb\"},\"inLanguage\":\"en-US\",\"potentialAction\":[{\"@type\":\"ReadAction\",\"target\":[\"https:\/\/www.ig.cas.cz\/en\/visitor-centers\/\"]}]},{\"@type\":\"ImageObject\",\"inLanguage\":\"en-US\",\"@id\":\"https:\/\/www.ig.cas.cz\/en\/visitor-centers\/#primaryimage\",\"url\":\"https:\/\/www.ig.cas.cz\/wp-content\/uploads\/2021\/05\/centra2.jpg\",\"contentUrl\":\"https:\/\/www.ig.cas.cz\/wp-content\/uploads\/2021\/05\/centra2.jpg\",\"width\":2500,\"height\":260,\"caption\":\"dav\"},{\"@type\":\"BreadcrumbList\",\"@id\":\"https:\/\/www.ig.cas.cz\/en\/visitor-centers\/#breadcrumb\",\"itemListElement\":[{\"@type\":\"ListItem\",\"position\":1,\"name\":\"Dom\u016f\",\"item\":\"https:\/\/www.ig.cas.cz\/en\/\"},{\"@type\":\"ListItem\",\"position\":2,\"name\":\"Visitor centers\"}]},{\"@type\":\"WebSite\",\"@id\":\"https:\/\/www.ig.cas.cz\/#website\",\"url\":\"https:\/\/www.ig.cas.cz\/\",\"name\":\"Dom\u016f\",\"description\":\"Geofyzik\u00e1ln\u00ed \u00fastav Akademie v\u011bd \u010cR, v.v.i.\",\"potentialAction\":[{\"@type\":\"SearchAction\",\"target\":{\"@type\":\"EntryPoint\",\"urlTemplate\":\"https:\/\/www.ig.cas.cz\/?s={search_term_string}\"},\"query-input\":{\"@type\":\"PropertyValueSpecification\",\"valueRequired\":true,\"valueName\":\"search_term_string\"}}],\"inLanguage\":\"en-US\"}]}<\/script>\n<!-- \/ Yoast SEO plugin. -->","yoast_head_json":{"title":"Visitor centers - Geofyzik\u00e1ln\u00ed \u00fastav Akademie v\u011bd \u010cR, v.v.i.","robots":{"index":"index","follow":"follow","max-snippet":"max-snippet:-1","max-image-preview":"max-image-preview:large","max-video-preview":"max-video-preview:-1"},"canonical":"https:\/\/www.ig.cas.cz\/en\/visitor-centers\/","og_locale":"en_US","og_type":"article","og_title":"Visitor centers - Geofyzik\u00e1ln\u00ed \u00fastav Akademie v\u011bd \u010cR, v.v.i.","og_description":"The Institute of Geophysics operates two visitor centers, where you can learn interesting facts about earthquakes, volcanoes, the structure of the Earth\u2019s interior and the processes that take place there. Visitors can see the instruments we use to monitor the heart of the Earth and learn the principles on which the measurements are based. In [&hellip;]","og_url":"https:\/\/www.ig.cas.cz\/en\/visitor-centers\/","og_site_name":"Dom\u016f","article_publisher":"https:\/\/www.facebook.com\/GFUAVCR\/","article_modified_time":"2024-06-13T11:07:06+00:00","og_image":[{"width":2500,"height":260,"url":"https:\/\/www.ig.cas.cz\/wp-content\/uploads\/2021\/05\/centra2.jpg","type":"image\/jpeg"}],"twitter_card":"summary_large_image","twitter_misc":{"Est. reading time":"3 minutes"},"schema":{"@context":"https:\/\/schema.org","@graph":[{"@type":"WebPage","@id":"https:\/\/www.ig.cas.cz\/en\/visitor-centers\/","url":"https:\/\/www.ig.cas.cz\/en\/visitor-centers\/","name":"Visitor centers - Geofyzik\u00e1ln\u00ed \u00fastav Akademie v\u011bd \u010cR, v.v.i.","isPartOf":{"@id":"https:\/\/www.ig.cas.cz\/#website"},"primaryImageOfPage":{"@id":"https:\/\/www.ig.cas.cz\/en\/visitor-centers\/#primaryimage"},"image":{"@id":"https:\/\/www.ig.cas.cz\/en\/visitor-centers\/#primaryimage"},"thumbnailUrl":"https:\/\/www.ig.cas.cz\/wp-content\/uploads\/2021\/05\/centra2.jpg","datePublished":"2021-05-21T09:24:49+00:00","dateModified":"2024-06-13T11:07:06+00:00","breadcrumb":{"@id":"https:\/\/www.ig.cas.cz\/en\/visitor-centers\/#breadcrumb"},"inLanguage":"en-US","potentialAction":[{"@type":"ReadAction","target":["https:\/\/www.ig.cas.cz\/en\/visitor-centers\/"]}]},{"@type":"ImageObject","inLanguage":"en-US","@id":"https:\/\/www.ig.cas.cz\/en\/visitor-centers\/#primaryimage","url":"https:\/\/www.ig.cas.cz\/wp-content\/uploads\/2021\/05\/centra2.jpg","contentUrl":"https:\/\/www.ig.cas.cz\/wp-content\/uploads\/2021\/05\/centra2.jpg","width":2500,"height":260,"caption":"dav"},{"@type":"BreadcrumbList","@id":"https:\/\/www.ig.cas.cz\/en\/visitor-centers\/#breadcrumb","itemListElement":[{"@type":"ListItem","position":1,"name":"Dom\u016f","item":"https:\/\/www.ig.cas.cz\/en\/"},{"@type":"ListItem","position":2,"name":"Visitor centers"}]},{"@type":"WebSite","@id":"https:\/\/www.ig.cas.cz\/#website","url":"https:\/\/www.ig.cas.cz\/","name":"Dom\u016f","description":"Geofyzik\u00e1ln\u00ed \u00fastav Akademie v\u011bd \u010cR, v.v.i.","potentialAction":[{"@type":"SearchAction","target":{"@type":"EntryPoint","urlTemplate":"https:\/\/www.ig.cas.cz\/?s={search_term_string}"},"query-input":{"@type":"PropertyValueSpecification","valueRequired":true,"valueName":"search_term_string"}}],"inLanguage":"en-US"}]}},"_links":{"self":[{"href":"https:\/\/www.ig.cas.cz\/en\/wp-json\/wp\/v2\/pages\/23964","targetHints":{"allow":["GET"]}}],"collection":[{"href":"https:\/\/www.ig.cas.cz\/en\/wp-json\/wp\/v2\/pages"}],"about":[{"href":"https:\/\/www.ig.cas.cz\/en\/wp-json\/wp\/v2\/types\/page"}],"author":[{"embeddable":true,"href":"https:\/\/www.ig.cas.cz\/en\/wp-json\/wp\/v2\/users\/2"}],"replies":[{"embeddable":true,"href":"https:\/\/www.ig.cas.cz\/en\/wp-json\/wp\/v2\/comments?post=23964"}],"version-history":[{"count":4,"href":"https:\/\/www.ig.cas.cz\/en\/wp-json\/wp\/v2\/pages\/23964\/revisions"}],"predecessor-version":[{"id":38768,"href":"https:\/\/www.ig.cas.cz\/en\/wp-json\/wp\/v2\/pages\/23964\/revisions\/38768"}],"wp:featuredmedia":[{"embeddable":true,"href":"https:\/\/www.ig.cas.cz\/en\/wp-json\/wp\/v2\/media\/23933"}],"wp:attachment":[{"href":"https:\/\/www.ig.cas.cz\/en\/wp-json\/wp\/v2\/media?parent=23964"}],"wp:term":[{"taxonomy":"category","embeddable":true,"href":"https:\/\/www.ig.cas.cz\/en\/wp-json\/wp\/v2\/categories?post=23964"},{"taxonomy":"post_tag","embeddable":true,"href":"https:\/\/www.ig.cas.cz\/en\/wp-json\/wp\/v2\/tags?post=23964"}],"curies":[{"name":"wp","href":"https:\/\/api.w.org\/{rel}","templated":true}]}}