{"id":24311,"date":"2021-06-30T15:16:57","date_gmt":"2021-06-30T13:16:57","guid":{"rendered":"https:\/\/www.ig.cas.cz\/?page_id=24311"},"modified":"2021-07-27T17:07:25","modified_gmt":"2021-07-27T15:07:25","slug":"mobnet-mutne","status":"publish","type":"page","link":"https:\/\/www.ig.cas.cz\/en\/observatories\/mobnet-pool\/mobnet-mutne\/","title":{"rendered":"M\u00fatne"},"content":{"rendered":"<p>[et_pb_section fb_built=&#8221;1&#8243; _builder_version=&#8221;4.6.0&#8243; _module_preset=&#8221;default&#8221;][et_pb_row column_structure=&#8221;2_3,1_3&#8243; _builder_version=&#8221;4.6.0&#8243; _module_preset=&#8221;default&#8221;][et_pb_column type=&#8221;2_3&#8243; _builder_version=&#8221;4.6.0&#8243; _module_preset=&#8221;default&#8221;][\/et_pb_column][et_pb_column type=&#8221;1_3&#8243; _builder_version=&#8221;4.6.0&#8243; _module_preset=&#8221;default&#8221;][et_pb_image src=&#8221;https:\/\/www.ig.cas.cz\/wp-content\/uploads\/2021\/06\/pacase_logo.png&#8221; title_text=&#8221;PACASE logo&#8221; url=&#8221;https:\/\/www.ig.cas.cz\/wp-content\/uploads\/2021\/06\/pacase_logo.png&#8221; _builder_version=&#8221;4.6.0&#8243; _module_preset=&#8221;default&#8221;][\/et_pb_image][\/et_pb_column][\/et_pb_row][et_pb_row column_structure=&#8221;2_3,1_3&#8243; _builder_version=&#8221;4.6.0&#8243; _module_preset=&#8221;default&#8221;][et_pb_column type=&#8221;2_3&#8243; _builder_version=&#8221;4.6.0&#8243; _module_preset=&#8221;default&#8221;][et_pb_text admin_label=&#8221;Text&#8221; _builder_version=&#8221;4.6.0&#8243; _module_preset=&#8221;default&#8221;]<\/p>\n<p><span style=\"color: #000000;\"><span style=\"font-size: normal;\"><span lang=\"en\">The station <strong>M\u00fatne (SK02A)<\/strong> is located in t<\/span><\/span><\/span><span style=\"color: #000000;\"><span style=\"font-size: normal;\"><span lang=\"en\">he basement of an empty and disused building (formerly a&nbsp;potato warehouse). T<\/span><\/span><span style=\"font-size: normal;\"><span lang=\"en\">he sensor is located in the basement on a&nbsp;concrete floor connected to the subsoil.<\/span><\/span><\/span><\/p>\n<p align=\"justify\"><span style=\"font-size: normal; color: #000000;\">Geomorphology: Oravsk\u00e9 Beskydy, Magura nappe.<br \/><\/span><span style=\"font-size: normal; color: #000000;\">Tectonic unit: Flysch belt.<br \/><\/span><span style=\"color: #000000;\"><span style=\"font-size: normal;\">Subsoil: Fluvial sediments on flysch subsoil<\/span><span style=\"font-size: large;\">.<br \/><\/span><\/span><span style=\"font-size: normal; color: #000000;\">Geological age: Holocene<\/span><\/p>\n<p>&nbsp;<\/p>\n<p>[\/et_pb_text][\/et_pb_column][et_pb_column type=&#8221;1_3&#8243; _builder_version=&#8221;4.6.0&#8243; _module_preset=&#8221;default&#8221;][et_pb_image src=&#8221;https:\/\/www.ig.cas.cz\/wp-content\/uploads\/2021\/07\/sk02a_pos.png&#8221; title_text=&#8221;SK02A_pos&#8221; url=&#8221;https:\/\/www.ig.cas.cz\/wp-content\/uploads\/2021\/07\/sk02a_pos.png&#8221; _builder_version=&#8221;4.6.0&#8243; _module_preset=&#8221;default&#8221;][\/et_pb_image][\/et_pb_column][\/et_pb_row][et_pb_row column_structure=&#8221;1_3,1_3,1_3&#8243; _builder_version=&#8221;4.6.0&#8243; _module_preset=&#8221;default&#8221;][et_pb_column type=&#8221;1_3&#8243; _builder_version=&#8221;4.6.0&#8243; _module_preset=&#8221;default&#8221;][et_pb_text admin_label=&#8221;Text&#8221; _builder_version=&#8221;4.6.0&#8243; _module_preset=&#8221;default&#8221;]<\/p>\n<p><span style=\"color: #000000;\">Start : \u00a0 \u00a0 \u00a0 \u00a013.8.2019<\/span><br \/><span style=\"color: #000000;\">Lat : \u00a0 \u00a0 \u00a0 \u00a0 \u00a0 49.45482 N<\/span><br \/><span style=\"color: #000000;\">Lon : \u00a0 \u00a0 \u00a0 \u00a0 \u00a019.30390 E<\/span><br \/><span style=\"color: #000000;\">Alt : \u00a0 \u00a0 \u00a0 \u00a0 \u00a0 \u00a0748&nbsp;m<\/span><\/p>\n<p>[\/et_pb_text][\/et_pb_column][et_pb_column type=&#8221;1_3&#8243; _builder_version=&#8221;4.6.0&#8243; _module_preset=&#8221;default&#8221;][et_pb_text _builder_version=&#8221;4.6.0&#8243; _module_preset=&#8221;default&#8221;]<\/p>\n<p><span style=\"color: #000000;\">Sensor : \u00a0 \u00a0 \u00a0 \u00a0 CMG-3ESPC 60s &#8211; 50Hz<br \/>Sensitivity : \u00a0 \u00a02 x 750 V\/m\/s<br \/>Depth : \u00a0 \u00a0 \u00a0 \u00a0 \u00a0 2&nbsp;m<br \/><\/span><span style=\"color: #000000;\">Recorder : \u00a0 \u00a0 Gaia 5+<br \/>Power : \u00a0 \u00a0 \u00a0 \u00a0 \u00a0electricity grid + accu<\/span><\/p>\n<p>[\/et_pb_text][\/et_pb_column][et_pb_column type=&#8221;1_3&#8243; _builder_version=&#8221;4.6.0&#8243; _module_preset=&#8221;default&#8221;][\/et_pb_column][\/et_pb_row][\/et_pb_section]<\/p>\n","protected":false},"excerpt":{"rendered":"<p>The station M\u00fatne (SK02A) is located in the basement of an empty and disused building (formerly a&nbsp;potato warehouse). The sensor is located in the basement on a&nbsp;concrete floor connected to the subsoil. Geomorphology: Oravsk\u00e9 Beskydy, Magura nappe.Tectonic unit: Flysch belt.Subsoil: Fluvial sediments on flysch subsoil.Geological age: Holocene &nbsp;Start : \u00a0 \u00a0 \u00a0 \u00a013.8.2019Lat [&hellip;]<\/p>\n","protected":false},"author":20,"featured_media":0,"parent":25175,"menu_order":0,"comment_status":"closed","ping_status":"closed","template":"","meta":{"_et_pb_use_builder":"on","_et_pb_old_content":"","_et_gb_content_width":"","footnotes":""},"categories":[],"tags":[],"class_list":["post-24311","page","type-page","status-publish","hentry"],"yoast_head":"<!-- This site is optimized with the Yoast SEO plugin v25.9 - https:\/\/yoast.com\/wordpress\/plugins\/seo\/ -->\n<title>M\u00fatne - Geofyzik\u00e1ln\u00ed \u00fastav Akademie v\u011bd \u010cR, v.v.i.<\/title>\n<meta name=\"robots\" content=\"index, follow, max-snippet:-1, max-image-preview:large, max-video-preview:-1\" \/>\n<link rel=\"canonical\" href=\"https:\/\/www.ig.cas.cz\/en\/observatories\/mobnet-pool\/mobnet-mutne\/\" \/>\n<meta property=\"og:locale\" content=\"en_US\" \/>\n<meta property=\"og:type\" content=\"article\" \/>\n<meta property=\"og:title\" content=\"M\u00fatne - Geofyzik\u00e1ln\u00ed \u00fastav Akademie v\u011bd \u010cR, v.v.i.\" \/>\n<meta property=\"og:description\" content=\"The station M\u00fatne (SK02A) is located in the basement of an empty and disused building (formerly a potato warehouse). The sensor is located in the basement on a concrete floor connected to the subsoil. Geomorphology: Oravsk\u00e9 Beskydy, Magura nappe.Tectonic unit: Flysch belt.Subsoil: Fluvial sediments on flysch subsoil.Geological age: Holocene &nbsp;Start : \u00a0 \u00a0 \u00a0 \u00a013.8.2019Lat [&hellip;]\" \/>\n<meta property=\"og:url\" content=\"https:\/\/www.ig.cas.cz\/en\/observatories\/mobnet-pool\/mobnet-mutne\/\" \/>\n<meta property=\"og:site_name\" content=\"Dom\u016f\" \/>\n<meta property=\"article:publisher\" content=\"https:\/\/www.facebook.com\/GFUAVCR\/\" \/>\n<meta property=\"article:modified_time\" content=\"2021-07-27T15:07:25+00:00\" \/>\n<meta name=\"twitter:card\" content=\"summary_large_image\" \/>\n<meta name=\"twitter:label1\" content=\"Est. reading time\" \/>\n\t<meta name=\"twitter:data1\" content=\"1 minute\" \/>\n<script type=\"application\/ld+json\" class=\"yoast-schema-graph\">{\"@context\":\"https:\/\/schema.org\",\"@graph\":[{\"@type\":\"WebPage\",\"@id\":\"https:\/\/www.ig.cas.cz\/en\/observatories\/mobnet-pool\/mobnet-mutne\/\",\"url\":\"https:\/\/www.ig.cas.cz\/en\/observatories\/mobnet-pool\/mobnet-mutne\/\",\"name\":\"M\u00fatne - Geofyzik\u00e1ln\u00ed \u00fastav Akademie v\u011bd \u010cR, v.v.i.\",\"isPartOf\":{\"@id\":\"https:\/\/www.ig.cas.cz\/#website\"},\"datePublished\":\"2021-06-30T13:16:57+00:00\",\"dateModified\":\"2021-07-27T15:07:25+00:00\",\"breadcrumb\":{\"@id\":\"https:\/\/www.ig.cas.cz\/en\/observatories\/mobnet-pool\/mobnet-mutne\/#breadcrumb\"},\"inLanguage\":\"en-US\",\"potentialAction\":[{\"@type\":\"ReadAction\",\"target\":[\"https:\/\/www.ig.cas.cz\/en\/observatories\/mobnet-pool\/mobnet-mutne\/\"]}]},{\"@type\":\"BreadcrumbList\",\"@id\":\"https:\/\/www.ig.cas.cz\/en\/observatories\/mobnet-pool\/mobnet-mutne\/#breadcrumb\",\"itemListElement\":[{\"@type\":\"ListItem\",\"position\":1,\"name\":\"Dom\u016f\",\"item\":\"https:\/\/www.ig.cas.cz\/en\/\"},{\"@type\":\"ListItem\",\"position\":2,\"name\":\"Observatories\",\"item\":\"https:\/\/www.ig.cas.cz\/en\/observatories\/\"},{\"@type\":\"ListItem\",\"position\":3,\"name\":\"MOBNET\",\"item\":\"https:\/\/www.ig.cas.cz\/en\/observatories\/mobnet-pool\/\"},{\"@type\":\"ListItem\",\"position\":4,\"name\":\"M\u00fatne\"}]},{\"@type\":\"WebSite\",\"@id\":\"https:\/\/www.ig.cas.cz\/#website\",\"url\":\"https:\/\/www.ig.cas.cz\/\",\"name\":\"Dom\u016f\",\"description\":\"Geofyzik\u00e1ln\u00ed \u00fastav Akademie v\u011bd \u010cR, v.v.i.\",\"potentialAction\":[{\"@type\":\"SearchAction\",\"target\":{\"@type\":\"EntryPoint\",\"urlTemplate\":\"https:\/\/www.ig.cas.cz\/?s={search_term_string}\"},\"query-input\":{\"@type\":\"PropertyValueSpecification\",\"valueRequired\":true,\"valueName\":\"search_term_string\"}}],\"inLanguage\":\"en-US\"}]}<\/script>\n<!-- \/ Yoast SEO plugin. -->","yoast_head_json":{"title":"M\u00fatne - Geofyzik\u00e1ln\u00ed \u00fastav Akademie v\u011bd \u010cR, v.v.i.","robots":{"index":"index","follow":"follow","max-snippet":"max-snippet:-1","max-image-preview":"max-image-preview:large","max-video-preview":"max-video-preview:-1"},"canonical":"https:\/\/www.ig.cas.cz\/en\/observatories\/mobnet-pool\/mobnet-mutne\/","og_locale":"en_US","og_type":"article","og_title":"M\u00fatne - Geofyzik\u00e1ln\u00ed \u00fastav Akademie v\u011bd \u010cR, v.v.i.","og_description":"The station M\u00fatne (SK02A) is located in the basement of an empty and disused building (formerly a potato warehouse). The sensor is located in the basement on a concrete floor connected to the subsoil. Geomorphology: Oravsk\u00e9 Beskydy, Magura nappe.Tectonic unit: Flysch belt.Subsoil: Fluvial sediments on flysch subsoil.Geological age: Holocene &nbsp;Start : \u00a0 \u00a0 \u00a0 \u00a013.8.2019Lat [&hellip;]","og_url":"https:\/\/www.ig.cas.cz\/en\/observatories\/mobnet-pool\/mobnet-mutne\/","og_site_name":"Dom\u016f","article_publisher":"https:\/\/www.facebook.com\/GFUAVCR\/","article_modified_time":"2021-07-27T15:07:25+00:00","twitter_card":"summary_large_image","twitter_misc":{"Est. reading time":"1 minute"},"schema":{"@context":"https:\/\/schema.org","@graph":[{"@type":"WebPage","@id":"https:\/\/www.ig.cas.cz\/en\/observatories\/mobnet-pool\/mobnet-mutne\/","url":"https:\/\/www.ig.cas.cz\/en\/observatories\/mobnet-pool\/mobnet-mutne\/","name":"M\u00fatne - Geofyzik\u00e1ln\u00ed \u00fastav Akademie v\u011bd \u010cR, v.v.i.","isPartOf":{"@id":"https:\/\/www.ig.cas.cz\/#website"},"datePublished":"2021-06-30T13:16:57+00:00","dateModified":"2021-07-27T15:07:25+00:00","breadcrumb":{"@id":"https:\/\/www.ig.cas.cz\/en\/observatories\/mobnet-pool\/mobnet-mutne\/#breadcrumb"},"inLanguage":"en-US","potentialAction":[{"@type":"ReadAction","target":["https:\/\/www.ig.cas.cz\/en\/observatories\/mobnet-pool\/mobnet-mutne\/"]}]},{"@type":"BreadcrumbList","@id":"https:\/\/www.ig.cas.cz\/en\/observatories\/mobnet-pool\/mobnet-mutne\/#breadcrumb","itemListElement":[{"@type":"ListItem","position":1,"name":"Dom\u016f","item":"https:\/\/www.ig.cas.cz\/en\/"},{"@type":"ListItem","position":2,"name":"Observatories","item":"https:\/\/www.ig.cas.cz\/en\/observatories\/"},{"@type":"ListItem","position":3,"name":"MOBNET","item":"https:\/\/www.ig.cas.cz\/en\/observatories\/mobnet-pool\/"},{"@type":"ListItem","position":4,"name":"M\u00fatne"}]},{"@type":"WebSite","@id":"https:\/\/www.ig.cas.cz\/#website","url":"https:\/\/www.ig.cas.cz\/","name":"Dom\u016f","description":"Geofyzik\u00e1ln\u00ed \u00fastav Akademie v\u011bd \u010cR, v.v.i.","potentialAction":[{"@type":"SearchAction","target":{"@type":"EntryPoint","urlTemplate":"https:\/\/www.ig.cas.cz\/?s={search_term_string}"},"query-input":{"@type":"PropertyValueSpecification","valueRequired":true,"valueName":"search_term_string"}}],"inLanguage":"en-US"}]}},"_links":{"self":[{"href":"https:\/\/www.ig.cas.cz\/en\/wp-json\/wp\/v2\/pages\/24311","targetHints":{"allow":["GET"]}}],"collection":[{"href":"https:\/\/www.ig.cas.cz\/en\/wp-json\/wp\/v2\/pages"}],"about":[{"href":"https:\/\/www.ig.cas.cz\/en\/wp-json\/wp\/v2\/types\/page"}],"author":[{"embeddable":true,"href":"https:\/\/www.ig.cas.cz\/en\/wp-json\/wp\/v2\/users\/20"}],"replies":[{"embeddable":true,"href":"https:\/\/www.ig.cas.cz\/en\/wp-json\/wp\/v2\/comments?post=24311"}],"version-history":[{"count":0,"href":"https:\/\/www.ig.cas.cz\/en\/wp-json\/wp\/v2\/pages\/24311\/revisions"}],"up":[{"embeddable":true,"href":"https:\/\/www.ig.cas.cz\/en\/wp-json\/wp\/v2\/pages\/25175"}],"wp:attachment":[{"href":"https:\/\/www.ig.cas.cz\/en\/wp-json\/wp\/v2\/media?parent=24311"}],"wp:term":[{"taxonomy":"category","embeddable":true,"href":"https:\/\/www.ig.cas.cz\/en\/wp-json\/wp\/v2\/categories?post=24311"},{"taxonomy":"post_tag","embeddable":true,"href":"https:\/\/www.ig.cas.cz\/en\/wp-json\/wp\/v2\/tags?post=24311"}],"curies":[{"name":"wp","href":"https:\/\/api.w.org\/{rel}","templated":true}]}}