{"id":25269,"date":"2021-08-05T14:49:57","date_gmt":"2021-08-05T12:49:57","guid":{"rendered":"https:\/\/www.ig.cas.cz\/?page_id=25269"},"modified":"2024-06-13T10:51:54","modified_gmt":"2024-06-13T08:51:54","slug":"comics-geomagnetic-field","status":"publish","type":"page","link":"https:\/\/www.ig.cas.cz\/en\/outreach\/comics-geomagnetic-field\/","title":{"rendered":"Comics &#8220;When the Earth Flares Up&#8221;"},"content":{"rendered":"<p>[et_pb_section fb_built=&#8221;1&#8243; _builder_version=&#8221;4.16&#8243; custom_padding=&#8221;5px||10px|||&#8221; global_colors_info=&#8221;{}&#8221;][et_pb_row column_structure=&#8221;3_5,2_5&#8243; _builder_version=&#8221;4.16&#8243; custom_padding=&#8221;11px||5px|||&#8221; global_colors_info=&#8221;{}&#8221;][et_pb_column type=&#8221;3_5&#8243; _builder_version=&#8221;4.16&#8243; global_colors_info=&#8221;{}&#8221;][et_pb_text _builder_version=&#8221;4.24.2&#8243; global_colors_info=&#8221;{}&#8221;]<\/p>\n<p>Our comics about the geomagnetic field and its importance for life on our Earth. The comic book is intended for primary school pupils. Once you get acquainted with the story of the geomagnetic field, play a&nbsp;board game designed for 1-4 players. You can download the game for free below, you will only need 4 game pieces and two dice.<\/p>\n<p>Download the comic book and the board game free under the Creative Commons licence (CC BY-SA 4.0) &#8211; provided that you credit the author &#8220;Karolina Ku\u010derov\u00e1 and the Institute of Geophysics of the CAS&#8221; and keep the license:<\/p>\n<p>Comic book cover &#8211; <a href=\"https:\/\/www.ig.cas.cz\/wp-content\/uploads\/2021\/09\/en_obalka_profi.pdf\">profi printing version, PDF file<\/a><\/p>\n<p>Comic book for home printing &#8211; <a href=\"https:\/\/www.ig.cas.cz\/wp-content\/uploads\/2021\/09\/en_komplet_doma.pdf\">PDF file<\/a><\/p>\n<p>Comic book ofset, <a href=\"https:\/\/www.ig.cas.cz\/wp-content\/uploads\/2021\/09\/en_vnitrek_profi.pdf\">profi printing version &#8211; PDF file<\/a><\/p>\n<p>Board game &#8211; <a href=\"https:\/\/www.ig.cas.cz\/wp-content\/uploads\/2021\/09\/en_hra.pdf\">profi printing version, PDF file<\/a><\/p>\n<p>The comic book was created on the initiative of the staff of the Geophysical Institute <a href=\"https:\/\/www.ig.cas.cz\/en\/contact\/staff\/matej-machek\/\">Mat\u011bj Machek<\/a> and <a href=\"https:\/\/www.ig.cas.cz\/en\/contact\/staff\/petr-broz\/\">Petr Bro\u017e<\/a> in co-operation with David P\u00ed\u0161a from the Institute of Atmospheric Physics CAS.\u00a0 It was drawn by Karolina Ku\u010derov\u00e1 (whose work you can watch in this <a href=\"https:\/\/www.youtube.com\/watch?v=YtuXmVfThck&amp;feature=youtu.be\">video<\/a> or <a href=\"https:\/\/www.youtube.com\/watch?v=U0VeX7UO0CA\">here<\/a>) and written by Lucie Luka\u010dovi\u010dov\u00e1. The board game was designed by Julie Nov\u00e1kov\u00e1.<\/p>\n<p>[\/et_pb_text][\/et_pb_column][et_pb_column type=&#8221;2_5&#8243; _builder_version=&#8221;4.16&#8243; global_colors_info=&#8221;{}&#8221;][et_pb_image src=&#8221;https:\/\/www.ig.cas.cz\/wp-content\/uploads\/2021\/09\/en_komplet_doma_stranka_01.jpg&#8221; title_text=&#8221;EN_komplet_doma_Str\u00e1nka_01&#8243; _builder_version=&#8221;4.16&#8243; global_colors_info=&#8221;{}&#8221;][\/et_pb_image][\/et_pb_column][\/et_pb_row][et_pb_row column_structure=&#8221;1_3,1_3,1_3&#8243; _builder_version=&#8221;4.16&#8243; global_colors_info=&#8221;{}&#8221;][et_pb_column type=&#8221;1_3&#8243; _builder_version=&#8221;4.16&#8243; global_colors_info=&#8221;{}&#8221;][et_pb_image src=&#8221;https:\/\/www.ig.cas.cz\/wp-content\/uploads\/2021\/09\/en_komplet_doma_stranka_08.jpg&#8221; title_text=&#8221;EN Komplet Doma Str\u00e1nka 08&#8243; show_in_lightbox=&#8221;on&#8221; _builder_version=&#8221;4.16&#8243; global_colors_info=&#8221;{}&#8221;][\/et_pb_image][\/et_pb_column][et_pb_column type=&#8221;1_3&#8243; _builder_version=&#8221;4.16&#8243; global_colors_info=&#8221;{}&#8221;][et_pb_image src=&#8221;https:\/\/www.ig.cas.cz\/wp-content\/uploads\/2021\/09\/en_komplet_doma_stranka_19.jpg&#8221; title_text=&#8221;EN Komplet Doma Str\u00e1nka 19&#8243; show_in_lightbox=&#8221;on&#8221; _builder_version=&#8221;4.16&#8243; global_colors_info=&#8221;{}&#8221;][\/et_pb_image][\/et_pb_column][et_pb_column type=&#8221;1_3&#8243; _builder_version=&#8221;4.16&#8243; global_colors_info=&#8221;{}&#8221;][et_pb_image src=&#8221;https:\/\/www.ig.cas.cz\/wp-content\/uploads\/2021\/09\/en_komplet_doma_stranka_24.jpg&#8221; title_text=&#8221;EN Komplet Doma Str\u00e1nka 24&#8243; show_in_lightbox=&#8221;on&#8221; _builder_version=&#8221;4.16&#8243; global_colors_info=&#8221;{}&#8221;][\/et_pb_image][\/et_pb_column][\/et_pb_row][\/et_pb_section]<\/p>\n","protected":false},"excerpt":{"rendered":"<p>Our comics about the geomagnetic field and its importance for life on our Earth. The comic book is intended for primary school pupils. Once you get acquainted with the story of the geomagnetic field, play a&nbsp;board game designed for 1-4 players. You can download the game for free below, you will only need 4 [&hellip;]<\/p>\n","protected":false},"author":2,"featured_media":18931,"parent":386,"menu_order":0,"comment_status":"closed","ping_status":"closed","template":"","meta":{"_et_pb_use_builder":"on","_et_pb_old_content":"","_et_gb_content_width":"","footnotes":""},"categories":[],"tags":[135],"class_list":["post-25269","page","type-page","status-publish","has-post-thumbnail","hentry","tag-outreach-en"],"yoast_head":"<!-- This site is optimized with the Yoast SEO plugin v25.9 - https:\/\/yoast.com\/wordpress\/plugins\/seo\/ -->\n<title>Comics &quot;When the Earth Flares Up&quot; - Geofyzik\u00e1ln\u00ed \u00fastav Akademie v\u011bd \u010cR, v.v.i.<\/title>\n<meta name=\"robots\" content=\"index, follow, max-snippet:-1, max-image-preview:large, max-video-preview:-1\" \/>\n<link rel=\"canonical\" href=\"https:\/\/www.ig.cas.cz\/en\/outreach\/comics-geomagnetic-field\/\" \/>\n<meta property=\"og:locale\" content=\"en_US\" \/>\n<meta property=\"og:type\" content=\"article\" \/>\n<meta property=\"og:title\" content=\"Comics &quot;When the Earth Flares Up&quot; - Geofyzik\u00e1ln\u00ed \u00fastav Akademie v\u011bd \u010cR, v.v.i.\" \/>\n<meta property=\"og:description\" content=\"Our comics about the geomagnetic field and its importance for life on our Earth. The comic book is intended for primary school pupils. Once you get acquainted with the story of the geomagnetic field, play a board game designed for 1-4 players. You can download the game for free below, you will only need 4 [&hellip;]\" \/>\n<meta property=\"og:url\" content=\"https:\/\/www.ig.cas.cz\/en\/outreach\/comics-geomagnetic-field\/\" \/>\n<meta property=\"og:site_name\" content=\"Dom\u016f\" \/>\n<meta property=\"article:publisher\" content=\"https:\/\/www.facebook.com\/GFUAVCR\/\" \/>\n<meta property=\"article:modified_time\" content=\"2024-06-13T08:51:54+00:00\" \/>\n<meta property=\"og:image\" content=\"https:\/\/www.ig.cas.cz\/wp-content\/uploads\/2020\/07\/komiks2.jpg\" \/>\n\t<meta property=\"og:image:width\" content=\"2000\" \/>\n\t<meta property=\"og:image:height\" content=\"476\" \/>\n\t<meta property=\"og:image:type\" content=\"image\/jpeg\" \/>\n<meta name=\"twitter:card\" content=\"summary_large_image\" \/>\n<meta name=\"twitter:label1\" content=\"Est. reading time\" \/>\n\t<meta name=\"twitter:data1\" content=\"2 minutes\" \/>\n<script type=\"application\/ld+json\" class=\"yoast-schema-graph\">{\"@context\":\"https:\/\/schema.org\",\"@graph\":[{\"@type\":\"WebPage\",\"@id\":\"https:\/\/www.ig.cas.cz\/en\/outreach\/comics-geomagnetic-field\/\",\"url\":\"https:\/\/www.ig.cas.cz\/en\/outreach\/comics-geomagnetic-field\/\",\"name\":\"Comics \\\"When the Earth Flares Up\\\" - Geofyzik\u00e1ln\u00ed \u00fastav Akademie v\u011bd \u010cR, v.v.i.\",\"isPartOf\":{\"@id\":\"https:\/\/www.ig.cas.cz\/#website\"},\"primaryImageOfPage\":{\"@id\":\"https:\/\/www.ig.cas.cz\/en\/outreach\/comics-geomagnetic-field\/#primaryimage\"},\"image\":{\"@id\":\"https:\/\/www.ig.cas.cz\/en\/outreach\/comics-geomagnetic-field\/#primaryimage\"},\"thumbnailUrl\":\"https:\/\/www.ig.cas.cz\/wp-content\/uploads\/2020\/07\/komiks2.jpg\",\"datePublished\":\"2021-08-05T12:49:57+00:00\",\"dateModified\":\"2024-06-13T08:51:54+00:00\",\"breadcrumb\":{\"@id\":\"https:\/\/www.ig.cas.cz\/en\/outreach\/comics-geomagnetic-field\/#breadcrumb\"},\"inLanguage\":\"en-US\",\"potentialAction\":[{\"@type\":\"ReadAction\",\"target\":[\"https:\/\/www.ig.cas.cz\/en\/outreach\/comics-geomagnetic-field\/\"]}]},{\"@type\":\"ImageObject\",\"inLanguage\":\"en-US\",\"@id\":\"https:\/\/www.ig.cas.cz\/en\/outreach\/comics-geomagnetic-field\/#primaryimage\",\"url\":\"https:\/\/www.ig.cas.cz\/wp-content\/uploads\/2020\/07\/komiks2.jpg\",\"contentUrl\":\"https:\/\/www.ig.cas.cz\/wp-content\/uploads\/2020\/07\/komiks2.jpg\",\"width\":2000,\"height\":476},{\"@type\":\"BreadcrumbList\",\"@id\":\"https:\/\/www.ig.cas.cz\/en\/outreach\/comics-geomagnetic-field\/#breadcrumb\",\"itemListElement\":[{\"@type\":\"ListItem\",\"position\":1,\"name\":\"Dom\u016f\",\"item\":\"https:\/\/www.ig.cas.cz\/en\/\"},{\"@type\":\"ListItem\",\"position\":2,\"name\":\"Outreach\",\"item\":\"https:\/\/www.ig.cas.cz\/en\/outreach\/\"},{\"@type\":\"ListItem\",\"position\":3,\"name\":\"Comics &#8220;When the Earth Flares Up&#8221;\"}]},{\"@type\":\"WebSite\",\"@id\":\"https:\/\/www.ig.cas.cz\/#website\",\"url\":\"https:\/\/www.ig.cas.cz\/\",\"name\":\"Dom\u016f\",\"description\":\"Geofyzik\u00e1ln\u00ed \u00fastav Akademie v\u011bd \u010cR, v.v.i.\",\"potentialAction\":[{\"@type\":\"SearchAction\",\"target\":{\"@type\":\"EntryPoint\",\"urlTemplate\":\"https:\/\/www.ig.cas.cz\/?s={search_term_string}\"},\"query-input\":{\"@type\":\"PropertyValueSpecification\",\"valueRequired\":true,\"valueName\":\"search_term_string\"}}],\"inLanguage\":\"en-US\"}]}<\/script>\n<!-- \/ Yoast SEO plugin. -->","yoast_head_json":{"title":"Comics \"When the Earth Flares Up\" - Geofyzik\u00e1ln\u00ed \u00fastav Akademie v\u011bd \u010cR, v.v.i.","robots":{"index":"index","follow":"follow","max-snippet":"max-snippet:-1","max-image-preview":"max-image-preview:large","max-video-preview":"max-video-preview:-1"},"canonical":"https:\/\/www.ig.cas.cz\/en\/outreach\/comics-geomagnetic-field\/","og_locale":"en_US","og_type":"article","og_title":"Comics \"When the Earth Flares Up\" - Geofyzik\u00e1ln\u00ed \u00fastav Akademie v\u011bd \u010cR, v.v.i.","og_description":"Our comics about the geomagnetic field and its importance for life on our Earth. The comic book is intended for primary school pupils. Once you get acquainted with the story of the geomagnetic field, play a board game designed for 1-4 players. You can download the game for free below, you will only need 4 [&hellip;]","og_url":"https:\/\/www.ig.cas.cz\/en\/outreach\/comics-geomagnetic-field\/","og_site_name":"Dom\u016f","article_publisher":"https:\/\/www.facebook.com\/GFUAVCR\/","article_modified_time":"2024-06-13T08:51:54+00:00","og_image":[{"width":2000,"height":476,"url":"https:\/\/www.ig.cas.cz\/wp-content\/uploads\/2020\/07\/komiks2.jpg","type":"image\/jpeg"}],"twitter_card":"summary_large_image","twitter_misc":{"Est. reading time":"2 minutes"},"schema":{"@context":"https:\/\/schema.org","@graph":[{"@type":"WebPage","@id":"https:\/\/www.ig.cas.cz\/en\/outreach\/comics-geomagnetic-field\/","url":"https:\/\/www.ig.cas.cz\/en\/outreach\/comics-geomagnetic-field\/","name":"Comics \"When the Earth Flares Up\" - Geofyzik\u00e1ln\u00ed \u00fastav Akademie v\u011bd \u010cR, v.v.i.","isPartOf":{"@id":"https:\/\/www.ig.cas.cz\/#website"},"primaryImageOfPage":{"@id":"https:\/\/www.ig.cas.cz\/en\/outreach\/comics-geomagnetic-field\/#primaryimage"},"image":{"@id":"https:\/\/www.ig.cas.cz\/en\/outreach\/comics-geomagnetic-field\/#primaryimage"},"thumbnailUrl":"https:\/\/www.ig.cas.cz\/wp-content\/uploads\/2020\/07\/komiks2.jpg","datePublished":"2021-08-05T12:49:57+00:00","dateModified":"2024-06-13T08:51:54+00:00","breadcrumb":{"@id":"https:\/\/www.ig.cas.cz\/en\/outreach\/comics-geomagnetic-field\/#breadcrumb"},"inLanguage":"en-US","potentialAction":[{"@type":"ReadAction","target":["https:\/\/www.ig.cas.cz\/en\/outreach\/comics-geomagnetic-field\/"]}]},{"@type":"ImageObject","inLanguage":"en-US","@id":"https:\/\/www.ig.cas.cz\/en\/outreach\/comics-geomagnetic-field\/#primaryimage","url":"https:\/\/www.ig.cas.cz\/wp-content\/uploads\/2020\/07\/komiks2.jpg","contentUrl":"https:\/\/www.ig.cas.cz\/wp-content\/uploads\/2020\/07\/komiks2.jpg","width":2000,"height":476},{"@type":"BreadcrumbList","@id":"https:\/\/www.ig.cas.cz\/en\/outreach\/comics-geomagnetic-field\/#breadcrumb","itemListElement":[{"@type":"ListItem","position":1,"name":"Dom\u016f","item":"https:\/\/www.ig.cas.cz\/en\/"},{"@type":"ListItem","position":2,"name":"Outreach","item":"https:\/\/www.ig.cas.cz\/en\/outreach\/"},{"@type":"ListItem","position":3,"name":"Comics &#8220;When the Earth Flares Up&#8221;"}]},{"@type":"WebSite","@id":"https:\/\/www.ig.cas.cz\/#website","url":"https:\/\/www.ig.cas.cz\/","name":"Dom\u016f","description":"Geofyzik\u00e1ln\u00ed \u00fastav Akademie v\u011bd \u010cR, v.v.i.","potentialAction":[{"@type":"SearchAction","target":{"@type":"EntryPoint","urlTemplate":"https:\/\/www.ig.cas.cz\/?s={search_term_string}"},"query-input":{"@type":"PropertyValueSpecification","valueRequired":true,"valueName":"search_term_string"}}],"inLanguage":"en-US"}]}},"_links":{"self":[{"href":"https:\/\/www.ig.cas.cz\/en\/wp-json\/wp\/v2\/pages\/25269","targetHints":{"allow":["GET"]}}],"collection":[{"href":"https:\/\/www.ig.cas.cz\/en\/wp-json\/wp\/v2\/pages"}],"about":[{"href":"https:\/\/www.ig.cas.cz\/en\/wp-json\/wp\/v2\/types\/page"}],"author":[{"embeddable":true,"href":"https:\/\/www.ig.cas.cz\/en\/wp-json\/wp\/v2\/users\/2"}],"replies":[{"embeddable":true,"href":"https:\/\/www.ig.cas.cz\/en\/wp-json\/wp\/v2\/comments?post=25269"}],"version-history":[{"count":3,"href":"https:\/\/www.ig.cas.cz\/en\/wp-json\/wp\/v2\/pages\/25269\/revisions"}],"predecessor-version":[{"id":38722,"href":"https:\/\/www.ig.cas.cz\/en\/wp-json\/wp\/v2\/pages\/25269\/revisions\/38722"}],"up":[{"embeddable":true,"href":"https:\/\/www.ig.cas.cz\/en\/wp-json\/wp\/v2\/pages\/386"}],"wp:featuredmedia":[{"embeddable":true,"href":"https:\/\/www.ig.cas.cz\/en\/wp-json\/wp\/v2\/media\/18931"}],"wp:attachment":[{"href":"https:\/\/www.ig.cas.cz\/en\/wp-json\/wp\/v2\/media?parent=25269"}],"wp:term":[{"taxonomy":"category","embeddable":true,"href":"https:\/\/www.ig.cas.cz\/en\/wp-json\/wp\/v2\/categories?post=25269"},{"taxonomy":"post_tag","embeddable":true,"href":"https:\/\/www.ig.cas.cz\/en\/wp-json\/wp\/v2\/tags?post=25269"}],"curies":[{"name":"wp","href":"https:\/\/api.w.org\/{rel}","templated":true}]}}