{"id":25503,"date":"2021-08-25T14:44:22","date_gmt":"2021-08-25T12:44:22","guid":{"rendered":"https:\/\/www.ig.cas.cz\/?page_id=25503"},"modified":"2024-01-30T10:10:52","modified_gmt":"2024-01-30T09:10:52","slug":"cedric-legendre","status":"publish","type":"page","link":"https:\/\/www.ig.cas.cz\/en\/contact\/staff\/cedric-legendre\/","title":{"rendered":"C\u00e9dric P.&nbsp;Legendre"},"content":{"rendered":"<p>[et_pb_section fb_built=&#8221;1&#8243; _builder_version=&#8221;4.16&#8243; custom_margin=&#8221;20px|||&#8221; custom_padding=&#8221;0px|0px|0px|0px&#8221; global_colors_info=&#8221;{}&#8221;][et_pb_row column_structure=&#8221;2_3,1_3&#8243; _builder_version=&#8221;4.16&#8243; background_size=&#8221;initial&#8221; background_position=&#8221;top_left&#8221; background_repeat=&#8221;repeat&#8221; custom_padding=&#8221;15px|0px|21px|0px&#8221; global_colors_info=&#8221;{}&#8221;][et_pb_column type=&#8221;2_3&#8243; _builder_version=&#8221;4.16&#8243; custom_padding=&#8221;|||&#8221; global_colors_info=&#8221;{}&#8221; custom_padding__hover=&#8221;|||&#8221;][et_pb_text _builder_version=&#8221;4.16&#8243; global_colors_info=&#8221;{}&#8221;]<\/p>\n<h3><strong>Curriculum vit\u00e6<\/strong><\/h3>\n<h4 style=\"margin-top: 1em;\"><strong>Academic history<\/strong><\/h4>\n<ul>\n<li><span style=\"color: #333333;\"><strong>2012:<\/strong>\u00a0PhD degree, Ruhr University Bochum, Germany<\/span><\/li>\n<\/ul>\n<h4><strong>Employment<\/strong><\/h4>\n<ul>\n<li><span style=\"color: #333333;\"><strong>2012 &#8211; 2015:\u00a0<\/strong>Postdoctoral fellow &#8211; IES, Institute of Earth Sciences, Academia Sinica, Taiwan<\/span><\/li>\n<li><span style=\"color: #333333;\"><strong>2012 &#8211; 2015: <\/strong>Postdoctoral fellow &#8211; IES, Institute of Earth Sciences, Academia Sinica, Taiwan<\/span><\/li>\n<li><span style=\"color: #333333;\"><strong>2015 &#8211; 2016: <\/strong>Postdoctoral fellow &#8211; MOST, Department of Geosciences, National Taiwan University, Taiwan<\/span><\/li>\n<li><span style=\"color: #333333;\"><strong>2016 &#8211; 2018:<\/strong> Postdoctoral fellow &#8211; AS, Institute of Earth Sciences, Academia Sinica, Taiwan<\/span><\/li>\n<li><span style=\"color: #333333;\"><strong>2018 &#8211; 2020: <\/strong>Postdoctoral fellow &#8211; MOST, Institute of Earth Sciences, Academia Sinica, Taiwan<\/span><\/li>\n<li><span style=\"color: #333333;\"><strong>2020 &#8211; 2021: <\/strong>MOST Research Scholar &#8211; MOST, Institute of Earth Sciences, Academia Sinica, Taiwan<\/span><\/li>\n<li><span style=\"color: #333333;\"><strong>2021 &#8211; now : <\/strong>Researcher, Institute of Geophysics of the Czech Academy of Science, Czech Republic<\/span><\/li>\n<\/ul>\n<h4><strong>Research interests<\/strong><\/h4>\n<p><span style=\"color: #333333;\">Seismic anisotropy, <span id=\"result_box\" class=\"\" lang=\"en\"><span class=\"\">structure and development of the lithosphere (crust, mantle lithosphere), relief of lithosphere-astenosphere boundary.<\/span><\/span><\/span><\/p>\n<h4><strong>Grants and awards<\/strong><\/h4>\n<ul>\n<li><span style=\"color: #333333;\">Best &#8220;young scientist&#8221; paper award (MOST), 2015<\/span><\/li>\n<li><span style=\"color: #333333;\">Prof. Tsanyao Frank Yang young scientists award (IGRS 2016)<\/span><\/li>\n<li><span style=\"color: #333333;\">Academia Sinica Postdoctoral Research Fellowship (Academia Sinica), 2016 &#8211; 2018<\/span><\/li>\n<li><span style=\"color: #333333;\">MOST Independent Research Scholar, 2020 &#8211; 2021<\/span><\/li>\n<\/ul>\n<p>[\/et_pb_text][\/et_pb_column][et_pb_column type=&#8221;1_3&#8243; _builder_version=&#8221;4.16&#8243; custom_padding=&#8221;|||&#8221; global_colors_info=&#8221;{}&#8221; custom_padding__hover=&#8221;|||&#8221;][et_pb_image src=&#8221;https:\/\/www.ig.cas.cz\/wp-content\/uploads\/2021\/08\/236384399_539507643796370_4461891600519732463_n.jpg&#8221; align=&#8221;center&#8221; align_tablet=&#8221;center&#8221; align_phone=&#8221;&#8221; align_last_edited=&#8221;on|desktop&#8221; admin_label=&#8221;Image&#8221; _builder_version=&#8221;4.16&#8243; max_width=&#8221;88%&#8221; border_color_all=&#8221;rgba(51,51,51,0.8)&#8221; global_colors_info=&#8221;{}&#8221;][\/et_pb_image][et_pb_text _builder_version=&#8221;4.23.1&#8243; hover_enabled=&#8221;0&#8243; global_colors_info=&#8221;{}&#8221; sticky_enabled=&#8221;0&#8243;]<\/p>\n<h3 style=\"text-align: center;\">Dr. rer. nat. C\u00e9dric P.&nbsp;Legendre<\/h3>\n<p style=\"text-align: center;\">researcher<br \/><a href=\"https:\/\/www.ig.cas.cz\/en\/research\/teams\/lithosphere-team\/\">Structure of Continental Lithosphere<\/a><br \/><a href=\"mailto:legendre@ig.cas.cz\">legendre@ig.cas.cz<\/a><br \/>+420\u00a0267\u00a0103&nbsp;335<br \/>Office 104<br \/><a href=\"https:\/\/orcid.org\/0000-0002-1618-4217\" target=\"orcid.widget\" rel=\"noopener noreferrer\"><img decoding=\"async\" src=\"https:\/\/orcid.org\/sites\/default\/files\/images\/orcid_16x16.png\" alt=\"ORCID iD icon\" \/>\u00a0<\/a><a href=\"https:\/\/orcid.org\/0000-0002-5758-5797\" target=\"orcid.widget\" rel=\"noopener\">ORCID<\/a><\/p>\n<p>[\/et_pb_text][\/et_pb_column][\/et_pb_row][et_pb_row _builder_version=&#8221;4.16&#8243; background_size=&#8221;initial&#8221; background_position=&#8221;top_left&#8221; background_repeat=&#8221;repeat&#8221; custom_padding=&#8221;15px|0px|21px|0px&#8221; global_colors_info=&#8221;{}&#8221;][et_pb_column type=&#8221;4_4&#8243; _builder_version=&#8221;4.16&#8243; custom_padding=&#8221;|||&#8221; global_colors_info=&#8221;{}&#8221; custom_padding__hover=&#8221;|||&#8221;][et_pb_text _builder_version=&#8221;4.16&#8243; _module_preset=&#8221;default&#8221; global_colors_info=&#8221;{}&#8221;]<\/p>\n<h3><strong>Peer-reviewed publications<\/strong><\/h3>\n<ul>\n<li>Utpal Kumar, <strong>C\u00e9dric. P.&nbsp;Legendre<\/strong>, 2022: Crust-mantle decoupling beneath Afar revealed by Rayleigh-wave tomography. Scientific Reports, 12, 17036.<br \/><a href=\"https:\/\/doi.org\/10.1038\/s41598-022-20890-5\">doi:10.1038\/s41598-022-20890-5<\/a><\/li>\n<li>Sebastian Wege, <strong>C\u00e9dric. P.&nbsp;Legendre<\/strong>, Wu-Cheng Chi, Tan Kin Wang, Pascal Kunath, Char\u2010Shine Liu, 2022: Field and Synthetic Waveform Tests on Using Large\u2010offset Seismic Streamer Data to Derive Shallow Seabed Shear\u2010Wave Velocity and Geotechnical Properties. Earth and Space Science, e2021EA002196.<br \/><a href=\"https:\/\/doi.org\/10.1029\/2021EA002196\">doi:10.1029\/2021EA002196<\/a><\/li>\n<li>Utpal Kumar, <strong>C\u00e9dric. P.&nbsp;Legendre<\/strong>, Jian-Cheng Lee, Li Zhao, Benjamin Fong Chao, 2022:  On Analyzing GNSS Displacement Field Variability of Taiwan: Hierarchical Agglomerative Clustering based on Dynamic Time Warping Technique. Computers &#038; Geosciences, 105243.<br \/><a href=\"https:\/\/doi.org\/10.1016\/j.cageo.2022.105243\">doi:10.1016\/j.cageo.2022.105243<\/a><\/li>\n<li><span style=\"color: #333333;\">Utpal Kumar, <strong>C\u00e9dric. P.&nbsp;Legendre<\/strong>, Li Zhao, Ben F. Chao, 2022.\u00a0Dynamic Time Warping as an Alternative to Windowed Cross Correlation in Seismological Applications.\u00a0Seismological Research Letters 2022<\/span><br \/><a href=\"https:\/\/doi.org\/10.1785\/0220210288\">https:\/\/doi.org\/10.1785\/0220210288<\/a><\/li>\n<li><span style=\"color: #333333;\">U Kumar, <strong>CP Legendre<\/strong> &amp; BS Huang , 2021. Crustal structure and upper mantle anisotropy of the Afar triple junction. Earth, Planets and Space volume 73, 166<\/span><br \/><a href=\"https:\/\/doi.org\/10.1186\/s40623-021-01495-0\">https:\/\/doi.org\/10.1186\/s40623-021-01495-0<\/a><\/li>\n<li><span style=\"color: #333333;\"><strong>CP Legendre<\/strong>, L Zhao, TL Tseng, 2021. Large-scale variation in seismic anisotropy in the crust and upper mantle beneath Anatolia, Turkey. Communications Earth &amp; Environment 2 (1), 1-72021<\/span><br \/><a href=\"%20https:\/\/doi.org\/10.1038\/s43247-021-00142-6\"> https:\/\/doi.org\/10.1038\/s43247-021-00142-6<\/a><\/li>\n<li><span style=\"color: #333333;\">U Kumar &amp; <strong>CP Legendre<\/strong>, 2021. STADIUM-Py: Python Command-line Interface for automated Receiver Functions and Shear-Wave Splitting Measurements (1.0). Zenodo.<\/span><br \/><a href=\"%20https:\/\/doi.org\/10.5281\/zenodo.4686103\"> https:\/\/doi.org\/10.5281\/zenodo.4686103<\/a><\/li>\n<li><span style=\"color: #333333;\"><strong>CP Legendre<\/strong>, TL Tseng, L Zhao, 2020. Surface-wave phase-velocity maps of the Anatolia region (Turkey) from ambient noise tomography. Journal of Asian Earth Sciences 193, 104322<\/span><br \/><a href=\"%20https:\/\/doi.org\/10.1016\/j.jseaes.2020.104322\"> https:\/\/doi.org\/10.1016\/j.jseaes.2020.104322<\/a><\/li>\n<li><span style=\"color: #333333;\">X Fan, QF Chen, <strong>CP Legendre<\/strong>, Z&nbsp;Guo, 2020. Intraplate volcanism and regional geodynamics in NE Asia revealed by anisotropic Rayleigh\u2010wave tomography. Geophysical Research Letters 47 (1), e2019GL085623<\/span><br \/><a href=\"%20https:\/\/doi.org\/10.1029\/2019GL085623\"> https:\/\/doi.org\/10.1029\/2019GL085623<\/a><\/li>\n<li><span style=\"color: #333333;\"><strong>CP Legendre<\/strong>, B Deffontaines, H Bor-Shouh, HY Lee, ETY Chang, 2020. Anisotropic Rayleigh-wave phase velocity maps of the Sunda Plate. Journal of Asian Earth Sciences 187, 104094<\/span><br \/><a href=\"https:\/\/doi.org\/10.1016\/j.jseaes.2019.104094\">https:\/\/doi.org\/10.1016\/j.jseaes.2019.104094<\/a><\/li>\n<li><span style=\"color: #333333;\">H Mittal, YM Wu, TL Lin, <strong>CP Legendre<\/strong>, S&nbsp;Gupta, BM Yang, 2019. Time-dependent shake map for Uttarakhand Himalayas, India, using recorded earthquakes. Acta Geophysica 67 (3), 753-763<\/span><br \/><a href=\"https:\/\/doi.org\/10.1007\/s11600-019-00281-7\">https:\/\/doi.org\/10.1007\/s11600-019-00281-7<\/a><\/li>\n<li><span style=\"color: #333333;\"><strong>CP Legendre<\/strong>, TL Tseng, YN Chen, TY Huang, YC Gung, A&nbsp;Karakhanyan, BS Huang, 2017. Complex deformation in the Caucasus region revealed by ambient noise seismic tomography. Tectonophysics 712, 208-220<\/span><br \/><a href=\"https:\/\/doi.org\/10.1016\/j.tecto.2017.05.024\">https:\/\/doi.org\/10.1016\/j.tecto.2017.05.024<\/a><\/li>\n<li><span style=\"color: #333333;\">TIAN Yuan, <strong>CP Legendre<\/strong>, ZHOU Tong, HAN Jian-Gang, WU Meng-Yu, ZHAO Li, NING Jie-Yuan, 2017. High resolution anisotropic phase velocity tomography of Northeast China and its implication. Chinese Journal of Geophysics 60 (5), 1659-1675<\/span><br \/><a href=\"http:\/\/www.geophy.cn\/EN\/Y2017\/V60\/I5\/1659\">http:\/\/www.geophy.cn\/EN\/Y2017\/V60\/I5\/1659<\/a><\/li>\n<li><span style=\"color: #333333;\"><strong>CP Legendre<\/strong>, TL Tseng, H Mittal, CH Hsu, A&nbsp;Karakhanyan, BS Huang, 2017. Complex wave propagation revealed by peak ground velocity maps in the Caucasus Area. Seismological Research Letters 88 (3), 812-821<\/span><br \/><a href=\"https:\/\/doi.org\/10.1785\/0220160178\">https:\/\/doi.org\/10.1785\/0220160178<\/a><\/li>\n<li><span style=\"color: #333333;\"><strong>CP Legendre<\/strong>, L Zhao, F Deschamps, QF Chen, 2016. Layered anisotropy within the crust and lithospheric mantle beneath the Sea of Japan. Journal of Asian Earth Sciences 128, 181-195<\/span><br \/><a href=\"https:\/\/doi.org\/10.1016\/j.jseaes.2016.07.010\">https:\/\/doi.org\/10.1016\/j.jseaes.2016.07.010<\/a><\/li>\n<li><span style=\"color: #333333;\"><strong>CP Legendre<\/strong>, L Zhao, WG Huang, BS Huang, 2015. Anisotropic Rayleigh-wave phase velocities beneath northern Vietnam. Earth, Planets and Space 67 (1), 1-16<\/span><br \/><a href=\"https:\/\/doi.org\/10.1186\/s40623-015-0193-3\">https:\/\/doi.org\/10.1186\/s40623-015-0193-3<\/a><\/li>\n<li><span style=\"color: #333333;\"><strong>CP Legendre<\/strong>, F Deschamps, L Zhao, QF Chen, 2015. Rayleigh-wave dispersion reveals crust-mantle decoupling beneath eastern Tibet. Scientific reports 5 (1), 1-7<\/span><br \/><a href=\"https:\/\/doi.org\/10.1038\/srep16644\">https:\/\/doi.org\/10.1038\/srep16644<\/a><\/li>\n<li><span style=\"color: #333333;\"><strong>CP Legendre<\/strong>, L Zhao, QF Chen, 2015. Upper-mantle shear-wave structure under East and Southeast Asia from Automated Multimode Inversion of waveforms. Geophysical Journal International 203 (1), 707-719.<\/span><br \/><a href=\"https:\/\/doi.org\/10.1093\/gji\/ggv322\">https:\/\/doi.org\/10.1093\/gji\/ggv322<\/a><\/li>\n<li><span style=\"color: #333333;\"><strong>CP Legendre<\/strong>, QF Chen, L Zhao, 2014. Lithospheric structure beneath the East China Sea revealed by Rayleigh-wave phase velocities. Journal of Asian Earth Sciences 96, 213-225<\/span><br \/><a href=\"https:\/\/doi.org\/10.1016\/j.jseaes.2014.08.037\">https:\/\/doi.org\/10.1016\/j.jseaes.2014.08.037<\/a><\/li>\n<li><span style=\"color: #333333;\"><strong>CP Legendre<\/strong>, F Deschamps, L Zhao, S&nbsp;Lebedev, QF Chen, 2014. Anisotropic Rayleigh wave phase velocity maps of eastern China. Journal of Geophysical Research: Solid Earth 119 (6), 4802-4820<\/span><br \/><a href=\"%20https:\/\/doi.org\/10.1002\/2013JB010781\"> https:\/\/doi.org\/10.1002\/2013JB010781<\/a><\/li>\n<li><span style=\"color: #333333;\">B Knapmeyer-Endrun, F Kr\u00fcger, <strong>CP Legendre<\/strong>, WH Geissler, PASSEQ Working Group, 2013. Tracing the influence of the Trans-European Suture Zone into the mantle transition zone. Earth and Planetary Science Letters 363, 73-87<\/span><br \/><a href=\"https:\/\/doi.org\/10.1016\/j.epsl.2012.12.028\">https:\/\/doi.org\/10.1016\/j.epsl.2012.12.028<\/a><\/li>\n<li><span style=\"color: #333333;\"><strong>CP Legendre<\/strong>, T Meier, S&nbsp;Lebedev, W Friederich, L Viereck-G\u00f6tte, 2012. A&nbsp;shear wave velocity model of the European upper mantle from automated inversion of seismic shear and surface waveforms. Geophysical Journal International 191 (1), 282-304<\/span><br \/><a href=\"https:\/\/doi.org\/10.1111\/j.1365-246X.2012.05613.x\">https:\/\/doi.org\/10.1111\/j.1365-246X.2012.05613.x<\/a><\/li>\n<li><span style=\"color: #333333;\"><strong>CP Legendre<\/strong>, 2012. Shear wave velocity model of the upper mantle beneath Europe and surroundings. PhD thesis.<\/span><br \/><a href=\"https:\/\/hss-opus.ub.ruhr-uni-bochum.de\/opus4\/frontdoor\/index\/index\/docId\/3410\">https:\/\/hss-opus.ub.ruhr-uni-bochum.de\/opus4\/frontdoor\/index\/index\/docId\/3410<\/a><\/li>\n<\/ul>\n<p>[\/et_pb_text][\/et_pb_column][\/et_pb_row][\/et_pb_section]<\/p>\n","protected":false},"excerpt":{"rendered":"<p>Curriculum vit\u00e6 Academic history 2012:\u00a0PhD degree, Ruhr University Bochum, Germany Employment 2012 &#8211; 2015:\u00a0Postdoctoral fellow &#8211; IES, Institute of Earth Sciences, Academia Sinica, Taiwan 2012 &#8211; 2015: Postdoctoral fellow &#8211; IES, Institute of Earth Sciences, Academia Sinica, Taiwan 2015 &#8211; 2016: Postdoctoral fellow &#8211; MOST, Department of Geosciences, National Taiwan University, Taiwan 2016 &#8211; 2018: [&hellip;]<\/p>\n","protected":false},"author":20,"featured_media":13066,"parent":416,"menu_order":0,"comment_status":"closed","ping_status":"closed","template":"","meta":{"_et_pb_use_builder":"on","_et_pb_old_content":"","_et_gb_content_width":"","footnotes":""},"categories":[],"tags":[127],"class_list":["post-25503","page","type-page","status-publish","has-post-thumbnail","hentry","tag-people-en"],"yoast_head":"<!-- This site is optimized with the Yoast SEO plugin v25.9 - https:\/\/yoast.com\/wordpress\/plugins\/seo\/ -->\n<title>C\u00e9dric P. Legendre - Geofyzik\u00e1ln\u00ed \u00fastav Akademie v\u011bd \u010cR, v.v.i.<\/title>\n<meta name=\"robots\" content=\"index, follow, max-snippet:-1, max-image-preview:large, max-video-preview:-1\" \/>\n<link rel=\"canonical\" href=\"https:\/\/www.ig.cas.cz\/en\/contact\/staff\/cedric-legendre\/\" \/>\n<meta property=\"og:locale\" content=\"en_US\" \/>\n<meta property=\"og:type\" content=\"article\" \/>\n<meta property=\"og:title\" content=\"C\u00e9dric P. Legendre - Geofyzik\u00e1ln\u00ed \u00fastav Akademie v\u011bd \u010cR, v.v.i.\" \/>\n<meta property=\"og:description\" content=\"Curriculum vit\u00e6 Academic history 2012:\u00a0PhD degree, Ruhr University Bochum, Germany Employment 2012 - 2015:\u00a0Postdoctoral fellow - IES, Institute of Earth Sciences, Academia Sinica, Taiwan 2012 - 2015: Postdoctoral fellow - IES, Institute of Earth Sciences, Academia Sinica, Taiwan 2015 - 2016: Postdoctoral fellow - MOST, Department of Geosciences, National Taiwan University, Taiwan 2016 - 2018: [&hellip;]\" \/>\n<meta property=\"og:url\" content=\"https:\/\/www.ig.cas.cz\/en\/contact\/staff\/cedric-legendre\/\" \/>\n<meta property=\"og:site_name\" content=\"Dom\u016f\" \/>\n<meta property=\"article:publisher\" content=\"https:\/\/www.facebook.com\/GFUAVCR\/\" \/>\n<meta property=\"article:modified_time\" content=\"2024-01-30T09:10:52+00:00\" \/>\n<meta property=\"og:image\" content=\"https:\/\/www.ig.cas.cz\/wp-content\/uploads\/2018\/01\/seismogram_header.jpg\" \/>\n\t<meta property=\"og:image:width\" content=\"2500\" \/>\n\t<meta property=\"og:image:height\" content=\"260\" \/>\n\t<meta property=\"og:image:type\" content=\"image\/jpeg\" \/>\n<meta name=\"twitter:card\" content=\"summary_large_image\" \/>\n<meta name=\"twitter:label1\" content=\"Est. reading time\" \/>\n\t<meta name=\"twitter:data1\" content=\"5 minutes\" \/>\n<script type=\"application\/ld+json\" class=\"yoast-schema-graph\">{\"@context\":\"https:\/\/schema.org\",\"@graph\":[{\"@type\":\"WebPage\",\"@id\":\"https:\/\/www.ig.cas.cz\/en\/contact\/staff\/cedric-legendre\/\",\"url\":\"https:\/\/www.ig.cas.cz\/en\/contact\/staff\/cedric-legendre\/\",\"name\":\"C\u00e9dric P. Legendre - Geofyzik\u00e1ln\u00ed \u00fastav Akademie v\u011bd \u010cR, v.v.i.\",\"isPartOf\":{\"@id\":\"https:\/\/www.ig.cas.cz\/#website\"},\"primaryImageOfPage\":{\"@id\":\"https:\/\/www.ig.cas.cz\/en\/contact\/staff\/cedric-legendre\/#primaryimage\"},\"image\":{\"@id\":\"https:\/\/www.ig.cas.cz\/en\/contact\/staff\/cedric-legendre\/#primaryimage\"},\"thumbnailUrl\":\"https:\/\/www.ig.cas.cz\/wp-content\/uploads\/2018\/01\/seismogram_header.jpg\",\"datePublished\":\"2021-08-25T12:44:22+00:00\",\"dateModified\":\"2024-01-30T09:10:52+00:00\",\"breadcrumb\":{\"@id\":\"https:\/\/www.ig.cas.cz\/en\/contact\/staff\/cedric-legendre\/#breadcrumb\"},\"inLanguage\":\"en-US\",\"potentialAction\":[{\"@type\":\"ReadAction\",\"target\":[\"https:\/\/www.ig.cas.cz\/en\/contact\/staff\/cedric-legendre\/\"]}]},{\"@type\":\"ImageObject\",\"inLanguage\":\"en-US\",\"@id\":\"https:\/\/www.ig.cas.cz\/en\/contact\/staff\/cedric-legendre\/#primaryimage\",\"url\":\"https:\/\/www.ig.cas.cz\/wp-content\/uploads\/2018\/01\/seismogram_header.jpg\",\"contentUrl\":\"https:\/\/www.ig.cas.cz\/wp-content\/uploads\/2018\/01\/seismogram_header.jpg\",\"width\":2500,\"height\":260,\"caption\":\"Joe Parks from Berkeley, CA, Creative Commons Uve\u010fte autora 2.0 Generic\"},{\"@type\":\"BreadcrumbList\",\"@id\":\"https:\/\/www.ig.cas.cz\/en\/contact\/staff\/cedric-legendre\/#breadcrumb\",\"itemListElement\":[{\"@type\":\"ListItem\",\"position\":1,\"name\":\"Dom\u016f\",\"item\":\"https:\/\/www.ig.cas.cz\/en\/\"},{\"@type\":\"ListItem\",\"position\":2,\"name\":\"Contacts\",\"item\":\"https:\/\/www.ig.cas.cz\/en\/contact\/\"},{\"@type\":\"ListItem\",\"position\":3,\"name\":\"Staff\",\"item\":\"https:\/\/www.ig.cas.cz\/en\/contact\/staff\/\"},{\"@type\":\"ListItem\",\"position\":4,\"name\":\"C\u00e9dric P.&nbsp;Legendre\"}]},{\"@type\":\"WebSite\",\"@id\":\"https:\/\/www.ig.cas.cz\/#website\",\"url\":\"https:\/\/www.ig.cas.cz\/\",\"name\":\"Dom\u016f\",\"description\":\"Geofyzik\u00e1ln\u00ed \u00fastav Akademie v\u011bd \u010cR, v.v.i.\",\"potentialAction\":[{\"@type\":\"SearchAction\",\"target\":{\"@type\":\"EntryPoint\",\"urlTemplate\":\"https:\/\/www.ig.cas.cz\/?s={search_term_string}\"},\"query-input\":{\"@type\":\"PropertyValueSpecification\",\"valueRequired\":true,\"valueName\":\"search_term_string\"}}],\"inLanguage\":\"en-US\"}]}<\/script>\n<!-- \/ Yoast SEO plugin. -->","yoast_head_json":{"title":"C\u00e9dric P. Legendre - Geofyzik\u00e1ln\u00ed \u00fastav Akademie v\u011bd \u010cR, v.v.i.","robots":{"index":"index","follow":"follow","max-snippet":"max-snippet:-1","max-image-preview":"max-image-preview:large","max-video-preview":"max-video-preview:-1"},"canonical":"https:\/\/www.ig.cas.cz\/en\/contact\/staff\/cedric-legendre\/","og_locale":"en_US","og_type":"article","og_title":"C\u00e9dric P. Legendre - Geofyzik\u00e1ln\u00ed \u00fastav Akademie v\u011bd \u010cR, v.v.i.","og_description":"Curriculum vit\u00e6 Academic history 2012:\u00a0PhD degree, Ruhr University Bochum, Germany Employment 2012 - 2015:\u00a0Postdoctoral fellow - IES, Institute of Earth Sciences, Academia Sinica, Taiwan 2012 - 2015: Postdoctoral fellow - IES, Institute of Earth Sciences, Academia Sinica, Taiwan 2015 - 2016: Postdoctoral fellow - MOST, Department of Geosciences, National Taiwan University, Taiwan 2016 - 2018: [&hellip;]","og_url":"https:\/\/www.ig.cas.cz\/en\/contact\/staff\/cedric-legendre\/","og_site_name":"Dom\u016f","article_publisher":"https:\/\/www.facebook.com\/GFUAVCR\/","article_modified_time":"2024-01-30T09:10:52+00:00","og_image":[{"width":2500,"height":260,"url":"https:\/\/www.ig.cas.cz\/wp-content\/uploads\/2018\/01\/seismogram_header.jpg","type":"image\/jpeg"}],"twitter_card":"summary_large_image","twitter_misc":{"Est. reading time":"5 minutes"},"schema":{"@context":"https:\/\/schema.org","@graph":[{"@type":"WebPage","@id":"https:\/\/www.ig.cas.cz\/en\/contact\/staff\/cedric-legendre\/","url":"https:\/\/www.ig.cas.cz\/en\/contact\/staff\/cedric-legendre\/","name":"C\u00e9dric P. Legendre - Geofyzik\u00e1ln\u00ed \u00fastav Akademie v\u011bd \u010cR, v.v.i.","isPartOf":{"@id":"https:\/\/www.ig.cas.cz\/#website"},"primaryImageOfPage":{"@id":"https:\/\/www.ig.cas.cz\/en\/contact\/staff\/cedric-legendre\/#primaryimage"},"image":{"@id":"https:\/\/www.ig.cas.cz\/en\/contact\/staff\/cedric-legendre\/#primaryimage"},"thumbnailUrl":"https:\/\/www.ig.cas.cz\/wp-content\/uploads\/2018\/01\/seismogram_header.jpg","datePublished":"2021-08-25T12:44:22+00:00","dateModified":"2024-01-30T09:10:52+00:00","breadcrumb":{"@id":"https:\/\/www.ig.cas.cz\/en\/contact\/staff\/cedric-legendre\/#breadcrumb"},"inLanguage":"en-US","potentialAction":[{"@type":"ReadAction","target":["https:\/\/www.ig.cas.cz\/en\/contact\/staff\/cedric-legendre\/"]}]},{"@type":"ImageObject","inLanguage":"en-US","@id":"https:\/\/www.ig.cas.cz\/en\/contact\/staff\/cedric-legendre\/#primaryimage","url":"https:\/\/www.ig.cas.cz\/wp-content\/uploads\/2018\/01\/seismogram_header.jpg","contentUrl":"https:\/\/www.ig.cas.cz\/wp-content\/uploads\/2018\/01\/seismogram_header.jpg","width":2500,"height":260,"caption":"Joe Parks from Berkeley, CA, Creative Commons Uve\u010fte autora 2.0 Generic"},{"@type":"BreadcrumbList","@id":"https:\/\/www.ig.cas.cz\/en\/contact\/staff\/cedric-legendre\/#breadcrumb","itemListElement":[{"@type":"ListItem","position":1,"name":"Dom\u016f","item":"https:\/\/www.ig.cas.cz\/en\/"},{"@type":"ListItem","position":2,"name":"Contacts","item":"https:\/\/www.ig.cas.cz\/en\/contact\/"},{"@type":"ListItem","position":3,"name":"Staff","item":"https:\/\/www.ig.cas.cz\/en\/contact\/staff\/"},{"@type":"ListItem","position":4,"name":"C\u00e9dric P.&nbsp;Legendre"}]},{"@type":"WebSite","@id":"https:\/\/www.ig.cas.cz\/#website","url":"https:\/\/www.ig.cas.cz\/","name":"Dom\u016f","description":"Geofyzik\u00e1ln\u00ed \u00fastav Akademie v\u011bd \u010cR, v.v.i.","potentialAction":[{"@type":"SearchAction","target":{"@type":"EntryPoint","urlTemplate":"https:\/\/www.ig.cas.cz\/?s={search_term_string}"},"query-input":{"@type":"PropertyValueSpecification","valueRequired":true,"valueName":"search_term_string"}}],"inLanguage":"en-US"}]}},"_links":{"self":[{"href":"https:\/\/www.ig.cas.cz\/en\/wp-json\/wp\/v2\/pages\/25503","targetHints":{"allow":["GET"]}}],"collection":[{"href":"https:\/\/www.ig.cas.cz\/en\/wp-json\/wp\/v2\/pages"}],"about":[{"href":"https:\/\/www.ig.cas.cz\/en\/wp-json\/wp\/v2\/types\/page"}],"author":[{"embeddable":true,"href":"https:\/\/www.ig.cas.cz\/en\/wp-json\/wp\/v2\/users\/20"}],"replies":[{"embeddable":true,"href":"https:\/\/www.ig.cas.cz\/en\/wp-json\/wp\/v2\/comments?post=25503"}],"version-history":[{"count":0,"href":"https:\/\/www.ig.cas.cz\/en\/wp-json\/wp\/v2\/pages\/25503\/revisions"}],"up":[{"embeddable":true,"href":"https:\/\/www.ig.cas.cz\/en\/wp-json\/wp\/v2\/pages\/416"}],"wp:featuredmedia":[{"embeddable":true,"href":"https:\/\/www.ig.cas.cz\/en\/wp-json\/wp\/v2\/media\/13066"}],"wp:attachment":[{"href":"https:\/\/www.ig.cas.cz\/en\/wp-json\/wp\/v2\/media?parent=25503"}],"wp:term":[{"taxonomy":"category","embeddable":true,"href":"https:\/\/www.ig.cas.cz\/en\/wp-json\/wp\/v2\/categories?post=25503"},{"taxonomy":"post_tag","embeddable":true,"href":"https:\/\/www.ig.cas.cz\/en\/wp-json\/wp\/v2\/tags?post=25503"}],"curies":[{"name":"wp","href":"https:\/\/api.w.org\/{rel}","templated":true}]}}