{"id":25618,"date":"2021-09-03T11:43:34","date_gmt":"2021-09-03T09:43:34","guid":{"rendered":"https:\/\/www.ig.cas.cz\/?page_id=25618"},"modified":"2024-11-28T16:01:17","modified_gmt":"2024-11-28T15:01:17","slug":"gregory-ruetenik","status":"publish","type":"page","link":"https:\/\/www.ig.cas.cz\/en\/contact\/staff\/gregory-ruetenik\/","title":{"rendered":"Gregory Ruetenik"},"content":{"rendered":"<p>[et_pb_section fb_built=&#8221;1&#8243; _builder_version=&#8221;4.16&#8243; custom_padding=&#8221;0px|0px|0px|0px&#8221; global_colors_info=&#8221;{}&#8221;][et_pb_row column_structure=&#8221;2_3,1_3&#8243; _builder_version=&#8221;4.16&#8243; background_size=&#8221;initial&#8221; background_position=&#8221;top_left&#8221; background_repeat=&#8221;repeat&#8221; custom_padding=&#8221;15px|0px|0px|0px&#8221; global_colors_info=&#8221;{}&#8221;][et_pb_column type=&#8221;2_3&#8243; _builder_version=&#8221;4.16&#8243; custom_padding=&#8221;|||&#8221; global_colors_info=&#8221;{}&#8221; custom_padding__hover=&#8221;|||&#8221;][et_pb_text _builder_version=&#8221;4.16&#8243; global_colors_info=&#8221;{}&#8221;]<\/p>\n<p style=\"text-align: justify;\"><span><strong>Gregory Ruetenik<\/strong> <\/span><span>studies the manifestations of deep Earth processes and climate through<br \/>surface process modelling.<\/span><\/p>\n<p><span>Some key research interests are:<br \/> <\/span><\/p>\n<ul>\n<li>The Influence of dynamic topography and geodynamic processes on surface evolution.<br \/>Currently investigating the influence of dynamic topography and long-lived gravity anomalies in<br \/>central Australia on large-scale drainage reorganization.<\/li>\n<li>Coupling sea level and surface process models. Currently investigating the role of sediment redistribution on sea level on active margins.<\/li>\n<li>Topographic analysis using digital elevation models, and development of open source tools for<br \/>tectonic geomorphology.<\/li>\n<li>Optimization problems related to landscape evolution modelling.<\/li>\n<\/ul>\n<p><span><\/span><\/p>\n<p><span><\/span><\/p>\n<p>[\/et_pb_text][\/et_pb_column][et_pb_column type=&#8221;1_3&#8243; _builder_version=&#8221;4.16&#8243; custom_padding=&#8221;|||&#8221; global_colors_info=&#8221;{}&#8221; custom_padding__hover=&#8221;|||&#8221;][et_pb_image src=&#8221;https:\/\/www.ig.cas.cz\/wp-content\/uploads\/2021\/09\/greg.jpg&#8221; title_text=&#8221;Greg&#8221; show_in_lightbox=&#8221;on&#8221; align_tablet=&#8221;center&#8221; align_phone=&#8221;&#8221; align_last_edited=&#8221;on|desktop&#8221; _builder_version=&#8221;4.16&#8243; global_colors_info=&#8221;{}&#8221;][\/et_pb_image][et_pb_text _builder_version=&#8221;4.16&#8243; global_colors_info=&#8221;{}&#8221;]<\/p>\n<h3 style=\"text-align: center;\"><strong>Gregory Ruetenik,\u00a0Ph.D.<\/strong><\/h3>\n<p style=\"text-align: center;\">researcher<br \/>Surface Processes &amp; Palaeoclimate team<br \/><a href=\"mailto:warsitzka@ig.cas.cz\">ruetenik@ig.cas.cz<\/a><br \/>+420\u00a0267\u00a0103&nbsp;362<\/p>\n<p>[\/et_pb_text][\/et_pb_column][\/et_pb_row][et_pb_row _builder_version=&#8221;4.16&#8243; custom_padding=&#8221;21px|0px|28.95px|0px||&#8221; global_colors_info=&#8221;{}&#8221;][et_pb_column type=&#8221;4_4&#8243; _builder_version=&#8221;4.16&#8243; custom_padding=&#8221;|||&#8221; global_colors_info=&#8221;{}&#8221; custom_padding__hover=&#8221;|||&#8221;][et_pb_text _builder_version=&#8221;4.24.2&#8243; hover_enabled=&#8221;0&#8243; global_colors_info=&#8221;{}&#8221; sticky_enabled=&#8221;0&#8243;]<\/p>\n<h3><strong>Publications<\/strong><\/h3>\n<p>&nbsp;<\/p>\n<ul>\n<li>Ruetenik, G.A., Jansen, J.D. and Sandiford, M., 2024. Surface uplift due to time\u2010varying elastic thickness in continental interiors.<em> Geophysical Research Letters<\/em><\/li>\n<li>Ruetenik, G.A., Ferrier, K.L. and Marc, O., 2024. Decadal-scale decay of landslide-derived fluvial suspended sediment after Typhoon Morakot. <em>Earth Surface Dynamics<\/em><\/li>\n<li>Ruetenik, G. A., Jansen, J. D., Val, P.&nbsp;&amp; Yl\u00e4-Mella, L., Optimising global landscape evolution models with 10Be, <em>Earth Surface Dynamics<\/em>, 11, 865\u2013880 (2023)<\/li>\n<li>Ruetenik, G. A., 2022. Introducing RiverProfileApp, a&nbsp;web application for near-global, exploratory, longitudinal river profile analysis. <em>International Journal of Digital Earth, 15(1)<\/em>, pp.679-689.<\/li>\n<li>Hu, K., Fang, X., Ferrier, K. L., Granger, D. E., Zhao, Z., &amp; Ruetenik, G. A. (2021). Covariation of cross-divide differences in denudation rate and \u03c7: Implications for drainage basin reorganization in the Qilian Shan, northeast Tibet. Earth and Planetary Science Letters<\/li>\n<li>Ruetenik, G. A., Ferrier, K. L., Creveling, J. R., &amp; Fox, M. (2020). Sea-level responses to rapid sediment erosion and deposition in Taiwan. <em>Earth and Planetary Science Letters<\/em>, <em>538<\/em>, 116198.<\/li>\n<li>Ruetenik, G., Moucha, R., &amp; de Boer, B. (2019). Deformation in response to landscape evolution during glacial cycles on the US Atlantic passive margin. <em>Earth and Planetary Science Letters<\/em>, <em>526<\/em>, 115759.<\/li>\n<li>Ferrier, K.L., van der Wal, W., Ruetenik, G.A. &amp; Stocchi, P., 2019. The importance of sediment in sea-level change. <em>Past Global Changes<\/em>, <em>27<\/em>(1), pp.24-25.<\/li>\n<li>Nie, J., Ruetenik, G., Gallagher, K., Hoke, G., Garzione, C. N., Wang, W., &#8230; &amp; Liu, S. (2018). Rapid incision of the Mekong River in the middle Miocene linked to monsoonal precipitation. <em>Nature Geoscience<\/em>, <em>11<\/em>(12), 944-948.<\/li>\n<li>Ruetenik, G. A., Hoke, G. D., Moucha, R., &amp; Val, P.&nbsp;(2018). Regional landscape response to thrust belt dynamics: The Iglesia basin, Argentina. <em>Basin Research<\/em>, <em>30<\/em>(6), 1141-1154.<\/li>\n<li>Moucha, R. &amp; Ruetenik, G.A., 2017. Interplay between dynamic topography and flexure along the US Atlantic passive margin: Insights from landscape evolution modeling. <em>Global and Planetary Change<\/em>, <em>149<\/em>, pp.72-78.<\/li>\n<li>Ruetenik, G.A., Moucha, R. &amp; Hoke, G.D., 2016. Landscape response to changes in dynamic topography. <em>Terra Nova<\/em>, <em>28<\/em>(4), pp.289-296.<\/li>\n<\/ul>\n<p>[\/et_pb_text][\/et_pb_column][\/et_pb_row][\/et_pb_section]<\/p>\n","protected":false},"excerpt":{"rendered":"<p>Gregory Ruetenik studies the manifestations of deep Earth processes and climate throughsurface process modelling. Some key research interests are: The Influence of dynamic topography and geodynamic processes on surface evolution.Currently investigating the influence of dynamic topography and long-lived gravity anomalies incentral Australia on large-scale drainage reorganization. Coupling sea level and surface process models. Currently investigating [&hellip;]<\/p>\n","protected":false},"author":2,"featured_media":12002,"parent":416,"menu_order":0,"comment_status":"closed","ping_status":"closed","template":"","meta":{"_et_pb_use_builder":"on","_et_pb_old_content":"","_et_gb_content_width":"","footnotes":""},"categories":[],"tags":[127],"class_list":["post-25618","page","type-page","status-publish","has-post-thumbnail","hentry","tag-people-en"],"yoast_head":"<!-- This site is optimized with the Yoast SEO plugin v25.9 - https:\/\/yoast.com\/wordpress\/plugins\/seo\/ -->\n<title>Gregory Ruetenik - Geofyzik\u00e1ln\u00ed \u00fastav Akademie v\u011bd \u010cR, v.v.i.<\/title>\n<meta name=\"robots\" content=\"index, follow, max-snippet:-1, max-image-preview:large, max-video-preview:-1\" \/>\n<link rel=\"canonical\" href=\"https:\/\/www.ig.cas.cz\/en\/contact\/staff\/gregory-ruetenik\/\" \/>\n<meta property=\"og:locale\" content=\"en_US\" \/>\n<meta property=\"og:type\" content=\"article\" \/>\n<meta property=\"og:title\" content=\"Gregory Ruetenik - Geofyzik\u00e1ln\u00ed \u00fastav Akademie v\u011bd \u010cR, v.v.i.\" \/>\n<meta property=\"og:description\" content=\"Gregory Ruetenik studies the manifestations of deep Earth processes and climate throughsurface process modelling. Some key research interests are: The Influence of dynamic topography and geodynamic processes on surface evolution.Currently investigating the influence of dynamic topography and long-lived gravity anomalies incentral Australia on large-scale drainage reorganization. Coupling sea level and surface process models. Currently investigating [&hellip;]\" \/>\n<meta property=\"og:url\" content=\"https:\/\/www.ig.cas.cz\/en\/contact\/staff\/gregory-ruetenik\/\" \/>\n<meta property=\"og:site_name\" content=\"Dom\u016f\" \/>\n<meta property=\"article:publisher\" content=\"https:\/\/www.facebook.com\/GFUAVCR\/\" \/>\n<meta property=\"article:modified_time\" content=\"2024-11-28T15:01:17+00:00\" \/>\n<meta property=\"og:image\" content=\"https:\/\/www.ig.cas.cz\/wp-content\/uploads\/2018\/01\/mapa_geologicka.jpg\" \/>\n\t<meta property=\"og:image:width\" content=\"2500\" \/>\n\t<meta property=\"og:image:height\" content=\"260\" \/>\n\t<meta property=\"og:image:type\" content=\"image\/jpeg\" \/>\n<meta name=\"twitter:card\" content=\"summary_large_image\" \/>\n<meta name=\"twitter:label1\" content=\"Est. reading time\" \/>\n\t<meta name=\"twitter:data1\" content=\"3 minutes\" \/>\n<script type=\"application\/ld+json\" class=\"yoast-schema-graph\">{\"@context\":\"https:\/\/schema.org\",\"@graph\":[{\"@type\":\"WebPage\",\"@id\":\"https:\/\/www.ig.cas.cz\/en\/contact\/staff\/gregory-ruetenik\/\",\"url\":\"https:\/\/www.ig.cas.cz\/en\/contact\/staff\/gregory-ruetenik\/\",\"name\":\"Gregory Ruetenik - Geofyzik\u00e1ln\u00ed \u00fastav Akademie v\u011bd \u010cR, v.v.i.\",\"isPartOf\":{\"@id\":\"https:\/\/www.ig.cas.cz\/#website\"},\"primaryImageOfPage\":{\"@id\":\"https:\/\/www.ig.cas.cz\/en\/contact\/staff\/gregory-ruetenik\/#primaryimage\"},\"image\":{\"@id\":\"https:\/\/www.ig.cas.cz\/en\/contact\/staff\/gregory-ruetenik\/#primaryimage\"},\"thumbnailUrl\":\"https:\/\/www.ig.cas.cz\/wp-content\/uploads\/2018\/01\/mapa_geologicka.jpg\",\"datePublished\":\"2021-09-03T09:43:34+00:00\",\"dateModified\":\"2024-11-28T15:01:17+00:00\",\"breadcrumb\":{\"@id\":\"https:\/\/www.ig.cas.cz\/en\/contact\/staff\/gregory-ruetenik\/#breadcrumb\"},\"inLanguage\":\"en-US\",\"potentialAction\":[{\"@type\":\"ReadAction\",\"target\":[\"https:\/\/www.ig.cas.cz\/en\/contact\/staff\/gregory-ruetenik\/\"]}]},{\"@type\":\"ImageObject\",\"inLanguage\":\"en-US\",\"@id\":\"https:\/\/www.ig.cas.cz\/en\/contact\/staff\/gregory-ruetenik\/#primaryimage\",\"url\":\"https:\/\/www.ig.cas.cz\/wp-content\/uploads\/2018\/01\/mapa_geologicka.jpg\",\"contentUrl\":\"https:\/\/www.ig.cas.cz\/wp-content\/uploads\/2018\/01\/mapa_geologicka.jpg\",\"width\":2500,\"height\":260},{\"@type\":\"BreadcrumbList\",\"@id\":\"https:\/\/www.ig.cas.cz\/en\/contact\/staff\/gregory-ruetenik\/#breadcrumb\",\"itemListElement\":[{\"@type\":\"ListItem\",\"position\":1,\"name\":\"Dom\u016f\",\"item\":\"https:\/\/www.ig.cas.cz\/en\/\"},{\"@type\":\"ListItem\",\"position\":2,\"name\":\"Contacts\",\"item\":\"https:\/\/www.ig.cas.cz\/en\/contact\/\"},{\"@type\":\"ListItem\",\"position\":3,\"name\":\"Staff\",\"item\":\"https:\/\/www.ig.cas.cz\/en\/contact\/staff\/\"},{\"@type\":\"ListItem\",\"position\":4,\"name\":\"Gregory Ruetenik\"}]},{\"@type\":\"WebSite\",\"@id\":\"https:\/\/www.ig.cas.cz\/#website\",\"url\":\"https:\/\/www.ig.cas.cz\/\",\"name\":\"Dom\u016f\",\"description\":\"Geofyzik\u00e1ln\u00ed \u00fastav Akademie v\u011bd \u010cR, v.v.i.\",\"potentialAction\":[{\"@type\":\"SearchAction\",\"target\":{\"@type\":\"EntryPoint\",\"urlTemplate\":\"https:\/\/www.ig.cas.cz\/?s={search_term_string}\"},\"query-input\":{\"@type\":\"PropertyValueSpecification\",\"valueRequired\":true,\"valueName\":\"search_term_string\"}}],\"inLanguage\":\"en-US\"}]}<\/script>\n<!-- \/ Yoast SEO plugin. -->","yoast_head_json":{"title":"Gregory Ruetenik - Geofyzik\u00e1ln\u00ed \u00fastav Akademie v\u011bd \u010cR, v.v.i.","robots":{"index":"index","follow":"follow","max-snippet":"max-snippet:-1","max-image-preview":"max-image-preview:large","max-video-preview":"max-video-preview:-1"},"canonical":"https:\/\/www.ig.cas.cz\/en\/contact\/staff\/gregory-ruetenik\/","og_locale":"en_US","og_type":"article","og_title":"Gregory Ruetenik - Geofyzik\u00e1ln\u00ed \u00fastav Akademie v\u011bd \u010cR, v.v.i.","og_description":"Gregory Ruetenik studies the manifestations of deep Earth processes and climate throughsurface process modelling. Some key research interests are: The Influence of dynamic topography and geodynamic processes on surface evolution.Currently investigating the influence of dynamic topography and long-lived gravity anomalies incentral Australia on large-scale drainage reorganization. Coupling sea level and surface process models. Currently investigating [&hellip;]","og_url":"https:\/\/www.ig.cas.cz\/en\/contact\/staff\/gregory-ruetenik\/","og_site_name":"Dom\u016f","article_publisher":"https:\/\/www.facebook.com\/GFUAVCR\/","article_modified_time":"2024-11-28T15:01:17+00:00","og_image":[{"width":2500,"height":260,"url":"https:\/\/www.ig.cas.cz\/wp-content\/uploads\/2018\/01\/mapa_geologicka.jpg","type":"image\/jpeg"}],"twitter_card":"summary_large_image","twitter_misc":{"Est. reading time":"3 minutes"},"schema":{"@context":"https:\/\/schema.org","@graph":[{"@type":"WebPage","@id":"https:\/\/www.ig.cas.cz\/en\/contact\/staff\/gregory-ruetenik\/","url":"https:\/\/www.ig.cas.cz\/en\/contact\/staff\/gregory-ruetenik\/","name":"Gregory Ruetenik - Geofyzik\u00e1ln\u00ed \u00fastav Akademie v\u011bd \u010cR, v.v.i.","isPartOf":{"@id":"https:\/\/www.ig.cas.cz\/#website"},"primaryImageOfPage":{"@id":"https:\/\/www.ig.cas.cz\/en\/contact\/staff\/gregory-ruetenik\/#primaryimage"},"image":{"@id":"https:\/\/www.ig.cas.cz\/en\/contact\/staff\/gregory-ruetenik\/#primaryimage"},"thumbnailUrl":"https:\/\/www.ig.cas.cz\/wp-content\/uploads\/2018\/01\/mapa_geologicka.jpg","datePublished":"2021-09-03T09:43:34+00:00","dateModified":"2024-11-28T15:01:17+00:00","breadcrumb":{"@id":"https:\/\/www.ig.cas.cz\/en\/contact\/staff\/gregory-ruetenik\/#breadcrumb"},"inLanguage":"en-US","potentialAction":[{"@type":"ReadAction","target":["https:\/\/www.ig.cas.cz\/en\/contact\/staff\/gregory-ruetenik\/"]}]},{"@type":"ImageObject","inLanguage":"en-US","@id":"https:\/\/www.ig.cas.cz\/en\/contact\/staff\/gregory-ruetenik\/#primaryimage","url":"https:\/\/www.ig.cas.cz\/wp-content\/uploads\/2018\/01\/mapa_geologicka.jpg","contentUrl":"https:\/\/www.ig.cas.cz\/wp-content\/uploads\/2018\/01\/mapa_geologicka.jpg","width":2500,"height":260},{"@type":"BreadcrumbList","@id":"https:\/\/www.ig.cas.cz\/en\/contact\/staff\/gregory-ruetenik\/#breadcrumb","itemListElement":[{"@type":"ListItem","position":1,"name":"Dom\u016f","item":"https:\/\/www.ig.cas.cz\/en\/"},{"@type":"ListItem","position":2,"name":"Contacts","item":"https:\/\/www.ig.cas.cz\/en\/contact\/"},{"@type":"ListItem","position":3,"name":"Staff","item":"https:\/\/www.ig.cas.cz\/en\/contact\/staff\/"},{"@type":"ListItem","position":4,"name":"Gregory Ruetenik"}]},{"@type":"WebSite","@id":"https:\/\/www.ig.cas.cz\/#website","url":"https:\/\/www.ig.cas.cz\/","name":"Dom\u016f","description":"Geofyzik\u00e1ln\u00ed \u00fastav Akademie v\u011bd \u010cR, v.v.i.","potentialAction":[{"@type":"SearchAction","target":{"@type":"EntryPoint","urlTemplate":"https:\/\/www.ig.cas.cz\/?s={search_term_string}"},"query-input":{"@type":"PropertyValueSpecification","valueRequired":true,"valueName":"search_term_string"}}],"inLanguage":"en-US"}]}},"_links":{"self":[{"href":"https:\/\/www.ig.cas.cz\/en\/wp-json\/wp\/v2\/pages\/25618","targetHints":{"allow":["GET"]}}],"collection":[{"href":"https:\/\/www.ig.cas.cz\/en\/wp-json\/wp\/v2\/pages"}],"about":[{"href":"https:\/\/www.ig.cas.cz\/en\/wp-json\/wp\/v2\/types\/page"}],"author":[{"embeddable":true,"href":"https:\/\/www.ig.cas.cz\/en\/wp-json\/wp\/v2\/users\/2"}],"replies":[{"embeddable":true,"href":"https:\/\/www.ig.cas.cz\/en\/wp-json\/wp\/v2\/comments?post=25618"}],"version-history":[{"count":1,"href":"https:\/\/www.ig.cas.cz\/en\/wp-json\/wp\/v2\/pages\/25618\/revisions"}],"predecessor-version":[{"id":40052,"href":"https:\/\/www.ig.cas.cz\/en\/wp-json\/wp\/v2\/pages\/25618\/revisions\/40052"}],"up":[{"embeddable":true,"href":"https:\/\/www.ig.cas.cz\/en\/wp-json\/wp\/v2\/pages\/416"}],"wp:featuredmedia":[{"embeddable":true,"href":"https:\/\/www.ig.cas.cz\/en\/wp-json\/wp\/v2\/media\/12002"}],"wp:attachment":[{"href":"https:\/\/www.ig.cas.cz\/en\/wp-json\/wp\/v2\/media?parent=25618"}],"wp:term":[{"taxonomy":"category","embeddable":true,"href":"https:\/\/www.ig.cas.cz\/en\/wp-json\/wp\/v2\/categories?post=25618"},{"taxonomy":"post_tag","embeddable":true,"href":"https:\/\/www.ig.cas.cz\/en\/wp-json\/wp\/v2\/tags?post=25618"}],"curies":[{"name":"wp","href":"https:\/\/api.w.org\/{rel}","templated":true}]}}