{"id":25800,"date":"2021-09-10T14:57:01","date_gmt":"2021-09-10T12:57:01","guid":{"rendered":"https:\/\/www.ig.cas.cz\/?page_id=25800"},"modified":"2023-01-30T11:06:49","modified_gmt":"2023-01-30T10:06:49","slug":"comics","status":"publish","type":"page","link":"https:\/\/www.ig.cas.cz\/en\/comics\/","title":{"rendered":"Comics"},"content":{"rendered":"<p>[et_pb_section fb_built=&#8221;1&#8243; _builder_version=&#8221;4.6.0&#8243; _module_preset=&#8221;default&#8221;][et_pb_row column_structure=&#8221;1_3,1_3,1_3&#8243; use_custom_gutter=&#8221;on&#8221; gutter_width=&#8221;2&#8243; make_equal=&#8221;on&#8221; admin_label=&#8221;\u0158\u00e1dek&#8221; module_class=&#8221;slider-box&#8221; _builder_version=&#8221;4.6.0&#8243; custom_padding=&#8221;10px|0px|10px|0px&#8221;][et_pb_column type=&#8221;1_3&#8243; _builder_version=&#8221;4.6.0&#8243; custom_padding=&#8221;|||&#8221; link_option_url=&#8221;https:\/\/www.ig.cas.cz\/en\/outreach\/comics-seismic-wave\/&#8221; custom_padding__hover=&#8221;|||&#8221;][et_pb_text module_class=&#8221;box-slider-header&#8221; _builder_version=&#8221;4.6.0&#8243; link_option_url=&#8221;https:\/\/www.ig.cas.cz\/en\/outreach\/comics-seismic-wave\/&#8221; hover_enabled=&#8221;0&#8243; sticky_enabled=&#8221;0&#8243;]<\/p>\n<p>COMICS &#8211; When the Earth Quakes &#8211; the story of a&nbsp;seismic wave<\/p>\n<p>[\/et_pb_text][et_pb_slider show_arrows=&#8221;off&#8221; show_pagination=&#8221;off&#8221; show_cta_on_mobile=&#8221;off&#8221; show_image_video_mobile=&#8221;on&#8221; _builder_version=&#8221;4.6.0&#8243; auto=&#8221;on&#8221; auto_speed=&#8221;5000&#8243; link_option_url=&#8221;https:\/\/www.ig.cas.cz\/en\/outreach\/comics-seismic-wave\/&#8221; show_inner_shadow=&#8221;off&#8221; button_text_size__hover_enabled=&#8221;off&#8221; button_one_text_size__hover_enabled=&#8221;off&#8221; button_two_text_size__hover_enabled=&#8221;off&#8221; button_text_color__hover_enabled=&#8221;off&#8221; button_one_text_color__hover_enabled=&#8221;off&#8221; button_two_text_color__hover_enabled=&#8221;off&#8221; button_border_width__hover_enabled=&#8221;off&#8221; button_one_border_width__hover_enabled=&#8221;off&#8221; button_two_border_width__hover_enabled=&#8221;off&#8221; button_border_color__hover_enabled=&#8221;off&#8221; button_one_border_color__hover_enabled=&#8221;off&#8221; button_two_border_color__hover_enabled=&#8221;off&#8221; button_border_radius__hover_enabled=&#8221;off&#8221; button_one_border_radius__hover_enabled=&#8221;off&#8221; button_two_border_radius__hover_enabled=&#8221;off&#8221; button_letter_spacing__hover_enabled=&#8221;off&#8221; button_one_letter_spacing__hover_enabled=&#8221;off&#8221; button_two_letter_spacing__hover_enabled=&#8221;off&#8221; button_bg_color__hover_enabled=&#8221;off&#8221; button_one_bg_color__hover_enabled=&#8221;off&#8221; button_two_bg_color__hover_enabled=&#8221;off&#8221;][et_pb_slide button_link=&#8221;https:\/\/www.ig.cas.cz\/en\/outreach\/comics-seismic-wave\/&#8221; button_link_2=&#8221;https:\/\/www.ig.cas.cz\/en\/outreach\/comics-seismic-wave\/&#8221; image=&#8221;https:\/\/www.ig.cas.cz\/wp-content\/uploads\/2021\/09\/dlazdice-aj-komiks1-web.png&#8221; use_bg_overlay=&#8221;off&#8221; use_text_overlay=&#8221;off&#8221; _builder_version=&#8221;4.6.0&#8243; background_color=&#8221;#ffffff&#8221; link_option_url=&#8221;https:\/\/www.ig.cas.cz\/en\/outreach\/comics-seismic-wave\/&#8221; button_text_size__hover_enabled=&#8221;off&#8221; button_one_text_size__hover_enabled=&#8221;off&#8221; button_two_text_size__hover_enabled=&#8221;off&#8221; button_text_color__hover_enabled=&#8221;off&#8221; button_one_text_color__hover_enabled=&#8221;off&#8221; button_two_text_color__hover_enabled=&#8221;off&#8221; button_border_width__hover_enabled=&#8221;off&#8221; button_one_border_width__hover_enabled=&#8221;off&#8221; button_two_border_width__hover_enabled=&#8221;off&#8221; button_border_color__hover_enabled=&#8221;off&#8221; button_one_border_color__hover_enabled=&#8221;off&#8221; button_two_border_color__hover_enabled=&#8221;off&#8221; button_border_radius__hover_enabled=&#8221;off&#8221; button_one_border_radius__hover_enabled=&#8221;off&#8221; button_two_border_radius__hover_enabled=&#8221;off&#8221; button_letter_spacing__hover_enabled=&#8221;off&#8221; button_one_letter_spacing__hover_enabled=&#8221;off&#8221; button_two_letter_spacing__hover_enabled=&#8221;off&#8221; button_bg_color__hover_enabled=&#8221;off&#8221; button_one_bg_color__hover_enabled=&#8221;off&#8221; button_two_bg_color__hover_enabled=&#8221;off&#8221; sticky_transition=&#8221;on&#8221;][\/et_pb_slide][\/et_pb_slider][\/et_pb_column][et_pb_column type=&#8221;1_3&#8243; _builder_version=&#8221;4.6.0&#8243; custom_padding=&#8221;|||&#8221; link_option_url=&#8221;https:\/\/www.ig.cas.cz\/en\/outreach\/comics-geomagnetic-field&#8221; custom_padding__hover=&#8221;|||&#8221;][et_pb_text module_class=&#8221;box-slider-header&#8221; _builder_version=&#8221;4.6.0&#8243; link_option_url=&#8221;https:\/\/www.ig.cas.cz\/en\/outreach\/comics-geomagnetic-field\/&#8221; hover_enabled=&#8221;0&#8243; sticky_enabled=&#8221;0&#8243;]<\/p>\n<p>COMICS &#8211; When the Earth Flares Up &#8211; the story of the geomagnetic field<\/p>\n<p>[\/et_pb_text][et_pb_slider show_arrows=&#8221;off&#8221; show_pagination=&#8221;off&#8221; show_cta_on_mobile=&#8221;off&#8221; show_image_video_mobile=&#8221;on&#8221; _builder_version=&#8221;4.6.0&#8243; auto=&#8221;on&#8221; auto_speed=&#8221;8000&#8243; link_option_url=&#8221;https:\/\/www.ig.cas.cz\/en\/outreach\/comics-geomagnetic-field\/&#8221; show_inner_shadow=&#8221;off&#8221; button_text_size__hover_enabled=&#8221;off&#8221; button_one_text_size__hover_enabled=&#8221;off&#8221; button_two_text_size__hover_enabled=&#8221;off&#8221; button_text_color__hover_enabled=&#8221;off&#8221; button_one_text_color__hover_enabled=&#8221;off&#8221; button_two_text_color__hover_enabled=&#8221;off&#8221; button_border_width__hover_enabled=&#8221;off&#8221; button_one_border_width__hover_enabled=&#8221;off&#8221; button_two_border_width__hover_enabled=&#8221;off&#8221; button_border_color__hover_enabled=&#8221;off&#8221; button_one_border_color__hover_enabled=&#8221;off&#8221; button_two_border_color__hover_enabled=&#8221;off&#8221; button_border_radius__hover_enabled=&#8221;off&#8221; button_one_border_radius__hover_enabled=&#8221;off&#8221; button_two_border_radius__hover_enabled=&#8221;off&#8221; button_letter_spacing__hover_enabled=&#8221;off&#8221; button_one_letter_spacing__hover_enabled=&#8221;off&#8221; button_two_letter_spacing__hover_enabled=&#8221;off&#8221; button_bg_color__hover_enabled=&#8221;off&#8221; button_one_bg_color__hover_enabled=&#8221;off&#8221; button_two_bg_color__hover_enabled=&#8221;off&#8221;][et_pb_slide button_link=&#8221;https:\/\/www.ig.cas.cz\/en\/outreach\/comics-geomagnetic-field&#8221; button_link_2=&#8221;https:\/\/www.ig.cas.cz\/en\/outreach\/comics-geomagnetic-field&#8221; image=&#8221;https:\/\/www.ig.cas.cz\/wp-content\/uploads\/2021\/09\/web-en_dlazdice2.jpg&#8221; use_bg_overlay=&#8221;off&#8221; use_text_overlay=&#8221;off&#8221; _builder_version=&#8221;4.6.0&#8243; background_color=&#8221;#ffffff&#8221; link_option_url=&#8221;https:\/\/www.ig.cas.cz\/en\/outreach\/comics-geomagnetic-field&#8221; button_text_size__hover_enabled=&#8221;off&#8221; button_one_text_size__hover_enabled=&#8221;off&#8221; button_two_text_size__hover_enabled=&#8221;off&#8221; button_text_color__hover_enabled=&#8221;off&#8221; button_one_text_color__hover_enabled=&#8221;off&#8221; button_two_text_color__hover_enabled=&#8221;off&#8221; button_border_width__hover_enabled=&#8221;off&#8221; button_one_border_width__hover_enabled=&#8221;off&#8221; button_two_border_width__hover_enabled=&#8221;off&#8221; button_border_color__hover_enabled=&#8221;off&#8221; button_one_border_color__hover_enabled=&#8221;off&#8221; button_two_border_color__hover_enabled=&#8221;off&#8221; button_border_radius__hover_enabled=&#8221;off&#8221; button_one_border_radius__hover_enabled=&#8221;off&#8221; button_two_border_radius__hover_enabled=&#8221;off&#8221; button_letter_spacing__hover_enabled=&#8221;off&#8221; button_one_letter_spacing__hover_enabled=&#8221;off&#8221; button_two_letter_spacing__hover_enabled=&#8221;off&#8221; button_bg_color__hover_enabled=&#8221;off&#8221; button_one_bg_color__hover_enabled=&#8221;off&#8221; button_two_bg_color__hover_enabled=&#8221;off&#8221; sticky_transition=&#8221;on&#8221;][\/et_pb_slide][\/et_pb_slider][\/et_pb_column][et_pb_column type=&#8221;1_3&#8243; _builder_version=&#8221;4.6.0&#8243; custom_padding=&#8221;|||&#8221; link_option_url=&#8221;https:\/\/www.ig.cas.cz\/en\/outreach\/comics-geomagnetic-field&#8221; custom_padding__hover=&#8221;|||&#8221;][et_pb_text module_class=&#8221;box-slider-header&#8221; _builder_version=&#8221;4.6.0&#8243; link_option_url=&#8221;https:\/\/www.ig.cas.cz\/en\/comics\/comics-volcano\/&#8221; hover_enabled=&#8221;0&#8243; sticky_enabled=&#8221;0&#8243;]COMICS &#8211; When the Earth Melts &#8211; the story of a&nbsp;volcano[\/et_pb_text][et_pb_slider show_arrows=&#8221;off&#8221; show_pagination=&#8221;off&#8221; show_cta_on_mobile=&#8221;off&#8221; show_image_video_mobile=&#8221;on&#8221; _builder_version=&#8221;4.6.0&#8243; auto=&#8221;on&#8221; auto_speed=&#8221;8000&#8243; link_option_url=&#8221;https:\/\/www.ig.cas.cz\/en\/comics\/comics-volcano&#8221; show_inner_shadow=&#8221;off&#8221; button_text_size__hover_enabled=&#8221;off&#8221; button_one_text_size__hover_enabled=&#8221;off&#8221; button_two_text_size__hover_enabled=&#8221;off&#8221; button_text_color__hover_enabled=&#8221;off&#8221; button_one_text_color__hover_enabled=&#8221;off&#8221; button_two_text_color__hover_enabled=&#8221;off&#8221; button_border_width__hover_enabled=&#8221;off&#8221; button_one_border_width__hover_enabled=&#8221;off&#8221; button_two_border_width__hover_enabled=&#8221;off&#8221; button_border_color__hover_enabled=&#8221;off&#8221; button_one_border_color__hover_enabled=&#8221;off&#8221; button_two_border_color__hover_enabled=&#8221;off&#8221; button_border_radius__hover_enabled=&#8221;off&#8221; button_one_border_radius__hover_enabled=&#8221;off&#8221; button_two_border_radius__hover_enabled=&#8221;off&#8221; button_letter_spacing__hover_enabled=&#8221;off&#8221; button_one_letter_spacing__hover_enabled=&#8221;off&#8221; button_two_letter_spacing__hover_enabled=&#8221;off&#8221; button_bg_color__hover_enabled=&#8221;off&#8221; button_one_bg_color__hover_enabled=&#8221;off&#8221; button_two_bg_color__hover_enabled=&#8221;off&#8221;][et_pb_slide image=&#8221;https:\/\/www.ig.cas.cz\/wp-content\/uploads\/2023\/01\/comics-3_en_komplet_domaci_stranka_01-cut-1.jpg&#8221; _builder_version=&#8221;4.6.0&#8243; _module_preset=&#8221;default&#8221; sticky_transition=&#8221;on&#8221;][\/et_pb_slide][\/et_pb_slider][\/et_pb_column][\/et_pb_row][\/et_pb_section]<\/p>\n","protected":false},"excerpt":{"rendered":"<p>COMICS &#8211; When the Earth Quakes &#8211; the story of a&nbsp;seismic wave COMICS &#8211; When the Earth Flares Up &#8211; the story of the geomagnetic field COMICS &#8211; When the Earth Melts &#8211; the story of a&nbsp;volcano<\/p>\n","protected":false},"author":2,"featured_media":18931,"parent":0,"menu_order":0,"comment_status":"closed","ping_status":"closed","template":"","meta":{"_et_pb_use_builder":"on","_et_pb_old_content":"<p>[et_pb_section fb_built=\"1\" _builder_version=\"4.6.0\" _module_preset=\"default\" global_colors_info=\"{}\"][et_pb_row column_structure=\"1_2,1_2\" use_custom_gutter=\"on\" gutter_width=\"2\" make_equal=\"on\" admin_label=\"\u0158\u00e1dek\" module_class=\"slider-box\" _builder_version=\"4.10.6\" custom_padding=\"10px|0px|10px|0px\" global_colors_info=\"{}\"][et_pb_column type=\"1_2\" _builder_version=\"4.10.6\" custom_padding=\"|||\" link_option_url=\"https:\/\/www.ig.cas.cz\/komiks-1\/\" global_colors_info=\"{}\" custom_padding__hover=\"|||\"][et_pb_text module_class=\"box-slider-header\" _builder_version=\"4.10.6\" link_option_url=\"https:\/\/www.ig.cas.cz\/komiks-1\/\" global_colors_info=\"{}\"]<\/p><p>KOMIKS - Kdy\u017e se Zem\u011b chv\u011bje, p\u0159\u00edb\u011bh seismick\u00e9 vlny<\/p><p>[\/et_pb_text][et_pb_slider show_arrows=\"off\" show_pagination=\"off\" show_cta_on_mobile=\"off\" show_image_video_mobile=\"on\" _builder_version=\"4.10.6\" auto=\"on\" auto_speed=\"5000\" link_option_url=\"https:\/\/www.ig.cas.cz\/komiks-1\/\" hover_enabled=\"0\" show_inner_shadow=\"off\" global_colors_info=\"{}\" button_text_size__hover_enabled=\"off\" button_one_text_size__hover_enabled=\"off\" button_two_text_size__hover_enabled=\"off\" button_text_color__hover_enabled=\"off\" button_one_text_color__hover_enabled=\"off\" button_two_text_color__hover_enabled=\"off\" button_border_width__hover_enabled=\"off\" button_one_border_width__hover_enabled=\"off\" button_two_border_width__hover_enabled=\"off\" button_border_color__hover_enabled=\"off\" button_one_border_color__hover_enabled=\"off\" button_two_border_color__hover_enabled=\"off\" button_border_radius__hover_enabled=\"off\" button_one_border_radius__hover_enabled=\"off\" button_two_border_radius__hover_enabled=\"off\" button_letter_spacing__hover_enabled=\"off\" button_one_letter_spacing__hover_enabled=\"off\" button_two_letter_spacing__hover_enabled=\"off\" button_bg_color__hover_enabled=\"off\" button_one_bg_color__hover_enabled=\"off\" button_two_bg_color__hover_enabled=\"off\" sticky_enabled=\"0\"][et_pb_slide button_link=\"https:\/\/www.ig.cas.cz\/komiks-1\/\" button_link_2=\"https:\/\/www.ig.cas.cz\/komiks-1\/\" image=\"https:\/\/www.ig.cas.cz\/wp-content\/uploads\/2021\/08\/web-komiks1_1.jpg\" use_bg_overlay=\"off\" use_text_overlay=\"off\" _builder_version=\"4.10.6\" background_color=\"#ffffff\" link_option_url=\"https:\/\/www.ig.cas.cz\/komiks-1\/\" hover_enabled=\"0\" db_background_url=\"https:\/\/www.ig.cas.cz\/komiksy\/\" global_colors_info=\"{}\" button_text_size__hover_enabled=\"off\" button_one_text_size__hover_enabled=\"off\" button_two_text_size__hover_enabled=\"off\" button_text_color__hover_enabled=\"off\" button_one_text_color__hover_enabled=\"off\" button_two_text_color__hover_enabled=\"off\" button_border_width__hover_enabled=\"off\" button_one_border_width__hover_enabled=\"off\" button_two_border_width__hover_enabled=\"off\" button_border_color__hover_enabled=\"off\" button_one_border_color__hover_enabled=\"off\" button_two_border_color__hover_enabled=\"off\" button_border_radius__hover_enabled=\"off\" button_one_border_radius__hover_enabled=\"off\" button_two_border_radius__hover_enabled=\"off\" button_letter_spacing__hover_enabled=\"off\" button_one_letter_spacing__hover_enabled=\"off\" button_two_letter_spacing__hover_enabled=\"off\" button_bg_color__hover_enabled=\"off\" button_one_bg_color__hover_enabled=\"off\" button_two_bg_color__hover_enabled=\"off\" sticky_transition=\"on\" sticky_enabled=\"0\"][\/et_pb_slide][\/et_pb_slider][\/et_pb_column][et_pb_column type=\"1_2\" _builder_version=\"4.10.6\" custom_padding=\"|||\" link_option_url=\"https:\/\/www.ig.cas.cz\/komiks-2\/\" global_colors_info=\"{}\" custom_padding__hover=\"|||\"][et_pb_text module_class=\"box-slider-header\" _builder_version=\"4.6.0\" global_colors_info=\"{}\"]<\/p><p>KOMIKS - Kdy\u017e se Zem\u011b rozz\u00e1\u0159\u00ed, p\u0159\u00edb\u011bh geomagnetick\u00e9ho pole<\/p><p>[\/et_pb_text][et_pb_slider show_arrows=\"off\" show_pagination=\"off\" show_cta_on_mobile=\"off\" show_image_video_mobile=\"on\" _builder_version=\"4.10.6\" auto=\"on\" auto_speed=\"8000\" link_option_url=\"https:\/\/www.ig.cas.cz\/komiks-2\/\" hover_enabled=\"0\" show_inner_shadow=\"off\" global_colors_info=\"{}\" button_text_size__hover_enabled=\"off\" button_one_text_size__hover_enabled=\"off\" button_two_text_size__hover_enabled=\"off\" button_text_color__hover_enabled=\"off\" button_one_text_color__hover_enabled=\"off\" button_two_text_color__hover_enabled=\"off\" button_border_width__hover_enabled=\"off\" button_one_border_width__hover_enabled=\"off\" button_two_border_width__hover_enabled=\"off\" button_border_color__hover_enabled=\"off\" button_one_border_color__hover_enabled=\"off\" button_two_border_color__hover_enabled=\"off\" button_border_radius__hover_enabled=\"off\" button_one_border_radius__hover_enabled=\"off\" button_two_border_radius__hover_enabled=\"off\" button_letter_spacing__hover_enabled=\"off\" button_one_letter_spacing__hover_enabled=\"off\" button_two_letter_spacing__hover_enabled=\"off\" button_bg_color__hover_enabled=\"off\" button_one_bg_color__hover_enabled=\"off\" button_two_bg_color__hover_enabled=\"off\" sticky_enabled=\"0\"][et_pb_slide button_link_2=\"https:\/\/www.ig.cas.cz\/komiks-2\/\" image=\"https:\/\/www.ig.cas.cz\/wp-content\/uploads\/2021\/08\/web_komiks2_1.jpg\" use_bg_overlay=\"off\" use_text_overlay=\"off\" _builder_version=\"4.10.6\" background_color=\"#ffffff\" link_option_url=\"https:\/\/www.ig.cas.cz\/komiks-2\/\" hover_enabled=\"0\" global_colors_info=\"{}\" button_text_size__hover_enabled=\"off\" button_one_text_size__hover_enabled=\"off\" button_two_text_size__hover_enabled=\"off\" button_text_color__hover_enabled=\"off\" button_one_text_color__hover_enabled=\"off\" button_two_text_color__hover_enabled=\"off\" button_border_width__hover_enabled=\"off\" button_one_border_width__hover_enabled=\"off\" button_two_border_width__hover_enabled=\"off\" button_border_color__hover_enabled=\"off\" button_one_border_color__hover_enabled=\"off\" button_two_border_color__hover_enabled=\"off\" button_border_radius__hover_enabled=\"off\" button_one_border_radius__hover_enabled=\"off\" button_two_border_radius__hover_enabled=\"off\" button_letter_spacing__hover_enabled=\"off\" button_one_letter_spacing__hover_enabled=\"off\" button_two_letter_spacing__hover_enabled=\"off\" button_bg_color__hover_enabled=\"off\" button_one_bg_color__hover_enabled=\"off\" button_two_bg_color__hover_enabled=\"off\" sticky_transition=\"on\" sticky_enabled=\"0\"][\/et_pb_slide][\/et_pb_slider][\/et_pb_column][\/et_pb_row][\/et_pb_section]<\/p>","_et_gb_content_width":"","footnotes":""},"categories":[],"tags":[135],"class_list":["post-25800","page","type-page","status-publish","has-post-thumbnail","hentry","tag-outreach-en"],"yoast_head":"<!-- This site is optimized with the Yoast SEO plugin v25.9 - https:\/\/yoast.com\/wordpress\/plugins\/seo\/ -->\n<title>Comics - Geofyzik\u00e1ln\u00ed \u00fastav Akademie v\u011bd \u010cR, v.v.i.<\/title>\n<meta name=\"robots\" content=\"index, follow, max-snippet:-1, max-image-preview:large, max-video-preview:-1\" \/>\n<link rel=\"canonical\" href=\"https:\/\/www.ig.cas.cz\/en\/comics\/\" \/>\n<meta property=\"og:locale\" content=\"en_US\" \/>\n<meta property=\"og:type\" content=\"article\" \/>\n<meta property=\"og:title\" content=\"Comics - Geofyzik\u00e1ln\u00ed \u00fastav Akademie v\u011bd \u010cR, v.v.i.\" \/>\n<meta property=\"og:description\" content=\"COMICS - When the Earth Quakes - the story of a seismic wave COMICS - When the Earth Flares Up - the story of the geomagnetic field COMICS - When the Earth Melts - the story of a volcano\" \/>\n<meta property=\"og:url\" content=\"https:\/\/www.ig.cas.cz\/en\/comics\/\" \/>\n<meta property=\"og:site_name\" content=\"Dom\u016f\" \/>\n<meta property=\"article:publisher\" content=\"https:\/\/www.facebook.com\/GFUAVCR\/\" \/>\n<meta property=\"article:modified_time\" content=\"2023-01-30T10:06:49+00:00\" \/>\n<meta property=\"og:image\" content=\"https:\/\/www.ig.cas.cz\/wp-content\/uploads\/2020\/07\/komiks2.jpg\" \/>\n\t<meta property=\"og:image:width\" content=\"2000\" \/>\n\t<meta property=\"og:image:height\" content=\"476\" \/>\n\t<meta property=\"og:image:type\" content=\"image\/jpeg\" \/>\n<meta name=\"twitter:card\" content=\"summary_large_image\" \/>\n<meta name=\"twitter:label1\" content=\"Est. reading time\" \/>\n\t<meta name=\"twitter:data1\" content=\"6 minutes\" \/>\n<script type=\"application\/ld+json\" class=\"yoast-schema-graph\">{\"@context\":\"https:\/\/schema.org\",\"@graph\":[{\"@type\":\"WebPage\",\"@id\":\"https:\/\/www.ig.cas.cz\/en\/comics\/\",\"url\":\"https:\/\/www.ig.cas.cz\/en\/comics\/\",\"name\":\"Comics - Geofyzik\u00e1ln\u00ed \u00fastav Akademie v\u011bd \u010cR, v.v.i.\",\"isPartOf\":{\"@id\":\"https:\/\/www.ig.cas.cz\/#website\"},\"primaryImageOfPage\":{\"@id\":\"https:\/\/www.ig.cas.cz\/en\/comics\/#primaryimage\"},\"image\":{\"@id\":\"https:\/\/www.ig.cas.cz\/en\/comics\/#primaryimage\"},\"thumbnailUrl\":\"https:\/\/www.ig.cas.cz\/wp-content\/uploads\/2020\/07\/komiks2.jpg\",\"datePublished\":\"2021-09-10T12:57:01+00:00\",\"dateModified\":\"2023-01-30T10:06:49+00:00\",\"breadcrumb\":{\"@id\":\"https:\/\/www.ig.cas.cz\/en\/comics\/#breadcrumb\"},\"inLanguage\":\"en-US\",\"potentialAction\":[{\"@type\":\"ReadAction\",\"target\":[\"https:\/\/www.ig.cas.cz\/en\/comics\/\"]}]},{\"@type\":\"ImageObject\",\"inLanguage\":\"en-US\",\"@id\":\"https:\/\/www.ig.cas.cz\/en\/comics\/#primaryimage\",\"url\":\"https:\/\/www.ig.cas.cz\/wp-content\/uploads\/2020\/07\/komiks2.jpg\",\"contentUrl\":\"https:\/\/www.ig.cas.cz\/wp-content\/uploads\/2020\/07\/komiks2.jpg\",\"width\":2000,\"height\":476},{\"@type\":\"BreadcrumbList\",\"@id\":\"https:\/\/www.ig.cas.cz\/en\/comics\/#breadcrumb\",\"itemListElement\":[{\"@type\":\"ListItem\",\"position\":1,\"name\":\"Dom\u016f\",\"item\":\"https:\/\/www.ig.cas.cz\/en\/\"},{\"@type\":\"ListItem\",\"position\":2,\"name\":\"Comics\"}]},{\"@type\":\"WebSite\",\"@id\":\"https:\/\/www.ig.cas.cz\/#website\",\"url\":\"https:\/\/www.ig.cas.cz\/\",\"name\":\"Dom\u016f\",\"description\":\"Geofyzik\u00e1ln\u00ed \u00fastav Akademie v\u011bd \u010cR, v.v.i.\",\"potentialAction\":[{\"@type\":\"SearchAction\",\"target\":{\"@type\":\"EntryPoint\",\"urlTemplate\":\"https:\/\/www.ig.cas.cz\/?s={search_term_string}\"},\"query-input\":{\"@type\":\"PropertyValueSpecification\",\"valueRequired\":true,\"valueName\":\"search_term_string\"}}],\"inLanguage\":\"en-US\"}]}<\/script>\n<!-- \/ Yoast SEO plugin. -->","yoast_head_json":{"title":"Comics - Geofyzik\u00e1ln\u00ed \u00fastav Akademie v\u011bd \u010cR, v.v.i.","robots":{"index":"index","follow":"follow","max-snippet":"max-snippet:-1","max-image-preview":"max-image-preview:large","max-video-preview":"max-video-preview:-1"},"canonical":"https:\/\/www.ig.cas.cz\/en\/comics\/","og_locale":"en_US","og_type":"article","og_title":"Comics - Geofyzik\u00e1ln\u00ed \u00fastav Akademie v\u011bd \u010cR, v.v.i.","og_description":"COMICS - When the Earth Quakes - the story of a seismic wave COMICS - When the Earth Flares Up - the story of the geomagnetic field COMICS - When the Earth Melts - the story of a volcano","og_url":"https:\/\/www.ig.cas.cz\/en\/comics\/","og_site_name":"Dom\u016f","article_publisher":"https:\/\/www.facebook.com\/GFUAVCR\/","article_modified_time":"2023-01-30T10:06:49+00:00","og_image":[{"width":2000,"height":476,"url":"https:\/\/www.ig.cas.cz\/wp-content\/uploads\/2020\/07\/komiks2.jpg","type":"image\/jpeg"}],"twitter_card":"summary_large_image","twitter_misc":{"Est. reading time":"6 minutes"},"schema":{"@context":"https:\/\/schema.org","@graph":[{"@type":"WebPage","@id":"https:\/\/www.ig.cas.cz\/en\/comics\/","url":"https:\/\/www.ig.cas.cz\/en\/comics\/","name":"Comics - Geofyzik\u00e1ln\u00ed \u00fastav Akademie v\u011bd \u010cR, v.v.i.","isPartOf":{"@id":"https:\/\/www.ig.cas.cz\/#website"},"primaryImageOfPage":{"@id":"https:\/\/www.ig.cas.cz\/en\/comics\/#primaryimage"},"image":{"@id":"https:\/\/www.ig.cas.cz\/en\/comics\/#primaryimage"},"thumbnailUrl":"https:\/\/www.ig.cas.cz\/wp-content\/uploads\/2020\/07\/komiks2.jpg","datePublished":"2021-09-10T12:57:01+00:00","dateModified":"2023-01-30T10:06:49+00:00","breadcrumb":{"@id":"https:\/\/www.ig.cas.cz\/en\/comics\/#breadcrumb"},"inLanguage":"en-US","potentialAction":[{"@type":"ReadAction","target":["https:\/\/www.ig.cas.cz\/en\/comics\/"]}]},{"@type":"ImageObject","inLanguage":"en-US","@id":"https:\/\/www.ig.cas.cz\/en\/comics\/#primaryimage","url":"https:\/\/www.ig.cas.cz\/wp-content\/uploads\/2020\/07\/komiks2.jpg","contentUrl":"https:\/\/www.ig.cas.cz\/wp-content\/uploads\/2020\/07\/komiks2.jpg","width":2000,"height":476},{"@type":"BreadcrumbList","@id":"https:\/\/www.ig.cas.cz\/en\/comics\/#breadcrumb","itemListElement":[{"@type":"ListItem","position":1,"name":"Dom\u016f","item":"https:\/\/www.ig.cas.cz\/en\/"},{"@type":"ListItem","position":2,"name":"Comics"}]},{"@type":"WebSite","@id":"https:\/\/www.ig.cas.cz\/#website","url":"https:\/\/www.ig.cas.cz\/","name":"Dom\u016f","description":"Geofyzik\u00e1ln\u00ed \u00fastav Akademie v\u011bd \u010cR, v.v.i.","potentialAction":[{"@type":"SearchAction","target":{"@type":"EntryPoint","urlTemplate":"https:\/\/www.ig.cas.cz\/?s={search_term_string}"},"query-input":{"@type":"PropertyValueSpecification","valueRequired":true,"valueName":"search_term_string"}}],"inLanguage":"en-US"}]}},"_links":{"self":[{"href":"https:\/\/www.ig.cas.cz\/en\/wp-json\/wp\/v2\/pages\/25800","targetHints":{"allow":["GET"]}}],"collection":[{"href":"https:\/\/www.ig.cas.cz\/en\/wp-json\/wp\/v2\/pages"}],"about":[{"href":"https:\/\/www.ig.cas.cz\/en\/wp-json\/wp\/v2\/types\/page"}],"author":[{"embeddable":true,"href":"https:\/\/www.ig.cas.cz\/en\/wp-json\/wp\/v2\/users\/2"}],"replies":[{"embeddable":true,"href":"https:\/\/www.ig.cas.cz\/en\/wp-json\/wp\/v2\/comments?post=25800"}],"version-history":[{"count":0,"href":"https:\/\/www.ig.cas.cz\/en\/wp-json\/wp\/v2\/pages\/25800\/revisions"}],"wp:featuredmedia":[{"embeddable":true,"href":"https:\/\/www.ig.cas.cz\/en\/wp-json\/wp\/v2\/media\/18931"}],"wp:attachment":[{"href":"https:\/\/www.ig.cas.cz\/en\/wp-json\/wp\/v2\/media?parent=25800"}],"wp:term":[{"taxonomy":"category","embeddable":true,"href":"https:\/\/www.ig.cas.cz\/en\/wp-json\/wp\/v2\/categories?post=25800"},{"taxonomy":"post_tag","embeddable":true,"href":"https:\/\/www.ig.cas.cz\/en\/wp-json\/wp\/v2\/tags?post=25800"}],"curies":[{"name":"wp","href":"https:\/\/api.w.org\/{rel}","templated":true}]}}