{"id":26857,"date":"2022-01-04T15:53:33","date_gmt":"2022-01-04T14:53:33","guid":{"rendered":"https:\/\/www.ig.cas.cz\/?page_id=26857"},"modified":"2026-01-21T09:18:27","modified_gmt":"2026-01-21T08:18:27","slug":"tect-mod-lab","status":"publish","type":"page","link":"https:\/\/www.ig.cas.cz\/en\/observatories\/tect-mod-lab\/","title":{"rendered":"Tectonic modelling laboratory"},"content":{"rendered":"<p>[et_pb_section fb_built=&#8221;1&#8243; admin_label=&#8221;section&#8221; _builder_version=&#8221;4.16&#8243; custom_padding=&#8221;1px|||||&#8221; global_colors_info=&#8221;{}&#8221;][et_pb_row column_structure=&#8221;3_5,2_5&#8243; admin_label=&#8221;row&#8221; _builder_version=&#8221;4.16&#8243; background_color=&#8221;#ffffff&#8221; background_size=&#8221;initial&#8221; background_position=&#8221;top_left&#8221; background_repeat=&#8221;repeat&#8221; min_height=&#8221;557.4px&#8221; custom_padding=&#8221;||34px|||&#8221; global_colors_info=&#8221;{}&#8221;][et_pb_column type=&#8221;3_5&#8243; _builder_version=&#8221;4.16&#8243; custom_padding=&#8221;|||&#8221; global_colors_info=&#8221;{}&#8221; custom_padding__hover=&#8221;|||&#8221;][et_pb_text _builder_version=&#8221;4.16&#8243; _module_preset=&#8221;default&#8221; global_colors_info=&#8221;{}&#8221;]<\/p>\n<p>&nbsp;<\/p>\n<p>Most geodynamic processes take place over long geological time scales of millions of years and occur in large depths hidden from direct observation methods. These processes are mainly driven by plate motion under various aspects of convergent, divergent and strike-slip motion.<\/p>\n<p>Laboratory analogue modelling offers an approach to simulate these processes on convenient temporal and spatial scales. Complex natural prototypes are simplified and scaled down to controlled laboratory conditions such that geometries, rheologies and boundary conditions can be appropriately defined. This procedure allows us to observe and record deformation patterns and the development of various tectonic, magmatic and sedimentary phenomena. Analog modelling results can provide important data about aspects of economical and social impact. The evolution and reconstruction of geological systems are relevant for exploration purposes in hydrocarbon industry, geothermal energy resources and storage sites for waste as well as for evaluating seismic and volcanic hazards in populated regions.<\/p>\n<p><strong>We particularly focus on the investigation of orogens on a&nbsp;crustal scale, salt tectonic processes in rift basins and fold-and-thrust-belts, magmatic plumbing systems, the ascent of magmatic dykes and shear zone development<\/strong>. Our laboratory infrastructure consists of a&nbsp;number of modelling devices to simulate tectonic shortening and extension, pure and simple shear strain, magmatic intrusions and eruptions as well as sediment deposition systems. To record deformation and strain patterns, our laboratory is equipped with modern strain quantification techniques such as a&nbsp;3D digital image correlation system and anisotropy of magnetic susceptibility generated by magnetic particles aligned in the deformed material.<\/p>\n<p>[\/et_pb_text][\/et_pb_column][et_pb_column type=&#8221;2_5&#8243; _builder_version=&#8221;4.16&#8243; custom_padding=&#8221;|||&#8221; global_colors_info=&#8221;{}&#8221; custom_padding__hover=&#8221;|||&#8221;][et_pb_text _builder_version=&#8221;4.16&#8243; _module_preset=&#8221;default&#8221; global_colors_info=&#8221;{}&#8221;]<\/p>\n<p><strong>CONTACT<\/strong><\/p>\n<p><a href=\"https:\/\/www.ig.cas.cz\/en\/contact\/staff\/prokop-zavada\/\">Prokop Z\u00e1vada<\/a><\/p>\n<p><a href=\"https:\/\/www.ig.cas.cz\/en\/contact\/staff\/ondrej-kryza\/\">Ond\u0159ej Kr\u00fdza<\/a><\/p>\n<p>[\/et_pb_text][wpmf_gallery_divi items=&#8221;36655,36657,36659,36661,43226,43228,43230,43232,43234,43236,43238,43240,43242,43244,43246,43248,43250,43252&#8243; columns=&#8221;4&#8243; _builder_version=&#8221;4.27.4&#8243; _module_preset=&#8221;default&#8221; hover_enabled=&#8221;0&#8243; global_colors_info=&#8221;{}&#8221; sticky_enabled=&#8221;0&#8243;][\/wpmf_gallery_divi][\/et_pb_column][\/et_pb_row][et_pb_row column_structure=&#8221;3_4,1_4&#8243; _builder_version=&#8221;4.16&#8243; _module_preset=&#8221;default&#8221; global_colors_info=&#8221;{}&#8221;][et_pb_column type=&#8221;3_4&#8243; _builder_version=&#8221;4.16&#8243; _module_preset=&#8221;default&#8221; global_colors_info=&#8221;{}&#8221;][et_pb_toggle title=&#8221;Laboratory infrastructure&#8221; _builder_version=&#8221;4.27.4&#8243; _module_preset=&#8221;default&#8221; hover_enabled=&#8221;0&#8243; global_colors_info=&#8221;{}&#8221; sticky_enabled=&#8221;0&#8243;]<\/p>\n<h4>Modelling devices<\/h4>\n<ul>\n<li>Convergence box 2D including step motor and heating plate<\/li>\n<li>Convergence box 3D including step motor, heating plate (80&#215;60 cm) and top heating box<\/li>\n<li>Convergence box 3D (40 x 60 cm)<\/li>\n<li>Extensional box including 3 step motors<\/li>\n<li>Magma intrusion box including fluid injector<\/li>\n<li>Water tank with sediment flushing system and seismic shaking device<\/li>\n<li>Biaxial, pure shear box<\/li>\n<\/ul>\n<h4>\u00a0<\/h4>\n<h4>Monitoring devices<\/h4>\n<ul>\n<li>3D stereoscopic camera system by LaVision GmbH including Davis 10 software to perform digital image correlation<\/li>\n<li>Digital cameras Nikon D800<\/li>\n<li>Microsoft Kinect 3.0 for recording 3D surface structures<\/li>\n<li>Accelerometer<\/li>\n<\/ul>\n<h4>\u00a0<\/h4>\n<h4>Software<\/h4>\n<ul>\n<li>Davis 10 by LaVision GmbH<\/li>\n<li>Python OpenPIV<\/li>\n<li>Matlab (PIVlab, MatPIV)<\/li>\n<li>Structure from motion<\/li>\n<\/ul>\n<h4>\u00a0<\/h4>\n<h4>Analog materials<\/h4>\n<ul>\n<li>Silicone putty (Korasilon)<\/li>\n<li>Gelatine<\/li>\n<li>Plaster of Paris<\/li>\n<li>Paraffine wax<\/li>\n<li>Quartz sand<\/li>\n<li>Glass microspheres<\/li>\n<li>Sillicate Cenospheres (Fillite)<\/li>\n<li>Gypsum powder<\/li>\n<li>Wheat flour<\/li>\n<\/ul>\n<p>[\/et_pb_toggle][et_pb_toggle title=&#8221;Projects&#8221; _builder_version=&#8221;4.27.4&#8243; _module_preset=&#8221;default&#8221; hover_enabled=&#8221;0&#8243; global_colors_info=&#8221;{}&#8221; sticky_enabled=&#8221;0&#8243;]<\/p>\n<ul>\n<li>Continental rifting in Cenozoic central Europe: insights from the Eger Rift (Bohemia)<\/li>\n<li><a href=\"https:\/\/www.ig.cas.cz\/en\/observatories\/tect-mod-lab\/crustal-buckling\/\">Crustal-scale buckling in hot orogens<\/a><\/li>\n<li>Magma flow fabrics in plumbing systems<\/li>\n<li><a href=\"https:\/\/www.ig.cas.cz\/en\/observatories\/tect-mod-lab\/caprock-zagros\/\">Structure and deformation of caprock on salt diapir extrusions in the Zagros mountains (Iran)<\/a><\/li>\n<li><a href=\"https:\/\/www.ig.cas.cz\/en\/observatories\/tect-mod-lab\/granite-diapirs\/\">Fabric patterns of granite diapirs in static and dynamic conditions<\/a><\/li>\n<li>Magma extrusion in volcanic craters<\/li>\n<li><a href=\"https:\/\/www.ig.cas.cz\/en\/observatories\/tect-mod-lab\/shear-zones\/\">Development of fabrics in experimental shear zones<\/a><\/li>\n<li><a href=\"https:\/\/www.ig.cas.cz\/en\/observatories\/tect-mod-lab\/salt-tect-rift-basins\/\">Gravity-driven salt tectonics in extensional basins<\/a><\/li>\n<\/ul>\n<p>[\/et_pb_toggle][et_pb_toggle title=&#8221;Publications&#8221; _builder_version=&#8221;4.16&#8243; _module_preset=&#8221;default&#8221; global_colors_info=&#8221;{}&#8221;]<\/p>\n<h4>Papers<\/h4>\n<ul>\n<li>Jiang, Y. D., Schulmann, K., Sun, M., Weinberg, R. F., \u0160t\u00edpsk\u00e1, P., Li, P.&nbsp;F., Zhang, J., Chopin, F., Wang, S., Xia, X.P., &amp; Xiao, W. J. (2019). Structural and geochronological constraints on Devonian suprasubduction tectonic switching and Permian collisional dynamics in the Chinese Altai, Central Asia. Tectonics, 38(1), 253-280, doi: <a href=\"https:\/\/doi.org\/10.1029\/2018TC005231\">10.1029\/2018TC005231<\/a><\/li>\n<li>Kratinova, Z., Machek, M., &amp; Kusbach, V., 2010a. Fabric transpositions in granite plutons\u2014An insight from non-scaled analogue modelling. Journal of the Geological Society of India, 75(1), 267-277, doi: <a href=\"http:\/\/dx.doi.org\/10.1007%2Fs12594-010-0014-z\">10.1007\/s12594-010-0014-z<\/a><\/li>\n<li>Kratinov\u00e1, Z., Z\u00e1vada, P., Hrouda, F., &amp; Schulmann, K., 2006. Non-scaled analogue modelling of AMS development during viscous flow: a&nbsp;simulation on diapir-like structures. Tectonophysics, 418(1-2), 51-61, doi: <a href=\"https:\/\/doi.org\/10.1016\/j.tecto.2005.12.013\">10.1016\/j.tecto.2005.12.013<\/a><\/li>\n<li>Kr\u00fdza, O., Lexa, O., Schulmann, K., Guy, A., Gapais, D., Cosgrove, J., &amp; Xiao, W. (2021). Oroclinal buckling and associated lithospheric-scale material flow\u2013insights from physical modelling: Implication for the Mongol-Hingan orocline.\u00a0Tectonophysics,\u00a0800, 228712, doi: <a href=\"https:\/\/doi.org\/10.1016\/j.tecto.2020.228712\">10.1016\/j.tecto.2020.228712<\/a><\/li>\n<li>Kr\u00fdza, O., Z\u00e1vada, P., &amp; Lexa, O., 2019. Advanced strain and mass transfer analysis in crustal-scale oroclinal buckling and detachment folding analogue models. Tectonophysics, 764, 88-109.&nbsp;doi: 10.1016\/j.tecto.2019.05.001.<\/li>\n<li>Kusbach, V. K., Machek, M., Roxerov\u00e1, Z., Racek, M., &amp; Silva, P.&nbsp;F., 2019.\u00a0Localization effect on AMS fabric revealed by microstructural evidence across small-scale shear zone in marble.\u00a0Sci Rep\u00a09,\u00a017483, doi:<a href=\"https:\/\/www.nature.com\/articles\/s41598-019-53794-y\">\u00a010.1038\/s41598-019-53794-y<\/a><\/li>\n<li>Lehmann, J., Schulmann, K., Lexa, O., Z\u00e1vada, P., \u0160t\u00edpsk\u00e1, P., Hasalov\u00e1, P., Belyanin, G., &amp; Corsini, M., 2017. Detachment folding of partially molten crust in accretionary orogens: A&nbsp;new magma-enhanced vertical mass and heat transfer mechanism: Lithosphere, v. 9, no. 6, p.&nbsp;889\u2013909, doi: <a href=\"https:\/\/doi.org\/10.1130\/l670.1\">10.1130\/L670.1<\/a><\/li>\n<li>Machek, M., Z\u00e1vada, P., Roxerov\u00e1, Z., Petrovsk\u00fd, E., \u0160pi\u010d\u00e1k, A., &amp;\u00a0Kusbach, V., 2019. Crystal mush flow in small concentrically expanded\u00a0pluton (Castle Crags pluton; Klamath Mountains, CA, USA).\u00a0Geochemistry,\u00a0Geophysics, Geosystems, 20, 1954\u2013 1974, doi: <a href=\"https:\/\/doi.org\/10.1029\/2018GC008018\">10.1029\/2018GC008018<\/a><\/li>\n<li>Warsitzka, M., Z\u00e1vada, P., J\u00e4hne-Klingberg, F., &amp; Krzywiec, P., 2021. Contribution of gravity gliding in salt-bearing rift basins \u2013 a&nbsp;new experimental setup for simulating salt tectonics under the influence of sub-salt extension and tilting, Solid Earth, 12, 1987\u20132020, doi: <a href=\"https:\/\/doi.org\/10.5194\/se-12-1987-2021\">10.5194\/se-12-1987-2021<\/a><\/li>\n<li>Warsitzka, M., Z\u00e1vada, P., Kr\u00fdza, O., Pohlenz, A., &amp; Rosenau, M., 2021. Ring-shear test data of quartz sand \u2013 silicate cenospheres mixtures used for analogue experiments at the Institute of Geophysics of the Czech Academy of Science, Prague. V. 1. GFZ Data Services. doi: <a href=\"https:\/\/dataservices.gfz-potsdam.de\/panmetaworks\/showshort.php?id=37103c6f-0b1f-11ec-9603-497c92695674\">10.5880\/fidgeo.2021.024<\/a><\/li>\n<li>Warsitzka, M., Z\u00e1vada, P., Pohlenz, A., &amp; Rosenau, M., 2018. Ring-shear test data of quartz sand used for analogue experiments in the laboratory of the Institute of Geophysics of the Czech Academy of Science, Prague. GFZ Data Services. doi: <a href=\"https:\/\/dataservices.gfz-potsdam.de\/panmetaworks\/showshort.php?id=escidoc:4546901\">10.5880\/GFZ.4.1.2019.008<\/a><\/li>\n<li>Z\u00e1vada, P., D\u011bde\u010dek, P., Lexa, J., &amp; Keller, G., 2015. Devils Tower (Wyoming, USA): A&nbsp;lava coul\u00e9e emplaced into a&nbsp;maar-diatreme volcano?: Geosphere, v. 11, no. 2, p.&nbsp;354\u2013375, doi: <a href=\"https:\/\/doi.org\/10.1130\/ges01166.1\">10.1130\/GES01166.1<\/a><\/li>\n<li>Z\u00e1vada, P., D\u011bde\u010dek, P., Mach, K., Lexa, O. &amp; Potu\u017e\u00e1k, M., 2011. Emplacement dynamics of phonolite magma into maar-diatreme structures &#8211; correlation of field, thermal modeling and AMS analogue modeling data, Journal Of Volcanology And Geothermal Research 201(1-4), 210\u2013226, doi: <a href=\"https:\/\/doi.org\/10.1016\/j.jvolgeores.2010.07.012\">10.1016\/j.jvolgeores.2010.07.012<\/a><\/li>\n<li>Z\u00e1vada, P., Kratinov\u00e1, Z., Kusbach, V., &amp; Schulmann, K., 2009. Internal fabric development in complex lava domes. Tectonophysics, 466(1-2), 101-113.&nbsp;doi: <a href=\"http:\/\/www.sciencedirect.com\/science\/article\/pii\/S0040195108003296\">10.1016\/j.tecto.2008.07.005<\/a><\/li>\n<\/ul>\n<h4>Conference contributions<\/h4>\n<ul>\n<li>Martin, S., Kavanagh, J., Z\u00e1vada, P., Galland, O., &amp; Biggin, A., 2018. Plaster and Magnets: An experimental study tracking fluid flow and surface deformation during magma intrusion in the crust. In EGU General Assembly Conference Abstracts (p.&nbsp;15352).<\/li>\n<li>Mirzaei, M., Z\u00e1vada, P., Kratinov\u00e1, Z., &amp; Machek, M., 2016. Internal fabrics in magmatic plutons emplaced in extended brittle crust \u2013 insight from analogue models with AMS (Anisotropy of Magnetic Susceptibility), In EGU General Assembly Conference Abstracts, EGU2016-17559-1, doi: <a href=\"https:\/\/ui.adsabs.harvard.edu\/abs\/2016EGUGA..1817559M\/abstract\">10.13140\/RG.2.1.4398.6322<\/a><\/li>\n<li>Warsitzka, M., Z\u00e1vada, P., J\u00e4hne-Klingberg, F., &amp; Krzywiec, P., 2021. A&nbsp;new experimental approach to assess the influence of gravity gliding on salt tectonics in rift basins, EGU General Assembly 2021, online, 19\u201330 Apr 2021, EGU21-4659, doi: 10.5194\/egusphere-egu21-4659, 2021<\/li>\n<li>Warsitzka, M., \u00a0Z\u00e1vada, P., J\u00e4hne-Klingberg, F., &amp; Krzywiec, P., 2021. A&nbsp;new analogue modelling approach integrating the effects of tectonic extension and gravity gliding on salt tectonics in rift basins, GeoMod 2021, September 19-23, Doorn, The Netherlands.<\/li>\n<li>Warsitzka, M., Z\u00e1vada, P., J\u00e4hne-Klingberg, F., and Krzywiec, P., 2021. Gravity gliding vs. gravity spreading \u2013 A&nbsp;new experimental apparatus to model salt tectonics in extensional basins, AAPG Europe workshop: Evaporite Process and Systems: Integrating Perspectives, Salzburg, Austria.<\/li>\n<\/ul>\n<h4>Data publications<\/h4>\n<ul>\n<li>Warsitzka, M., Z\u00e1vada, P., J\u00e4hne-Klingberg, F., &amp; Krzywiec, P., 2021. Analog laboratory experiments of gravity gliding in salt-bearing rift basins. PANGAEA, doi: <a href=\"https:\/\/doi.org\/10.5194\/se-12-1987-2021\">10.1594\/PANGAEA.931848<\/a><\/li>\n<li>Warsitzka, M., Z\u00e1vada, P., Kr\u00fdza, O., Pohlenz, A., &amp; Rosenau, M., 2021. Ring-shear test data of quartz sand \u2013 silicate cenospheres mixtures used for analogue experiments at the Institute of Geophysics of the Czech Academy of Science, Prague. V. 1. GFZ Data Services. doi: <a href=\"https:\/\/dataservices.gfz-potsdam.de\/panmetaworks\/showshort.php?id=37103c6f-0b1f-11ec-9603-497c92695674\">10.5880\/fidgeo.2021.024<\/a><\/li>\n<li>Warsitzka, M., Z\u00e1vada, P., Pohlenz, A., &amp; Rosenau, M., 2018. Ring-shear test data of quartz sand used for analogue experiments in the laboratory of the Institute of Geophysics of the Czech Academy of Science, Prague. GFZ Data Services. doi: <a href=\"https:\/\/dataservices.gfz-potsdam.de\/panmetaworks\/showshort.php?id=escidoc:4546901\">10.5880\/GFZ.4.1.2019.008<\/a><\/li>\n<\/ul>\n<h4>Theses<\/h4>\n<ul>\n<li>Kr\u00fdza, O. (2020) Analogue and numerical simulations of the geodynamical systems \u2013 insights from the models of the Earth collision tectonics and Martian mudflows, Charles University, Prague, PhD thesis: <a href=\"https:\/\/www.ig.cas.cz\/wp-content\/uploads\/2020\/02\/kryza_2020_ig-1-90.pdf\">https:\/\/www.ig.cas.cz\/wp-content\/uploads\/2020\/02\/kryza_2020_ig-1-90.pdf<\/a><a href=\"https:\/\/www.ig.cas.cz\/wp-content\/uploads\/2020\/02\/kryza_2020_ig-91-135.pdf\">https:\/\/www.ig.cas.cz\/wp-content\/uploads\/2020\/02\/kryza_2020_ig-91-135.pdf<\/a><a href=\"https:\/\/www.ig.cas.cz\/wp-content\/uploads\/2020\/02\/kryza_2020_ig-135-180.pdf\">https:\/\/www.ig.cas.cz\/wp-content\/uploads\/2020\/02\/kryza_2020_ig-135-180.pdf<\/a><a href=\"https:\/\/www.ig.cas.cz\/wp-content\/uploads\/2020\/02\/kryza_2020_ig-181-258.pdf\">https:\/\/www.ig.cas.cz\/wp-content\/uploads\/2020\/02\/kryza_2020_ig-181-258.pdf<\/a><\/li>\n<\/ul>\n<p>[\/et_pb_toggle][\/et_pb_column][et_pb_column type=&#8221;1_4&#8243; _builder_version=&#8221;4.16&#8243; _module_preset=&#8221;default&#8221; global_colors_info=&#8221;{}&#8221;][\/et_pb_column][\/et_pb_row][\/et_pb_section]<\/p>\n","protected":false},"excerpt":{"rendered":"<p>&nbsp; Most geodynamic processes take place over long geological time scales of millions of years and occur in large depths hidden from direct observation methods. These processes are mainly driven by plate motion under various aspects of convergent, divergent and strike-slip motion. Laboratory analogue modelling offers an approach to simulate these processes on convenient temporal [&hellip;]<\/p>\n","protected":false},"author":28,"featured_media":27086,"parent":392,"menu_order":0,"comment_status":"closed","ping_status":"closed","template":"","meta":{"_et_pb_use_builder":"on","_et_pb_old_content":"<p>\u010cesk\u00e1 region\u00e1ln\u00ed seismick\u00e1 s\u00ed\u0165 (\u010cRSS) monitoruje zem\u011bt\u0159esen\u00ed a dal\u0161\u00ed seismick\u00e9 jevy (nap\u0159. d\u016fln\u00ed ot\u0159esy a exploze v lomech) v \u010cesk\u00e9 republice, ve st\u0159edn\u00ed Evrop\u011b i ve sv\u011bt\u011b. \u010cRSS se skl\u00e1d\u00e1 z\u00a0cca\u00a0dvaceti\u00a0st\u00e1l\u00fdch \u0161irokop\u00e1smov\u00fdch seismologick\u00fdch observato\u0159\u00ed rozm\u00edst\u011bn\u00fdch v z\u00e1jmov\u00fdch oblastech v \u010cesk\u00e9 republice.<\/p><p>\u00a0<\/p><p>\u00a0<\/p>","_et_gb_content_width":"","footnotes":""},"categories":[],"tags":[126,139],"class_list":["post-26857","page","type-page","status-publish","has-post-thumbnail","hentry","tag-projects-grants","tag-research-en"],"yoast_head":"<!-- This site is optimized with the Yoast SEO plugin v25.9 - https:\/\/yoast.com\/wordpress\/plugins\/seo\/ -->\n<title>Tectonic modelling laboratory - Geofyzik\u00e1ln\u00ed \u00fastav Akademie v\u011bd \u010cR, v.v.i.<\/title>\n<meta name=\"robots\" content=\"index, follow, max-snippet:-1, max-image-preview:large, max-video-preview:-1\" \/>\n<link rel=\"canonical\" href=\"https:\/\/www.ig.cas.cz\/en\/observatories\/tect-mod-lab\/\" \/>\n<meta property=\"og:locale\" content=\"en_US\" \/>\n<meta property=\"og:type\" content=\"article\" \/>\n<meta property=\"og:title\" content=\"Tectonic modelling laboratory - Geofyzik\u00e1ln\u00ed \u00fastav Akademie v\u011bd \u010cR, v.v.i.\" \/>\n<meta property=\"og:description\" content=\"&nbsp; Most geodynamic processes take place over long geological time scales of millions of years and occur in large depths hidden from direct observation methods. These processes are mainly driven by plate motion under various aspects of convergent, divergent and strike-slip motion. Laboratory analogue modelling offers an approach to simulate these processes on convenient temporal [&hellip;]\" \/>\n<meta property=\"og:url\" content=\"https:\/\/www.ig.cas.cz\/en\/observatories\/tect-mod-lab\/\" \/>\n<meta property=\"og:site_name\" content=\"Dom\u016f\" \/>\n<meta property=\"article:publisher\" content=\"https:\/\/www.facebook.com\/GFUAVCR\/\" \/>\n<meta property=\"article:modified_time\" content=\"2026-01-21T08:18:27+00:00\" \/>\n<meta property=\"og:image\" content=\"https:\/\/www.ig.cas.cz\/wp-content\/uploads\/2022\/01\/backgroundimage_02-9-scaled.jpg\" \/>\n\t<meta property=\"og:image:width\" content=\"2880\" \/>\n\t<meta property=\"og:image:height\" content=\"314\" \/>\n\t<meta property=\"og:image:type\" content=\"image\/jpeg\" \/>\n<meta name=\"twitter:card\" content=\"summary_large_image\" \/>\n<meta name=\"twitter:label1\" content=\"Est. reading time\" \/>\n\t<meta name=\"twitter:data1\" content=\"11 minutes\" \/>\n<script type=\"application\/ld+json\" class=\"yoast-schema-graph\">{\"@context\":\"https:\/\/schema.org\",\"@graph\":[{\"@type\":\"WebPage\",\"@id\":\"https:\/\/www.ig.cas.cz\/en\/observatories\/tect-mod-lab\/\",\"url\":\"https:\/\/www.ig.cas.cz\/en\/observatories\/tect-mod-lab\/\",\"name\":\"Tectonic modelling laboratory - Geofyzik\u00e1ln\u00ed \u00fastav Akademie v\u011bd \u010cR, v.v.i.\",\"isPartOf\":{\"@id\":\"https:\/\/www.ig.cas.cz\/#website\"},\"primaryImageOfPage\":{\"@id\":\"https:\/\/www.ig.cas.cz\/en\/observatories\/tect-mod-lab\/#primaryimage\"},\"image\":{\"@id\":\"https:\/\/www.ig.cas.cz\/en\/observatories\/tect-mod-lab\/#primaryimage\"},\"thumbnailUrl\":\"https:\/\/www.ig.cas.cz\/wp-content\/uploads\/2022\/01\/backgroundimage_02-9-scaled.jpg\",\"datePublished\":\"2022-01-04T14:53:33+00:00\",\"dateModified\":\"2026-01-21T08:18:27+00:00\",\"breadcrumb\":{\"@id\":\"https:\/\/www.ig.cas.cz\/en\/observatories\/tect-mod-lab\/#breadcrumb\"},\"inLanguage\":\"en-US\",\"potentialAction\":[{\"@type\":\"ReadAction\",\"target\":[\"https:\/\/www.ig.cas.cz\/en\/observatories\/tect-mod-lab\/\"]}]},{\"@type\":\"ImageObject\",\"inLanguage\":\"en-US\",\"@id\":\"https:\/\/www.ig.cas.cz\/en\/observatories\/tect-mod-lab\/#primaryimage\",\"url\":\"https:\/\/www.ig.cas.cz\/wp-content\/uploads\/2022\/01\/backgroundimage_02-9-scaled.jpg\",\"contentUrl\":\"https:\/\/www.ig.cas.cz\/wp-content\/uploads\/2022\/01\/backgroundimage_02-9-scaled.jpg\",\"width\":2880,\"height\":314},{\"@type\":\"BreadcrumbList\",\"@id\":\"https:\/\/www.ig.cas.cz\/en\/observatories\/tect-mod-lab\/#breadcrumb\",\"itemListElement\":[{\"@type\":\"ListItem\",\"position\":1,\"name\":\"Dom\u016f\",\"item\":\"https:\/\/www.ig.cas.cz\/en\/\"},{\"@type\":\"ListItem\",\"position\":2,\"name\":\"Observatories\",\"item\":\"https:\/\/www.ig.cas.cz\/en\/observatories\/\"},{\"@type\":\"ListItem\",\"position\":3,\"name\":\"Tectonic modelling laboratory\"}]},{\"@type\":\"WebSite\",\"@id\":\"https:\/\/www.ig.cas.cz\/#website\",\"url\":\"https:\/\/www.ig.cas.cz\/\",\"name\":\"Dom\u016f\",\"description\":\"Geofyzik\u00e1ln\u00ed \u00fastav Akademie v\u011bd \u010cR, v.v.i.\",\"potentialAction\":[{\"@type\":\"SearchAction\",\"target\":{\"@type\":\"EntryPoint\",\"urlTemplate\":\"https:\/\/www.ig.cas.cz\/?s={search_term_string}\"},\"query-input\":{\"@type\":\"PropertyValueSpecification\",\"valueRequired\":true,\"valueName\":\"search_term_string\"}}],\"inLanguage\":\"en-US\"}]}<\/script>\n<!-- \/ Yoast SEO plugin. -->","yoast_head_json":{"title":"Tectonic modelling laboratory - Geofyzik\u00e1ln\u00ed \u00fastav Akademie v\u011bd \u010cR, v.v.i.","robots":{"index":"index","follow":"follow","max-snippet":"max-snippet:-1","max-image-preview":"max-image-preview:large","max-video-preview":"max-video-preview:-1"},"canonical":"https:\/\/www.ig.cas.cz\/en\/observatories\/tect-mod-lab\/","og_locale":"en_US","og_type":"article","og_title":"Tectonic modelling laboratory - Geofyzik\u00e1ln\u00ed \u00fastav Akademie v\u011bd \u010cR, v.v.i.","og_description":"&nbsp; Most geodynamic processes take place over long geological time scales of millions of years and occur in large depths hidden from direct observation methods. These processes are mainly driven by plate motion under various aspects of convergent, divergent and strike-slip motion. Laboratory analogue modelling offers an approach to simulate these processes on convenient temporal [&hellip;]","og_url":"https:\/\/www.ig.cas.cz\/en\/observatories\/tect-mod-lab\/","og_site_name":"Dom\u016f","article_publisher":"https:\/\/www.facebook.com\/GFUAVCR\/","article_modified_time":"2026-01-21T08:18:27+00:00","og_image":[{"width":2880,"height":314,"url":"https:\/\/www.ig.cas.cz\/wp-content\/uploads\/2022\/01\/backgroundimage_02-9-scaled.jpg","type":"image\/jpeg"}],"twitter_card":"summary_large_image","twitter_misc":{"Est. reading time":"11 minutes"},"schema":{"@context":"https:\/\/schema.org","@graph":[{"@type":"WebPage","@id":"https:\/\/www.ig.cas.cz\/en\/observatories\/tect-mod-lab\/","url":"https:\/\/www.ig.cas.cz\/en\/observatories\/tect-mod-lab\/","name":"Tectonic modelling laboratory - Geofyzik\u00e1ln\u00ed \u00fastav Akademie v\u011bd \u010cR, v.v.i.","isPartOf":{"@id":"https:\/\/www.ig.cas.cz\/#website"},"primaryImageOfPage":{"@id":"https:\/\/www.ig.cas.cz\/en\/observatories\/tect-mod-lab\/#primaryimage"},"image":{"@id":"https:\/\/www.ig.cas.cz\/en\/observatories\/tect-mod-lab\/#primaryimage"},"thumbnailUrl":"https:\/\/www.ig.cas.cz\/wp-content\/uploads\/2022\/01\/backgroundimage_02-9-scaled.jpg","datePublished":"2022-01-04T14:53:33+00:00","dateModified":"2026-01-21T08:18:27+00:00","breadcrumb":{"@id":"https:\/\/www.ig.cas.cz\/en\/observatories\/tect-mod-lab\/#breadcrumb"},"inLanguage":"en-US","potentialAction":[{"@type":"ReadAction","target":["https:\/\/www.ig.cas.cz\/en\/observatories\/tect-mod-lab\/"]}]},{"@type":"ImageObject","inLanguage":"en-US","@id":"https:\/\/www.ig.cas.cz\/en\/observatories\/tect-mod-lab\/#primaryimage","url":"https:\/\/www.ig.cas.cz\/wp-content\/uploads\/2022\/01\/backgroundimage_02-9-scaled.jpg","contentUrl":"https:\/\/www.ig.cas.cz\/wp-content\/uploads\/2022\/01\/backgroundimage_02-9-scaled.jpg","width":2880,"height":314},{"@type":"BreadcrumbList","@id":"https:\/\/www.ig.cas.cz\/en\/observatories\/tect-mod-lab\/#breadcrumb","itemListElement":[{"@type":"ListItem","position":1,"name":"Dom\u016f","item":"https:\/\/www.ig.cas.cz\/en\/"},{"@type":"ListItem","position":2,"name":"Observatories","item":"https:\/\/www.ig.cas.cz\/en\/observatories\/"},{"@type":"ListItem","position":3,"name":"Tectonic modelling laboratory"}]},{"@type":"WebSite","@id":"https:\/\/www.ig.cas.cz\/#website","url":"https:\/\/www.ig.cas.cz\/","name":"Dom\u016f","description":"Geofyzik\u00e1ln\u00ed \u00fastav Akademie v\u011bd \u010cR, v.v.i.","potentialAction":[{"@type":"SearchAction","target":{"@type":"EntryPoint","urlTemplate":"https:\/\/www.ig.cas.cz\/?s={search_term_string}"},"query-input":{"@type":"PropertyValueSpecification","valueRequired":true,"valueName":"search_term_string"}}],"inLanguage":"en-US"}]}},"_links":{"self":[{"href":"https:\/\/www.ig.cas.cz\/en\/wp-json\/wp\/v2\/pages\/26857","targetHints":{"allow":["GET"]}}],"collection":[{"href":"https:\/\/www.ig.cas.cz\/en\/wp-json\/wp\/v2\/pages"}],"about":[{"href":"https:\/\/www.ig.cas.cz\/en\/wp-json\/wp\/v2\/types\/page"}],"author":[{"embeddable":true,"href":"https:\/\/www.ig.cas.cz\/en\/wp-json\/wp\/v2\/users\/28"}],"replies":[{"embeddable":true,"href":"https:\/\/www.ig.cas.cz\/en\/wp-json\/wp\/v2\/comments?post=26857"}],"version-history":[{"count":4,"href":"https:\/\/www.ig.cas.cz\/en\/wp-json\/wp\/v2\/pages\/26857\/revisions"}],"predecessor-version":[{"id":43322,"href":"https:\/\/www.ig.cas.cz\/en\/wp-json\/wp\/v2\/pages\/26857\/revisions\/43322"}],"up":[{"embeddable":true,"href":"https:\/\/www.ig.cas.cz\/en\/wp-json\/wp\/v2\/pages\/392"}],"wp:featuredmedia":[{"embeddable":true,"href":"https:\/\/www.ig.cas.cz\/en\/wp-json\/wp\/v2\/media\/27086"}],"wp:attachment":[{"href":"https:\/\/www.ig.cas.cz\/en\/wp-json\/wp\/v2\/media?parent=26857"}],"wp:term":[{"taxonomy":"category","embeddable":true,"href":"https:\/\/www.ig.cas.cz\/en\/wp-json\/wp\/v2\/categories?post=26857"},{"taxonomy":"post_tag","embeddable":true,"href":"https:\/\/www.ig.cas.cz\/en\/wp-json\/wp\/v2\/tags?post=26857"}],"curies":[{"name":"wp","href":"https:\/\/api.w.org\/{rel}","templated":true}]}}