{"id":26942,"date":"2022-01-05T10:25:06","date_gmt":"2022-01-05T09:25:06","guid":{"rendered":"https:\/\/www.ig.cas.cz\/?page_id=26942"},"modified":"2023-08-21T12:12:38","modified_gmt":"2023-08-21T10:12:38","slug":"analog-lab","status":"publish","type":"page","link":"https:\/\/www.ig.cas.cz\/en\/outreach\/analog-lab\/","title":{"rendered":"Analog modelling laboratory"},"content":{"rendered":"<p>[et_pb_section fb_built=&#8221;1&#8243; admin_label=&#8221;section&#8221; _builder_version=&#8221;3.22&#8243; custom_padding=&#8221;30px|0px|0px|0px&#8221;][et_pb_row column_structure=&#8221;3_4,1_4&#8243; _builder_version=&#8221;3.25&#8243; custom_padding=&#8221;0px|0px|0px|0px&#8221;][et_pb_column type=&#8221;3_4&#8243; _builder_version=&#8221;3.25&#8243; custom_padding=&#8221;|||&#8221; custom_padding__hover=&#8221;|||&#8221;][et_pb_text _builder_version=&#8221;4.6.0&#8243;]<\/p>\n<p>Our <a href=\"https:\/\/www.ig.cas.cz\/en\/observatories\/tect-mod-lab\/\"><b>Tectonic modelling laboratory<\/b><\/a> offers access for school classes and public events, where we demonstrate interesting geological processes in interactive and visually appealing devices.<\/p>\n<p>If you would like to visit our laboratory, please send us an email.<\/p>\n<p>&nbsp;<\/p>\n<p>[\/et_pb_text][\/et_pb_column][et_pb_column type=&#8221;1_4&#8243; _builder_version=&#8221;3.25&#8243; custom_padding=&#8221;|||&#8221; custom_padding__hover=&#8221;|||&#8221;][et_pb_text _builder_version=&#8221;4.6.0&#8243; hover_enabled=&#8221;0&#8243; sticky_enabled=&#8221;0&#8243;]<\/p>\n<p><strong>Contact<\/strong><br \/><a href=\"https:\/\/www.ig.cas.cz\/en\/contact\/staff\/prokop-zavada\/\">Prokop Z\u00e1vada<\/a><br \/>zavada@ig.cas.cz<\/p>\n<p><a href=\"https:\/\/www.ig.cas.cz\/en\/contact\/staff\/ondrej-kryza\/\">Ond\u0159ej Kr\u00fdza<\/a><br \/>kryza@ig.cas.cz<\/p>\n<p><a href=\"https:\/\/www.ig.cas.cz\/en\/contact\/staff\/petr-broz\/\">Petr Bro\u017e<\/a><br \/>petr.broz@ig.cas.cz<\/p>\n<p><a href=\"https:\/\/www.ig.cas.cz\/en\/contact\/staff\/matej-machek\/\">Mat\u011bj Machek<\/a><br \/>mates@ig.cas.cz<\/p>\n<p><a href=\"https:\/\/www.ig.cas.cz\/en\/contact\/staff\/vladimir-kusbach\/\">Vladim\u00edr Kusbach<\/a><br \/>kusbach@ig.cas.cz<\/p>\n<p>&nbsp;<\/p>\n<p>&nbsp;<\/p>\n<p>&nbsp;<\/p>\n<p>&nbsp;<\/p>\n<p>[\/et_pb_text][\/et_pb_column][\/et_pb_row][et_pb_row column_structure=&#8221;3_4,1_4&#8243; _builder_version=&#8221;3.25&#8243; custom_padding=&#8221;0px|0px|0px|0px&#8221;][et_pb_column type=&#8221;3_4&#8243; _builder_version=&#8221;3.25&#8243; custom_padding=&#8221;|||&#8221; custom_padding__hover=&#8221;|||&#8221;][et_pb_image src=&#8221;https:\/\/www.ig.cas.cz\/wp-content\/uploads\/2022\/01\/platetectonicsbox-scaled.jpg&#8221; title_text=&#8221;PlateTectonicsBox&#8221; align=&#8221;center&#8221; _builder_version=&#8221;4.6.0&#8243; _module_preset=&#8221;default&#8221; width=&#8221;89.8%&#8221; max_width=&#8221;80%&#8221;][\/et_pb_image][et_pb_video src=&#8221;https:\/\/www.youtube.com\/watch?v=FvK1hc7a0Ic&#8221; thumbnail_overlay_color=&#8221;rgba(0,0,0,0.6)&#8221; _builder_version=&#8221;4.6.0&#8243; _module_preset=&#8221;default&#8221; width=&#8221;60%&#8221; max_width=&#8221;60%&#8221;][\/et_pb_video][et_pb_text _builder_version=&#8221;4.6.0&#8243;]<\/p>\n<h3>Organ barrel of plate tectonics<\/h3>\n<p>The <a href=\"https:\/\/www.europlanet-society.org\/spotlight-on-outreach-barrel-organ-of-plate-tectonics\/\">Barrel organ of plate tectonics<\/a> device is a&nbsp;unique didactical apparatus illustrating the principle of plate tectonics, the formation and subduction of oceanic crust, and the development of volcanoes in volcanic arcs and hotspots.<\/p>\n<p>[\/et_pb_text][et_pb_video src_tablet=&#8221;&#8221; src_phone=&#8221;&#8221; src_last_edited=&#8221;on|desktop&#8221; _builder_version=&#8221;4.6.0&#8243; _module_preset=&#8221;default&#8221; db_limit_youtube_related_videos_to_same_channel=&#8221;on&#8221;][\/et_pb_video][\/et_pb_column][et_pb_column type=&#8221;1_4&#8243; _builder_version=&#8221;3.25&#8243; custom_padding=&#8221;|||&#8221; custom_padding__hover=&#8221;|||&#8221;][\/et_pb_column][\/et_pb_row][et_pb_row column_structure=&#8221;3_4,1_4&#8243; _builder_version=&#8221;3.25&#8243; custom_padding=&#8221;0px|0px|0px|0px&#8221;][et_pb_column type=&#8221;3_4&#8243; _builder_version=&#8221;3.25&#8243; custom_padding=&#8221;|||&#8221; custom_padding__hover=&#8221;|||&#8221;][et_pb_image src=&#8221;https:\/\/www.ig.cas.cz\/wp-content\/uploads\/2022\/01\/phreatobox.jpg&#8221; title_text=&#8221;PhreatoBox&#8221; align=&#8221;center&#8221; _builder_version=&#8221;4.6.0&#8243; _module_preset=&#8221;default&#8221; width=&#8221;60%&#8221; max_width=&#8221;60%&#8221;][\/et_pb_image][et_pb_text _builder_version=&#8221;4.6.0&#8243;]<\/p>\n<h3>Phreatomagmatic volcano explosion (maar- diatreme)<\/h3>\n<p>The<strong> Phreatomagmatic volcano model<\/strong> employs pressurized air to eject dark sand through the cone shaped crater with colored sand layers on top. The experiment illustrates the mechanism of volcanic eruption driven by magma and water interaction in the subsurface. Specimen and outcrop of phreatomagmatic breccia, where partly rounded white clasts with dark rims represent fragments of original magma that was rapidly cooled at the contact with water in the root zone of the maar-diatrames (phonolite body Hn\u011bv\u00edn hill, Most town, Czech republic).<\/p>\n<p>[\/et_pb_text][\/et_pb_column][et_pb_column type=&#8221;1_4&#8243; _builder_version=&#8221;3.25&#8243; custom_padding=&#8221;|||&#8221; custom_padding__hover=&#8221;|||&#8221;][\/et_pb_column][\/et_pb_row][et_pb_row column_structure=&#8221;3_4,1_4&#8243; _builder_version=&#8221;3.25&#8243; custom_padding=&#8221;0px|0px|0px|0px&#8221;][et_pb_column type=&#8221;3_4&#8243; _builder_version=&#8221;3.25&#8243; custom_padding=&#8221;|||&#8221; custom_padding__hover=&#8221;|||&#8221;][et_pb_image src=&#8221;https:\/\/www.ig.cas.cz\/wp-content\/uploads\/2022\/01\/augmentedrealitybox.jpg&#8221; title_text=&#8221;AugmentedRealityBox&#8221; align=&#8221;center&#8221; _builder_version=&#8221;4.6.0&#8243; _module_preset=&#8221;default&#8221; width=&#8221;80%&#8221; max_width=&#8221;80%&#8221;][\/et_pb_image][et_pb_text _builder_version=&#8221;4.6.0&#8243;]<\/p>\n<h3>Augmented Reality Sandbox<\/h3>\n<p>In the Augmented Reality Sandbox, we use the Microsoft Kinect 3.0 detector to analyze the topography in a&nbsp;created model and project it back onto the model surface. The setup and the software was developed by UC Davis W.M. Keck Center for Active Visualization in the Earth Sciences (<a href=\"https:\/\/web.cs.ucdavis.edu\/~okreylos\/ResDev\/SARndbox\/\">KeckCAVES<\/a>).<\/p>\n<p>[\/et_pb_text][\/et_pb_column][et_pb_column type=&#8221;1_4&#8243; _builder_version=&#8221;3.25&#8243; custom_padding=&#8221;|||&#8221; custom_padding__hover=&#8221;|||&#8221;][\/et_pb_column][\/et_pb_row][et_pb_row column_structure=&#8221;3_4,1_4&#8243; _builder_version=&#8221;3.25&#8243; custom_padding=&#8221;0px|0px|0px|0px&#8221;][et_pb_column type=&#8221;3_4&#8243; _builder_version=&#8221;3.25&#8243; custom_padding=&#8221;|||&#8221; custom_padding__hover=&#8221;|||&#8221;][et_pb_image src=&#8221;https:\/\/www.ig.cas.cz\/wp-content\/uploads\/2022\/01\/scoriaconebox.jpg&#8221; title_text=&#8221;ScoriaConeBox&#8221; align=&#8221;center&#8221; _builder_version=&#8221;4.6.0&#8243; _module_preset=&#8221;default&#8221; width=&#8221;50%&#8221; max_width=&#8221;50%&#8221;][\/et_pb_image][et_pb_text _builder_version=&#8221;4.6.0&#8243;]<\/p>\n<h3>Scoria cone volcano<\/h3>\n<p>This show-case style of experiment builds up a&nbsp;volcanic cone by sand grains ejected from a&nbsp;central pipe by a&nbsp;stream of air. The background landscape of a&nbsp;monogenetic volcanic field (e.g. on Mars) was created by a&nbsp;professional artist.<\/p>\n<p>[\/et_pb_text][\/et_pb_column][et_pb_column type=&#8221;1_4&#8243; _builder_version=&#8221;3.25&#8243; custom_padding=&#8221;|||&#8221; custom_padding__hover=&#8221;|||&#8221;][\/et_pb_column][\/et_pb_row][et_pb_row _builder_version=&#8221;3.25&#8243; custom_padding=&#8221;0px|0px|28.95px|0px&#8221;][et_pb_column type=&#8221;4_4&#8243; _builder_version=&#8221;3.25&#8243; custom_padding=&#8221;|||&#8221; custom_padding__hover=&#8221;|||&#8221;][\/et_pb_column][\/et_pb_row][\/et_pb_section]<\/p>\n","protected":false},"excerpt":{"rendered":"<p>Our Tectonic modelling laboratory offers access for school classes and public events, where we demonstrate interesting geological processes in interactive and visually appealing devices. If you would like to visit our laboratory, please send us an email. &nbsp;ContactProkop Z\u00e1vadazavada@ig.cas.cz Ond\u0159ej Kr\u00fdzakryza@ig.cas.cz Petr Bro\u017epetr.broz@ig.cas.cz Mat\u011bj Machekmates@ig.cas.cz Vladim\u00edr Kusbachkusbach@ig.cas.cz &nbsp; &nbsp; &nbsp; &nbsp; Organ barrel of plate [&hellip;]<\/p>\n","protected":false},"author":28,"featured_media":27149,"parent":386,"menu_order":0,"comment_status":"closed","ping_status":"closed","template":"","meta":{"_et_pb_use_builder":"on","_et_pb_old_content":"","_et_gb_content_width":"","footnotes":""},"categories":[],"tags":[135],"class_list":["post-26942","page","type-page","status-publish","has-post-thumbnail","hentry","tag-outreach-en"],"yoast_head":"<!-- This site is optimized with the Yoast SEO plugin v25.9 - https:\/\/yoast.com\/wordpress\/plugins\/seo\/ -->\n<title>Analog modelling laboratory - Geofyzik\u00e1ln\u00ed \u00fastav Akademie v\u011bd \u010cR, v.v.i.<\/title>\n<meta name=\"robots\" content=\"index, follow, max-snippet:-1, max-image-preview:large, max-video-preview:-1\" \/>\n<link rel=\"canonical\" href=\"https:\/\/www.ig.cas.cz\/en\/outreach\/analog-lab\/\" \/>\n<meta property=\"og:locale\" content=\"en_US\" \/>\n<meta property=\"og:type\" content=\"article\" \/>\n<meta property=\"og:title\" content=\"Analog modelling laboratory - Geofyzik\u00e1ln\u00ed \u00fastav Akademie v\u011bd \u010cR, v.v.i.\" \/>\n<meta property=\"og:description\" content=\"Our Tectonic modelling laboratory offers access for school classes and public events, where we demonstrate interesting geological processes in interactive and visually appealing devices. If you would like to visit our laboratory, please send us an email. &nbsp;ContactProkop Z\u00e1vadazavada@ig.cas.cz Ond\u0159ej Kr\u00fdzakryza@ig.cas.cz Petr Bro\u017epetr.broz@ig.cas.cz Mat\u011bj Machekmates@ig.cas.cz Vladim\u00edr Kusbachkusbach@ig.cas.cz &nbsp; &nbsp; &nbsp; &nbsp; Organ barrel of plate [&hellip;]\" \/>\n<meta property=\"og:url\" content=\"https:\/\/www.ig.cas.cz\/en\/outreach\/analog-lab\/\" \/>\n<meta property=\"og:site_name\" content=\"Dom\u016f\" \/>\n<meta property=\"article:publisher\" content=\"https:\/\/www.facebook.com\/GFUAVCR\/\" \/>\n<meta property=\"article:modified_time\" content=\"2023-08-21T10:12:38+00:00\" \/>\n<meta property=\"og:image\" content=\"https:\/\/www.ig.cas.cz\/wp-content\/uploads\/2022\/01\/backgroundimage-7-scaled.jpg\" \/>\n\t<meta property=\"og:image:width\" content=\"2880\" \/>\n\t<meta property=\"og:image:height\" content=\"334\" \/>\n\t<meta property=\"og:image:type\" content=\"image\/jpeg\" \/>\n<meta name=\"twitter:card\" content=\"summary_large_image\" \/>\n<meta name=\"twitter:label1\" content=\"Est. reading time\" \/>\n\t<meta name=\"twitter:data1\" content=\"4 minutes\" \/>\n<script type=\"application\/ld+json\" class=\"yoast-schema-graph\">{\"@context\":\"https:\/\/schema.org\",\"@graph\":[{\"@type\":\"WebPage\",\"@id\":\"https:\/\/www.ig.cas.cz\/en\/outreach\/analog-lab\/\",\"url\":\"https:\/\/www.ig.cas.cz\/en\/outreach\/analog-lab\/\",\"name\":\"Analog modelling laboratory - Geofyzik\u00e1ln\u00ed \u00fastav Akademie v\u011bd \u010cR, v.v.i.\",\"isPartOf\":{\"@id\":\"https:\/\/www.ig.cas.cz\/#website\"},\"primaryImageOfPage\":{\"@id\":\"https:\/\/www.ig.cas.cz\/en\/outreach\/analog-lab\/#primaryimage\"},\"image\":{\"@id\":\"https:\/\/www.ig.cas.cz\/en\/outreach\/analog-lab\/#primaryimage\"},\"thumbnailUrl\":\"https:\/\/www.ig.cas.cz\/wp-content\/uploads\/2022\/01\/backgroundimage-7-scaled.jpg\",\"datePublished\":\"2022-01-05T09:25:06+00:00\",\"dateModified\":\"2023-08-21T10:12:38+00:00\",\"breadcrumb\":{\"@id\":\"https:\/\/www.ig.cas.cz\/en\/outreach\/analog-lab\/#breadcrumb\"},\"inLanguage\":\"en-US\",\"potentialAction\":[{\"@type\":\"ReadAction\",\"target\":[\"https:\/\/www.ig.cas.cz\/en\/outreach\/analog-lab\/\"]}]},{\"@type\":\"ImageObject\",\"inLanguage\":\"en-US\",\"@id\":\"https:\/\/www.ig.cas.cz\/en\/outreach\/analog-lab\/#primaryimage\",\"url\":\"https:\/\/www.ig.cas.cz\/wp-content\/uploads\/2022\/01\/backgroundimage-7-scaled.jpg\",\"contentUrl\":\"https:\/\/www.ig.cas.cz\/wp-content\/uploads\/2022\/01\/backgroundimage-7-scaled.jpg\",\"width\":2880,\"height\":334},{\"@type\":\"BreadcrumbList\",\"@id\":\"https:\/\/www.ig.cas.cz\/en\/outreach\/analog-lab\/#breadcrumb\",\"itemListElement\":[{\"@type\":\"ListItem\",\"position\":1,\"name\":\"Dom\u016f\",\"item\":\"https:\/\/www.ig.cas.cz\/en\/\"},{\"@type\":\"ListItem\",\"position\":2,\"name\":\"Outreach\",\"item\":\"https:\/\/www.ig.cas.cz\/en\/outreach\/\"},{\"@type\":\"ListItem\",\"position\":3,\"name\":\"Analog modelling laboratory\"}]},{\"@type\":\"WebSite\",\"@id\":\"https:\/\/www.ig.cas.cz\/#website\",\"url\":\"https:\/\/www.ig.cas.cz\/\",\"name\":\"Dom\u016f\",\"description\":\"Geofyzik\u00e1ln\u00ed \u00fastav Akademie v\u011bd \u010cR, v.v.i.\",\"potentialAction\":[{\"@type\":\"SearchAction\",\"target\":{\"@type\":\"EntryPoint\",\"urlTemplate\":\"https:\/\/www.ig.cas.cz\/?s={search_term_string}\"},\"query-input\":{\"@type\":\"PropertyValueSpecification\",\"valueRequired\":true,\"valueName\":\"search_term_string\"}}],\"inLanguage\":\"en-US\"}]}<\/script>\n<!-- \/ Yoast SEO plugin. -->","yoast_head_json":{"title":"Analog modelling laboratory - Geofyzik\u00e1ln\u00ed \u00fastav Akademie v\u011bd \u010cR, v.v.i.","robots":{"index":"index","follow":"follow","max-snippet":"max-snippet:-1","max-image-preview":"max-image-preview:large","max-video-preview":"max-video-preview:-1"},"canonical":"https:\/\/www.ig.cas.cz\/en\/outreach\/analog-lab\/","og_locale":"en_US","og_type":"article","og_title":"Analog modelling laboratory - Geofyzik\u00e1ln\u00ed \u00fastav Akademie v\u011bd \u010cR, v.v.i.","og_description":"Our Tectonic modelling laboratory offers access for school classes and public events, where we demonstrate interesting geological processes in interactive and visually appealing devices. If you would like to visit our laboratory, please send us an email. &nbsp;ContactProkop Z\u00e1vadazavada@ig.cas.cz Ond\u0159ej Kr\u00fdzakryza@ig.cas.cz Petr Bro\u017epetr.broz@ig.cas.cz Mat\u011bj Machekmates@ig.cas.cz Vladim\u00edr Kusbachkusbach@ig.cas.cz &nbsp; &nbsp; &nbsp; &nbsp; Organ barrel of plate [&hellip;]","og_url":"https:\/\/www.ig.cas.cz\/en\/outreach\/analog-lab\/","og_site_name":"Dom\u016f","article_publisher":"https:\/\/www.facebook.com\/GFUAVCR\/","article_modified_time":"2023-08-21T10:12:38+00:00","og_image":[{"width":2880,"height":334,"url":"https:\/\/www.ig.cas.cz\/wp-content\/uploads\/2022\/01\/backgroundimage-7-scaled.jpg","type":"image\/jpeg"}],"twitter_card":"summary_large_image","twitter_misc":{"Est. reading time":"4 minutes"},"schema":{"@context":"https:\/\/schema.org","@graph":[{"@type":"WebPage","@id":"https:\/\/www.ig.cas.cz\/en\/outreach\/analog-lab\/","url":"https:\/\/www.ig.cas.cz\/en\/outreach\/analog-lab\/","name":"Analog modelling laboratory - Geofyzik\u00e1ln\u00ed \u00fastav Akademie v\u011bd \u010cR, v.v.i.","isPartOf":{"@id":"https:\/\/www.ig.cas.cz\/#website"},"primaryImageOfPage":{"@id":"https:\/\/www.ig.cas.cz\/en\/outreach\/analog-lab\/#primaryimage"},"image":{"@id":"https:\/\/www.ig.cas.cz\/en\/outreach\/analog-lab\/#primaryimage"},"thumbnailUrl":"https:\/\/www.ig.cas.cz\/wp-content\/uploads\/2022\/01\/backgroundimage-7-scaled.jpg","datePublished":"2022-01-05T09:25:06+00:00","dateModified":"2023-08-21T10:12:38+00:00","breadcrumb":{"@id":"https:\/\/www.ig.cas.cz\/en\/outreach\/analog-lab\/#breadcrumb"},"inLanguage":"en-US","potentialAction":[{"@type":"ReadAction","target":["https:\/\/www.ig.cas.cz\/en\/outreach\/analog-lab\/"]}]},{"@type":"ImageObject","inLanguage":"en-US","@id":"https:\/\/www.ig.cas.cz\/en\/outreach\/analog-lab\/#primaryimage","url":"https:\/\/www.ig.cas.cz\/wp-content\/uploads\/2022\/01\/backgroundimage-7-scaled.jpg","contentUrl":"https:\/\/www.ig.cas.cz\/wp-content\/uploads\/2022\/01\/backgroundimage-7-scaled.jpg","width":2880,"height":334},{"@type":"BreadcrumbList","@id":"https:\/\/www.ig.cas.cz\/en\/outreach\/analog-lab\/#breadcrumb","itemListElement":[{"@type":"ListItem","position":1,"name":"Dom\u016f","item":"https:\/\/www.ig.cas.cz\/en\/"},{"@type":"ListItem","position":2,"name":"Outreach","item":"https:\/\/www.ig.cas.cz\/en\/outreach\/"},{"@type":"ListItem","position":3,"name":"Analog modelling laboratory"}]},{"@type":"WebSite","@id":"https:\/\/www.ig.cas.cz\/#website","url":"https:\/\/www.ig.cas.cz\/","name":"Dom\u016f","description":"Geofyzik\u00e1ln\u00ed \u00fastav Akademie v\u011bd \u010cR, v.v.i.","potentialAction":[{"@type":"SearchAction","target":{"@type":"EntryPoint","urlTemplate":"https:\/\/www.ig.cas.cz\/?s={search_term_string}"},"query-input":{"@type":"PropertyValueSpecification","valueRequired":true,"valueName":"search_term_string"}}],"inLanguage":"en-US"}]}},"_links":{"self":[{"href":"https:\/\/www.ig.cas.cz\/en\/wp-json\/wp\/v2\/pages\/26942","targetHints":{"allow":["GET"]}}],"collection":[{"href":"https:\/\/www.ig.cas.cz\/en\/wp-json\/wp\/v2\/pages"}],"about":[{"href":"https:\/\/www.ig.cas.cz\/en\/wp-json\/wp\/v2\/types\/page"}],"author":[{"embeddable":true,"href":"https:\/\/www.ig.cas.cz\/en\/wp-json\/wp\/v2\/users\/28"}],"replies":[{"embeddable":true,"href":"https:\/\/www.ig.cas.cz\/en\/wp-json\/wp\/v2\/comments?post=26942"}],"version-history":[{"count":0,"href":"https:\/\/www.ig.cas.cz\/en\/wp-json\/wp\/v2\/pages\/26942\/revisions"}],"up":[{"embeddable":true,"href":"https:\/\/www.ig.cas.cz\/en\/wp-json\/wp\/v2\/pages\/386"}],"wp:featuredmedia":[{"embeddable":true,"href":"https:\/\/www.ig.cas.cz\/en\/wp-json\/wp\/v2\/media\/27149"}],"wp:attachment":[{"href":"https:\/\/www.ig.cas.cz\/en\/wp-json\/wp\/v2\/media?parent=26942"}],"wp:term":[{"taxonomy":"category","embeddable":true,"href":"https:\/\/www.ig.cas.cz\/en\/wp-json\/wp\/v2\/categories?post=26942"},{"taxonomy":"post_tag","embeddable":true,"href":"https:\/\/www.ig.cas.cz\/en\/wp-json\/wp\/v2\/tags?post=26942"}],"curies":[{"name":"wp","href":"https:\/\/api.w.org\/{rel}","templated":true}]}}