{"id":26980,"date":"2022-01-14T08:48:32","date_gmt":"2022-01-14T07:48:32","guid":{"rendered":"https:\/\/www.ig.cas.cz\/?page_id=26980"},"modified":"2023-08-21T12:11:04","modified_gmt":"2023-08-21T10:11:04","slug":"crustal-buckling","status":"publish","type":"page","link":"https:\/\/www.ig.cas.cz\/en\/observatories\/tect-mod-lab\/crustal-buckling\/","title":{"rendered":"Crustal-scale buckling in hot orogens"},"content":{"rendered":"<p>[et_pb_section fb_built=&#8221;1&#8243; admin_label=&#8221;section&#8221; _builder_version=&#8221;3.22&#8243;][et_pb_row column_structure=&#8221;3_4,1_4&#8243; admin_label=&#8221;row&#8221; _builder_version=&#8221;3.25&#8243; background_size=&#8221;initial&#8221; background_position=&#8221;top_left&#8221; background_repeat=&#8221;repeat&#8221;][et_pb_column type=&#8221;3_4&#8243; _builder_version=&#8221;3.25&#8243; custom_padding=&#8221;|||&#8221; custom_padding__hover=&#8221;|||&#8221;][et_pb_text _builder_version=&#8221;4.6.0&#8243; _module_preset=&#8221;default&#8221;]<\/p>\n<p>PROJECT DESCRIPTION<\/p>\n<p>The Paleozoic Variscan orogen in Europe or the Mongol-Hingan orocline in the Central Asia are partly built-up of dome-like structures comprising migmatites and granulites and are surrounded by sedimentary units affected by Barrovian metamorphism. The arrays of such domes form by crustal-scale buckling, whereas the crust was heated during a&nbsp;precursory phase of extension or by emplacement of a&nbsp;hot relaminant below the lower crust (e.g. Lehmann et al., 2017; Kr\u00fdza et al., 2021). The development of these domes is associated with rapid ascent and cooling of their anatectic cores. Using the analog modeling, we aim to understand the dynamics of buckling of the crust containing an anatectic lower crust and role of melt in this process (Lehmann et al., 2017; Kr\u00fdza et al., 2019; 2021). We use paraffin wax superposed by sand to simulate the lower and upper crust, respectively. A&nbsp;thermal gradient is created by heating of the models from the bottom by a&nbsp;heating plate. A&nbsp;computer controlled step-motor is used to move the base plate against a&nbsp;backstop.<\/p>\n<p>This study is conducted in cooperation with the Center of Lithospheric Research \u2013 Czech Geological Survey.<\/p>\n<p>[\/et_pb_text][et_pb_image src=&#8221;https:\/\/www.ig.cas.cz\/wp-content\/uploads\/2022\/03\/jiang_fig16-1.jpg&#8221; title_text=&#8221;Jiang Fig16&#8243; _builder_version=&#8221;4.6.0&#8243; _module_preset=&#8221;default&#8221; width=&#8221;91%&#8221; max_width=&#8221;91%&#8221;][\/et_pb_image][et_pb_text _builder_version=&#8221;4.6.0&#8243; _module_preset=&#8221;default&#8221;]<\/p>\n<p><em><i>Geodynamic model of the Permian collision of the Junggar arc with the Altai accretionary wedge explaining the structural evolution of three equally spaced zones in the southern Chinese Altai as a&nbsp;function of distance from the collisional zone in the south <\/i><i>(modified from Jiang et al., 2019).\u00a0 <\/i> <\/em><\/p>\n<p>[\/et_pb_text][et_pb_image src=&#8221;https:\/\/www.ig.cas.cz\/wp-content\/uploads\/2022\/01\/fig_apparatus.png&#8221; title_text=&#8221;Fig Apparatus&#8221; _builder_version=&#8221;4.6.0&#8243; _module_preset=&#8221;default&#8221; width=&#8221;60%&#8221; max_width=&#8221;60%&#8221;][\/et_pb_image][et_pb_text _builder_version=&#8221;4.6.0&#8243; _module_preset=&#8221;default&#8221;]<\/p>\n<p><em><i>Apparatus for a&nbsp;thin sheet contraction modelling and example of a&nbsp;progressing model of detachment folding (Kr\u00fdza et al., 2019). The device is capable of heating the model from top and bottom to create a&nbsp;stable thermal gradient in the vertical profile. The basal plate is pulled to the right by a&nbsp;computer controlled step-motor. This allows a&nbsp;deformation of the model multilayer by pushing against the back-stop wall on the right. Paraffin wax and granular materials (sand and cenosphere mixtures) are used to simulate the ductile anatectic lower crust and brittle upper crust, respectively.<\/i><\/em><\/p>\n<p>[\/et_pb_text][et_pb_image src=&#8221;https:\/\/www.ig.cas.cz\/wp-content\/uploads\/2022\/03\/fig_glitter-1.jpg&#8221; title_text=&#8221;Fig Glitter&#8221; admin_label=&#8221;Image&#8221; _builder_version=&#8221;4.6.0&#8243; _module_preset=&#8221;default&#8221; width=&#8221;60%&#8221; max_width=&#8221;60%&#8221;][\/et_pb_image][et_pb_text _builder_version=&#8221;4.6.0&#8243; _module_preset=&#8221;default&#8221;]<\/p>\n<p><i>Detail of the crustal-scale detachment folding model (Kr\u00fdza et al., 2019). (A) shows the composition of the wax-sand model domain, which contains small, mechanically inert particles improving the accuracy of the digital image correlation. (B) displays the finite shape of the model after 55% shortening \u2013 a&nbsp;series of detachment folds. Incorporated fluorescent wax particles reflect the strain pattern in the plastic part of the model while dark areas correspond to zones of melt accumulation. <\/i><\/p>\n<p>[\/et_pb_text][et_pb_image src=&#8221;https:\/\/www.ig.cas.cz\/wp-content\/uploads\/2022\/03\/ondrej_results-1-scaled.jpg&#8221; title_text=&#8221;Ondrej Results&#8221; admin_label=&#8221;Image&#8221; _builder_version=&#8221;4.6.0&#8243; _module_preset=&#8221;default&#8221; width=&#8221;95%&#8221; max_width=&#8221;95%&#8221;][\/et_pb_image][et_pb_text _builder_version=&#8221;4.6.0&#8243; _module_preset=&#8221;default&#8221;]<\/p>\n<p><i>(A) Contour diagrams of the velocity and deformation field plotted for 30&nbsp;% shortening. Original displacement field was calculated by 2D PIV (PIVlab toolbox for Matlab software). <span dir=\"ltr\" role=\"presentation\"> (B) Models of detachment folding <\/span>(for details see Kr\u00fdza et al., 2019).<\/i><\/p>\n<p>[\/et_pb_text][et_pb_image src=&#8221;https:\/\/www.ig.cas.cz\/wp-content\/uploads\/2022\/03\/buckling-3d.jpg&#8221; title_text=&#8221;Buckling 3D&#8221; admin_label=&#8221;Image&#8221; _builder_version=&#8221;4.6.0&#8243; _module_preset=&#8221;default&#8221; width=&#8221;70%&#8221; max_width=&#8221;70%&#8221;][\/et_pb_image][et_pb_text _builder_version=&#8221;4.6.0&#8243; _module_preset=&#8221;default&#8221;]<\/p>\n<p><i><span style=\"font-weight: 400;\">(A) Experimental setup for simulating crustal-scale detachment folding with an anatectic lower crust, where we focus on the deformation in the plan view. The temperature of the bottom hot plate and the \u2018heat box\u2019 is set close to the melting point of the wax inside the model. The model is preheated for 24 hours to attain an equilibrated thermal gradient and then horizontally shortened. (B) Displacement vector field. (C) Normal strain patterns.<br \/><\/span><\/i><\/p>\n<p>[\/et_pb_text][et_pb_toggle title=&#8221;Publications&#8221; admin_label=&#8221;Toggle&#8221; _builder_version=&#8221;4.6.0&#8243; _module_preset=&#8221;default&#8221;]<\/p>\n<ul>\n<li>Jiang, Y. D., Schulmann, K., Sun, M., Weinberg, R. F., \u0160t\u00edpsk\u00e1, P., Li, P.&nbsp;F., Zhang, J., Chopin, F., Wang, S., Xia, X.P., &amp; Xiao, W. J. (2019). Structural and geochronological constraints on Devonian suprasubduction tectonic switching and Permian collisional dynamics in the Chinese Altai, Central Asia. <em>Tectonics<\/em>, <i>38<\/i>(1), 253-280, doi:<a href=\"https:\/\/doi.org\/10.1029\/2018TC005231\"> 10.1029\/2018TC005231<\/a><\/li>\n<li>Kr\u00fdza, O., Lexa, O., Schulmann, K., Guy, A., Gapais, D., Cosgrove, J., &amp; Xiao, W. (2021). Oroclinal buckling and associated lithospheric-scale material flow\u2013insights from physical modelling: Implication for the Mongol-Hingan orocline. <i>Tectonophysics<\/i>, <i>800<\/i>, 228712, doi:<a href=\"https:\/\/doi.org\/10.1016\/j.tecto.2020.228712\"> 10.1016\/j.tecto.2020.228712<\/a><\/li>\n<li>Kr\u00fdza, O., Z\u00e1vada, P., &amp; Lexa, O. (2019). Advanced strain and mass transfer analysis in crustal-scale oroclinal buckling and detachment folding analogue models. <em>Tectonophysics<\/em>, 764, 88-109.&nbsp;doi: <a href=\"https:\/\/www.sciencedirect.com\/science\/article\/pii\/S0040195119301659\">10.1016\/j.tecto.2019.05.001<\/a><\/li>\n<li>Lehmann, J., Schulmann, K., Lexa, O., Z\u00e1vada, P., \u0160t\u00edpsk\u00e1, P., Hasalov\u00e1, P., Belyanin, G., &amp; Corsini, M. (2017). Detachment folding of partially molten crust in accretionary orogens: A&nbsp;new magma-enhanced vertical mass and heat transfer mechanism: <em>Lithosphere<\/em>, v. 9, no. 6, p.&nbsp;889\u2013909, doi:<a href=\"https:\/\/doi.org\/10.1130\/L670.1\"> 10.1130\/L670.1<\/a><\/li>\n<\/ul>\n<p>[\/et_pb_toggle][\/et_pb_column][et_pb_column type=&#8221;1_4&#8243; _builder_version=&#8221;3.25&#8243; custom_padding=&#8221;|||&#8221; custom_padding__hover=&#8221;|||&#8221;][et_pb_text _builder_version=&#8221;4.6.0&#8243; _module_preset=&#8221;default&#8221;]<\/p>\n<h4><strong>Period<\/strong><\/h4>\n<p>2019-2023<\/p>\n<p>&nbsp;<\/p>\n<h4><strong>Researcher<\/strong><\/h4>\n<p><a href=\"https:\/\/www.ig.cas.cz\/en\/contact\/staff\/ondrej-kryza\/\">Ond\u0159ej Kr\u00fdza<\/a><\/p>\n<p><a href=\"https:\/\/www.ig.cas.cz\/en\/contact\/staff\/prokop-zavada\/\">Prokop Z\u00e1vada<\/a><\/p>\n<p>&nbsp;<\/p>\n<h4><strong>Collaborators &amp; Visitors<br \/><\/strong><\/h4>\n<ul>\n<li>Karel Schumann (Czech Geological Survey)<\/li>\n<li>Tan Shu (University of the Chinese Academy of Sciences (UCAS)<\/li>\n<\/ul>\n<p>&nbsp;<\/p>\n<h4><strong>Funding<\/strong><\/h4>\n<ul>\n<li>GA\u010cR No. GX19-27682X: \u2018Principal mechanisms of peripheral continental growth during supercontinent cycle&#8217;<\/li>\n<li>GA\u010cR No. 19-25035S: \u2018Granulite-migmatite domes \u2013 insight into the Devonian and Carboniferous development of the Variscan belt\u2019<\/li>\n<\/ul>\n<p>[\/et_pb_text][\/et_pb_column][\/et_pb_row][\/et_pb_section]<\/p>\n","protected":false},"excerpt":{"rendered":"<p>PROJECT DESCRIPTION The Paleozoic Variscan orogen in Europe or the Mongol-Hingan orocline in the Central Asia are partly built-up of dome-like structures comprising migmatites and granulites and are surrounded by sedimentary units affected by Barrovian metamorphism. The arrays of such domes form by crustal-scale buckling, whereas the crust was heated during a&nbsp;precursory phase of [&hellip;]<\/p>\n","protected":false},"author":28,"featured_media":27013,"parent":26857,"menu_order":0,"comment_status":"closed","ping_status":"closed","template":"","meta":{"_et_pb_use_builder":"on","_et_pb_old_content":"","_et_gb_content_width":"","footnotes":""},"categories":[],"tags":[126],"class_list":["post-26980","page","type-page","status-publish","has-post-thumbnail","hentry","tag-projects-grants"],"yoast_head":"<!-- This site is optimized with the Yoast SEO plugin v25.9 - https:\/\/yoast.com\/wordpress\/plugins\/seo\/ -->\n<title>Crustal-scale buckling in hot orogens - Geofyzik\u00e1ln\u00ed \u00fastav Akademie v\u011bd \u010cR, v.v.i.<\/title>\n<meta name=\"robots\" content=\"index, follow, max-snippet:-1, max-image-preview:large, max-video-preview:-1\" \/>\n<link rel=\"canonical\" href=\"https:\/\/www.ig.cas.cz\/en\/observatories\/tect-mod-lab\/crustal-buckling\/\" \/>\n<meta property=\"og:locale\" content=\"en_US\" \/>\n<meta property=\"og:type\" content=\"article\" \/>\n<meta property=\"og:title\" content=\"Crustal-scale buckling in hot orogens - Geofyzik\u00e1ln\u00ed \u00fastav Akademie v\u011bd \u010cR, v.v.i.\" \/>\n<meta property=\"og:description\" content=\"PROJECT DESCRIPTION The Paleozoic Variscan orogen in Europe or the Mongol-Hingan orocline in the Central Asia are partly built-up of dome-like structures comprising migmatites and granulites and are surrounded by sedimentary units affected by Barrovian metamorphism. The arrays of such domes form by crustal-scale buckling, whereas the crust was heated during a precursory phase of [&hellip;]\" \/>\n<meta property=\"og:url\" content=\"https:\/\/www.ig.cas.cz\/en\/observatories\/tect-mod-lab\/crustal-buckling\/\" \/>\n<meta property=\"og:site_name\" content=\"Dom\u016f\" \/>\n<meta property=\"article:publisher\" content=\"https:\/\/www.facebook.com\/GFUAVCR\/\" \/>\n<meta property=\"article:modified_time\" content=\"2023-08-21T10:11:04+00:00\" \/>\n<meta property=\"og:image\" content=\"https:\/\/www.ig.cas.cz\/wp-content\/uploads\/2022\/01\/backgroundimage-4-scaled.jpg\" \/>\n\t<meta property=\"og:image:width\" content=\"2880\" \/>\n\t<meta property=\"og:image:height\" content=\"314\" \/>\n\t<meta property=\"og:image:type\" content=\"image\/jpeg\" \/>\n<meta name=\"twitter:card\" content=\"summary_large_image\" \/>\n<meta name=\"twitter:label1\" content=\"Est. reading time\" \/>\n\t<meta name=\"twitter:data1\" content=\"5 minutes\" \/>\n<script type=\"application\/ld+json\" class=\"yoast-schema-graph\">{\"@context\":\"https:\/\/schema.org\",\"@graph\":[{\"@type\":\"WebPage\",\"@id\":\"https:\/\/www.ig.cas.cz\/en\/observatories\/tect-mod-lab\/crustal-buckling\/\",\"url\":\"https:\/\/www.ig.cas.cz\/en\/observatories\/tect-mod-lab\/crustal-buckling\/\",\"name\":\"Crustal-scale buckling in hot orogens - Geofyzik\u00e1ln\u00ed \u00fastav Akademie v\u011bd \u010cR, v.v.i.\",\"isPartOf\":{\"@id\":\"https:\/\/www.ig.cas.cz\/#website\"},\"primaryImageOfPage\":{\"@id\":\"https:\/\/www.ig.cas.cz\/en\/observatories\/tect-mod-lab\/crustal-buckling\/#primaryimage\"},\"image\":{\"@id\":\"https:\/\/www.ig.cas.cz\/en\/observatories\/tect-mod-lab\/crustal-buckling\/#primaryimage\"},\"thumbnailUrl\":\"https:\/\/www.ig.cas.cz\/wp-content\/uploads\/2022\/01\/backgroundimage-4-scaled.jpg\",\"datePublished\":\"2022-01-14T07:48:32+00:00\",\"dateModified\":\"2023-08-21T10:11:04+00:00\",\"breadcrumb\":{\"@id\":\"https:\/\/www.ig.cas.cz\/en\/observatories\/tect-mod-lab\/crustal-buckling\/#breadcrumb\"},\"inLanguage\":\"en-US\",\"potentialAction\":[{\"@type\":\"ReadAction\",\"target\":[\"https:\/\/www.ig.cas.cz\/en\/observatories\/tect-mod-lab\/crustal-buckling\/\"]}]},{\"@type\":\"ImageObject\",\"inLanguage\":\"en-US\",\"@id\":\"https:\/\/www.ig.cas.cz\/en\/observatories\/tect-mod-lab\/crustal-buckling\/#primaryimage\",\"url\":\"https:\/\/www.ig.cas.cz\/wp-content\/uploads\/2022\/01\/backgroundimage-4-scaled.jpg\",\"contentUrl\":\"https:\/\/www.ig.cas.cz\/wp-content\/uploads\/2022\/01\/backgroundimage-4-scaled.jpg\",\"width\":2880,\"height\":314},{\"@type\":\"BreadcrumbList\",\"@id\":\"https:\/\/www.ig.cas.cz\/en\/observatories\/tect-mod-lab\/crustal-buckling\/#breadcrumb\",\"itemListElement\":[{\"@type\":\"ListItem\",\"position\":1,\"name\":\"Dom\u016f\",\"item\":\"https:\/\/www.ig.cas.cz\/en\/\"},{\"@type\":\"ListItem\",\"position\":2,\"name\":\"Observatories\",\"item\":\"https:\/\/www.ig.cas.cz\/en\/observatories\/\"},{\"@type\":\"ListItem\",\"position\":3,\"name\":\"Tectonic modelling laboratory\",\"item\":\"https:\/\/www.ig.cas.cz\/en\/observatories\/tect-mod-lab\/\"},{\"@type\":\"ListItem\",\"position\":4,\"name\":\"Crustal-scale buckling in hot orogens\"}]},{\"@type\":\"WebSite\",\"@id\":\"https:\/\/www.ig.cas.cz\/#website\",\"url\":\"https:\/\/www.ig.cas.cz\/\",\"name\":\"Dom\u016f\",\"description\":\"Geofyzik\u00e1ln\u00ed \u00fastav Akademie v\u011bd \u010cR, v.v.i.\",\"potentialAction\":[{\"@type\":\"SearchAction\",\"target\":{\"@type\":\"EntryPoint\",\"urlTemplate\":\"https:\/\/www.ig.cas.cz\/?s={search_term_string}\"},\"query-input\":{\"@type\":\"PropertyValueSpecification\",\"valueRequired\":true,\"valueName\":\"search_term_string\"}}],\"inLanguage\":\"en-US\"}]}<\/script>\n<!-- \/ Yoast SEO plugin. -->","yoast_head_json":{"title":"Crustal-scale buckling in hot orogens - Geofyzik\u00e1ln\u00ed \u00fastav Akademie v\u011bd \u010cR, v.v.i.","robots":{"index":"index","follow":"follow","max-snippet":"max-snippet:-1","max-image-preview":"max-image-preview:large","max-video-preview":"max-video-preview:-1"},"canonical":"https:\/\/www.ig.cas.cz\/en\/observatories\/tect-mod-lab\/crustal-buckling\/","og_locale":"en_US","og_type":"article","og_title":"Crustal-scale buckling in hot orogens - Geofyzik\u00e1ln\u00ed \u00fastav Akademie v\u011bd \u010cR, v.v.i.","og_description":"PROJECT DESCRIPTION The Paleozoic Variscan orogen in Europe or the Mongol-Hingan orocline in the Central Asia are partly built-up of dome-like structures comprising migmatites and granulites and are surrounded by sedimentary units affected by Barrovian metamorphism. The arrays of such domes form by crustal-scale buckling, whereas the crust was heated during a precursory phase of [&hellip;]","og_url":"https:\/\/www.ig.cas.cz\/en\/observatories\/tect-mod-lab\/crustal-buckling\/","og_site_name":"Dom\u016f","article_publisher":"https:\/\/www.facebook.com\/GFUAVCR\/","article_modified_time":"2023-08-21T10:11:04+00:00","og_image":[{"width":2880,"height":314,"url":"https:\/\/www.ig.cas.cz\/wp-content\/uploads\/2022\/01\/backgroundimage-4-scaled.jpg","type":"image\/jpeg"}],"twitter_card":"summary_large_image","twitter_misc":{"Est. reading time":"5 minutes"},"schema":{"@context":"https:\/\/schema.org","@graph":[{"@type":"WebPage","@id":"https:\/\/www.ig.cas.cz\/en\/observatories\/tect-mod-lab\/crustal-buckling\/","url":"https:\/\/www.ig.cas.cz\/en\/observatories\/tect-mod-lab\/crustal-buckling\/","name":"Crustal-scale buckling in hot orogens - Geofyzik\u00e1ln\u00ed \u00fastav Akademie v\u011bd \u010cR, v.v.i.","isPartOf":{"@id":"https:\/\/www.ig.cas.cz\/#website"},"primaryImageOfPage":{"@id":"https:\/\/www.ig.cas.cz\/en\/observatories\/tect-mod-lab\/crustal-buckling\/#primaryimage"},"image":{"@id":"https:\/\/www.ig.cas.cz\/en\/observatories\/tect-mod-lab\/crustal-buckling\/#primaryimage"},"thumbnailUrl":"https:\/\/www.ig.cas.cz\/wp-content\/uploads\/2022\/01\/backgroundimage-4-scaled.jpg","datePublished":"2022-01-14T07:48:32+00:00","dateModified":"2023-08-21T10:11:04+00:00","breadcrumb":{"@id":"https:\/\/www.ig.cas.cz\/en\/observatories\/tect-mod-lab\/crustal-buckling\/#breadcrumb"},"inLanguage":"en-US","potentialAction":[{"@type":"ReadAction","target":["https:\/\/www.ig.cas.cz\/en\/observatories\/tect-mod-lab\/crustal-buckling\/"]}]},{"@type":"ImageObject","inLanguage":"en-US","@id":"https:\/\/www.ig.cas.cz\/en\/observatories\/tect-mod-lab\/crustal-buckling\/#primaryimage","url":"https:\/\/www.ig.cas.cz\/wp-content\/uploads\/2022\/01\/backgroundimage-4-scaled.jpg","contentUrl":"https:\/\/www.ig.cas.cz\/wp-content\/uploads\/2022\/01\/backgroundimage-4-scaled.jpg","width":2880,"height":314},{"@type":"BreadcrumbList","@id":"https:\/\/www.ig.cas.cz\/en\/observatories\/tect-mod-lab\/crustal-buckling\/#breadcrumb","itemListElement":[{"@type":"ListItem","position":1,"name":"Dom\u016f","item":"https:\/\/www.ig.cas.cz\/en\/"},{"@type":"ListItem","position":2,"name":"Observatories","item":"https:\/\/www.ig.cas.cz\/en\/observatories\/"},{"@type":"ListItem","position":3,"name":"Tectonic modelling laboratory","item":"https:\/\/www.ig.cas.cz\/en\/observatories\/tect-mod-lab\/"},{"@type":"ListItem","position":4,"name":"Crustal-scale buckling in hot orogens"}]},{"@type":"WebSite","@id":"https:\/\/www.ig.cas.cz\/#website","url":"https:\/\/www.ig.cas.cz\/","name":"Dom\u016f","description":"Geofyzik\u00e1ln\u00ed \u00fastav Akademie v\u011bd \u010cR, v.v.i.","potentialAction":[{"@type":"SearchAction","target":{"@type":"EntryPoint","urlTemplate":"https:\/\/www.ig.cas.cz\/?s={search_term_string}"},"query-input":{"@type":"PropertyValueSpecification","valueRequired":true,"valueName":"search_term_string"}}],"inLanguage":"en-US"}]}},"_links":{"self":[{"href":"https:\/\/www.ig.cas.cz\/en\/wp-json\/wp\/v2\/pages\/26980","targetHints":{"allow":["GET"]}}],"collection":[{"href":"https:\/\/www.ig.cas.cz\/en\/wp-json\/wp\/v2\/pages"}],"about":[{"href":"https:\/\/www.ig.cas.cz\/en\/wp-json\/wp\/v2\/types\/page"}],"author":[{"embeddable":true,"href":"https:\/\/www.ig.cas.cz\/en\/wp-json\/wp\/v2\/users\/28"}],"replies":[{"embeddable":true,"href":"https:\/\/www.ig.cas.cz\/en\/wp-json\/wp\/v2\/comments?post=26980"}],"version-history":[{"count":0,"href":"https:\/\/www.ig.cas.cz\/en\/wp-json\/wp\/v2\/pages\/26980\/revisions"}],"up":[{"embeddable":true,"href":"https:\/\/www.ig.cas.cz\/en\/wp-json\/wp\/v2\/pages\/26857"}],"wp:featuredmedia":[{"embeddable":true,"href":"https:\/\/www.ig.cas.cz\/en\/wp-json\/wp\/v2\/media\/27013"}],"wp:attachment":[{"href":"https:\/\/www.ig.cas.cz\/en\/wp-json\/wp\/v2\/media?parent=26980"}],"wp:term":[{"taxonomy":"category","embeddable":true,"href":"https:\/\/www.ig.cas.cz\/en\/wp-json\/wp\/v2\/categories?post=26980"},{"taxonomy":"post_tag","embeddable":true,"href":"https:\/\/www.ig.cas.cz\/en\/wp-json\/wp\/v2\/tags?post=26980"}],"curies":[{"name":"wp","href":"https:\/\/api.w.org\/{rel}","templated":true}]}}