{"id":27057,"date":"2022-01-17T22:56:54","date_gmt":"2022-01-17T21:56:54","guid":{"rendered":"https:\/\/www.ig.cas.cz\/?page_id=27057"},"modified":"2023-08-21T12:09:54","modified_gmt":"2023-08-21T10:09:54","slug":"caprock-zagros","status":"publish","type":"page","link":"https:\/\/www.ig.cas.cz\/en\/observatories\/tect-mod-lab\/caprock-zagros\/","title":{"rendered":"Structure and deformation of caprock on salt diapir extrusions in the Zagros mountains (Iran)"},"content":{"rendered":"<p>[et_pb_section fb_built=&#8221;1&#8243; admin_label=&#8221;section&#8221; _builder_version=&#8221;4.6.0&#8243;][et_pb_row column_structure=&#8221;3_4,1_4&#8243; admin_label=&#8221;row&#8221; _builder_version=&#8221;3.25&#8243; background_size=&#8221;initial&#8221; background_position=&#8221;top_left&#8221; background_repeat=&#8221;repeat&#8221;][et_pb_column type=&#8221;3_4&#8243; _builder_version=&#8221;3.25&#8243; custom_padding=&#8221;|||&#8221; custom_padding__hover=&#8221;|||&#8221;][et_pb_text _builder_version=&#8221;4.6.0&#8243; _module_preset=&#8221;default&#8221; hover_enabled=&#8221;0&#8243; sticky_enabled=&#8221;0&#8243;]<\/p>\n<p>PROJECT DESCRIPTION<\/p>\n<p>Salt diapirs are pillar- or wall-shaped structures of viscous evaporites, which buoyantly rise adjacent to subsiding sedimentary layers. The top part of these structures is usually formed by polygenetic m\u00e9lange of less soluble rocks \u2013 \u2018caprock\u2019, formed by gypsum dominated dissolution breccia, as the diapirs are dissolved by unsaturated fluids. In this project, we want to investigate the structure, composition and mechanical properties of the caprock by combined structural mapping in Iran (Zagros Fold and Thrust Belt) and analog modeling. In the analog models, we try to reproduce the deformation patterns in the caprock on top of rising salt diapirs, which are affected by tectonic shortening. Salt is represented by high viscosity silicone putty and sedimentary host rocks are formed by granular materials (sand and cenosphere mixtures). As a&nbsp;caprock material, we use various mixtures of granulates and powders in order to vary its physical properties, such as density and frictional strength.<\/p>\n<p>This analog modelling study is part of the bi-lateral project\u00a0 \u2018Influence of caprock on the growth dynamics of salt diapirs in Iran\u2019 funded by GA\u010cR and DFG (No. 20-18647J) in cooperation with the Department of Earth and Environmental Sciences of the Ludwig-Maximilians-University Munich. In this integrative project, we also perform geological and geophysical field studies at the salt diapir outcrops in Southern Iran as well as numerical modelling dealing with deformation patterns in the caprock during reactivation of the salt diapir growth. With this approach, results of the analog modelling are improved in the spatial and temporal resolution and compared with results of these complementary methods.<\/p>\n<p>&nbsp;<\/p>\n<p>[\/et_pb_text][et_pb_image src=&#8221;https:\/\/www.ig.cas.cz\/wp-content\/uploads\/2022\/01\/zagros-project-figures-field_corr-scaled.jpg&#8221; title_text=&#8221;Zagros project &#8211; figures field_corr&#8221; _builder_version=&#8221;4.6.0&#8243; _module_preset=&#8221;default&#8221; width=&#8221;60%&#8221; max_width=&#8221;60%&#8221;][\/et_pb_image][et_pb_text _builder_version=&#8221;4.6.0&#8243; _module_preset=&#8221;default&#8221;]<\/p>\n<p><em><i>Deformation of caprock on top of salt diapir in the Zagros mountains (Southern Iran). (a) Conceptual scheme illustrating the gradual reactivation of a&nbsp;diapir with overlying caprock, (b) a&nbsp;block diagram with salt diapirs in Southern Iran with an indicated structural profile, (c) photographs illustrating deformation of the caprock (1 &#8211; packbreccia, 2 &#8211; gypsum mylonites, 3 &#8211; gypsum veins crosscutting a&nbsp;carbonate\/sandstone stringer, 4 &#8211; gypsum mylonites alternating with packbreccia); Z\u00e1vada et al., (2021).<\/i><br \/><\/em><\/p>\n<p>[\/et_pb_text][et_pb_image src=&#8221;https:\/\/www.ig.cas.cz\/wp-content\/uploads\/2022\/01\/diapirextrusion-2.jpg&#8221; title_text=&#8221;DiapirExtrusion&#8221; _builder_version=&#8221;4.6.0&#8243; _module_preset=&#8221;default&#8221; width=&#8221;60%&#8221; max_width=&#8221;60%&#8221;][\/et_pb_image][et_pb_text _builder_version=&#8221;4.6.0&#8243; _module_preset=&#8221;default&#8221;]<\/p>\n<p><em><i>Analog experiment of a&nbsp;salt extrusion with overlying caprock layer. (A) Top view photo of extruded viscous silicone (red) and dismembered, cohesive caprock material (white). (B) Evolution of the surface topography extracted along a&nbsp;horizontal profile. (C) 3D displacement patterns. (D) 3D patterns of the shear strain illustrating the fracture pattern in the caprock.<br \/><\/i><\/em><\/p>\n<p>[\/et_pb_text][et_pb_toggle title=&#8221;Publications&#8221; _builder_version=&#8221;4.6.0&#8243; _module_preset=&#8221;default&#8221;]<\/p>\n<h4>Papers<\/h4>\n<ul>\n<li class=\"gs_citr\" tabindex=\"0\">Z\u00e1vada, P., Bruthans, J., Adineh, S., Warsitzka, M., &amp; Zare, M. (2021). Composition and deformation patterns of the caprock on salt extrusions in southern Iran\u2013Field study on the Karmostaj and Siah Taq diapirs. <i>Journal of Structural Geology<\/i>, <i>151<\/i>, 104422, doi: <a href=\"https:\/\/doi.org\/10.1016\/j.jsg.2021.104422\">10.1016\/j.jsg.2021.104422<\/a><\/li>\n<\/ul>\n<h4>Conference contributions<\/h4>\n<ul>\n<li class=\"gs_citr\" tabindex=\"0\">Z\u00e1vada, P., Bruthans, J., Adineh, S., Warsitzka, M., &amp; Zare, M. (2021, April). Intense deformation of the caprock on salt extrusions in the Iranian Zagros Mountains-Insights from geological mapping and analogue modeling. In <i>EGU General Assembly Conference Abstracts<\/i> (pp. EGU21-14873).<\/li>\n<\/ul>\n<p>[\/et_pb_toggle][\/et_pb_column][et_pb_column type=&#8221;1_4&#8243; _builder_version=&#8221;3.25&#8243; custom_padding=&#8221;|||&#8221; custom_padding__hover=&#8221;|||&#8221;][et_pb_text _builder_version=&#8221;4.6.0&#8243; _module_preset=&#8221;default&#8221; hover_enabled=&#8221;0&#8243; sticky_enabled=&#8221;0&#8243;]<\/p>\n<h4><strong>Period<\/strong><\/h4>\n<p>2020-2022<\/p>\n<p>&nbsp;<\/p>\n<h4><strong>Researcher<\/strong><\/h4>\n<p><a href=\"https:\/\/www.ig.cas.cz\/en\/contact\/staff\/prokop-zavada\/\">Prokop Z\u00e1vada<\/a><\/p>\n<p><a href=\"https:\/\/www.ig.cas.cz\/en\/contact\/staff\/ondrej-kryza\/\">Ond\u0159ej Kr\u00fdza<\/a><\/p>\n<p>Michael Warsitzka<\/p>\n<p>Barbora P\u00ed\u0161ov\u00e1<\/p>\n<p>&nbsp;<\/p>\n<h4><strong>Collaborators &amp; Visitors<br \/><\/strong><\/h4>\n<ul>\n<li>Prof. Anke Fredrich (Ludwig-Maximilians-University Munich)<\/li>\n<li>Doc. RNDr. Ji\u0159\u00ed Bruthans (Charles University Prague)<\/li>\n<li>Micha\u0142 S\u0142otwi\u0144ski (University of Wroclaw)<\/li>\n<\/ul>\n<p>&nbsp;<\/p>\n<h4><strong>Funding<\/strong><\/h4>\n<ul>\n<li>GA\u010cR No. 20-18647J<\/li>\n<\/ul>\n<p>[\/et_pb_text][\/et_pb_column][\/et_pb_row][\/et_pb_section]<\/p>\n","protected":false},"excerpt":{"rendered":"<p>PROJECT DESCRIPTION Salt diapirs are pillar- or wall-shaped structures of viscous evaporites, which buoyantly rise adjacent to subsiding sedimentary layers. The top part of these structures is usually formed by polygenetic m\u00e9lange of less soluble rocks \u2013 \u2018caprock\u2019, formed by gypsum dominated dissolution breccia, as the diapirs are dissolved by unsaturated fluids. In this project, [&hellip;]<\/p>\n","protected":false},"author":28,"featured_media":27081,"parent":26857,"menu_order":0,"comment_status":"closed","ping_status":"closed","template":"","meta":{"_et_pb_use_builder":"on","_et_pb_old_content":"","_et_gb_content_width":"","footnotes":""},"categories":[],"tags":[126],"class_list":["post-27057","page","type-page","status-publish","has-post-thumbnail","hentry","tag-projects-grants"],"yoast_head":"<!-- This site is optimized with the Yoast SEO plugin v25.9 - https:\/\/yoast.com\/wordpress\/plugins\/seo\/ -->\n<title>Structure and deformation of caprock on salt diapir extrusions in the Zagros mountains (Iran) - Geofyzik\u00e1ln\u00ed \u00fastav Akademie v\u011bd \u010cR, v.v.i.<\/title>\n<meta name=\"robots\" content=\"index, follow, max-snippet:-1, max-image-preview:large, max-video-preview:-1\" \/>\n<link rel=\"canonical\" href=\"https:\/\/www.ig.cas.cz\/en\/observatories\/tect-mod-lab\/caprock-zagros\/\" \/>\n<meta property=\"og:locale\" content=\"en_US\" \/>\n<meta property=\"og:type\" content=\"article\" \/>\n<meta property=\"og:title\" content=\"Structure and deformation of caprock on salt diapir extrusions in the Zagros mountains (Iran) - Geofyzik\u00e1ln\u00ed \u00fastav Akademie v\u011bd \u010cR, v.v.i.\" \/>\n<meta property=\"og:description\" content=\"PROJECT DESCRIPTION Salt diapirs are pillar- or wall-shaped structures of viscous evaporites, which buoyantly rise adjacent to subsiding sedimentary layers. The top part of these structures is usually formed by polygenetic m\u00e9lange of less soluble rocks \u2013 \u2018caprock\u2019, formed by gypsum dominated dissolution breccia, as the diapirs are dissolved by unsaturated fluids. In this project, [&hellip;]\" \/>\n<meta property=\"og:url\" content=\"https:\/\/www.ig.cas.cz\/en\/observatories\/tect-mod-lab\/caprock-zagros\/\" \/>\n<meta property=\"og:site_name\" content=\"Dom\u016f\" \/>\n<meta property=\"article:publisher\" content=\"https:\/\/www.facebook.com\/GFUAVCR\/\" \/>\n<meta property=\"article:modified_time\" content=\"2023-08-21T10:09:54+00:00\" \/>\n<meta property=\"og:image\" content=\"https:\/\/www.ig.cas.cz\/wp-content\/uploads\/2022\/01\/backgroundimage2-1-scaled.jpg\" \/>\n\t<meta property=\"og:image:width\" content=\"2880\" \/>\n\t<meta property=\"og:image:height\" content=\"447\" \/>\n\t<meta property=\"og:image:type\" content=\"image\/jpeg\" \/>\n<meta name=\"twitter:card\" content=\"summary_large_image\" \/>\n<meta name=\"twitter:label1\" content=\"Est. reading time\" \/>\n\t<meta name=\"twitter:data1\" content=\"4 minutes\" \/>\n<script type=\"application\/ld+json\" class=\"yoast-schema-graph\">{\"@context\":\"https:\/\/schema.org\",\"@graph\":[{\"@type\":\"WebPage\",\"@id\":\"https:\/\/www.ig.cas.cz\/en\/observatories\/tect-mod-lab\/caprock-zagros\/\",\"url\":\"https:\/\/www.ig.cas.cz\/en\/observatories\/tect-mod-lab\/caprock-zagros\/\",\"name\":\"Structure and deformation of caprock on salt diapir extrusions in the Zagros mountains (Iran) - Geofyzik\u00e1ln\u00ed \u00fastav Akademie v\u011bd \u010cR, v.v.i.\",\"isPartOf\":{\"@id\":\"https:\/\/www.ig.cas.cz\/#website\"},\"primaryImageOfPage\":{\"@id\":\"https:\/\/www.ig.cas.cz\/en\/observatories\/tect-mod-lab\/caprock-zagros\/#primaryimage\"},\"image\":{\"@id\":\"https:\/\/www.ig.cas.cz\/en\/observatories\/tect-mod-lab\/caprock-zagros\/#primaryimage\"},\"thumbnailUrl\":\"https:\/\/www.ig.cas.cz\/wp-content\/uploads\/2022\/01\/backgroundimage2-1-scaled.jpg\",\"datePublished\":\"2022-01-17T21:56:54+00:00\",\"dateModified\":\"2023-08-21T10:09:54+00:00\",\"breadcrumb\":{\"@id\":\"https:\/\/www.ig.cas.cz\/en\/observatories\/tect-mod-lab\/caprock-zagros\/#breadcrumb\"},\"inLanguage\":\"en-US\",\"potentialAction\":[{\"@type\":\"ReadAction\",\"target\":[\"https:\/\/www.ig.cas.cz\/en\/observatories\/tect-mod-lab\/caprock-zagros\/\"]}]},{\"@type\":\"ImageObject\",\"inLanguage\":\"en-US\",\"@id\":\"https:\/\/www.ig.cas.cz\/en\/observatories\/tect-mod-lab\/caprock-zagros\/#primaryimage\",\"url\":\"https:\/\/www.ig.cas.cz\/wp-content\/uploads\/2022\/01\/backgroundimage2-1-scaled.jpg\",\"contentUrl\":\"https:\/\/www.ig.cas.cz\/wp-content\/uploads\/2022\/01\/backgroundimage2-1-scaled.jpg\",\"width\":2880,\"height\":447},{\"@type\":\"BreadcrumbList\",\"@id\":\"https:\/\/www.ig.cas.cz\/en\/observatories\/tect-mod-lab\/caprock-zagros\/#breadcrumb\",\"itemListElement\":[{\"@type\":\"ListItem\",\"position\":1,\"name\":\"Dom\u016f\",\"item\":\"https:\/\/www.ig.cas.cz\/en\/\"},{\"@type\":\"ListItem\",\"position\":2,\"name\":\"Observatories\",\"item\":\"https:\/\/www.ig.cas.cz\/en\/observatories\/\"},{\"@type\":\"ListItem\",\"position\":3,\"name\":\"Tectonic modelling laboratory\",\"item\":\"https:\/\/www.ig.cas.cz\/en\/observatories\/tect-mod-lab\/\"},{\"@type\":\"ListItem\",\"position\":4,\"name\":\"Structure and deformation of caprock on salt diapir extrusions in the Zagros mountains (Iran)\"}]},{\"@type\":\"WebSite\",\"@id\":\"https:\/\/www.ig.cas.cz\/#website\",\"url\":\"https:\/\/www.ig.cas.cz\/\",\"name\":\"Dom\u016f\",\"description\":\"Geofyzik\u00e1ln\u00ed \u00fastav Akademie v\u011bd \u010cR, v.v.i.\",\"potentialAction\":[{\"@type\":\"SearchAction\",\"target\":{\"@type\":\"EntryPoint\",\"urlTemplate\":\"https:\/\/www.ig.cas.cz\/?s={search_term_string}\"},\"query-input\":{\"@type\":\"PropertyValueSpecification\",\"valueRequired\":true,\"valueName\":\"search_term_string\"}}],\"inLanguage\":\"en-US\"}]}<\/script>\n<!-- \/ Yoast SEO plugin. -->","yoast_head_json":{"title":"Structure and deformation of caprock on salt diapir extrusions in the Zagros mountains (Iran) - Geofyzik\u00e1ln\u00ed \u00fastav Akademie v\u011bd \u010cR, v.v.i.","robots":{"index":"index","follow":"follow","max-snippet":"max-snippet:-1","max-image-preview":"max-image-preview:large","max-video-preview":"max-video-preview:-1"},"canonical":"https:\/\/www.ig.cas.cz\/en\/observatories\/tect-mod-lab\/caprock-zagros\/","og_locale":"en_US","og_type":"article","og_title":"Structure and deformation of caprock on salt diapir extrusions in the Zagros mountains (Iran) - Geofyzik\u00e1ln\u00ed \u00fastav Akademie v\u011bd \u010cR, v.v.i.","og_description":"PROJECT DESCRIPTION Salt diapirs are pillar- or wall-shaped structures of viscous evaporites, which buoyantly rise adjacent to subsiding sedimentary layers. The top part of these structures is usually formed by polygenetic m\u00e9lange of less soluble rocks \u2013 \u2018caprock\u2019, formed by gypsum dominated dissolution breccia, as the diapirs are dissolved by unsaturated fluids. In this project, [&hellip;]","og_url":"https:\/\/www.ig.cas.cz\/en\/observatories\/tect-mod-lab\/caprock-zagros\/","og_site_name":"Dom\u016f","article_publisher":"https:\/\/www.facebook.com\/GFUAVCR\/","article_modified_time":"2023-08-21T10:09:54+00:00","og_image":[{"width":2880,"height":447,"url":"https:\/\/www.ig.cas.cz\/wp-content\/uploads\/2022\/01\/backgroundimage2-1-scaled.jpg","type":"image\/jpeg"}],"twitter_card":"summary_large_image","twitter_misc":{"Est. reading time":"4 minutes"},"schema":{"@context":"https:\/\/schema.org","@graph":[{"@type":"WebPage","@id":"https:\/\/www.ig.cas.cz\/en\/observatories\/tect-mod-lab\/caprock-zagros\/","url":"https:\/\/www.ig.cas.cz\/en\/observatories\/tect-mod-lab\/caprock-zagros\/","name":"Structure and deformation of caprock on salt diapir extrusions in the Zagros mountains (Iran) - Geofyzik\u00e1ln\u00ed \u00fastav Akademie v\u011bd \u010cR, v.v.i.","isPartOf":{"@id":"https:\/\/www.ig.cas.cz\/#website"},"primaryImageOfPage":{"@id":"https:\/\/www.ig.cas.cz\/en\/observatories\/tect-mod-lab\/caprock-zagros\/#primaryimage"},"image":{"@id":"https:\/\/www.ig.cas.cz\/en\/observatories\/tect-mod-lab\/caprock-zagros\/#primaryimage"},"thumbnailUrl":"https:\/\/www.ig.cas.cz\/wp-content\/uploads\/2022\/01\/backgroundimage2-1-scaled.jpg","datePublished":"2022-01-17T21:56:54+00:00","dateModified":"2023-08-21T10:09:54+00:00","breadcrumb":{"@id":"https:\/\/www.ig.cas.cz\/en\/observatories\/tect-mod-lab\/caprock-zagros\/#breadcrumb"},"inLanguage":"en-US","potentialAction":[{"@type":"ReadAction","target":["https:\/\/www.ig.cas.cz\/en\/observatories\/tect-mod-lab\/caprock-zagros\/"]}]},{"@type":"ImageObject","inLanguage":"en-US","@id":"https:\/\/www.ig.cas.cz\/en\/observatories\/tect-mod-lab\/caprock-zagros\/#primaryimage","url":"https:\/\/www.ig.cas.cz\/wp-content\/uploads\/2022\/01\/backgroundimage2-1-scaled.jpg","contentUrl":"https:\/\/www.ig.cas.cz\/wp-content\/uploads\/2022\/01\/backgroundimage2-1-scaled.jpg","width":2880,"height":447},{"@type":"BreadcrumbList","@id":"https:\/\/www.ig.cas.cz\/en\/observatories\/tect-mod-lab\/caprock-zagros\/#breadcrumb","itemListElement":[{"@type":"ListItem","position":1,"name":"Dom\u016f","item":"https:\/\/www.ig.cas.cz\/en\/"},{"@type":"ListItem","position":2,"name":"Observatories","item":"https:\/\/www.ig.cas.cz\/en\/observatories\/"},{"@type":"ListItem","position":3,"name":"Tectonic modelling laboratory","item":"https:\/\/www.ig.cas.cz\/en\/observatories\/tect-mod-lab\/"},{"@type":"ListItem","position":4,"name":"Structure and deformation of caprock on salt diapir extrusions in the Zagros mountains (Iran)"}]},{"@type":"WebSite","@id":"https:\/\/www.ig.cas.cz\/#website","url":"https:\/\/www.ig.cas.cz\/","name":"Dom\u016f","description":"Geofyzik\u00e1ln\u00ed \u00fastav Akademie v\u011bd \u010cR, v.v.i.","potentialAction":[{"@type":"SearchAction","target":{"@type":"EntryPoint","urlTemplate":"https:\/\/www.ig.cas.cz\/?s={search_term_string}"},"query-input":{"@type":"PropertyValueSpecification","valueRequired":true,"valueName":"search_term_string"}}],"inLanguage":"en-US"}]}},"_links":{"self":[{"href":"https:\/\/www.ig.cas.cz\/en\/wp-json\/wp\/v2\/pages\/27057","targetHints":{"allow":["GET"]}}],"collection":[{"href":"https:\/\/www.ig.cas.cz\/en\/wp-json\/wp\/v2\/pages"}],"about":[{"href":"https:\/\/www.ig.cas.cz\/en\/wp-json\/wp\/v2\/types\/page"}],"author":[{"embeddable":true,"href":"https:\/\/www.ig.cas.cz\/en\/wp-json\/wp\/v2\/users\/28"}],"replies":[{"embeddable":true,"href":"https:\/\/www.ig.cas.cz\/en\/wp-json\/wp\/v2\/comments?post=27057"}],"version-history":[{"count":0,"href":"https:\/\/www.ig.cas.cz\/en\/wp-json\/wp\/v2\/pages\/27057\/revisions"}],"up":[{"embeddable":true,"href":"https:\/\/www.ig.cas.cz\/en\/wp-json\/wp\/v2\/pages\/26857"}],"wp:featuredmedia":[{"embeddable":true,"href":"https:\/\/www.ig.cas.cz\/en\/wp-json\/wp\/v2\/media\/27081"}],"wp:attachment":[{"href":"https:\/\/www.ig.cas.cz\/en\/wp-json\/wp\/v2\/media?parent=27057"}],"wp:term":[{"taxonomy":"category","embeddable":true,"href":"https:\/\/www.ig.cas.cz\/en\/wp-json\/wp\/v2\/categories?post=27057"},{"taxonomy":"post_tag","embeddable":true,"href":"https:\/\/www.ig.cas.cz\/en\/wp-json\/wp\/v2\/tags?post=27057"}],"curies":[{"name":"wp","href":"https:\/\/api.w.org\/{rel}","templated":true}]}}