{"id":27258,"date":"2022-01-22T22:07:37","date_gmt":"2022-01-22T21:07:37","guid":{"rendered":"https:\/\/www.ig.cas.cz\/?page_id=27258"},"modified":"2023-08-21T12:11:35","modified_gmt":"2023-08-21T10:11:35","slug":"granite-diapirs","status":"publish","type":"page","link":"https:\/\/www.ig.cas.cz\/en\/observatories\/tect-mod-lab\/granite-diapirs\/","title":{"rendered":"Fabric patterns of granite diapirs in static and dynamic conditions"},"content":{"rendered":"<p>[et_pb_section fb_built=&#8221;1&#8243; admin_label=&#8221;section&#8221; _builder_version=&#8221;3.22&#8243;][et_pb_row column_structure=&#8221;3_4,1_4&#8243; admin_label=&#8221;row&#8221; _builder_version=&#8221;3.25&#8243; background_size=&#8221;initial&#8221; background_position=&#8221;top_left&#8221; background_repeat=&#8221;repeat&#8221;][et_pb_column type=&#8221;3_4&#8243; _builder_version=&#8221;3.25&#8243; custom_padding=&#8221;|||&#8221; custom_padding__hover=&#8221;|||&#8221;][et_pb_text _builder_version=&#8221;4.6.0&#8243; _module_preset=&#8221;default&#8221; hover_enabled=&#8221;0&#8243; sticky_enabled=&#8221;0&#8243;]<\/p>\n<p>PROJECT DESCRIPTION<\/p>\n<p>In this project, a&nbsp;set of experiments was carried out to investigate internal fabrics of granite intrusions with respect to mechanisms of their emplacement and growth. We used a&nbsp;liquid plaster medium as analog material for the magma and dry sand as host rock material. The experiments simulated intrusion emplacement either in static conditions (i.e. without lateral shortening or extension) (Kratinov\u00e1 et al. 2006, 2010) or in an extensional tectonic framework (Mirzaei et al., 2016). The finite internal strain patterns were determined by means of anisotropy of magnetic susceptibility generated by admixed magnetite particles that become aligned in the liquid plaster medium. In the first set of experiments, we employed a&nbsp;simple manual squeezer, where growth of the plutonic body resembled the process of downbuilding of a&nbsp;salt diapir. The solidified bodies of plaster were cut and drilled in a&nbsp;regular grid. Anisotropy of magnetic susceptibility of the drillcores was finally measured and visualized as maps of internal magnetic fabrics and contour diagrams of the shape (T) and fabric intensity (P)&nbsp;parameters. An animation illustrating the experiment can be viewed <a href=\"https:\/\/drive.google.com\/file\/d\/1Dd2kTM3_tO6AZ_TTA8HSj7b9UtDhsioe\/view?usp=sharing\">here<\/a>.<\/p>\n<p>For the next series of experiments, we constructed a&nbsp;large sandbox, where the injection of analog magma was driven by a&nbsp;step motor driven piston. The sandbox consisted of two containers connected with a&nbsp;flexible rubber band with small aperture in the center, where the analog magma was injected through a&nbsp;2.5 cm wide tube. During the experiment, the magma was injected during extension of the central rubber band as the two parts of the sandbox were moved apart by steel ropes attached to a&nbsp;single step motor with a&nbsp;gearbox. Normal or oblique 20% extension experiments resulted in elongated oblate ellipsoidal plutons with rift parallel ridges.<\/p>\n<p>&nbsp;<\/p>\n<p>&nbsp;<\/p>\n<p>[\/et_pb_text][et_pb_image src=&#8221;https:\/\/www.ig.cas.cz\/wp-content\/uploads\/2022\/03\/manualsqueezer-scaled.jpg&#8221; title_text=&#8221;ManualSqueezer&#8221; _builder_version=&#8221;4.6.0&#8243; _module_preset=&#8221;default&#8221; width=&#8221;95%&#8221; max_width=&#8221;95%&#8221;][\/et_pb_image][et_pb_text _builder_version=&#8221;4.6.0&#8243; _module_preset=&#8221;default&#8221;]<\/p>\n<p><em><i>(A) Schematic sketch of the apparatus used for modelling of static intrusions (modified from Kratinova et al., 2006) and (B) the resulting experimental body (scalebar is 10 cm). The apparatus consists of a&nbsp;manual squeezer that loads a&nbsp;board with a&nbsp;circular aperture in the middle. Liquid plaster was evacuated from the bottom part of the container through the board aperture into sand that was continuously sedimented during rise of a&nbsp;columnar body. (C) Drilling of the experimental bodies for the AMS fabric measurements.<\/i><br \/> <\/em><\/p>\n<p>[\/et_pb_text][et_pb_image src=&#8221;https:\/\/www.ig.cas.cz\/wp-content\/uploads\/2022\/01\/diapirs_ams.jpg&#8221; title_text=&#8221;DIapirs AMS&#8221; _builder_version=&#8221;4.6.0&#8243; _module_preset=&#8221;default&#8221; width=&#8221;95%&#8221; max_width=&#8221;95%&#8221;][\/et_pb_image][et_pb_text _builder_version=&#8221;4.6.0&#8243; _module_preset=&#8221;default&#8221;]<\/p>\n<p><em><i>Magnetic fabric in a&nbsp;columnar diapiric body produced in the simple manual squeezer. The first row represents magnetic foliations and lineations and contour diagrams of the shape (T) and anisotropy (P)&nbsp;parameters. Foliations and lineations are also presented in lower hemisphere equal-area projections for selected characteristic domains\u00a0(modified from Kratinova et al., 2006). <\/i><\/em><\/p>\n<p>[\/et_pb_text][et_pb_image src=&#8221;https:\/\/www.ig.cas.cz\/wp-content\/uploads\/2022\/01\/shearbox.jpg&#8221; title_text=&#8221;ShearBox&#8221; _builder_version=&#8221;4.6.0&#8243; _module_preset=&#8221;default&#8221; width=&#8221;95%&#8221; max_width=&#8221;95%&#8221;][\/et_pb_image][et_pb_text _builder_version=&#8221;4.6.0&#8243; _module_preset=&#8221;default&#8221;]<\/p>\n<p><em><i>Schematic visualizations of the apparatus used for simulation of simultaneous tectonic deformation and injection of magma.<br \/><\/i><\/em><\/p>\n<p>[\/et_pb_text][et_pb_image src=&#8221;https:\/\/www.ig.cas.cz\/wp-content\/uploads\/2022\/01\/magmatic-pluton-internal-fabrics.jpg&#8221; title_text=&#8221;Magmatic pluton &#8211; internal fabrics&#8221; _builder_version=&#8221;4.6.0&#8243; _module_preset=&#8221;default&#8221; width=&#8221;70%&#8221; max_width=&#8221;70%&#8221;][\/et_pb_image][et_pb_text _builder_version=&#8221;4.6.0&#8243; _module_preset=&#8221;default&#8221;]<\/p>\n<p><em><i>Diagrams illustrating the internal structure of a&nbsp;single experimental magmatic pluton emplaced into sand during oblique extension. The contour diagrams indicate the plunge and dip angles of magnetic lineations and foliations of the investigated sections, as well as P and T parameters (Mirzaei et al., 2016).<\/i><\/em><\/p>\n<p>[\/et_pb_text][et_pb_toggle title=&#8221;Publications&#8221; admin_label=&#8221;Toggle&#8221; _builder_version=&#8221;4.6.0&#8243; _module_preset=&#8221;default&#8221;]<\/p>\n<ul>\n<li>Kratinova, Z., Machek, M., &amp; Kusbach, V., 2010a. Fabric transpositions in granite plutons\u2014An insight from non-scaled analogue modelling. <i>Journal of the Geological Society of India<\/i>, <i>75<\/i>(1), 267-277, doi:<a href=\"http:\/\/dx.doi.org\/10.1007%2Fs12594-010-0014-z\"> 10.1007\/s12594-010-0014-z<\/a><\/li>\n<li>Kratinov\u00e1, Z., Z\u00e1vada, P., Hrouda, F., &amp; Schulmann, K., 2006. Non-scaled analogue modelling of AMS development during viscous flow: a&nbsp;simulation on diapir-like structures. <i>Tectonophysics<\/i>, <i>418<\/i>(1-2), 51-61, doi:<a href=\"https:\/\/doi.org\/10.1016\/j.tecto.2005.12.013\"> 10.1016\/j.tecto.2005.12.013<\/a><\/li>\n<li>Mirzaei, M., Z\u00e1vada, P., Kratinov\u00e1, Z., &amp; Machek, M., 2016. Internal fabrics in magmatic plutons emplaced in extended brittle crust \u2013 insight from analogue models with AMS (Anisotropy of Magnetic Susceptibility), In EGU General Assembly Conference Abstracts, EGU2016-17559-1, doi:<a href=\"https:\/\/ui.adsabs.harvard.edu\/abs\/2016EGUGA..1817559M\/abstract\"> 10.13140\/RG.2.1.4398.6322<\/a><\/li>\n<\/ul>\n<p>[\/et_pb_toggle][\/et_pb_column][et_pb_column type=&#8221;1_4&#8243; _builder_version=&#8221;3.25&#8243; custom_padding=&#8221;|||&#8221; custom_padding__hover=&#8221;|||&#8221;][et_pb_text _builder_version=&#8221;4.6.0&#8243; _module_preset=&#8221;default&#8221;]<\/p>\n<h4><strong>Period<\/strong><\/h4>\n<p>2007-2009<\/p>\n<p>&nbsp;<\/p>\n<h4><strong>Researcher<\/strong><\/h4>\n<p>Zuzana Roxerov\u00e1<\/p>\n<p>Prokop Z\u00e1vada<\/p>\n<p>Vladim\u00edr Kusbach<\/p>\n<p>Mat\u011bj Machek<\/p>\n<h4>\u00a0<\/h4>\n<h4><b>Visitor <\/b><\/h4>\n<ul>\n<li>Masoud Mirzaei<\/li>\n<\/ul>\n<p>&nbsp;<\/p>\n<h4><strong>Funding<\/strong><\/h4>\n<ul>\n<li>Grant Agency of the Academy of Sciences of the Czech Republic (GAAV No. KJB300120702; &#8216;Fabric transpositions in granite plutons &#8211; an insight from non-scaled analogue modelling&#8217;)<\/li>\n<li>FCT project (AMS progress, PTDC\/CTE\u2010GIX\/098696\/2008)<\/li>\n<li>Institute of Geophysics of the CAS v.v.i. (No.: AV0Z30120515)<\/li>\n<\/ul>\n<p>[\/et_pb_text][\/et_pb_column][\/et_pb_row][\/et_pb_section]<\/p>\n","protected":false},"excerpt":{"rendered":"<p>PROJECT DESCRIPTION In this project, a&nbsp;set of experiments was carried out to investigate internal fabrics of granite intrusions with respect to mechanisms of their emplacement and growth. We used a&nbsp;liquid plaster medium as analog material for the magma and dry sand as host rock material. The experiments simulated intrusion emplacement either in static [&hellip;]<\/p>\n","protected":false},"author":28,"featured_media":27284,"parent":26857,"menu_order":0,"comment_status":"closed","ping_status":"closed","template":"","meta":{"_et_pb_use_builder":"on","_et_pb_old_content":"","_et_gb_content_width":"","footnotes":""},"categories":[],"tags":[126],"class_list":["post-27258","page","type-page","status-publish","has-post-thumbnail","hentry","tag-projects-grants"],"yoast_head":"<!-- This site is optimized with the Yoast SEO plugin v25.9 - https:\/\/yoast.com\/wordpress\/plugins\/seo\/ -->\n<title>Fabric patterns of granite diapirs in static and dynamic conditions - Geofyzik\u00e1ln\u00ed \u00fastav Akademie v\u011bd \u010cR, v.v.i.<\/title>\n<meta name=\"robots\" content=\"index, follow, max-snippet:-1, max-image-preview:large, max-video-preview:-1\" \/>\n<link rel=\"canonical\" href=\"https:\/\/www.ig.cas.cz\/en\/observatories\/tect-mod-lab\/granite-diapirs\/\" \/>\n<meta property=\"og:locale\" content=\"en_US\" \/>\n<meta property=\"og:type\" content=\"article\" \/>\n<meta property=\"og:title\" content=\"Fabric patterns of granite diapirs in static and dynamic conditions - Geofyzik\u00e1ln\u00ed \u00fastav Akademie v\u011bd \u010cR, v.v.i.\" \/>\n<meta property=\"og:description\" content=\"PROJECT DESCRIPTION In this project, a set of experiments was carried out to investigate internal fabrics of granite intrusions with respect to mechanisms of their emplacement and growth. We used a liquid plaster medium as analog material for the magma and dry sand as host rock material. The experiments simulated intrusion emplacement either in static [&hellip;]\" \/>\n<meta property=\"og:url\" content=\"https:\/\/www.ig.cas.cz\/en\/observatories\/tect-mod-lab\/granite-diapirs\/\" \/>\n<meta property=\"og:site_name\" content=\"Dom\u016f\" \/>\n<meta property=\"article:publisher\" content=\"https:\/\/www.facebook.com\/GFUAVCR\/\" \/>\n<meta property=\"article:modified_time\" content=\"2023-08-21T10:11:35+00:00\" \/>\n<meta property=\"og:image\" content=\"https:\/\/www.ig.cas.cz\/wp-content\/uploads\/2022\/01\/backgroundimage-14-scaled.jpg\" \/>\n\t<meta property=\"og:image:width\" content=\"2880\" \/>\n\t<meta property=\"og:image:height\" content=\"315\" \/>\n\t<meta property=\"og:image:type\" content=\"image\/jpeg\" \/>\n<meta name=\"twitter:card\" content=\"summary_large_image\" \/>\n<meta name=\"twitter:label1\" content=\"Est. reading time\" \/>\n\t<meta name=\"twitter:data1\" content=\"5 minutes\" \/>\n<script type=\"application\/ld+json\" class=\"yoast-schema-graph\">{\"@context\":\"https:\/\/schema.org\",\"@graph\":[{\"@type\":\"WebPage\",\"@id\":\"https:\/\/www.ig.cas.cz\/en\/observatories\/tect-mod-lab\/granite-diapirs\/\",\"url\":\"https:\/\/www.ig.cas.cz\/en\/observatories\/tect-mod-lab\/granite-diapirs\/\",\"name\":\"Fabric patterns of granite diapirs in static and dynamic conditions - Geofyzik\u00e1ln\u00ed \u00fastav Akademie v\u011bd \u010cR, v.v.i.\",\"isPartOf\":{\"@id\":\"https:\/\/www.ig.cas.cz\/#website\"},\"primaryImageOfPage\":{\"@id\":\"https:\/\/www.ig.cas.cz\/en\/observatories\/tect-mod-lab\/granite-diapirs\/#primaryimage\"},\"image\":{\"@id\":\"https:\/\/www.ig.cas.cz\/en\/observatories\/tect-mod-lab\/granite-diapirs\/#primaryimage\"},\"thumbnailUrl\":\"https:\/\/www.ig.cas.cz\/wp-content\/uploads\/2022\/01\/backgroundimage-14-scaled.jpg\",\"datePublished\":\"2022-01-22T21:07:37+00:00\",\"dateModified\":\"2023-08-21T10:11:35+00:00\",\"breadcrumb\":{\"@id\":\"https:\/\/www.ig.cas.cz\/en\/observatories\/tect-mod-lab\/granite-diapirs\/#breadcrumb\"},\"inLanguage\":\"en-US\",\"potentialAction\":[{\"@type\":\"ReadAction\",\"target\":[\"https:\/\/www.ig.cas.cz\/en\/observatories\/tect-mod-lab\/granite-diapirs\/\"]}]},{\"@type\":\"ImageObject\",\"inLanguage\":\"en-US\",\"@id\":\"https:\/\/www.ig.cas.cz\/en\/observatories\/tect-mod-lab\/granite-diapirs\/#primaryimage\",\"url\":\"https:\/\/www.ig.cas.cz\/wp-content\/uploads\/2022\/01\/backgroundimage-14-scaled.jpg\",\"contentUrl\":\"https:\/\/www.ig.cas.cz\/wp-content\/uploads\/2022\/01\/backgroundimage-14-scaled.jpg\",\"width\":2880,\"height\":315},{\"@type\":\"BreadcrumbList\",\"@id\":\"https:\/\/www.ig.cas.cz\/en\/observatories\/tect-mod-lab\/granite-diapirs\/#breadcrumb\",\"itemListElement\":[{\"@type\":\"ListItem\",\"position\":1,\"name\":\"Dom\u016f\",\"item\":\"https:\/\/www.ig.cas.cz\/en\/\"},{\"@type\":\"ListItem\",\"position\":2,\"name\":\"Observatories\",\"item\":\"https:\/\/www.ig.cas.cz\/en\/observatories\/\"},{\"@type\":\"ListItem\",\"position\":3,\"name\":\"Tectonic modelling laboratory\",\"item\":\"https:\/\/www.ig.cas.cz\/en\/observatories\/tect-mod-lab\/\"},{\"@type\":\"ListItem\",\"position\":4,\"name\":\"Fabric patterns of granite diapirs in static and dynamic conditions\"}]},{\"@type\":\"WebSite\",\"@id\":\"https:\/\/www.ig.cas.cz\/#website\",\"url\":\"https:\/\/www.ig.cas.cz\/\",\"name\":\"Dom\u016f\",\"description\":\"Geofyzik\u00e1ln\u00ed \u00fastav Akademie v\u011bd \u010cR, v.v.i.\",\"potentialAction\":[{\"@type\":\"SearchAction\",\"target\":{\"@type\":\"EntryPoint\",\"urlTemplate\":\"https:\/\/www.ig.cas.cz\/?s={search_term_string}\"},\"query-input\":{\"@type\":\"PropertyValueSpecification\",\"valueRequired\":true,\"valueName\":\"search_term_string\"}}],\"inLanguage\":\"en-US\"}]}<\/script>\n<!-- \/ Yoast SEO plugin. -->","yoast_head_json":{"title":"Fabric patterns of granite diapirs in static and dynamic conditions - Geofyzik\u00e1ln\u00ed \u00fastav Akademie v\u011bd \u010cR, v.v.i.","robots":{"index":"index","follow":"follow","max-snippet":"max-snippet:-1","max-image-preview":"max-image-preview:large","max-video-preview":"max-video-preview:-1"},"canonical":"https:\/\/www.ig.cas.cz\/en\/observatories\/tect-mod-lab\/granite-diapirs\/","og_locale":"en_US","og_type":"article","og_title":"Fabric patterns of granite diapirs in static and dynamic conditions - Geofyzik\u00e1ln\u00ed \u00fastav Akademie v\u011bd \u010cR, v.v.i.","og_description":"PROJECT DESCRIPTION In this project, a set of experiments was carried out to investigate internal fabrics of granite intrusions with respect to mechanisms of their emplacement and growth. We used a liquid plaster medium as analog material for the magma and dry sand as host rock material. The experiments simulated intrusion emplacement either in static [&hellip;]","og_url":"https:\/\/www.ig.cas.cz\/en\/observatories\/tect-mod-lab\/granite-diapirs\/","og_site_name":"Dom\u016f","article_publisher":"https:\/\/www.facebook.com\/GFUAVCR\/","article_modified_time":"2023-08-21T10:11:35+00:00","og_image":[{"width":2880,"height":315,"url":"https:\/\/www.ig.cas.cz\/wp-content\/uploads\/2022\/01\/backgroundimage-14-scaled.jpg","type":"image\/jpeg"}],"twitter_card":"summary_large_image","twitter_misc":{"Est. reading time":"5 minutes"},"schema":{"@context":"https:\/\/schema.org","@graph":[{"@type":"WebPage","@id":"https:\/\/www.ig.cas.cz\/en\/observatories\/tect-mod-lab\/granite-diapirs\/","url":"https:\/\/www.ig.cas.cz\/en\/observatories\/tect-mod-lab\/granite-diapirs\/","name":"Fabric patterns of granite diapirs in static and dynamic conditions - Geofyzik\u00e1ln\u00ed \u00fastav Akademie v\u011bd \u010cR, v.v.i.","isPartOf":{"@id":"https:\/\/www.ig.cas.cz\/#website"},"primaryImageOfPage":{"@id":"https:\/\/www.ig.cas.cz\/en\/observatories\/tect-mod-lab\/granite-diapirs\/#primaryimage"},"image":{"@id":"https:\/\/www.ig.cas.cz\/en\/observatories\/tect-mod-lab\/granite-diapirs\/#primaryimage"},"thumbnailUrl":"https:\/\/www.ig.cas.cz\/wp-content\/uploads\/2022\/01\/backgroundimage-14-scaled.jpg","datePublished":"2022-01-22T21:07:37+00:00","dateModified":"2023-08-21T10:11:35+00:00","breadcrumb":{"@id":"https:\/\/www.ig.cas.cz\/en\/observatories\/tect-mod-lab\/granite-diapirs\/#breadcrumb"},"inLanguage":"en-US","potentialAction":[{"@type":"ReadAction","target":["https:\/\/www.ig.cas.cz\/en\/observatories\/tect-mod-lab\/granite-diapirs\/"]}]},{"@type":"ImageObject","inLanguage":"en-US","@id":"https:\/\/www.ig.cas.cz\/en\/observatories\/tect-mod-lab\/granite-diapirs\/#primaryimage","url":"https:\/\/www.ig.cas.cz\/wp-content\/uploads\/2022\/01\/backgroundimage-14-scaled.jpg","contentUrl":"https:\/\/www.ig.cas.cz\/wp-content\/uploads\/2022\/01\/backgroundimage-14-scaled.jpg","width":2880,"height":315},{"@type":"BreadcrumbList","@id":"https:\/\/www.ig.cas.cz\/en\/observatories\/tect-mod-lab\/granite-diapirs\/#breadcrumb","itemListElement":[{"@type":"ListItem","position":1,"name":"Dom\u016f","item":"https:\/\/www.ig.cas.cz\/en\/"},{"@type":"ListItem","position":2,"name":"Observatories","item":"https:\/\/www.ig.cas.cz\/en\/observatories\/"},{"@type":"ListItem","position":3,"name":"Tectonic modelling laboratory","item":"https:\/\/www.ig.cas.cz\/en\/observatories\/tect-mod-lab\/"},{"@type":"ListItem","position":4,"name":"Fabric patterns of granite diapirs in static and dynamic conditions"}]},{"@type":"WebSite","@id":"https:\/\/www.ig.cas.cz\/#website","url":"https:\/\/www.ig.cas.cz\/","name":"Dom\u016f","description":"Geofyzik\u00e1ln\u00ed \u00fastav Akademie v\u011bd \u010cR, v.v.i.","potentialAction":[{"@type":"SearchAction","target":{"@type":"EntryPoint","urlTemplate":"https:\/\/www.ig.cas.cz\/?s={search_term_string}"},"query-input":{"@type":"PropertyValueSpecification","valueRequired":true,"valueName":"search_term_string"}}],"inLanguage":"en-US"}]}},"_links":{"self":[{"href":"https:\/\/www.ig.cas.cz\/en\/wp-json\/wp\/v2\/pages\/27258","targetHints":{"allow":["GET"]}}],"collection":[{"href":"https:\/\/www.ig.cas.cz\/en\/wp-json\/wp\/v2\/pages"}],"about":[{"href":"https:\/\/www.ig.cas.cz\/en\/wp-json\/wp\/v2\/types\/page"}],"author":[{"embeddable":true,"href":"https:\/\/www.ig.cas.cz\/en\/wp-json\/wp\/v2\/users\/28"}],"replies":[{"embeddable":true,"href":"https:\/\/www.ig.cas.cz\/en\/wp-json\/wp\/v2\/comments?post=27258"}],"version-history":[{"count":0,"href":"https:\/\/www.ig.cas.cz\/en\/wp-json\/wp\/v2\/pages\/27258\/revisions"}],"up":[{"embeddable":true,"href":"https:\/\/www.ig.cas.cz\/en\/wp-json\/wp\/v2\/pages\/26857"}],"wp:featuredmedia":[{"embeddable":true,"href":"https:\/\/www.ig.cas.cz\/en\/wp-json\/wp\/v2\/media\/27284"}],"wp:attachment":[{"href":"https:\/\/www.ig.cas.cz\/en\/wp-json\/wp\/v2\/media?parent=27258"}],"wp:term":[{"taxonomy":"category","embeddable":true,"href":"https:\/\/www.ig.cas.cz\/en\/wp-json\/wp\/v2\/categories?post=27258"},{"taxonomy":"post_tag","embeddable":true,"href":"https:\/\/www.ig.cas.cz\/en\/wp-json\/wp\/v2\/tags?post=27258"}],"curies":[{"name":"wp","href":"https:\/\/api.w.org\/{rel}","templated":true}]}}