{"id":27430,"date":"2022-02-15T14:20:49","date_gmt":"2022-02-15T13:20:49","guid":{"rendered":"https:\/\/www.ig.cas.cz\/?page_id=27430"},"modified":"2023-06-28T10:06:51","modified_gmt":"2023-06-28T08:06:51","slug":"kaleb-wagner","status":"publish","type":"page","link":"https:\/\/www.ig.cas.cz\/en\/contact\/staff\/kaleb-wagner\/","title":{"rendered":"Kaleb Wagner"},"content":{"rendered":"<p>[et_pb_section fb_built=&#8221;1&#8243; _builder_version=&#8221;3.22&#8243; custom_padding=&#8221;0px|0px|0px|0px&#8221;][et_pb_row column_structure=&#8221;2_3,1_3&#8243; _builder_version=&#8221;3.25&#8243; background_size=&#8221;initial&#8221; background_position=&#8221;top_left&#8221; background_repeat=&#8221;repeat&#8221; custom_padding=&#8221;15px|0px|0px|0px&#8221;][et_pb_column type=&#8221;2_3&#8243; _builder_version=&#8221;3.25&#8243; custom_padding=&#8221;|||&#8221; custom_padding__hover=&#8221;|||&#8221;][et_pb_text _builder_version=&#8221;4.6.0&#8243; hover_enabled=&#8221;0&#8243; sticky_enabled=&#8221;0&#8243;]<\/p>\n<p style=\"text-align: justify;\"><strong><span lang=\"EN-US\">Kaleb Wagner<\/span><\/strong><span lang=\"EN-US\"><span>\u00a0<\/span>is a&nbsp;researcher with the Surface Processes &amp; Paleoclimates team (Institute of Geophysics, Czech Academy of Science) and a&nbsp;PhD student at Charles University (Department of Physical Geography &amp; Geoecology, Faculty of Science). He focuses on the use of sedimentary and geomorphologic archives to reconstruct the extent and dynamics of continental ice sheets. Under advisory by<span>\u00a0<\/span><a href=\"https:\/\/www.ig.cas.cz\/en\/contact\/staff\/john-jansen\/\" target=\"_blank\" data-saferedirecturl=\"https:\/\/www.google.com\/url?q=https:\/\/www.ig.cas.cz\/en\/contact\/staff\/john-jansen\/&amp;source=gmail&amp;ust=1645707409303000&amp;usg=AOvVaw3w-cATQgMDaLiPKnwIKwh3\" rel=\"noopener\">Dr. John Jansen<\/a><span>\u00a0<\/span>and<span>\u00a0<\/span><a href=\"https:\/\/www.natur.cuni.cz\/geography\/physgeo\/margold\" target=\"_blank\" data-saferedirecturl=\"https:\/\/www.google.com\/url?q=https:\/\/www.natur.cuni.cz\/geography\/physgeo\/margold&amp;source=gmail&amp;ust=1645707409303000&amp;usg=AOvVaw1sPCV59BKp2mADF3mk8YXE\" rel=\"noopener\">Dr. Martin Margold<\/a>, his current work aims to better constrain the timing of the maximal<\/span><span lang=\"EN-US\"><span>\u00a0<\/span>Eurasian Ice Sheet during the<span>\u00a0<\/span><\/span><span lang=\"EN-US\">Early-Middle Pleistocene via application of terrestrial cosmogenic nuclide burial dating.<\/span><\/p>\n<p>[\/et_pb_text][\/et_pb_column][et_pb_column type=&#8221;1_3&#8243; _builder_version=&#8221;3.25&#8243; custom_padding=&#8221;|||&#8221; custom_padding__hover=&#8221;|||&#8221;][et_pb_image src=&#8221;https:\/\/www.ig.cas.cz\/wp-content\/uploads\/2021\/10\/wagner-.jpg&#8221; title_text=&#8221;Wagner&#8221; align=&#8221;center&#8221; align_tablet=&#8221;center&#8221; align_phone=&#8221;&#8221; align_last_edited=&#8221;on|desktop&#8221; _builder_version=&#8221;4.6.0&#8243; max_width=&#8221;88%&#8221;][\/et_pb_image][et_pb_text _builder_version=&#8221;4.6.0&#8243; hover_enabled=&#8221;0&#8243; sticky_enabled=&#8221;0&#8243;]<\/p>\n<h3 style=\"text-align: center;\"><strong>Kaleb Wagner<\/strong><\/h3>\n<p style=\"text-align: center;\">Researcher<br \/><a href=\"https:\/\/www.ig.cas.cz\/en\/surface-processes-palaeoclimate\/\" target=\"_blank\" data-saferedirecturl=\"https:\/\/www.google.com\/url?q=https:\/\/www.ig.cas.cz\/en\/surface-processes-palaeoclimate\/&amp;source=gmail&amp;ust=1645707409303000&amp;usg=AOvVaw0chpZ5ArhJCTZS3xg22ZUl\" rel=\"noopener\">Surface Processes &amp; Palaeoclimate<\/a><br \/>Office #220<br \/>+420\u00a0267\u00a0103\u00a0030<br \/><a href=\"mailto:kaleb.wagner@ig.cas.cz\" target=\"_blank\" rel=\"noopener\">kaleb.wagner@ig.cas.cz<\/a><\/p>\n<p>[\/et_pb_text][\/et_pb_column][\/et_pb_row][\/et_pb_section]<\/p>\n","protected":false},"excerpt":{"rendered":"<p>Kaleb Wagner\u00a0is a&nbsp;researcher with the Surface Processes &amp; Paleoclimates team (Institute of Geophysics, Czech Academy of Science) and a&nbsp;PhD student at Charles University (Department of Physical Geography &amp; Geoecology, Faculty of Science). He focuses on the use of sedimentary and geomorphologic archives to reconstruct the extent and dynamics of continental ice sheets. Under [&hellip;]<\/p>\n","protected":false},"author":5,"featured_media":3827,"parent":416,"menu_order":0,"comment_status":"closed","ping_status":"closed","template":"","meta":{"_et_pb_use_builder":"on","_et_pb_old_content":"","_et_gb_content_width":"","footnotes":""},"categories":[],"tags":[127],"class_list":["post-27430","page","type-page","status-publish","has-post-thumbnail","hentry","tag-people-en"],"yoast_head":"<!-- This site is optimized with the Yoast SEO plugin v25.9 - https:\/\/yoast.com\/wordpress\/plugins\/seo\/ -->\n<title>Kaleb Wagner - Geofyzik\u00e1ln\u00ed \u00fastav Akademie v\u011bd \u010cR, v.v.i.<\/title>\n<meta name=\"robots\" content=\"index, follow, max-snippet:-1, max-image-preview:large, max-video-preview:-1\" \/>\n<link rel=\"canonical\" href=\"https:\/\/www.ig.cas.cz\/en\/contact\/staff\/kaleb-wagner\/\" \/>\n<meta property=\"og:locale\" content=\"en_US\" \/>\n<meta property=\"og:type\" content=\"article\" \/>\n<meta property=\"og:title\" content=\"Kaleb Wagner - Geofyzik\u00e1ln\u00ed \u00fastav Akademie v\u011bd \u010cR, v.v.i.\" \/>\n<meta property=\"og:description\" content=\"Kaleb Wagner\u00a0is a researcher with the Surface Processes &amp; Paleoclimates team (Institute of Geophysics, Czech Academy of Science) and a PhD student at Charles University (Department of Physical Geography &amp; Geoecology, Faculty of Science). He focuses on the use of sedimentary and geomorphologic archives to reconstruct the extent and dynamics of continental ice sheets. Under [&hellip;]\" \/>\n<meta property=\"og:url\" content=\"https:\/\/www.ig.cas.cz\/en\/contact\/staff\/kaleb-wagner\/\" \/>\n<meta property=\"og:site_name\" content=\"Dom\u016f\" \/>\n<meta property=\"article:publisher\" content=\"https:\/\/www.facebook.com\/GFUAVCR\/\" \/>\n<meta property=\"article:modified_time\" content=\"2023-06-28T08:06:51+00:00\" \/>\n<meta property=\"og:image\" content=\"https:\/\/www.ig.cas.cz\/wp-content\/uploads\/2018\/01\/mapa_geologicka.jpg\" \/>\n\t<meta property=\"og:image:width\" content=\"2500\" \/>\n\t<meta property=\"og:image:height\" content=\"260\" \/>\n\t<meta property=\"og:image:type\" content=\"image\/jpeg\" \/>\n<meta name=\"twitter:card\" content=\"summary_large_image\" \/>\n<meta name=\"twitter:label1\" content=\"Est. reading time\" \/>\n\t<meta name=\"twitter:data1\" content=\"1 minute\" \/>\n<script type=\"application\/ld+json\" class=\"yoast-schema-graph\">{\"@context\":\"https:\/\/schema.org\",\"@graph\":[{\"@type\":\"WebPage\",\"@id\":\"https:\/\/www.ig.cas.cz\/en\/contact\/staff\/kaleb-wagner\/\",\"url\":\"https:\/\/www.ig.cas.cz\/en\/contact\/staff\/kaleb-wagner\/\",\"name\":\"Kaleb Wagner - Geofyzik\u00e1ln\u00ed \u00fastav Akademie v\u011bd \u010cR, v.v.i.\",\"isPartOf\":{\"@id\":\"https:\/\/www.ig.cas.cz\/#website\"},\"primaryImageOfPage\":{\"@id\":\"https:\/\/www.ig.cas.cz\/en\/contact\/staff\/kaleb-wagner\/#primaryimage\"},\"image\":{\"@id\":\"https:\/\/www.ig.cas.cz\/en\/contact\/staff\/kaleb-wagner\/#primaryimage\"},\"thumbnailUrl\":\"https:\/\/www.ig.cas.cz\/wp-content\/uploads\/2018\/01\/mapa_geologicka.jpg\",\"datePublished\":\"2022-02-15T13:20:49+00:00\",\"dateModified\":\"2023-06-28T08:06:51+00:00\",\"breadcrumb\":{\"@id\":\"https:\/\/www.ig.cas.cz\/en\/contact\/staff\/kaleb-wagner\/#breadcrumb\"},\"inLanguage\":\"en-US\",\"potentialAction\":[{\"@type\":\"ReadAction\",\"target\":[\"https:\/\/www.ig.cas.cz\/en\/contact\/staff\/kaleb-wagner\/\"]}]},{\"@type\":\"ImageObject\",\"inLanguage\":\"en-US\",\"@id\":\"https:\/\/www.ig.cas.cz\/en\/contact\/staff\/kaleb-wagner\/#primaryimage\",\"url\":\"https:\/\/www.ig.cas.cz\/wp-content\/uploads\/2018\/01\/mapa_geologicka.jpg\",\"contentUrl\":\"https:\/\/www.ig.cas.cz\/wp-content\/uploads\/2018\/01\/mapa_geologicka.jpg\",\"width\":2500,\"height\":260},{\"@type\":\"BreadcrumbList\",\"@id\":\"https:\/\/www.ig.cas.cz\/en\/contact\/staff\/kaleb-wagner\/#breadcrumb\",\"itemListElement\":[{\"@type\":\"ListItem\",\"position\":1,\"name\":\"Dom\u016f\",\"item\":\"https:\/\/www.ig.cas.cz\/en\/\"},{\"@type\":\"ListItem\",\"position\":2,\"name\":\"Contacts\",\"item\":\"https:\/\/www.ig.cas.cz\/en\/contact\/\"},{\"@type\":\"ListItem\",\"position\":3,\"name\":\"Staff\",\"item\":\"https:\/\/www.ig.cas.cz\/en\/contact\/staff\/\"},{\"@type\":\"ListItem\",\"position\":4,\"name\":\"Kaleb Wagner\"}]},{\"@type\":\"WebSite\",\"@id\":\"https:\/\/www.ig.cas.cz\/#website\",\"url\":\"https:\/\/www.ig.cas.cz\/\",\"name\":\"Dom\u016f\",\"description\":\"Geofyzik\u00e1ln\u00ed \u00fastav Akademie v\u011bd \u010cR, v.v.i.\",\"potentialAction\":[{\"@type\":\"SearchAction\",\"target\":{\"@type\":\"EntryPoint\",\"urlTemplate\":\"https:\/\/www.ig.cas.cz\/?s={search_term_string}\"},\"query-input\":{\"@type\":\"PropertyValueSpecification\",\"valueRequired\":true,\"valueName\":\"search_term_string\"}}],\"inLanguage\":\"en-US\"}]}<\/script>\n<!-- \/ Yoast SEO plugin. -->","yoast_head_json":{"title":"Kaleb Wagner - Geofyzik\u00e1ln\u00ed \u00fastav Akademie v\u011bd \u010cR, v.v.i.","robots":{"index":"index","follow":"follow","max-snippet":"max-snippet:-1","max-image-preview":"max-image-preview:large","max-video-preview":"max-video-preview:-1"},"canonical":"https:\/\/www.ig.cas.cz\/en\/contact\/staff\/kaleb-wagner\/","og_locale":"en_US","og_type":"article","og_title":"Kaleb Wagner - Geofyzik\u00e1ln\u00ed \u00fastav Akademie v\u011bd \u010cR, v.v.i.","og_description":"Kaleb Wagner\u00a0is a researcher with the Surface Processes &amp; Paleoclimates team (Institute of Geophysics, Czech Academy of Science) and a PhD student at Charles University (Department of Physical Geography &amp; Geoecology, Faculty of Science). He focuses on the use of sedimentary and geomorphologic archives to reconstruct the extent and dynamics of continental ice sheets. Under [&hellip;]","og_url":"https:\/\/www.ig.cas.cz\/en\/contact\/staff\/kaleb-wagner\/","og_site_name":"Dom\u016f","article_publisher":"https:\/\/www.facebook.com\/GFUAVCR\/","article_modified_time":"2023-06-28T08:06:51+00:00","og_image":[{"width":2500,"height":260,"url":"https:\/\/www.ig.cas.cz\/wp-content\/uploads\/2018\/01\/mapa_geologicka.jpg","type":"image\/jpeg"}],"twitter_card":"summary_large_image","twitter_misc":{"Est. reading time":"1 minute"},"schema":{"@context":"https:\/\/schema.org","@graph":[{"@type":"WebPage","@id":"https:\/\/www.ig.cas.cz\/en\/contact\/staff\/kaleb-wagner\/","url":"https:\/\/www.ig.cas.cz\/en\/contact\/staff\/kaleb-wagner\/","name":"Kaleb Wagner - Geofyzik\u00e1ln\u00ed \u00fastav Akademie v\u011bd \u010cR, v.v.i.","isPartOf":{"@id":"https:\/\/www.ig.cas.cz\/#website"},"primaryImageOfPage":{"@id":"https:\/\/www.ig.cas.cz\/en\/contact\/staff\/kaleb-wagner\/#primaryimage"},"image":{"@id":"https:\/\/www.ig.cas.cz\/en\/contact\/staff\/kaleb-wagner\/#primaryimage"},"thumbnailUrl":"https:\/\/www.ig.cas.cz\/wp-content\/uploads\/2018\/01\/mapa_geologicka.jpg","datePublished":"2022-02-15T13:20:49+00:00","dateModified":"2023-06-28T08:06:51+00:00","breadcrumb":{"@id":"https:\/\/www.ig.cas.cz\/en\/contact\/staff\/kaleb-wagner\/#breadcrumb"},"inLanguage":"en-US","potentialAction":[{"@type":"ReadAction","target":["https:\/\/www.ig.cas.cz\/en\/contact\/staff\/kaleb-wagner\/"]}]},{"@type":"ImageObject","inLanguage":"en-US","@id":"https:\/\/www.ig.cas.cz\/en\/contact\/staff\/kaleb-wagner\/#primaryimage","url":"https:\/\/www.ig.cas.cz\/wp-content\/uploads\/2018\/01\/mapa_geologicka.jpg","contentUrl":"https:\/\/www.ig.cas.cz\/wp-content\/uploads\/2018\/01\/mapa_geologicka.jpg","width":2500,"height":260},{"@type":"BreadcrumbList","@id":"https:\/\/www.ig.cas.cz\/en\/contact\/staff\/kaleb-wagner\/#breadcrumb","itemListElement":[{"@type":"ListItem","position":1,"name":"Dom\u016f","item":"https:\/\/www.ig.cas.cz\/en\/"},{"@type":"ListItem","position":2,"name":"Contacts","item":"https:\/\/www.ig.cas.cz\/en\/contact\/"},{"@type":"ListItem","position":3,"name":"Staff","item":"https:\/\/www.ig.cas.cz\/en\/contact\/staff\/"},{"@type":"ListItem","position":4,"name":"Kaleb Wagner"}]},{"@type":"WebSite","@id":"https:\/\/www.ig.cas.cz\/#website","url":"https:\/\/www.ig.cas.cz\/","name":"Dom\u016f","description":"Geofyzik\u00e1ln\u00ed \u00fastav Akademie v\u011bd \u010cR, v.v.i.","potentialAction":[{"@type":"SearchAction","target":{"@type":"EntryPoint","urlTemplate":"https:\/\/www.ig.cas.cz\/?s={search_term_string}"},"query-input":{"@type":"PropertyValueSpecification","valueRequired":true,"valueName":"search_term_string"}}],"inLanguage":"en-US"}]}},"_links":{"self":[{"href":"https:\/\/www.ig.cas.cz\/en\/wp-json\/wp\/v2\/pages\/27430","targetHints":{"allow":["GET"]}}],"collection":[{"href":"https:\/\/www.ig.cas.cz\/en\/wp-json\/wp\/v2\/pages"}],"about":[{"href":"https:\/\/www.ig.cas.cz\/en\/wp-json\/wp\/v2\/types\/page"}],"author":[{"embeddable":true,"href":"https:\/\/www.ig.cas.cz\/en\/wp-json\/wp\/v2\/users\/5"}],"replies":[{"embeddable":true,"href":"https:\/\/www.ig.cas.cz\/en\/wp-json\/wp\/v2\/comments?post=27430"}],"version-history":[{"count":0,"href":"https:\/\/www.ig.cas.cz\/en\/wp-json\/wp\/v2\/pages\/27430\/revisions"}],"up":[{"embeddable":true,"href":"https:\/\/www.ig.cas.cz\/en\/wp-json\/wp\/v2\/pages\/416"}],"wp:featuredmedia":[{"embeddable":true,"href":"https:\/\/www.ig.cas.cz\/en\/wp-json\/wp\/v2\/media\/3827"}],"wp:attachment":[{"href":"https:\/\/www.ig.cas.cz\/en\/wp-json\/wp\/v2\/media?parent=27430"}],"wp:term":[{"taxonomy":"category","embeddable":true,"href":"https:\/\/www.ig.cas.cz\/en\/wp-json\/wp\/v2\/categories?post=27430"},{"taxonomy":"post_tag","embeddable":true,"href":"https:\/\/www.ig.cas.cz\/en\/wp-json\/wp\/v2\/tags?post=27430"}],"curies":[{"name":"wp","href":"https:\/\/api.w.org\/{rel}","templated":true}]}}