{"id":28307,"date":"2022-04-04T15:35:23","date_gmt":"2022-04-04T13:35:23","guid":{"rendered":"https:\/\/www.ig.cas.cz\/?page_id=28307"},"modified":"2024-01-30T09:38:26","modified_gmt":"2024-01-30T08:38:26","slug":"petr-kolinsky","status":"publish","type":"page","link":"https:\/\/www.ig.cas.cz\/en\/contact\/staff\/petr-kolinsky\/","title":{"rendered":"Petr Kol\u00ednsk\u00fd"},"content":{"rendered":"<p>[et_pb_section fb_built=&#8221;1&#8243; _builder_version=&#8221;4.16&#8243; custom_margin=&#8221;20px|||&#8221; custom_padding=&#8221;0px|0px|0px|0px&#8221; global_colors_info=&#8221;{}&#8221;][et_pb_row column_structure=&#8221;2_3,1_3&#8243; _builder_version=&#8221;4.16&#8243; background_size=&#8221;initial&#8221; background_position=&#8221;top_left&#8221; background_repeat=&#8221;repeat&#8221; custom_padding=&#8221;15px|0px|21px|0px&#8221; global_colors_info=&#8221;{}&#8221;][et_pb_column type=&#8221;2_3&#8243; _builder_version=&#8221;4.16&#8243; custom_padding=&#8221;|||&#8221; global_colors_info=&#8221;{}&#8221; custom_padding__hover=&#8221;|||&#8221;][et_pb_text _builder_version=&#8221;4.16&#8243; global_colors_info=&#8221;{}&#8221;]<\/p>\n<h3><strong>Curriculum vit\u00e6<\/strong><\/h3>\n<h4 style=\"margin-top: 1em;\"><strong>Academic history<\/strong><\/h4>\n<ul>\n<li>2003 Mgr. degree at Charles University (Prague), Faculty of Mathematics and Physics, Department of Geophysics \u2013 seismology<\/li>\n<li>2010 PhD degree at Charles University (Prague), Faculty of Mathematics and Physics, Department of Geophysics \u2013 seismology<\/li>\n<\/ul>\n<h4><strong>Employment<\/strong><\/h4>\n<ul>\n<li>2003 \u2013 2014 Department of Seismology (later Seismotectonics), Institute of Rock Structure and Mechanics, Czech Academy of Sciences<\/li>\n<li>2008 internship in MicroSeismic Inc., Houston, Texas<\/li>\n<li>2010 consultant for MicroSeismic Inc. (OMV project near Vienna, Austria)\n<li>2014 consultant for Sihaya, s.r.o. (shallow geophysical survey)<\/li>\n<li>2015 \u2013 2021 postdoc \/ assistant professor at the Department of Meteorology and Geophysics, Faculty of Earth Sciences, Geography and Astronomy, University of Vienna<\/li>\n<li>since 2022 \u2013 Institute of Geophysics, Czech Academy of Sciences, Prague<\/li>\n<\/ul>\n<h4><strong>Teaching<\/strong><\/h4>\n<ul>\n<li>Geophysical Measurement course<\/li>\n<li>Advanced Seismometry course<\/li>\n<li>Exploration Seismology course<\/li>\n<li>Structure of the Earth course<\/li>\n<li>Physics of the Earth seminar<\/li>\n<\/ul>\n<h4><strong>Management + administration<\/strong><\/h4>\n<ul>\n<li>2012 \u2013 2014 deputy head of the Department of Seismotectonics, Institute of Rock Structure and Mechanics<\/li>\n<li>2010 \u2013 2013 principal researcher of two grant projects by the Czech Science Foundation<\/li>\n<li>member of EGU, AGU, SSA, ESC, EAGE<\/li>\n<li>coordination of the AdriaArray Initiative<\/li>\n<li>member of the Orfeus User Advisory Group<\/li>\n<li>member of the FDSN StationXML-schema review team<\/li>\n<li>the AlpArray project<\/li>\n<\/ul>\n<h4><strong>Research interests<\/strong><\/h4>\n<ul>\n<li>Earth crust and upper mantle<\/li>\n<li>surface waves from earthquakes and ambient noise<\/li>\n<li>SKS splitting<\/li>\n<li>small aperture arrays<\/li>\n<li>rotational components of seismic waves<\/li>\n<li>seismic hazard assessment<\/li>\n<li>groundwater level variations<\/li>\n<li>shallow geophysical survey<\/li>\n<li>permanent \/ temporary seismic station deployment<\/li>\n<li>software development (frequency time analysis, array analysis)<\/li>\n<\/ul>\n<p>[\/et_pb_text][\/et_pb_column][et_pb_column type=&#8221;1_3&#8243; _builder_version=&#8221;4.16&#8243; custom_padding=&#8221;|||&#8221; global_colors_info=&#8221;{}&#8221; custom_padding__hover=&#8221;|||&#8221;][et_pb_image src=&#8221;https:\/\/www.ig.cas.cz\/wp-content\/uploads\/2022\/04\/csm_kolinsky_2018_portrait_6ebd96a67b.jpg&#8221; title_text=&#8221;Csm Kolinsky 2018 Portrait 6ebd96a67b&#8221; align=&#8221;center&#8221; align_tablet=&#8221;center&#8221; align_phone=&#8221;&#8221; align_last_edited=&#8221;on|desktop&#8221; admin_label=&#8221;Image&#8221; _builder_version=&#8221;4.16&#8243; max_width=&#8221;88%&#8221; border_width_all=&#8221;1px&#8221; border_color_all=&#8221;rgba(51,51,51,0.8)&#8221; global_colors_info=&#8221;{}&#8221;][\/et_pb_image][et_pb_text admin_label=&#8221;Text&#8221; _builder_version=&#8221;4.23.1&#8243; hover_enabled=&#8221;0&#8243; global_colors_info=&#8221;{}&#8221; sticky_enabled=&#8221;0&#8243;]<\/p>\n<h3 style=\"text-align: center;\">Mgr.\u00a0<strong>Petr Kol\u00ednsk\u00fd<\/strong>, Ph.D.<\/h3>\n<p style=\"text-align: center;\">Researcher<br \/><a href=\"https:\/\/www.ig.cas.cz\/en\/research\/teams\/lithosphere-team\/\">Structure of Continental Lithosphere<\/a><br \/><a href=\"mailto:petr.kolinsky@ig.cas.cz\">petr.kolinsky@ig.cas.cz<\/a><br \/>+420\u00a0267\u00a0103&nbsp;372<br \/>Office 004<br \/><a href=\"https:\/\/orcid.org\/0000-0003-3573-8497\" target=\"orcid.widget\" rel=\"noopener noreferrer\"><img decoding=\"async\" src=\"https:\/\/orcid.org\/sites\/default\/files\/images\/orcid_16x16.png\" alt=\"ORCID iD icon\" \/>\u00a0ORCID<\/a><br \/><a href=\"https:\/\/www.webofscience.com\/wos\/author\/record\/154250\">Web of Sciences<\/a><br \/><a href=\"https:\/\/www.scopus.com\/authid\/detail.uri?authorId=24833297300\">Scopus<\/a><br \/><a href=\"https:\/\/scholar.google.com\/citations?user=WieF1RwAAAAJ\">Google Scholar<\/a><br \/><a href=\"http:\/\/www.ferruv.net\/#mEN\">personal webpage<\/a><\/p>\n<p>[\/et_pb_text][\/et_pb_column][\/et_pb_row][et_pb_row _builder_version=&#8221;4.16&#8243; background_size=&#8221;initial&#8221; background_position=&#8221;top_left&#8221; background_repeat=&#8221;repeat&#8221; global_colors_info=&#8221;{}&#8221;][et_pb_column type=&#8221;4_4&#8243; _builder_version=&#8221;4.16&#8243; custom_padding=&#8221;|||&#8221; global_colors_info=&#8221;{}&#8221; custom_padding__hover=&#8221;|||&#8221;][et_pb_text _builder_version=&#8221;4.16&#8243; global_colors_info=&#8221;{}&#8221;]<\/p>\n<h3><strong>Publications<br \/><\/strong><\/h3>\n<p>&nbsp;<\/p>\n<ul>\n<li>Qorbani, E., <strong>Kol\u00ednsk\u00fd, P.<\/strong>, Bianchi, I., Zigone, D. and Bokelmann, G., 2022: Upper crustal structure at the KTB drilling site from ambient noise tomography, <em>Geophysical Journal International<\/em>, 231, 982-995. <br \/><a href=\"https:\/\/doi.org\/10.1093\/gji\/ggac233\">doi:10.1093\/gji\/ggac233<\/a><\/li>\n<li>Hein, G., <strong>Kol\u00ednsk\u00fd, P.<\/strong>, Bianchi, I., Bokelmann, G. and the AlpArray Working Group, 2021:, Shear-wave splitting in the alpine region, <em>Geophysical Journal International<\/em>.<br \/><a href=\"https:\/\/doi.org\/10.1093\/gji\/ggab305\">doi:10.1093\/gji\/ggab305<\/a><\/li>\n<li>Belini\u0107, T., <strong>Kol\u00ednsk\u00fd, P.<\/strong>, Stip\u010devi\u0107, J. and the AlpArray Working Group, 2020: Shear-wave velocity structure beneath the Dinarides from the inversion of Rayleigh-wave dispersion, <em>Earth and Planetary Science Letters<\/em>, 555, 116686.<br \/><a href=\"http:\/\/doi.org\/10.1016\/j.epsl.2020.116686\">doi:10.1016\/j.epsl.2020.116686<\/a><\/li>\n<li><strong>Kol\u00ednsk\u00fd, P.<\/strong>, Bokelmann, G. and the AlpArray Working Group, 2020: On the wobbles of phase-velocity dispersion curves, <em>Geophysical Journal International<\/em>, 224, 1477-1504.<br \/><a href=\"https:\/\/doi.org\/10.1093\/gji\/ggaa487\">doi:doi.org\/10.1093\/gji\/ggaa487<\/a><\/li>\n<li><strong>Kol\u00ednsk\u00fd, P.<\/strong>, Schneider, F. M. and Bokelmann, G., 2020: Surface wave diffraction pattern recorded on AlpArray: Cameroon Volcanic Line case study, <em>Journal of Geophysical Research: Solid Earth<\/em>, 125.<br \/><a href=\"https:\/\/doi.org\/10.1029\/2019JB019102\">doi:10.1029\/2019JB019102<\/a><\/li>\n<li>Luke\u0161ov\u00e1, R., Fot\u00edkov\u00e1, L., M\u00e1lek, J. and <strong>Kol\u00ednsk\u00fd, P.<\/strong>, 2019: Seismic waves velocities inferred from the surface waves dispersion in the Mal\u00e9 Karpaty Mountains, Slovakia, <em>Acta Geodyn. Geomater.<\/em>, 16, 4(196), 451-464.<br \/><a href=\"https:\/\/doi.org\/10.13168\/AGG.2019.0038\">doi:10.13168\/AGG.2019.0038<\/a><\/li>\n<li>Fuchs, F., Schneider, F., <strong>Kol\u00ednsk\u00fd, P.<\/strong>, Serafin, S. and Bokelmann, G., 2019: Rich observations of local and regional infrasound phases made by the AlpArray seismic network after refinery explosion, <em>Scientific Reports<\/em>, 9, 13027.<br \/><a href=\"https:\/\/doi.org\/10.1038\/s41598-019-49494-2\">doi:10.1038\/s41598-019-49494-2<\/a><\/li>\n<li><strong>Kol\u00ednsk\u00fd, P.<\/strong>, Bokelmann, G. and the AlpArray Working Group, 2019: Arrival angles of teleseismic fundamental mode Rayleigh waves across the AlpArray, <em>Geophysical Journal International<\/em>, 218, 114-144.<br \/><a href=\"https:\/\/doi.org\/10.1093\/gji\/ggz081\">doi:10.1093\/gji\/ggz081<\/a><\/li>\n<li>Schneider, F. M., Fuchs, F., <strong>Kol\u00ednsk\u00fd, P.<\/strong>, Caffagni, E., Serafin, S., Dorninger, M., Bokelmann, G. and the AlpArray Working Group, 2018: Seismo-acoustic signals of the Baumgarten (Austria) gas explosion detected by the AlpArray seismic network, <em>Earth and Planetary Science Letters<\/em>, Vol. 502, 104-114.<br \/><a href=\"https:\/\/doi.org\/10.1016\/j.epsl.2018.08.034\">doi:10.1016\/j.epsl.2018.08.034<\/a><\/li>\n<li>Fuchs, F., <strong>Kol\u00ednsk\u00fd, P.<\/strong>, Gr\u00f6schl, G., Bokelmann, G. and the AlpArray Working Group, 2016: AlpArray in Austria and Slovakia: technical realization, site description and noise characterization, <em>Advances in Geosciences<\/em>, Vol. 43, 1-13.<br \/><a href=\"https:\/\/doi.org\/10.5194\/adgeo-43-1-2016\">doi:10.5194\/adgeo-43-1-2016<\/a><\/li>\n<li>Fuchs, F., <strong>Kol\u00ednsk\u00fd, P.<\/strong>, Gr\u00f6schl, G., Apoloner, M.-T., Qorbani, E., Schneider, F. and Bokelmann, G., 2015: Site selection for a&nbsp;countrywide temporary network in Austria: noise analysis and preliminary performance, <em>Advances in Geosciences<\/em>, Vol. 41, 25-33.<br \/><a href=\"https:\/\/doi.org\/10.5194\/adgeo-41-25-2015\">doi:10.5194\/adgeo-41-25-2015<\/a><\/li>\n<li>Ga\u017edov\u00e1, R., <strong>Kol\u00ednsk\u00fd, P.<\/strong>, Vilhelm, J. and Valenta, J., 2015: Combining surface waves and common methods for shallow geophysical survey, <em>Near Surface Geophysics<\/em>, Vol. 12, 19-32.<br \/><a href=\"https:\/\/doi.org\/10.3997\/1873-0604.2014039\">doi:10.3997\/1873-0604.2014039<\/a><\/li>\n<li><strong>Kol\u00ednsk\u00fd, P.<\/strong>, Valenta, J. and M\u00e1lek, J., 2014: Velocity model of the Hronov-Po\u0159\u00ed\u010d\u00ed Fault Zone from Rayleigh wave dispersion, <em>Journal of Seismology<\/em>, Vol. 18, 617-635.<br \/><a href=\"https:\/\/doi.org\/10.1007\/s10950-014-9433-4\">doi:10.1007\/s10950-014-9433-4<\/a><\/li>\n<li>Broke\u0161ov\u00e1, J., M\u00e1lek, J. and <strong>Kol\u00ednsk\u00fd, P.<\/strong>, 2012: Rotaphone, a&nbsp;mechanical seismic sensor system for field rotation rate measurements and its in situ calibration, <em>Journal of Seismology<\/em>, Vol. 16, Issue 4, 603-621.<br \/><a href=\"https:\/\/doi.org\/10.1007\/s10950-012-9274-y\">doi:10.1007\/s10950-012-9274-y<\/a><\/li>\n<li><strong>Kol\u00ednsk\u00fd, P.<\/strong>, Valenta, J., Ga\u017edov\u00e1, R., 2012: Seismicity, groundwater level variations and Earth tides in the Hronov-Po\u0159\u00ed\u010d\u00ed Fault Zone, Czech Republic, <em>Acta Geodyn. Geomater.<\/em>, Vol. 9, No. 2 (166), 191-209.<br \/><a href=\"https:\/\/www.irsm.cas.cz\/materialy\/acta_content\/2012_02\/9_Kolinsky.pdf\">www.irsm.cas.cz\/materialy\/acta_content\/2012_02\/9_Kolinsky.pdf<\/a><\/li>\n<li>Ga\u017edov\u00e1, R., Novotn\u00fd, O., M\u00e1lek, J., Valenta, J., Bro\u017e, M. and <strong>Kol\u00ednsk\u00fd, P.<\/strong>, 2011: Groundwater level variations in the seismically active region of Western Bohemia in the years 2005\u20132010, <em>Acta Geodyn. Geomater.<\/em>, Vol. 8, No. 1 (161), 17-27.<br \/><a href=\"https:\/\/www.irsm.cas.cz\/materialy\/acta_content\/2011_01\/2_Gazdova.pdf\">www.irsm.cas.cz\/materialy\/acta_content\/2011_01\/2_Gazdova.pdf<\/a><\/li>\n<li><strong>Kol\u00ednsk\u00fd, P.<\/strong>, M\u00e1lek, J. and Broke\u0161ov\u00e1, J., 2011: Shear wave crustal velocity model of the western Bohemian Massif from Love wave phase velocity dispersion, <em>Journal of Seismology<\/em>, 15, 81-104.<br \/><a href=\"https:\/\/doi.org\/10.1007\/s10950-010-9209-4\">doi:10.1007\/s10950-010-9209-4<\/a><\/li>\n<li>Ga\u017edov\u00e1, R., <strong>Kol\u00ednsk\u00fd, P.<\/strong>, Popova, I. and Dimitrova, L., 2011: Surface wave phase velocities between Bulgaria and the Czech Republic, <em>Exploration geophysics, remote sensing and environment<\/em>, 2011\/2, 16-23.<br \/><a href=\"https:\/\/www.caag.cz\/egrse\/2011-2\/03%20gazdova_ova.pdf\">www.caag.cz\/egrse\/2011-2\/03%20gazdova_ova.pdf<\/a><\/li>\n<li>Sk\u00e1celov\u00e1, Z., Rapprich, V., Valenta, J., Hartvich, F., \u0160r\u00e1mek, J., Rado\u0148, M., Ga\u017edov\u00e1, R., Nov\u00e1kov\u00e1, L., <strong>Kol\u00ednsk\u00fd, P.<\/strong> and P\u00e9cskay, Z., 2010: Geophysical research on structure of partly eroded maar volcanoes: Miocene Hnojnice and Oligocene Rychnov volcanoes (northern Czech Republic), <em>Journal of Geosciences<\/em>, 55, 299-311.<br \/><a href=\"https:\/\/doi.org\/10.3190\/jgeosci.072\">doi:10.3190\/jgeosci.072<\/a><\/li>\n<li>Ga\u017edov\u00e1, R., <strong>Kol\u00ednsk\u00fd, P.<\/strong>, M\u00e1lek, J. and Vilhelm, J., 2008: Shear wave velocities inferred from surface wave dispersion beneath the P\u0159\u00edbram array in the Czech Republic, <em>Acta Geodyn. Geomater.<\/em>, Vol. 5 (151), 247\u2013255.<br \/><a href=\"https:\/\/www.irsm.cas.cz\/materialy\/acta_content\/2008_03\/2_Gazdova.pdf\">www.irsm.cas.cz\/materialy\/acta_content\/2008_03\/2_Gazdova.pdf<\/a><\/li>\n<\/ul>\n<p>[\/et_pb_text][et_pb_toggle title=&#8221;continue &#8230;&#8221; _builder_version=&#8221;4.16&#8243; global_colors_info=&#8221;{}&#8221;]<\/p>\n<ul>\n<li><strong>Kol\u00ednsk\u00fd, P.<\/strong> and Broke\u0161ov\u00e1, J., 2008: The Western Bohemia uppermost crust Rayleigh wave tomography, <em>Acta Geodyn.Geomater.<\/em>, Vol. 5, No. 1, (149), 5-17.<br \/><a href=\"https:\/\/www.irsm.cas.cz\/materialy\/acta_content\/2008_01\/1_Kolinsky.pdf\">www.irsm.cas.cz\/materialy\/acta_content\/2008_01\/1_Kolinsky.pdf<\/a><\/li>\n<li>Wilde-Pi\u00f3rko, M., Geissler, W. H., Plomerov\u00e1, J., Grad, M., Babu\u0161ka, V., Br\u00fcckl, E., Cyziene, J., Czuba, W., England, R., Gaczy\u0144ski, E., Ga\u017edov\u00e1, R., Gregersen, S., Guterch, A., Hanka, W., Heged\u00fcs, E., Heuer, B., Jedli\u010dka, P., Lazauskiene, J., Keller, G. R., Kind, R., Klinge, K., <strong>Kol\u00ednsk\u00fd, P.<\/strong>, Komminaho, K., Kozlovskaya, E., Kr\u00fcger, F., Larsen, T., Majda\u0144ski, M., M\u00e1lek, J., Motuza, G., Novotn\u00fd, O., Pietrasiak, R., Plenefisch, T., R\u016f\u017eek, B., Sliaupa, S., \u015aroda, P., \u015awieczak, M., Tiira, T., Voss, P., Wiejacz, P., 2008: PASSEQ 2006-2008: Passive seismic experiment in Trans-Europe Suture Zone, <em>Studia geophysica et geodaetica<\/em>, Vol. 52, No. 3, 439-448.<br \/><a href=\"https:\/\/doi.org\/10.1007\/s11200-008-0030-2\">doi:10.1007\/s11200-008-0030-2<\/a><\/li>\n<li><strong>Kol\u00ednsk\u00fd, P.<\/strong> and Broke\u0161ov\u00e1, J., 2007: The Western Bohemia uppermost crust shear wave velocities from Love wave dispersion, <em>Journal of Seismology<\/em>, 11, 101-120.<br \/><a href=\"https:\/\/doi.org\/10.1007\/s10950-006-9040-0\">doi:10.1007\/s10950-006-9040-0<\/a><\/li>\n<li>M\u00e1lek, J., Kol\u00ednsk\u00fd, P., \u0160trunc, J. and Valenta, J., 2007: Generalized average of signals (GAS) &#8211; a&nbsp;new method for detection of very weak waves in seismograms, <em>Acta Geodyn. Geomater.<\/em>, Vol. 4, (147), 5-10.<br \/><a href=\"https:\/\/www.irsm.cas.cz\/materialy\/acta_content\/2007_03\/1_Malek.pdf\">www.irsm.cas.cz\/materialy\/acta_content\/2007_03\/1_Malek.pdf<\/a><\/li>\n<li><strong>Kol\u00ednsk\u00fd, P.<\/strong>: 2005, Seismic velocity model in the vicinity of Eger Rift from dispersion of surface waves, Final report about the Internal start project of the Grant Agency of the Academy of Sciences of the Czech Republic, <em>Acta Research Reports<\/em>, No. 14, 67 \u2013 71.<br \/><a href=\"https:\/\/www.dropbox.com\/s\/plh0w4tywsmc1fu\/2005-ActaRR.pdf?dl=0\">www.dropbox.com\/s\/plh0w4tywsmc1fu\/2005-ActaRR.pdf?dl=0<\/a><\/li>\n<li><strong>Kol\u00ednsk\u00fd, P.<\/strong>, 2004: Surface wave dispersion curves of Eurasian earthquakes: the SVAL program, <em>Acta Geodyn.Geomater.<\/em>, Vol. 1, No. 2 (134), 165\u2013185.<br \/><a href=\"https:\/\/www.irsm.cas.cz\/materialy\/acta_content\/2004_02\/2_Kolinsky.pdf\">www.irsm.cas.cz\/materialy\/acta_content\/2004_02\/2_Kolinsky.pdf<\/a><\/li>\n<\/ul>\n<p>[\/et_pb_toggle][\/et_pb_column][\/et_pb_row][\/et_pb_section]<\/p>\n","protected":false},"excerpt":{"rendered":"<p>Curriculum vit\u00e6 Academic history 2003 Mgr. degree at Charles University (Prague), Faculty of Mathematics and Physics, Department of Geophysics \u2013 seismology 2010 PhD degree at Charles University (Prague), Faculty of Mathematics and Physics, Department of Geophysics \u2013 seismology Employment 2003 \u2013 2014 Department of Seismology (later Seismotectonics), Institute of Rock Structure and Mechanics, Czech Academy [&hellip;]<\/p>\n","protected":false},"author":20,"featured_media":13066,"parent":416,"menu_order":0,"comment_status":"closed","ping_status":"closed","template":"","meta":{"_et_pb_use_builder":"on","_et_pb_old_content":"","_et_gb_content_width":"","footnotes":""},"categories":[],"tags":[127],"class_list":["post-28307","page","type-page","status-publish","has-post-thumbnail","hentry","tag-people-en"],"yoast_head":"<!-- This site is optimized with the Yoast SEO plugin v25.9 - https:\/\/yoast.com\/wordpress\/plugins\/seo\/ -->\n<title>Petr Kol\u00ednsk\u00fd - Geofyzik\u00e1ln\u00ed \u00fastav Akademie v\u011bd \u010cR, v.v.i.<\/title>\n<meta name=\"robots\" content=\"index, follow, max-snippet:-1, max-image-preview:large, max-video-preview:-1\" \/>\n<link rel=\"canonical\" href=\"https:\/\/www.ig.cas.cz\/en\/contact\/staff\/petr-kolinsky\/\" \/>\n<meta property=\"og:locale\" content=\"en_US\" \/>\n<meta property=\"og:type\" content=\"article\" \/>\n<meta property=\"og:title\" content=\"Petr Kol\u00ednsk\u00fd - Geofyzik\u00e1ln\u00ed \u00fastav Akademie v\u011bd \u010cR, v.v.i.\" \/>\n<meta property=\"og:description\" content=\"Curriculum vit\u00e6 Academic history 2003 Mgr. degree at Charles University (Prague), Faculty of Mathematics and Physics, Department of Geophysics \u2013 seismology 2010 PhD degree at Charles University (Prague), Faculty of Mathematics and Physics, Department of Geophysics \u2013 seismology Employment 2003 \u2013 2014 Department of Seismology (later Seismotectonics), Institute of Rock Structure and Mechanics, Czech Academy [&hellip;]\" \/>\n<meta property=\"og:url\" content=\"https:\/\/www.ig.cas.cz\/en\/contact\/staff\/petr-kolinsky\/\" \/>\n<meta property=\"og:site_name\" content=\"Dom\u016f\" \/>\n<meta property=\"article:publisher\" content=\"https:\/\/www.facebook.com\/GFUAVCR\/\" \/>\n<meta property=\"article:modified_time\" content=\"2024-01-30T08:38:26+00:00\" \/>\n<meta property=\"og:image\" content=\"https:\/\/www.ig.cas.cz\/wp-content\/uploads\/2018\/01\/seismogram_header.jpg\" \/>\n\t<meta property=\"og:image:width\" content=\"2500\" \/>\n\t<meta property=\"og:image:height\" content=\"260\" \/>\n\t<meta property=\"og:image:type\" content=\"image\/jpeg\" \/>\n<meta name=\"twitter:card\" content=\"summary_large_image\" \/>\n<meta name=\"twitter:label1\" content=\"Est. reading time\" \/>\n\t<meta name=\"twitter:data1\" content=\"7 minutes\" \/>\n<script type=\"application\/ld+json\" class=\"yoast-schema-graph\">{\"@context\":\"https:\/\/schema.org\",\"@graph\":[{\"@type\":\"WebPage\",\"@id\":\"https:\/\/www.ig.cas.cz\/en\/contact\/staff\/petr-kolinsky\/\",\"url\":\"https:\/\/www.ig.cas.cz\/en\/contact\/staff\/petr-kolinsky\/\",\"name\":\"Petr Kol\u00ednsk\u00fd - Geofyzik\u00e1ln\u00ed \u00fastav Akademie v\u011bd \u010cR, v.v.i.\",\"isPartOf\":{\"@id\":\"https:\/\/www.ig.cas.cz\/#website\"},\"primaryImageOfPage\":{\"@id\":\"https:\/\/www.ig.cas.cz\/en\/contact\/staff\/petr-kolinsky\/#primaryimage\"},\"image\":{\"@id\":\"https:\/\/www.ig.cas.cz\/en\/contact\/staff\/petr-kolinsky\/#primaryimage\"},\"thumbnailUrl\":\"https:\/\/www.ig.cas.cz\/wp-content\/uploads\/2018\/01\/seismogram_header.jpg\",\"datePublished\":\"2022-04-04T13:35:23+00:00\",\"dateModified\":\"2024-01-30T08:38:26+00:00\",\"breadcrumb\":{\"@id\":\"https:\/\/www.ig.cas.cz\/en\/contact\/staff\/petr-kolinsky\/#breadcrumb\"},\"inLanguage\":\"en-US\",\"potentialAction\":[{\"@type\":\"ReadAction\",\"target\":[\"https:\/\/www.ig.cas.cz\/en\/contact\/staff\/petr-kolinsky\/\"]}]},{\"@type\":\"ImageObject\",\"inLanguage\":\"en-US\",\"@id\":\"https:\/\/www.ig.cas.cz\/en\/contact\/staff\/petr-kolinsky\/#primaryimage\",\"url\":\"https:\/\/www.ig.cas.cz\/wp-content\/uploads\/2018\/01\/seismogram_header.jpg\",\"contentUrl\":\"https:\/\/www.ig.cas.cz\/wp-content\/uploads\/2018\/01\/seismogram_header.jpg\",\"width\":2500,\"height\":260,\"caption\":\"Joe Parks from Berkeley, CA, Creative Commons Uve\u010fte autora 2.0 Generic\"},{\"@type\":\"BreadcrumbList\",\"@id\":\"https:\/\/www.ig.cas.cz\/en\/contact\/staff\/petr-kolinsky\/#breadcrumb\",\"itemListElement\":[{\"@type\":\"ListItem\",\"position\":1,\"name\":\"Dom\u016f\",\"item\":\"https:\/\/www.ig.cas.cz\/en\/\"},{\"@type\":\"ListItem\",\"position\":2,\"name\":\"Contacts\",\"item\":\"https:\/\/www.ig.cas.cz\/en\/contact\/\"},{\"@type\":\"ListItem\",\"position\":3,\"name\":\"Staff\",\"item\":\"https:\/\/www.ig.cas.cz\/en\/contact\/staff\/\"},{\"@type\":\"ListItem\",\"position\":4,\"name\":\"Petr Kol\u00ednsk\u00fd\"}]},{\"@type\":\"WebSite\",\"@id\":\"https:\/\/www.ig.cas.cz\/#website\",\"url\":\"https:\/\/www.ig.cas.cz\/\",\"name\":\"Dom\u016f\",\"description\":\"Geofyzik\u00e1ln\u00ed \u00fastav Akademie v\u011bd \u010cR, v.v.i.\",\"potentialAction\":[{\"@type\":\"SearchAction\",\"target\":{\"@type\":\"EntryPoint\",\"urlTemplate\":\"https:\/\/www.ig.cas.cz\/?s={search_term_string}\"},\"query-input\":{\"@type\":\"PropertyValueSpecification\",\"valueRequired\":true,\"valueName\":\"search_term_string\"}}],\"inLanguage\":\"en-US\"}]}<\/script>\n<!-- \/ Yoast SEO plugin. -->","yoast_head_json":{"title":"Petr Kol\u00ednsk\u00fd - Geofyzik\u00e1ln\u00ed \u00fastav Akademie v\u011bd \u010cR, v.v.i.","robots":{"index":"index","follow":"follow","max-snippet":"max-snippet:-1","max-image-preview":"max-image-preview:large","max-video-preview":"max-video-preview:-1"},"canonical":"https:\/\/www.ig.cas.cz\/en\/contact\/staff\/petr-kolinsky\/","og_locale":"en_US","og_type":"article","og_title":"Petr Kol\u00ednsk\u00fd - Geofyzik\u00e1ln\u00ed \u00fastav Akademie v\u011bd \u010cR, v.v.i.","og_description":"Curriculum vit\u00e6 Academic history 2003 Mgr. degree at Charles University (Prague), Faculty of Mathematics and Physics, Department of Geophysics \u2013 seismology 2010 PhD degree at Charles University (Prague), Faculty of Mathematics and Physics, Department of Geophysics \u2013 seismology Employment 2003 \u2013 2014 Department of Seismology (later Seismotectonics), Institute of Rock Structure and Mechanics, Czech Academy [&hellip;]","og_url":"https:\/\/www.ig.cas.cz\/en\/contact\/staff\/petr-kolinsky\/","og_site_name":"Dom\u016f","article_publisher":"https:\/\/www.facebook.com\/GFUAVCR\/","article_modified_time":"2024-01-30T08:38:26+00:00","og_image":[{"width":2500,"height":260,"url":"https:\/\/www.ig.cas.cz\/wp-content\/uploads\/2018\/01\/seismogram_header.jpg","type":"image\/jpeg"}],"twitter_card":"summary_large_image","twitter_misc":{"Est. reading time":"7 minutes"},"schema":{"@context":"https:\/\/schema.org","@graph":[{"@type":"WebPage","@id":"https:\/\/www.ig.cas.cz\/en\/contact\/staff\/petr-kolinsky\/","url":"https:\/\/www.ig.cas.cz\/en\/contact\/staff\/petr-kolinsky\/","name":"Petr Kol\u00ednsk\u00fd - Geofyzik\u00e1ln\u00ed \u00fastav Akademie v\u011bd \u010cR, v.v.i.","isPartOf":{"@id":"https:\/\/www.ig.cas.cz\/#website"},"primaryImageOfPage":{"@id":"https:\/\/www.ig.cas.cz\/en\/contact\/staff\/petr-kolinsky\/#primaryimage"},"image":{"@id":"https:\/\/www.ig.cas.cz\/en\/contact\/staff\/petr-kolinsky\/#primaryimage"},"thumbnailUrl":"https:\/\/www.ig.cas.cz\/wp-content\/uploads\/2018\/01\/seismogram_header.jpg","datePublished":"2022-04-04T13:35:23+00:00","dateModified":"2024-01-30T08:38:26+00:00","breadcrumb":{"@id":"https:\/\/www.ig.cas.cz\/en\/contact\/staff\/petr-kolinsky\/#breadcrumb"},"inLanguage":"en-US","potentialAction":[{"@type":"ReadAction","target":["https:\/\/www.ig.cas.cz\/en\/contact\/staff\/petr-kolinsky\/"]}]},{"@type":"ImageObject","inLanguage":"en-US","@id":"https:\/\/www.ig.cas.cz\/en\/contact\/staff\/petr-kolinsky\/#primaryimage","url":"https:\/\/www.ig.cas.cz\/wp-content\/uploads\/2018\/01\/seismogram_header.jpg","contentUrl":"https:\/\/www.ig.cas.cz\/wp-content\/uploads\/2018\/01\/seismogram_header.jpg","width":2500,"height":260,"caption":"Joe Parks from Berkeley, CA, Creative Commons Uve\u010fte autora 2.0 Generic"},{"@type":"BreadcrumbList","@id":"https:\/\/www.ig.cas.cz\/en\/contact\/staff\/petr-kolinsky\/#breadcrumb","itemListElement":[{"@type":"ListItem","position":1,"name":"Dom\u016f","item":"https:\/\/www.ig.cas.cz\/en\/"},{"@type":"ListItem","position":2,"name":"Contacts","item":"https:\/\/www.ig.cas.cz\/en\/contact\/"},{"@type":"ListItem","position":3,"name":"Staff","item":"https:\/\/www.ig.cas.cz\/en\/contact\/staff\/"},{"@type":"ListItem","position":4,"name":"Petr Kol\u00ednsk\u00fd"}]},{"@type":"WebSite","@id":"https:\/\/www.ig.cas.cz\/#website","url":"https:\/\/www.ig.cas.cz\/","name":"Dom\u016f","description":"Geofyzik\u00e1ln\u00ed \u00fastav Akademie v\u011bd \u010cR, v.v.i.","potentialAction":[{"@type":"SearchAction","target":{"@type":"EntryPoint","urlTemplate":"https:\/\/www.ig.cas.cz\/?s={search_term_string}"},"query-input":{"@type":"PropertyValueSpecification","valueRequired":true,"valueName":"search_term_string"}}],"inLanguage":"en-US"}]}},"_links":{"self":[{"href":"https:\/\/www.ig.cas.cz\/en\/wp-json\/wp\/v2\/pages\/28307","targetHints":{"allow":["GET"]}}],"collection":[{"href":"https:\/\/www.ig.cas.cz\/en\/wp-json\/wp\/v2\/pages"}],"about":[{"href":"https:\/\/www.ig.cas.cz\/en\/wp-json\/wp\/v2\/types\/page"}],"author":[{"embeddable":true,"href":"https:\/\/www.ig.cas.cz\/en\/wp-json\/wp\/v2\/users\/20"}],"replies":[{"embeddable":true,"href":"https:\/\/www.ig.cas.cz\/en\/wp-json\/wp\/v2\/comments?post=28307"}],"version-history":[{"count":0,"href":"https:\/\/www.ig.cas.cz\/en\/wp-json\/wp\/v2\/pages\/28307\/revisions"}],"up":[{"embeddable":true,"href":"https:\/\/www.ig.cas.cz\/en\/wp-json\/wp\/v2\/pages\/416"}],"wp:featuredmedia":[{"embeddable":true,"href":"https:\/\/www.ig.cas.cz\/en\/wp-json\/wp\/v2\/media\/13066"}],"wp:attachment":[{"href":"https:\/\/www.ig.cas.cz\/en\/wp-json\/wp\/v2\/media?parent=28307"}],"wp:term":[{"taxonomy":"category","embeddable":true,"href":"https:\/\/www.ig.cas.cz\/en\/wp-json\/wp\/v2\/categories?post=28307"},{"taxonomy":"post_tag","embeddable":true,"href":"https:\/\/www.ig.cas.cz\/en\/wp-json\/wp\/v2\/tags?post=28307"}],"curies":[{"name":"wp","href":"https:\/\/api.w.org\/{rel}","templated":true}]}}