{"id":30855,"date":"2022-12-01T13:13:12","date_gmt":"2022-12-01T12:13:12","guid":{"rendered":"https:\/\/www.ig.cas.cz\/?page_id=30855"},"modified":"2025-04-08T19:20:05","modified_gmt":"2025-04-08T17:20:05","slug":"equal-opportunities-at-gfu","status":"publish","type":"page","link":"https:\/\/www.ig.cas.cz\/en\/about\/equal-opportunities-at-gfu\/","title":{"rendered":"Equal opportunities"},"content":{"rendered":"<p>[et_pb_section fb_built=&#8221;1&#8243; _builder_version=&#8221;4.16&#8243; custom_padding=&#8221;19px|0px|17px|0px&#8221; global_colors_info=&#8221;{}&#8221;][et_pb_row _builder_version=&#8221;4.16&#8243; custom_padding=&#8221;6px|0px|35px|0px||&#8221; global_colors_info=&#8221;{}&#8221;][et_pb_column type=&#8221;4_4&#8243; _builder_version=&#8221;4.16&#8243; custom_padding=&#8221;|||&#8221; global_colors_info=&#8221;{}&#8221; custom_padding__hover=&#8221;|||&#8221;][et_pb_text _builder_version=&#8221;4.27.4&#8243; hover_enabled=&#8221;0&#8243; global_colors_info=&#8221;{}&#8221; sticky_enabled=&#8221;0&#8243;]<\/p>\n<p>As an institute, we are committed to ensuring a&nbsp;positive working environmet for all of our employees, irrespective of their nationality, gender, ethnicity, sexual orientation, or disability. We understand that offering a&nbsp;stable and supportive social environment at work is essential. The Institute of Geophysics of the Czech Academy of Sciences (IG CAS or in Czech GF\u00da) is a&nbsp;public research institution whose mission is to conduct fundamental and applied research in the Geophysics and Earth sciences.<\/p>\n<p>We consider the individual circumstances that may have an impact on our employees and their partners and\/or families and strive to support them in achieving a&nbsp;balanced work-life relationship.<\/p>\n<p>The <a href=\"https:\/\/www.ig.cas.cz\/wp-content\/uploads\/2022\/12\/ig_equal-opportunities-plan.pdf\"><strong>Equal opportunities plan<\/strong><\/a> (<strong>EOP<\/strong>) is a&nbsp;set of goals, activities, and measurements to help build equal conditions and opportunities for our employees. This EOP entered into force on March 5, 2022. It contains short-term goals (to be implemented by December 31, 2022), medium-term goals (implemented by December 31, 2025) and finally long-term goals (implemented by December 31, 2027). At the end of each period, institute will monitor progress on each of the objectives. Emphasis will be placed on progress in career development and reduction of under-representation, combining and balancing work and family life, and visibility of equal-opportunity work.<\/p>\n<p><strong>Contact person:<\/strong> Ond\u0159ej Kr\u00fdza (kryza@ig.cas.cz)<\/p>\n<p>&nbsp;<\/p>\n<p>As of January 1, 2022, the GF\u00da employs a&nbsp;total of 104 employees, of which 37 are women and 67 are men, including academic staff, PhD students, and technical and administrative staff. Of this number, 14 employees (13.5%) are foreign nationals.<\/p>\n<p>Structure of employees by gender and type of work<\/p>\n<table width=\"0\">\n<tbody>\n<tr>\n<td width=\"243\"><strong>Gender \/ Area <\/strong><\/td>\n<td style=\"text-align: left;\" width=\"85\"><strong>Female <\/strong><\/td>\n<td style=\"text-align: left;\" width=\"76\"><strong>Male <\/strong><\/td>\n<td style=\"text-align: left;\" width=\"85\"><strong>Total <\/strong><\/td>\n<td style=\"text-align: left;\" width=\"159\"><strong>Percentage F \/ M <\/strong><\/td>\n<\/tr>\n<tr>\n<td width=\"243\">Scientific staff<\/td>\n<td style=\"text-align: left;\" width=\"85\">22<\/td>\n<td style=\"text-align: left;\" width=\"76\">54<\/td>\n<td style=\"text-align: left;\" width=\"85\">76<\/td>\n<td style=\"text-align: left;\" width=\"159\">28.9% \/ 71.1%<\/td>\n<\/tr>\n<tr>\n<td width=\"243\">Technical and Administrative staff<\/td>\n<td style=\"text-align: left;\" width=\"85\">15<\/td>\n<td style=\"text-align: left;\" width=\"76\">13<\/td>\n<td style=\"text-align: left;\" width=\"85\">28<\/td>\n<td style=\"text-align: left;\" width=\"159\">53.6% \/ 46.4%<\/td>\n<\/tr>\n<tr>\n<td width=\"243\"><strong>Total <\/strong><\/td>\n<td style=\"text-align: left;\" width=\"85\"><strong>37 <\/strong><\/td>\n<td style=\"text-align: left;\" width=\"76\"><strong>67 <\/strong><\/td>\n<td style=\"text-align: left;\" width=\"85\"><strong>104 <\/strong><\/td>\n<td style=\"text-align: left;\" width=\"159\"><strong>35.6% \/ 64.4%<br \/><\/strong><\/td>\n<\/tr>\n<\/tbody>\n<\/table>\n<p>&nbsp;<\/p>\n<p><img loading=\"lazy\" decoding=\"async\" class=\"alignnone wp-image-30876 \" src=\"https:\/\/www.ig.cas.cz\/wp-content\/uploads\/2022\/12\/eop_04-1024x381.jpg\" alt=\"\" width=\"798\" height=\"297\" \/><\/p>\n<p>More statistics and charts from the field of human resources at GF\u00da and current practice can be <a href=\"https:\/\/www.dropbox.com\/sh\/97o4dp97z3jnn6u\/AAArp8h9xV2vqPZxAf4U0Iwda?dl=0&amp;preview=IG_Equal-Opportunities-Plan.pdf\">found in the EOP document<\/a>.<\/p>\n<p>[\/et_pb_text][\/et_pb_column][\/et_pb_row][\/et_pb_section]<\/p>\n","protected":false},"excerpt":{"rendered":"<p>As an institute, we are committed to ensuring a&nbsp;positive working environmet for all of our employees, irrespective of their nationality, gender, ethnicity, sexual orientation, or disability. We understand that offering a&nbsp;stable and supportive social environment at work is essential. The Institute of Geophysics of the Czech Academy of Sciences (IG CAS or in [&hellip;]<\/p>\n","protected":false},"author":28,"featured_media":3406,"parent":368,"menu_order":0,"comment_status":"closed","ping_status":"closed","template":"","meta":{"_et_pb_use_builder":"on","_et_pb_old_content":"","_et_gb_content_width":"","footnotes":""},"categories":[],"tags":[137],"class_list":["post-30855","page","type-page","status-publish","has-post-thumbnail","hentry","tag-gfu-en"],"yoast_head":"<!-- This site is optimized with the Yoast SEO plugin v25.9 - https:\/\/yoast.com\/wordpress\/plugins\/seo\/ -->\n<title>Equal opportunities - Geofyzik\u00e1ln\u00ed \u00fastav Akademie v\u011bd \u010cR, v.v.i.<\/title>\n<meta name=\"robots\" content=\"index, follow, max-snippet:-1, max-image-preview:large, max-video-preview:-1\" \/>\n<link rel=\"canonical\" href=\"https:\/\/www.ig.cas.cz\/en\/about\/equal-opportunities-at-gfu\/\" \/>\n<meta property=\"og:locale\" content=\"en_US\" \/>\n<meta property=\"og:type\" content=\"article\" \/>\n<meta property=\"og:title\" content=\"Equal opportunities - Geofyzik\u00e1ln\u00ed \u00fastav Akademie v\u011bd \u010cR, v.v.i.\" \/>\n<meta property=\"og:description\" content=\"As an institute, we are committed to ensuring a positive working environmet for all of our employees, irrespective of their nationality, gender, ethnicity, sexual orientation, or disability. We understand that offering a stable and supportive social environment at work is essential. The Institute of Geophysics of the Czech Academy of Sciences (IG CAS or in [&hellip;]\" \/>\n<meta property=\"og:url\" content=\"https:\/\/www.ig.cas.cz\/en\/about\/equal-opportunities-at-gfu\/\" \/>\n<meta property=\"og:site_name\" content=\"Dom\u016f\" \/>\n<meta property=\"article:publisher\" content=\"https:\/\/www.facebook.com\/GFUAVCR\/\" \/>\n<meta property=\"article:modified_time\" content=\"2025-04-08T17:20:05+00:00\" \/>\n<meta property=\"og:image\" content=\"https:\/\/www.ig.cas.cz\/wp-content\/uploads\/2018\/01\/seismogram_header.jpg\" \/>\n\t<meta property=\"og:image:width\" content=\"2500\" \/>\n\t<meta property=\"og:image:height\" content=\"260\" \/>\n\t<meta property=\"og:image:type\" content=\"image\/jpeg\" \/>\n<meta name=\"twitter:card\" content=\"summary_large_image\" \/>\n<meta name=\"twitter:label1\" content=\"Est. reading time\" \/>\n\t<meta name=\"twitter:data1\" content=\"3 minutes\" \/>\n<script type=\"application\/ld+json\" class=\"yoast-schema-graph\">{\"@context\":\"https:\/\/schema.org\",\"@graph\":[{\"@type\":\"WebPage\",\"@id\":\"https:\/\/www.ig.cas.cz\/en\/about\/equal-opportunities-at-gfu\/\",\"url\":\"https:\/\/www.ig.cas.cz\/en\/about\/equal-opportunities-at-gfu\/\",\"name\":\"Equal opportunities - Geofyzik\u00e1ln\u00ed \u00fastav Akademie v\u011bd \u010cR, v.v.i.\",\"isPartOf\":{\"@id\":\"https:\/\/www.ig.cas.cz\/#website\"},\"primaryImageOfPage\":{\"@id\":\"https:\/\/www.ig.cas.cz\/en\/about\/equal-opportunities-at-gfu\/#primaryimage\"},\"image\":{\"@id\":\"https:\/\/www.ig.cas.cz\/en\/about\/equal-opportunities-at-gfu\/#primaryimage\"},\"thumbnailUrl\":\"https:\/\/www.ig.cas.cz\/wp-content\/uploads\/2018\/01\/seismogram_header.jpg\",\"datePublished\":\"2022-12-01T12:13:12+00:00\",\"dateModified\":\"2025-04-08T17:20:05+00:00\",\"breadcrumb\":{\"@id\":\"https:\/\/www.ig.cas.cz\/en\/about\/equal-opportunities-at-gfu\/#breadcrumb\"},\"inLanguage\":\"en-US\",\"potentialAction\":[{\"@type\":\"ReadAction\",\"target\":[\"https:\/\/www.ig.cas.cz\/en\/about\/equal-opportunities-at-gfu\/\"]}]},{\"@type\":\"ImageObject\",\"inLanguage\":\"en-US\",\"@id\":\"https:\/\/www.ig.cas.cz\/en\/about\/equal-opportunities-at-gfu\/#primaryimage\",\"url\":\"https:\/\/www.ig.cas.cz\/wp-content\/uploads\/2018\/01\/seismogram_header.jpg\",\"contentUrl\":\"https:\/\/www.ig.cas.cz\/wp-content\/uploads\/2018\/01\/seismogram_header.jpg\",\"width\":2500,\"height\":260,\"caption\":\"Joe Parks from Berkeley, CA, Creative Commons Uve\u010fte autora 2.0 Generic\"},{\"@type\":\"BreadcrumbList\",\"@id\":\"https:\/\/www.ig.cas.cz\/en\/about\/equal-opportunities-at-gfu\/#breadcrumb\",\"itemListElement\":[{\"@type\":\"ListItem\",\"position\":1,\"name\":\"Dom\u016f\",\"item\":\"https:\/\/www.ig.cas.cz\/en\/\"},{\"@type\":\"ListItem\",\"position\":2,\"name\":\"About\",\"item\":\"https:\/\/www.ig.cas.cz\/en\/about\/\"},{\"@type\":\"ListItem\",\"position\":3,\"name\":\"Equal opportunities\"}]},{\"@type\":\"WebSite\",\"@id\":\"https:\/\/www.ig.cas.cz\/#website\",\"url\":\"https:\/\/www.ig.cas.cz\/\",\"name\":\"Dom\u016f\",\"description\":\"Geofyzik\u00e1ln\u00ed \u00fastav Akademie v\u011bd \u010cR, v.v.i.\",\"potentialAction\":[{\"@type\":\"SearchAction\",\"target\":{\"@type\":\"EntryPoint\",\"urlTemplate\":\"https:\/\/www.ig.cas.cz\/?s={search_term_string}\"},\"query-input\":{\"@type\":\"PropertyValueSpecification\",\"valueRequired\":true,\"valueName\":\"search_term_string\"}}],\"inLanguage\":\"en-US\"}]}<\/script>\n<!-- \/ Yoast SEO plugin. -->","yoast_head_json":{"title":"Equal opportunities - Geofyzik\u00e1ln\u00ed \u00fastav Akademie v\u011bd \u010cR, v.v.i.","robots":{"index":"index","follow":"follow","max-snippet":"max-snippet:-1","max-image-preview":"max-image-preview:large","max-video-preview":"max-video-preview:-1"},"canonical":"https:\/\/www.ig.cas.cz\/en\/about\/equal-opportunities-at-gfu\/","og_locale":"en_US","og_type":"article","og_title":"Equal opportunities - Geofyzik\u00e1ln\u00ed \u00fastav Akademie v\u011bd \u010cR, v.v.i.","og_description":"As an institute, we are committed to ensuring a positive working environmet for all of our employees, irrespective of their nationality, gender, ethnicity, sexual orientation, or disability. We understand that offering a stable and supportive social environment at work is essential. The Institute of Geophysics of the Czech Academy of Sciences (IG CAS or in [&hellip;]","og_url":"https:\/\/www.ig.cas.cz\/en\/about\/equal-opportunities-at-gfu\/","og_site_name":"Dom\u016f","article_publisher":"https:\/\/www.facebook.com\/GFUAVCR\/","article_modified_time":"2025-04-08T17:20:05+00:00","og_image":[{"width":2500,"height":260,"url":"https:\/\/www.ig.cas.cz\/wp-content\/uploads\/2018\/01\/seismogram_header.jpg","type":"image\/jpeg"}],"twitter_card":"summary_large_image","twitter_misc":{"Est. reading time":"3 minutes"},"schema":{"@context":"https:\/\/schema.org","@graph":[{"@type":"WebPage","@id":"https:\/\/www.ig.cas.cz\/en\/about\/equal-opportunities-at-gfu\/","url":"https:\/\/www.ig.cas.cz\/en\/about\/equal-opportunities-at-gfu\/","name":"Equal opportunities - Geofyzik\u00e1ln\u00ed \u00fastav Akademie v\u011bd \u010cR, v.v.i.","isPartOf":{"@id":"https:\/\/www.ig.cas.cz\/#website"},"primaryImageOfPage":{"@id":"https:\/\/www.ig.cas.cz\/en\/about\/equal-opportunities-at-gfu\/#primaryimage"},"image":{"@id":"https:\/\/www.ig.cas.cz\/en\/about\/equal-opportunities-at-gfu\/#primaryimage"},"thumbnailUrl":"https:\/\/www.ig.cas.cz\/wp-content\/uploads\/2018\/01\/seismogram_header.jpg","datePublished":"2022-12-01T12:13:12+00:00","dateModified":"2025-04-08T17:20:05+00:00","breadcrumb":{"@id":"https:\/\/www.ig.cas.cz\/en\/about\/equal-opportunities-at-gfu\/#breadcrumb"},"inLanguage":"en-US","potentialAction":[{"@type":"ReadAction","target":["https:\/\/www.ig.cas.cz\/en\/about\/equal-opportunities-at-gfu\/"]}]},{"@type":"ImageObject","inLanguage":"en-US","@id":"https:\/\/www.ig.cas.cz\/en\/about\/equal-opportunities-at-gfu\/#primaryimage","url":"https:\/\/www.ig.cas.cz\/wp-content\/uploads\/2018\/01\/seismogram_header.jpg","contentUrl":"https:\/\/www.ig.cas.cz\/wp-content\/uploads\/2018\/01\/seismogram_header.jpg","width":2500,"height":260,"caption":"Joe Parks from Berkeley, CA, Creative Commons Uve\u010fte autora 2.0 Generic"},{"@type":"BreadcrumbList","@id":"https:\/\/www.ig.cas.cz\/en\/about\/equal-opportunities-at-gfu\/#breadcrumb","itemListElement":[{"@type":"ListItem","position":1,"name":"Dom\u016f","item":"https:\/\/www.ig.cas.cz\/en\/"},{"@type":"ListItem","position":2,"name":"About","item":"https:\/\/www.ig.cas.cz\/en\/about\/"},{"@type":"ListItem","position":3,"name":"Equal opportunities"}]},{"@type":"WebSite","@id":"https:\/\/www.ig.cas.cz\/#website","url":"https:\/\/www.ig.cas.cz\/","name":"Dom\u016f","description":"Geofyzik\u00e1ln\u00ed \u00fastav Akademie v\u011bd \u010cR, v.v.i.","potentialAction":[{"@type":"SearchAction","target":{"@type":"EntryPoint","urlTemplate":"https:\/\/www.ig.cas.cz\/?s={search_term_string}"},"query-input":{"@type":"PropertyValueSpecification","valueRequired":true,"valueName":"search_term_string"}}],"inLanguage":"en-US"}]}},"_links":{"self":[{"href":"https:\/\/www.ig.cas.cz\/en\/wp-json\/wp\/v2\/pages\/30855","targetHints":{"allow":["GET"]}}],"collection":[{"href":"https:\/\/www.ig.cas.cz\/en\/wp-json\/wp\/v2\/pages"}],"about":[{"href":"https:\/\/www.ig.cas.cz\/en\/wp-json\/wp\/v2\/types\/page"}],"author":[{"embeddable":true,"href":"https:\/\/www.ig.cas.cz\/en\/wp-json\/wp\/v2\/users\/28"}],"replies":[{"embeddable":true,"href":"https:\/\/www.ig.cas.cz\/en\/wp-json\/wp\/v2\/comments?post=30855"}],"version-history":[{"count":1,"href":"https:\/\/www.ig.cas.cz\/en\/wp-json\/wp\/v2\/pages\/30855\/revisions"}],"predecessor-version":[{"id":41286,"href":"https:\/\/www.ig.cas.cz\/en\/wp-json\/wp\/v2\/pages\/30855\/revisions\/41286"}],"up":[{"embeddable":true,"href":"https:\/\/www.ig.cas.cz\/en\/wp-json\/wp\/v2\/pages\/368"}],"wp:featuredmedia":[{"embeddable":true,"href":"https:\/\/www.ig.cas.cz\/en\/wp-json\/wp\/v2\/media\/3406"}],"wp:attachment":[{"href":"https:\/\/www.ig.cas.cz\/en\/wp-json\/wp\/v2\/media?parent=30855"}],"wp:term":[{"taxonomy":"category","embeddable":true,"href":"https:\/\/www.ig.cas.cz\/en\/wp-json\/wp\/v2\/categories?post=30855"},{"taxonomy":"post_tag","embeddable":true,"href":"https:\/\/www.ig.cas.cz\/en\/wp-json\/wp\/v2\/tags?post=30855"}],"curies":[{"name":"wp","href":"https:\/\/api.w.org\/{rel}","templated":true}]}}