{"id":31188,"date":"2022-12-20T14:52:01","date_gmt":"2022-12-20T13:52:01","guid":{"rendered":"https:\/\/www.ig.cas.cz\/?page_id=31188"},"modified":"2022-12-20T14:58:54","modified_gmt":"2022-12-20T13:58:54","slug":"book-catalogues-3","status":"publish","type":"page","link":"https:\/\/www.ig.cas.cz\/en\/library\/book-catalogues-3\/","title":{"rendered":"Book catalogues"},"content":{"rendered":"<div class=\"et_pb_text_inner\">\n<ul>\n<li><a href=\"https:\/\/aleph23.lib.cas.cz\/F\/4Q7X7IDXXJMM7XVCF2MP7FTR52ULPDAG5BD8KTHBHF8T72U2J3-12623?func=find-b-0\">Book Catalogue of the Geophysical institute<\/a><\/li>\n<li><a href=\"https:\/\/katalog.lib.cas.cz\/AV\/\"> Library of ASCR catalogue<\/a><\/li>\n<\/ul>\n<p><strong>Elektronic books<\/strong><\/p>\n<ul>\n<li><a href=\"http:\/\/www.geology.cz\/app\/encyklopedie\/gslov.pl\" target=\"_blank\" rel=\"noopener noreferrer\">English-Czech and CZ-ENG geological dictionarz<\/a><\/li>\n<li><a href=\"http:\/\/www.oxfordreference.com\/\" target=\"_blank\" rel=\"noopener noreferrer\">Oxford Reference Online<\/a> Oxford reference online<\/li>\n<li><a href=\"https:\/\/link.springer.com\/bookseries\/304\" target=\"_blank\" rel=\"noopener noreferrer\">SpringerLink \u2013 Lecture Notes in Mathematics<\/a><\/li>\n<li><a href=\"https:\/\/link.springer.com\/bookseries\/558\" target=\"_blank\" rel=\"noopener noreferrer\">SpringerLink \u2013 Lecture Notes in Computer Science<\/a><\/li>\n<li><a href=\"http:\/\/sepwww.stanford.edu\/sep\/berryman\/NOTES\/lecture_notes.html\" target=\"_blank\" rel=\"noopener noreferrer\">Lecture Notes on Nonlinear Inversion and Tomography. I. Borehole Seismic Tomography<br \/>\n<\/a><\/li>\n<\/ul>\n<\/div>\n","protected":false},"excerpt":{"rendered":"<p>Book Catalogue of the Geophysical institute Library of ASCR catalogue Elektronic books English-Czech and CZ-ENG geological dictionarz Oxford Reference Online Oxford reference online SpringerLink \u2013 Lecture Notes in Mathematics SpringerLink \u2013 Lecture Notes in Computer Science Lecture Notes on Nonlinear Inversion and Tomography. I. Borehole Seismic Tomography<\/p>\n","protected":false},"author":13,"featured_media":8419,"parent":374,"menu_order":0,"comment_status":"closed","ping_status":"closed","template":"","meta":{"_et_pb_use_builder":"off","_et_pb_old_content":"","_et_gb_content_width":"","footnotes":""},"categories":[],"tags":[],"class_list":["post-31188","page","type-page","status-publish","has-post-thumbnail","hentry"],"yoast_head":"<!-- This site is optimized with the Yoast SEO plugin v25.9 - https:\/\/yoast.com\/wordpress\/plugins\/seo\/ -->\n<title>Book catalogues - Geofyzik\u00e1ln\u00ed \u00fastav Akademie v\u011bd \u010cR, v.v.i.<\/title>\n<meta name=\"robots\" content=\"index, follow, max-snippet:-1, max-image-preview:large, max-video-preview:-1\" \/>\n<link rel=\"canonical\" href=\"https:\/\/www.ig.cas.cz\/en\/library\/book-catalogues-3\/\" \/>\n<meta property=\"og:locale\" content=\"en_US\" \/>\n<meta property=\"og:type\" content=\"article\" \/>\n<meta property=\"og:title\" content=\"Book catalogues - Geofyzik\u00e1ln\u00ed \u00fastav Akademie v\u011bd \u010cR, v.v.i.\" \/>\n<meta property=\"og:description\" content=\"Book Catalogue of the Geophysical institute Library of ASCR catalogue Elektronic books English-Czech and CZ-ENG geological dictionarz Oxford Reference Online Oxford reference online SpringerLink \u2013 Lecture Notes in Mathematics SpringerLink \u2013 Lecture Notes in Computer Science Lecture Notes on Nonlinear Inversion and Tomography. I. Borehole Seismic Tomography\" \/>\n<meta property=\"og:url\" content=\"https:\/\/www.ig.cas.cz\/en\/library\/book-catalogues-3\/\" \/>\n<meta property=\"og:site_name\" content=\"Dom\u016f\" \/>\n<meta property=\"article:publisher\" content=\"https:\/\/www.facebook.com\/GFUAVCR\/\" \/>\n<meta property=\"article:modified_time\" content=\"2022-12-20T13:58:54+00:00\" \/>\n<meta property=\"og:image\" content=\"https:\/\/www.ig.cas.cz\/wp-content\/uploads\/2018\/03\/knihovna-1.jpg\" \/>\n\t<meta property=\"og:image:width\" content=\"2500\" \/>\n\t<meta property=\"og:image:height\" content=\"260\" \/>\n\t<meta property=\"og:image:type\" content=\"image\/jpeg\" \/>\n<meta name=\"twitter:card\" content=\"summary_large_image\" \/>\n<meta name=\"twitter:label1\" content=\"Est. reading time\" \/>\n\t<meta name=\"twitter:data1\" content=\"1 minute\" \/>\n<script type=\"application\/ld+json\" class=\"yoast-schema-graph\">{\"@context\":\"https:\/\/schema.org\",\"@graph\":[{\"@type\":\"WebPage\",\"@id\":\"https:\/\/www.ig.cas.cz\/en\/library\/book-catalogues-3\/\",\"url\":\"https:\/\/www.ig.cas.cz\/en\/library\/book-catalogues-3\/\",\"name\":\"Book catalogues - Geofyzik\u00e1ln\u00ed \u00fastav Akademie v\u011bd \u010cR, v.v.i.\",\"isPartOf\":{\"@id\":\"https:\/\/www.ig.cas.cz\/#website\"},\"primaryImageOfPage\":{\"@id\":\"https:\/\/www.ig.cas.cz\/en\/library\/book-catalogues-3\/#primaryimage\"},\"image\":{\"@id\":\"https:\/\/www.ig.cas.cz\/en\/library\/book-catalogues-3\/#primaryimage\"},\"thumbnailUrl\":\"https:\/\/www.ig.cas.cz\/wp-content\/uploads\/2018\/03\/knihovna-1.jpg\",\"datePublished\":\"2022-12-20T13:52:01+00:00\",\"dateModified\":\"2022-12-20T13:58:54+00:00\",\"breadcrumb\":{\"@id\":\"https:\/\/www.ig.cas.cz\/en\/library\/book-catalogues-3\/#breadcrumb\"},\"inLanguage\":\"en-US\",\"potentialAction\":[{\"@type\":\"ReadAction\",\"target\":[\"https:\/\/www.ig.cas.cz\/en\/library\/book-catalogues-3\/\"]}]},{\"@type\":\"ImageObject\",\"inLanguage\":\"en-US\",\"@id\":\"https:\/\/www.ig.cas.cz\/en\/library\/book-catalogues-3\/#primaryimage\",\"url\":\"https:\/\/www.ig.cas.cz\/wp-content\/uploads\/2018\/03\/knihovna-1.jpg\",\"contentUrl\":\"https:\/\/www.ig.cas.cz\/wp-content\/uploads\/2018\/03\/knihovna-1.jpg\",\"width\":2500,\"height\":260},{\"@type\":\"BreadcrumbList\",\"@id\":\"https:\/\/www.ig.cas.cz\/en\/library\/book-catalogues-3\/#breadcrumb\",\"itemListElement\":[{\"@type\":\"ListItem\",\"position\":1,\"name\":\"Dom\u016f\",\"item\":\"https:\/\/www.ig.cas.cz\/en\/\"},{\"@type\":\"ListItem\",\"position\":2,\"name\":\"Library\",\"item\":\"https:\/\/www.ig.cas.cz\/en\/library\/\"},{\"@type\":\"ListItem\",\"position\":3,\"name\":\"Book catalogues\"}]},{\"@type\":\"WebSite\",\"@id\":\"https:\/\/www.ig.cas.cz\/#website\",\"url\":\"https:\/\/www.ig.cas.cz\/\",\"name\":\"Dom\u016f\",\"description\":\"Geofyzik\u00e1ln\u00ed \u00fastav Akademie v\u011bd \u010cR, v.v.i.\",\"potentialAction\":[{\"@type\":\"SearchAction\",\"target\":{\"@type\":\"EntryPoint\",\"urlTemplate\":\"https:\/\/www.ig.cas.cz\/?s={search_term_string}\"},\"query-input\":{\"@type\":\"PropertyValueSpecification\",\"valueRequired\":true,\"valueName\":\"search_term_string\"}}],\"inLanguage\":\"en-US\"}]}<\/script>\n<!-- \/ Yoast SEO plugin. -->","yoast_head_json":{"title":"Book catalogues - Geofyzik\u00e1ln\u00ed \u00fastav Akademie v\u011bd \u010cR, v.v.i.","robots":{"index":"index","follow":"follow","max-snippet":"max-snippet:-1","max-image-preview":"max-image-preview:large","max-video-preview":"max-video-preview:-1"},"canonical":"https:\/\/www.ig.cas.cz\/en\/library\/book-catalogues-3\/","og_locale":"en_US","og_type":"article","og_title":"Book catalogues - Geofyzik\u00e1ln\u00ed \u00fastav Akademie v\u011bd \u010cR, v.v.i.","og_description":"Book Catalogue of the Geophysical institute Library of ASCR catalogue Elektronic books English-Czech and CZ-ENG geological dictionarz Oxford Reference Online Oxford reference online SpringerLink \u2013 Lecture Notes in Mathematics SpringerLink \u2013 Lecture Notes in Computer Science Lecture Notes on Nonlinear Inversion and Tomography. I. Borehole Seismic Tomography","og_url":"https:\/\/www.ig.cas.cz\/en\/library\/book-catalogues-3\/","og_site_name":"Dom\u016f","article_publisher":"https:\/\/www.facebook.com\/GFUAVCR\/","article_modified_time":"2022-12-20T13:58:54+00:00","og_image":[{"width":2500,"height":260,"url":"https:\/\/www.ig.cas.cz\/wp-content\/uploads\/2018\/03\/knihovna-1.jpg","type":"image\/jpeg"}],"twitter_card":"summary_large_image","twitter_misc":{"Est. reading time":"1 minute"},"schema":{"@context":"https:\/\/schema.org","@graph":[{"@type":"WebPage","@id":"https:\/\/www.ig.cas.cz\/en\/library\/book-catalogues-3\/","url":"https:\/\/www.ig.cas.cz\/en\/library\/book-catalogues-3\/","name":"Book catalogues - Geofyzik\u00e1ln\u00ed \u00fastav Akademie v\u011bd \u010cR, v.v.i.","isPartOf":{"@id":"https:\/\/www.ig.cas.cz\/#website"},"primaryImageOfPage":{"@id":"https:\/\/www.ig.cas.cz\/en\/library\/book-catalogues-3\/#primaryimage"},"image":{"@id":"https:\/\/www.ig.cas.cz\/en\/library\/book-catalogues-3\/#primaryimage"},"thumbnailUrl":"https:\/\/www.ig.cas.cz\/wp-content\/uploads\/2018\/03\/knihovna-1.jpg","datePublished":"2022-12-20T13:52:01+00:00","dateModified":"2022-12-20T13:58:54+00:00","breadcrumb":{"@id":"https:\/\/www.ig.cas.cz\/en\/library\/book-catalogues-3\/#breadcrumb"},"inLanguage":"en-US","potentialAction":[{"@type":"ReadAction","target":["https:\/\/www.ig.cas.cz\/en\/library\/book-catalogues-3\/"]}]},{"@type":"ImageObject","inLanguage":"en-US","@id":"https:\/\/www.ig.cas.cz\/en\/library\/book-catalogues-3\/#primaryimage","url":"https:\/\/www.ig.cas.cz\/wp-content\/uploads\/2018\/03\/knihovna-1.jpg","contentUrl":"https:\/\/www.ig.cas.cz\/wp-content\/uploads\/2018\/03\/knihovna-1.jpg","width":2500,"height":260},{"@type":"BreadcrumbList","@id":"https:\/\/www.ig.cas.cz\/en\/library\/book-catalogues-3\/#breadcrumb","itemListElement":[{"@type":"ListItem","position":1,"name":"Dom\u016f","item":"https:\/\/www.ig.cas.cz\/en\/"},{"@type":"ListItem","position":2,"name":"Library","item":"https:\/\/www.ig.cas.cz\/en\/library\/"},{"@type":"ListItem","position":3,"name":"Book catalogues"}]},{"@type":"WebSite","@id":"https:\/\/www.ig.cas.cz\/#website","url":"https:\/\/www.ig.cas.cz\/","name":"Dom\u016f","description":"Geofyzik\u00e1ln\u00ed \u00fastav Akademie v\u011bd \u010cR, v.v.i.","potentialAction":[{"@type":"SearchAction","target":{"@type":"EntryPoint","urlTemplate":"https:\/\/www.ig.cas.cz\/?s={search_term_string}"},"query-input":{"@type":"PropertyValueSpecification","valueRequired":true,"valueName":"search_term_string"}}],"inLanguage":"en-US"}]}},"_links":{"self":[{"href":"https:\/\/www.ig.cas.cz\/en\/wp-json\/wp\/v2\/pages\/31188","targetHints":{"allow":["GET"]}}],"collection":[{"href":"https:\/\/www.ig.cas.cz\/en\/wp-json\/wp\/v2\/pages"}],"about":[{"href":"https:\/\/www.ig.cas.cz\/en\/wp-json\/wp\/v2\/types\/page"}],"author":[{"embeddable":true,"href":"https:\/\/www.ig.cas.cz\/en\/wp-json\/wp\/v2\/users\/13"}],"replies":[{"embeddable":true,"href":"https:\/\/www.ig.cas.cz\/en\/wp-json\/wp\/v2\/comments?post=31188"}],"version-history":[{"count":0,"href":"https:\/\/www.ig.cas.cz\/en\/wp-json\/wp\/v2\/pages\/31188\/revisions"}],"up":[{"embeddable":true,"href":"https:\/\/www.ig.cas.cz\/en\/wp-json\/wp\/v2\/pages\/374"}],"wp:featuredmedia":[{"embeddable":true,"href":"https:\/\/www.ig.cas.cz\/en\/wp-json\/wp\/v2\/media\/8419"}],"wp:attachment":[{"href":"https:\/\/www.ig.cas.cz\/en\/wp-json\/wp\/v2\/media?parent=31188"}],"wp:term":[{"taxonomy":"category","embeddable":true,"href":"https:\/\/www.ig.cas.cz\/en\/wp-json\/wp\/v2\/categories?post=31188"},{"taxonomy":"post_tag","embeddable":true,"href":"https:\/\/www.ig.cas.cz\/en\/wp-json\/wp\/v2\/tags?post=31188"}],"curies":[{"name":"wp","href":"https:\/\/api.w.org\/{rel}","templated":true}]}}