{"id":31876,"date":"2023-01-30T07:47:27","date_gmt":"2023-01-30T06:47:27","guid":{"rendered":"https:\/\/www.ig.cas.cz\/?page_id=31876"},"modified":"2023-01-30T14:45:23","modified_gmt":"2023-01-30T13:45:23","slug":"comics-volcano","status":"publish","type":"page","link":"https:\/\/www.ig.cas.cz\/en\/comics\/comics-volcano\/","title":{"rendered":"Comics &#8220;When the Earth melts&#8221;"},"content":{"rendered":"<p>[et_pb_section fb_built=&#8221;1&#8243; admin_label=&#8221;section&#8221; _builder_version=&#8221;3.22&#8243; custom_padding=&#8221;34px|||||&#8221;][et_pb_row column_structure=&#8221;3_5,2_5&#8243; admin_label=&#8221;row&#8221; _builder_version=&#8221;3.25&#8243; background_size=&#8221;initial&#8221; background_position=&#8221;top_left&#8221; background_repeat=&#8221;repeat&#8221;][et_pb_column type=&#8221;3_5&#8243; _builder_version=&#8221;3.25&#8243; custom_padding=&#8221;|||&#8221; custom_padding__hover=&#8221;|||&#8221;][et_pb_text _builder_version=&#8221;4.6.0&#8243; _module_preset=&#8221;default&#8221;]<\/p>\n<p>Unique educational tool &#8211; a&nbsp;comic book about the awakened volcano!<\/p>\n<p>Download the Comic Book and the board game for free under the Creative Commons licence (CC BY-SA 4.0) &#8211; provided that you credit the author &#8220;Karolina Ku\u010derov\u00e1 and the Institute of Geophysics of the CAS&#8221; and keep the license:<\/p>\n<p><a href=\"https:\/\/www.ig.cas.cz\/wp-content\/uploads\/2023\/01\/comics-3_en_komplet_domaci.pdf\">Comic book III for print<\/a> (pdf)<\/p>\n<p><a href=\"https:\/\/www.ig.cas.cz\/wp-content\/uploads\/2023\/01\/comics-3_en_komplet_profi.pdf\">Comic book III for professional print<\/a> (pdf)<\/p>\n<p><a href=\"https:\/\/www.ig.cas.cz\/wp-content\/uploads\/2023\/01\/comics-3_en_hra_domaci.pdf\">Board game III for print<\/a> (pdf)<\/p>\n<p><a href=\"https:\/\/www.ig.cas.cz\/wp-content\/uploads\/2023\/01\/comics-3_en_hra_profi.pdf\">Board game III for professional print<\/a> (pdf)<\/p>\n<p>[\/et_pb_text][\/et_pb_column][et_pb_column type=&#8221;2_5&#8243; _builder_version=&#8221;3.25&#8243; custom_padding=&#8221;|||&#8221; custom_padding__hover=&#8221;|||&#8221;][et_pb_image src=&#8221;https:\/\/www.ig.cas.cz\/wp-content\/uploads\/2023\/01\/comics-3_en_komplet_domaci_stranka_01-scaled.jpg&#8221; title_text=&#8221;Comics 3_EN_komplet_domaci_Str\u00e1nka_01&#8243; _builder_version=&#8221;4.6.0&#8243; _module_preset=&#8221;default&#8221;][\/et_pb_image][\/et_pb_column][\/et_pb_row][et_pb_row column_structure=&#8221;1_3,1_3,1_3&#8243; _builder_version=&#8221;4.6.0&#8243; _module_preset=&#8221;default&#8221;][et_pb_column type=&#8221;1_3&#8243; _builder_version=&#8221;4.6.0&#8243; _module_preset=&#8221;default&#8221;][et_pb_image src=&#8221;https:\/\/www.ig.cas.cz\/wp-content\/uploads\/2023\/01\/comics-3_en_komplet_domaci_stranka_03-scaled.jpg&#8221; title_text=&#8221;Comics 3 EN Komplet Domaci Str\u00e1nka 03&#8243; _builder_version=&#8221;4.6.0&#8243; _module_preset=&#8221;default&#8221;][\/et_pb_image][\/et_pb_column][et_pb_column type=&#8221;1_3&#8243; _builder_version=&#8221;4.6.0&#8243; _module_preset=&#8221;default&#8221;][et_pb_image src=&#8221;https:\/\/www.ig.cas.cz\/wp-content\/uploads\/2023\/01\/comics-3_en_komplet_domaci_stranka_09-scaled.jpg&#8221; title_text=&#8221;Comics 3 EN Komplet Domaci Str\u00e1nka 09&#8243; _builder_version=&#8221;4.6.0&#8243; _module_preset=&#8221;default&#8221;][\/et_pb_image][\/et_pb_column][et_pb_column type=&#8221;1_3&#8243; _builder_version=&#8221;4.6.0&#8243; _module_preset=&#8221;default&#8221;][et_pb_image src=&#8221;https:\/\/www.ig.cas.cz\/wp-content\/uploads\/2023\/01\/comics-3_en_komplet_domaci_stranka_21-scaled.jpg&#8221; title_text=&#8221;Comics 3 EN Komplet Domaci Str\u00e1nka 21&#8243; _builder_version=&#8221;4.6.0&#8243; _module_preset=&#8221;default&#8221;][\/et_pb_image][\/et_pb_column][\/et_pb_row][\/et_pb_section]<\/p>\n","protected":false},"excerpt":{"rendered":"<p>Unique educational tool &#8211; a&nbsp;comic book about the awakened volcano! Download the Comic Book and the board game for free under the Creative Commons licence (CC BY-SA 4.0) &#8211; provided that you credit the author &#8220;Karolina Ku\u010derov\u00e1 and the Institute of Geophysics of the CAS&#8221; and keep the license: Comic book III for print [&hellip;]<\/p>\n","protected":false},"author":28,"featured_media":18931,"parent":25800,"menu_order":0,"comment_status":"closed","ping_status":"closed","template":"","meta":{"_et_pb_use_builder":"on","_et_pb_old_content":"","_et_gb_content_width":"","footnotes":""},"categories":[],"tags":[135],"class_list":["post-31876","page","type-page","status-publish","has-post-thumbnail","hentry","tag-outreach-en"],"yoast_head":"<!-- This site is optimized with the Yoast SEO plugin v25.9 - https:\/\/yoast.com\/wordpress\/plugins\/seo\/ -->\n<title>Comics &quot;When the Earth melts&quot; - Geofyzik\u00e1ln\u00ed \u00fastav Akademie v\u011bd \u010cR, v.v.i.<\/title>\n<meta name=\"robots\" content=\"index, follow, max-snippet:-1, max-image-preview:large, max-video-preview:-1\" \/>\n<link rel=\"canonical\" href=\"https:\/\/www.ig.cas.cz\/en\/comics\/comics-volcano\/\" \/>\n<meta property=\"og:locale\" content=\"en_US\" \/>\n<meta property=\"og:type\" content=\"article\" \/>\n<meta property=\"og:title\" content=\"Comics &quot;When the Earth melts&quot; - Geofyzik\u00e1ln\u00ed \u00fastav Akademie v\u011bd \u010cR, v.v.i.\" \/>\n<meta property=\"og:description\" content=\"Unique educational tool - a comic book about the awakened volcano! Download the Comic Book and the board game for free under the Creative Commons licence (CC BY-SA 4.0) - provided that you credit the author &quot;Karolina Ku\u010derov\u00e1 and the Institute of Geophysics of the CAS&quot; and keep the license: Comic book III for print [&hellip;]\" \/>\n<meta property=\"og:url\" content=\"https:\/\/www.ig.cas.cz\/en\/comics\/comics-volcano\/\" \/>\n<meta property=\"og:site_name\" content=\"Dom\u016f\" \/>\n<meta property=\"article:publisher\" content=\"https:\/\/www.facebook.com\/GFUAVCR\/\" \/>\n<meta property=\"article:modified_time\" content=\"2023-01-30T13:45:23+00:00\" \/>\n<meta property=\"og:image\" content=\"https:\/\/www.ig.cas.cz\/wp-content\/uploads\/2020\/07\/komiks2.jpg\" \/>\n\t<meta property=\"og:image:width\" content=\"2000\" \/>\n\t<meta property=\"og:image:height\" content=\"476\" \/>\n\t<meta property=\"og:image:type\" content=\"image\/jpeg\" \/>\n<meta name=\"twitter:card\" content=\"summary_large_image\" \/>\n<meta name=\"twitter:label1\" content=\"Est. reading time\" \/>\n\t<meta name=\"twitter:data1\" content=\"2 minutes\" \/>\n<script type=\"application\/ld+json\" class=\"yoast-schema-graph\">{\"@context\":\"https:\/\/schema.org\",\"@graph\":[{\"@type\":\"WebPage\",\"@id\":\"https:\/\/www.ig.cas.cz\/en\/comics\/comics-volcano\/\",\"url\":\"https:\/\/www.ig.cas.cz\/en\/comics\/comics-volcano\/\",\"name\":\"Comics \\\"When the Earth melts\\\" - Geofyzik\u00e1ln\u00ed \u00fastav Akademie v\u011bd \u010cR, v.v.i.\",\"isPartOf\":{\"@id\":\"https:\/\/www.ig.cas.cz\/#website\"},\"primaryImageOfPage\":{\"@id\":\"https:\/\/www.ig.cas.cz\/en\/comics\/comics-volcano\/#primaryimage\"},\"image\":{\"@id\":\"https:\/\/www.ig.cas.cz\/en\/comics\/comics-volcano\/#primaryimage\"},\"thumbnailUrl\":\"https:\/\/www.ig.cas.cz\/wp-content\/uploads\/2020\/07\/komiks2.jpg\",\"datePublished\":\"2023-01-30T06:47:27+00:00\",\"dateModified\":\"2023-01-30T13:45:23+00:00\",\"breadcrumb\":{\"@id\":\"https:\/\/www.ig.cas.cz\/en\/comics\/comics-volcano\/#breadcrumb\"},\"inLanguage\":\"en-US\",\"potentialAction\":[{\"@type\":\"ReadAction\",\"target\":[\"https:\/\/www.ig.cas.cz\/en\/comics\/comics-volcano\/\"]}]},{\"@type\":\"ImageObject\",\"inLanguage\":\"en-US\",\"@id\":\"https:\/\/www.ig.cas.cz\/en\/comics\/comics-volcano\/#primaryimage\",\"url\":\"https:\/\/www.ig.cas.cz\/wp-content\/uploads\/2020\/07\/komiks2.jpg\",\"contentUrl\":\"https:\/\/www.ig.cas.cz\/wp-content\/uploads\/2020\/07\/komiks2.jpg\",\"width\":2000,\"height\":476},{\"@type\":\"BreadcrumbList\",\"@id\":\"https:\/\/www.ig.cas.cz\/en\/comics\/comics-volcano\/#breadcrumb\",\"itemListElement\":[{\"@type\":\"ListItem\",\"position\":1,\"name\":\"Dom\u016f\",\"item\":\"https:\/\/www.ig.cas.cz\/en\/\"},{\"@type\":\"ListItem\",\"position\":2,\"name\":\"Comics\",\"item\":\"https:\/\/www.ig.cas.cz\/en\/comics\/\"},{\"@type\":\"ListItem\",\"position\":3,\"name\":\"Comics &#8220;When the Earth melts&#8221;\"}]},{\"@type\":\"WebSite\",\"@id\":\"https:\/\/www.ig.cas.cz\/#website\",\"url\":\"https:\/\/www.ig.cas.cz\/\",\"name\":\"Dom\u016f\",\"description\":\"Geofyzik\u00e1ln\u00ed \u00fastav Akademie v\u011bd \u010cR, v.v.i.\",\"potentialAction\":[{\"@type\":\"SearchAction\",\"target\":{\"@type\":\"EntryPoint\",\"urlTemplate\":\"https:\/\/www.ig.cas.cz\/?s={search_term_string}\"},\"query-input\":{\"@type\":\"PropertyValueSpecification\",\"valueRequired\":true,\"valueName\":\"search_term_string\"}}],\"inLanguage\":\"en-US\"}]}<\/script>\n<!-- \/ Yoast SEO plugin. -->","yoast_head_json":{"title":"Comics \"When the Earth melts\" - Geofyzik\u00e1ln\u00ed \u00fastav Akademie v\u011bd \u010cR, v.v.i.","robots":{"index":"index","follow":"follow","max-snippet":"max-snippet:-1","max-image-preview":"max-image-preview:large","max-video-preview":"max-video-preview:-1"},"canonical":"https:\/\/www.ig.cas.cz\/en\/comics\/comics-volcano\/","og_locale":"en_US","og_type":"article","og_title":"Comics \"When the Earth melts\" - Geofyzik\u00e1ln\u00ed \u00fastav Akademie v\u011bd \u010cR, v.v.i.","og_description":"Unique educational tool - a comic book about the awakened volcano! Download the Comic Book and the board game for free under the Creative Commons licence (CC BY-SA 4.0) - provided that you credit the author \"Karolina Ku\u010derov\u00e1 and the Institute of Geophysics of the CAS\" and keep the license: Comic book III for print [&hellip;]","og_url":"https:\/\/www.ig.cas.cz\/en\/comics\/comics-volcano\/","og_site_name":"Dom\u016f","article_publisher":"https:\/\/www.facebook.com\/GFUAVCR\/","article_modified_time":"2023-01-30T13:45:23+00:00","og_image":[{"width":2000,"height":476,"url":"https:\/\/www.ig.cas.cz\/wp-content\/uploads\/2020\/07\/komiks2.jpg","type":"image\/jpeg"}],"twitter_card":"summary_large_image","twitter_misc":{"Est. reading time":"2 minutes"},"schema":{"@context":"https:\/\/schema.org","@graph":[{"@type":"WebPage","@id":"https:\/\/www.ig.cas.cz\/en\/comics\/comics-volcano\/","url":"https:\/\/www.ig.cas.cz\/en\/comics\/comics-volcano\/","name":"Comics \"When the Earth melts\" - Geofyzik\u00e1ln\u00ed \u00fastav Akademie v\u011bd \u010cR, v.v.i.","isPartOf":{"@id":"https:\/\/www.ig.cas.cz\/#website"},"primaryImageOfPage":{"@id":"https:\/\/www.ig.cas.cz\/en\/comics\/comics-volcano\/#primaryimage"},"image":{"@id":"https:\/\/www.ig.cas.cz\/en\/comics\/comics-volcano\/#primaryimage"},"thumbnailUrl":"https:\/\/www.ig.cas.cz\/wp-content\/uploads\/2020\/07\/komiks2.jpg","datePublished":"2023-01-30T06:47:27+00:00","dateModified":"2023-01-30T13:45:23+00:00","breadcrumb":{"@id":"https:\/\/www.ig.cas.cz\/en\/comics\/comics-volcano\/#breadcrumb"},"inLanguage":"en-US","potentialAction":[{"@type":"ReadAction","target":["https:\/\/www.ig.cas.cz\/en\/comics\/comics-volcano\/"]}]},{"@type":"ImageObject","inLanguage":"en-US","@id":"https:\/\/www.ig.cas.cz\/en\/comics\/comics-volcano\/#primaryimage","url":"https:\/\/www.ig.cas.cz\/wp-content\/uploads\/2020\/07\/komiks2.jpg","contentUrl":"https:\/\/www.ig.cas.cz\/wp-content\/uploads\/2020\/07\/komiks2.jpg","width":2000,"height":476},{"@type":"BreadcrumbList","@id":"https:\/\/www.ig.cas.cz\/en\/comics\/comics-volcano\/#breadcrumb","itemListElement":[{"@type":"ListItem","position":1,"name":"Dom\u016f","item":"https:\/\/www.ig.cas.cz\/en\/"},{"@type":"ListItem","position":2,"name":"Comics","item":"https:\/\/www.ig.cas.cz\/en\/comics\/"},{"@type":"ListItem","position":3,"name":"Comics &#8220;When the Earth melts&#8221;"}]},{"@type":"WebSite","@id":"https:\/\/www.ig.cas.cz\/#website","url":"https:\/\/www.ig.cas.cz\/","name":"Dom\u016f","description":"Geofyzik\u00e1ln\u00ed \u00fastav Akademie v\u011bd \u010cR, v.v.i.","potentialAction":[{"@type":"SearchAction","target":{"@type":"EntryPoint","urlTemplate":"https:\/\/www.ig.cas.cz\/?s={search_term_string}"},"query-input":{"@type":"PropertyValueSpecification","valueRequired":true,"valueName":"search_term_string"}}],"inLanguage":"en-US"}]}},"_links":{"self":[{"href":"https:\/\/www.ig.cas.cz\/en\/wp-json\/wp\/v2\/pages\/31876","targetHints":{"allow":["GET"]}}],"collection":[{"href":"https:\/\/www.ig.cas.cz\/en\/wp-json\/wp\/v2\/pages"}],"about":[{"href":"https:\/\/www.ig.cas.cz\/en\/wp-json\/wp\/v2\/types\/page"}],"author":[{"embeddable":true,"href":"https:\/\/www.ig.cas.cz\/en\/wp-json\/wp\/v2\/users\/28"}],"replies":[{"embeddable":true,"href":"https:\/\/www.ig.cas.cz\/en\/wp-json\/wp\/v2\/comments?post=31876"}],"version-history":[{"count":0,"href":"https:\/\/www.ig.cas.cz\/en\/wp-json\/wp\/v2\/pages\/31876\/revisions"}],"up":[{"embeddable":true,"href":"https:\/\/www.ig.cas.cz\/en\/wp-json\/wp\/v2\/pages\/25800"}],"wp:featuredmedia":[{"embeddable":true,"href":"https:\/\/www.ig.cas.cz\/en\/wp-json\/wp\/v2\/media\/18931"}],"wp:attachment":[{"href":"https:\/\/www.ig.cas.cz\/en\/wp-json\/wp\/v2\/media?parent=31876"}],"wp:term":[{"taxonomy":"category","embeddable":true,"href":"https:\/\/www.ig.cas.cz\/en\/wp-json\/wp\/v2\/categories?post=31876"},{"taxonomy":"post_tag","embeddable":true,"href":"https:\/\/www.ig.cas.cz\/en\/wp-json\/wp\/v2\/tags?post=31876"}],"curies":[{"name":"wp","href":"https:\/\/api.w.org\/{rel}","templated":true}]}}