{"id":33961,"date":"2023-06-22T13:41:36","date_gmt":"2023-06-22T11:41:36","guid":{"rendered":"https:\/\/www.ig.cas.cz\/?page_id=33961"},"modified":"2023-06-22T13:41:42","modified_gmt":"2023-06-22T11:41:42","slug":"mobnet-vinarsko","status":"publish","type":"page","link":"https:\/\/www.ig.cas.cz\/en\/observatories\/mobnet-pool\/mobnet-vinarsko\/","title":{"rendered":"Vinarsko"},"content":{"rendered":"<p>[et_pb_section fb_built=&#8221;1&#8243; _builder_version=&#8221;4.6.0&#8243; _module_preset=&#8221;default&#8221;][et_pb_row column_structure=&#8221;1_3,1_3,1_3&#8243; _builder_version=&#8221;4.6.0&#8243; _module_preset=&#8221;default&#8221;][et_pb_column type=&#8221;1_3&#8243; _builder_version=&#8221;4.6.0&#8243; _module_preset=&#8221;default&#8221;][et_pb_image src=&#8221;https:\/\/www.ig.cas.cz\/wp-content\/uploads\/2023\/06\/ada_logo_nb-287&#215;300.png&#8221; title_text=&#8221;AdA logo nb&#8221; admin_label=&#8221;Image&#8221; _builder_version=&#8221;4.6.0&#8243; _module_preset=&#8221;default&#8221; positioning=&#8221;relative&#8221; position_origin_r=&#8221;bottom_right&#8221; vertical_offset=&#8221;0px&#8221; z_index=&#8221;0&#8243; max_height=&#8221;150px&#8221; z_index_tablet=&#8221;&#8221; z_index_phone=&#8221;&#8221; z_index_last_edited=&#8221;on|desktop&#8221;][\/et_pb_image][\/et_pb_column][et_pb_column type=&#8221;1_3&#8243; _builder_version=&#8221;4.6.0&#8243; _module_preset=&#8221;default&#8221;][\/et_pb_column][et_pb_column type=&#8221;1_3&#8243; _builder_version=&#8221;4.6.0&#8243; _module_preset=&#8221;default&#8221;][et_pb_image src=&#8221;https:\/\/www.ig.cas.cz\/wp-content\/uploads\/2023\/06\/adriarobg-june23-bg05a.png&#8221; title_text=&#8221;AdriaROBG June23 BG05A&#8221; url=&#8221;https:\/\/www.ig.cas.cz\/wp-content\/uploads\/2023\/06\/adriarobg-june23-bg05a.png&#8221; _builder_version=&#8221;4.6.0&#8243; _module_preset=&#8221;default&#8221;][\/et_pb_image][\/et_pb_column][\/et_pb_row][et_pb_row column_structure=&#8221;2_3,1_3&#8243; _builder_version=&#8221;4.6.0&#8243; _module_preset=&#8221;default&#8221;][et_pb_column type=&#8221;2_3&#8243; _builder_version=&#8221;4.6.0&#8243; _module_preset=&#8221;default&#8221;][et_pb_text admin_label=&#8221;Text&#8221; _builder_version=&#8221;4.6.0&#8243; _module_preset=&#8221;default&#8221;]<\/p>\n<p><span style=\"color: #000000;\"><span style=\"font-size: normal;\"><span lang=\"en\">The station <strong>Vinarsko (BG05A)\u00a0<\/strong><\/span><\/span>is located in the basement of the municipal office, 1&nbsp;m below the ground level. The seismometer stands on the concrete floor in the corner of the corridor.<\/span><\/p>\n<p>&nbsp;<\/p>\n<p>[\/et_pb_text][\/et_pb_column][et_pb_column type=&#8221;1_3&#8243; _builder_version=&#8221;4.6.0&#8243; _module_preset=&#8221;default&#8221;][\/et_pb_column][\/et_pb_row][et_pb_row column_structure=&#8221;1_3,1_3,1_3&#8243; _builder_version=&#8221;4.6.0&#8243; _module_preset=&#8221;default&#8221;][et_pb_column type=&#8221;1_3&#8243; _builder_version=&#8221;4.6.0&#8243; _module_preset=&#8221;default&#8221;][et_pb_text admin_label=&#8221;Text&#8221; _builder_version=&#8221;4.6.0&#8243; _module_preset=&#8221;default&#8221;]<\/p>\n<p><span style=\"color: #000000;\">Start : \u00a0 \u00a0 \u00a0 \u00a0 14.6.2022<\/span><br \/><span style=\"color: #000000;\">Lat : \u00a0 \u00a0 \u00a0 \u00a0 \u00a0 42.60374 N<\/span><br \/><span style=\"color: #000000;\">Lon : \u00a0 \u00a0 \u00a0 \u00a0 \u00a027.19934 E<\/span><br \/><span style=\"color: #000000;\">Alt : \u00a0 \u00a0 \u00a0 \u00a0 \u00a0 \u00a0160&nbsp;m<\/span><\/p>\n<p>[\/et_pb_text][\/et_pb_column][et_pb_column type=&#8221;1_3&#8243; _builder_version=&#8221;4.6.0&#8243; _module_preset=&#8221;default&#8221;][et_pb_text admin_label=&#8221;Text&#8221; _builder_version=&#8221;4.6.0&#8243; _module_preset=&#8221;default&#8221;]<\/p>\n<p><span style=\"color: #000000;\">Sensor : \u00a0 \u00a0 \u00a0 \u00a0 STS-2&nbsp;120s &#8211; 50Hz<br \/>Sensitivity : \u00a0 \u00a02 x 750 V\/m\/s<br \/>Depth : \u00a0 \u00a0 \u00a0 \u00a0 \u00a0 1&nbsp;m<br \/><\/span><span style=\"color: #000000;\">Recorder : \u00a0 \u00a0 Gaia 5+<br \/>Power : \u00a0 \u00a0 \u00a0 \u00a0 \u00a0electricity grid + accu<\/span><\/p>\n<p>[\/et_pb_text][\/et_pb_column][et_pb_column type=&#8221;1_3&#8243; _builder_version=&#8221;4.6.0&#8243; _module_preset=&#8221;default&#8221;][\/et_pb_column][\/et_pb_row][\/et_pb_section]<\/p>\n","protected":false},"excerpt":{"rendered":"<p>The station Vinarsko (BG05A)\u00a0is located in the basement of the municipal office, 1&nbsp;m below the ground level. The seismometer stands on the concrete floor in the corner of the corridor. &nbsp;Start : \u00a0 \u00a0 \u00a0 \u00a0 14.6.2022Lat : \u00a0 \u00a0 \u00a0 \u00a0 \u00a0 42.60374 NLon : \u00a0 \u00a0 \u00a0 \u00a0 \u00a027.19934 EAlt : \u00a0 [&hellip;]<\/p>\n","protected":false},"author":20,"featured_media":0,"parent":25175,"menu_order":0,"comment_status":"closed","ping_status":"closed","template":"","meta":{"_et_pb_use_builder":"on","_et_pb_old_content":"","_et_gb_content_width":"","footnotes":""},"categories":[],"tags":[],"class_list":["post-33961","page","type-page","status-publish","hentry"],"yoast_head":"<!-- This site is optimized with the Yoast SEO plugin v25.9 - https:\/\/yoast.com\/wordpress\/plugins\/seo\/ -->\n<title>Vinarsko - Geofyzik\u00e1ln\u00ed \u00fastav Akademie v\u011bd \u010cR, v.v.i.<\/title>\n<meta name=\"robots\" content=\"index, follow, max-snippet:-1, max-image-preview:large, max-video-preview:-1\" \/>\n<link rel=\"canonical\" href=\"https:\/\/www.ig.cas.cz\/en\/observatories\/mobnet-pool\/mobnet-vinarsko\/\" \/>\n<meta property=\"og:locale\" content=\"en_US\" \/>\n<meta property=\"og:type\" content=\"article\" \/>\n<meta property=\"og:title\" content=\"Vinarsko - Geofyzik\u00e1ln\u00ed \u00fastav Akademie v\u011bd \u010cR, v.v.i.\" \/>\n<meta property=\"og:description\" content=\"The station Vinarsko (BG05A)\u00a0is located in the basement of the municipal office, 1 m below the ground level. The seismometer stands on the concrete floor in the corner of the corridor. &nbsp;Start : \u00a0 \u00a0 \u00a0 \u00a0 14.6.2022Lat : \u00a0 \u00a0 \u00a0 \u00a0 \u00a0 42.60374 NLon : \u00a0 \u00a0 \u00a0 \u00a0 \u00a027.19934 EAlt : \u00a0 [&hellip;]\" \/>\n<meta property=\"og:url\" content=\"https:\/\/www.ig.cas.cz\/en\/observatories\/mobnet-pool\/mobnet-vinarsko\/\" \/>\n<meta property=\"og:site_name\" content=\"Dom\u016f\" \/>\n<meta property=\"article:publisher\" content=\"https:\/\/www.facebook.com\/GFUAVCR\/\" \/>\n<meta property=\"article:modified_time\" content=\"2023-06-22T11:41:42+00:00\" \/>\n<meta name=\"twitter:card\" content=\"summary_large_image\" \/>\n<meta name=\"twitter:label1\" content=\"Est. reading time\" \/>\n\t<meta name=\"twitter:data1\" content=\"1 minute\" \/>\n<script type=\"application\/ld+json\" class=\"yoast-schema-graph\">{\"@context\":\"https:\/\/schema.org\",\"@graph\":[{\"@type\":\"WebPage\",\"@id\":\"https:\/\/www.ig.cas.cz\/en\/observatories\/mobnet-pool\/mobnet-vinarsko\/\",\"url\":\"https:\/\/www.ig.cas.cz\/en\/observatories\/mobnet-pool\/mobnet-vinarsko\/\",\"name\":\"Vinarsko - Geofyzik\u00e1ln\u00ed \u00fastav Akademie v\u011bd \u010cR, v.v.i.\",\"isPartOf\":{\"@id\":\"https:\/\/www.ig.cas.cz\/#website\"},\"datePublished\":\"2023-06-22T11:41:36+00:00\",\"dateModified\":\"2023-06-22T11:41:42+00:00\",\"breadcrumb\":{\"@id\":\"https:\/\/www.ig.cas.cz\/en\/observatories\/mobnet-pool\/mobnet-vinarsko\/#breadcrumb\"},\"inLanguage\":\"en-US\",\"potentialAction\":[{\"@type\":\"ReadAction\",\"target\":[\"https:\/\/www.ig.cas.cz\/en\/observatories\/mobnet-pool\/mobnet-vinarsko\/\"]}]},{\"@type\":\"BreadcrumbList\",\"@id\":\"https:\/\/www.ig.cas.cz\/en\/observatories\/mobnet-pool\/mobnet-vinarsko\/#breadcrumb\",\"itemListElement\":[{\"@type\":\"ListItem\",\"position\":1,\"name\":\"Dom\u016f\",\"item\":\"https:\/\/www.ig.cas.cz\/en\/\"},{\"@type\":\"ListItem\",\"position\":2,\"name\":\"Observatories\",\"item\":\"https:\/\/www.ig.cas.cz\/en\/observatories\/\"},{\"@type\":\"ListItem\",\"position\":3,\"name\":\"MOBNET\",\"item\":\"https:\/\/www.ig.cas.cz\/en\/observatories\/mobnet-pool\/\"},{\"@type\":\"ListItem\",\"position\":4,\"name\":\"Vinarsko\"}]},{\"@type\":\"WebSite\",\"@id\":\"https:\/\/www.ig.cas.cz\/#website\",\"url\":\"https:\/\/www.ig.cas.cz\/\",\"name\":\"Dom\u016f\",\"description\":\"Geofyzik\u00e1ln\u00ed \u00fastav Akademie v\u011bd \u010cR, v.v.i.\",\"potentialAction\":[{\"@type\":\"SearchAction\",\"target\":{\"@type\":\"EntryPoint\",\"urlTemplate\":\"https:\/\/www.ig.cas.cz\/?s={search_term_string}\"},\"query-input\":{\"@type\":\"PropertyValueSpecification\",\"valueRequired\":true,\"valueName\":\"search_term_string\"}}],\"inLanguage\":\"en-US\"}]}<\/script>\n<!-- \/ Yoast SEO plugin. -->","yoast_head_json":{"title":"Vinarsko - Geofyzik\u00e1ln\u00ed \u00fastav Akademie v\u011bd \u010cR, v.v.i.","robots":{"index":"index","follow":"follow","max-snippet":"max-snippet:-1","max-image-preview":"max-image-preview:large","max-video-preview":"max-video-preview:-1"},"canonical":"https:\/\/www.ig.cas.cz\/en\/observatories\/mobnet-pool\/mobnet-vinarsko\/","og_locale":"en_US","og_type":"article","og_title":"Vinarsko - Geofyzik\u00e1ln\u00ed \u00fastav Akademie v\u011bd \u010cR, v.v.i.","og_description":"The station Vinarsko (BG05A)\u00a0is located in the basement of the municipal office, 1 m below the ground level. The seismometer stands on the concrete floor in the corner of the corridor. &nbsp;Start : \u00a0 \u00a0 \u00a0 \u00a0 14.6.2022Lat : \u00a0 \u00a0 \u00a0 \u00a0 \u00a0 42.60374 NLon : \u00a0 \u00a0 \u00a0 \u00a0 \u00a027.19934 EAlt : \u00a0 [&hellip;]","og_url":"https:\/\/www.ig.cas.cz\/en\/observatories\/mobnet-pool\/mobnet-vinarsko\/","og_site_name":"Dom\u016f","article_publisher":"https:\/\/www.facebook.com\/GFUAVCR\/","article_modified_time":"2023-06-22T11:41:42+00:00","twitter_card":"summary_large_image","twitter_misc":{"Est. reading time":"1 minute"},"schema":{"@context":"https:\/\/schema.org","@graph":[{"@type":"WebPage","@id":"https:\/\/www.ig.cas.cz\/en\/observatories\/mobnet-pool\/mobnet-vinarsko\/","url":"https:\/\/www.ig.cas.cz\/en\/observatories\/mobnet-pool\/mobnet-vinarsko\/","name":"Vinarsko - Geofyzik\u00e1ln\u00ed \u00fastav Akademie v\u011bd \u010cR, v.v.i.","isPartOf":{"@id":"https:\/\/www.ig.cas.cz\/#website"},"datePublished":"2023-06-22T11:41:36+00:00","dateModified":"2023-06-22T11:41:42+00:00","breadcrumb":{"@id":"https:\/\/www.ig.cas.cz\/en\/observatories\/mobnet-pool\/mobnet-vinarsko\/#breadcrumb"},"inLanguage":"en-US","potentialAction":[{"@type":"ReadAction","target":["https:\/\/www.ig.cas.cz\/en\/observatories\/mobnet-pool\/mobnet-vinarsko\/"]}]},{"@type":"BreadcrumbList","@id":"https:\/\/www.ig.cas.cz\/en\/observatories\/mobnet-pool\/mobnet-vinarsko\/#breadcrumb","itemListElement":[{"@type":"ListItem","position":1,"name":"Dom\u016f","item":"https:\/\/www.ig.cas.cz\/en\/"},{"@type":"ListItem","position":2,"name":"Observatories","item":"https:\/\/www.ig.cas.cz\/en\/observatories\/"},{"@type":"ListItem","position":3,"name":"MOBNET","item":"https:\/\/www.ig.cas.cz\/en\/observatories\/mobnet-pool\/"},{"@type":"ListItem","position":4,"name":"Vinarsko"}]},{"@type":"WebSite","@id":"https:\/\/www.ig.cas.cz\/#website","url":"https:\/\/www.ig.cas.cz\/","name":"Dom\u016f","description":"Geofyzik\u00e1ln\u00ed \u00fastav Akademie v\u011bd \u010cR, v.v.i.","potentialAction":[{"@type":"SearchAction","target":{"@type":"EntryPoint","urlTemplate":"https:\/\/www.ig.cas.cz\/?s={search_term_string}"},"query-input":{"@type":"PropertyValueSpecification","valueRequired":true,"valueName":"search_term_string"}}],"inLanguage":"en-US"}]}},"_links":{"self":[{"href":"https:\/\/www.ig.cas.cz\/en\/wp-json\/wp\/v2\/pages\/33961","targetHints":{"allow":["GET"]}}],"collection":[{"href":"https:\/\/www.ig.cas.cz\/en\/wp-json\/wp\/v2\/pages"}],"about":[{"href":"https:\/\/www.ig.cas.cz\/en\/wp-json\/wp\/v2\/types\/page"}],"author":[{"embeddable":true,"href":"https:\/\/www.ig.cas.cz\/en\/wp-json\/wp\/v2\/users\/20"}],"replies":[{"embeddable":true,"href":"https:\/\/www.ig.cas.cz\/en\/wp-json\/wp\/v2\/comments?post=33961"}],"version-history":[{"count":0,"href":"https:\/\/www.ig.cas.cz\/en\/wp-json\/wp\/v2\/pages\/33961\/revisions"}],"up":[{"embeddable":true,"href":"https:\/\/www.ig.cas.cz\/en\/wp-json\/wp\/v2\/pages\/25175"}],"wp:attachment":[{"href":"https:\/\/www.ig.cas.cz\/en\/wp-json\/wp\/v2\/media?parent=33961"}],"wp:term":[{"taxonomy":"category","embeddable":true,"href":"https:\/\/www.ig.cas.cz\/en\/wp-json\/wp\/v2\/categories?post=33961"},{"taxonomy":"post_tag","embeddable":true,"href":"https:\/\/www.ig.cas.cz\/en\/wp-json\/wp\/v2\/tags?post=33961"}],"curies":[{"name":"wp","href":"https:\/\/api.w.org\/{rel}","templated":true}]}}