{"id":36151,"date":"2023-11-25T21:35:32","date_gmt":"2023-11-25T20:35:32","guid":{"rendered":"https:\/\/www.ig.cas.cz\/?page_id=36151"},"modified":"2024-06-28T09:29:28","modified_gmt":"2024-06-28T07:29:28","slug":"naspmon-wp6-results","status":"publish","type":"page","link":"https:\/\/www.ig.cas.cz\/en\/naspmon-wp6-results\/","title":{"rendered":"NASPMON &#8211; WP6 results"},"content":{"rendered":"<p>[et_pb_section fb_built=&#8221;1&#8243; fullwidth=&#8221;on&#8221; admin_label=&#8221;Section&#8221; _builder_version=&#8221;4.16&#8243; _module_preset=&#8221;default&#8221; global_colors_info=&#8221;{}&#8221;][et_pb_fullwidth_header title=&#8221;NASPMON&#8221; subhead=&#8221;Seismic Tomography in Reykjanes Peninsula, SW of Iceland&#8221; admin_label=&#8221;Fullwidth Header&#8221; _builder_version=&#8221;4.16&#8243; _module_preset=&#8221;default&#8221; title_text_color=&#8221;#000000&#8243; title_font_size=&#8221;50px&#8221; background_image=&#8221;https:\/\/www.ig.cas.cz\/wp-content\/uploads\/2018\/01\/iceland_header.jpg&#8221; global_colors_info=&#8221;{}&#8221;][\/et_pb_fullwidth_header][\/et_pb_section][et_pb_section fb_built=&#8221;1&#8243; _builder_version=&#8221;4.16&#8243; _module_preset=&#8221;default&#8221; custom_margin=&#8221;-15px||-15px||false|false&#8221; top_divider_style=&#8221;curve2&#8243; top_divider_color=&#8221;#fbca1a&#8221; top_divider_height=&#8221;40px&#8221; bottom_divider_color=&#8221;#fbca1a&#8221; bottom_divider_height=&#8221;40px&#8221; global_colors_info=&#8221;{}&#8221;][et_pb_row column_structure=&#8221;3_4,1_4&#8243; _builder_version=&#8221;4.16&#8243; _module_preset=&#8221;default&#8221; global_colors_info=&#8221;{}&#8221;][et_pb_column type=&#8221;3_4&#8243; _builder_version=&#8221;4.16&#8243; _module_preset=&#8221;default&#8221; global_colors_info=&#8221;{}&#8221;][et_pb_text _builder_version=&#8221;4.24.2&#8243; _module_preset=&#8221;default&#8221; hover_enabled=&#8221;0&#8243; global_colors_info=&#8221;{}&#8221; sticky_enabled=&#8221;0&#8243;]<\/p>\n<h1>Seismic Tomography in Reykjanes Peninsula, SW of Iceland<\/h1>\n<h2 class=\"western\">Working package WP6 of the NASPMON project<\/h2>\n<h3 class=\"western\">Synopsis<\/h3>\n<p>Seismic tomography was calculated using similar approach as was used previously in West Bohemia region and documented in\u00a0<a href=\"http:\/\/dx.doi.org\/10.1093\/gji\/ggt295\">R\u016f\u017eek and Hor\u00e1lek<\/a>\u00a0(2013) and in Reykjanes Peninsula documented in\u00a0<a href=\"https:\/\/doi.org\/10.1007\/s00024-021-02784-1\">R\u016f\u017eek<\/a>\u00a0(2021). The geological environment is modeled by a&nbsp;system of rectangular boxes in contact. Each box is characterized by individual P-&nbsp;and S-wave velocities, which are subject of calculations. Calculation of the velocity fields is based on fitting the observed and predicted P-&nbsp;and S-wave arrival times of local earthquakes. We used arrival times recorded by 18 stations and corresponding to 2089 local earthquakes. Spatial resolution (dimension of the boxes) was 1x1x1 km.<\/p>\n<h3 class=\"western\">Input data<\/h3>\n<p><a href=\"\/wp-content\/uploads\/2023\/11\/rk_stations.txt\">List of stations<\/a>\u00a0in\u00a0<a href=\"http:\/\/alomax.free.fr\/nlloc\/index.html\">NonLinLoc<\/a> format<\/p>\n<p><a href=\"\/wp-content\/uploads\/2023\/11\/event_list.txt\">List of events<\/a> used for calculations<\/p>\n<p><a href=\"\/wp-content\/uploads\/2023\/11\/rk_tomo.txt\">Bulletin<\/a> of onset times<\/p>\n<h3 class=\"western\">Velocity model in a&nbsp;numerical form<\/h3>\n<p><a href=\"\/wp-content\/uploads\/2023\/11\/model.txt\">Download model<\/a><\/p>\n<h3 class=\"western\">Graphical maps<\/h3>\n<p>Figures to download:\u00a0 P-waves velocity in <a href=\"https:\/\/owncloud.cesnet.cz\/index.php\/s\/IMJp71Bpau7KNvG\">png<\/a>, P-waves velocity in<a href=\"https:\/\/owncloud.cesnet.cz\/index.php\/s\/ej4dLUmAlHggeGu\"> pdf<\/a>, S-waves veloctiy in <a href=\"https:\/\/owncloud.cesnet.cz\/index.php\/s\/jBwdus0b6sdDpq3\">png<\/a>, S-waves velocity in <a href=\"https:\/\/owncloud.cesnet.cz\/index.php\/s\/ze9U1rtTRO5x1Zb\">pdf<\/a><\/p>\n<p><img loading=\"lazy\" decoding=\"async\" class=\"alignnone wp-image-39121\" src=\"https:\/\/www.ig.cas.cz\/wp-content\/uploads\/2024\/06\/p-vel-m0p5-1024x724.png\" alt=\"\" width=\"500\" height=\"354\" \/><img loading=\"lazy\" decoding=\"async\" class=\"alignnone wp-image-39157\" src=\"https:\/\/www.ig.cas.cz\/wp-content\/uploads\/2024\/06\/s-vel-m0p5-1024x724.png\" alt=\"\" width=\"500\" height=\"354\" \/><\/p>\n<p><img loading=\"lazy\" decoding=\"async\" class=\"alignnone wp-image-39089\" src=\"https:\/\/www.ig.cas.cz\/wp-content\/uploads\/2024\/06\/p-vel-0p5-1024x724.png\" alt=\"\" width=\"500\" height=\"354\" \/><img loading=\"lazy\" decoding=\"async\" class=\"alignnone wp-image-39125\" src=\"https:\/\/www.ig.cas.cz\/wp-content\/uploads\/2024\/06\/s-vel-0p5-1024x724.png\" alt=\"\" width=\"500\" height=\"354\" \/><\/p>\n<p><img loading=\"lazy\" decoding=\"async\" class=\"alignnone wp-image-39093\" src=\"https:\/\/www.ig.cas.cz\/wp-content\/uploads\/2024\/06\/p-vel-1p5-1024x724.png\" alt=\"\" width=\"500\" height=\"354\" \/><img loading=\"lazy\" decoding=\"async\" class=\"alignnone wp-image-39129\" src=\"https:\/\/www.ig.cas.cz\/wp-content\/uploads\/2024\/06\/s-vel-1p5-1024x724.png\" alt=\"\" width=\"500\" height=\"354\" \/><\/p>\n<p><img loading=\"lazy\" decoding=\"async\" class=\"alignnone wp-image-39097\" src=\"https:\/\/www.ig.cas.cz\/wp-content\/uploads\/2024\/06\/p-vel-2p5-1024x724.png\" alt=\"\" width=\"500\" height=\"354\" \/><img loading=\"lazy\" decoding=\"async\" class=\"alignnone wp-image-39133\" src=\"https:\/\/www.ig.cas.cz\/wp-content\/uploads\/2024\/06\/s-vel-2p5-1024x724.png\" alt=\"\" width=\"500\" height=\"354\" \/><\/p>\n<p><img loading=\"lazy\" decoding=\"async\" class=\"alignnone wp-image-39101\" src=\"https:\/\/www.ig.cas.cz\/wp-content\/uploads\/2024\/06\/p-vel-3p5-1024x724.png\" alt=\"\" width=\"500\" height=\"354\" \/><img loading=\"lazy\" decoding=\"async\" class=\"alignnone wp-image-39137\" src=\"https:\/\/www.ig.cas.cz\/wp-content\/uploads\/2024\/06\/s-vel-3p5-1024x724.png\" alt=\"\" width=\"500\" height=\"354\" \/><\/p>\n<p><img loading=\"lazy\" decoding=\"async\" class=\"alignnone wp-image-39105\" src=\"https:\/\/www.ig.cas.cz\/wp-content\/uploads\/2024\/06\/p-vel-4p5-1024x724.png\" alt=\"\" width=\"500\" height=\"354\" \/><img loading=\"lazy\" decoding=\"async\" class=\"alignnone wp-image-39141\" src=\"https:\/\/www.ig.cas.cz\/wp-content\/uploads\/2024\/06\/s-vel-4p5-1024x724.png\" alt=\"\" width=\"500\" height=\"354\" \/><\/p>\n<p><img loading=\"lazy\" decoding=\"async\" class=\"alignnone wp-image-39108\" src=\"https:\/\/www.ig.cas.cz\/wp-content\/uploads\/2024\/06\/p-vel-5p5-1024x724.png\" alt=\"\" width=\"500\" height=\"354\" \/><img loading=\"lazy\" decoding=\"async\" class=\"alignnone wp-image-39145\" src=\"https:\/\/www.ig.cas.cz\/wp-content\/uploads\/2024\/06\/s-vel-5p5-1024x724.png\" alt=\"\" width=\"500\" height=\"354\" \/><\/p>\n<p><img loading=\"lazy\" decoding=\"async\" class=\"alignnone wp-image-39112\" src=\"https:\/\/www.ig.cas.cz\/wp-content\/uploads\/2024\/06\/p-vel-6p5-1024x724.png\" alt=\"\" width=\"500\" height=\"354\" \/><img loading=\"lazy\" decoding=\"async\" class=\"alignnone wp-image-39149\" src=\"https:\/\/www.ig.cas.cz\/wp-content\/uploads\/2024\/06\/s-vel-6p5-1024x724.png\" alt=\"\" width=\"500\" height=\"354\" \/><\/p>\n<p><img loading=\"lazy\" decoding=\"async\" class=\"alignnone wp-image-39116\" src=\"https:\/\/www.ig.cas.cz\/wp-content\/uploads\/2024\/06\/p-vel-7p5-1024x724.png\" alt=\"\" width=\"500\" height=\"354\" \/><img loading=\"lazy\" decoding=\"async\" class=\"alignnone wp-image-39153\" src=\"https:\/\/www.ig.cas.cz\/wp-content\/uploads\/2024\/06\/s-vel-7p5-1024x724.png\" alt=\"\" width=\"500\" height=\"354\" \/><\/p>\n<p>&nbsp;<\/p>\n<p>&nbsp;<\/p>\n<p>&nbsp;<\/p>\n<p>&nbsp;<\/p>\n<h3 class=\"western\">ESRI Shapefiles<\/h3>\n<p><a href=\"\/wp-content\/uploads\/2024\/06\/model_P.zip\">P-waves velocity<\/a>, <a href=\"\/wp-content\/uploads\/2024\/06\/model_S.zip\">S-waves velocity<\/a><\/p>\n<h3 class=\"western\">Coordinate systems<\/h3>\n<p><span style=\"font-size: medium;\">Apart from geographical coordinates (longitude, latitude, altitude) a&nbsp;local Cartesian system is sometimes used (e.g. for graphical maps). Cartesian system is using x-axis oriented eastwards, y-axis northwards, z-axis upwards. Origin of the Cartesian system is\u00a0<\/span><span style=\"font-size: medium;\">-22W 64N<\/span><span style=\"font-size: medium;\">. For mutual transformations GMT software can be used. Example of a&nbsp;script is\u00a0<a href=\"\/wp-content\/uploads\/2023\/11\/map_conv.sh_.txt\">here<\/a>.<\/span><\/p>\n<h3 class=\"western\">References<\/h3>\n<p><span style=\"font-size: small;\">R\u016f\u017eek, B., Hor\u00e1lek, J., 2013. Three-dimensional seismic velocity model of the west Bohemia\/Vogtland seismoactive region. <\/span><span style=\"font-size: small;\"><i>Geophys. J. Int.<\/i><\/span><span style=\"font-size: small;\">\u00a0<\/span><span style=\"font-size: small;\"><b>195<\/b><\/span><span style=\"font-size: small;\">, 1251\u20131256.\u00a0<a href=\"http:\/\/dx.doi.org\/10.1093\/gji\/ggt295\">http:\/\/dx.doi.org\/10.1093\/gji\/ggt295<\/a>.<\/span><\/p>\n<p><span style=\"font-size: small;\">R\u016f\u017eek, B.:, 2021.<\/span>\u00a0<span style=\"font-size: small;\">Seismic anisotropy in the rift of the Reykjanes Peninsula, SW Iceland, calculated using a&nbsp;new tomographic method.\u00a0<\/span><span style=\"font-size: small;\"><i>Pure and Applied Geophysics<\/i><\/span><span style=\"font-size: small;\">,\u00a0<\/span><span style=\"font-size: small;\"><b>178<\/b><\/span>\u00a0<span style=\"font-size: small;\">(8),<\/span>\u00a0<span style=\"font-size: small;\">2871-2903, <a href=\"https:\/\/doi.org\/10.1007\/s00024-021-02784-1\">https:\/\/doi.org\/10.1007\/s00024-021-02784-1<\/a><\/span><span style=\"font-size: small;\">.<\/span><\/p>\n<p><a href=\"http:\/\/alomax.free.fr\/nlloc\/\">NonLinLoc<\/a> <a href=\"https:\/\/github.com\/alomax\">https:\/\/github.com\/alomax<\/a><\/p>\n<p>[\/et_pb_text][\/et_pb_column][et_pb_column type=&#8221;1_4&#8243; _builder_version=&#8221;4.16&#8243; _module_preset=&#8221;default&#8221; global_colors_info=&#8221;{}&#8221;][et_pb_image src=&#8221;https:\/\/www.ig.cas.cz\/wp-content\/uploads\/2021\/11\/eea_grants4x.png&#8221; title_text=&#8221;EEA Grants@4x&#8221; align=&#8221;center&#8221; _builder_version=&#8221;4.16&#8243; _module_preset=&#8221;default&#8221; width=&#8221;70%&#8221; global_colors_info=&#8221;{}&#8221;][\/et_pb_image][et_pb_image src=&#8221;https:\/\/www.ig.cas.cz\/wp-content\/uploads\/2021\/11\/logo_en_black-2.png&#8221; title_text=&#8221;Logo En Black 2&#8243; align=&#8221;center&#8221; _builder_version=&#8221;4.16&#8243; _module_preset=&#8221;default&#8221; width=&#8221;70%&#8221; global_colors_info=&#8221;{}&#8221;][\/et_pb_image][\/et_pb_column][\/et_pb_row][\/et_pb_section]<\/p>\n","protected":false},"excerpt":{"rendered":"<p>Seismic Tomography in Reykjanes Peninsula, SW of Iceland Working package WP6 of the NASPMON project Synopsis Seismic tomography was calculated using similar approach as was used previously in West Bohemia region and documented in\u00a0R\u016f\u017eek and Hor\u00e1lek\u00a0(2013) and in Reykjanes Peninsula documented in\u00a0R\u016f\u017eek\u00a0(2021). The geological environment is modeled by a&nbsp;system of rectangular boxes in contact. [&hellip;]<\/p>\n","protected":false},"author":9,"featured_media":14269,"parent":0,"menu_order":0,"comment_status":"closed","ping_status":"closed","template":"page-template-blank.php","meta":{"_et_pb_use_builder":"on","_et_pb_old_content":"","_et_gb_content_width":"","footnotes":""},"categories":[],"tags":[126],"class_list":["post-36151","page","type-page","status-publish","has-post-thumbnail","hentry","tag-projects-grants"],"yoast_head":"<!-- This site is optimized with the Yoast SEO plugin v25.9 - https:\/\/yoast.com\/wordpress\/plugins\/seo\/ -->\n<title>NASPMON - WP6 results - Geofyzik\u00e1ln\u00ed \u00fastav Akademie v\u011bd \u010cR, v.v.i.<\/title>\n<meta name=\"robots\" content=\"index, follow, max-snippet:-1, max-image-preview:large, max-video-preview:-1\" \/>\n<link rel=\"canonical\" href=\"https:\/\/www.ig.cas.cz\/en\/naspmon-wp6-results\/\" \/>\n<meta property=\"og:locale\" content=\"en_US\" \/>\n<meta property=\"og:type\" content=\"article\" \/>\n<meta property=\"og:title\" content=\"NASPMON - WP6 results - Geofyzik\u00e1ln\u00ed \u00fastav Akademie v\u011bd \u010cR, v.v.i.\" \/>\n<meta property=\"og:description\" content=\"Seismic Tomography in Reykjanes Peninsula, SW of Iceland Working package WP6 of the NASPMON project Synopsis Seismic tomography was calculated using similar approach as was used previously in West Bohemia region and documented in\u00a0R\u016f\u017eek and Hor\u00e1lek\u00a0(2013) and in Reykjanes Peninsula documented in\u00a0R\u016f\u017eek\u00a0(2021). The geological environment is modeled by a system of rectangular boxes in contact. [&hellip;]\" \/>\n<meta property=\"og:url\" content=\"https:\/\/www.ig.cas.cz\/en\/naspmon-wp6-results\/\" \/>\n<meta property=\"og:site_name\" content=\"Dom\u016f\" \/>\n<meta property=\"article:publisher\" content=\"https:\/\/www.facebook.com\/GFUAVCR\/\" \/>\n<meta property=\"article:modified_time\" content=\"2024-06-28T07:29:28+00:00\" \/>\n<meta property=\"og:image\" content=\"https:\/\/www.ig.cas.cz\/wp-content\/uploads\/2018\/01\/iceland_header.jpg\" \/>\n\t<meta property=\"og:image:width\" content=\"2500\" \/>\n\t<meta property=\"og:image:height\" content=\"259\" \/>\n\t<meta property=\"og:image:type\" content=\"image\/jpeg\" \/>\n<meta name=\"twitter:card\" content=\"summary_large_image\" \/>\n<meta name=\"twitter:label1\" content=\"Est. reading time\" \/>\n\t<meta name=\"twitter:data1\" content=\"6 minutes\" \/>\n<script type=\"application\/ld+json\" class=\"yoast-schema-graph\">{\"@context\":\"https:\/\/schema.org\",\"@graph\":[{\"@type\":\"WebPage\",\"@id\":\"https:\/\/www.ig.cas.cz\/en\/naspmon-wp6-results\/\",\"url\":\"https:\/\/www.ig.cas.cz\/en\/naspmon-wp6-results\/\",\"name\":\"NASPMON - WP6 results - Geofyzik\u00e1ln\u00ed \u00fastav Akademie v\u011bd \u010cR, v.v.i.\",\"isPartOf\":{\"@id\":\"https:\/\/www.ig.cas.cz\/#website\"},\"primaryImageOfPage\":{\"@id\":\"https:\/\/www.ig.cas.cz\/en\/naspmon-wp6-results\/#primaryimage\"},\"image\":{\"@id\":\"https:\/\/www.ig.cas.cz\/en\/naspmon-wp6-results\/#primaryimage\"},\"thumbnailUrl\":\"https:\/\/www.ig.cas.cz\/wp-content\/uploads\/2018\/01\/iceland_header.jpg\",\"datePublished\":\"2023-11-25T20:35:32+00:00\",\"dateModified\":\"2024-06-28T07:29:28+00:00\",\"breadcrumb\":{\"@id\":\"https:\/\/www.ig.cas.cz\/en\/naspmon-wp6-results\/#breadcrumb\"},\"inLanguage\":\"en-US\",\"potentialAction\":[{\"@type\":\"ReadAction\",\"target\":[\"https:\/\/www.ig.cas.cz\/en\/naspmon-wp6-results\/\"]}]},{\"@type\":\"ImageObject\",\"inLanguage\":\"en-US\",\"@id\":\"https:\/\/www.ig.cas.cz\/en\/naspmon-wp6-results\/#primaryimage\",\"url\":\"https:\/\/www.ig.cas.cz\/wp-content\/uploads\/2018\/01\/iceland_header.jpg\",\"contentUrl\":\"https:\/\/www.ig.cas.cz\/wp-content\/uploads\/2018\/01\/iceland_header.jpg\",\"width\":2500,\"height\":259},{\"@type\":\"BreadcrumbList\",\"@id\":\"https:\/\/www.ig.cas.cz\/en\/naspmon-wp6-results\/#breadcrumb\",\"itemListElement\":[{\"@type\":\"ListItem\",\"position\":1,\"name\":\"Dom\u016f\",\"item\":\"https:\/\/www.ig.cas.cz\/en\/\"},{\"@type\":\"ListItem\",\"position\":2,\"name\":\"NASPMON &#8211; WP6 results\"}]},{\"@type\":\"WebSite\",\"@id\":\"https:\/\/www.ig.cas.cz\/#website\",\"url\":\"https:\/\/www.ig.cas.cz\/\",\"name\":\"Dom\u016f\",\"description\":\"Geofyzik\u00e1ln\u00ed \u00fastav Akademie v\u011bd \u010cR, v.v.i.\",\"potentialAction\":[{\"@type\":\"SearchAction\",\"target\":{\"@type\":\"EntryPoint\",\"urlTemplate\":\"https:\/\/www.ig.cas.cz\/?s={search_term_string}\"},\"query-input\":{\"@type\":\"PropertyValueSpecification\",\"valueRequired\":true,\"valueName\":\"search_term_string\"}}],\"inLanguage\":\"en-US\"}]}<\/script>\n<!-- \/ Yoast SEO plugin. -->","yoast_head_json":{"title":"NASPMON - WP6 results - Geofyzik\u00e1ln\u00ed \u00fastav Akademie v\u011bd \u010cR, v.v.i.","robots":{"index":"index","follow":"follow","max-snippet":"max-snippet:-1","max-image-preview":"max-image-preview:large","max-video-preview":"max-video-preview:-1"},"canonical":"https:\/\/www.ig.cas.cz\/en\/naspmon-wp6-results\/","og_locale":"en_US","og_type":"article","og_title":"NASPMON - WP6 results - Geofyzik\u00e1ln\u00ed \u00fastav Akademie v\u011bd \u010cR, v.v.i.","og_description":"Seismic Tomography in Reykjanes Peninsula, SW of Iceland Working package WP6 of the NASPMON project Synopsis Seismic tomography was calculated using similar approach as was used previously in West Bohemia region and documented in\u00a0R\u016f\u017eek and Hor\u00e1lek\u00a0(2013) and in Reykjanes Peninsula documented in\u00a0R\u016f\u017eek\u00a0(2021). The geological environment is modeled by a system of rectangular boxes in contact. [&hellip;]","og_url":"https:\/\/www.ig.cas.cz\/en\/naspmon-wp6-results\/","og_site_name":"Dom\u016f","article_publisher":"https:\/\/www.facebook.com\/GFUAVCR\/","article_modified_time":"2024-06-28T07:29:28+00:00","og_image":[{"width":2500,"height":259,"url":"https:\/\/www.ig.cas.cz\/wp-content\/uploads\/2018\/01\/iceland_header.jpg","type":"image\/jpeg"}],"twitter_card":"summary_large_image","twitter_misc":{"Est. reading time":"6 minutes"},"schema":{"@context":"https:\/\/schema.org","@graph":[{"@type":"WebPage","@id":"https:\/\/www.ig.cas.cz\/en\/naspmon-wp6-results\/","url":"https:\/\/www.ig.cas.cz\/en\/naspmon-wp6-results\/","name":"NASPMON - WP6 results - Geofyzik\u00e1ln\u00ed \u00fastav Akademie v\u011bd \u010cR, v.v.i.","isPartOf":{"@id":"https:\/\/www.ig.cas.cz\/#website"},"primaryImageOfPage":{"@id":"https:\/\/www.ig.cas.cz\/en\/naspmon-wp6-results\/#primaryimage"},"image":{"@id":"https:\/\/www.ig.cas.cz\/en\/naspmon-wp6-results\/#primaryimage"},"thumbnailUrl":"https:\/\/www.ig.cas.cz\/wp-content\/uploads\/2018\/01\/iceland_header.jpg","datePublished":"2023-11-25T20:35:32+00:00","dateModified":"2024-06-28T07:29:28+00:00","breadcrumb":{"@id":"https:\/\/www.ig.cas.cz\/en\/naspmon-wp6-results\/#breadcrumb"},"inLanguage":"en-US","potentialAction":[{"@type":"ReadAction","target":["https:\/\/www.ig.cas.cz\/en\/naspmon-wp6-results\/"]}]},{"@type":"ImageObject","inLanguage":"en-US","@id":"https:\/\/www.ig.cas.cz\/en\/naspmon-wp6-results\/#primaryimage","url":"https:\/\/www.ig.cas.cz\/wp-content\/uploads\/2018\/01\/iceland_header.jpg","contentUrl":"https:\/\/www.ig.cas.cz\/wp-content\/uploads\/2018\/01\/iceland_header.jpg","width":2500,"height":259},{"@type":"BreadcrumbList","@id":"https:\/\/www.ig.cas.cz\/en\/naspmon-wp6-results\/#breadcrumb","itemListElement":[{"@type":"ListItem","position":1,"name":"Dom\u016f","item":"https:\/\/www.ig.cas.cz\/en\/"},{"@type":"ListItem","position":2,"name":"NASPMON &#8211; WP6 results"}]},{"@type":"WebSite","@id":"https:\/\/www.ig.cas.cz\/#website","url":"https:\/\/www.ig.cas.cz\/","name":"Dom\u016f","description":"Geofyzik\u00e1ln\u00ed \u00fastav Akademie v\u011bd \u010cR, v.v.i.","potentialAction":[{"@type":"SearchAction","target":{"@type":"EntryPoint","urlTemplate":"https:\/\/www.ig.cas.cz\/?s={search_term_string}"},"query-input":{"@type":"PropertyValueSpecification","valueRequired":true,"valueName":"search_term_string"}}],"inLanguage":"en-US"}]}},"_links":{"self":[{"href":"https:\/\/www.ig.cas.cz\/en\/wp-json\/wp\/v2\/pages\/36151","targetHints":{"allow":["GET"]}}],"collection":[{"href":"https:\/\/www.ig.cas.cz\/en\/wp-json\/wp\/v2\/pages"}],"about":[{"href":"https:\/\/www.ig.cas.cz\/en\/wp-json\/wp\/v2\/types\/page"}],"author":[{"embeddable":true,"href":"https:\/\/www.ig.cas.cz\/en\/wp-json\/wp\/v2\/users\/9"}],"replies":[{"embeddable":true,"href":"https:\/\/www.ig.cas.cz\/en\/wp-json\/wp\/v2\/comments?post=36151"}],"version-history":[{"count":4,"href":"https:\/\/www.ig.cas.cz\/en\/wp-json\/wp\/v2\/pages\/36151\/revisions"}],"predecessor-version":[{"id":39332,"href":"https:\/\/www.ig.cas.cz\/en\/wp-json\/wp\/v2\/pages\/36151\/revisions\/39332"}],"wp:featuredmedia":[{"embeddable":true,"href":"https:\/\/www.ig.cas.cz\/en\/wp-json\/wp\/v2\/media\/14269"}],"wp:attachment":[{"href":"https:\/\/www.ig.cas.cz\/en\/wp-json\/wp\/v2\/media?parent=36151"}],"wp:term":[{"taxonomy":"category","embeddable":true,"href":"https:\/\/www.ig.cas.cz\/en\/wp-json\/wp\/v2\/categories?post=36151"},{"taxonomy":"post_tag","embeddable":true,"href":"https:\/\/www.ig.cas.cz\/en\/wp-json\/wp\/v2\/tags?post=36151"}],"curies":[{"name":"wp","href":"https:\/\/api.w.org\/{rel}","templated":true}]}}