{"id":368,"date":"2017-12-22T12:01:10","date_gmt":"2017-12-22T11:01:10","guid":{"rendered":"http:\/\/igcas.antstudio.eu\/?page_id=368"},"modified":"2023-06-28T09:19:11","modified_gmt":"2023-06-28T07:19:11","slug":"about","status":"publish","type":"page","link":"https:\/\/www.ig.cas.cz\/en\/about\/","title":{"rendered":"About"},"content":{"rendered":"<p>[et_pb_section fb_built=&#8221;1&#8243; _builder_version=&#8221;3.22&#8243; custom_padding=&#8221;18px|0px|0px|0px&#8221;][et_pb_row column_structure=&#8221;2_3,1_3&#8243; _builder_version=&#8221;3.25&#8243; custom_padding=&#8221;0px|0px|28.95px|0px&#8221;][et_pb_column type=&#8221;2_3&#8243; _builder_version=&#8221;3.25&#8243; custom_padding=&#8221;|||&#8221; custom_padding__hover=&#8221;|||&#8221;][et_pb_text _builder_version=&#8221;4.6.0&#8243; hover_enabled=&#8221;0&#8243; sticky_enabled=&#8221;0&#8243;]<\/p>\n<p style=\"text-align: left;\"><em>The Institute of Geophysics is a&nbsp;public research institution whose mission is to <\/em><em>conduct fundamental and applied research in the Earth sciences; to disseminate the outcomes of this research to the national and international scientific community; to maintain a&nbsp;network of Earth observation facilities; and to engage in education at all levels together with informing the public on scientific issues of high societal importance.<\/em><\/p>\n<p style=\"text-align: left;\">The Institute of Geophysics was established in 1920. Our research embraces a&nbsp;broad range of field-based, modelling and theoretical approaches to investigating Earth\u2019s crust, lithosphere and sub-lithosphere structure, geodynamics, magnetism, seismology, volcanism, magmatism and rock-forming processes, solar-terrestrial interactions, and surface processes on Earth (and other planets) including climate, tectonics and the biophysical environment. Earth observation is inherent to the activities of the Institute. We conduct continuous observations of Earth\u2019s physical fields (geomagnetic, seismological, geodynamic and geothermal) at facilities in the Czech Republic together with short- and long-term observational networks abroad. The Institute is involved in data exchange and collaboration with international services and data centres, and in this regard the Institute fulfils the role of a&nbsp;national geophysical service.<\/p>\n<p style=\"text-align: left;\">Our researchers deliver courses and supervise research students at universities in the Czech Republic and abroad while also contributing to the international community via participation in scientific governance and by serving on the editorial boards of leading peer-reviewed journals. Our ambition is to publish world-class science in the leading international periodicals and to disseminate our findings at major international assemblies. While increasing our international standing and further strengthening global collaborative ties, we are commited to serving the people of the Czech Republic to whom we are responsible. This commitment is manifest in outreach activities, regular media appearances, and lectures and exhibitions aimed at elevating public awareness of our Earth and the importance of science in a&nbsp;civil society together with the role of the Czech Academy of Sciences (CAS).<\/p>\n<p>[\/et_pb_text][\/et_pb_column][et_pb_column type=&#8221;1_3&#8243; _builder_version=&#8221;3.25&#8243; custom_padding=&#8221;|||&#8221; custom_padding__hover=&#8221;|||&#8221;][et_pb_image src=&#8221;https:\/\/www.ig.cas.cz\/wp-content\/uploads\/2018\/01\/Budova_GFU.jpg&#8221; show_in_lightbox=&#8221;on&#8221; align_tablet=&#8221;center&#8221; align_phone=&#8221;&#8221; align_last_edited=&#8221;on|desktop&#8221; _builder_version=&#8221;3.23&#8243;][\/et_pb_image][\/et_pb_column][\/et_pb_row][\/et_pb_section]<\/p>\n","protected":false},"excerpt":{"rendered":"<p>The Institute of Geophysics is a&nbsp;public research institution whose mission is to conduct fundamental and applied research in the Earth sciences; to disseminate the outcomes of this research to the national and international scientific community; to maintain a&nbsp;network of Earth observation facilities; and to engage in education at all levels together with informing [&hellip;]<\/p>\n","protected":false},"author":1,"featured_media":13066,"parent":0,"menu_order":0,"comment_status":"closed","ping_status":"closed","template":"","meta":{"_et_pb_use_builder":"on","_et_pb_old_content":"","_et_gb_content_width":"","footnotes":""},"categories":[],"tags":[137],"class_list":["post-368","page","type-page","status-publish","has-post-thumbnail","hentry","tag-gfu-en"],"yoast_head":"<!-- This site is optimized with the Yoast SEO plugin v25.9 - https:\/\/yoast.com\/wordpress\/plugins\/seo\/ -->\n<title>About the Institute of Geophysics of the Czech Academy of Science<\/title>\n<meta name=\"description\" content=\"Institute of Geophysics of the CAS, v. v. i. is one of 54 research institutes of the Academy of Sciences of the Czech Republic. Around 50 researchers are employed there and thus the Geophysical Institute belongs to the medium-size research institutions.\" \/>\n<meta name=\"robots\" content=\"index, follow, max-snippet:-1, max-image-preview:large, max-video-preview:-1\" \/>\n<link rel=\"canonical\" href=\"https:\/\/www.ig.cas.cz\/en\/about\/\" \/>\n<meta property=\"og:locale\" content=\"en_US\" \/>\n<meta property=\"og:type\" content=\"article\" \/>\n<meta property=\"og:title\" content=\"About the Institute of Geophysics of the Czech Academy of Science\" \/>\n<meta property=\"og:description\" content=\"Institute of Geophysics of the CAS, v. v. i. is one of 54 research institutes of the Academy of Sciences of the Czech Republic. Around 50 researchers are employed there and thus the Geophysical Institute belongs to the medium-size research institutions.\" \/>\n<meta property=\"og:url\" content=\"https:\/\/www.ig.cas.cz\/en\/about\/\" \/>\n<meta property=\"og:site_name\" content=\"Dom\u016f\" \/>\n<meta property=\"article:publisher\" content=\"https:\/\/www.facebook.com\/GFUAVCR\/\" \/>\n<meta property=\"article:modified_time\" content=\"2023-06-28T07:19:11+00:00\" \/>\n<meta property=\"og:image\" content=\"https:\/\/www.ig.cas.cz\/wp-content\/uploads\/2018\/01\/seismogram_header.jpg\" \/>\n\t<meta property=\"og:image:width\" content=\"2500\" \/>\n\t<meta property=\"og:image:height\" content=\"260\" \/>\n\t<meta property=\"og:image:type\" content=\"image\/jpeg\" \/>\n<meta name=\"twitter:card\" content=\"summary_large_image\" \/>\n<meta name=\"twitter:label1\" content=\"Est. reading time\" \/>\n\t<meta name=\"twitter:data1\" content=\"2 minutes\" \/>\n<script type=\"application\/ld+json\" class=\"yoast-schema-graph\">{\"@context\":\"https:\/\/schema.org\",\"@graph\":[{\"@type\":\"WebPage\",\"@id\":\"https:\/\/www.ig.cas.cz\/en\/about\/\",\"url\":\"https:\/\/www.ig.cas.cz\/en\/about\/\",\"name\":\"About the Institute of Geophysics of the Czech Academy of Science\",\"isPartOf\":{\"@id\":\"https:\/\/www.ig.cas.cz\/#website\"},\"primaryImageOfPage\":{\"@id\":\"https:\/\/www.ig.cas.cz\/en\/about\/#primaryimage\"},\"image\":{\"@id\":\"https:\/\/www.ig.cas.cz\/en\/about\/#primaryimage\"},\"thumbnailUrl\":\"https:\/\/www.ig.cas.cz\/wp-content\/uploads\/2018\/01\/seismogram_header.jpg\",\"datePublished\":\"2017-12-22T11:01:10+00:00\",\"dateModified\":\"2023-06-28T07:19:11+00:00\",\"description\":\"Institute of Geophysics of the CAS, v. v. i. is one of 54 research institutes of the Academy of Sciences of the Czech Republic. Around 50 researchers are employed there and thus the Geophysical Institute belongs to the medium-size research institutions.\",\"breadcrumb\":{\"@id\":\"https:\/\/www.ig.cas.cz\/en\/about\/#breadcrumb\"},\"inLanguage\":\"en-US\",\"potentialAction\":[{\"@type\":\"ReadAction\",\"target\":[\"https:\/\/www.ig.cas.cz\/en\/about\/\"]}]},{\"@type\":\"ImageObject\",\"inLanguage\":\"en-US\",\"@id\":\"https:\/\/www.ig.cas.cz\/en\/about\/#primaryimage\",\"url\":\"https:\/\/www.ig.cas.cz\/wp-content\/uploads\/2018\/01\/seismogram_header.jpg\",\"contentUrl\":\"https:\/\/www.ig.cas.cz\/wp-content\/uploads\/2018\/01\/seismogram_header.jpg\",\"width\":2500,\"height\":260,\"caption\":\"Joe Parks from Berkeley, CA, Creative Commons Uve\u010fte autora 2.0 Generic\"},{\"@type\":\"BreadcrumbList\",\"@id\":\"https:\/\/www.ig.cas.cz\/en\/about\/#breadcrumb\",\"itemListElement\":[{\"@type\":\"ListItem\",\"position\":1,\"name\":\"Dom\u016f\",\"item\":\"https:\/\/www.ig.cas.cz\/en\/\"},{\"@type\":\"ListItem\",\"position\":2,\"name\":\"About\"}]},{\"@type\":\"WebSite\",\"@id\":\"https:\/\/www.ig.cas.cz\/#website\",\"url\":\"https:\/\/www.ig.cas.cz\/\",\"name\":\"Dom\u016f\",\"description\":\"Geofyzik\u00e1ln\u00ed \u00fastav Akademie v\u011bd \u010cR, v.v.i.\",\"potentialAction\":[{\"@type\":\"SearchAction\",\"target\":{\"@type\":\"EntryPoint\",\"urlTemplate\":\"https:\/\/www.ig.cas.cz\/?s={search_term_string}\"},\"query-input\":{\"@type\":\"PropertyValueSpecification\",\"valueRequired\":true,\"valueName\":\"search_term_string\"}}],\"inLanguage\":\"en-US\"}]}<\/script>\n<!-- \/ Yoast SEO plugin. -->","yoast_head_json":{"title":"About the Institute of Geophysics of the Czech Academy of Science","description":"Institute of Geophysics of the CAS, v. v. i. is one of 54 research institutes of the Academy of Sciences of the Czech Republic. Around 50 researchers are employed there and thus the Geophysical Institute belongs to the medium-size research institutions.","robots":{"index":"index","follow":"follow","max-snippet":"max-snippet:-1","max-image-preview":"max-image-preview:large","max-video-preview":"max-video-preview:-1"},"canonical":"https:\/\/www.ig.cas.cz\/en\/about\/","og_locale":"en_US","og_type":"article","og_title":"About the Institute of Geophysics of the Czech Academy of Science","og_description":"Institute of Geophysics of the CAS, v. v. i. is one of 54 research institutes of the Academy of Sciences of the Czech Republic. Around 50 researchers are employed there and thus the Geophysical Institute belongs to the medium-size research institutions.","og_url":"https:\/\/www.ig.cas.cz\/en\/about\/","og_site_name":"Dom\u016f","article_publisher":"https:\/\/www.facebook.com\/GFUAVCR\/","article_modified_time":"2023-06-28T07:19:11+00:00","og_image":[{"width":2500,"height":260,"url":"https:\/\/www.ig.cas.cz\/wp-content\/uploads\/2018\/01\/seismogram_header.jpg","type":"image\/jpeg"}],"twitter_card":"summary_large_image","twitter_misc":{"Est. reading time":"2 minutes"},"schema":{"@context":"https:\/\/schema.org","@graph":[{"@type":"WebPage","@id":"https:\/\/www.ig.cas.cz\/en\/about\/","url":"https:\/\/www.ig.cas.cz\/en\/about\/","name":"About the Institute of Geophysics of the Czech Academy of Science","isPartOf":{"@id":"https:\/\/www.ig.cas.cz\/#website"},"primaryImageOfPage":{"@id":"https:\/\/www.ig.cas.cz\/en\/about\/#primaryimage"},"image":{"@id":"https:\/\/www.ig.cas.cz\/en\/about\/#primaryimage"},"thumbnailUrl":"https:\/\/www.ig.cas.cz\/wp-content\/uploads\/2018\/01\/seismogram_header.jpg","datePublished":"2017-12-22T11:01:10+00:00","dateModified":"2023-06-28T07:19:11+00:00","description":"Institute of Geophysics of the CAS, v. v. i. is one of 54 research institutes of the Academy of Sciences of the Czech Republic. Around 50 researchers are employed there and thus the Geophysical Institute belongs to the medium-size research institutions.","breadcrumb":{"@id":"https:\/\/www.ig.cas.cz\/en\/about\/#breadcrumb"},"inLanguage":"en-US","potentialAction":[{"@type":"ReadAction","target":["https:\/\/www.ig.cas.cz\/en\/about\/"]}]},{"@type":"ImageObject","inLanguage":"en-US","@id":"https:\/\/www.ig.cas.cz\/en\/about\/#primaryimage","url":"https:\/\/www.ig.cas.cz\/wp-content\/uploads\/2018\/01\/seismogram_header.jpg","contentUrl":"https:\/\/www.ig.cas.cz\/wp-content\/uploads\/2018\/01\/seismogram_header.jpg","width":2500,"height":260,"caption":"Joe Parks from Berkeley, CA, Creative Commons Uve\u010fte autora 2.0 Generic"},{"@type":"BreadcrumbList","@id":"https:\/\/www.ig.cas.cz\/en\/about\/#breadcrumb","itemListElement":[{"@type":"ListItem","position":1,"name":"Dom\u016f","item":"https:\/\/www.ig.cas.cz\/en\/"},{"@type":"ListItem","position":2,"name":"About"}]},{"@type":"WebSite","@id":"https:\/\/www.ig.cas.cz\/#website","url":"https:\/\/www.ig.cas.cz\/","name":"Dom\u016f","description":"Geofyzik\u00e1ln\u00ed \u00fastav Akademie v\u011bd \u010cR, v.v.i.","potentialAction":[{"@type":"SearchAction","target":{"@type":"EntryPoint","urlTemplate":"https:\/\/www.ig.cas.cz\/?s={search_term_string}"},"query-input":{"@type":"PropertyValueSpecification","valueRequired":true,"valueName":"search_term_string"}}],"inLanguage":"en-US"}]}},"_links":{"self":[{"href":"https:\/\/www.ig.cas.cz\/en\/wp-json\/wp\/v2\/pages\/368","targetHints":{"allow":["GET"]}}],"collection":[{"href":"https:\/\/www.ig.cas.cz\/en\/wp-json\/wp\/v2\/pages"}],"about":[{"href":"https:\/\/www.ig.cas.cz\/en\/wp-json\/wp\/v2\/types\/page"}],"author":[{"embeddable":true,"href":"https:\/\/www.ig.cas.cz\/en\/wp-json\/wp\/v2\/users\/1"}],"replies":[{"embeddable":true,"href":"https:\/\/www.ig.cas.cz\/en\/wp-json\/wp\/v2\/comments?post=368"}],"version-history":[{"count":0,"href":"https:\/\/www.ig.cas.cz\/en\/wp-json\/wp\/v2\/pages\/368\/revisions"}],"wp:featuredmedia":[{"embeddable":true,"href":"https:\/\/www.ig.cas.cz\/en\/wp-json\/wp\/v2\/media\/13066"}],"wp:attachment":[{"href":"https:\/\/www.ig.cas.cz\/en\/wp-json\/wp\/v2\/media?parent=368"}],"wp:term":[{"taxonomy":"category","embeddable":true,"href":"https:\/\/www.ig.cas.cz\/en\/wp-json\/wp\/v2\/categories?post=368"},{"taxonomy":"post_tag","embeddable":true,"href":"https:\/\/www.ig.cas.cz\/en\/wp-json\/wp\/v2\/tags?post=368"}],"curies":[{"name":"wp","href":"https:\/\/api.w.org\/{rel}","templated":true}]}}