{"id":374,"date":"2017-12-29T12:50:54","date_gmt":"2017-12-29T11:50:54","guid":{"rendered":"http:\/\/igcas.antstudio.eu\/?page_id=374"},"modified":"2025-03-05T13:10:57","modified_gmt":"2025-03-05T12:10:57","slug":"library","status":"publish","type":"page","link":"https:\/\/www.ig.cas.cz\/en\/library\/","title":{"rendered":"Library"},"content":{"rendered":"<p>[et_pb_section fb_built=&#8221;1&#8243; _builder_version=&#8221;4.16&#8243; custom_padding=&#8221;0px|0px|0px|0px&#8221; global_colors_info=&#8221;{}&#8221;][et_pb_row column_structure=&#8221;3_4,1_4&#8243; _builder_version=&#8221;4.27.4&#8243; background_size=&#8221;initial&#8221; background_position=&#8221;top_left&#8221; background_repeat=&#8221;repeat&#8221; custom_margin=&#8221;|auto||35px||&#8221; custom_padding=&#8221;19px|0px|28.95px|4px||&#8221; global_colors_info=&#8221;{}&#8221;][et_pb_column type=&#8221;3_4&#8243; _builder_version=&#8221;4.16&#8243; custom_padding=&#8221;|||&#8221; global_colors_info=&#8221;{}&#8221; custom_padding__hover=&#8221;|||&#8221;][et_pb_text _builder_version=&#8221;4.16&#8243; background_size=&#8221;initial&#8221; background_position=&#8221;top_left&#8221; background_repeat=&#8221;repeat&#8221; custom_padding=&#8221;|0px||||&#8221; global_colors_info=&#8221;{}&#8221;]<\/p>\n<p><strong>The Library<\/strong> of the Institute of Geophysics CAS gathers, ensures storage, and provides access to publications from the field of geophysics and related areas. The Library provides its services in accordance with the Act 257\/2001 Sb. Library Act. The Library is recorded at the Ministry of Culture as a&nbsp;basic library with specialized holdings under the reference number 3234\/2002.<\/p>\n<p><strong>\u00a0Opening hours:<\/strong><\/p>\n<p>Monday \u2013 Friday<br \/>9:00 \u2013 15:30<\/p>\n<p>We kindly ask personal visitors to make an appointment before their visit.<\/p>\n<p><strong>Library services:<\/strong><\/p>\n<ul>\n<li>Administration of the <a href=\"https:\/\/www.ig.cas.cz\/en\/library\/book-catalogues\/\">books<\/a> and <a href=\"https:\/\/www.ig.cas.cz\/en\/library\/journals-2\/\">periodical collection<\/a><\/li>\n<li>Interlibrary Loan Service (MVS) and International Interlibrary Loan Service (MMVS)<\/li>\n<li><a href=\"https:\/\/www.ig.cas.cz\/en\/library\/asep\/\">ASEP<\/a> (Repository of the publications)<\/li>\n<li>Access to scientific <a href=\"https:\/\/www.ig.cas.cz\/en\/library\/databases\/\">databases<\/a><\/li>\n<li><a href=\"https:\/\/www.ig.cas.cz\/en\/library\/open-access\/\">Open Access<\/a><\/li>\n<li>Copying, printing, and scanning services<span style=\"font-size: 16px;\">\u00a0<\/span><span style=\"font-size: 16px;\"><\/span><\/li>\n<\/ul>\n<p><a href=\"..\/..\/wp-content\/uploads\/2018\/03\/knihovni-rad.pdf\">Library rules<\/a> (in Czech)<\/p>\n<p>&nbsp;<\/p>\n<p>&nbsp;<\/p>\n<p>[\/et_pb_text][et_pb_image src=&#8221;https:\/\/www.ig.cas.cz\/wp-content\/uploads\/2020\/12\/cel-badge-eng-full-1.png&#8221; url=&#8221;https:\/\/www.czechelib.cz\/en\/&#8221; _builder_version=&#8221;4.16&#8243; _module_preset=&#8221;default&#8221; custom_padding=&#8221;||25px|||&#8221; global_colors_info=&#8221;{}&#8221;][\/et_pb_image][\/et_pb_column][et_pb_column type=&#8221;1_4&#8243; _builder_version=&#8221;4.16&#8243; custom_padding=&#8221;|||&#8221; global_colors_info=&#8221;{}&#8221; custom_padding__hover=&#8221;|||&#8221;][et_pb_text _builder_version=&#8221;4.16&#8243; width=&#8221;100%&#8221; global_colors_info=&#8221;{}&#8221;]<\/p>\n<p style=\"text-align: right;\"><strong>\u00a0Contacts<br \/><\/strong>Hana Krejzl\u00edkov\u00e1<br \/>kniha(at) ig (dot) cas (dot) cz<br \/>+420&nbsp;267&nbsp;103&nbsp;028<\/p>\n<p style=\"text-align: right;\">Barbora Fabi\u00e1nov\u00e1<br \/>fabianov (at) ig (dot) cas (dot) cz<br \/>+420&nbsp;267&nbsp;103&nbsp;029<\/p>\n<p style=\"text-align: right;\">Ane\u017eka Melich\u00e1rkov\u00e1<br \/>melicharkova (at) ig (dot) cas (dot) cz<\/p>\n<p style=\"text-align: right;\">\n<p style=\"text-align: right;\"><strong>Interlibrary Loan Service<br \/><\/strong>mvs (at) ig (dot) cas (dot) cz<\/p>\n<p style=\"text-align: right;\">\n<p style=\"text-align: right;\">\n<p>[\/et_pb_text][et_pb_gallery gallery_ids=&#8221;20039&#8243; dbdb_version=&#8221;3.9.1&#8243; _builder_version=&#8221;4.16&#8243; _module_preset=&#8221;default&#8221; link_option_url=&#8221;https:\/\/www.czechelib.cz\/en\/&#8221; link_option_url_new_window=&#8221;on&#8221; global_colors_info=&#8221;{}&#8221;][\/et_pb_gallery][\/et_pb_column][\/et_pb_row][\/et_pb_section]<\/p>\n","protected":false},"excerpt":{"rendered":"<p>The Library of the Institute of Geophysics CAS gathers, ensures storage, and provides access to publications from the field of geophysics and related areas. The Library provides its services in accordance with the Act 257\/2001 Sb. Library Act. The Library is recorded at the Ministry of Culture as a&nbsp;basic library with specialized holdings under [&hellip;]<\/p>\n","protected":false},"author":1,"featured_media":8419,"parent":0,"menu_order":0,"comment_status":"closed","ping_status":"closed","template":"","meta":{"_et_pb_use_builder":"on","_et_pb_old_content":"","_et_gb_content_width":"","footnotes":""},"categories":[],"tags":[],"class_list":["post-374","page","type-page","status-publish","has-post-thumbnail","hentry"],"yoast_head":"<!-- This site is optimized with the Yoast SEO plugin v25.9 - https:\/\/yoast.com\/wordpress\/plugins\/seo\/ -->\n<title>Library - Geofyzik\u00e1ln\u00ed \u00fastav Akademie v\u011bd \u010cR, v.v.i.<\/title>\n<meta name=\"robots\" content=\"index, follow, max-snippet:-1, max-image-preview:large, max-video-preview:-1\" \/>\n<link rel=\"canonical\" href=\"https:\/\/www.ig.cas.cz\/en\/library\/\" \/>\n<meta property=\"og:locale\" content=\"en_US\" \/>\n<meta property=\"og:type\" content=\"article\" \/>\n<meta property=\"og:title\" content=\"Library - Geofyzik\u00e1ln\u00ed \u00fastav Akademie v\u011bd \u010cR, v.v.i.\" \/>\n<meta property=\"og:description\" content=\"The Library of the Institute of Geophysics CAS gathers, ensures storage, and provides access to publications from the field of geophysics and related areas. The Library provides its services in accordance with the Act 257\/2001 Sb. Library Act. The Library is recorded at the Ministry of Culture as a basic library with specialized holdings under [&hellip;]\" \/>\n<meta property=\"og:url\" content=\"https:\/\/www.ig.cas.cz\/en\/library\/\" \/>\n<meta property=\"og:site_name\" content=\"Dom\u016f\" \/>\n<meta property=\"article:publisher\" content=\"https:\/\/www.facebook.com\/GFUAVCR\/\" \/>\n<meta property=\"article:modified_time\" content=\"2025-03-05T12:10:57+00:00\" \/>\n<meta property=\"og:image\" content=\"https:\/\/www.ig.cas.cz\/wp-content\/uploads\/2018\/03\/knihovna-1.jpg\" \/>\n\t<meta property=\"og:image:width\" content=\"2500\" \/>\n\t<meta property=\"og:image:height\" content=\"260\" \/>\n\t<meta property=\"og:image:type\" content=\"image\/jpeg\" \/>\n<meta name=\"twitter:card\" content=\"summary_large_image\" \/>\n<meta name=\"twitter:label1\" content=\"Est. reading time\" \/>\n\t<meta name=\"twitter:data1\" content=\"2 minutes\" \/>\n<script type=\"application\/ld+json\" class=\"yoast-schema-graph\">{\"@context\":\"https:\/\/schema.org\",\"@graph\":[{\"@type\":\"WebPage\",\"@id\":\"https:\/\/www.ig.cas.cz\/en\/library\/\",\"url\":\"https:\/\/www.ig.cas.cz\/en\/library\/\",\"name\":\"Library - Geofyzik\u00e1ln\u00ed \u00fastav Akademie v\u011bd \u010cR, v.v.i.\",\"isPartOf\":{\"@id\":\"https:\/\/www.ig.cas.cz\/#website\"},\"primaryImageOfPage\":{\"@id\":\"https:\/\/www.ig.cas.cz\/en\/library\/#primaryimage\"},\"image\":{\"@id\":\"https:\/\/www.ig.cas.cz\/en\/library\/#primaryimage\"},\"thumbnailUrl\":\"https:\/\/www.ig.cas.cz\/wp-content\/uploads\/2018\/03\/knihovna-1.jpg\",\"datePublished\":\"2017-12-29T11:50:54+00:00\",\"dateModified\":\"2025-03-05T12:10:57+00:00\",\"breadcrumb\":{\"@id\":\"https:\/\/www.ig.cas.cz\/en\/library\/#breadcrumb\"},\"inLanguage\":\"en-US\",\"potentialAction\":[{\"@type\":\"ReadAction\",\"target\":[\"https:\/\/www.ig.cas.cz\/en\/library\/\"]}]},{\"@type\":\"ImageObject\",\"inLanguage\":\"en-US\",\"@id\":\"https:\/\/www.ig.cas.cz\/en\/library\/#primaryimage\",\"url\":\"https:\/\/www.ig.cas.cz\/wp-content\/uploads\/2018\/03\/knihovna-1.jpg\",\"contentUrl\":\"https:\/\/www.ig.cas.cz\/wp-content\/uploads\/2018\/03\/knihovna-1.jpg\",\"width\":2500,\"height\":260},{\"@type\":\"BreadcrumbList\",\"@id\":\"https:\/\/www.ig.cas.cz\/en\/library\/#breadcrumb\",\"itemListElement\":[{\"@type\":\"ListItem\",\"position\":1,\"name\":\"Dom\u016f\",\"item\":\"https:\/\/www.ig.cas.cz\/en\/\"},{\"@type\":\"ListItem\",\"position\":2,\"name\":\"Library\"}]},{\"@type\":\"WebSite\",\"@id\":\"https:\/\/www.ig.cas.cz\/#website\",\"url\":\"https:\/\/www.ig.cas.cz\/\",\"name\":\"Dom\u016f\",\"description\":\"Geofyzik\u00e1ln\u00ed \u00fastav Akademie v\u011bd \u010cR, v.v.i.\",\"potentialAction\":[{\"@type\":\"SearchAction\",\"target\":{\"@type\":\"EntryPoint\",\"urlTemplate\":\"https:\/\/www.ig.cas.cz\/?s={search_term_string}\"},\"query-input\":{\"@type\":\"PropertyValueSpecification\",\"valueRequired\":true,\"valueName\":\"search_term_string\"}}],\"inLanguage\":\"en-US\"}]}<\/script>\n<!-- \/ Yoast SEO plugin. -->","yoast_head_json":{"title":"Library - Geofyzik\u00e1ln\u00ed \u00fastav Akademie v\u011bd \u010cR, v.v.i.","robots":{"index":"index","follow":"follow","max-snippet":"max-snippet:-1","max-image-preview":"max-image-preview:large","max-video-preview":"max-video-preview:-1"},"canonical":"https:\/\/www.ig.cas.cz\/en\/library\/","og_locale":"en_US","og_type":"article","og_title":"Library - Geofyzik\u00e1ln\u00ed \u00fastav Akademie v\u011bd \u010cR, v.v.i.","og_description":"The Library of the Institute of Geophysics CAS gathers, ensures storage, and provides access to publications from the field of geophysics and related areas. The Library provides its services in accordance with the Act 257\/2001 Sb. Library Act. The Library is recorded at the Ministry of Culture as a basic library with specialized holdings under [&hellip;]","og_url":"https:\/\/www.ig.cas.cz\/en\/library\/","og_site_name":"Dom\u016f","article_publisher":"https:\/\/www.facebook.com\/GFUAVCR\/","article_modified_time":"2025-03-05T12:10:57+00:00","og_image":[{"width":2500,"height":260,"url":"https:\/\/www.ig.cas.cz\/wp-content\/uploads\/2018\/03\/knihovna-1.jpg","type":"image\/jpeg"}],"twitter_card":"summary_large_image","twitter_misc":{"Est. reading time":"2 minutes"},"schema":{"@context":"https:\/\/schema.org","@graph":[{"@type":"WebPage","@id":"https:\/\/www.ig.cas.cz\/en\/library\/","url":"https:\/\/www.ig.cas.cz\/en\/library\/","name":"Library - Geofyzik\u00e1ln\u00ed \u00fastav Akademie v\u011bd \u010cR, v.v.i.","isPartOf":{"@id":"https:\/\/www.ig.cas.cz\/#website"},"primaryImageOfPage":{"@id":"https:\/\/www.ig.cas.cz\/en\/library\/#primaryimage"},"image":{"@id":"https:\/\/www.ig.cas.cz\/en\/library\/#primaryimage"},"thumbnailUrl":"https:\/\/www.ig.cas.cz\/wp-content\/uploads\/2018\/03\/knihovna-1.jpg","datePublished":"2017-12-29T11:50:54+00:00","dateModified":"2025-03-05T12:10:57+00:00","breadcrumb":{"@id":"https:\/\/www.ig.cas.cz\/en\/library\/#breadcrumb"},"inLanguage":"en-US","potentialAction":[{"@type":"ReadAction","target":["https:\/\/www.ig.cas.cz\/en\/library\/"]}]},{"@type":"ImageObject","inLanguage":"en-US","@id":"https:\/\/www.ig.cas.cz\/en\/library\/#primaryimage","url":"https:\/\/www.ig.cas.cz\/wp-content\/uploads\/2018\/03\/knihovna-1.jpg","contentUrl":"https:\/\/www.ig.cas.cz\/wp-content\/uploads\/2018\/03\/knihovna-1.jpg","width":2500,"height":260},{"@type":"BreadcrumbList","@id":"https:\/\/www.ig.cas.cz\/en\/library\/#breadcrumb","itemListElement":[{"@type":"ListItem","position":1,"name":"Dom\u016f","item":"https:\/\/www.ig.cas.cz\/en\/"},{"@type":"ListItem","position":2,"name":"Library"}]},{"@type":"WebSite","@id":"https:\/\/www.ig.cas.cz\/#website","url":"https:\/\/www.ig.cas.cz\/","name":"Dom\u016f","description":"Geofyzik\u00e1ln\u00ed \u00fastav Akademie v\u011bd \u010cR, v.v.i.","potentialAction":[{"@type":"SearchAction","target":{"@type":"EntryPoint","urlTemplate":"https:\/\/www.ig.cas.cz\/?s={search_term_string}"},"query-input":{"@type":"PropertyValueSpecification","valueRequired":true,"valueName":"search_term_string"}}],"inLanguage":"en-US"}]}},"_links":{"self":[{"href":"https:\/\/www.ig.cas.cz\/en\/wp-json\/wp\/v2\/pages\/374","targetHints":{"allow":["GET"]}}],"collection":[{"href":"https:\/\/www.ig.cas.cz\/en\/wp-json\/wp\/v2\/pages"}],"about":[{"href":"https:\/\/www.ig.cas.cz\/en\/wp-json\/wp\/v2\/types\/page"}],"author":[{"embeddable":true,"href":"https:\/\/www.ig.cas.cz\/en\/wp-json\/wp\/v2\/users\/1"}],"replies":[{"embeddable":true,"href":"https:\/\/www.ig.cas.cz\/en\/wp-json\/wp\/v2\/comments?post=374"}],"version-history":[{"count":5,"href":"https:\/\/www.ig.cas.cz\/en\/wp-json\/wp\/v2\/pages\/374\/revisions"}],"predecessor-version":[{"id":40963,"href":"https:\/\/www.ig.cas.cz\/en\/wp-json\/wp\/v2\/pages\/374\/revisions\/40963"}],"wp:featuredmedia":[{"embeddable":true,"href":"https:\/\/www.ig.cas.cz\/en\/wp-json\/wp\/v2\/media\/8419"}],"wp:attachment":[{"href":"https:\/\/www.ig.cas.cz\/en\/wp-json\/wp\/v2\/media?parent=374"}],"wp:term":[{"taxonomy":"category","embeddable":true,"href":"https:\/\/www.ig.cas.cz\/en\/wp-json\/wp\/v2\/categories?post=374"},{"taxonomy":"post_tag","embeddable":true,"href":"https:\/\/www.ig.cas.cz\/en\/wp-json\/wp\/v2\/tags?post=374"}],"curies":[{"name":"wp","href":"https:\/\/api.w.org\/{rel}","templated":true}]}}