{"id":378,"date":"2017-12-29T15:07:23","date_gmt":"2017-12-29T14:07:23","guid":{"rendered":"http:\/\/igcas.antstudio.eu\/?page_id=378"},"modified":"2025-03-05T10:55:56","modified_gmt":"2025-03-05T09:55:56","slug":"book-catalogues","status":"publish","type":"page","link":"https:\/\/www.ig.cas.cz\/en\/library\/book-catalogues\/","title":{"rendered":"Book catalogues"},"content":{"rendered":"<p>[et_pb_section fb_built=&#8221;1&#8243; admin_label=&#8221;section&#8221; _builder_version=&#8221;4.16&#8243; global_colors_info=&#8221;{}&#8221;][et_pb_row admin_label=&#8221;row&#8221; _builder_version=&#8221;4.16&#8243; background_size=&#8221;initial&#8221; background_position=&#8221;top_left&#8221; background_repeat=&#8221;repeat&#8221; global_colors_info=&#8221;{}&#8221;][et_pb_column type=&#8221;4_4&#8243; _builder_version=&#8221;4.16&#8243; custom_padding=&#8221;|||&#8221; global_colors_info=&#8221;{}&#8221; custom_padding__hover=&#8221;|||&#8221;][et_pb_text admin_label=&#8221;Text&#8221; _builder_version=&#8221;4.16&#8243; background_size=&#8221;initial&#8221; background_position=&#8221;top_left&#8221; background_repeat=&#8221;repeat&#8221; global_colors_info=&#8221;{}&#8221;]<\/p>\n<ul>\n<li><a href=\"https:\/\/aleph23.lib.cas.cz\/F\/?func=file&amp;file_name=find-b&amp;local_base=GFUA\" target=\"_blank\" rel=\"noopener noreferrer\" title=\"Book Catalogue of IG CAS\">Book Catalogue of IG CAS<\/a><\/li>\n<li><a href=\"https:\/\/aleph.lib.cas.cz\/F\/?func=file&amp;file_name=find-b\" target=\"_blank\" rel=\"noopener noreferrer\" title=\" Union Catalogue of ASCR Institute Libraries\"> Union Catalogue of ASCR Institute Libraries<\/a><\/li>\n<li><a href=\"https:\/\/www.caslin.cz\/caslin-en\/\" target=\"_blank\" rel=\"noopener\">Union Catalogue of Books in the Czech Republic (CASLIN)<\/a><\/li>\n<li><a href=\"https:\/\/aleph.nkp.cz\/F\/1T2V3L5BGP8IGBV1FFRGLCJH949BIHFVDUGFUXH9XP2BY5YXSX-32459?func=file&amp;file_name=find-b&amp;local_base=SKC&amp;CON_LNG=ENG\" target=\"_blank\" rel=\"noopener\">Union Catalogue of Journals in the Czech Republic (CASLIN)<\/a><\/li>\n<\/ul>\n<p><strong>E-books<\/strong><\/p>\n<p><strong><\/strong><\/p>\n<ul>\n<li><a href=\"http:\/\/www.geology.cz\/app\/encyklopedie\/gslov.pl\" target=\"_blank\" rel=\"noopener noreferrer\" title=\"CZ-ENG and ENG-CZ dictionary of the geology\">CZ-ENG and ENG-CZ dictionary of the geology<\/a><\/li>\n<li><a href=\"http:\/\/www.oxfordreference.com\/\" target=\"_blank\" rel=\"noopener\">Oxford Reference Online<\/a>\u00a0<\/li>\n<li><a href=\"https:\/\/www.springer.com\/series\/0304?srsltid=AfmBOorLsG2aIH2iiLjGnTH-_rGnJkjK2a9gnDxvUvuUdgLd3JLqIQGv\" target=\"_blank\" rel=\"noopener\">Springer &#8211; Lecture Notes in Mathematics<\/a><\/li>\n<li><a href=\"https:\/\/www.springer.com\/gp\/computer-science\/lncs?srsltid=AfmBOooxptl7ZBsmypMk5XE_EceHHL4Se9fJBii8vAMou66tgr3yAJWW\" target=\"_blank\" rel=\"noopener\">Springer &#8211; Lecture Notes in Computer Science<\/a><\/li>\n<li><a href=\"https:\/\/www.springer.com\/us\/earth-sciences\">Springer &#8211; Earth Sciences Book<\/a><\/li>\n<li><a href=\"http:\/\/sepwww.stanford.edu\/sep\/berryman\/NOTES\/lecture_notes.html\" target=\"_blank\" rel=\"noopener\">Lecture Notes on Nonlinear Inversion and Tomography. I. Borehole Seismic Tomography <\/a><\/li>\n<\/ul>\n<p>[\/et_pb_text][\/et_pb_column][\/et_pb_row][\/et_pb_section]<\/p>\n","protected":false},"excerpt":{"rendered":"<p>Book Catalogue of IG CAS Union Catalogue of ASCR Institute Libraries Union Catalogue of Books in the Czech Republic (CASLIN) Union Catalogue of Journals in the Czech Republic (CASLIN) E-books CZ-ENG and ENG-CZ dictionary of the geology Oxford Reference Online\u00a0 Springer &#8211; Lecture Notes in Mathematics Springer &#8211; Lecture Notes in Computer Science Springer &#8211; [&hellip;]<\/p>\n","protected":false},"author":1,"featured_media":15182,"parent":374,"menu_order":0,"comment_status":"closed","ping_status":"closed","template":"","meta":{"_et_pb_use_builder":"on","_et_pb_old_content":"<ul>\r\n \t<li><a href=\"http:\/\/aleph20.lib.cas.cz\/F\/?func=file&file_name=find-b&local_base=GFUA\">Katalog knih Geofyzik\u00e1ln\u00edho \u00fastavu<\/a><\/li>\r\n \t<li><a href=\"http:\/\/aleph20.lib.cas.cz\/F\/NQ4VU9XHQK8QD5VT9Y3S6XNMLVYC2QFH3AAI9EDFX1U4A2XRT7-38657?func=file&file_name=find-b&local_base=AV\" target=\"_self\" rel=\"noopener\"> Souborn\u00fd katalog knihoven \u00fastav\u016f Akademie v\u011bd<\/a><\/li>\r\n<\/ul>\r\n<strong>Elektronick\u00e9\u00a0knihy<\/strong>\r\n<ul>\r\n \t<li><a href=\"http:\/\/www.geology.cz\/app\/encyklopedie\/gslov.pl\" target=\"_blank\" rel=\"noopener\">Anglicko-\u010desk\u00fd a \u010desko-anglick\u00fd geologick\u00fd slovn\u00edk<\/a><\/li>\r\n \t<li><a href=\"http:\/\/www.geology.cz\/app\/encyklopedie\/term.pl\" target=\"_blank\" rel=\"noopener\">Online geologick\u00e1 encyklopedie<\/a> (jen \u010desky)<\/li>\r\n \t<li><a href=\"http:\/\/www.oxfordreference.com\/\" target=\"_blank\" rel=\"noopener\">Oxford Reference Online<\/a> - Oxfordsk\u00e9 slovn\u00edky<\/li>\r\n \t<li><a href=\"http:\/\/www.springerlink.com\/content\/110312\/\" target=\"_blank\" rel=\"noopener\">SpringerLink - Lecture Notes in Mathematics<\/a><\/li>\r\n \t<li><a href=\"http:\/\/www.springerlink.com\/content\/105633\/\" target=\"_blank\" rel=\"noopener\">SpringerLink - Lecture Notes in Computer Science<\/a><\/li>\r\n \t<li><a href=\"http:\/\/suweco.cz\/cz\/online-konsorcia-vyhledavani.asp?konsor=SPR&kilekce=COMP\" target=\"_blank\" rel=\"noopener\">SpringerLink - Computer Science Library<\/a><\/li>\r\n \t<li><a href=\"http:\/\/sepwww.stanford.edu\/sep\/berryman\/NOTES\/lecture_notes.html\" target=\"_blank\" rel=\"noopener\">Lecture Notes on Nonlinear Inversion and Tomography. I. Borehole Seismic Tomography <\/a><\/li>\r\n<\/ul>","_et_gb_content_width":"","footnotes":""},"categories":[],"tags":[],"class_list":["post-378","page","type-page","status-publish","has-post-thumbnail","hentry"],"yoast_head":"<!-- This site is optimized with the Yoast SEO plugin v25.9 - https:\/\/yoast.com\/wordpress\/plugins\/seo\/ -->\n<title>Book catalogues - Geofyzik\u00e1ln\u00ed \u00fastav Akademie v\u011bd \u010cR, v.v.i.<\/title>\n<meta name=\"robots\" content=\"index, follow, max-snippet:-1, max-image-preview:large, max-video-preview:-1\" \/>\n<link rel=\"canonical\" href=\"https:\/\/www.ig.cas.cz\/en\/library\/book-catalogues\/\" \/>\n<meta property=\"og:locale\" content=\"en_US\" \/>\n<meta property=\"og:type\" content=\"article\" \/>\n<meta property=\"og:title\" content=\"Book catalogues - Geofyzik\u00e1ln\u00ed \u00fastav Akademie v\u011bd \u010cR, v.v.i.\" \/>\n<meta property=\"og:description\" content=\"Book Catalogue of IG CAS Union Catalogue of ASCR Institute Libraries Union Catalogue of Books in the Czech Republic (CASLIN) Union Catalogue of Journals in the Czech Republic (CASLIN) E-books CZ-ENG and ENG-CZ dictionary of the geology Oxford Reference Online\u00a0 Springer - Lecture Notes in Mathematics Springer - Lecture Notes in Computer Science Springer - [&hellip;]\" \/>\n<meta property=\"og:url\" content=\"https:\/\/www.ig.cas.cz\/en\/library\/book-catalogues\/\" \/>\n<meta property=\"og:site_name\" content=\"Dom\u016f\" \/>\n<meta property=\"article:publisher\" content=\"https:\/\/www.facebook.com\/GFUAVCR\/\" \/>\n<meta property=\"article:modified_time\" content=\"2025-03-05T09:55:56+00:00\" \/>\n<meta property=\"og:image\" content=\"https:\/\/www.ig.cas.cz\/wp-content\/uploads\/2018\/03\/knihovna-1.jpg\" \/>\n\t<meta property=\"og:image:width\" content=\"2500\" \/>\n\t<meta property=\"og:image:height\" content=\"260\" \/>\n\t<meta property=\"og:image:type\" content=\"image\/jpeg\" \/>\n<meta name=\"twitter:card\" content=\"summary_large_image\" \/>\n<meta name=\"twitter:label1\" content=\"Est. reading time\" \/>\n\t<meta name=\"twitter:data1\" content=\"1 minute\" \/>\n<script type=\"application\/ld+json\" class=\"yoast-schema-graph\">{\"@context\":\"https:\/\/schema.org\",\"@graph\":[{\"@type\":\"WebPage\",\"@id\":\"https:\/\/www.ig.cas.cz\/en\/library\/book-catalogues\/\",\"url\":\"https:\/\/www.ig.cas.cz\/en\/library\/book-catalogues\/\",\"name\":\"Book catalogues - Geofyzik\u00e1ln\u00ed \u00fastav Akademie v\u011bd \u010cR, v.v.i.\",\"isPartOf\":{\"@id\":\"https:\/\/www.ig.cas.cz\/#website\"},\"primaryImageOfPage\":{\"@id\":\"https:\/\/www.ig.cas.cz\/en\/library\/book-catalogues\/#primaryimage\"},\"image\":{\"@id\":\"https:\/\/www.ig.cas.cz\/en\/library\/book-catalogues\/#primaryimage\"},\"thumbnailUrl\":\"https:\/\/www.ig.cas.cz\/wp-content\/uploads\/2018\/03\/knihovna-1.jpg\",\"datePublished\":\"2017-12-29T14:07:23+00:00\",\"dateModified\":\"2025-03-05T09:55:56+00:00\",\"breadcrumb\":{\"@id\":\"https:\/\/www.ig.cas.cz\/en\/library\/book-catalogues\/#breadcrumb\"},\"inLanguage\":\"en-US\",\"potentialAction\":[{\"@type\":\"ReadAction\",\"target\":[\"https:\/\/www.ig.cas.cz\/en\/library\/book-catalogues\/\"]}]},{\"@type\":\"ImageObject\",\"inLanguage\":\"en-US\",\"@id\":\"https:\/\/www.ig.cas.cz\/en\/library\/book-catalogues\/#primaryimage\",\"url\":\"https:\/\/www.ig.cas.cz\/wp-content\/uploads\/2018\/03\/knihovna-1.jpg\",\"contentUrl\":\"https:\/\/www.ig.cas.cz\/wp-content\/uploads\/2018\/03\/knihovna-1.jpg\",\"width\":2500,\"height\":260},{\"@type\":\"BreadcrumbList\",\"@id\":\"https:\/\/www.ig.cas.cz\/en\/library\/book-catalogues\/#breadcrumb\",\"itemListElement\":[{\"@type\":\"ListItem\",\"position\":1,\"name\":\"Dom\u016f\",\"item\":\"https:\/\/www.ig.cas.cz\/en\/\"},{\"@type\":\"ListItem\",\"position\":2,\"name\":\"Library\",\"item\":\"https:\/\/www.ig.cas.cz\/en\/library\/\"},{\"@type\":\"ListItem\",\"position\":3,\"name\":\"Book catalogues\"}]},{\"@type\":\"WebSite\",\"@id\":\"https:\/\/www.ig.cas.cz\/#website\",\"url\":\"https:\/\/www.ig.cas.cz\/\",\"name\":\"Dom\u016f\",\"description\":\"Geofyzik\u00e1ln\u00ed \u00fastav Akademie v\u011bd \u010cR, v.v.i.\",\"potentialAction\":[{\"@type\":\"SearchAction\",\"target\":{\"@type\":\"EntryPoint\",\"urlTemplate\":\"https:\/\/www.ig.cas.cz\/?s={search_term_string}\"},\"query-input\":{\"@type\":\"PropertyValueSpecification\",\"valueRequired\":true,\"valueName\":\"search_term_string\"}}],\"inLanguage\":\"en-US\"}]}<\/script>\n<!-- \/ Yoast SEO plugin. -->","yoast_head_json":{"title":"Book catalogues - Geofyzik\u00e1ln\u00ed \u00fastav Akademie v\u011bd \u010cR, v.v.i.","robots":{"index":"index","follow":"follow","max-snippet":"max-snippet:-1","max-image-preview":"max-image-preview:large","max-video-preview":"max-video-preview:-1"},"canonical":"https:\/\/www.ig.cas.cz\/en\/library\/book-catalogues\/","og_locale":"en_US","og_type":"article","og_title":"Book catalogues - Geofyzik\u00e1ln\u00ed \u00fastav Akademie v\u011bd \u010cR, v.v.i.","og_description":"Book Catalogue of IG CAS Union Catalogue of ASCR Institute Libraries Union Catalogue of Books in the Czech Republic (CASLIN) Union Catalogue of Journals in the Czech Republic (CASLIN) E-books CZ-ENG and ENG-CZ dictionary of the geology Oxford Reference Online\u00a0 Springer - Lecture Notes in Mathematics Springer - Lecture Notes in Computer Science Springer - [&hellip;]","og_url":"https:\/\/www.ig.cas.cz\/en\/library\/book-catalogues\/","og_site_name":"Dom\u016f","article_publisher":"https:\/\/www.facebook.com\/GFUAVCR\/","article_modified_time":"2025-03-05T09:55:56+00:00","og_image":[{"width":2500,"height":260,"url":"https:\/\/www.ig.cas.cz\/wp-content\/uploads\/2018\/03\/knihovna-1.jpg","type":"image\/jpeg"}],"twitter_card":"summary_large_image","twitter_misc":{"Est. reading time":"1 minute"},"schema":{"@context":"https:\/\/schema.org","@graph":[{"@type":"WebPage","@id":"https:\/\/www.ig.cas.cz\/en\/library\/book-catalogues\/","url":"https:\/\/www.ig.cas.cz\/en\/library\/book-catalogues\/","name":"Book catalogues - Geofyzik\u00e1ln\u00ed \u00fastav Akademie v\u011bd \u010cR, v.v.i.","isPartOf":{"@id":"https:\/\/www.ig.cas.cz\/#website"},"primaryImageOfPage":{"@id":"https:\/\/www.ig.cas.cz\/en\/library\/book-catalogues\/#primaryimage"},"image":{"@id":"https:\/\/www.ig.cas.cz\/en\/library\/book-catalogues\/#primaryimage"},"thumbnailUrl":"https:\/\/www.ig.cas.cz\/wp-content\/uploads\/2018\/03\/knihovna-1.jpg","datePublished":"2017-12-29T14:07:23+00:00","dateModified":"2025-03-05T09:55:56+00:00","breadcrumb":{"@id":"https:\/\/www.ig.cas.cz\/en\/library\/book-catalogues\/#breadcrumb"},"inLanguage":"en-US","potentialAction":[{"@type":"ReadAction","target":["https:\/\/www.ig.cas.cz\/en\/library\/book-catalogues\/"]}]},{"@type":"ImageObject","inLanguage":"en-US","@id":"https:\/\/www.ig.cas.cz\/en\/library\/book-catalogues\/#primaryimage","url":"https:\/\/www.ig.cas.cz\/wp-content\/uploads\/2018\/03\/knihovna-1.jpg","contentUrl":"https:\/\/www.ig.cas.cz\/wp-content\/uploads\/2018\/03\/knihovna-1.jpg","width":2500,"height":260},{"@type":"BreadcrumbList","@id":"https:\/\/www.ig.cas.cz\/en\/library\/book-catalogues\/#breadcrumb","itemListElement":[{"@type":"ListItem","position":1,"name":"Dom\u016f","item":"https:\/\/www.ig.cas.cz\/en\/"},{"@type":"ListItem","position":2,"name":"Library","item":"https:\/\/www.ig.cas.cz\/en\/library\/"},{"@type":"ListItem","position":3,"name":"Book catalogues"}]},{"@type":"WebSite","@id":"https:\/\/www.ig.cas.cz\/#website","url":"https:\/\/www.ig.cas.cz\/","name":"Dom\u016f","description":"Geofyzik\u00e1ln\u00ed \u00fastav Akademie v\u011bd \u010cR, v.v.i.","potentialAction":[{"@type":"SearchAction","target":{"@type":"EntryPoint","urlTemplate":"https:\/\/www.ig.cas.cz\/?s={search_term_string}"},"query-input":{"@type":"PropertyValueSpecification","valueRequired":true,"valueName":"search_term_string"}}],"inLanguage":"en-US"}]}},"_links":{"self":[{"href":"https:\/\/www.ig.cas.cz\/en\/wp-json\/wp\/v2\/pages\/378","targetHints":{"allow":["GET"]}}],"collection":[{"href":"https:\/\/www.ig.cas.cz\/en\/wp-json\/wp\/v2\/pages"}],"about":[{"href":"https:\/\/www.ig.cas.cz\/en\/wp-json\/wp\/v2\/types\/page"}],"author":[{"embeddable":true,"href":"https:\/\/www.ig.cas.cz\/en\/wp-json\/wp\/v2\/users\/1"}],"replies":[{"embeddable":true,"href":"https:\/\/www.ig.cas.cz\/en\/wp-json\/wp\/v2\/comments?post=378"}],"version-history":[{"count":4,"href":"https:\/\/www.ig.cas.cz\/en\/wp-json\/wp\/v2\/pages\/378\/revisions"}],"predecessor-version":[{"id":40939,"href":"https:\/\/www.ig.cas.cz\/en\/wp-json\/wp\/v2\/pages\/378\/revisions\/40939"}],"up":[{"embeddable":true,"href":"https:\/\/www.ig.cas.cz\/en\/wp-json\/wp\/v2\/pages\/374"}],"wp:featuredmedia":[{"embeddable":true,"href":"https:\/\/www.ig.cas.cz\/en\/wp-json\/wp\/v2\/media\/15182"}],"wp:attachment":[{"href":"https:\/\/www.ig.cas.cz\/en\/wp-json\/wp\/v2\/media?parent=378"}],"wp:term":[{"taxonomy":"category","embeddable":true,"href":"https:\/\/www.ig.cas.cz\/en\/wp-json\/wp\/v2\/categories?post=378"},{"taxonomy":"post_tag","embeddable":true,"href":"https:\/\/www.ig.cas.cz\/en\/wp-json\/wp\/v2\/tags?post=378"}],"curies":[{"name":"wp","href":"https:\/\/api.w.org\/{rel}","templated":true}]}}