{"id":382,"date":"2017-12-29T15:08:26","date_gmt":"2017-12-29T14:08:26","guid":{"rendered":"http:\/\/igcas.antstudio.eu\/?page_id=382"},"modified":"2025-03-04T11:30:51","modified_gmt":"2025-03-04T10:30:51","slug":"databases","status":"publish","type":"page","link":"https:\/\/www.ig.cas.cz\/en\/library\/databases\/","title":{"rendered":"Databases"},"content":{"rendered":"<p>[et_pb_section fb_built=&#8221;1&#8243; _builder_version=&#8221;4.16&#8243; custom_padding=&#8221;20px|0px|0px|0px&#8221; global_colors_info=&#8221;{}&#8221;][et_pb_row _builder_version=&#8221;4.16&#8243; custom_padding=&#8221;0px|0px|28.7125px|0px&#8221; global_colors_info=&#8221;{}&#8221;][et_pb_column type=&#8221;4_4&#8243; _builder_version=&#8221;4.16&#8243; custom_padding=&#8221;|||&#8221; global_colors_info=&#8221;{}&#8221; custom_padding__hover=&#8221;|||&#8221;][et_pb_text _builder_version=&#8221;4.16&#8243; global_colors_info=&#8221;{}&#8221;]<\/p>\n<ul>\n<li><a href=\"http:\/\/apps.webofknowledge.com\/WOS_GeneralSearch_input.do?product=WOS&amp;search_mode=GeneralSearch&amp;SID=P1O7FDQM7o8cnf3akd6\" target=\"_blank\" rel=\"noopener noreferrer\">Web of Science<\/a>\u00a0&#8211; Citation database<\/li>\n<li><a href=\"https:\/\/jcr.clarivate.com\/jcr\/home\">Journal Citation Reports<\/a> &#8211; Tool for evaluating academic journals (Quartils, IF &#8230;)<\/li>\n<li><a href=\"http:\/\/www.ulrichsweb.com\/ulrichsweb\/\" target=\"_blank\" rel=\"noopener noreferrer\">Ulrich&#8217;s&nbsp;Periodicals Dictionary\u00a0<\/a>&#8211; <span>\u00a0an easy to search source of detailed information on more than 300,000 periodicals<\/span><\/li>\n<li><a href=\"https:\/\/www.sciencedirect.com\/browse\/journals-and-books\" target=\"_blank\" rel=\"noopener noreferrer\" style=\"font-size: 16px;\">Science Direct\u00a0<\/a><span style=\"font-size: 16px;\">&#8211; Elsevier fulltext database\u00a0<\/span><\/li>\n<li><a href=\"http:\/\/www.springer.com\/gp\/\" target=\"_blank\" rel=\"noopener noreferrer\">Springer<\/a>\u00a0&#8211; Fulltext database of Kluwer and Springer<\/li>\n<li><a href=\"http:\/\/www.scopus.com\/\" target=\"_blank\" rel=\"noopener noreferrer\">Scopus<\/a>\u00a0&#8211; Abstract + citation database<\/li>\n<li><a href=\"http:\/\/arxiv.org\/\" target=\"_blank\" rel=\"noopener noreferrer\">ArXiv<\/a>\u00a0&#8211; E-prints archive<\/li>\n<li><a href=\"http:\/\/www.doaj.org\/\" target=\"_blank\" rel=\"noopener noreferrer\">DOAJ<\/a>\u00a0&#8211; Directory of open access journals<\/li>\n<\/ul>\n<p>[\/et_pb_text][\/et_pb_column][\/et_pb_row][\/et_pb_section]<\/p>\n","protected":false},"excerpt":{"rendered":"<p>Web of Science\u00a0&#8211; Citation database Journal Citation Reports &#8211; Tool for evaluating academic journals (Quartils, IF &#8230;) Ulrich&#8217;s&nbsp;Periodicals Dictionary\u00a0&#8211; \u00a0an easy to search source of detailed information on more than 300,000 periodicals Science Direct\u00a0&#8211; Elsevier fulltext database\u00a0 Springer\u00a0&#8211; Fulltext database of Kluwer and Springer Scopus\u00a0&#8211; Abstract + citation database ArXiv\u00a0&#8211; E-prints archive DOAJ\u00a0&#8211; Directory [&hellip;]<\/p>\n","protected":false},"author":1,"featured_media":8419,"parent":374,"menu_order":0,"comment_status":"closed","ping_status":"closed","template":"","meta":{"_et_pb_use_builder":"on","_et_pb_old_content":"<ul>\r\n \t<li><a href=\"http:\/\/apps.webofknowledge.com\/WOS_GeneralSearch_input.do?product=WOS&search_mode=GeneralSearch&SID=P1O7FDQM7o8cnf3akd6\" target=\"_blank\" rel=\"noopener\">Web of Science<\/a> - Cita\u010dn\u00ed datab\u00e1ze<\/li>\r\n \t<li><a href=\"http:\/\/www.ulrichsweb.com\/ulrichsweb\/\" target=\"_blank\" rel=\"noopener\">Ulrich's Periodicals Dictionary <\/a>- n\u00e1zvy, ISSN, vydavatel\u00e9<\/li>\r\n \t<li><a href=\"http:\/\/search.epnet.com\/\" target=\"_blank\" rel=\"noopener\">EIFL Direct\/EBSCO<\/a> - Plnotextov\u00e9 datab\u00e1ze<\/li>\r\n \t<li><a href=\"http:\/\/www.sciencedirect.com\/science?_ob=JournalListURL&_type=all&_auth=y&_btn=Y&_acct=C000052033&_version=1&_urlVersion=0&_userid=1221508&md5=99979842746cafe91fc1e9fa2fe4452e\" target=\"_blank\" rel=\"noopener\">Science Direct\/Elsevier<\/a> - Plnotextov\u00e9 datab\u00e1ze<\/li>\r\n \t<li><a href=\"http:\/\/www.springer.com\/gp\/\" target=\"_blank\" rel=\"noopener\">Springer\/Kluwer<\/a> - Plnotextov\u00e9 datab\u00e1ze<\/li>\r\n \t<li><a href=\"http:\/\/www.scopus.com\/\" target=\"_blank\" rel=\"noopener\">Scopus<\/a> - Datab\u00e1ze abstrakt + citac\u00ed<\/li>\r\n \t<li><a href=\"http:\/\/arxiv.org\/\" target=\"_blank\" rel=\"noopener\">ArXiv<\/a> - Archiv preprint\u016f<\/li>\r\n \t<li><a href=\"http:\/\/www.doaj.org\/\" target=\"_blank\" rel=\"noopener\">DOAJ<\/a> - Seznam voln\u011b p\u0159\u00edstupn\u00fdch \u010dasopis\u016f<\/li>\r\n \t<li><a href=\"http:\/\/www.agu.org\/meetings\/abstract_db.shtml\" target=\"_blank\" rel=\"noopener\">Datab\u00e1ze abstrakt\u016f ze zasedan\u00ed AGU<\/a><\/li>\r\n<\/ul>","_et_gb_content_width":"","footnotes":""},"categories":[],"tags":[],"class_list":["post-382","page","type-page","status-publish","has-post-thumbnail","hentry"],"yoast_head":"<!-- This site is optimized with the Yoast SEO plugin v25.9 - https:\/\/yoast.com\/wordpress\/plugins\/seo\/ -->\n<title>Databases - Geofyzik\u00e1ln\u00ed \u00fastav Akademie v\u011bd \u010cR, v.v.i.<\/title>\n<meta name=\"robots\" content=\"index, follow, max-snippet:-1, max-image-preview:large, max-video-preview:-1\" \/>\n<link rel=\"canonical\" href=\"https:\/\/www.ig.cas.cz\/en\/library\/databases\/\" \/>\n<meta property=\"og:locale\" content=\"en_US\" \/>\n<meta property=\"og:type\" content=\"article\" \/>\n<meta property=\"og:title\" content=\"Databases - Geofyzik\u00e1ln\u00ed \u00fastav Akademie v\u011bd \u010cR, v.v.i.\" \/>\n<meta property=\"og:description\" content=\"Web of Science\u00a0- Citation database Journal Citation Reports - Tool for evaluating academic journals (Quartils, IF ...) Ulrich&#039;s Periodicals Dictionary\u00a0- \u00a0an easy to search source of detailed information on more than 300,000 periodicals Science Direct\u00a0- Elsevier fulltext database\u00a0 Springer\u00a0- Fulltext database of Kluwer and Springer Scopus\u00a0- Abstract + citation database ArXiv\u00a0- E-prints archive DOAJ\u00a0- Directory [&hellip;]\" \/>\n<meta property=\"og:url\" content=\"https:\/\/www.ig.cas.cz\/en\/library\/databases\/\" \/>\n<meta property=\"og:site_name\" content=\"Dom\u016f\" \/>\n<meta property=\"article:publisher\" content=\"https:\/\/www.facebook.com\/GFUAVCR\/\" \/>\n<meta property=\"article:modified_time\" content=\"2025-03-04T10:30:51+00:00\" \/>\n<meta property=\"og:image\" content=\"https:\/\/www.ig.cas.cz\/wp-content\/uploads\/2018\/03\/knihovna-1.jpg\" \/>\n\t<meta property=\"og:image:width\" content=\"2500\" \/>\n\t<meta property=\"og:image:height\" content=\"260\" \/>\n\t<meta property=\"og:image:type\" content=\"image\/jpeg\" \/>\n<meta name=\"twitter:card\" content=\"summary_large_image\" \/>\n<meta name=\"twitter:label1\" content=\"Est. reading time\" \/>\n\t<meta name=\"twitter:data1\" content=\"1 minute\" \/>\n<script type=\"application\/ld+json\" class=\"yoast-schema-graph\">{\"@context\":\"https:\/\/schema.org\",\"@graph\":[{\"@type\":\"WebPage\",\"@id\":\"https:\/\/www.ig.cas.cz\/en\/library\/databases\/\",\"url\":\"https:\/\/www.ig.cas.cz\/en\/library\/databases\/\",\"name\":\"Databases - Geofyzik\u00e1ln\u00ed \u00fastav Akademie v\u011bd \u010cR, v.v.i.\",\"isPartOf\":{\"@id\":\"https:\/\/www.ig.cas.cz\/#website\"},\"primaryImageOfPage\":{\"@id\":\"https:\/\/www.ig.cas.cz\/en\/library\/databases\/#primaryimage\"},\"image\":{\"@id\":\"https:\/\/www.ig.cas.cz\/en\/library\/databases\/#primaryimage\"},\"thumbnailUrl\":\"https:\/\/www.ig.cas.cz\/wp-content\/uploads\/2018\/03\/knihovna-1.jpg\",\"datePublished\":\"2017-12-29T14:08:26+00:00\",\"dateModified\":\"2025-03-04T10:30:51+00:00\",\"breadcrumb\":{\"@id\":\"https:\/\/www.ig.cas.cz\/en\/library\/databases\/#breadcrumb\"},\"inLanguage\":\"en-US\",\"potentialAction\":[{\"@type\":\"ReadAction\",\"target\":[\"https:\/\/www.ig.cas.cz\/en\/library\/databases\/\"]}]},{\"@type\":\"ImageObject\",\"inLanguage\":\"en-US\",\"@id\":\"https:\/\/www.ig.cas.cz\/en\/library\/databases\/#primaryimage\",\"url\":\"https:\/\/www.ig.cas.cz\/wp-content\/uploads\/2018\/03\/knihovna-1.jpg\",\"contentUrl\":\"https:\/\/www.ig.cas.cz\/wp-content\/uploads\/2018\/03\/knihovna-1.jpg\",\"width\":2500,\"height\":260},{\"@type\":\"BreadcrumbList\",\"@id\":\"https:\/\/www.ig.cas.cz\/en\/library\/databases\/#breadcrumb\",\"itemListElement\":[{\"@type\":\"ListItem\",\"position\":1,\"name\":\"Dom\u016f\",\"item\":\"https:\/\/www.ig.cas.cz\/en\/\"},{\"@type\":\"ListItem\",\"position\":2,\"name\":\"Library\",\"item\":\"https:\/\/www.ig.cas.cz\/en\/library\/\"},{\"@type\":\"ListItem\",\"position\":3,\"name\":\"Databases\"}]},{\"@type\":\"WebSite\",\"@id\":\"https:\/\/www.ig.cas.cz\/#website\",\"url\":\"https:\/\/www.ig.cas.cz\/\",\"name\":\"Dom\u016f\",\"description\":\"Geofyzik\u00e1ln\u00ed \u00fastav Akademie v\u011bd \u010cR, v.v.i.\",\"potentialAction\":[{\"@type\":\"SearchAction\",\"target\":{\"@type\":\"EntryPoint\",\"urlTemplate\":\"https:\/\/www.ig.cas.cz\/?s={search_term_string}\"},\"query-input\":{\"@type\":\"PropertyValueSpecification\",\"valueRequired\":true,\"valueName\":\"search_term_string\"}}],\"inLanguage\":\"en-US\"}]}<\/script>\n<!-- \/ Yoast SEO plugin. -->","yoast_head_json":{"title":"Databases - Geofyzik\u00e1ln\u00ed \u00fastav Akademie v\u011bd \u010cR, v.v.i.","robots":{"index":"index","follow":"follow","max-snippet":"max-snippet:-1","max-image-preview":"max-image-preview:large","max-video-preview":"max-video-preview:-1"},"canonical":"https:\/\/www.ig.cas.cz\/en\/library\/databases\/","og_locale":"en_US","og_type":"article","og_title":"Databases - Geofyzik\u00e1ln\u00ed \u00fastav Akademie v\u011bd \u010cR, v.v.i.","og_description":"Web of Science\u00a0- Citation database Journal Citation Reports - Tool for evaluating academic journals (Quartils, IF ...) Ulrich's Periodicals Dictionary\u00a0- \u00a0an easy to search source of detailed information on more than 300,000 periodicals Science Direct\u00a0- Elsevier fulltext database\u00a0 Springer\u00a0- Fulltext database of Kluwer and Springer Scopus\u00a0- Abstract + citation database ArXiv\u00a0- E-prints archive DOAJ\u00a0- Directory [&hellip;]","og_url":"https:\/\/www.ig.cas.cz\/en\/library\/databases\/","og_site_name":"Dom\u016f","article_publisher":"https:\/\/www.facebook.com\/GFUAVCR\/","article_modified_time":"2025-03-04T10:30:51+00:00","og_image":[{"width":2500,"height":260,"url":"https:\/\/www.ig.cas.cz\/wp-content\/uploads\/2018\/03\/knihovna-1.jpg","type":"image\/jpeg"}],"twitter_card":"summary_large_image","twitter_misc":{"Est. reading time":"1 minute"},"schema":{"@context":"https:\/\/schema.org","@graph":[{"@type":"WebPage","@id":"https:\/\/www.ig.cas.cz\/en\/library\/databases\/","url":"https:\/\/www.ig.cas.cz\/en\/library\/databases\/","name":"Databases - Geofyzik\u00e1ln\u00ed \u00fastav Akademie v\u011bd \u010cR, v.v.i.","isPartOf":{"@id":"https:\/\/www.ig.cas.cz\/#website"},"primaryImageOfPage":{"@id":"https:\/\/www.ig.cas.cz\/en\/library\/databases\/#primaryimage"},"image":{"@id":"https:\/\/www.ig.cas.cz\/en\/library\/databases\/#primaryimage"},"thumbnailUrl":"https:\/\/www.ig.cas.cz\/wp-content\/uploads\/2018\/03\/knihovna-1.jpg","datePublished":"2017-12-29T14:08:26+00:00","dateModified":"2025-03-04T10:30:51+00:00","breadcrumb":{"@id":"https:\/\/www.ig.cas.cz\/en\/library\/databases\/#breadcrumb"},"inLanguage":"en-US","potentialAction":[{"@type":"ReadAction","target":["https:\/\/www.ig.cas.cz\/en\/library\/databases\/"]}]},{"@type":"ImageObject","inLanguage":"en-US","@id":"https:\/\/www.ig.cas.cz\/en\/library\/databases\/#primaryimage","url":"https:\/\/www.ig.cas.cz\/wp-content\/uploads\/2018\/03\/knihovna-1.jpg","contentUrl":"https:\/\/www.ig.cas.cz\/wp-content\/uploads\/2018\/03\/knihovna-1.jpg","width":2500,"height":260},{"@type":"BreadcrumbList","@id":"https:\/\/www.ig.cas.cz\/en\/library\/databases\/#breadcrumb","itemListElement":[{"@type":"ListItem","position":1,"name":"Dom\u016f","item":"https:\/\/www.ig.cas.cz\/en\/"},{"@type":"ListItem","position":2,"name":"Library","item":"https:\/\/www.ig.cas.cz\/en\/library\/"},{"@type":"ListItem","position":3,"name":"Databases"}]},{"@type":"WebSite","@id":"https:\/\/www.ig.cas.cz\/#website","url":"https:\/\/www.ig.cas.cz\/","name":"Dom\u016f","description":"Geofyzik\u00e1ln\u00ed \u00fastav Akademie v\u011bd \u010cR, v.v.i.","potentialAction":[{"@type":"SearchAction","target":{"@type":"EntryPoint","urlTemplate":"https:\/\/www.ig.cas.cz\/?s={search_term_string}"},"query-input":{"@type":"PropertyValueSpecification","valueRequired":true,"valueName":"search_term_string"}}],"inLanguage":"en-US"}]}},"_links":{"self":[{"href":"https:\/\/www.ig.cas.cz\/en\/wp-json\/wp\/v2\/pages\/382","targetHints":{"allow":["GET"]}}],"collection":[{"href":"https:\/\/www.ig.cas.cz\/en\/wp-json\/wp\/v2\/pages"}],"about":[{"href":"https:\/\/www.ig.cas.cz\/en\/wp-json\/wp\/v2\/types\/page"}],"author":[{"embeddable":true,"href":"https:\/\/www.ig.cas.cz\/en\/wp-json\/wp\/v2\/users\/1"}],"replies":[{"embeddable":true,"href":"https:\/\/www.ig.cas.cz\/en\/wp-json\/wp\/v2\/comments?post=382"}],"version-history":[{"count":2,"href":"https:\/\/www.ig.cas.cz\/en\/wp-json\/wp\/v2\/pages\/382\/revisions"}],"predecessor-version":[{"id":40882,"href":"https:\/\/www.ig.cas.cz\/en\/wp-json\/wp\/v2\/pages\/382\/revisions\/40882"}],"up":[{"embeddable":true,"href":"https:\/\/www.ig.cas.cz\/en\/wp-json\/wp\/v2\/pages\/374"}],"wp:featuredmedia":[{"embeddable":true,"href":"https:\/\/www.ig.cas.cz\/en\/wp-json\/wp\/v2\/media\/8419"}],"wp:attachment":[{"href":"https:\/\/www.ig.cas.cz\/en\/wp-json\/wp\/v2\/media?parent=382"}],"wp:term":[{"taxonomy":"category","embeddable":true,"href":"https:\/\/www.ig.cas.cz\/en\/wp-json\/wp\/v2\/categories?post=382"},{"taxonomy":"post_tag","embeddable":true,"href":"https:\/\/www.ig.cas.cz\/en\/wp-json\/wp\/v2\/tags?post=382"}],"curies":[{"name":"wp","href":"https:\/\/api.w.org\/{rel}","templated":true}]}}