{"id":38302,"date":"2024-05-07T14:56:26","date_gmt":"2024-05-07T12:56:26","guid":{"rendered":"https:\/\/www.ig.cas.cz\/?page_id=38302"},"modified":"2024-05-28T20:30:17","modified_gmt":"2024-05-28T18:30:17","slug":"naspmon-wp3-results","status":"publish","type":"page","link":"https:\/\/www.ig.cas.cz\/en\/naspmon-wp3-results\/","title":{"rendered":"NASPMON &#8211; WP3 results"},"content":{"rendered":"<p>[et_pb_section fb_built=&#8221;1&#8243; fullwidth=&#8221;on&#8221; admin_label=&#8221;Section&#8221; _builder_version=&#8221;4.16&#8243; _module_preset=&#8221;default&#8221; global_colors_info=&#8221;{}&#8221;][et_pb_fullwidth_header title=&#8221;NASPMON&#8221; subhead=&#8221;Automatic seismic data processing&#8221; admin_label=&#8221;Fullwidth Header&#8221; _builder_version=&#8221;4.24.2&#8243; _module_preset=&#8221;default&#8221; title_text_color=&#8221;#000000&#8243; title_font_size=&#8221;50px&#8221; background_image=&#8221;https:\/\/www.ig.cas.cz\/wp-content\/uploads\/2018\/01\/iceland_header.jpg&#8221; hover_enabled=&#8221;0&#8243; global_colors_info=&#8221;{}&#8221; sticky_enabled=&#8221;0&#8243;][\/et_pb_fullwidth_header][\/et_pb_section][et_pb_section fb_built=&#8221;1&#8243; _builder_version=&#8221;4.16&#8243; _module_preset=&#8221;default&#8221; custom_margin=&#8221;-15px||-15px||false|false&#8221; top_divider_style=&#8221;curve2&#8243; top_divider_color=&#8221;#fbca1a&#8221; top_divider_height=&#8221;40px&#8221; bottom_divider_color=&#8221;#fbca1a&#8221; bottom_divider_height=&#8221;40px&#8221; global_colors_info=&#8221;{}&#8221;][et_pb_row column_structure=&#8221;3_4,1_4&#8243; _builder_version=&#8221;4.16&#8243; _module_preset=&#8221;default&#8221; global_colors_info=&#8221;{}&#8221;][et_pb_column type=&#8221;3_4&#8243; _builder_version=&#8221;4.16&#8243; _module_preset=&#8221;default&#8221; global_colors_info=&#8221;{}&#8221;][et_pb_text _builder_version=&#8221;4.24.2&#8243; _module_preset=&#8221;default&#8221; global_colors_info=&#8221;{}&#8221;]<\/p>\n<h1 class=\"western\" align=\"justify\">R.A.P.L. &#8211; Reykjanes Automatic Picking and Location software<\/h1>\n<h2 class=\"western\">Working package WP3 of the NASPMON project<\/h2>\n<h3>\u200bShort description:<\/h3>\n<p>R.A.P.L. &#8211; Reykjanes Automatic Picking and Location is a&nbsp;computer program designed for automatic location of seismic events on Reykjanes peninsula (SW Iceland). The code could be used for any other region but the algorithms and parameters have been tested for this specific setting. Also a&nbsp;certain directory structure and naming convention is supposed so it could be easily applied to existing data structure.<br \/>First the MSEED waveform files are loaded and three component data for each station are processed to search for possible P and S&nbsp;phases using polarization analysis and STA\/LTA ratio. In the next step the program tries to associate phases to obtain groups that are related to the same seismic event. Minimum 3 S&nbsp;phases and 1 P phase has to be found to form an event. The individual events are then located and local magnitude is estimated.<\/p>\n<p>The program is written in MATLAB and compiled for 64-bit unix OS. To run the executable MATLAB Runtime version 9.13 must be installed, for details see <a href=\"https:\/\/www.mathworks.com\/products\/compiler\/matlab-runtime.html\">https:\/\/www.mathworks.com\/products\/compiler\/matlab-runtime.html<\/a>.<\/p>\n<p>Documentation in pdf can be found <a href=\"\/wp-content\/uploads\/2024\/05\/rapl_documentation-1.pdf\">here<\/a><\/p>\n<p>Zipped archive with all related files including executable can be downloaded <a href=\"https:\/\/owncloud.cesnet.cz\/index.php\/s\/MF5TpR8PWgpCCdX\">here<\/a> (size ~ 600kB)<\/p>\n<p>Zipped archive with all related files including executable and testing seismograms can be downloaded from <a href=\"https:\/\/owncloud.cesnet.cz\/index.php\/s\/II49L68ez01OevS\">here<\/a> (size ~ 1.1GB)<\/p>\n<p><img loading=\"lazy\" decoding=\"async\" class=\"aligncenter wp-image-38310 size-large\" src=\"https:\/\/www.ig.cas.cz\/wp-content\/uploads\/2024\/05\/locations-1024x540.png\" alt=\"\" width=\"1024\" height=\"540\" srcset=\"https:\/\/www.ig.cas.cz\/wp-content\/uploads\/2024\/05\/locations-980x517.png 980w, https:\/\/www.ig.cas.cz\/wp-content\/uploads\/2024\/05\/locations-480x253.png 480w\" sizes=\"(min-width: 0px) and (max-width: 480px) 480px, (min-width: 481px) and (max-width: 980px) 980px, (min-width: 981px) 1024px, 100vw\" \/><\/p>\n<p>&nbsp;<\/p>\n<p>[\/et_pb_text][\/et_pb_column][et_pb_column type=&#8221;1_4&#8243; _builder_version=&#8221;4.16&#8243; _module_preset=&#8221;default&#8221; global_colors_info=&#8221;{}&#8221;][et_pb_image src=&#8221;https:\/\/www.ig.cas.cz\/wp-content\/uploads\/2021\/11\/eea_grants4x.png&#8221; title_text=&#8221;EEA Grants@4x&#8221; align=&#8221;center&#8221; _builder_version=&#8221;4.16&#8243; _module_preset=&#8221;default&#8221; width=&#8221;70%&#8221; global_colors_info=&#8221;{}&#8221;][\/et_pb_image][et_pb_image src=&#8221;https:\/\/www.ig.cas.cz\/wp-content\/uploads\/2021\/11\/logo_en_black-2.png&#8221; title_text=&#8221;Logo En Black 2&#8243; align=&#8221;center&#8221; _builder_version=&#8221;4.16&#8243; _module_preset=&#8221;default&#8221; width=&#8221;70%&#8221; global_colors_info=&#8221;{}&#8221;][\/et_pb_image][\/et_pb_column][\/et_pb_row][\/et_pb_section]<\/p>\n","protected":false},"excerpt":{"rendered":"<p>R.A.P.L. &#8211; Reykjanes Automatic Picking and Location software Working package WP3 of the NASPMON project \u200bShort description: R.A.P.L. &#8211; Reykjanes Automatic Picking and Location is a&nbsp;computer program designed for automatic location of seismic events on Reykjanes peninsula (SW Iceland). The code could be used for any other region but the algorithms and parameters have [&hellip;]<\/p>\n","protected":false},"author":9,"featured_media":14269,"parent":0,"menu_order":0,"comment_status":"closed","ping_status":"closed","template":"page-template-blank.php","meta":{"_et_pb_use_builder":"on","_et_pb_old_content":"","_et_gb_content_width":"","footnotes":""},"categories":[],"tags":[126],"class_list":["post-38302","page","type-page","status-publish","has-post-thumbnail","hentry","tag-projects-grants"],"yoast_head":"<!-- This site is optimized with the Yoast SEO plugin v25.9 - https:\/\/yoast.com\/wordpress\/plugins\/seo\/ -->\n<title>NASPMON - WP3 results - Geofyzik\u00e1ln\u00ed \u00fastav Akademie v\u011bd \u010cR, v.v.i.<\/title>\n<meta name=\"robots\" content=\"index, follow, max-snippet:-1, max-image-preview:large, max-video-preview:-1\" \/>\n<link rel=\"canonical\" href=\"https:\/\/www.ig.cas.cz\/en\/naspmon-wp3-results\/\" \/>\n<meta property=\"og:locale\" content=\"en_US\" \/>\n<meta property=\"og:type\" content=\"article\" \/>\n<meta property=\"og:title\" content=\"NASPMON - WP3 results - Geofyzik\u00e1ln\u00ed \u00fastav Akademie v\u011bd \u010cR, v.v.i.\" \/>\n<meta property=\"og:description\" content=\"R.A.P.L. - Reykjanes Automatic Picking and Location software Working package WP3 of the NASPMON project \u200bShort description: R.A.P.L. - Reykjanes Automatic Picking and Location is a computer program designed for automatic location of seismic events on Reykjanes peninsula (SW Iceland). The code could be used for any other region but the algorithms and parameters have [&hellip;]\" \/>\n<meta property=\"og:url\" content=\"https:\/\/www.ig.cas.cz\/en\/naspmon-wp3-results\/\" \/>\n<meta property=\"og:site_name\" content=\"Dom\u016f\" \/>\n<meta property=\"article:publisher\" content=\"https:\/\/www.facebook.com\/GFUAVCR\/\" \/>\n<meta property=\"article:modified_time\" content=\"2024-05-28T18:30:17+00:00\" \/>\n<meta property=\"og:image\" content=\"https:\/\/www.ig.cas.cz\/wp-content\/uploads\/2018\/01\/iceland_header.jpg\" \/>\n\t<meta property=\"og:image:width\" content=\"2500\" \/>\n\t<meta property=\"og:image:height\" content=\"259\" \/>\n\t<meta property=\"og:image:type\" content=\"image\/jpeg\" \/>\n<meta name=\"twitter:card\" content=\"summary_large_image\" \/>\n<meta name=\"twitter:label1\" content=\"Est. reading time\" \/>\n\t<meta name=\"twitter:data1\" content=\"3 minutes\" \/>\n<script type=\"application\/ld+json\" class=\"yoast-schema-graph\">{\"@context\":\"https:\/\/schema.org\",\"@graph\":[{\"@type\":\"WebPage\",\"@id\":\"https:\/\/www.ig.cas.cz\/en\/naspmon-wp3-results\/\",\"url\":\"https:\/\/www.ig.cas.cz\/en\/naspmon-wp3-results\/\",\"name\":\"NASPMON - WP3 results - Geofyzik\u00e1ln\u00ed \u00fastav Akademie v\u011bd \u010cR, v.v.i.\",\"isPartOf\":{\"@id\":\"https:\/\/www.ig.cas.cz\/#website\"},\"primaryImageOfPage\":{\"@id\":\"https:\/\/www.ig.cas.cz\/en\/naspmon-wp3-results\/#primaryimage\"},\"image\":{\"@id\":\"https:\/\/www.ig.cas.cz\/en\/naspmon-wp3-results\/#primaryimage\"},\"thumbnailUrl\":\"https:\/\/www.ig.cas.cz\/wp-content\/uploads\/2018\/01\/iceland_header.jpg\",\"datePublished\":\"2024-05-07T12:56:26+00:00\",\"dateModified\":\"2024-05-28T18:30:17+00:00\",\"breadcrumb\":{\"@id\":\"https:\/\/www.ig.cas.cz\/en\/naspmon-wp3-results\/#breadcrumb\"},\"inLanguage\":\"en-US\",\"potentialAction\":[{\"@type\":\"ReadAction\",\"target\":[\"https:\/\/www.ig.cas.cz\/en\/naspmon-wp3-results\/\"]}]},{\"@type\":\"ImageObject\",\"inLanguage\":\"en-US\",\"@id\":\"https:\/\/www.ig.cas.cz\/en\/naspmon-wp3-results\/#primaryimage\",\"url\":\"https:\/\/www.ig.cas.cz\/wp-content\/uploads\/2018\/01\/iceland_header.jpg\",\"contentUrl\":\"https:\/\/www.ig.cas.cz\/wp-content\/uploads\/2018\/01\/iceland_header.jpg\",\"width\":2500,\"height\":259},{\"@type\":\"BreadcrumbList\",\"@id\":\"https:\/\/www.ig.cas.cz\/en\/naspmon-wp3-results\/#breadcrumb\",\"itemListElement\":[{\"@type\":\"ListItem\",\"position\":1,\"name\":\"Dom\u016f\",\"item\":\"https:\/\/www.ig.cas.cz\/en\/\"},{\"@type\":\"ListItem\",\"position\":2,\"name\":\"NASPMON &#8211; WP3 results\"}]},{\"@type\":\"WebSite\",\"@id\":\"https:\/\/www.ig.cas.cz\/#website\",\"url\":\"https:\/\/www.ig.cas.cz\/\",\"name\":\"Dom\u016f\",\"description\":\"Geofyzik\u00e1ln\u00ed \u00fastav Akademie v\u011bd \u010cR, v.v.i.\",\"potentialAction\":[{\"@type\":\"SearchAction\",\"target\":{\"@type\":\"EntryPoint\",\"urlTemplate\":\"https:\/\/www.ig.cas.cz\/?s={search_term_string}\"},\"query-input\":{\"@type\":\"PropertyValueSpecification\",\"valueRequired\":true,\"valueName\":\"search_term_string\"}}],\"inLanguage\":\"en-US\"}]}<\/script>\n<!-- \/ Yoast SEO plugin. -->","yoast_head_json":{"title":"NASPMON - WP3 results - Geofyzik\u00e1ln\u00ed \u00fastav Akademie v\u011bd \u010cR, v.v.i.","robots":{"index":"index","follow":"follow","max-snippet":"max-snippet:-1","max-image-preview":"max-image-preview:large","max-video-preview":"max-video-preview:-1"},"canonical":"https:\/\/www.ig.cas.cz\/en\/naspmon-wp3-results\/","og_locale":"en_US","og_type":"article","og_title":"NASPMON - WP3 results - Geofyzik\u00e1ln\u00ed \u00fastav Akademie v\u011bd \u010cR, v.v.i.","og_description":"R.A.P.L. - Reykjanes Automatic Picking and Location software Working package WP3 of the NASPMON project \u200bShort description: R.A.P.L. - Reykjanes Automatic Picking and Location is a computer program designed for automatic location of seismic events on Reykjanes peninsula (SW Iceland). The code could be used for any other region but the algorithms and parameters have [&hellip;]","og_url":"https:\/\/www.ig.cas.cz\/en\/naspmon-wp3-results\/","og_site_name":"Dom\u016f","article_publisher":"https:\/\/www.facebook.com\/GFUAVCR\/","article_modified_time":"2024-05-28T18:30:17+00:00","og_image":[{"width":2500,"height":259,"url":"https:\/\/www.ig.cas.cz\/wp-content\/uploads\/2018\/01\/iceland_header.jpg","type":"image\/jpeg"}],"twitter_card":"summary_large_image","twitter_misc":{"Est. reading time":"3 minutes"},"schema":{"@context":"https:\/\/schema.org","@graph":[{"@type":"WebPage","@id":"https:\/\/www.ig.cas.cz\/en\/naspmon-wp3-results\/","url":"https:\/\/www.ig.cas.cz\/en\/naspmon-wp3-results\/","name":"NASPMON - WP3 results - Geofyzik\u00e1ln\u00ed \u00fastav Akademie v\u011bd \u010cR, v.v.i.","isPartOf":{"@id":"https:\/\/www.ig.cas.cz\/#website"},"primaryImageOfPage":{"@id":"https:\/\/www.ig.cas.cz\/en\/naspmon-wp3-results\/#primaryimage"},"image":{"@id":"https:\/\/www.ig.cas.cz\/en\/naspmon-wp3-results\/#primaryimage"},"thumbnailUrl":"https:\/\/www.ig.cas.cz\/wp-content\/uploads\/2018\/01\/iceland_header.jpg","datePublished":"2024-05-07T12:56:26+00:00","dateModified":"2024-05-28T18:30:17+00:00","breadcrumb":{"@id":"https:\/\/www.ig.cas.cz\/en\/naspmon-wp3-results\/#breadcrumb"},"inLanguage":"en-US","potentialAction":[{"@type":"ReadAction","target":["https:\/\/www.ig.cas.cz\/en\/naspmon-wp3-results\/"]}]},{"@type":"ImageObject","inLanguage":"en-US","@id":"https:\/\/www.ig.cas.cz\/en\/naspmon-wp3-results\/#primaryimage","url":"https:\/\/www.ig.cas.cz\/wp-content\/uploads\/2018\/01\/iceland_header.jpg","contentUrl":"https:\/\/www.ig.cas.cz\/wp-content\/uploads\/2018\/01\/iceland_header.jpg","width":2500,"height":259},{"@type":"BreadcrumbList","@id":"https:\/\/www.ig.cas.cz\/en\/naspmon-wp3-results\/#breadcrumb","itemListElement":[{"@type":"ListItem","position":1,"name":"Dom\u016f","item":"https:\/\/www.ig.cas.cz\/en\/"},{"@type":"ListItem","position":2,"name":"NASPMON &#8211; WP3 results"}]},{"@type":"WebSite","@id":"https:\/\/www.ig.cas.cz\/#website","url":"https:\/\/www.ig.cas.cz\/","name":"Dom\u016f","description":"Geofyzik\u00e1ln\u00ed \u00fastav Akademie v\u011bd \u010cR, v.v.i.","potentialAction":[{"@type":"SearchAction","target":{"@type":"EntryPoint","urlTemplate":"https:\/\/www.ig.cas.cz\/?s={search_term_string}"},"query-input":{"@type":"PropertyValueSpecification","valueRequired":true,"valueName":"search_term_string"}}],"inLanguage":"en-US"}]}},"_links":{"self":[{"href":"https:\/\/www.ig.cas.cz\/en\/wp-json\/wp\/v2\/pages\/38302","targetHints":{"allow":["GET"]}}],"collection":[{"href":"https:\/\/www.ig.cas.cz\/en\/wp-json\/wp\/v2\/pages"}],"about":[{"href":"https:\/\/www.ig.cas.cz\/en\/wp-json\/wp\/v2\/types\/page"}],"author":[{"embeddable":true,"href":"https:\/\/www.ig.cas.cz\/en\/wp-json\/wp\/v2\/users\/9"}],"replies":[{"embeddable":true,"href":"https:\/\/www.ig.cas.cz\/en\/wp-json\/wp\/v2\/comments?post=38302"}],"version-history":[{"count":1,"href":"https:\/\/www.ig.cas.cz\/en\/wp-json\/wp\/v2\/pages\/38302\/revisions"}],"predecessor-version":[{"id":38474,"href":"https:\/\/www.ig.cas.cz\/en\/wp-json\/wp\/v2\/pages\/38302\/revisions\/38474"}],"wp:featuredmedia":[{"embeddable":true,"href":"https:\/\/www.ig.cas.cz\/en\/wp-json\/wp\/v2\/media\/14269"}],"wp:attachment":[{"href":"https:\/\/www.ig.cas.cz\/en\/wp-json\/wp\/v2\/media?parent=38302"}],"wp:term":[{"taxonomy":"category","embeddable":true,"href":"https:\/\/www.ig.cas.cz\/en\/wp-json\/wp\/v2\/categories?post=38302"},{"taxonomy":"post_tag","embeddable":true,"href":"https:\/\/www.ig.cas.cz\/en\/wp-json\/wp\/v2\/tags?post=38302"}],"curies":[{"name":"wp","href":"https:\/\/api.w.org\/{rel}","templated":true}]}}