{"id":38467,"date":"2024-06-06T13:54:09","date_gmt":"2024-06-06T11:54:09","guid":{"rendered":"https:\/\/www.ig.cas.cz\/?page_id=38467"},"modified":"2024-06-22T14:45:44","modified_gmt":"2024-06-22T12:45:44","slug":"naspmon-wp4-results","status":"publish","type":"page","link":"https:\/\/www.ig.cas.cz\/en\/naspmon-wp4-results\/","title":{"rendered":"NASPMON &#8211; WP4 results"},"content":{"rendered":"<p>[et_pb_section fb_built=&#8221;1&#8243; fullwidth=&#8221;on&#8221; admin_label=&#8221;Section&#8221; _builder_version=&#8221;4.16&#8243; _module_preset=&#8221;default&#8221; global_colors_info=&#8221;{}&#8221;][et_pb_fullwidth_header title=&#8221;NASPMON&#8221; subhead=&#8221;Space-time distribution of foci in Reykjanes Peninsula, SW of Iceland&#8221; admin_label=&#8221;Fullwidth Header&#8221; _builder_version=&#8221;4.24.2&#8243; _module_preset=&#8221;default&#8221; title_text_color=&#8221;#000000&#8243; title_font_size=&#8221;50px&#8221; background_image=&#8221;https:\/\/www.ig.cas.cz\/wp-content\/uploads\/2018\/01\/iceland_header.jpg&#8221; global_colors_info=&#8221;{}&#8221;][\/et_pb_fullwidth_header][\/et_pb_section][et_pb_section fb_built=&#8221;1&#8243; _builder_version=&#8221;4.16&#8243; _module_preset=&#8221;default&#8221; custom_margin=&#8221;-15px||-15px||false|false&#8221; top_divider_style=&#8221;curve2&#8243; top_divider_color=&#8221;#fbca1a&#8221; top_divider_height=&#8221;40px&#8221; bottom_divider_color=&#8221;#fbca1a&#8221; bottom_divider_height=&#8221;40px&#8221; global_colors_info=&#8221;{}&#8221;][et_pb_row column_structure=&#8221;3_4,1_4&#8243; _builder_version=&#8221;4.16&#8243; _module_preset=&#8221;default&#8221; global_colors_info=&#8221;{}&#8221;][et_pb_column type=&#8221;3_4&#8243; _builder_version=&#8221;4.16&#8243; _module_preset=&#8221;default&#8221; global_colors_info=&#8221;{}&#8221;][et_pb_text _builder_version=&#8221;4.24.2&#8243; _module_preset=&#8221;default&#8221; hover_enabled=&#8221;0&#8243; global_colors_info=&#8221;{}&#8221; sticky_enabled=&#8221;0&#8243;]<\/p>\n<h1 class=\"western\">Working package WP4 of the NASPMON project<\/h1>\n<h2>1. Maps of epicenters<\/h2>\n<h3>\u200bShort description:<\/h3>\n<p>Maps of epicenters of earthquakes based on automatic detection and location using RAPL software in the period of September 2013- December 2023. The maps show the same dataset using different magnitude filtration from ML&gt;0 (~ 70k points) up to ML&gt;3 (~1k points) with the same color and symbol radius scaled by magnitude, some also color coded by time or depth.<\/p>\n<h3>Figures to download:<\/h3>\n<p>ML&gt;0 in <a href=\"\/wp-content\/uploads\/2024\/05\/ml0.png\">.png<\/a> and <a href=\"\/wp-content\/uploads\/2024\/05\/ML0.pdf\">.pdf<\/a>, ML&gt;0.5 in <a href=\"\/wp-content\/uploads\/2024\/05\/ml0p5.png\">.png<\/a> and <a href=\"\/wp-content\/uploads\/2024\/05\/ML0p5.pdf\">.pdf<\/a>, ML&gt;1 in <a href=\"\/wp-content\/uploads\/2024\/05\/ml1.png\">.png<\/a> and <a href=\"\/wp-content\/uploads\/2024\/05\/ML1.pdf\">.pdf<\/a>, ML&gt;1.5 in <a href=\"\/wp-content\/uploads\/2024\/05\/ml1p5.png\">.png<\/a> and .<a href=\"\/wp-content\/uploads\/2024\/05\/ML1p5.pdf\">pdf<\/a>, ML&gt;2 in <a href=\"\/wp-content\/uploads\/2024\/05\/ml2.png\">.png<\/a> and <a href=\"\/wp-content\/uploads\/2024\/05\/ML2.pdf\">.pdf<\/a>, ML&gt;2.5 in <a href=\"\/wp-content\/uploads\/2024\/05\/ml2p5.png\">.png<\/a> and <a href=\"\/wp-content\/uploads\/2024\/05\/ML2p5.pdf\">.pdf<\/a>, ML&gt;3 in <a href=\"\/wp-content\/uploads\/2024\/05\/ml3.png\">.png<\/a> and <a href=\"\/wp-content\/uploads\/2024\/05\/ml3.png\">.pdf<\/a><\/p>\n<p>ML&gt;0 color coded by sequence number in <a href=\"\/wp-content\/uploads\/2024\/05\/ml0-depth-coded.png\">.png<\/a> and <a href=\"\/wp-content\/uploads\/2024\/05\/ML0_depth_coded.pdf\">.pdf<\/a>, ML&gt;2 color coded by sequence number in <a href=\"\/wp-content\/uploads\/2024\/05\/ml2-seq-coded.png\">.png<\/a> and <a href=\"\/wp-content\/uploads\/2024\/05\/ML2_seq_coded.pdf\">.pdf<\/a><\/p>\n<p>ML&gt;0 color coded by depth in <a href=\"\/wp-content\/uploads\/2024\/05\/ml0-seq-coded.png\">.png<\/a> and <a href=\"\/wp-content\/uploads\/2024\/05\/ML0_seq_coded.pdf\">.pdf<\/a>, ML&gt;2 color coded by depth in <a href=\"\/wp-content\/uploads\/2024\/05\/ml2-depth-coded.png\">.png<\/a> and <a href=\"\/uploads\/2024\/05\/ML2_depth_coded.pdf\">.pdf<\/a><\/p>\n<p>ML&gt;0 color coded by year in <a href=\"\/wp-content\/uploads\/2024\/05\/ml0-year-coded.png\">.png<\/a> and <a href=\"\/wp-content\/uploads\/2024\/05\/ML0_year_coded.pdf\">.pdf<\/a><\/p>\n<h3>ESRI Shapefiles:<\/h3>\n<p>ML&gt;0 in <a href=\"\/wp-content\/uploads\/2024\/05\/ML0.zip\">.zip<\/a> archive, ML&gt;0.5 in <a href=\"\/wp-content\/uploads\/2024\/05\/ML0p5.zip\">.zip<\/a> archive, ML&gt;1 in <a href=\"\/wp-content\/uploads\/2024\/05\/ML1.zip\">.zip<\/a> archive, ML&gt;1.5 in <a href=\"\/wp-content\/uploads\/2024\/05\/ML1p5.zip\">.zip<\/a> archive, ML&gt;2 in <a href=\"\/wp-content\/uploads\/2024\/05\/ML2.zip\">.zip<\/a> archive, ML&gt;2.5 in <a href=\"\/wp-content\/uploads\/2024\/05\/ML2p5.zip\">.zip<\/a> archive, ML&gt;3 in <a href=\"\/wp-content\/uploads\/2024\/05\/ML3.zip\">.zip<\/a> archive<\/p>\n<p><div id=\"attachment_38499\" style=\"width: 1034px\" class=\"wp-caption alignnone\"><img loading=\"lazy\" decoding=\"async\" aria-describedby=\"caption-attachment-38499\" class=\"wp-image-38499 size-large\" src=\"https:\/\/www.ig.cas.cz\/wp-content\/uploads\/2024\/05\/ml0-seq-coded-1024x724.png\" alt=\"\" width=\"1024\" height=\"724\" srcset=\"https:\/\/www.ig.cas.cz\/wp-content\/uploads\/2024\/05\/ml0-seq-coded-980x693.png 980w, https:\/\/www.ig.cas.cz\/wp-content\/uploads\/2024\/05\/ml0-seq-coded-480x339.png 480w\" sizes=\"(min-width: 0px) and (max-width: 480px) 480px, (min-width: 481px) and (max-width: 980px) 980px, (min-width: 981px) 1024px, 100vw\" \/><p id=\"caption-attachment-38499\" class=\"wp-caption-text\">All epicenters with magnitude above ML=0, color coded by sequential number<\/p><\/div><div id=\"attachment_38503\" style=\"width: 1034px\" class=\"wp-caption alignnone\"><img loading=\"lazy\" decoding=\"async\" aria-describedby=\"caption-attachment-38503\" class=\"wp-image-38503 size-large\" src=\"https:\/\/www.ig.cas.cz\/wp-content\/uploads\/2024\/05\/ml0-year-coded-1024x724.png\" alt=\"\" width=\"1024\" height=\"724\" srcset=\"https:\/\/www.ig.cas.cz\/wp-content\/uploads\/2024\/05\/ml0-year-coded-980x693.png 980w, https:\/\/www.ig.cas.cz\/wp-content\/uploads\/2024\/05\/ml0-year-coded-480x339.png 480w\" sizes=\"(min-width: 0px) and (max-width: 480px) 480px, (min-width: 481px) and (max-width: 980px) 980px, (min-width: 981px) 1024px, 100vw\" \/><p id=\"caption-attachment-38503\" class=\"wp-caption-text\">All epicenters with magnitude above ML=0, color coded by year<\/p><\/div><div id=\"attachment_38495\" style=\"width: 1034px\" class=\"wp-caption alignnone\"><img loading=\"lazy\" decoding=\"async\" aria-describedby=\"caption-attachment-38495\" class=\"wp-image-38495 size-large\" src=\"https:\/\/www.ig.cas.cz\/wp-content\/uploads\/2024\/05\/ml0-depth-coded-1024x724.png\" alt=\"\" width=\"1024\" height=\"724\" srcset=\"https:\/\/www.ig.cas.cz\/wp-content\/uploads\/2024\/05\/ml0-depth-coded-980x693.png 980w, https:\/\/www.ig.cas.cz\/wp-content\/uploads\/2024\/05\/ml0-depth-coded-480x339.png 480w\" sizes=\"(min-width: 0px) and (max-width: 480px) 480px, (min-width: 481px) and (max-width: 980px) 980px, (min-width: 981px) 1024px, 100vw\" \/><p id=\"caption-attachment-38495\" class=\"wp-caption-text\">All epicenters with magnitude above ML=0, color coded by depth<\/p><\/div><div id=\"attachment_38491\" style=\"width: 1034px\" class=\"wp-caption alignnone\"><img loading=\"lazy\" decoding=\"async\" aria-describedby=\"caption-attachment-38491\" class=\"wp-image-38491 size-large\" src=\"https:\/\/www.ig.cas.cz\/wp-content\/uploads\/2024\/05\/ml0-1024x724.png\" alt=\"\" width=\"1024\" height=\"724\" srcset=\"https:\/\/www.ig.cas.cz\/wp-content\/uploads\/2024\/05\/ml0-980x693.png 980w, https:\/\/www.ig.cas.cz\/wp-content\/uploads\/2024\/05\/ml0-480x339.png 480w\" sizes=\"(min-width: 0px) and (max-width: 480px) 480px, (min-width: 481px) and (max-width: 980px) 980px, (min-width: 981px) 1024px, 100vw\" \/><p id=\"caption-attachment-38491\" class=\"wp-caption-text\">All epicenters with magnitude above ML=0, size scaled by magnitude<\/p><\/div><div id=\"attachment_38511\" style=\"width: 1034px\" class=\"wp-caption alignnone\"><img loading=\"lazy\" decoding=\"async\" aria-describedby=\"caption-attachment-38511\" class=\"wp-image-38511 size-large\" src=\"https:\/\/www.ig.cas.cz\/wp-content\/uploads\/2024\/05\/ml1-1024x724.png\" alt=\"\" width=\"1024\" height=\"724\" srcset=\"https:\/\/www.ig.cas.cz\/wp-content\/uploads\/2024\/05\/ml1-980x693.png 980w, https:\/\/www.ig.cas.cz\/wp-content\/uploads\/2024\/05\/ml1-480x339.png 480w\" sizes=\"(min-width: 0px) and (max-width: 480px) 480px, (min-width: 481px) and (max-width: 980px) 980px, (min-width: 981px) 1024px, 100vw\" \/><p id=\"caption-attachment-38511\" class=\"wp-caption-text\">All epicenters with magnitude above ML=1, size scaled by magnitude<\/p><\/div><div id=\"attachment_38519\" style=\"width: 1034px\" class=\"wp-caption alignnone\"><img loading=\"lazy\" decoding=\"async\" aria-describedby=\"caption-attachment-38519\" class=\"wp-image-38519 size-large\" src=\"https:\/\/www.ig.cas.cz\/wp-content\/uploads\/2024\/05\/ml2-1024x724.png\" alt=\"\" width=\"1024\" height=\"724\" srcset=\"https:\/\/www.ig.cas.cz\/wp-content\/uploads\/2024\/05\/ml2-980x693.png 980w, https:\/\/www.ig.cas.cz\/wp-content\/uploads\/2024\/05\/ml2-480x339.png 480w\" sizes=\"(min-width: 0px) and (max-width: 480px) 480px, (min-width: 481px) and (max-width: 980px) 980px, (min-width: 981px) 1024px, 100vw\" \/><p id=\"caption-attachment-38519\" class=\"wp-caption-text\">All epicenters with magnitude above ML=2, size scaled by magnitude<\/p><\/div><div id=\"attachment_38535\" style=\"width: 1034px\" class=\"wp-caption alignnone\"><img loading=\"lazy\" decoding=\"async\" aria-describedby=\"caption-attachment-38535\" class=\"wp-image-38535 size-large\" src=\"https:\/\/www.ig.cas.cz\/wp-content\/uploads\/2024\/05\/ml3-1024x724.png\" alt=\"\" width=\"1024\" height=\"724\" srcset=\"https:\/\/www.ig.cas.cz\/wp-content\/uploads\/2024\/05\/ml3-980x693.png 980w, https:\/\/www.ig.cas.cz\/wp-content\/uploads\/2024\/05\/ml3-480x339.png 480w\" sizes=\"(min-width: 0px) and (max-width: 480px) 480px, (min-width: 481px) and (max-width: 980px) 980px, (min-width: 981px) 1024px, 100vw\" \/><p id=\"caption-attachment-38535\" class=\"wp-caption-text\">All epicenters with magnitude above ML=3, size scaled by magnitude<\/p><\/div><\/p>\n<h2>2. Open access database of earthquakes<\/h2>\n<h3>Short description:<\/h3>\n<p>All events automatically located by RAPL software for the whole 2013-2023 period are available to search, filter and download through <a href=\"http:\/\/seis.vm.cesnet.cz\/phpmyadmin\">phpMyAdmin web UI<\/a>. Also a&nbsp;set of published moment tensors can be accessed there. More freely available earthquake data produced during NASPMON project will be published there later. The database is called naspmon and a&nbsp;user called naspmon without a&nbsp;password can be used to access the data.<\/p>\n<h3>Table description:<\/h3>\n<ul>\n<li>events_rapl &#8211; automatically retrieved event locations based on automatic detection and location using RAPL software in the period of September 2013- December 2023 with magnitude above ML&gt;0.<\/li>\n<li>moment_tensors &#8211; moment tensor catalog of events from the 2017 earthquake swarm in Fagradalsfjall (as published in Hrubcov\u00e1, P., Vavry\u010duk, V., 2023. Tectonic stress changes related to plate spreading prior to the 2021<br \/>Fagradalsfjall eruption in SW Iceland, Tectonophysics, <a href=\"https:\/\/doi.org\/10.1016\/j.tecto.2023.229761\">https:\/\/doi.org\/10.1016\/j.tecto.2023.229761<\/a>), see detailed column description <a href=\"\/wp-content\/uploads\/2024\/06\/MT_description_389_events.pdf\">here<\/a>.<\/li>\n<li>moment_tensors_best &#8211; moment tensor catalog of the most stable events from the 2017 earthquake swarm in Fagradalsfjall, see detailed column description <a href=\"\/wp-content\/uploads\/2024\/06\/MT_description_182_events.pdf\">here<\/a>.<\/li>\n<\/ul>\n<p>&nbsp;<\/p>\n<p>&nbsp;<\/p>\n<p>&nbsp;<\/p>\n<p>&nbsp;<\/p>\n<p>&nbsp;<\/p>\n<p>&nbsp;<\/p>\n<p>&nbsp;<\/p>\n<p>[\/et_pb_text][\/et_pb_column][et_pb_column type=&#8221;1_4&#8243; _builder_version=&#8221;4.16&#8243; _module_preset=&#8221;default&#8221; global_colors_info=&#8221;{}&#8221;][et_pb_image src=&#8221;https:\/\/www.ig.cas.cz\/wp-content\/uploads\/2021\/11\/eea_grants4x.png&#8221; title_text=&#8221;EEA Grants@4x&#8221; align=&#8221;center&#8221; _builder_version=&#8221;4.24.2&#8243; _module_preset=&#8221;default&#8221; width=&#8221;70%&#8221; global_colors_info=&#8221;{}&#8221;][\/et_pb_image][et_pb_image src=&#8221;https:\/\/www.ig.cas.cz\/wp-content\/uploads\/2021\/11\/logo_en_black-2.png&#8221; title_text=&#8221;Logo En Black 2&#8243; align=&#8221;center&#8221; _builder_version=&#8221;4.16&#8243; _module_preset=&#8221;default&#8221; width=&#8221;70%&#8221; global_colors_info=&#8221;{}&#8221;][\/et_pb_image][\/et_pb_column][\/et_pb_row][\/et_pb_section]<\/p>\n","protected":false},"excerpt":{"rendered":"<p>Working package WP4 of the NASPMON project 1. Maps of epicenters \u200bShort description: Maps of epicenters of earthquakes based on automatic detection and location using RAPL software in the period of September 2013- December 2023. The maps show the same dataset using different magnitude filtration from ML&gt;0 (~ 70k points) up to ML&gt;3 (~1k points) [&hellip;]<\/p>\n","protected":false},"author":9,"featured_media":14269,"parent":0,"menu_order":0,"comment_status":"closed","ping_status":"closed","template":"page-template-blank.php","meta":{"_et_pb_use_builder":"on","_et_pb_old_content":"","_et_gb_content_width":"","footnotes":""},"categories":[],"tags":[126],"class_list":["post-38467","page","type-page","status-publish","has-post-thumbnail","hentry","tag-projects-grants"],"yoast_head":"<!-- This site is optimized with the Yoast SEO plugin v25.9 - https:\/\/yoast.com\/wordpress\/plugins\/seo\/ -->\n<title>NASPMON - WP4 results - Geofyzik\u00e1ln\u00ed \u00fastav Akademie v\u011bd \u010cR, v.v.i.<\/title>\n<meta name=\"robots\" content=\"index, follow, max-snippet:-1, max-image-preview:large, max-video-preview:-1\" \/>\n<link rel=\"canonical\" href=\"https:\/\/www.ig.cas.cz\/en\/naspmon-wp4-results\/\" \/>\n<meta property=\"og:locale\" content=\"en_US\" \/>\n<meta property=\"og:type\" content=\"article\" \/>\n<meta property=\"og:title\" content=\"NASPMON - WP4 results - Geofyzik\u00e1ln\u00ed \u00fastav Akademie v\u011bd \u010cR, v.v.i.\" \/>\n<meta property=\"og:description\" content=\"Working package WP4 of the NASPMON project 1. Maps of epicenters \u200bShort description: Maps of epicenters of earthquakes based on automatic detection and location using RAPL software in the period of September 2013- December 2023. The maps show the same dataset using different magnitude filtration from ML&gt;0 (~ 70k points) up to ML&gt;3 (~1k points) [&hellip;]\" \/>\n<meta property=\"og:url\" content=\"https:\/\/www.ig.cas.cz\/en\/naspmon-wp4-results\/\" \/>\n<meta property=\"og:site_name\" content=\"Dom\u016f\" \/>\n<meta property=\"article:publisher\" content=\"https:\/\/www.facebook.com\/GFUAVCR\/\" \/>\n<meta property=\"article:modified_time\" content=\"2024-06-22T12:45:44+00:00\" \/>\n<meta property=\"og:image\" content=\"https:\/\/www.ig.cas.cz\/wp-content\/uploads\/2018\/01\/iceland_header.jpg\" \/>\n\t<meta property=\"og:image:width\" content=\"2500\" \/>\n\t<meta property=\"og:image:height\" content=\"259\" \/>\n\t<meta property=\"og:image:type\" content=\"image\/jpeg\" \/>\n<meta name=\"twitter:card\" content=\"summary_large_image\" \/>\n<meta name=\"twitter:label1\" content=\"Est. reading time\" \/>\n\t<meta name=\"twitter:data1\" content=\"5 minutes\" \/>\n<script type=\"application\/ld+json\" class=\"yoast-schema-graph\">{\"@context\":\"https:\/\/schema.org\",\"@graph\":[{\"@type\":\"WebPage\",\"@id\":\"https:\/\/www.ig.cas.cz\/en\/naspmon-wp4-results\/\",\"url\":\"https:\/\/www.ig.cas.cz\/en\/naspmon-wp4-results\/\",\"name\":\"NASPMON - WP4 results - Geofyzik\u00e1ln\u00ed \u00fastav Akademie v\u011bd \u010cR, v.v.i.\",\"isPartOf\":{\"@id\":\"https:\/\/www.ig.cas.cz\/#website\"},\"primaryImageOfPage\":{\"@id\":\"https:\/\/www.ig.cas.cz\/en\/naspmon-wp4-results\/#primaryimage\"},\"image\":{\"@id\":\"https:\/\/www.ig.cas.cz\/en\/naspmon-wp4-results\/#primaryimage\"},\"thumbnailUrl\":\"https:\/\/www.ig.cas.cz\/wp-content\/uploads\/2018\/01\/iceland_header.jpg\",\"datePublished\":\"2024-06-06T11:54:09+00:00\",\"dateModified\":\"2024-06-22T12:45:44+00:00\",\"breadcrumb\":{\"@id\":\"https:\/\/www.ig.cas.cz\/en\/naspmon-wp4-results\/#breadcrumb\"},\"inLanguage\":\"en-US\",\"potentialAction\":[{\"@type\":\"ReadAction\",\"target\":[\"https:\/\/www.ig.cas.cz\/en\/naspmon-wp4-results\/\"]}]},{\"@type\":\"ImageObject\",\"inLanguage\":\"en-US\",\"@id\":\"https:\/\/www.ig.cas.cz\/en\/naspmon-wp4-results\/#primaryimage\",\"url\":\"https:\/\/www.ig.cas.cz\/wp-content\/uploads\/2018\/01\/iceland_header.jpg\",\"contentUrl\":\"https:\/\/www.ig.cas.cz\/wp-content\/uploads\/2018\/01\/iceland_header.jpg\",\"width\":2500,\"height\":259},{\"@type\":\"BreadcrumbList\",\"@id\":\"https:\/\/www.ig.cas.cz\/en\/naspmon-wp4-results\/#breadcrumb\",\"itemListElement\":[{\"@type\":\"ListItem\",\"position\":1,\"name\":\"Dom\u016f\",\"item\":\"https:\/\/www.ig.cas.cz\/en\/\"},{\"@type\":\"ListItem\",\"position\":2,\"name\":\"NASPMON &#8211; WP4 results\"}]},{\"@type\":\"WebSite\",\"@id\":\"https:\/\/www.ig.cas.cz\/#website\",\"url\":\"https:\/\/www.ig.cas.cz\/\",\"name\":\"Dom\u016f\",\"description\":\"Geofyzik\u00e1ln\u00ed \u00fastav Akademie v\u011bd \u010cR, v.v.i.\",\"potentialAction\":[{\"@type\":\"SearchAction\",\"target\":{\"@type\":\"EntryPoint\",\"urlTemplate\":\"https:\/\/www.ig.cas.cz\/?s={search_term_string}\"},\"query-input\":{\"@type\":\"PropertyValueSpecification\",\"valueRequired\":true,\"valueName\":\"search_term_string\"}}],\"inLanguage\":\"en-US\"}]}<\/script>\n<!-- \/ Yoast SEO plugin. -->","yoast_head_json":{"title":"NASPMON - WP4 results - Geofyzik\u00e1ln\u00ed \u00fastav Akademie v\u011bd \u010cR, v.v.i.","robots":{"index":"index","follow":"follow","max-snippet":"max-snippet:-1","max-image-preview":"max-image-preview:large","max-video-preview":"max-video-preview:-1"},"canonical":"https:\/\/www.ig.cas.cz\/en\/naspmon-wp4-results\/","og_locale":"en_US","og_type":"article","og_title":"NASPMON - WP4 results - Geofyzik\u00e1ln\u00ed \u00fastav Akademie v\u011bd \u010cR, v.v.i.","og_description":"Working package WP4 of the NASPMON project 1. Maps of epicenters \u200bShort description: Maps of epicenters of earthquakes based on automatic detection and location using RAPL software in the period of September 2013- December 2023. The maps show the same dataset using different magnitude filtration from ML&gt;0 (~ 70k points) up to ML&gt;3 (~1k points) [&hellip;]","og_url":"https:\/\/www.ig.cas.cz\/en\/naspmon-wp4-results\/","og_site_name":"Dom\u016f","article_publisher":"https:\/\/www.facebook.com\/GFUAVCR\/","article_modified_time":"2024-06-22T12:45:44+00:00","og_image":[{"width":2500,"height":259,"url":"https:\/\/www.ig.cas.cz\/wp-content\/uploads\/2018\/01\/iceland_header.jpg","type":"image\/jpeg"}],"twitter_card":"summary_large_image","twitter_misc":{"Est. reading time":"5 minutes"},"schema":{"@context":"https:\/\/schema.org","@graph":[{"@type":"WebPage","@id":"https:\/\/www.ig.cas.cz\/en\/naspmon-wp4-results\/","url":"https:\/\/www.ig.cas.cz\/en\/naspmon-wp4-results\/","name":"NASPMON - WP4 results - Geofyzik\u00e1ln\u00ed \u00fastav Akademie v\u011bd \u010cR, v.v.i.","isPartOf":{"@id":"https:\/\/www.ig.cas.cz\/#website"},"primaryImageOfPage":{"@id":"https:\/\/www.ig.cas.cz\/en\/naspmon-wp4-results\/#primaryimage"},"image":{"@id":"https:\/\/www.ig.cas.cz\/en\/naspmon-wp4-results\/#primaryimage"},"thumbnailUrl":"https:\/\/www.ig.cas.cz\/wp-content\/uploads\/2018\/01\/iceland_header.jpg","datePublished":"2024-06-06T11:54:09+00:00","dateModified":"2024-06-22T12:45:44+00:00","breadcrumb":{"@id":"https:\/\/www.ig.cas.cz\/en\/naspmon-wp4-results\/#breadcrumb"},"inLanguage":"en-US","potentialAction":[{"@type":"ReadAction","target":["https:\/\/www.ig.cas.cz\/en\/naspmon-wp4-results\/"]}]},{"@type":"ImageObject","inLanguage":"en-US","@id":"https:\/\/www.ig.cas.cz\/en\/naspmon-wp4-results\/#primaryimage","url":"https:\/\/www.ig.cas.cz\/wp-content\/uploads\/2018\/01\/iceland_header.jpg","contentUrl":"https:\/\/www.ig.cas.cz\/wp-content\/uploads\/2018\/01\/iceland_header.jpg","width":2500,"height":259},{"@type":"BreadcrumbList","@id":"https:\/\/www.ig.cas.cz\/en\/naspmon-wp4-results\/#breadcrumb","itemListElement":[{"@type":"ListItem","position":1,"name":"Dom\u016f","item":"https:\/\/www.ig.cas.cz\/en\/"},{"@type":"ListItem","position":2,"name":"NASPMON &#8211; WP4 results"}]},{"@type":"WebSite","@id":"https:\/\/www.ig.cas.cz\/#website","url":"https:\/\/www.ig.cas.cz\/","name":"Dom\u016f","description":"Geofyzik\u00e1ln\u00ed \u00fastav Akademie v\u011bd \u010cR, v.v.i.","potentialAction":[{"@type":"SearchAction","target":{"@type":"EntryPoint","urlTemplate":"https:\/\/www.ig.cas.cz\/?s={search_term_string}"},"query-input":{"@type":"PropertyValueSpecification","valueRequired":true,"valueName":"search_term_string"}}],"inLanguage":"en-US"}]}},"_links":{"self":[{"href":"https:\/\/www.ig.cas.cz\/en\/wp-json\/wp\/v2\/pages\/38467","targetHints":{"allow":["GET"]}}],"collection":[{"href":"https:\/\/www.ig.cas.cz\/en\/wp-json\/wp\/v2\/pages"}],"about":[{"href":"https:\/\/www.ig.cas.cz\/en\/wp-json\/wp\/v2\/types\/page"}],"author":[{"embeddable":true,"href":"https:\/\/www.ig.cas.cz\/en\/wp-json\/wp\/v2\/users\/9"}],"replies":[{"embeddable":true,"href":"https:\/\/www.ig.cas.cz\/en\/wp-json\/wp\/v2\/comments?post=38467"}],"version-history":[{"count":4,"href":"https:\/\/www.ig.cas.cz\/en\/wp-json\/wp\/v2\/pages\/38467\/revisions"}],"predecessor-version":[{"id":39075,"href":"https:\/\/www.ig.cas.cz\/en\/wp-json\/wp\/v2\/pages\/38467\/revisions\/39075"}],"wp:featuredmedia":[{"embeddable":true,"href":"https:\/\/www.ig.cas.cz\/en\/wp-json\/wp\/v2\/media\/14269"}],"wp:attachment":[{"href":"https:\/\/www.ig.cas.cz\/en\/wp-json\/wp\/v2\/media?parent=38467"}],"wp:term":[{"taxonomy":"category","embeddable":true,"href":"https:\/\/www.ig.cas.cz\/en\/wp-json\/wp\/v2\/categories?post=38467"},{"taxonomy":"post_tag","embeddable":true,"href":"https:\/\/www.ig.cas.cz\/en\/wp-json\/wp\/v2\/tags?post=38467"}],"curies":[{"name":"wp","href":"https:\/\/api.w.org\/{rel}","templated":true}]}}