{"id":40121,"date":"2024-12-10T12:03:28","date_gmt":"2024-12-10T11:03:28","guid":{"rendered":"https:\/\/www.ig.cas.cz\/?page_id=40121"},"modified":"2024-12-10T12:03:38","modified_gmt":"2024-12-10T11:03:38","slug":"phd-position-focusing-on-effusive-cryovolcanic-activity","status":"publish","type":"page","link":"https:\/\/www.ig.cas.cz\/en\/about\/open-positions\/phd-position-focusing-on-effusive-cryovolcanic-activity\/","title":{"rendered":"PhD position focusing on effusive cryovolcanic activity"},"content":{"rendered":"<p>[et_pb_section fb_built=&#8221;1&#8243; _builder_version=&#8221;4.16&#8243; global_colors_info=&#8221;{}&#8221;][et_pb_row _builder_version=&#8221;4.16&#8243; background_size=&#8221;initial&#8221; background_position=&#8221;top_left&#8221; background_repeat=&#8221;repeat&#8221; global_colors_info=&#8221;{}&#8221;][et_pb_column type=&#8221;4_4&#8243; _builder_version=&#8221;4.16&#8243; custom_padding=&#8221;|||&#8221; global_colors_info=&#8221;{}&#8221; custom_padding__hover=&#8221;|||&#8221;][et_pb_text _builder_version=&#8221;4.24.2&#8243; background_size=&#8221;initial&#8221; background_position=&#8221;top_left&#8221; background_repeat=&#8221;repeat&#8221; hover_enabled=&#8221;0&#8243; global_colors_info=&#8221;{}&#8221; sticky_enabled=&#8221;0&#8243;]<\/p>\n<p><span style=\"font-weight: 400;\">The Institute of Geophysics of the Czech Academy of Sciences (IG CAS) in Prague is inviting applications for <strong>one fully-funded, full-time Ph.D. position lasting three years<\/strong>. The successful candidate will engage in innovative <strong>research exploring water instability under reduced atmospheric pressure using both the methods of analogue and numerical modelling<\/strong>.<\/span><\/p>\n<p><span style=\"font-weight: 400;\">The PhD project aims to improve our understanding of the process of effusive cryovolcanism by studying the double phase transition of water in vacuum-like and Mars-like pressure environments. In particular, the research will focus on understanding how boiling water affects the freezing of its surface, what the structure of the ice will look like and what role salts and changes in flow regime will play in the process of freezing. To find the answers, the applicant will carry out three experimental campaigns in a&nbsp;low-pressure chamber located at the Open University in the UK under the supervision of<\/span><a href=\"https:\/\/www.ig.cas.cz\/en\/contact\/staff\/petr-broz\/\"> <span style=\"font-weight: 400;\">Dr. Petr Bro\u017e<\/span><\/a><span style=\"font-weight: 400;\">, but will also participate in the development of a&nbsp;numerical model capable of explaining the observed behaviour under the supervision of<\/span><a href=\"https:\/\/geo.mff.cuni.cz\/~patocka\/\"> <span style=\"font-weight: 400;\">Dr. Vojt\u011bch Pato\u010dka<\/span><\/a><span style=\"font-weight: 400;\">.<\/span><\/p>\n<p><span style=\"font-weight: 400;\">We invite applications from motivated individuals who wish to achieve breakthrough results in the field of effusive cryovolcanism in conjunction with analog and numerical modelling. This project is co-supervised by<\/span><a href=\"https:\/\/www.ig.cas.cz\/en\/contact\/staff\/petr-broz\/\"> <span style=\"font-weight: 400;\">Dr. Petr Bro\u017e<\/span><\/a><span style=\"font-weight: 400;\"> and Dr. Vojt\u011bch Pato\u010dka. For informal academic queries as well as enquiries relating to eligibility or application process contact petr.broz@ig.cas.cz.<\/span><\/p>\n<p><span style=\"font-weight: 400;\">We expect that the selected candidate will be responsible for co-conducting experiments, data analysis, numerical modelling, and preparation of publications, active participation in international conferences and in popularization of the acquired knowledge.<\/span><\/p>\n<p><span style=\"font-weight: 400;\">Since in the Czech Republic the institutes of the Academy of Sciences cannot award doctoral degrees, we assume that the successful candidate will enroll for doctoral studies at the Faculty of Mathematics and Physics of Charles University.<\/span><\/p>\n<p><b>Eligibility Requirements:<\/b><\/p>\n<ul>\n<li><span style=\"font-weight: 400;\"> \u00a0 \u00a0 \u00a0 <\/span><span style=\"font-weight: 400;\">English at least at B2 level<\/span><\/li>\n<li><span style=\"font-weight: 400;\"> \u00a0 \u00a0 \u00a0 <\/span><span style=\"font-weight: 400;\">Master in geosciences or planetary sciences or physics<\/span><\/li>\n<li><span style=\"font-weight: 400;\"> \u00a0 \u00a0 \u00a0 <\/span><span style=\"font-weight: 400;\">Programming skills\u00a0 are an advantage<\/span><\/li>\n<li><span style=\"font-weight: 400;\"> \u00a0 \u00a0 \u00a0 <\/span><span style=\"font-weight: 400;\">Applicants cannot apply if they are already a&nbsp;PhD holder or if currently engaged in Doctoral study elsewhere<\/span><\/li>\n<li><span style=\"font-weight: 400;\"> \u00a0 \u00a0 \u00a0 <\/span><span style=\"font-weight: 400;\">Must be able to commit to campus-based full-time or part-time study<\/span><\/li>\n<\/ul>\n<p><b>Funding Notes<\/b><\/p>\n<p><span style=\"font-weight: 400;\">This is one full-time equivalent (1.0 FTE) for three years with a&nbsp;minimum guaranteed annual income as follows. The first year ~13,400 Euro, the second year ~14,100 Euro and the third year ~14,750 Euro. In addition to that, a&nbsp;monthly stipend of 440 Euro will be paid by the Faculty of Mathematics and Physics of Charles University if the candidate is enrolled in a&nbsp;regular doctoral program. Depending on the candidate&#8217;s&nbsp;level of involvement in the day-to-day running of the Institute, it is possible to receive annual financial bonuses of between one and two monthly salaries.<\/span><\/p>\n<p><b>Application procedure<\/b><\/p>\n<p><span style=\"font-weight: 400;\">The positions remain open until filled; evaluation of applications will begin on 4 January 2025, CET.<\/span><\/p>\n<p><span style=\"font-weight: 400;\">Expected starting date of contract is February 1, 2025, but can be adjusted individually. We encourage applicants with current commitments, who are interested in joining us later, to communicate with us. An applicant is expected to send a&nbsp;short motivation letter, CV, and if appropriate a&nbsp;list of publications and name of one professional from relevant academic or industry field from whom reference letter can be requested.\u00a0<\/span><\/p>\n<p><span style=\"font-weight: 400;\">Send these documents to petr.broz@ig.cas.cz. Please include \u201cCryovolcanism PhD + your name\u201d in the email Subject.<\/span><\/p>\n<p><b>About us<\/b><\/p>\n<p><span style=\"font-weight: 400;\">The Institute of Geophysics is a&nbsp;public research institution focusing on fundamental research, strong in acquisition of observational data and involved in applied research in collaboration with industry partners. The institute currently employs about 50 researchers. The formal communication language within the institute is English. The institute is located in a&nbsp;research campus shared with two other institutes, in a&nbsp;green residential area of southeastern Prague, comfortably connected to the city center by public transport (15 minutes by underground). Prague, the capital of the Czech Republic, ranks among the 20 largest cities of the European Union and is an attractive travel destination.<\/span><\/p>\n<p>[\/et_pb_text][\/et_pb_column][\/et_pb_row][\/et_pb_section]<\/p>\n","protected":false},"excerpt":{"rendered":"<p>The Institute of Geophysics of the Czech Academy of Sciences (IG CAS) in Prague is inviting applications for one fully-funded, full-time Ph.D. position lasting three years. The successful candidate will engage in innovative research exploring water instability under reduced atmospheric pressure using both the methods of analogue and numerical modelling. The PhD project aims to [&hellip;]<\/p>\n","protected":false},"author":28,"featured_media":14269,"parent":422,"menu_order":0,"comment_status":"closed","ping_status":"closed","template":"","meta":{"_et_pb_use_builder":"on","_et_pb_old_content":"<p><span style=\"font-weight: 400;\">The Institute of Geophysics of the Czech Academy of Sciences (IG CAS) in Prague is inviting applications for <strong>one fully-funded, full-time Ph.D. position lasting three years<\/strong>. The successful candidate will engage in innovative <strong>research exploring water instability under reduced atmospheric pressure using both the methods of analogue and numerical modelling<\/strong>.<\/span><\/p><p><span style=\"font-weight: 400;\">The PhD project aims to improve our understanding of the process of effusive cryovolcanism by studying the double phase transition of water in vacuum-like and Mars-like pressure environments. In particular, the research will focus on understanding how boiling water affects the freezing of its surface, what the structure of the ice will look like and what role salts and changes in flow regime will play in the process of freezing. To find the answers, the applicant will carry out three experimental campaigns in a low-pressure chamber located at the Open University in the UK under the supervision of<\/span><a href=\"https:\/\/www.ig.cas.cz\/en\/contact\/staff\/petr-broz\/\"> <span style=\"font-weight: 400;\">Dr. Petr Bro\u017e<\/span><\/a><span style=\"font-weight: 400;\">, but will also participate in the development of a numerical model capable of explaining the observed behaviour under the supervision of<\/span><a href=\"https:\/\/geo.mff.cuni.cz\/~patocka\/\"> <span style=\"font-weight: 400;\">Dr. Vojt\u011bch Pato\u010dka<\/span><\/a><span style=\"font-weight: 400;\">.<\/span><\/p><p><span style=\"font-weight: 400;\">We invite applications from motivated individuals who wish to achieve breakthrough results in the field of effusive cryovolcanism in conjunction with analog and numerical modelling. This project is co-supervised by<\/span><a href=\"https:\/\/www.ig.cas.cz\/en\/contact\/staff\/petr-broz\/\"> <span style=\"font-weight: 400;\">Dr. Petr Bro\u017e<\/span><\/a><span style=\"font-weight: 400;\"> and Dr. Vojt\u011bch Pato\u010dka. For informal academic queries as well as enquiries relating to eligibility or application process contact petr.broz@ig.cas.cz.<\/span><\/p><p><span style=\"font-weight: 400;\">We expect that the selected candidate will be responsible for co-conducting experiments, data analysis, numerical modelling, and preparation of publications, active participation in international conferences and in popularization of the acquired knowledge.<\/span><\/p><p><span style=\"font-weight: 400;\">Since in the Czech Republic the institutes of the Academy of Sciences cannot award doctoral degrees, we assume that the successful candidate will enroll for doctoral studies at the Faculty of Mathematics and Physics of Charles University.<\/span><\/p><p><b>Eligibility Requirements:<\/b><\/p><ul><li><span style=\"font-weight: 400;\"> \u00a0 \u00a0 \u00a0 <\/span><span style=\"font-weight: 400;\">English at least at B2 level<\/span><\/li><li><span style=\"font-weight: 400;\"> \u00a0 \u00a0 \u00a0 <\/span><span style=\"font-weight: 400;\">Master in geosciences or planetary sciences or physics<\/span><\/li><li><span style=\"font-weight: 400;\"> \u00a0 \u00a0 \u00a0 <\/span><span style=\"font-weight: 400;\">Programming skills\u00a0 are an advantage<\/span><\/li><li><span style=\"font-weight: 400;\"> \u00a0 \u00a0 \u00a0 <\/span><span style=\"font-weight: 400;\">Applicants cannot apply if they are already a PhD holder or if currently engaged in Doctoral study elsewhere<\/span><\/li><li><span style=\"font-weight: 400;\"> \u00a0 \u00a0 \u00a0 <\/span><span style=\"font-weight: 400;\">Must be able to commit to campus-based full-time or part-time study<\/span><\/li><\/ul><p><b>Funding Notes<\/b><\/p><p><span style=\"font-weight: 400;\">This is one full-time equivalent (1.0 FTE) for three years with a minimum guaranteed annual income as follows. The first year ~13,400 Euro, the second year ~14,100 Euro and the third year ~14,750 Euro. In addition to that, a monthly stipend of 440 Euro will be paid by the Faculty of Mathematics and Physics of Charles University if the candidate is enrolled in a regular doctoral program. Depending on the candidate's level of involvement in the day-to-day running of the Institute, it is possible to receive annual financial bonuses of between one and two monthly salaries.<\/span><\/p><p><b>Application procedure<\/b><\/p><p><span style=\"font-weight: 400;\">The positions remain open until filled; evaluation of applications will begin on 4 January 2025, CET.<\/span><\/p><p><span style=\"font-weight: 400;\">Expected starting date of contract is February 1, 2025, but can be adjusted individually. We encourage applicants with current commitments, who are interested in joining us later, to communicate with us. An applicant is expected to send a short motivation letter, CV, and if appropriate a list of publications and name of one professional from relevant academic or industry field from whom reference letter can be requested.\u00a0<\/span><\/p><p><span style=\"font-weight: 400;\">Send these documents to petr.broz@ig.cas.cz. Please include \u201cCryovolcanism PhD + your name\u201d in the email Subject.<\/span><\/p><p><b>About us<\/b><\/p><p><span style=\"font-weight: 400;\">The Institute of Geophysics is a public research institution focusing on fundamental research, strong in acquisition of observational data and involved in applied research in collaboration with industry partners. The institute currently employs about 50 researchers. The formal communication language within the institute is English. The institute is located in a research campus shared with two other institutes, in a green residential area of southeastern Prague, comfortably connected to the city center by public transport (15 minutes by underground). Prague, the capital of the Czech Republic, ranks among the 20 largest cities of the European Union and is an attractive travel destination.<\/span><\/p>","_et_gb_content_width":"","footnotes":""},"categories":[],"tags":[],"class_list":["post-40121","page","type-page","status-publish","has-post-thumbnail","hentry"],"yoast_head":"<!-- This site is optimized with the Yoast SEO plugin v25.9 - https:\/\/yoast.com\/wordpress\/plugins\/seo\/ -->\n<title>PhD position focusing on effusive cryovolcanic activity - Geofyzik\u00e1ln\u00ed \u00fastav Akademie v\u011bd \u010cR, v.v.i.<\/title>\n<meta name=\"robots\" content=\"index, follow, max-snippet:-1, max-image-preview:large, max-video-preview:-1\" \/>\n<link rel=\"canonical\" href=\"https:\/\/www.ig.cas.cz\/en\/about\/open-positions\/phd-position-focusing-on-effusive-cryovolcanic-activity\/\" \/>\n<meta property=\"og:locale\" content=\"en_US\" \/>\n<meta property=\"og:type\" content=\"article\" \/>\n<meta property=\"og:title\" content=\"PhD position focusing on effusive cryovolcanic activity - Geofyzik\u00e1ln\u00ed \u00fastav Akademie v\u011bd \u010cR, v.v.i.\" \/>\n<meta property=\"og:description\" content=\"The Institute of Geophysics of the Czech Academy of Sciences (IG CAS) in Prague is inviting applications for one fully-funded, full-time Ph.D. position lasting three years. The successful candidate will engage in innovative research exploring water instability under reduced atmospheric pressure using both the methods of analogue and numerical modelling. The PhD project aims to [&hellip;]\" \/>\n<meta property=\"og:url\" content=\"https:\/\/www.ig.cas.cz\/en\/about\/open-positions\/phd-position-focusing-on-effusive-cryovolcanic-activity\/\" \/>\n<meta property=\"og:site_name\" content=\"Dom\u016f\" \/>\n<meta property=\"article:publisher\" content=\"https:\/\/www.facebook.com\/GFUAVCR\/\" \/>\n<meta property=\"article:modified_time\" content=\"2024-12-10T11:03:38+00:00\" \/>\n<meta property=\"og:image\" content=\"https:\/\/www.ig.cas.cz\/wp-content\/uploads\/2018\/01\/iceland_header.jpg\" \/>\n\t<meta property=\"og:image:width\" content=\"2500\" \/>\n\t<meta property=\"og:image:height\" content=\"259\" \/>\n\t<meta property=\"og:image:type\" content=\"image\/jpeg\" \/>\n<meta name=\"twitter:card\" content=\"summary_large_image\" \/>\n<meta name=\"twitter:label1\" content=\"Est. reading time\" \/>\n\t<meta name=\"twitter:data1\" content=\"4 minutes\" \/>\n<script type=\"application\/ld+json\" class=\"yoast-schema-graph\">{\"@context\":\"https:\/\/schema.org\",\"@graph\":[{\"@type\":\"WebPage\",\"@id\":\"https:\/\/www.ig.cas.cz\/en\/about\/open-positions\/phd-position-focusing-on-effusive-cryovolcanic-activity\/\",\"url\":\"https:\/\/www.ig.cas.cz\/en\/about\/open-positions\/phd-position-focusing-on-effusive-cryovolcanic-activity\/\",\"name\":\"PhD position focusing on effusive cryovolcanic activity - Geofyzik\u00e1ln\u00ed \u00fastav Akademie v\u011bd \u010cR, v.v.i.\",\"isPartOf\":{\"@id\":\"https:\/\/www.ig.cas.cz\/#website\"},\"primaryImageOfPage\":{\"@id\":\"https:\/\/www.ig.cas.cz\/en\/about\/open-positions\/phd-position-focusing-on-effusive-cryovolcanic-activity\/#primaryimage\"},\"image\":{\"@id\":\"https:\/\/www.ig.cas.cz\/en\/about\/open-positions\/phd-position-focusing-on-effusive-cryovolcanic-activity\/#primaryimage\"},\"thumbnailUrl\":\"https:\/\/www.ig.cas.cz\/wp-content\/uploads\/2018\/01\/iceland_header.jpg\",\"datePublished\":\"2024-12-10T11:03:28+00:00\",\"dateModified\":\"2024-12-10T11:03:38+00:00\",\"breadcrumb\":{\"@id\":\"https:\/\/www.ig.cas.cz\/en\/about\/open-positions\/phd-position-focusing-on-effusive-cryovolcanic-activity\/#breadcrumb\"},\"inLanguage\":\"en-US\",\"potentialAction\":[{\"@type\":\"ReadAction\",\"target\":[\"https:\/\/www.ig.cas.cz\/en\/about\/open-positions\/phd-position-focusing-on-effusive-cryovolcanic-activity\/\"]}]},{\"@type\":\"ImageObject\",\"inLanguage\":\"en-US\",\"@id\":\"https:\/\/www.ig.cas.cz\/en\/about\/open-positions\/phd-position-focusing-on-effusive-cryovolcanic-activity\/#primaryimage\",\"url\":\"https:\/\/www.ig.cas.cz\/wp-content\/uploads\/2018\/01\/iceland_header.jpg\",\"contentUrl\":\"https:\/\/www.ig.cas.cz\/wp-content\/uploads\/2018\/01\/iceland_header.jpg\",\"width\":2500,\"height\":259},{\"@type\":\"BreadcrumbList\",\"@id\":\"https:\/\/www.ig.cas.cz\/en\/about\/open-positions\/phd-position-focusing-on-effusive-cryovolcanic-activity\/#breadcrumb\",\"itemListElement\":[{\"@type\":\"ListItem\",\"position\":1,\"name\":\"Dom\u016f\",\"item\":\"https:\/\/www.ig.cas.cz\/en\/\"},{\"@type\":\"ListItem\",\"position\":2,\"name\":\"About\",\"item\":\"https:\/\/www.ig.cas.cz\/en\/about\/\"},{\"@type\":\"ListItem\",\"position\":3,\"name\":\"Open positions\",\"item\":\"https:\/\/www.ig.cas.cz\/en\/about\/open-positions\/\"},{\"@type\":\"ListItem\",\"position\":4,\"name\":\"PhD position focusing on effusive cryovolcanic activity\"}]},{\"@type\":\"WebSite\",\"@id\":\"https:\/\/www.ig.cas.cz\/#website\",\"url\":\"https:\/\/www.ig.cas.cz\/\",\"name\":\"Dom\u016f\",\"description\":\"Geofyzik\u00e1ln\u00ed \u00fastav Akademie v\u011bd \u010cR, v.v.i.\",\"potentialAction\":[{\"@type\":\"SearchAction\",\"target\":{\"@type\":\"EntryPoint\",\"urlTemplate\":\"https:\/\/www.ig.cas.cz\/?s={search_term_string}\"},\"query-input\":{\"@type\":\"PropertyValueSpecification\",\"valueRequired\":true,\"valueName\":\"search_term_string\"}}],\"inLanguage\":\"en-US\"}]}<\/script>\n<!-- \/ Yoast SEO plugin. -->","yoast_head_json":{"title":"PhD position focusing on effusive cryovolcanic activity - Geofyzik\u00e1ln\u00ed \u00fastav Akademie v\u011bd \u010cR, v.v.i.","robots":{"index":"index","follow":"follow","max-snippet":"max-snippet:-1","max-image-preview":"max-image-preview:large","max-video-preview":"max-video-preview:-1"},"canonical":"https:\/\/www.ig.cas.cz\/en\/about\/open-positions\/phd-position-focusing-on-effusive-cryovolcanic-activity\/","og_locale":"en_US","og_type":"article","og_title":"PhD position focusing on effusive cryovolcanic activity - Geofyzik\u00e1ln\u00ed \u00fastav Akademie v\u011bd \u010cR, v.v.i.","og_description":"The Institute of Geophysics of the Czech Academy of Sciences (IG CAS) in Prague is inviting applications for one fully-funded, full-time Ph.D. position lasting three years. The successful candidate will engage in innovative research exploring water instability under reduced atmospheric pressure using both the methods of analogue and numerical modelling. The PhD project aims to [&hellip;]","og_url":"https:\/\/www.ig.cas.cz\/en\/about\/open-positions\/phd-position-focusing-on-effusive-cryovolcanic-activity\/","og_site_name":"Dom\u016f","article_publisher":"https:\/\/www.facebook.com\/GFUAVCR\/","article_modified_time":"2024-12-10T11:03:38+00:00","og_image":[{"width":2500,"height":259,"url":"https:\/\/www.ig.cas.cz\/wp-content\/uploads\/2018\/01\/iceland_header.jpg","type":"image\/jpeg"}],"twitter_card":"summary_large_image","twitter_misc":{"Est. reading time":"4 minutes"},"schema":{"@context":"https:\/\/schema.org","@graph":[{"@type":"WebPage","@id":"https:\/\/www.ig.cas.cz\/en\/about\/open-positions\/phd-position-focusing-on-effusive-cryovolcanic-activity\/","url":"https:\/\/www.ig.cas.cz\/en\/about\/open-positions\/phd-position-focusing-on-effusive-cryovolcanic-activity\/","name":"PhD position focusing on effusive cryovolcanic activity - Geofyzik\u00e1ln\u00ed \u00fastav Akademie v\u011bd \u010cR, v.v.i.","isPartOf":{"@id":"https:\/\/www.ig.cas.cz\/#website"},"primaryImageOfPage":{"@id":"https:\/\/www.ig.cas.cz\/en\/about\/open-positions\/phd-position-focusing-on-effusive-cryovolcanic-activity\/#primaryimage"},"image":{"@id":"https:\/\/www.ig.cas.cz\/en\/about\/open-positions\/phd-position-focusing-on-effusive-cryovolcanic-activity\/#primaryimage"},"thumbnailUrl":"https:\/\/www.ig.cas.cz\/wp-content\/uploads\/2018\/01\/iceland_header.jpg","datePublished":"2024-12-10T11:03:28+00:00","dateModified":"2024-12-10T11:03:38+00:00","breadcrumb":{"@id":"https:\/\/www.ig.cas.cz\/en\/about\/open-positions\/phd-position-focusing-on-effusive-cryovolcanic-activity\/#breadcrumb"},"inLanguage":"en-US","potentialAction":[{"@type":"ReadAction","target":["https:\/\/www.ig.cas.cz\/en\/about\/open-positions\/phd-position-focusing-on-effusive-cryovolcanic-activity\/"]}]},{"@type":"ImageObject","inLanguage":"en-US","@id":"https:\/\/www.ig.cas.cz\/en\/about\/open-positions\/phd-position-focusing-on-effusive-cryovolcanic-activity\/#primaryimage","url":"https:\/\/www.ig.cas.cz\/wp-content\/uploads\/2018\/01\/iceland_header.jpg","contentUrl":"https:\/\/www.ig.cas.cz\/wp-content\/uploads\/2018\/01\/iceland_header.jpg","width":2500,"height":259},{"@type":"BreadcrumbList","@id":"https:\/\/www.ig.cas.cz\/en\/about\/open-positions\/phd-position-focusing-on-effusive-cryovolcanic-activity\/#breadcrumb","itemListElement":[{"@type":"ListItem","position":1,"name":"Dom\u016f","item":"https:\/\/www.ig.cas.cz\/en\/"},{"@type":"ListItem","position":2,"name":"About","item":"https:\/\/www.ig.cas.cz\/en\/about\/"},{"@type":"ListItem","position":3,"name":"Open positions","item":"https:\/\/www.ig.cas.cz\/en\/about\/open-positions\/"},{"@type":"ListItem","position":4,"name":"PhD position focusing on effusive cryovolcanic activity"}]},{"@type":"WebSite","@id":"https:\/\/www.ig.cas.cz\/#website","url":"https:\/\/www.ig.cas.cz\/","name":"Dom\u016f","description":"Geofyzik\u00e1ln\u00ed \u00fastav Akademie v\u011bd \u010cR, v.v.i.","potentialAction":[{"@type":"SearchAction","target":{"@type":"EntryPoint","urlTemplate":"https:\/\/www.ig.cas.cz\/?s={search_term_string}"},"query-input":{"@type":"PropertyValueSpecification","valueRequired":true,"valueName":"search_term_string"}}],"inLanguage":"en-US"}]}},"_links":{"self":[{"href":"https:\/\/www.ig.cas.cz\/en\/wp-json\/wp\/v2\/pages\/40121","targetHints":{"allow":["GET"]}}],"collection":[{"href":"https:\/\/www.ig.cas.cz\/en\/wp-json\/wp\/v2\/pages"}],"about":[{"href":"https:\/\/www.ig.cas.cz\/en\/wp-json\/wp\/v2\/types\/page"}],"author":[{"embeddable":true,"href":"https:\/\/www.ig.cas.cz\/en\/wp-json\/wp\/v2\/users\/28"}],"replies":[{"embeddable":true,"href":"https:\/\/www.ig.cas.cz\/en\/wp-json\/wp\/v2\/comments?post=40121"}],"version-history":[{"count":4,"href":"https:\/\/www.ig.cas.cz\/en\/wp-json\/wp\/v2\/pages\/40121\/revisions"}],"predecessor-version":[{"id":40126,"href":"https:\/\/www.ig.cas.cz\/en\/wp-json\/wp\/v2\/pages\/40121\/revisions\/40126"}],"up":[{"embeddable":true,"href":"https:\/\/www.ig.cas.cz\/en\/wp-json\/wp\/v2\/pages\/422"}],"wp:featuredmedia":[{"embeddable":true,"href":"https:\/\/www.ig.cas.cz\/en\/wp-json\/wp\/v2\/media\/14269"}],"wp:attachment":[{"href":"https:\/\/www.ig.cas.cz\/en\/wp-json\/wp\/v2\/media?parent=40121"}],"wp:term":[{"taxonomy":"category","embeddable":true,"href":"https:\/\/www.ig.cas.cz\/en\/wp-json\/wp\/v2\/categories?post=40121"},{"taxonomy":"post_tag","embeddable":true,"href":"https:\/\/www.ig.cas.cz\/en\/wp-json\/wp\/v2\/tags?post=40121"}],"curies":[{"name":"wp","href":"https:\/\/api.w.org\/{rel}","templated":true}]}}