{"id":402,"date":"2017-12-29T15:24:16","date_gmt":"2017-12-29T14:24:16","guid":{"rendered":"http:\/\/igcas.antstudio.eu\/?page_id=402"},"modified":"2023-01-18T12:32:29","modified_gmt":"2023-01-18T11:32:29","slug":"geomagnetic-observatory-budkov","status":"publish","type":"page","link":"https:\/\/www.ig.cas.cz\/en\/observatories\/geomagnetic-observatory-budkov\/","title":{"rendered":"Geomagnetic observatory Budkov"},"content":{"rendered":"<p>[et_pb_section fb_built=&#8221;1&#8243; _builder_version=&#8221;3.22&#8243; custom_padding=&#8221;0px|0px|0px|0px&#8221;][et_pb_row column_structure=&#8221;2_3,1_3&#8243; _builder_version=&#8221;3.25&#8243; background_size=&#8221;initial&#8221; background_position=&#8221;top_left&#8221; background_repeat=&#8221;repeat&#8221; custom_padding=&#8221;19px|0px|19px|0px&#8221;][et_pb_column type=&#8221;2_3&#8243; _builder_version=&#8221;3.25&#8243; custom_padding=&#8221;|||&#8221; custom_padding__hover=&#8221;|||&#8221;][et_pb_text _builder_version=&#8221;4.6.0&#8243; hover_enabled=&#8221;0&#8243; sticky_enabled=&#8221;0&#8243;]<\/p>\n<p>The National Geomagnetic Observatory is located near Budkov in southern Bohemia. Since 1996, the observatory fulfills the highest international standards and is a&nbsp;certified <a href=\"http:\/\/www.intermagnet.org\/\" target=\"_blank\" rel=\"noopener noreferrer\">INTERMAGNET<\/a> Observatory.<\/p>\n<p>Geomagnetic field changes are recorded using three-axis ferromagnetic sensor DMI, whose signal is sampled and stored instantly, enabling real-time acquisition of digital data. Observatory loggers are able to record magnetic field changes, even at second intervals with quantization step of 50 pT. Mobile magnetometer of Overhauser type (using Overhauser effect) is recording in second intervals with quantization step of 10 pT. Permanent measurements are completed every 10 days by absolute measurement of the geomagnetic field using CARL &#8211; ZEISS non &#8211; ferromagnetic theodolite, which is an extension of the BARTINGTON (D&amp;I&nbsp;Flux) ferromagnetic sensor. Detailed information about all (even backup) instruments are specified in yearbooks for the given period.<\/p>\n<p>High-quality digital <a href=\"https:\/\/imag-data.bgs.ac.uk\/GIN_V1\/GINForms2?observatoryIagaCode=BDV&amp;publicationState=Quasi-definitive&amp;samplesPerDay=minute&amp;submitValue=View&amp;request=DataView\"><strong>registration of the time course of the geomagnetic field<\/strong><\/a>, including the implementation of field measurements, is currently a&nbsp;necessary requirement for Earth magnetic field research. Traditional research thus changes into a&nbsp;modern way of obtaining data and becomes one of the pillars of<strong> predictions of geomagnetic activity<\/strong>. Data is delivered to the World Data Center in Boulder (USA) and one of the INTERMAGNET International Centers in Edinburgh (Scotland).<\/p>\n<p>[\/et_pb_text][\/et_pb_column][et_pb_column type=&#8221;1_3&#8243; _builder_version=&#8221;3.25&#8243; custom_padding=&#8221;|||&#8221; custom_padding__hover=&#8221;|||&#8221;][et_pb_image src=&#8221;https:\/\/www.ig.cas.cz\/wp-content\/uploads\/2018\/02\/00138_600.jpg&#8221; align=&#8221;center&#8221; align_tablet=&#8221;center&#8221; align_phone=&#8221;&#8221; align_last_edited=&#8221;on|desktop&#8221; _builder_version=&#8221;3.23&#8243;]&nbsp;<br \/>\n[\/et_pb_image][et_pb_text _builder_version=&#8221;4.6.0&#8243; _module_preset=&#8221;default&#8221;]<\/p>\n<p style=\"text-align: right;\"><strong>Contact<\/strong><br \/><a href=\"https:\/\/www.ig.cas.cz\/en\/contact\/staff\/pavel-hejda\/\">Pavel Hejda<\/a><br \/>Institute of Geophysics<br \/>ph@ig.cas.cz<br \/>+420\u00a0267\u00a0103\u00a0111<\/p>\n<p>&nbsp;<\/p>\n<p>[\/et_pb_text][\/et_pb_column][\/et_pb_row][\/et_pb_section]<\/p>\n","protected":false},"excerpt":{"rendered":"<p>The National Geomagnetic Observatory is located near Budkov in southern Bohemia. Since 1996, the observatory fulfills the highest international standards and is a&nbsp;certified INTERMAGNET Observatory. Geomagnetic field changes are recorded using three-axis ferromagnetic sensor DMI, whose signal is sampled and stored instantly, enabling real-time acquisition of digital data. Observatory loggers are able to record [&hellip;]<\/p>\n","protected":false},"author":1,"featured_media":13066,"parent":392,"menu_order":0,"comment_status":"closed","ping_status":"closed","template":"","meta":{"_et_pb_use_builder":"on","_et_pb_old_content":"<p>\u010cesk\u00e1 region\u00e1ln\u00ed seismick\u00e1 s\u00ed\u0165 (\u010cRSS) monitoruje zem\u011bt\u0159esen\u00ed a dal\u0161\u00ed seismick\u00e9 jevy (nap\u0159. d\u016fln\u00ed ot\u0159esy a exploze v lomech) v \u010cesk\u00e9 republice, ve st\u0159edn\u00ed Evrop\u011b i ve sv\u011bt\u011b. \u010cRSS se skl\u00e1d\u00e1 z\u00a0cca\u00a0dvaceti\u00a0st\u00e1l\u00fdch \u0161irokop\u00e1smov\u00fdch seismologick\u00fdch observato\u0159\u00ed rozm\u00edst\u011bn\u00fdch v z\u00e1jmov\u00fdch oblastech v \u010cesk\u00e9 republice.<\/p><p>\u00a0<\/p><p>\u00a0<\/p>","_et_gb_content_width":"","footnotes":""},"categories":[],"tags":[],"class_list":["post-402","page","type-page","status-publish","has-post-thumbnail","hentry"],"yoast_head":"<!-- This site is optimized with the Yoast SEO plugin v25.9 - https:\/\/yoast.com\/wordpress\/plugins\/seo\/ -->\n<title>Geomagnetic observatory Budkov - Geofyzik\u00e1ln\u00ed \u00fastav Akademie v\u011bd \u010cR, v.v.i.<\/title>\n<meta name=\"robots\" content=\"index, follow, max-snippet:-1, max-image-preview:large, max-video-preview:-1\" \/>\n<link rel=\"canonical\" href=\"https:\/\/www.ig.cas.cz\/en\/observatories\/geomagnetic-observatory-budkov\/\" \/>\n<meta property=\"og:locale\" content=\"en_US\" \/>\n<meta property=\"og:type\" content=\"article\" \/>\n<meta property=\"og:title\" content=\"Geomagnetic observatory Budkov - Geofyzik\u00e1ln\u00ed \u00fastav Akademie v\u011bd \u010cR, v.v.i.\" \/>\n<meta property=\"og:description\" content=\"The National Geomagnetic Observatory is located near Budkov in southern Bohemia. Since 1996, the observatory fulfills the highest international standards and is a certified INTERMAGNET Observatory. Geomagnetic field changes are recorded using three-axis ferromagnetic sensor DMI, whose signal is sampled and stored instantly, enabling real-time acquisition of digital data. Observatory loggers are able to record [&hellip;]\" \/>\n<meta property=\"og:url\" content=\"https:\/\/www.ig.cas.cz\/en\/observatories\/geomagnetic-observatory-budkov\/\" \/>\n<meta property=\"og:site_name\" content=\"Dom\u016f\" \/>\n<meta property=\"article:publisher\" content=\"https:\/\/www.facebook.com\/GFUAVCR\/\" \/>\n<meta property=\"article:modified_time\" content=\"2023-01-18T11:32:29+00:00\" \/>\n<meta property=\"og:image\" content=\"https:\/\/www.ig.cas.cz\/wp-content\/uploads\/2018\/01\/seismogram_header.jpg\" \/>\n\t<meta property=\"og:image:width\" content=\"2500\" \/>\n\t<meta property=\"og:image:height\" content=\"260\" \/>\n\t<meta property=\"og:image:type\" content=\"image\/jpeg\" \/>\n<meta name=\"twitter:card\" content=\"summary_large_image\" \/>\n<meta name=\"twitter:label1\" content=\"Est. reading time\" \/>\n\t<meta name=\"twitter:data1\" content=\"2 minutes\" \/>\n<script type=\"application\/ld+json\" class=\"yoast-schema-graph\">{\"@context\":\"https:\/\/schema.org\",\"@graph\":[{\"@type\":\"WebPage\",\"@id\":\"https:\/\/www.ig.cas.cz\/en\/observatories\/geomagnetic-observatory-budkov\/\",\"url\":\"https:\/\/www.ig.cas.cz\/en\/observatories\/geomagnetic-observatory-budkov\/\",\"name\":\"Geomagnetic observatory Budkov - Geofyzik\u00e1ln\u00ed \u00fastav Akademie v\u011bd \u010cR, v.v.i.\",\"isPartOf\":{\"@id\":\"https:\/\/www.ig.cas.cz\/#website\"},\"primaryImageOfPage\":{\"@id\":\"https:\/\/www.ig.cas.cz\/en\/observatories\/geomagnetic-observatory-budkov\/#primaryimage\"},\"image\":{\"@id\":\"https:\/\/www.ig.cas.cz\/en\/observatories\/geomagnetic-observatory-budkov\/#primaryimage\"},\"thumbnailUrl\":\"https:\/\/www.ig.cas.cz\/wp-content\/uploads\/2018\/01\/seismogram_header.jpg\",\"datePublished\":\"2017-12-29T14:24:16+00:00\",\"dateModified\":\"2023-01-18T11:32:29+00:00\",\"breadcrumb\":{\"@id\":\"https:\/\/www.ig.cas.cz\/en\/observatories\/geomagnetic-observatory-budkov\/#breadcrumb\"},\"inLanguage\":\"en-US\",\"potentialAction\":[{\"@type\":\"ReadAction\",\"target\":[\"https:\/\/www.ig.cas.cz\/en\/observatories\/geomagnetic-observatory-budkov\/\"]}]},{\"@type\":\"ImageObject\",\"inLanguage\":\"en-US\",\"@id\":\"https:\/\/www.ig.cas.cz\/en\/observatories\/geomagnetic-observatory-budkov\/#primaryimage\",\"url\":\"https:\/\/www.ig.cas.cz\/wp-content\/uploads\/2018\/01\/seismogram_header.jpg\",\"contentUrl\":\"https:\/\/www.ig.cas.cz\/wp-content\/uploads\/2018\/01\/seismogram_header.jpg\",\"width\":2500,\"height\":260,\"caption\":\"Joe Parks from Berkeley, CA, Creative Commons Uve\u010fte autora 2.0 Generic\"},{\"@type\":\"BreadcrumbList\",\"@id\":\"https:\/\/www.ig.cas.cz\/en\/observatories\/geomagnetic-observatory-budkov\/#breadcrumb\",\"itemListElement\":[{\"@type\":\"ListItem\",\"position\":1,\"name\":\"Dom\u016f\",\"item\":\"https:\/\/www.ig.cas.cz\/en\/\"},{\"@type\":\"ListItem\",\"position\":2,\"name\":\"Observatories\",\"item\":\"https:\/\/www.ig.cas.cz\/en\/observatories\/\"},{\"@type\":\"ListItem\",\"position\":3,\"name\":\"Geomagnetic observatory Budkov\"}]},{\"@type\":\"WebSite\",\"@id\":\"https:\/\/www.ig.cas.cz\/#website\",\"url\":\"https:\/\/www.ig.cas.cz\/\",\"name\":\"Dom\u016f\",\"description\":\"Geofyzik\u00e1ln\u00ed \u00fastav Akademie v\u011bd \u010cR, v.v.i.\",\"potentialAction\":[{\"@type\":\"SearchAction\",\"target\":{\"@type\":\"EntryPoint\",\"urlTemplate\":\"https:\/\/www.ig.cas.cz\/?s={search_term_string}\"},\"query-input\":{\"@type\":\"PropertyValueSpecification\",\"valueRequired\":true,\"valueName\":\"search_term_string\"}}],\"inLanguage\":\"en-US\"}]}<\/script>\n<!-- \/ Yoast SEO plugin. -->","yoast_head_json":{"title":"Geomagnetic observatory Budkov - Geofyzik\u00e1ln\u00ed \u00fastav Akademie v\u011bd \u010cR, v.v.i.","robots":{"index":"index","follow":"follow","max-snippet":"max-snippet:-1","max-image-preview":"max-image-preview:large","max-video-preview":"max-video-preview:-1"},"canonical":"https:\/\/www.ig.cas.cz\/en\/observatories\/geomagnetic-observatory-budkov\/","og_locale":"en_US","og_type":"article","og_title":"Geomagnetic observatory Budkov - Geofyzik\u00e1ln\u00ed \u00fastav Akademie v\u011bd \u010cR, v.v.i.","og_description":"The National Geomagnetic Observatory is located near Budkov in southern Bohemia. Since 1996, the observatory fulfills the highest international standards and is a certified INTERMAGNET Observatory. Geomagnetic field changes are recorded using three-axis ferromagnetic sensor DMI, whose signal is sampled and stored instantly, enabling real-time acquisition of digital data. Observatory loggers are able to record [&hellip;]","og_url":"https:\/\/www.ig.cas.cz\/en\/observatories\/geomagnetic-observatory-budkov\/","og_site_name":"Dom\u016f","article_publisher":"https:\/\/www.facebook.com\/GFUAVCR\/","article_modified_time":"2023-01-18T11:32:29+00:00","og_image":[{"width":2500,"height":260,"url":"https:\/\/www.ig.cas.cz\/wp-content\/uploads\/2018\/01\/seismogram_header.jpg","type":"image\/jpeg"}],"twitter_card":"summary_large_image","twitter_misc":{"Est. reading time":"2 minutes"},"schema":{"@context":"https:\/\/schema.org","@graph":[{"@type":"WebPage","@id":"https:\/\/www.ig.cas.cz\/en\/observatories\/geomagnetic-observatory-budkov\/","url":"https:\/\/www.ig.cas.cz\/en\/observatories\/geomagnetic-observatory-budkov\/","name":"Geomagnetic observatory Budkov - Geofyzik\u00e1ln\u00ed \u00fastav Akademie v\u011bd \u010cR, v.v.i.","isPartOf":{"@id":"https:\/\/www.ig.cas.cz\/#website"},"primaryImageOfPage":{"@id":"https:\/\/www.ig.cas.cz\/en\/observatories\/geomagnetic-observatory-budkov\/#primaryimage"},"image":{"@id":"https:\/\/www.ig.cas.cz\/en\/observatories\/geomagnetic-observatory-budkov\/#primaryimage"},"thumbnailUrl":"https:\/\/www.ig.cas.cz\/wp-content\/uploads\/2018\/01\/seismogram_header.jpg","datePublished":"2017-12-29T14:24:16+00:00","dateModified":"2023-01-18T11:32:29+00:00","breadcrumb":{"@id":"https:\/\/www.ig.cas.cz\/en\/observatories\/geomagnetic-observatory-budkov\/#breadcrumb"},"inLanguage":"en-US","potentialAction":[{"@type":"ReadAction","target":["https:\/\/www.ig.cas.cz\/en\/observatories\/geomagnetic-observatory-budkov\/"]}]},{"@type":"ImageObject","inLanguage":"en-US","@id":"https:\/\/www.ig.cas.cz\/en\/observatories\/geomagnetic-observatory-budkov\/#primaryimage","url":"https:\/\/www.ig.cas.cz\/wp-content\/uploads\/2018\/01\/seismogram_header.jpg","contentUrl":"https:\/\/www.ig.cas.cz\/wp-content\/uploads\/2018\/01\/seismogram_header.jpg","width":2500,"height":260,"caption":"Joe Parks from Berkeley, CA, Creative Commons Uve\u010fte autora 2.0 Generic"},{"@type":"BreadcrumbList","@id":"https:\/\/www.ig.cas.cz\/en\/observatories\/geomagnetic-observatory-budkov\/#breadcrumb","itemListElement":[{"@type":"ListItem","position":1,"name":"Dom\u016f","item":"https:\/\/www.ig.cas.cz\/en\/"},{"@type":"ListItem","position":2,"name":"Observatories","item":"https:\/\/www.ig.cas.cz\/en\/observatories\/"},{"@type":"ListItem","position":3,"name":"Geomagnetic observatory Budkov"}]},{"@type":"WebSite","@id":"https:\/\/www.ig.cas.cz\/#website","url":"https:\/\/www.ig.cas.cz\/","name":"Dom\u016f","description":"Geofyzik\u00e1ln\u00ed \u00fastav Akademie v\u011bd \u010cR, v.v.i.","potentialAction":[{"@type":"SearchAction","target":{"@type":"EntryPoint","urlTemplate":"https:\/\/www.ig.cas.cz\/?s={search_term_string}"},"query-input":{"@type":"PropertyValueSpecification","valueRequired":true,"valueName":"search_term_string"}}],"inLanguage":"en-US"}]}},"_links":{"self":[{"href":"https:\/\/www.ig.cas.cz\/en\/wp-json\/wp\/v2\/pages\/402","targetHints":{"allow":["GET"]}}],"collection":[{"href":"https:\/\/www.ig.cas.cz\/en\/wp-json\/wp\/v2\/pages"}],"about":[{"href":"https:\/\/www.ig.cas.cz\/en\/wp-json\/wp\/v2\/types\/page"}],"author":[{"embeddable":true,"href":"https:\/\/www.ig.cas.cz\/en\/wp-json\/wp\/v2\/users\/1"}],"replies":[{"embeddable":true,"href":"https:\/\/www.ig.cas.cz\/en\/wp-json\/wp\/v2\/comments?post=402"}],"version-history":[{"count":0,"href":"https:\/\/www.ig.cas.cz\/en\/wp-json\/wp\/v2\/pages\/402\/revisions"}],"up":[{"embeddable":true,"href":"https:\/\/www.ig.cas.cz\/en\/wp-json\/wp\/v2\/pages\/392"}],"wp:featuredmedia":[{"embeddable":true,"href":"https:\/\/www.ig.cas.cz\/en\/wp-json\/wp\/v2\/media\/13066"}],"wp:attachment":[{"href":"https:\/\/www.ig.cas.cz\/en\/wp-json\/wp\/v2\/media?parent=402"}],"wp:term":[{"taxonomy":"category","embeddable":true,"href":"https:\/\/www.ig.cas.cz\/en\/wp-json\/wp\/v2\/categories?post=402"},{"taxonomy":"post_tag","embeddable":true,"href":"https:\/\/www.ig.cas.cz\/en\/wp-json\/wp\/v2\/tags?post=402"}],"curies":[{"name":"wp","href":"https:\/\/api.w.org\/{rel}","templated":true}]}}