{"id":412,"date":"2017-12-29T12:44:00","date_gmt":"2017-12-29T11:44:00","guid":{"rendered":"http:\/\/igcas.antstudio.eu\/?page_id=412"},"modified":"2020-12-21T19:35:03","modified_gmt":"2020-12-21T18:35:03","slug":"seismology","status":"publish","type":"page","link":"https:\/\/www.ig.cas.cz\/en\/research\/seismology\/","title":{"rendered":"Seismology"},"content":{"rendered":"<p>[et_pb_section fb_built=&#8221;1&#8243; admin_label=&#8221;section&#8221; _builder_version=&#8221;3.22&#8243; custom_padding=&#8221;20px|0px|0px|0px&#8221;][et_pb_row admin_label=&#8221;row&#8221; _builder_version=&#8221;3.25&#8243; background_size=&#8221;initial&#8221; background_position=&#8221;top_left&#8221; background_repeat=&#8221;repeat&#8221; custom_padding=&#8221;0px|0px|11px|0px&#8221;][et_pb_column type=&#8221;4_4&#8243; _builder_version=&#8221;3.25&#8243; custom_padding=&#8221;|||&#8221; custom_padding__hover=&#8221;|||&#8221;][et_pb_text _builder_version=&#8221;3.27.4&#8243; background_size=&#8221;initial&#8221; background_position=&#8221;top_left&#8221; background_repeat=&#8221;repeat&#8221;]<strong>Head of the department: RNDr. Jan \u0160\u00edlen\u00fd, CSc.<\/strong><\/p>\n<p><span style=\"font-size: 16px;\">Our research activities are mainly oriented toward the research of the earthquake generation process and the propagation of the seismic waves. We use seismic waves generated by natural earthquakes and active experiments to study the structure of the Earth&#8217;s&nbsp;crust and upper mantle. We also investigate the physical processes in the foci of either natural or induced events (such as mining or drilling) and theoretical and numerical modelling in diverse environments. The Department of Seismology operates the Czech Regional Seismological Network, the local seismic network in West Bohemia\/Vogtland (WEBNET), but also in other regions in Czechia and abroad (AlpArray, REYKJANET). The research workers in our department participate in various international projects and research infrastuctures (ICDP Eger, CzechGeo\/EPOS, Ringen) in cooperation with many other scientific institutions.\u00a0<\/span><br \/>\n[\/et_pb_text][\/et_pb_column][\/et_pb_row][et_pb_row _builder_version=&#8221;3.25&#8243; column_structure=&#8221;1_3,2_3&#8243;][et_pb_column type=&#8221;1_3&#8243; _builder_version=&#8221;3.25&#8243; custom_padding=&#8221;|||&#8221; custom_padding__hover=&#8221;|||&#8221;][et_pb_image src=&#8221;https:\/\/www.ig.cas.cz\/wp-content\/uploads\/2018\/01\/PRU.jpg&#8221; align=&#8221;center&#8221; align_tablet=&#8221;center&#8221; align_last_edited=&#8221;on|desktop&#8221; _builder_version=&#8221;3.23&#8243; max_width=&#8221;60%&#8221;]&nbsp;<br \/>\n[\/et_pb_image][\/et_pb_column][et_pb_column type=&#8221;2_3&#8243; _builder_version=&#8221;3.25&#8243; custom_padding=&#8221;|||&#8221; custom_padding__hover=&#8221;|||&#8221;][et_pb_text _builder_version=&#8221;3.27.4&#8243;]<a href=\"seismic-service\/\"><strong>Seismic service<\/strong>\u00a0<\/a>\u2013 maintains the Czech Regional Seismological Network, performs analysis of the seismograms, localize regional and global earthquakes, and ensures the international data exchange and archiving. Seismic service is also responsible for collecting and evaluating macroseismic data for events felt by citizens in Czechia.<br \/>\nHead of the working group: Jan Zedn\u00edk, members:\u00a0Petr Jedli\u010dka, Jana Bartizalov\u00e1, Jan Koz\u00e1k, Drahoslava Keistov\u00e1<br \/>\n[\/et_pb_text][\/et_pb_column][\/et_pb_row][et_pb_row _builder_version=&#8221;3.25&#8243; custom_padding=&#8221;31.65px|0px|39px|0px&#8221; column_structure=&#8221;1_3,2_3&#8243;][et_pb_column type=&#8221;1_3&#8243; _builder_version=&#8221;3.25&#8243; custom_padding=&#8221;|||&#8221; custom_padding__hover=&#8221;|||&#8221;][et_pb_image src=&#8221;https:\/\/www.ig.cas.cz\/wp-content\/uploads\/2018\/01\/work2.jpg&#8221; align=&#8221;center&#8221; align_tablet=&#8221;center&#8221; align_last_edited=&#8221;on|desktop&#8221; _builder_version=&#8221;3.23&#8243; max_width=&#8221;60%&#8221;]&nbsp;<br \/>\n[\/et_pb_image][\/et_pb_column][et_pb_column type=&#8221;2_3&#8243; _builder_version=&#8221;3.25&#8243; custom_padding=&#8221;|||&#8221; custom_padding__hover=&#8221;|||&#8221;][et_pb_text _builder_version=&#8221;3.27.4&#8243; hover_enabled=&#8221;0&#8243; sticky_enabled=&#8221;0&#8243;]<strong>The earthquake swarm<\/strong> working group focuses on seismic swarms. While operating the local seismic network WEBNET, we have monitored and studied earthquake swarms in West Bohemia\/Vogtland for 30 years. We deal with a&nbsp;wide range of research topics from the triggering of earthquake swarms through physical processes on the faults to the effective processing of large datasets. From 2013, we also monitor earthquake swarms on South-west Iceland with the REYKJANET network.<br \/>\nTeam leader: Josef Hor\u00e1lek,\u00a0 members: Tom\u00e1\u0161 Fischer, Martin Bachura, Alena Bou\u0161kov\u00e1, Zuzana Proch\u00e1zkov\u00e1, Bohuslav R\u016f\u017eek, Jana Doubravov\u00e1, Jakub Klicpera<br \/>\n[\/et_pb_text][\/et_pb_column][\/et_pb_row][et_pb_row _builder_version=&#8221;3.25&#8243; column_structure=&#8221;1_3,2_3&#8243;][et_pb_column type=&#8221;1_3&#8243; _builder_version=&#8221;3.25&#8243; custom_padding=&#8221;|||&#8221; custom_padding__hover=&#8221;|||&#8221;][et_pb_image src=&#8221;https:\/\/www.ig.cas.cz\/wp-content\/uploads\/2018\/02\/earthquake-1790920_1920_600.jpg&#8221; align=&#8221;center&#8221; align_tablet=&#8221;center&#8221; align_last_edited=&#8221;on|desktop&#8221; _builder_version=&#8221;3.23&#8243; max_width=&#8221;60%&#8221;]&nbsp;<br \/>\n[\/et_pb_image][\/et_pb_column][et_pb_column type=&#8221;2_3&#8243; _builder_version=&#8221;3.25&#8243; custom_padding=&#8221;|||&#8221; custom_padding__hover=&#8221;|||&#8221;][et_pb_text _builder_version=&#8221;3.27.4&#8243; hover_enabled=&#8221;0&#8243; sticky_enabled=&#8221;0&#8243;]<strong>Earthquakes and seismic waves<\/strong> \u2013 We study seismic source processes of natural and induced earthquakes. We study seismic wave propagation in complex 3D inhomogeneous structures and we work on the ray tracing theory for anisotropic and anelastic media.<br \/>\nTeam leader: Jan \u0160\u00edlen\u00fd, members: Ivan P\u0161en\u010d\u00edk, V\u00e1clav Vavry\u010duk, Petr Kol\u00e1\u0159, Petra Adamov\u00e1, Zuzana Jechumt\u00e1lov\u00e1, Vojt\u011bch L\u00e1vi\u010dka<br \/>\n[\/et_pb_text][\/et_pb_column][\/et_pb_row][et_pb_row _builder_version=&#8221;3.25&#8243; column_structure=&#8221;1_3,2_3&#8243;][et_pb_column type=&#8221;1_3&#8243; _builder_version=&#8221;3.25&#8243; custom_padding=&#8221;|||&#8221; custom_padding__hover=&#8221;|||&#8221;][et_pb_image src=&#8221;https:\/\/www.ig.cas.cz\/wp-content\/uploads\/2018\/02\/bbb-1_600.jpg&#8221; align=&#8221;center&#8221; align_tablet=&#8221;center&#8221; align_last_edited=&#8221;on|desktop&#8221; _builder_version=&#8221;3.23&#8243; max_width=&#8221;60%&#8221;]&nbsp;<br \/>\n[\/et_pb_image][\/et_pb_column][et_pb_column type=&#8221;2_3&#8243; _builder_version=&#8221;3.25&#8243; custom_padding=&#8221;|||&#8221; custom_padding__hover=&#8221;|||&#8221;][et_pb_text _builder_version=&#8221;4.6.0&#8243; hover_enabled=&#8221;0&#8243; sticky_enabled=&#8221;0&#8243;]<strong>The lithosphere<\/strong>\u00a0working group studies the structure of continental lithosphere and the evolution leading to its origins. We organize passive seismic experiments in international cooperation from Scandinavia through Bohemian Massif\u00a0to Apennine Peninsula. Temporary dense seismic networks allow the registration of seismic waves, and from the deviation in the travel times, we can model the structure of the crust and upper mantle. At present, we participate in the seismic experiment AlpArray that aims to deep structure of the Alps and surrounding areas.<br \/>\nTeam leader: Jaroslava Plomerov\u00e1, members: Vladislav Babu\u0161ka, Lud\u011bk Vecsey, Helena Munzarov\u00e1, Ji\u0159\u00ed Kvapil, Hana Kampfov\u00e1-Exnerov\u00e1, technicians: Petr Jedli\u010dka, Josef Kotek<br \/>\n[\/et_pb_text][\/et_pb_column][\/et_pb_row][et_pb_row _builder_version=&#8221;3.25&#8243; column_structure=&#8221;1_3,2_3&#8243;][et_pb_column type=&#8221;1_3&#8243; _builder_version=&#8221;3.25&#8243; custom_padding=&#8221;|||&#8221; custom_padding__hover=&#8221;|||&#8221;][et_pb_image src=&#8221;https:\/\/www.ig.cas.cz\/wp-content\/uploads\/2018\/02\/pa201611_600.jpg&#8221; align=&#8221;center&#8221; align_tablet=&#8221;center&#8221; align_last_edited=&#8221;on|desktop&#8221; _builder_version=&#8221;3.23&#8243; max_width=&#8221;60%&#8221;]&nbsp;<br \/>\n[\/et_pb_image][\/et_pb_column][et_pb_column type=&#8221;2_3&#8243; _builder_version=&#8221;3.25&#8243; custom_padding=&#8221;|||&#8221; custom_padding__hover=&#8221;|||&#8221;][et_pb_text _builder_version=&#8221;3.27.4&#8243;]<strong>Crustal studies<\/strong> \u2013 We study the Earth\u2019s crust and upper mantle in geodynamically active areas (e.g. West Bohemia, Switzerland, Iceland,Turkey, Carpathians). We process and interpret data from active and passive seismic experiments to obtain the distribution of seismic velocities, reflecting the subsurface structure. We apply numerical modelling and develop three-dimensional velocity models, including discontinuities, which help in discriminating various geological hypotheses as well as in solving other seismological tasks, such as the precise location of earthquake foci or strong ground motions.<br \/>\nTeam leader: Pavla Hrubcov\u00e1, members: Jan Burj\u00e1nek, Bohuslav R\u016f\u017eek<br \/>\n[\/et_pb_text][\/et_pb_column][\/et_pb_row][\/et_pb_section]<\/p>\n","protected":false},"excerpt":{"rendered":"<p>Head of the department: RNDr. Jan \u0160\u00edlen\u00fd, CSc. Our research activities are mainly oriented toward the research of the earthquake generation process and the propagation of the seismic waves. We use seismic waves generated by natural earthquakes and active experiments to study the structure of the Earth&#8217;s&nbsp;crust and upper mantle. We also investigate the [&hellip;]<\/p>\n","protected":false},"author":1,"featured_media":3406,"parent":404,"menu_order":0,"comment_status":"closed","ping_status":"closed","template":"","meta":{"_et_pb_use_builder":"on","_et_pb_old_content":"<p><strong>Vedouc\u00ed odd\u011blen\u00ed: RNDr. Jan \u0160\u00edlen\u00fd, CSc.<\/strong> Seismick\u00e9 odd\u011blen\u00ed studuje jevy spojen\u00e9 se vznikem a \u0161\u00ed\u0159en\u00edm seismick\u00fdch vln. Zkoum\u00e1me strukturu a vlastnosti zemsk\u00e9 k\u016fry a svrchn\u00edho pl\u00e1\u0161t\u011b pomoc\u00ed seismick\u00fdch vln buzen\u00fdch jak p\u0159irozen\u00fdmi zem\u011bt\u0159esen\u00edmi, tak i um\u011bl\u00fdmi zdroji. Zaj\u00edm\u00e1me se o fyzik\u00e1ln\u00ed procesy prob\u00edhaj\u00edc\u00ed v ohnisku p\u0159irozen\u00fdch zem\u011bt\u0159esen\u00ed i ot\u0159es\u016f indukovan\u00fdch pr\u016fmyslovou \u010dinnost\u00ed jako je dolov\u00e1n\u00ed nebo vrt\u00e1n\u00ed. Zab\u00fdv\u00e1me se tak\u00e9 teori\u00ed \u0161\u00ed\u0159en\u00ed vln v r\u016fzn\u00fdch prost\u0159ed\u00edch \u010di numerick\u00fdm a teoretick\u00fdm modelov\u00e1n\u00edm. Provozujeme s\u00ed\u0165 seismick\u00fdch stanic \u010cesk\u00e9 region\u00e1ln\u00ed s\u00edt\u011b, s\u00ed\u0165 stanic v na\u0161\u00ed seismicky\u00a0 nejaktivn\u011bj\u0161\u00ed oblasti \u2013 v z\u00e1padn\u00edch \u010cech\u00e1ch (WEBNET), ale i v jin\u00fdch z\u00e1jmov\u00fdch oblastech na\u0161\u00ed republiky a v zahrani\u010d\u00ed (AlpArray, REYKJANET). Pracovn\u00edci seismick\u00e9ho odd\u011blen\u00ed se pod\u00edl\u00ed na r\u016fzn\u00fdch mezin\u00e1rodn\u00edch projektech a na projektech ve spolupr\u00e1ci s mnoha dal\u0161\u00edmi v\u011bdeck\u00fdmi institucemi (ICPD Eger, CzechGeo\/EPOS-Sci, Ringen+). \u00a0<\/p><table style=\"width: 568px;\" border=\"0\"><tbody><tr><td style=\"width: 150px; text-align: center;\"><img class=\"alignnone wp-image-613 size-thumbnail\" src=\"https:\/\/www.ig.cas.cz\/wp-content\/uploads\/2018\/01\/kliuchevskoi-volcano-kamchatika-russia-from-space-aerial-nasa-2-150x150.jpg\" alt=\"\" width=\"150\" height=\"150\" \/><\/td><td>XXXX<\/td><\/tr><tr><td style=\"width: 150px; text-align: center;\"><img class=\"alignnone wp-image-613 size-thumbnail\" src=\"https:\/\/www.ig.cas.cz\/wp-content\/uploads\/2018\/01\/kliuchevskoi-volcano-kamchatika-russia-from-space-aerial-nasa-2-150x150.jpg\" alt=\"\" width=\"150\" height=\"150\" \/><\/td><td>XXXX<\/td><\/tr><tr><td style=\"width: 150px; text-align: center;\"><img class=\"alignnone wp-image-613 size-thumbnail\" src=\"https:\/\/www.ig.cas.cz\/wp-content\/uploads\/2018\/01\/kliuchevskoi-volcano-kamchatika-russia-from-space-aerial-nasa-2-150x150.jpg\" alt=\"\" width=\"150\" height=\"150\" \/><\/td><td>XXXX<\/td><\/tr><tr><td style=\"width: 150px; text-align: center;\"><img class=\"alignnone wp-image-613 size-thumbnail\" src=\"https:\/\/www.ig.cas.cz\/wp-content\/uploads\/2018\/01\/kliuchevskoi-volcano-kamchatika-russia-from-space-aerial-nasa-2-150x150.jpg\" alt=\"\" width=\"150\" height=\"150\" \/><\/td><td>XXXX<\/td><\/tr><tr><td style=\"width: 150px; text-align: center;\"><img class=\"alignnone wp-image-613 size-thumbnail\" src=\"https:\/\/www.ig.cas.cz\/wp-content\/uploads\/2018\/01\/kliuchevskoi-volcano-kamchatika-russia-from-space-aerial-nasa-2-150x150.jpg\" alt=\"\" width=\"150\" height=\"150\" \/><\/td><td>XXXX<\/td><\/tr><\/tbody><\/table>","_et_gb_content_width":"","footnotes":""},"categories":[],"tags":[],"class_list":["post-412","page","type-page","status-publish","has-post-thumbnail","hentry"],"yoast_head":"<!-- This site is optimized with the Yoast SEO plugin v25.9 - https:\/\/yoast.com\/wordpress\/plugins\/seo\/ -->\n<title>Seismology - Geofyzik\u00e1ln\u00ed \u00fastav Akademie v\u011bd \u010cR, v.v.i.<\/title>\n<meta name=\"robots\" content=\"index, follow, max-snippet:-1, max-image-preview:large, max-video-preview:-1\" \/>\n<link rel=\"canonical\" href=\"https:\/\/www.ig.cas.cz\/en\/research\/seismology\/\" \/>\n<meta property=\"og:locale\" content=\"en_US\" \/>\n<meta property=\"og:type\" content=\"article\" \/>\n<meta property=\"og:title\" content=\"Seismology - Geofyzik\u00e1ln\u00ed \u00fastav Akademie v\u011bd \u010cR, v.v.i.\" \/>\n<meta property=\"og:description\" content=\"Head of the department: RNDr. Jan \u0160\u00edlen\u00fd, CSc. Our research activities are mainly oriented toward the research of the earthquake generation process and the propagation of the seismic waves. We use seismic waves generated by natural earthquakes and active experiments to study the structure of the Earth&#039;s crust and upper mantle. We also investigate the [&hellip;]\" \/>\n<meta property=\"og:url\" content=\"https:\/\/www.ig.cas.cz\/en\/research\/seismology\/\" \/>\n<meta property=\"og:site_name\" content=\"Dom\u016f\" \/>\n<meta property=\"article:publisher\" content=\"https:\/\/www.facebook.com\/GFUAVCR\/\" \/>\n<meta property=\"article:modified_time\" content=\"2020-12-21T18:35:03+00:00\" \/>\n<meta property=\"og:image\" content=\"https:\/\/www.ig.cas.cz\/wp-content\/uploads\/2018\/01\/seismogram_header.jpg\" \/>\n\t<meta property=\"og:image:width\" content=\"2500\" \/>\n\t<meta property=\"og:image:height\" content=\"260\" \/>\n\t<meta property=\"og:image:type\" content=\"image\/jpeg\" \/>\n<meta name=\"twitter:card\" content=\"summary_large_image\" \/>\n<meta name=\"twitter:label1\" content=\"Est. reading time\" \/>\n\t<meta name=\"twitter:data1\" content=\"4 minutes\" \/>\n<script type=\"application\/ld+json\" class=\"yoast-schema-graph\">{\"@context\":\"https:\/\/schema.org\",\"@graph\":[{\"@type\":\"WebPage\",\"@id\":\"https:\/\/www.ig.cas.cz\/en\/research\/seismology\/\",\"url\":\"https:\/\/www.ig.cas.cz\/en\/research\/seismology\/\",\"name\":\"Seismology - Geofyzik\u00e1ln\u00ed \u00fastav Akademie v\u011bd \u010cR, v.v.i.\",\"isPartOf\":{\"@id\":\"https:\/\/www.ig.cas.cz\/#website\"},\"primaryImageOfPage\":{\"@id\":\"https:\/\/www.ig.cas.cz\/en\/research\/seismology\/#primaryimage\"},\"image\":{\"@id\":\"https:\/\/www.ig.cas.cz\/en\/research\/seismology\/#primaryimage\"},\"thumbnailUrl\":\"https:\/\/www.ig.cas.cz\/wp-content\/uploads\/2018\/01\/seismogram_header.jpg\",\"datePublished\":\"2017-12-29T11:44:00+00:00\",\"dateModified\":\"2020-12-21T18:35:03+00:00\",\"breadcrumb\":{\"@id\":\"https:\/\/www.ig.cas.cz\/en\/research\/seismology\/#breadcrumb\"},\"inLanguage\":\"en-US\",\"potentialAction\":[{\"@type\":\"ReadAction\",\"target\":[\"https:\/\/www.ig.cas.cz\/en\/research\/seismology\/\"]}]},{\"@type\":\"ImageObject\",\"inLanguage\":\"en-US\",\"@id\":\"https:\/\/www.ig.cas.cz\/en\/research\/seismology\/#primaryimage\",\"url\":\"https:\/\/www.ig.cas.cz\/wp-content\/uploads\/2018\/01\/seismogram_header.jpg\",\"contentUrl\":\"https:\/\/www.ig.cas.cz\/wp-content\/uploads\/2018\/01\/seismogram_header.jpg\",\"width\":2500,\"height\":260,\"caption\":\"Joe Parks from Berkeley, CA, Creative Commons Uve\u010fte autora 2.0 Generic\"},{\"@type\":\"BreadcrumbList\",\"@id\":\"https:\/\/www.ig.cas.cz\/en\/research\/seismology\/#breadcrumb\",\"itemListElement\":[{\"@type\":\"ListItem\",\"position\":1,\"name\":\"Dom\u016f\",\"item\":\"https:\/\/www.ig.cas.cz\/en\/\"},{\"@type\":\"ListItem\",\"position\":2,\"name\":\"Research\",\"item\":\"https:\/\/www.ig.cas.cz\/en\/research\/\"},{\"@type\":\"ListItem\",\"position\":3,\"name\":\"Seismology\"}]},{\"@type\":\"WebSite\",\"@id\":\"https:\/\/www.ig.cas.cz\/#website\",\"url\":\"https:\/\/www.ig.cas.cz\/\",\"name\":\"Dom\u016f\",\"description\":\"Geofyzik\u00e1ln\u00ed \u00fastav Akademie v\u011bd \u010cR, v.v.i.\",\"potentialAction\":[{\"@type\":\"SearchAction\",\"target\":{\"@type\":\"EntryPoint\",\"urlTemplate\":\"https:\/\/www.ig.cas.cz\/?s={search_term_string}\"},\"query-input\":{\"@type\":\"PropertyValueSpecification\",\"valueRequired\":true,\"valueName\":\"search_term_string\"}}],\"inLanguage\":\"en-US\"}]}<\/script>\n<!-- \/ Yoast SEO plugin. -->","yoast_head_json":{"title":"Seismology - Geofyzik\u00e1ln\u00ed \u00fastav Akademie v\u011bd \u010cR, v.v.i.","robots":{"index":"index","follow":"follow","max-snippet":"max-snippet:-1","max-image-preview":"max-image-preview:large","max-video-preview":"max-video-preview:-1"},"canonical":"https:\/\/www.ig.cas.cz\/en\/research\/seismology\/","og_locale":"en_US","og_type":"article","og_title":"Seismology - Geofyzik\u00e1ln\u00ed \u00fastav Akademie v\u011bd \u010cR, v.v.i.","og_description":"Head of the department: RNDr. Jan \u0160\u00edlen\u00fd, CSc. Our research activities are mainly oriented toward the research of the earthquake generation process and the propagation of the seismic waves. We use seismic waves generated by natural earthquakes and active experiments to study the structure of the Earth's crust and upper mantle. We also investigate the [&hellip;]","og_url":"https:\/\/www.ig.cas.cz\/en\/research\/seismology\/","og_site_name":"Dom\u016f","article_publisher":"https:\/\/www.facebook.com\/GFUAVCR\/","article_modified_time":"2020-12-21T18:35:03+00:00","og_image":[{"width":2500,"height":260,"url":"https:\/\/www.ig.cas.cz\/wp-content\/uploads\/2018\/01\/seismogram_header.jpg","type":"image\/jpeg"}],"twitter_card":"summary_large_image","twitter_misc":{"Est. reading time":"4 minutes"},"schema":{"@context":"https:\/\/schema.org","@graph":[{"@type":"WebPage","@id":"https:\/\/www.ig.cas.cz\/en\/research\/seismology\/","url":"https:\/\/www.ig.cas.cz\/en\/research\/seismology\/","name":"Seismology - Geofyzik\u00e1ln\u00ed \u00fastav Akademie v\u011bd \u010cR, v.v.i.","isPartOf":{"@id":"https:\/\/www.ig.cas.cz\/#website"},"primaryImageOfPage":{"@id":"https:\/\/www.ig.cas.cz\/en\/research\/seismology\/#primaryimage"},"image":{"@id":"https:\/\/www.ig.cas.cz\/en\/research\/seismology\/#primaryimage"},"thumbnailUrl":"https:\/\/www.ig.cas.cz\/wp-content\/uploads\/2018\/01\/seismogram_header.jpg","datePublished":"2017-12-29T11:44:00+00:00","dateModified":"2020-12-21T18:35:03+00:00","breadcrumb":{"@id":"https:\/\/www.ig.cas.cz\/en\/research\/seismology\/#breadcrumb"},"inLanguage":"en-US","potentialAction":[{"@type":"ReadAction","target":["https:\/\/www.ig.cas.cz\/en\/research\/seismology\/"]}]},{"@type":"ImageObject","inLanguage":"en-US","@id":"https:\/\/www.ig.cas.cz\/en\/research\/seismology\/#primaryimage","url":"https:\/\/www.ig.cas.cz\/wp-content\/uploads\/2018\/01\/seismogram_header.jpg","contentUrl":"https:\/\/www.ig.cas.cz\/wp-content\/uploads\/2018\/01\/seismogram_header.jpg","width":2500,"height":260,"caption":"Joe Parks from Berkeley, CA, Creative Commons Uve\u010fte autora 2.0 Generic"},{"@type":"BreadcrumbList","@id":"https:\/\/www.ig.cas.cz\/en\/research\/seismology\/#breadcrumb","itemListElement":[{"@type":"ListItem","position":1,"name":"Dom\u016f","item":"https:\/\/www.ig.cas.cz\/en\/"},{"@type":"ListItem","position":2,"name":"Research","item":"https:\/\/www.ig.cas.cz\/en\/research\/"},{"@type":"ListItem","position":3,"name":"Seismology"}]},{"@type":"WebSite","@id":"https:\/\/www.ig.cas.cz\/#website","url":"https:\/\/www.ig.cas.cz\/","name":"Dom\u016f","description":"Geofyzik\u00e1ln\u00ed \u00fastav Akademie v\u011bd \u010cR, v.v.i.","potentialAction":[{"@type":"SearchAction","target":{"@type":"EntryPoint","urlTemplate":"https:\/\/www.ig.cas.cz\/?s={search_term_string}"},"query-input":{"@type":"PropertyValueSpecification","valueRequired":true,"valueName":"search_term_string"}}],"inLanguage":"en-US"}]}},"_links":{"self":[{"href":"https:\/\/www.ig.cas.cz\/en\/wp-json\/wp\/v2\/pages\/412","targetHints":{"allow":["GET"]}}],"collection":[{"href":"https:\/\/www.ig.cas.cz\/en\/wp-json\/wp\/v2\/pages"}],"about":[{"href":"https:\/\/www.ig.cas.cz\/en\/wp-json\/wp\/v2\/types\/page"}],"author":[{"embeddable":true,"href":"https:\/\/www.ig.cas.cz\/en\/wp-json\/wp\/v2\/users\/1"}],"replies":[{"embeddable":true,"href":"https:\/\/www.ig.cas.cz\/en\/wp-json\/wp\/v2\/comments?post=412"}],"version-history":[{"count":0,"href":"https:\/\/www.ig.cas.cz\/en\/wp-json\/wp\/v2\/pages\/412\/revisions"}],"up":[{"embeddable":true,"href":"https:\/\/www.ig.cas.cz\/en\/wp-json\/wp\/v2\/pages\/404"}],"wp:featuredmedia":[{"embeddable":true,"href":"https:\/\/www.ig.cas.cz\/en\/wp-json\/wp\/v2\/media\/3406"}],"wp:attachment":[{"href":"https:\/\/www.ig.cas.cz\/en\/wp-json\/wp\/v2\/media?parent=412"}],"wp:term":[{"taxonomy":"category","embeddable":true,"href":"https:\/\/www.ig.cas.cz\/en\/wp-json\/wp\/v2\/categories?post=412"},{"taxonomy":"post_tag","embeddable":true,"href":"https:\/\/www.ig.cas.cz\/en\/wp-json\/wp\/v2\/tags?post=412"}],"curies":[{"name":"wp","href":"https:\/\/api.w.org\/{rel}","templated":true}]}}