{"id":422,"date":"2017-12-29T15:32:16","date_gmt":"2017-12-29T14:32:16","guid":{"rendered":"http:\/\/igcas.antstudio.eu\/?page_id=422"},"modified":"2025-12-15T10:11:44","modified_gmt":"2025-12-15T09:11:44","slug":"open-positions","status":"publish","type":"page","link":"https:\/\/www.ig.cas.cz\/en\/about\/open-positions\/","title":{"rendered":"Open positions"},"content":{"rendered":"<p>[et_pb_section fb_built=&#8221;1&#8243; _builder_version=&#8221;4.16&#8243; custom_padding=&#8221;19px|0px|17px|0px&#8221; global_colors_info=&#8221;{}&#8221;][et_pb_row _builder_version=&#8221;4.16&#8243; custom_padding=&#8221;6px|0px|35px|0px||&#8221; global_colors_info=&#8221;{}&#8221;][et_pb_column type=&#8221;4_4&#8243; _builder_version=&#8221;4.16&#8243; custom_padding=&#8221;|||&#8221; global_colors_info=&#8221;{}&#8221; custom_padding__hover=&#8221;|||&#8221;][et_pb_text _builder_version=&#8221;4.27.4&#8243; hover_enabled=&#8221;0&#8243; global_colors_info=&#8221;{}&#8221; sticky_enabled=&#8221;0&#8243;]<\/p>\n<p>We are pleased to announce an opening for two<strong data-start=\"289\" data-end=\"318\">\u00a0PhD positions<\/strong>\u00a0at our Institute starting before\u00a0<strong>October 2026<\/strong>.<\/p>\n<p><strong>1 ) Seismological analysis of magmatic intrusions at the Reykjanes Peninsula, Iceland.<\/strong><\/p>\n<p>We are seeking a\u00a0motivated student to study earthquake swarms and dyke-related seismicity at the Reykjanes Peninsula using advanced spectral and machine-learning techniques. The peninsula has been monitored by the REYKJANET seismic network since 2013, capturing the recent transition from ~800 years of quiescence to repeated fissure eruptions since 2021, and offering unique constraints on magma transport and crustal rheology.<\/p>\n<p>The project will apply high-precision earthquake relocations, non-parametric spectral inversion, and event classification methods to REYKJANET data. The student will develop semi-automatic workflows, analyse spatio-temporal seismic patterns, and interpret the results in terms of magma transport, crustal stress, and dyke propagation.<\/p>\n<p>The student will be based in Prague (Czech Republic) at the Institute of Geophysics of the Czech Academy of Sciences and at the Faculty of Mathematics and Physics at Charles University. The PhD will be supervised by seismologist Jana Doubravov\u00e1 in collaboration with the project team led by Jan Burj\u00e1nek.<\/p>\n<p>We are looking for a\u00a0student with either a\u00a0background in geophysics, physics, mathematics or computer sciences and a\u00a0strong interest in volcano-seismology, with prior programming experience.<\/p>\n<p><em><strong>We are looking for the following skills:<\/strong><\/em><\/p>\n<ul>\n<li>Good knowledge of programming, ability to develop and adapt your own analysis codes (e.g., Python or MATLAB).<\/li>\n<li>Experience with signal processing, spectral methods, or machine learning is an advantage<\/li>\n<li>Good command of English<\/li>\n<li>Strong scientific curiosity and motivation to learn<\/li>\n<\/ul>\n<p><em><strong>We are offering:<\/strong><\/em><\/p>\n<ul>\n<li>To work on a\u00a0funded project with a\u00a0transdisciplinary team of seismologists, geophysicists, volcanologists, and structural geologists<\/li>\n<li>Opportunities for collaboration visits, fieldwork in Iceland, and participation in international conferences<\/li>\n<li>Opportunity to build an international collaborative network<\/li>\n<\/ul>\n<p>The PhD study programme has a\u00a0standard duration of four years.\u00a0Starting date is flexible but no later than October 2026. To apply, please send a\u00a0CV, a\u00a0motivation letter, and the contact details of two referees to Jana Doubravov\u00e1 (<a href=\"mailto:doubravova@ig.cas.cz\">doubravova@ig.cas.cz<\/a>) and Jan Burj\u00e1nek (<a href=\"mailto:burjanek@ig.cas.cz\">burjanek@ig.cas.cz<\/a>). Please write the motivation letter in your own words, without AI assistance..<\/p>\n<p><strong>Deadline for applications is 28<sup>st<\/sup>\u00a0January 2026.<\/strong><\/p>\n<p>For more information, contact Jana Doubravov\u00e1 or Jan Burj\u00e1nek.<\/p>\n<p>&nbsp;<\/p>\n<p><strong>2) Numerical models of dyke ascent at the Reykjanes peninsula, Iceland.<\/strong><\/p>\n<p>We are looking for a\u00a0numerate student to work on dyke propagation in the Reykjanes peninsula. Dykes are magma filled fractures, which may or may not reach the Earth\u2019s surface. In 2021, after about 800 years of volcanic quiescence, fissure eruptions resumed in the Reykjanes peninsula. The Reykjanes peninsula has been monitored with a\u00a0network of seismic stations since 2013 providing data on the propagation of dykes and on the rheology of the crust. We are recruiting a\u00a0PhD student to investigate the conditions for dykes to reach or not the surface and feed fissure eruptions in the transtensional setting of the Reykjanes Peninsula. In a\u00a0first step, the student will compare geophysical data for events where dykes breached the surface with those where no eruption ensued and test a\u00a0series of hypothesis to explain differences in propagation, for example solidification, a\u00a0low driving pressure, stress distribution, or the presence of a\u00a0rheological trap. In a\u00a0second step, the student will model the long-term thermal evolution of the crust and determine how this evolution affects the ability of dykes to reach the surface.<\/p>\n<p>The main method used for this project is numerical modelling. The student will be based in Prague (Czech Republic) at the Institute of Geophysics of the Czech Academy of Sciences and at the Faculty of Mathematics and Physics at Charles University. The student will be supervised by volcanologist Catherine Annen and in collaboration with seismologist Pavla Hrubcov\u00e1 and physical volcanologist Virginie Pinel.<\/p>\n<p>We are looking for a\u00a0student with either a\u00a0background in physics, mathematics or computer sciences and a\u00a0strong interest for volcanology, or a\u00a0background in physical volcanology and a\u00a0former experience in programming.<\/p>\n<p><em><strong>We are looking for the following skills:<\/strong><\/em><\/p>\n<ul>\n<li>Good knowledge of programming; ability to develop their own codes; knowledge of the methods of finite differences or finite elements is an advantage.<\/li>\n<li>Good command of English<\/li>\n<li>Scientific curiosity<\/li>\n<\/ul>\n<p><em><strong>We are offering:<\/strong><\/em><\/p>\n<ul>\n<li>To work on a\u00a0funded project with a\u00a0transdisciplinary team of volcanologists, seismologists, geophysicists, and structural geologists.<\/li>\n<li>Travel opportunities for collaborations and conferences.<\/li>\n<li>Opportunity to build an international collaborative network.<\/li>\n<li>Live in Prague, a\u00a0culturally rich vibrant city in central Europe.<\/li>\n<\/ul>\n<p>The PhD study programme has a\u00a0standard duration of four years. Starting date is flexible but no later than October 2026. To apply, please send a\u00a0CV, a\u00a0motivation letter, and the details of two referees to Catherine Annen (<a href=\"mailto:annen@ig.cas.cz\">annen@ig.cas.cz<\/a>). Please, do not use Artificial Intelligence to write the motivation letter, we are interested in reading your own words.<\/p>\n<p><strong>Deadline for applications is 28<sup>st<\/sup>\u00a0January 2026.<\/strong><\/p>\n<p>For more information, contact Catherine Annen (<a href=\"mailto:annen@ig.cas.cz\">annen@ig.cas.cz<\/a>).<\/p>\n<p>[\/et_pb_text][\/et_pb_column][\/et_pb_row][\/et_pb_section]<\/p>\n","protected":false},"excerpt":{"rendered":"<p>We are pleased to announce an opening for two\u00a0PhD positions\u00a0at our Institute starting before\u00a0October 2026.&nbsp;1 ) Seismological analysis of magmatic intrusions at the Reykjanes Peninsula, Iceland. We are seeking a\u00a0motivated student to study earthquake swarms and dyke-related seismicity at the Reykjanes Peninsula using advanced spectral and machine-learning techniques. The peninsula has been monitored by [&hellip;]<\/p>\n","protected":false},"author":1,"featured_media":3406,"parent":368,"menu_order":0,"comment_status":"closed","ping_status":"closed","template":"","meta":{"_et_pb_use_builder":"on","_et_pb_old_content":"","_et_gb_content_width":"","footnotes":""},"categories":[],"tags":[137],"class_list":["post-422","page","type-page","status-publish","has-post-thumbnail","hentry","tag-gfu-en"],"yoast_head":"<!-- This site is optimized with the Yoast SEO plugin v25.9 - https:\/\/yoast.com\/wordpress\/plugins\/seo\/ -->\n<title>Open positions - Geofyzik\u00e1ln\u00ed \u00fastav Akademie v\u011bd \u010cR, v.v.i.<\/title>\n<meta name=\"robots\" content=\"index, follow, max-snippet:-1, max-image-preview:large, max-video-preview:-1\" \/>\n<link rel=\"canonical\" href=\"https:\/\/www.ig.cas.cz\/en\/about\/open-positions\/\" \/>\n<meta property=\"og:locale\" content=\"en_US\" \/>\n<meta property=\"og:type\" content=\"article\" \/>\n<meta property=\"og:title\" content=\"Open positions - Geofyzik\u00e1ln\u00ed \u00fastav Akademie v\u011bd \u010cR, v.v.i.\" \/>\n<meta property=\"og:description\" content=\"We are pleased to announce an opening for two\u00a0PhD positions\u00a0at our Institute starting before\u00a0October 2026. 1 ) Seismological analysis of magmatic intrusions at the Reykjanes Peninsula, Iceland. We are seeking a\u00a0motivated student to study earthquake swarms and dyke-related seismicity at the Reykjanes Peninsula using advanced spectral and machine-learning techniques. The peninsula has been monitored by [&hellip;]\" \/>\n<meta property=\"og:url\" content=\"https:\/\/www.ig.cas.cz\/en\/about\/open-positions\/\" \/>\n<meta property=\"og:site_name\" content=\"Dom\u016f\" \/>\n<meta property=\"article:publisher\" content=\"https:\/\/www.facebook.com\/GFUAVCR\/\" \/>\n<meta property=\"article:modified_time\" content=\"2025-12-15T09:11:44+00:00\" \/>\n<meta property=\"og:image\" content=\"https:\/\/www.ig.cas.cz\/wp-content\/uploads\/2018\/01\/seismogram_header.jpg\" \/>\n\t<meta property=\"og:image:width\" content=\"2500\" \/>\n\t<meta property=\"og:image:height\" content=\"260\" \/>\n\t<meta property=\"og:image:type\" content=\"image\/jpeg\" \/>\n<meta name=\"twitter:card\" content=\"summary_large_image\" \/>\n<meta name=\"twitter:label1\" content=\"Est. reading time\" \/>\n\t<meta name=\"twitter:data1\" content=\"5 minutes\" \/>\n<script type=\"application\/ld+json\" class=\"yoast-schema-graph\">{\"@context\":\"https:\/\/schema.org\",\"@graph\":[{\"@type\":\"WebPage\",\"@id\":\"https:\/\/www.ig.cas.cz\/en\/about\/open-positions\/\",\"url\":\"https:\/\/www.ig.cas.cz\/en\/about\/open-positions\/\",\"name\":\"Open positions - Geofyzik\u00e1ln\u00ed \u00fastav Akademie v\u011bd \u010cR, v.v.i.\",\"isPartOf\":{\"@id\":\"https:\/\/www.ig.cas.cz\/#website\"},\"primaryImageOfPage\":{\"@id\":\"https:\/\/www.ig.cas.cz\/en\/about\/open-positions\/#primaryimage\"},\"image\":{\"@id\":\"https:\/\/www.ig.cas.cz\/en\/about\/open-positions\/#primaryimage\"},\"thumbnailUrl\":\"https:\/\/www.ig.cas.cz\/wp-content\/uploads\/2018\/01\/seismogram_header.jpg\",\"datePublished\":\"2017-12-29T14:32:16+00:00\",\"dateModified\":\"2025-12-15T09:11:44+00:00\",\"breadcrumb\":{\"@id\":\"https:\/\/www.ig.cas.cz\/en\/about\/open-positions\/#breadcrumb\"},\"inLanguage\":\"en-US\",\"potentialAction\":[{\"@type\":\"ReadAction\",\"target\":[\"https:\/\/www.ig.cas.cz\/en\/about\/open-positions\/\"]}]},{\"@type\":\"ImageObject\",\"inLanguage\":\"en-US\",\"@id\":\"https:\/\/www.ig.cas.cz\/en\/about\/open-positions\/#primaryimage\",\"url\":\"https:\/\/www.ig.cas.cz\/wp-content\/uploads\/2018\/01\/seismogram_header.jpg\",\"contentUrl\":\"https:\/\/www.ig.cas.cz\/wp-content\/uploads\/2018\/01\/seismogram_header.jpg\",\"width\":2500,\"height\":260,\"caption\":\"Joe Parks from Berkeley, CA, Creative Commons Uve\u010fte autora 2.0 Generic\"},{\"@type\":\"BreadcrumbList\",\"@id\":\"https:\/\/www.ig.cas.cz\/en\/about\/open-positions\/#breadcrumb\",\"itemListElement\":[{\"@type\":\"ListItem\",\"position\":1,\"name\":\"Dom\u016f\",\"item\":\"https:\/\/www.ig.cas.cz\/en\/\"},{\"@type\":\"ListItem\",\"position\":2,\"name\":\"About\",\"item\":\"https:\/\/www.ig.cas.cz\/en\/about\/\"},{\"@type\":\"ListItem\",\"position\":3,\"name\":\"Open positions\"}]},{\"@type\":\"WebSite\",\"@id\":\"https:\/\/www.ig.cas.cz\/#website\",\"url\":\"https:\/\/www.ig.cas.cz\/\",\"name\":\"Dom\u016f\",\"description\":\"Geofyzik\u00e1ln\u00ed \u00fastav Akademie v\u011bd \u010cR, v.v.i.\",\"potentialAction\":[{\"@type\":\"SearchAction\",\"target\":{\"@type\":\"EntryPoint\",\"urlTemplate\":\"https:\/\/www.ig.cas.cz\/?s={search_term_string}\"},\"query-input\":{\"@type\":\"PropertyValueSpecification\",\"valueRequired\":true,\"valueName\":\"search_term_string\"}}],\"inLanguage\":\"en-US\"}]}<\/script>\n<!-- \/ Yoast SEO plugin. -->","yoast_head_json":{"title":"Open positions - Geofyzik\u00e1ln\u00ed \u00fastav Akademie v\u011bd \u010cR, v.v.i.","robots":{"index":"index","follow":"follow","max-snippet":"max-snippet:-1","max-image-preview":"max-image-preview:large","max-video-preview":"max-video-preview:-1"},"canonical":"https:\/\/www.ig.cas.cz\/en\/about\/open-positions\/","og_locale":"en_US","og_type":"article","og_title":"Open positions - Geofyzik\u00e1ln\u00ed \u00fastav Akademie v\u011bd \u010cR, v.v.i.","og_description":"We are pleased to announce an opening for two\u00a0PhD positions\u00a0at our Institute starting before\u00a0October 2026. 1 ) Seismological analysis of magmatic intrusions at the Reykjanes Peninsula, Iceland. We are seeking a\u00a0motivated student to study earthquake swarms and dyke-related seismicity at the Reykjanes Peninsula using advanced spectral and machine-learning techniques. The peninsula has been monitored by [&hellip;]","og_url":"https:\/\/www.ig.cas.cz\/en\/about\/open-positions\/","og_site_name":"Dom\u016f","article_publisher":"https:\/\/www.facebook.com\/GFUAVCR\/","article_modified_time":"2025-12-15T09:11:44+00:00","og_image":[{"width":2500,"height":260,"url":"https:\/\/www.ig.cas.cz\/wp-content\/uploads\/2018\/01\/seismogram_header.jpg","type":"image\/jpeg"}],"twitter_card":"summary_large_image","twitter_misc":{"Est. reading time":"5 minutes"},"schema":{"@context":"https:\/\/schema.org","@graph":[{"@type":"WebPage","@id":"https:\/\/www.ig.cas.cz\/en\/about\/open-positions\/","url":"https:\/\/www.ig.cas.cz\/en\/about\/open-positions\/","name":"Open positions - Geofyzik\u00e1ln\u00ed \u00fastav Akademie v\u011bd \u010cR, v.v.i.","isPartOf":{"@id":"https:\/\/www.ig.cas.cz\/#website"},"primaryImageOfPage":{"@id":"https:\/\/www.ig.cas.cz\/en\/about\/open-positions\/#primaryimage"},"image":{"@id":"https:\/\/www.ig.cas.cz\/en\/about\/open-positions\/#primaryimage"},"thumbnailUrl":"https:\/\/www.ig.cas.cz\/wp-content\/uploads\/2018\/01\/seismogram_header.jpg","datePublished":"2017-12-29T14:32:16+00:00","dateModified":"2025-12-15T09:11:44+00:00","breadcrumb":{"@id":"https:\/\/www.ig.cas.cz\/en\/about\/open-positions\/#breadcrumb"},"inLanguage":"en-US","potentialAction":[{"@type":"ReadAction","target":["https:\/\/www.ig.cas.cz\/en\/about\/open-positions\/"]}]},{"@type":"ImageObject","inLanguage":"en-US","@id":"https:\/\/www.ig.cas.cz\/en\/about\/open-positions\/#primaryimage","url":"https:\/\/www.ig.cas.cz\/wp-content\/uploads\/2018\/01\/seismogram_header.jpg","contentUrl":"https:\/\/www.ig.cas.cz\/wp-content\/uploads\/2018\/01\/seismogram_header.jpg","width":2500,"height":260,"caption":"Joe Parks from Berkeley, CA, Creative Commons Uve\u010fte autora 2.0 Generic"},{"@type":"BreadcrumbList","@id":"https:\/\/www.ig.cas.cz\/en\/about\/open-positions\/#breadcrumb","itemListElement":[{"@type":"ListItem","position":1,"name":"Dom\u016f","item":"https:\/\/www.ig.cas.cz\/en\/"},{"@type":"ListItem","position":2,"name":"About","item":"https:\/\/www.ig.cas.cz\/en\/about\/"},{"@type":"ListItem","position":3,"name":"Open positions"}]},{"@type":"WebSite","@id":"https:\/\/www.ig.cas.cz\/#website","url":"https:\/\/www.ig.cas.cz\/","name":"Dom\u016f","description":"Geofyzik\u00e1ln\u00ed \u00fastav Akademie v\u011bd \u010cR, v.v.i.","potentialAction":[{"@type":"SearchAction","target":{"@type":"EntryPoint","urlTemplate":"https:\/\/www.ig.cas.cz\/?s={search_term_string}"},"query-input":{"@type":"PropertyValueSpecification","valueRequired":true,"valueName":"search_term_string"}}],"inLanguage":"en-US"}]}},"_links":{"self":[{"href":"https:\/\/www.ig.cas.cz\/en\/wp-json\/wp\/v2\/pages\/422","targetHints":{"allow":["GET"]}}],"collection":[{"href":"https:\/\/www.ig.cas.cz\/en\/wp-json\/wp\/v2\/pages"}],"about":[{"href":"https:\/\/www.ig.cas.cz\/en\/wp-json\/wp\/v2\/types\/page"}],"author":[{"embeddable":true,"href":"https:\/\/www.ig.cas.cz\/en\/wp-json\/wp\/v2\/users\/1"}],"replies":[{"embeddable":true,"href":"https:\/\/www.ig.cas.cz\/en\/wp-json\/wp\/v2\/comments?post=422"}],"version-history":[{"count":4,"href":"https:\/\/www.ig.cas.cz\/en\/wp-json\/wp\/v2\/pages\/422\/revisions"}],"predecessor-version":[{"id":42862,"href":"https:\/\/www.ig.cas.cz\/en\/wp-json\/wp\/v2\/pages\/422\/revisions\/42862"}],"up":[{"embeddable":true,"href":"https:\/\/www.ig.cas.cz\/en\/wp-json\/wp\/v2\/pages\/368"}],"wp:featuredmedia":[{"embeddable":true,"href":"https:\/\/www.ig.cas.cz\/en\/wp-json\/wp\/v2\/media\/3406"}],"wp:attachment":[{"href":"https:\/\/www.ig.cas.cz\/en\/wp-json\/wp\/v2\/media?parent=422"}],"wp:term":[{"taxonomy":"category","embeddable":true,"href":"https:\/\/www.ig.cas.cz\/en\/wp-json\/wp\/v2\/categories?post=422"},{"taxonomy":"post_tag","embeddable":true,"href":"https:\/\/www.ig.cas.cz\/en\/wp-json\/wp\/v2\/tags?post=422"}],"curies":[{"name":"wp","href":"https:\/\/api.w.org\/{rel}","templated":true}]}}