{"id":42306,"date":"2025-10-15T09:10:29","date_gmt":"2025-10-15T07:10:29","guid":{"rendered":"https:\/\/www.ig.cas.cz\/?page_id=42306"},"modified":"2025-10-15T09:15:00","modified_gmt":"2025-10-15T07:15:00","slug":"university-classes","status":"publish","type":"page","link":"https:\/\/www.ig.cas.cz\/en\/research\/university-classes\/","title":{"rendered":"University classes"},"content":{"rendered":"<p>[et_pb_section fb_built=&#8221;1&#8243; _builder_version=&#8221;4.16&#8243; global_colors_info=&#8221;{}&#8221;][et_pb_row _builder_version=&#8221;4.16&#8243; background_size=&#8221;initial&#8221; background_position=&#8221;top_left&#8221; background_repeat=&#8221;repeat&#8221; global_colors_info=&#8221;{}&#8221;][et_pb_column type=&#8221;4_4&#8243; _builder_version=&#8221;4.16&#8243; custom_padding=&#8221;|||&#8221; global_colors_info=&#8221;{}&#8221; custom_padding__hover=&#8221;|||&#8221;][et_pb_text _builder_version=&#8221;4.27.4&#8243; background_size=&#8221;initial&#8221; background_position=&#8221;top_left&#8221; background_repeat=&#8221;repeat&#8221; hover_enabled=&#8221;0&#8243; global_colors_info=&#8221;{}&#8221; sticky_enabled=&#8221;0&#8243;]<\/p>\n<p>We take part in teaching Earth sciences at the <a href=\"https:\/\/natur.cuni.cz\/en\">Faculty of Science, Charles University.<\/a><\/p>\n<div class=\"z-0 flex min-h-[46px] justify-start\">\u00a0<\/div>\n<div>\u00a0<\/div>\n<div class=\"mt-3 w-full empty:hidden\">\n<div class=\"text-center\">\n<div>\n<div class=\"inline-flex border border-gray-100 dark:border-gray-700 rounded-xl\">\n<div class=\"text-token-text-secondary flex items-center justify-center gap-4 px-4 py-2.5 text-sm whitespace-nowrap\">Analogov\u00e9 modelov\u00e1n\u00ed v&nbsp;geov\u011bd\u00e1ch \/ Analog modeling in Geociences \u2013 MG420P16 (<strong>O. Kr\u00fdza, P.\u00a0Z\u00e1vada<\/strong>)<\/div>\n<\/div>\n<\/div>\n<\/div>\n<\/div>\n<p>Geologie sediment\u00e1rn\u00edch p\u00e1nv\u00ed \/ Geology of Sedimentary Basins \u2013 MG421P38 (<strong>D. Uli\u010dn\u00fd<\/strong>) (bi-yearly)<\/p>\n<p>Geotermick\u00fd pr\u016fzkum \/ Geothermal prospecting \u2013 MG452P47 (T. Fischer,<strong>\u00a0P.\u00a0D\u011bde\u010dek<\/strong>)<\/p>\n<p>Magnetomineralogie \/ Magnetomineralogy \u2013 MG452P68 (<strong>E. Petrovsk\u00fd<\/strong>)<\/p>\n<p>Obr\u00e1cen\u00e9 \u00falohy v\u00a0geofyzice \/ Inverse problems in geophysics \u2013 MG452P73 (<strong>B. R\u016f\u017eek<\/strong>)<\/p>\n<p>Sediment\u00e1rn\u00ed geologie \/ Sedimentary Geology \u2013 MG421P14 (<strong>D. Uli\u010dn\u00fd<\/strong>)<\/p>\n<p>Sekven\u010dn\u00ed stratigrafie \/ Sequence Stratigraphy \u2013 MG420P04 (<strong>D. Uli\u010dn\u00fd<\/strong>) (bi-yearly; runs in 2025)<\/p>\n<p>Ter\u00e9nn\u00ed exkurze ze sediment\u00e1rn\u00ed geologie \/ Field excursion in sedimentary geology \u2013 MG421T15 (K. Mart\u00ednek,<strong>\u00a0D. Uli\u010dn\u00fd<\/strong>)<\/p>\n<p>Zlomov\u00e1 tektonika a\u00a0seismick\u00e1 aktivita \/ Fault Tectonics and Seismic Activity \u2013 MG440P40 (<strong>A. \u0160pi\u010d\u00e1k<\/strong>)<\/p>\n<p>[\/et_pb_text][\/et_pb_column][\/et_pb_row][\/et_pb_section]<\/p>\n","protected":false},"excerpt":{"rendered":"<p>We take part in teaching Earth sciences at the Faculty of Science, Charles University. \u00a0 \u00a0 Analogov\u00e9 modelov\u00e1n\u00ed v&nbsp;geov\u011bd\u00e1ch \/ Analog modeling in Geociences \u2013 MG420P16 (O. Kr\u00fdza, P.\u00a0Z\u00e1vada) Geologie sediment\u00e1rn\u00edch p\u00e1nv\u00ed \/ Geology of Sedimentary Basins \u2013 MG421P38 (D. Uli\u010dn\u00fd) (bi-yearly) Geotermick\u00fd pr\u016fzkum \/ Geothermal prospecting \u2013 MG452P47 (T. Fischer,\u00a0P.\u00a0D\u011bde\u010dek) Magnetomineralogie \/ Magnetomineralogy [&hellip;]<\/p>\n","protected":false},"author":32,"featured_media":12002,"parent":404,"menu_order":0,"comment_status":"closed","ping_status":"closed","template":"","meta":{"_et_pb_use_builder":"on","_et_pb_old_content":"<p>We take part in teaching Earth sciences at the <a href=\"https:\/\/natur.cuni.cz\/en\">Faculty of Science, Charles University.<\/a><\/p><div class=\"z-0 flex min-h-[46px] justify-start\">\u00a0<\/div><div class=\"mt-3 w-full empty:hidden\"><div class=\"text-center\"><div><div class=\"inline-flex border border-gray-100 dark:border-gray-700 rounded-xl\"><div class=\"text-token-text-secondary flex items-center justify-center gap-4 px-4 py-2.5 text-sm whitespace-nowrap\">Analogov\u00e9 modelov\u00e1n\u00ed v geov\u011bd\u00e1ch \/ Analog modeling in Geociences \u2013 MG420P16 (<strong>O. Kr\u00fdza, P.\u00a0Z\u00e1vada<\/strong>)<\/div><\/div><\/div><\/div><\/div><p>Geologie sediment\u00e1rn\u00edch p\u00e1nv\u00ed \/ Geology of Sedimentary Basins \u2013 MG421P38 (<strong>D. Uli\u010dn\u00fd<\/strong>) (bi-yearly)<\/p><p>Geotermick\u00fd pr\u016fzkum \/ Geothermal prospecting \u2013 MG452P47 (T. Fischer,<strong>\u00a0P.\u00a0D\u011bde\u010dek<\/strong>)<\/p><p>Magnetomineralogie \/ Magnetomineralogy \u2013 MG452P68 (<strong>E. Petrovsk\u00fd<\/strong>)<\/p><p>Obr\u00e1cen\u00e9 \u00falohy v\u00a0geofyzice \/ Inverse problems in geophysics \u2013 MG452P73 (<strong>B. R\u016f\u017eek<\/strong>)<\/p><p>Sediment\u00e1rn\u00ed geologie \/ Sedimentary Geology \u2013 MG421P14 (<strong>D. Uli\u010dn\u00fd<\/strong>)<\/p><p>Sekven\u010dn\u00ed stratigrafie \/ Sequence Stratigraphy \u2013 MG420P04 (<strong>D. Uli\u010dn\u00fd<\/strong>) (bi-yearly; runs in 2025)<\/p><p>Ter\u00e9nn\u00ed exkurze ze sediment\u00e1rn\u00ed geologie \/ Field excursion in sedimentary geology \u2013 MG421T15 (K. Mart\u00ednek,<strong>\u00a0D. Uli\u010dn\u00fd<\/strong>)<\/p><p>Zlomov\u00e1 tektonika a\u00a0seismick\u00e1 aktivita \/ Fault Tectonics and Seismic Activity \u2013 MG440P40 (<strong>A. \u0160pi\u010d\u00e1k<\/strong>)<\/p>","_et_gb_content_width":"","footnotes":""},"categories":[124],"tags":[],"class_list":["post-42306","page","type-page","status-publish","has-post-thumbnail","hentry","category-lectures-eng"],"yoast_head":"<!-- This site is optimized with the Yoast SEO plugin v25.9 - https:\/\/yoast.com\/wordpress\/plugins\/seo\/ -->\n<title>University classes - Geofyzik\u00e1ln\u00ed \u00fastav Akademie v\u011bd \u010cR, v.v.i.<\/title>\n<meta name=\"robots\" content=\"index, follow, max-snippet:-1, max-image-preview:large, max-video-preview:-1\" \/>\n<link rel=\"canonical\" href=\"https:\/\/www.ig.cas.cz\/en\/research\/university-classes\/\" \/>\n<meta property=\"og:locale\" content=\"en_US\" \/>\n<meta property=\"og:type\" content=\"article\" \/>\n<meta property=\"og:title\" content=\"University classes - Geofyzik\u00e1ln\u00ed \u00fastav Akademie v\u011bd \u010cR, v.v.i.\" \/>\n<meta property=\"og:description\" content=\"We take part in teaching Earth sciences at the Faculty of Science, Charles University. \u00a0 \u00a0 Analogov\u00e9 modelov\u00e1n\u00ed v geov\u011bd\u00e1ch \/ Analog modeling in Geociences \u2013 MG420P16 (O. Kr\u00fdza, P.\u00a0Z\u00e1vada) Geologie sediment\u00e1rn\u00edch p\u00e1nv\u00ed \/ Geology of Sedimentary Basins \u2013 MG421P38 (D. Uli\u010dn\u00fd) (bi-yearly) Geotermick\u00fd pr\u016fzkum \/ Geothermal prospecting \u2013 MG452P47 (T. Fischer,\u00a0P.\u00a0D\u011bde\u010dek) Magnetomineralogie \/ Magnetomineralogy [&hellip;]\" \/>\n<meta property=\"og:url\" content=\"https:\/\/www.ig.cas.cz\/en\/research\/university-classes\/\" \/>\n<meta property=\"og:site_name\" content=\"Dom\u016f\" \/>\n<meta property=\"article:publisher\" content=\"https:\/\/www.facebook.com\/GFUAVCR\/\" \/>\n<meta property=\"article:modified_time\" content=\"2025-10-15T07:15:00+00:00\" \/>\n<meta property=\"og:image\" content=\"https:\/\/www.ig.cas.cz\/wp-content\/uploads\/2018\/01\/mapa_geologicka.jpg\" \/>\n\t<meta property=\"og:image:width\" content=\"2500\" \/>\n\t<meta property=\"og:image:height\" content=\"260\" \/>\n\t<meta property=\"og:image:type\" content=\"image\/jpeg\" \/>\n<meta name=\"twitter:card\" content=\"summary_large_image\" \/>\n<meta name=\"twitter:label1\" content=\"Est. reading time\" \/>\n\t<meta name=\"twitter:data1\" content=\"1 minute\" \/>\n<script type=\"application\/ld+json\" class=\"yoast-schema-graph\">{\"@context\":\"https:\/\/schema.org\",\"@graph\":[{\"@type\":\"WebPage\",\"@id\":\"https:\/\/www.ig.cas.cz\/en\/research\/university-classes\/\",\"url\":\"https:\/\/www.ig.cas.cz\/en\/research\/university-classes\/\",\"name\":\"University classes - Geofyzik\u00e1ln\u00ed \u00fastav Akademie v\u011bd \u010cR, v.v.i.\",\"isPartOf\":{\"@id\":\"https:\/\/www.ig.cas.cz\/#website\"},\"primaryImageOfPage\":{\"@id\":\"https:\/\/www.ig.cas.cz\/en\/research\/university-classes\/#primaryimage\"},\"image\":{\"@id\":\"https:\/\/www.ig.cas.cz\/en\/research\/university-classes\/#primaryimage\"},\"thumbnailUrl\":\"https:\/\/www.ig.cas.cz\/wp-content\/uploads\/2018\/01\/mapa_geologicka.jpg\",\"datePublished\":\"2025-10-15T07:10:29+00:00\",\"dateModified\":\"2025-10-15T07:15:00+00:00\",\"breadcrumb\":{\"@id\":\"https:\/\/www.ig.cas.cz\/en\/research\/university-classes\/#breadcrumb\"},\"inLanguage\":\"en-US\",\"potentialAction\":[{\"@type\":\"ReadAction\",\"target\":[\"https:\/\/www.ig.cas.cz\/en\/research\/university-classes\/\"]}]},{\"@type\":\"ImageObject\",\"inLanguage\":\"en-US\",\"@id\":\"https:\/\/www.ig.cas.cz\/en\/research\/university-classes\/#primaryimage\",\"url\":\"https:\/\/www.ig.cas.cz\/wp-content\/uploads\/2018\/01\/mapa_geologicka.jpg\",\"contentUrl\":\"https:\/\/www.ig.cas.cz\/wp-content\/uploads\/2018\/01\/mapa_geologicka.jpg\",\"width\":2500,\"height\":260},{\"@type\":\"BreadcrumbList\",\"@id\":\"https:\/\/www.ig.cas.cz\/en\/research\/university-classes\/#breadcrumb\",\"itemListElement\":[{\"@type\":\"ListItem\",\"position\":1,\"name\":\"Dom\u016f\",\"item\":\"https:\/\/www.ig.cas.cz\/en\/\"},{\"@type\":\"ListItem\",\"position\":2,\"name\":\"Research\",\"item\":\"https:\/\/www.ig.cas.cz\/en\/research\/\"},{\"@type\":\"ListItem\",\"position\":3,\"name\":\"University classes\"}]},{\"@type\":\"WebSite\",\"@id\":\"https:\/\/www.ig.cas.cz\/#website\",\"url\":\"https:\/\/www.ig.cas.cz\/\",\"name\":\"Dom\u016f\",\"description\":\"Geofyzik\u00e1ln\u00ed \u00fastav Akademie v\u011bd \u010cR, v.v.i.\",\"potentialAction\":[{\"@type\":\"SearchAction\",\"target\":{\"@type\":\"EntryPoint\",\"urlTemplate\":\"https:\/\/www.ig.cas.cz\/?s={search_term_string}\"},\"query-input\":{\"@type\":\"PropertyValueSpecification\",\"valueRequired\":true,\"valueName\":\"search_term_string\"}}],\"inLanguage\":\"en-US\"}]}<\/script>\n<!-- \/ Yoast SEO plugin. -->","yoast_head_json":{"title":"University classes - Geofyzik\u00e1ln\u00ed \u00fastav Akademie v\u011bd \u010cR, v.v.i.","robots":{"index":"index","follow":"follow","max-snippet":"max-snippet:-1","max-image-preview":"max-image-preview:large","max-video-preview":"max-video-preview:-1"},"canonical":"https:\/\/www.ig.cas.cz\/en\/research\/university-classes\/","og_locale":"en_US","og_type":"article","og_title":"University classes - Geofyzik\u00e1ln\u00ed \u00fastav Akademie v\u011bd \u010cR, v.v.i.","og_description":"We take part in teaching Earth sciences at the Faculty of Science, Charles University. \u00a0 \u00a0 Analogov\u00e9 modelov\u00e1n\u00ed v geov\u011bd\u00e1ch \/ Analog modeling in Geociences \u2013 MG420P16 (O. Kr\u00fdza, P.\u00a0Z\u00e1vada) Geologie sediment\u00e1rn\u00edch p\u00e1nv\u00ed \/ Geology of Sedimentary Basins \u2013 MG421P38 (D. Uli\u010dn\u00fd) (bi-yearly) Geotermick\u00fd pr\u016fzkum \/ Geothermal prospecting \u2013 MG452P47 (T. Fischer,\u00a0P.\u00a0D\u011bde\u010dek) Magnetomineralogie \/ Magnetomineralogy [&hellip;]","og_url":"https:\/\/www.ig.cas.cz\/en\/research\/university-classes\/","og_site_name":"Dom\u016f","article_publisher":"https:\/\/www.facebook.com\/GFUAVCR\/","article_modified_time":"2025-10-15T07:15:00+00:00","og_image":[{"width":2500,"height":260,"url":"https:\/\/www.ig.cas.cz\/wp-content\/uploads\/2018\/01\/mapa_geologicka.jpg","type":"image\/jpeg"}],"twitter_card":"summary_large_image","twitter_misc":{"Est. reading time":"1 minute"},"schema":{"@context":"https:\/\/schema.org","@graph":[{"@type":"WebPage","@id":"https:\/\/www.ig.cas.cz\/en\/research\/university-classes\/","url":"https:\/\/www.ig.cas.cz\/en\/research\/university-classes\/","name":"University classes - Geofyzik\u00e1ln\u00ed \u00fastav Akademie v\u011bd \u010cR, v.v.i.","isPartOf":{"@id":"https:\/\/www.ig.cas.cz\/#website"},"primaryImageOfPage":{"@id":"https:\/\/www.ig.cas.cz\/en\/research\/university-classes\/#primaryimage"},"image":{"@id":"https:\/\/www.ig.cas.cz\/en\/research\/university-classes\/#primaryimage"},"thumbnailUrl":"https:\/\/www.ig.cas.cz\/wp-content\/uploads\/2018\/01\/mapa_geologicka.jpg","datePublished":"2025-10-15T07:10:29+00:00","dateModified":"2025-10-15T07:15:00+00:00","breadcrumb":{"@id":"https:\/\/www.ig.cas.cz\/en\/research\/university-classes\/#breadcrumb"},"inLanguage":"en-US","potentialAction":[{"@type":"ReadAction","target":["https:\/\/www.ig.cas.cz\/en\/research\/university-classes\/"]}]},{"@type":"ImageObject","inLanguage":"en-US","@id":"https:\/\/www.ig.cas.cz\/en\/research\/university-classes\/#primaryimage","url":"https:\/\/www.ig.cas.cz\/wp-content\/uploads\/2018\/01\/mapa_geologicka.jpg","contentUrl":"https:\/\/www.ig.cas.cz\/wp-content\/uploads\/2018\/01\/mapa_geologicka.jpg","width":2500,"height":260},{"@type":"BreadcrumbList","@id":"https:\/\/www.ig.cas.cz\/en\/research\/university-classes\/#breadcrumb","itemListElement":[{"@type":"ListItem","position":1,"name":"Dom\u016f","item":"https:\/\/www.ig.cas.cz\/en\/"},{"@type":"ListItem","position":2,"name":"Research","item":"https:\/\/www.ig.cas.cz\/en\/research\/"},{"@type":"ListItem","position":3,"name":"University classes"}]},{"@type":"WebSite","@id":"https:\/\/www.ig.cas.cz\/#website","url":"https:\/\/www.ig.cas.cz\/","name":"Dom\u016f","description":"Geofyzik\u00e1ln\u00ed \u00fastav Akademie v\u011bd \u010cR, v.v.i.","potentialAction":[{"@type":"SearchAction","target":{"@type":"EntryPoint","urlTemplate":"https:\/\/www.ig.cas.cz\/?s={search_term_string}"},"query-input":{"@type":"PropertyValueSpecification","valueRequired":true,"valueName":"search_term_string"}}],"inLanguage":"en-US"}]}},"_links":{"self":[{"href":"https:\/\/www.ig.cas.cz\/en\/wp-json\/wp\/v2\/pages\/42306","targetHints":{"allow":["GET"]}}],"collection":[{"href":"https:\/\/www.ig.cas.cz\/en\/wp-json\/wp\/v2\/pages"}],"about":[{"href":"https:\/\/www.ig.cas.cz\/en\/wp-json\/wp\/v2\/types\/page"}],"author":[{"embeddable":true,"href":"https:\/\/www.ig.cas.cz\/en\/wp-json\/wp\/v2\/users\/32"}],"replies":[{"embeddable":true,"href":"https:\/\/www.ig.cas.cz\/en\/wp-json\/wp\/v2\/comments?post=42306"}],"version-history":[{"count":4,"href":"https:\/\/www.ig.cas.cz\/en\/wp-json\/wp\/v2\/pages\/42306\/revisions"}],"predecessor-version":[{"id":42318,"href":"https:\/\/www.ig.cas.cz\/en\/wp-json\/wp\/v2\/pages\/42306\/revisions\/42318"}],"up":[{"embeddable":true,"href":"https:\/\/www.ig.cas.cz\/en\/wp-json\/wp\/v2\/pages\/404"}],"wp:featuredmedia":[{"embeddable":true,"href":"https:\/\/www.ig.cas.cz\/en\/wp-json\/wp\/v2\/media\/12002"}],"wp:attachment":[{"href":"https:\/\/www.ig.cas.cz\/en\/wp-json\/wp\/v2\/media?parent=42306"}],"wp:term":[{"taxonomy":"category","embeddable":true,"href":"https:\/\/www.ig.cas.cz\/en\/wp-json\/wp\/v2\/categories?post=42306"},{"taxonomy":"post_tag","embeddable":true,"href":"https:\/\/www.ig.cas.cz\/en\/wp-json\/wp\/v2\/tags?post=42306"}],"curies":[{"name":"wp","href":"https:\/\/api.w.org\/{rel}","templated":true}]}}