{"id":424,"date":"2017-12-29T15:33:00","date_gmt":"2017-12-29T14:33:00","guid":{"rendered":"http:\/\/igcas.antstudio.eu\/?page_id=424"},"modified":"2025-06-10T11:12:27","modified_gmt":"2025-06-10T09:12:27","slug":"accommodation-at-ig","status":"publish","type":"page","link":"https:\/\/www.ig.cas.cz\/en\/about\/accommodation-at-ig\/","title":{"rendered":"Accommodation at IG"},"content":{"rendered":"<p>[et_pb_section fb_built=&#8221;1&#8243; _builder_version=&#8221;4.16&#8243; custom_padding=&#8221;19px|0px|57.4375px|0px&#8221; global_colors_info=&#8221;{}&#8221;][et_pb_row column_structure=&#8221;3_4,1_4&#8243; _builder_version=&#8221;4.16&#8243; custom_padding=&#8221;0px|0px|28.7125px|0px&#8221; global_colors_info=&#8221;{}&#8221;][et_pb_column type=&#8221;3_4&#8243; _builder_version=&#8221;4.16&#8243; custom_padding=&#8221;|||&#8221; global_colors_info=&#8221;{}&#8221; custom_padding__hover=&#8221;|||&#8221;][et_pb_text _builder_version=&#8221;4.27.4&#8243; hover_enabled=&#8221;0&#8243; global_colors_info=&#8221;{}&#8221; sticky_enabled=&#8221;0&#8243;]<\/p>\n<p data-start=\"52\" data-end=\"89\"><strong data-start=\"52\" data-end=\"89\">Hotel-Type Accommodation Facility<\/strong><\/p>\n<p data-start=\"91\" data-end=\"392\">The accommodation facility, located in a&nbsp;building with an elevator, is situated at the entrance to the Institute of Geophysics campus in Spo\u0159ilov, Prague. The facility offers two single rooms and four double rooms, both with the possibility of an extra bed. All rooms are equipped to a&nbsp;standard level.<\/p>\n<p data-start=\"394\" data-end=\"586\"><strong data-start=\"394\" data-end=\"411\">Single Rooms:<\/strong><br data-start=\"411\" data-end=\"414\" \/>Area: 23&nbsp;m\u00b2<br data-start=\"425\" data-end=\"428\" \/>Amenities: bed, nightstand, sofa bed, coffee table, desk with chair, wardrobe, small fridge. Each room has a&nbsp;private bathroom with a&nbsp;shower, sink, and toilet.<\/p>\n<p data-start=\"588\" data-end=\"779\"><strong data-start=\"588\" data-end=\"605\">Double Rooms:<\/strong><br data-start=\"605\" data-end=\"608\" \/>Area: 24&nbsp;m\u00b2<br data-start=\"619\" data-end=\"622\" \/>Amenities: 2 single beds, 2 nightstands, sofa bed, desk with chair, wardrobe, small fridge. Each room has a&nbsp;private bathroom with a&nbsp;shower, sink, and toilet.<\/p>\n<p data-start=\"781\" data-end=\"1010\">There are two shared kitchenettes available. Each kitchenette is equipped with basic kitchenware, an electric kettle, electric stove, oven, microwave, and washing machine. An iron and ironing board can be borrowed free of charge.<\/p>\n<p data-start=\"1012\" data-end=\"1230\">The price of accommodation includes bed linen and towels. Wi-Fi or Eduroam access is free of charge. Free parking is available for hotel guests within the premises. A&nbsp;dining facility on site offers breakfast and lunch.<\/p>\n<p data-start=\"1232\" data-end=\"1354\"><strong>Subject to availability, we offer accommodation to the public under the same conditions as for employees and their guests.<\/strong><\/p>\n<p><strong>The price is per night and person:<\/strong><\/p>\n<table style=\"height: 171px;\" border=\"1\" width=\"421\" cellspacing=\"4\" cellpadding=\"3\" align=\"center\">\n<tbody>\n<tr>\n<td style=\"width: 148.55px;\">\u00a0<\/td>\n<td style=\"text-align: center; width: 77.9333px;\">\u00a0Base<\/td>\n<td style=\"text-align: center; width: 59.5167px;\">\u00a0VAT<\/td>\n<td style=\"text-align: center; width: 81px;\">\u00a0<strong>Total<\/strong><\/td>\n<\/tr>\n<tr>\n<td style=\"text-align: left; width: 148.55px;\" align=\"center\">\u00a0<strong>Single room<br \/><\/strong><\/td>\n<td style=\"text-align: center; width: 77.9333px;\">\u00a0732,14&nbsp;K\u010d<\/td>\n<td style=\"text-align: center; width: 59.5167px;\" align=\"center\">87,86&nbsp;K\u010d<\/td>\n<td style=\"text-align: center; width: 81px;\"><strong>\u00a0820&nbsp;K\u010d<\/strong><\/td>\n<\/tr>\n<tr>\n<td style=\"text-align: left; width: 148.55px;\" align=\"center\">\u00a0<strong>Double room<br \/><\/strong><\/td>\n<td style=\"text-align: center; width: 77.9333px;\">\u00a0544,64&nbsp;K\u010d<\/td>\n<td style=\"text-align: center; width: 59.5167px;\">65,36&nbsp;K\u010d<\/td>\n<td style=\"text-align: center; width: 81px;\"><strong>610&nbsp;K\u010d<\/strong><\/td>\n<\/tr>\n<tr>\n<td style=\"text-align: left; width: 148.55px;\" align=\"center\">\u00a0<strong>Extra bed<br \/><\/strong><\/td>\n<td style=\"text-align: center; width: 77.9333px;\" align=\"center\">\u00a0537,14&nbsp;K\u010d<\/td>\n<td style=\"text-align: center; width: 59.5167px;\">42,86&nbsp;K\u010d<\/td>\n<td style=\"text-align: center; width: 81px;\" align=\"center\"><strong>\u00a0400&nbsp;K\u010d<\/strong><\/td>\n<\/tr>\n<\/tbody>\n<\/table>\n<p><strong>Long-term rentals (longer than 1 month) &#8211; price per each started month:<\/strong><\/p>\n<table border=\"1\" cellspacing=\"4\" cellpadding=\"3\" align=\"center\">\n<tbody>\n<tr>\n<td style=\"text-align: left;\">\u00a0<\/td>\n<td align=\"center\">Base<\/td>\n<td style=\"text-align: center;\" align=\"center\">VAT<\/td>\n<td align=\"center\"><strong>Total<\/strong><\/td>\n<\/tr>\n<tr>\n<td style=\"text-align: left;\">\n<div style=\"text-align: left;\" align=\"center\"><strong>Single room<br \/><\/strong><\/div>\n<\/td>\n<td align=\"center\">7&nbsp;089,28&nbsp;K\u010d<\/td>\n<td style=\"text-align: center;\">850,72&nbsp;K\u010d<\/td>\n<td align=\"center\"><strong>7&nbsp;940&nbsp;K\u010d<\/strong><\/td>\n<\/tr>\n<tr>\n<td style=\"text-align: left;\" align=\"center\"><strong>Double room<br \/><\/strong><\/td>\n<td align=\"center\">10&nbsp;633,93&nbsp;K\u010d<\/td>\n<td style=\"text-align: center;\">1&nbsp;276,07&nbsp;K\u010d<\/td>\n<td align=\"center\"><strong>11&nbsp;910&nbsp;K\u010d<\/strong><\/td>\n<\/tr>\n<tr>\n<td style=\"text-align: left;\" align=\"center\"><strong>Extra bed<br \/><\/strong><\/td>\n<td align=\"center\">3&nbsp;491,07&nbsp;K\u010d<\/td>\n<td style=\"text-align: center;\">418,93&nbsp;K\u010d<\/td>\n<td align=\"center\"><strong>3&nbsp;910&nbsp;K\u010d<\/strong><\/td>\n<\/tr>\n<\/tbody>\n<\/table>\n<p>A 50&nbsp;K\u010d fee is set for each night as a&nbsp;tourist tax.<\/p>\n<p><strong>Flat:<\/strong><\/p>\n<table style=\"width: 522px;\">\n<tbody>\n<tr>\n<td style=\"width: 164.083px;\">\u00a0<\/td>\n<td style=\"width: 114.917px; text-align: center;\">Area (m<sup>2<\/sup>)<\/td>\n<td style=\"width: 216px; text-align: center;\"><strong>Rent (month)<br \/><\/strong><\/td>\n<\/tr>\n<tr>\n<td style=\"width: 164.083px;\">Barrier-free flat<\/td>\n<td style=\"width: 114.917px; text-align: center;\">40<\/td>\n<td style=\"width: 216px; text-align: center;\"><strong>5&nbsp;570&nbsp;K\u010d<\/strong><\/td>\n<\/tr>\n<tr>\n<td style=\"width: 164.083px;\">Flat<\/td>\n<td style=\"width: 114.917px; text-align: center;\">54<\/td>\n<td style=\"width: 216px; text-align: center;\"><strong>7&nbsp;600&nbsp;K\u010d<\/strong><\/td>\n<\/tr>\n<\/tbody>\n<\/table>\n<p>&nbsp;<\/p>\n<ul data-start=\"492\" data-end=\"698\" data-is-last-node=\"\" data-is-only-node=\"\">\n<li class=\"\" data-start=\"666\" data-end=\"698\">\n<p class=\"\" data-start=\"668\" data-end=\"698\">\n<\/li>\n<\/ul>\n<p>[\/et_pb_text][\/et_pb_column][et_pb_column type=&#8221;1_4&#8243; _builder_version=&#8221;4.16&#8243; custom_padding=&#8221;|||&#8221; global_colors_info=&#8221;{}&#8221; custom_padding__hover=&#8221;|||&#8221;][et_pb_text _builder_version=&#8221;4.16&#8243; global_colors_info=&#8221;{}&#8221;]<strong>Contact<br \/>\n<\/strong>Kate\u0159ina Bohovy\u010dov\u00e1<br \/>\n+420\u00a0267\u00a0103\u00a0327<br \/>\n<a href=\"mailto:gfu@ig.cas.cz\">gfu@ig.cas.cz<\/a><br \/>\n[\/et_pb_text][et_pb_image src=&#8221;https:\/\/www.ig.cas.cz\/wp-content\/uploads\/2018\/01\/Hotel1.jpg&#8221; align_tablet=&#8221;center&#8221; align_phone=&#8221;&#8221; align_last_edited=&#8221;on|desktop&#8221; _builder_version=&#8221;4.16&#8243; global_colors_info=&#8221;{}&#8221;][\/et_pb_image][et_pb_image src=&#8221;https:\/\/www.ig.cas.cz\/wp-content\/uploads\/2018\/01\/Hotel2.jpg&#8221; align_tablet=&#8221;center&#8221; align_phone=&#8221;&#8221; align_last_edited=&#8221;on|desktop&#8221; _builder_version=&#8221;4.16&#8243; global_colors_info=&#8221;{}&#8221;][\/et_pb_image][et_pb_image src=&#8221;https:\/\/www.ig.cas.cz\/wp-content\/uploads\/2018\/04\/koupelna.jpg&#8221; align_tablet=&#8221;center&#8221; align_phone=&#8221;&#8221; align_last_edited=&#8221;on|desktop&#8221; _builder_version=&#8221;4.27.4&#8243; global_colors_info=&#8221;{}&#8221;][\/et_pb_image][et_pb_image src=&#8221;https:\/\/www.ig.cas.cz\/wp-content\/uploads\/2018\/01\/Hotel4.jpg&#8221; align_tablet=&#8221;center&#8221; align_phone=&#8221;&#8221; align_last_edited=&#8221;on|desktop&#8221; _builder_version=&#8221;4.27.4&#8243; global_colors_info=&#8221;{}&#8221;][\/et_pb_image][\/et_pb_column][\/et_pb_row][\/et_pb_section]<\/p>\n","protected":false},"excerpt":{"rendered":"<p>Hotel-Type Accommodation Facility The accommodation facility, located in a&nbsp;building with an elevator, is situated at the entrance to the Institute of Geophysics campus in Spo\u0159ilov, Prague. The facility offers two single rooms and four double rooms, both with the possibility of an extra bed. All rooms are equipped to a&nbsp;standard level. Single Rooms:Area: [&hellip;]<\/p>\n","protected":false},"author":1,"featured_media":3406,"parent":368,"menu_order":0,"comment_status":"closed","ping_status":"closed","template":"","meta":{"_et_pb_use_builder":"on","_et_pb_old_content":"","_et_gb_content_width":"","footnotes":""},"categories":[],"tags":[137],"class_list":["post-424","page","type-page","status-publish","has-post-thumbnail","hentry","tag-gfu-en"],"yoast_head":"<!-- This site is optimized with the Yoast SEO plugin v25.9 - https:\/\/yoast.com\/wordpress\/plugins\/seo\/ -->\n<title>Accommodation at IG - Geofyzik\u00e1ln\u00ed \u00fastav Akademie v\u011bd \u010cR, v.v.i.<\/title>\n<meta name=\"robots\" content=\"index, follow, max-snippet:-1, max-image-preview:large, max-video-preview:-1\" \/>\n<link rel=\"canonical\" href=\"https:\/\/www.ig.cas.cz\/en\/about\/accommodation-at-ig\/\" \/>\n<meta property=\"og:locale\" content=\"en_US\" \/>\n<meta property=\"og:type\" content=\"article\" \/>\n<meta property=\"og:title\" content=\"Accommodation at IG - Geofyzik\u00e1ln\u00ed \u00fastav Akademie v\u011bd \u010cR, v.v.i.\" \/>\n<meta property=\"og:description\" content=\"Hotel-Type Accommodation Facility The accommodation facility, located in a building with an elevator, is situated at the entrance to the Institute of Geophysics campus in Spo\u0159ilov, Prague. The facility offers two single rooms and four double rooms, both with the possibility of an extra bed. All rooms are equipped to a standard level. Single Rooms:Area: [&hellip;]\" \/>\n<meta property=\"og:url\" content=\"https:\/\/www.ig.cas.cz\/en\/about\/accommodation-at-ig\/\" \/>\n<meta property=\"og:site_name\" content=\"Dom\u016f\" \/>\n<meta property=\"article:publisher\" content=\"https:\/\/www.facebook.com\/GFUAVCR\/\" \/>\n<meta property=\"article:modified_time\" content=\"2025-06-10T09:12:27+00:00\" \/>\n<meta property=\"og:image\" content=\"https:\/\/www.ig.cas.cz\/wp-content\/uploads\/2018\/01\/seismogram_header.jpg\" \/>\n\t<meta property=\"og:image:width\" content=\"2500\" \/>\n\t<meta property=\"og:image:height\" content=\"260\" \/>\n\t<meta property=\"og:image:type\" content=\"image\/jpeg\" \/>\n<meta name=\"twitter:card\" content=\"summary_large_image\" \/>\n<meta name=\"twitter:label1\" content=\"Est. reading time\" \/>\n\t<meta name=\"twitter:data1\" content=\"3 minutes\" \/>\n<script type=\"application\/ld+json\" class=\"yoast-schema-graph\">{\"@context\":\"https:\/\/schema.org\",\"@graph\":[{\"@type\":\"WebPage\",\"@id\":\"https:\/\/www.ig.cas.cz\/en\/about\/accommodation-at-ig\/\",\"url\":\"https:\/\/www.ig.cas.cz\/en\/about\/accommodation-at-ig\/\",\"name\":\"Accommodation at IG - Geofyzik\u00e1ln\u00ed \u00fastav Akademie v\u011bd \u010cR, v.v.i.\",\"isPartOf\":{\"@id\":\"https:\/\/www.ig.cas.cz\/#website\"},\"primaryImageOfPage\":{\"@id\":\"https:\/\/www.ig.cas.cz\/en\/about\/accommodation-at-ig\/#primaryimage\"},\"image\":{\"@id\":\"https:\/\/www.ig.cas.cz\/en\/about\/accommodation-at-ig\/#primaryimage\"},\"thumbnailUrl\":\"https:\/\/www.ig.cas.cz\/wp-content\/uploads\/2018\/01\/seismogram_header.jpg\",\"datePublished\":\"2017-12-29T14:33:00+00:00\",\"dateModified\":\"2025-06-10T09:12:27+00:00\",\"breadcrumb\":{\"@id\":\"https:\/\/www.ig.cas.cz\/en\/about\/accommodation-at-ig\/#breadcrumb\"},\"inLanguage\":\"en-US\",\"potentialAction\":[{\"@type\":\"ReadAction\",\"target\":[\"https:\/\/www.ig.cas.cz\/en\/about\/accommodation-at-ig\/\"]}]},{\"@type\":\"ImageObject\",\"inLanguage\":\"en-US\",\"@id\":\"https:\/\/www.ig.cas.cz\/en\/about\/accommodation-at-ig\/#primaryimage\",\"url\":\"https:\/\/www.ig.cas.cz\/wp-content\/uploads\/2018\/01\/seismogram_header.jpg\",\"contentUrl\":\"https:\/\/www.ig.cas.cz\/wp-content\/uploads\/2018\/01\/seismogram_header.jpg\",\"width\":2500,\"height\":260,\"caption\":\"Joe Parks from Berkeley, CA, Creative Commons Uve\u010fte autora 2.0 Generic\"},{\"@type\":\"BreadcrumbList\",\"@id\":\"https:\/\/www.ig.cas.cz\/en\/about\/accommodation-at-ig\/#breadcrumb\",\"itemListElement\":[{\"@type\":\"ListItem\",\"position\":1,\"name\":\"Dom\u016f\",\"item\":\"https:\/\/www.ig.cas.cz\/en\/\"},{\"@type\":\"ListItem\",\"position\":2,\"name\":\"About\",\"item\":\"https:\/\/www.ig.cas.cz\/en\/about\/\"},{\"@type\":\"ListItem\",\"position\":3,\"name\":\"Accommodation at IG\"}]},{\"@type\":\"WebSite\",\"@id\":\"https:\/\/www.ig.cas.cz\/#website\",\"url\":\"https:\/\/www.ig.cas.cz\/\",\"name\":\"Dom\u016f\",\"description\":\"Geofyzik\u00e1ln\u00ed \u00fastav Akademie v\u011bd \u010cR, v.v.i.\",\"potentialAction\":[{\"@type\":\"SearchAction\",\"target\":{\"@type\":\"EntryPoint\",\"urlTemplate\":\"https:\/\/www.ig.cas.cz\/?s={search_term_string}\"},\"query-input\":{\"@type\":\"PropertyValueSpecification\",\"valueRequired\":true,\"valueName\":\"search_term_string\"}}],\"inLanguage\":\"en-US\"}]}<\/script>\n<!-- \/ Yoast SEO plugin. -->","yoast_head_json":{"title":"Accommodation at IG - Geofyzik\u00e1ln\u00ed \u00fastav Akademie v\u011bd \u010cR, v.v.i.","robots":{"index":"index","follow":"follow","max-snippet":"max-snippet:-1","max-image-preview":"max-image-preview:large","max-video-preview":"max-video-preview:-1"},"canonical":"https:\/\/www.ig.cas.cz\/en\/about\/accommodation-at-ig\/","og_locale":"en_US","og_type":"article","og_title":"Accommodation at IG - Geofyzik\u00e1ln\u00ed \u00fastav Akademie v\u011bd \u010cR, v.v.i.","og_description":"Hotel-Type Accommodation Facility The accommodation facility, located in a building with an elevator, is situated at the entrance to the Institute of Geophysics campus in Spo\u0159ilov, Prague. The facility offers two single rooms and four double rooms, both with the possibility of an extra bed. All rooms are equipped to a standard level. Single Rooms:Area: [&hellip;]","og_url":"https:\/\/www.ig.cas.cz\/en\/about\/accommodation-at-ig\/","og_site_name":"Dom\u016f","article_publisher":"https:\/\/www.facebook.com\/GFUAVCR\/","article_modified_time":"2025-06-10T09:12:27+00:00","og_image":[{"width":2500,"height":260,"url":"https:\/\/www.ig.cas.cz\/wp-content\/uploads\/2018\/01\/seismogram_header.jpg","type":"image\/jpeg"}],"twitter_card":"summary_large_image","twitter_misc":{"Est. reading time":"3 minutes"},"schema":{"@context":"https:\/\/schema.org","@graph":[{"@type":"WebPage","@id":"https:\/\/www.ig.cas.cz\/en\/about\/accommodation-at-ig\/","url":"https:\/\/www.ig.cas.cz\/en\/about\/accommodation-at-ig\/","name":"Accommodation at IG - Geofyzik\u00e1ln\u00ed \u00fastav Akademie v\u011bd \u010cR, v.v.i.","isPartOf":{"@id":"https:\/\/www.ig.cas.cz\/#website"},"primaryImageOfPage":{"@id":"https:\/\/www.ig.cas.cz\/en\/about\/accommodation-at-ig\/#primaryimage"},"image":{"@id":"https:\/\/www.ig.cas.cz\/en\/about\/accommodation-at-ig\/#primaryimage"},"thumbnailUrl":"https:\/\/www.ig.cas.cz\/wp-content\/uploads\/2018\/01\/seismogram_header.jpg","datePublished":"2017-12-29T14:33:00+00:00","dateModified":"2025-06-10T09:12:27+00:00","breadcrumb":{"@id":"https:\/\/www.ig.cas.cz\/en\/about\/accommodation-at-ig\/#breadcrumb"},"inLanguage":"en-US","potentialAction":[{"@type":"ReadAction","target":["https:\/\/www.ig.cas.cz\/en\/about\/accommodation-at-ig\/"]}]},{"@type":"ImageObject","inLanguage":"en-US","@id":"https:\/\/www.ig.cas.cz\/en\/about\/accommodation-at-ig\/#primaryimage","url":"https:\/\/www.ig.cas.cz\/wp-content\/uploads\/2018\/01\/seismogram_header.jpg","contentUrl":"https:\/\/www.ig.cas.cz\/wp-content\/uploads\/2018\/01\/seismogram_header.jpg","width":2500,"height":260,"caption":"Joe Parks from Berkeley, CA, Creative Commons Uve\u010fte autora 2.0 Generic"},{"@type":"BreadcrumbList","@id":"https:\/\/www.ig.cas.cz\/en\/about\/accommodation-at-ig\/#breadcrumb","itemListElement":[{"@type":"ListItem","position":1,"name":"Dom\u016f","item":"https:\/\/www.ig.cas.cz\/en\/"},{"@type":"ListItem","position":2,"name":"About","item":"https:\/\/www.ig.cas.cz\/en\/about\/"},{"@type":"ListItem","position":3,"name":"Accommodation at IG"}]},{"@type":"WebSite","@id":"https:\/\/www.ig.cas.cz\/#website","url":"https:\/\/www.ig.cas.cz\/","name":"Dom\u016f","description":"Geofyzik\u00e1ln\u00ed \u00fastav Akademie v\u011bd \u010cR, v.v.i.","potentialAction":[{"@type":"SearchAction","target":{"@type":"EntryPoint","urlTemplate":"https:\/\/www.ig.cas.cz\/?s={search_term_string}"},"query-input":{"@type":"PropertyValueSpecification","valueRequired":true,"valueName":"search_term_string"}}],"inLanguage":"en-US"}]}},"_links":{"self":[{"href":"https:\/\/www.ig.cas.cz\/en\/wp-json\/wp\/v2\/pages\/424","targetHints":{"allow":["GET"]}}],"collection":[{"href":"https:\/\/www.ig.cas.cz\/en\/wp-json\/wp\/v2\/pages"}],"about":[{"href":"https:\/\/www.ig.cas.cz\/en\/wp-json\/wp\/v2\/types\/page"}],"author":[{"embeddable":true,"href":"https:\/\/www.ig.cas.cz\/en\/wp-json\/wp\/v2\/users\/1"}],"replies":[{"embeddable":true,"href":"https:\/\/www.ig.cas.cz\/en\/wp-json\/wp\/v2\/comments?post=424"}],"version-history":[{"count":3,"href":"https:\/\/www.ig.cas.cz\/en\/wp-json\/wp\/v2\/pages\/424\/revisions"}],"predecessor-version":[{"id":41549,"href":"https:\/\/www.ig.cas.cz\/en\/wp-json\/wp\/v2\/pages\/424\/revisions\/41549"}],"up":[{"embeddable":true,"href":"https:\/\/www.ig.cas.cz\/en\/wp-json\/wp\/v2\/pages\/368"}],"wp:featuredmedia":[{"embeddable":true,"href":"https:\/\/www.ig.cas.cz\/en\/wp-json\/wp\/v2\/media\/3406"}],"wp:attachment":[{"href":"https:\/\/www.ig.cas.cz\/en\/wp-json\/wp\/v2\/media?parent=424"}],"wp:term":[{"taxonomy":"category","embeddable":true,"href":"https:\/\/www.ig.cas.cz\/en\/wp-json\/wp\/v2\/categories?post=424"},{"taxonomy":"post_tag","embeddable":true,"href":"https:\/\/www.ig.cas.cz\/en\/wp-json\/wp\/v2\/tags?post=424"}],"curies":[{"name":"wp","href":"https:\/\/api.w.org\/{rel}","templated":true}]}}