{"id":431,"date":"2017-12-29T12:36:28","date_gmt":"2017-12-29T11:36:28","guid":{"rendered":"http:\/\/igcas.antstudio.eu\/?page_id=431"},"modified":"2025-05-28T13:33:45","modified_gmt":"2025-05-28T11:33:45","slug":"executive","status":"publish","type":"page","link":"https:\/\/www.ig.cas.cz\/en\/about\/executive\/","title":{"rendered":"Executive"},"content":{"rendered":"<p>[et_pb_section fb_built=&#8221;1&#8243; admin_label=&#8221;section&#8221; _builder_version=&#8221;4.16&#8243; custom_padding=&#8221;19px|0px|0px|0px&#8221; global_colors_info=&#8221;{}&#8221;][et_pb_row column_structure=&#8221;1_3,1_3,1_3&#8243; admin_label=&#8221;row&#8221; _builder_version=&#8221;4.16&#8243; background_size=&#8221;initial&#8221; background_position=&#8221;top_left&#8221; background_repeat=&#8221;repeat&#8221; custom_padding=&#8221;0px|0px|28.95px|0px&#8221; global_colors_info=&#8221;{}&#8221;][et_pb_column type=&#8221;1_3&#8243; _builder_version=&#8221;4.16&#8243; custom_padding=&#8221;|||&#8221; global_colors_info=&#8221;{}&#8221; custom_padding__hover=&#8221;|||&#8221;][et_pb_text admin_label=&#8221;Text&#8221; _builder_version=&#8221;4.27.4&#8243; background_size=&#8221;initial&#8221; background_position=&#8221;top_left&#8221; background_repeat=&#8221;repeat&#8221; hover_enabled=&#8221;0&#8243; global_colors_info=&#8221;{}&#8221; sticky_enabled=&#8221;0&#8243;]<\/p>\n<h2 align=\"left\">Management<\/h2>\n<p><strong>Director<\/strong>: RNDr. Ale\u0161 \u0160pi\u010d\u00e1k, CSc.<br \/><strong>Deputy director:<\/strong>\u00a0RNDr. Eduard Petrovsk\u00fd, CSc.<br \/><strong>Deputy director:\u00a0<\/strong>RNDr. David Uli\u010dn\u00fd, CSc.<br \/><strong>Head of the Economy Department<\/strong>: Ing. Marcela K\u016fsov\u00e1<\/p>\n<h2 align=\"left\">\u00a0<\/h2>\n<h2 style=\"text-align: left;\" align=\"left\">\u00a0<\/h2>\n<h2 align=\"center\">\u00a0<\/h2>\n<h2 style=\"text-align: left;\" align=\"center\">\u00a0<\/h2>\n<p>[\/et_pb_text][\/et_pb_column][et_pb_column type=&#8221;1_3&#8243; _builder_version=&#8221;4.16&#8243; custom_padding=&#8221;|||&#8221; global_colors_info=&#8221;{}&#8221; custom_padding__hover=&#8221;|||&#8221;][et_pb_text _builder_version=&#8221;4.27.4&#8243; global_colors_info=&#8221;{}&#8221;]<\/p>\n<h2 align=\"left\">Board of the Institute<\/h2>\n<p><strong>Chair<\/strong>: RNDr. Eduard Petrovsk\u00fd, CSc.<br \/><strong>Vice chair<\/strong>: Doc. RNDr. Hana \u010c\u00ed\u017ekov\u00e1, PhD. (MFF UK)<br \/><strong>Secretary<\/strong>: RNDr. Ond\u0159ej Kr\u00fdza, Ph.D.<\/p>\n<p><strong>Internal members:<br \/><\/strong><\/p>\n<ul>\n<li>Dr. Catherine Annen<\/li>\n<li>RNDr. Jan Burj\u00e1nek, Ph.D.<\/li>\n<li>Ing. Jana Doubravov\u00e1, Ph.D.<\/li>\n<li>Ing. Hana Grison, Ph.D.<\/li>\n<li>RNDr. Eduard Petrovsk\u00fd, CSc.<\/li>\n<li>Dr. Christian Sippl<\/li>\n<li>RNDr. David Uli\u010dn\u00fd, CSc.<\/li>\n<\/ul>\n<p><strong>External members<\/strong>:<\/p>\n<ul>\n<li>Doc. RNDr. Hana \u010c\u00ed\u017ekov\u00e1, Ph.D. (MFF UK)<\/li>\n<li>Ing. Ivana Kolma\u0161ov\u00e1, Ph.D. (\u00daFA AV \u010cR)<\/li>\n<li>Doc. RNDr. Ctirad Matyska, DrSc. (MFF UK)<\/li>\n<li>Mgr. Zden\u011bk Venera, Ph.D. (\u010cGS)<\/li>\n<\/ul>\n<p>[\/et_pb_text][\/et_pb_column][et_pb_column type=&#8221;1_3&#8243; _builder_version=&#8221;4.16&#8243; custom_padding=&#8221;|||&#8221; global_colors_info=&#8221;{}&#8221; custom_padding__hover=&#8221;|||&#8221;][et_pb_text _builder_version=&#8221;4.16&#8243; global_colors_info=&#8221;{}&#8221;]<\/p>\n<h2 style=\"text-align: left;\" align=\"center\">Board of Trustees<\/h2>\n<p><strong>Chair: <\/strong>Ing. Ji\u0159\u00ed Ple\u0161ek, CSc. (Academic Council AV \u010cR), five-year term from 1.&nbsp;5.&nbsp;2022<br \/><strong>Vice chair:<\/strong> Mgr. Mat\u011bj Machek, Ph.D. (GF\u00da AV \u010cR), five-year term from 1.&nbsp;5.&nbsp;2022<br \/><strong>Secretary: <\/strong>Mgr. Vladim\u00edr Kol\u00e1\u0159 Kusbach, PhD. (GF\u00da AV \u010cR), from 1.&nbsp;11.&nbsp;2023<\/p>\n<p><strong>Members:\u00a0<\/strong><\/p>\n<ul>\n<li>Ing. Cyril Ron, CSc. (As\u00da AV \u010cR), five-year term from 5.&nbsp;11.&nbsp;2022<\/li>\n<li>doc. RNDr. Zbyn\u011bk Sokol, CSc. (\u00daFA AV \u010cR), five-year term from 1.&nbsp;5.&nbsp;2022<\/li>\n<li>doc. RNDr. Jakub Vel\u00edmsk\u00fd, Ph.D. (Department of Geophysics MFF UK), five-year term from 1.&nbsp;5.&nbsp;2022<\/li>\n<\/ul>\n<p>[\/et_pb_text][\/et_pb_column][\/et_pb_row][et_pb_row column_structure=&#8221;1_3,2_3&#8243; _builder_version=&#8221;4.16&#8243; custom_padding=&#8221;11px||10px|||&#8221; global_colors_info=&#8221;{}&#8221;][et_pb_column type=&#8221;1_3&#8243; _builder_version=&#8221;4.16&#8243; global_colors_info=&#8221;{}&#8221;][\/et_pb_column][et_pb_column type=&#8221;2_3&#8243; _builder_version=&#8221;4.16&#8243; global_colors_info=&#8221;{}&#8221;][et_pb_text _builder_version=&#8221;4.27.4&#8243; hover_enabled=&#8221;0&#8243; global_colors_info=&#8221;{}&#8221; sticky_enabled=&#8221;0&#8243;]<\/p>\n<h2><strong>Members <\/strong><strong>of the International Advisory Board <\/strong><strong>of the Institute of Geophysics of the CAS <\/strong><strong>(by June 2025)<\/strong><\/h2>\n<p>&nbsp;<\/p>\n<p>Craig Bina, Northwestern University, USA &#8211; geodynamics<\/p>\n<p>Anastasia Kiratzi, Aristotle University, Thessaloniki, Greece &#8211; seismology<\/p>\n<p>Monika Korte, GFZ Potsdam, Germany &#8211; geomagnetism<\/p>\n<p>Paul Carling, University of Southampton, UK &#8211; surface processes<\/p>\n<p>Ilmo Kukkonen, University of Helsinki, Finland &#8211; tectonophysics\/geothermics<\/p>\n<p>Helle Pedersen, Universit\u00e9 Grenoble-Alpes, France &#8211; seismology<\/p>\n<p>Steve Sparks, University of Bristol, Great Britain &#8211; volcanology<\/p>\n<p>Secretary: Graham Hill, Institute of Geophysics \u2013 magnetotellurics<\/p>\n<p>[\/et_pb_text][\/et_pb_column][\/et_pb_row][\/et_pb_section]<\/p>\n","protected":false},"excerpt":{"rendered":"<p>Management Director: RNDr. Ale\u0161 \u0160pi\u010d\u00e1k, CSc.Deputy director:\u00a0RNDr. Eduard Petrovsk\u00fd, CSc.Deputy director:\u00a0RNDr. David Uli\u010dn\u00fd, CSc.Head of the Economy Department: Ing. Marcela K\u016fsov\u00e1 \u00a0 \u00a0 \u00a0 \u00a0Board of the Institute Chair: RNDr. Eduard Petrovsk\u00fd, CSc.Vice chair: Doc. RNDr. Hana \u010c\u00ed\u017ekov\u00e1, PhD. (MFF UK)Secretary: RNDr. Ond\u0159ej Kr\u00fdza, Ph.D. Internal members: Dr. Catherine Annen RNDr. Jan Burj\u00e1nek, Ph.D. Ing. [&hellip;]<\/p>\n","protected":false},"author":1,"featured_media":3406,"parent":368,"menu_order":0,"comment_status":"closed","ping_status":"closed","template":"","meta":{"_et_pb_use_builder":"on","_et_pb_old_content":"<strong>\u0158editel<\/strong>: RNDr. Ale\u0161 \u0160pi\u010d\u00e1k, CSc.\r\n<strong>Z\u00e1stupce \u0159editele:<\/strong>\u00a0RNDr. Eduard Petrovsk\u00fd, CSc.\r\n<strong>Vedouc\u00ed hospod\u00e1\u0159sk\u00e9 spr\u00e1vy<\/strong>: Ing. Irena Peterkov\u00e1\r\n<strong>V\u011bdeck\u00fd sekret\u00e1\u0159<\/strong>: RNDr. Bohuslav R\u016f\u017eek, CSc.\r\n<strong>P\u0159edseda Rady \u00fastavu<\/strong>: RNDr. Jan \u0160afanda, CSc.\r\n<h2 align=\"left\"><\/h2>\r\n<h2 style=\"text-align: left;\" align=\"left\">Rada \u00fastavu<\/h2>\r\n<strong>P\u0159edseda<\/strong>: RNDr. Jan \u0160afanda, CSc.\r\n<strong>M\u00edstop\u0159edsedkyn\u011b<\/strong>: Doc. RNDr. Hana C\u030ci\u0301z\u030ckova\u0301, PhD. (MFF UK)\r\n<strong>Tajemn\u00edk<\/strong>: RNDr. Josef Pek, CSc.\r\n\r\n<strong>Intern\u00ed \u010dlenov\u00e9:\r\n<\/strong>\r\n<ul>\r\n \t<li>RNDr. Pavel Hejda, CSc.<\/li>\r\n \t<li>RNDr. Josef Hor\u00e1lek, CSc.<\/li>\r\n \t<li>RNDr. Eduard Petrovsk\u00fd, CSc.<\/li>\r\n \t<li>RNDr. Jaroslava Plomerov\u00e1, DrSc.<\/li>\r\n \t<li>RNDr. Jan \u0160afanda, CSc.<\/li>\r\n \t<li>RNDr. Ale\u0161 \u0160pi\u010d\u00e1k, CSc.<\/li>\r\n \t<li>RNDr. David Uli\u010dn\u00fd, CSc.<\/li>\r\n<\/ul>\r\n<strong>Extern\u00ed \u010dlenov\u00e9<\/strong>:\r\n<ul>\r\n \t<li>Doc. RNDr. Hana C\u030ci\u0301z\u030ckova\u0301, PhD. (MFF UK)<\/li>\r\n \t<li>RNDr. Jir\u030ci\u0301 Ma\u0301lek, PhD. (U\u0301SMH AV C\u030cR)<\/li>\r\n \t<li>Doc. RNDr. Ctirad Matyska, DrSc. (MFF UK)<\/li>\r\n \t<li>Prof. RNDr. Ond\u0159ej Santoli\u0301k, Dr. (\u00daFA AV \u010cR)<\/li>\r\n<\/ul>\r\n<h2 align=\"center\"><\/h2>\r\n<h2 style=\"text-align: left;\" align=\"center\">Dozor\u010d\u00ed rada<\/h2>\r\n<strong>P\u0159edseda:\u00a0<\/strong>prof. RNDr. Ji\u0159\u00ed Ch\u00fdla, CSc. (FZ\u00da AV \u010cR v. v. i.)\r\np\u011btilet\u00e9 funk\u010dn\u00ed obdob\u00ed od 1.5. 2017 do 30. 4. 2022\r\n<strong>M\u00edstop\u0159edseda:<\/strong>\u00a0Mgr. Mat\u011bj Machek Ph.D. (GF\u00da)\r\np\u011btilet\u00e9 funk\u010dn\u00ed obdob\u00ed od 1.5. 2017 do 30. 4. 2022\r\n<strong>Tajemn\u00edk:\u00a0<\/strong>Barbora Fabi\u00e1nov\u00e1, DiS. (GF\u00da,\u00a0<a href=\"http:\/\/ig.cas.cz\/wp-content\/uploads\/2018\/01\/Jednaci_rad_dozorci_rady_GFU.pdf\">jednac\u00ed \u0159\u00e1d dozor\u010d\u00ed rady<\/a>)\r\n\r\n<strong>\u010clenov\u00e9:\u00a0<\/strong>\r\n<ul>\r\n \t<li>Ing. Dalia Bure\u0161ov\u00e1, CSc. (\u00daFA AV \u010cR)\r\ndruh\u00e9 p\u011btilet\u00e9 funk\u010dn\u00ed obdob\u00ed od 1.5. 2017 do 30. 4. 2022<\/li>\r\n \t<li>Prof. Ing. Pavel Nov\u00e1k, PhD. (FAV Z\u010cU Plze\u0148)\r\ndruh\u00e9 p\u011btilet\u00e9 funk\u010dn\u00ed obdob\u00ed od 1.5. 2017 do 30. 4. 2022<\/li>\r\n \t<li>Ing. Cyril Ron, CSc. (As\u00da AV \u010cR)\r\np\u011btilet\u00e9 funk\u010dn\u00ed obdob\u00ed od 6.11. 2017 do 5. 11. 2022)<\/li>\r\n<\/ul>\r\n\u00a0","_et_gb_content_width":"","footnotes":""},"categories":[],"tags":[137],"class_list":["post-431","page","type-page","status-publish","has-post-thumbnail","hentry","tag-gfu-en"],"yoast_head":"<!-- This site is optimized with the Yoast SEO plugin v25.9 - https:\/\/yoast.com\/wordpress\/plugins\/seo\/ -->\n<title>Executive - Geofyzik\u00e1ln\u00ed \u00fastav Akademie v\u011bd \u010cR, v.v.i.<\/title>\n<meta name=\"robots\" content=\"index, follow, max-snippet:-1, max-image-preview:large, max-video-preview:-1\" \/>\n<link rel=\"canonical\" href=\"https:\/\/www.ig.cas.cz\/en\/about\/executive\/\" \/>\n<meta property=\"og:locale\" content=\"en_US\" \/>\n<meta property=\"og:type\" content=\"article\" \/>\n<meta property=\"og:title\" content=\"Executive - Geofyzik\u00e1ln\u00ed \u00fastav Akademie v\u011bd \u010cR, v.v.i.\" \/>\n<meta property=\"og:description\" content=\"Management Director: RNDr. Ale\u0161 \u0160pi\u010d\u00e1k, CSc.Deputy director:\u00a0RNDr. Eduard Petrovsk\u00fd, CSc.Deputy director:\u00a0RNDr. David Uli\u010dn\u00fd, CSc.Head of the Economy Department: Ing. Marcela K\u016fsov\u00e1 \u00a0 \u00a0 \u00a0 \u00a0Board of the Institute Chair: RNDr. Eduard Petrovsk\u00fd, CSc.Vice chair: Doc. RNDr. Hana \u010c\u00ed\u017ekov\u00e1, PhD. (MFF UK)Secretary: RNDr. Ond\u0159ej Kr\u00fdza, Ph.D. Internal members: Dr. Catherine Annen RNDr. Jan Burj\u00e1nek, Ph.D. Ing. [&hellip;]\" \/>\n<meta property=\"og:url\" content=\"https:\/\/www.ig.cas.cz\/en\/about\/executive\/\" \/>\n<meta property=\"og:site_name\" content=\"Dom\u016f\" \/>\n<meta property=\"article:publisher\" content=\"https:\/\/www.facebook.com\/GFUAVCR\/\" \/>\n<meta property=\"article:modified_time\" content=\"2025-05-28T11:33:45+00:00\" \/>\n<meta property=\"og:image\" content=\"https:\/\/www.ig.cas.cz\/wp-content\/uploads\/2018\/01\/seismogram_header.jpg\" \/>\n\t<meta property=\"og:image:width\" content=\"2500\" \/>\n\t<meta property=\"og:image:height\" content=\"260\" \/>\n\t<meta property=\"og:image:type\" content=\"image\/jpeg\" \/>\n<meta name=\"twitter:card\" content=\"summary_large_image\" \/>\n<meta name=\"twitter:label1\" content=\"Est. reading time\" \/>\n\t<meta name=\"twitter:data1\" content=\"2 minutes\" \/>\n<script type=\"application\/ld+json\" class=\"yoast-schema-graph\">{\"@context\":\"https:\/\/schema.org\",\"@graph\":[{\"@type\":\"WebPage\",\"@id\":\"https:\/\/www.ig.cas.cz\/en\/about\/executive\/\",\"url\":\"https:\/\/www.ig.cas.cz\/en\/about\/executive\/\",\"name\":\"Executive - Geofyzik\u00e1ln\u00ed \u00fastav Akademie v\u011bd \u010cR, v.v.i.\",\"isPartOf\":{\"@id\":\"https:\/\/www.ig.cas.cz\/#website\"},\"primaryImageOfPage\":{\"@id\":\"https:\/\/www.ig.cas.cz\/en\/about\/executive\/#primaryimage\"},\"image\":{\"@id\":\"https:\/\/www.ig.cas.cz\/en\/about\/executive\/#primaryimage\"},\"thumbnailUrl\":\"https:\/\/www.ig.cas.cz\/wp-content\/uploads\/2018\/01\/seismogram_header.jpg\",\"datePublished\":\"2017-12-29T11:36:28+00:00\",\"dateModified\":\"2025-05-28T11:33:45+00:00\",\"breadcrumb\":{\"@id\":\"https:\/\/www.ig.cas.cz\/en\/about\/executive\/#breadcrumb\"},\"inLanguage\":\"en-US\",\"potentialAction\":[{\"@type\":\"ReadAction\",\"target\":[\"https:\/\/www.ig.cas.cz\/en\/about\/executive\/\"]}]},{\"@type\":\"ImageObject\",\"inLanguage\":\"en-US\",\"@id\":\"https:\/\/www.ig.cas.cz\/en\/about\/executive\/#primaryimage\",\"url\":\"https:\/\/www.ig.cas.cz\/wp-content\/uploads\/2018\/01\/seismogram_header.jpg\",\"contentUrl\":\"https:\/\/www.ig.cas.cz\/wp-content\/uploads\/2018\/01\/seismogram_header.jpg\",\"width\":2500,\"height\":260,\"caption\":\"Joe Parks from Berkeley, CA, Creative Commons Uve\u010fte autora 2.0 Generic\"},{\"@type\":\"BreadcrumbList\",\"@id\":\"https:\/\/www.ig.cas.cz\/en\/about\/executive\/#breadcrumb\",\"itemListElement\":[{\"@type\":\"ListItem\",\"position\":1,\"name\":\"Dom\u016f\",\"item\":\"https:\/\/www.ig.cas.cz\/en\/\"},{\"@type\":\"ListItem\",\"position\":2,\"name\":\"About\",\"item\":\"https:\/\/www.ig.cas.cz\/en\/about\/\"},{\"@type\":\"ListItem\",\"position\":3,\"name\":\"Executive\"}]},{\"@type\":\"WebSite\",\"@id\":\"https:\/\/www.ig.cas.cz\/#website\",\"url\":\"https:\/\/www.ig.cas.cz\/\",\"name\":\"Dom\u016f\",\"description\":\"Geofyzik\u00e1ln\u00ed \u00fastav Akademie v\u011bd \u010cR, v.v.i.\",\"potentialAction\":[{\"@type\":\"SearchAction\",\"target\":{\"@type\":\"EntryPoint\",\"urlTemplate\":\"https:\/\/www.ig.cas.cz\/?s={search_term_string}\"},\"query-input\":{\"@type\":\"PropertyValueSpecification\",\"valueRequired\":true,\"valueName\":\"search_term_string\"}}],\"inLanguage\":\"en-US\"}]}<\/script>\n<!-- \/ Yoast SEO plugin. -->","yoast_head_json":{"title":"Executive - Geofyzik\u00e1ln\u00ed \u00fastav Akademie v\u011bd \u010cR, v.v.i.","robots":{"index":"index","follow":"follow","max-snippet":"max-snippet:-1","max-image-preview":"max-image-preview:large","max-video-preview":"max-video-preview:-1"},"canonical":"https:\/\/www.ig.cas.cz\/en\/about\/executive\/","og_locale":"en_US","og_type":"article","og_title":"Executive - Geofyzik\u00e1ln\u00ed \u00fastav Akademie v\u011bd \u010cR, v.v.i.","og_description":"Management Director: RNDr. Ale\u0161 \u0160pi\u010d\u00e1k, CSc.Deputy director:\u00a0RNDr. Eduard Petrovsk\u00fd, CSc.Deputy director:\u00a0RNDr. David Uli\u010dn\u00fd, CSc.Head of the Economy Department: Ing. Marcela K\u016fsov\u00e1 \u00a0 \u00a0 \u00a0 \u00a0Board of the Institute Chair: RNDr. Eduard Petrovsk\u00fd, CSc.Vice chair: Doc. RNDr. Hana \u010c\u00ed\u017ekov\u00e1, PhD. (MFF UK)Secretary: RNDr. Ond\u0159ej Kr\u00fdza, Ph.D. Internal members: Dr. Catherine Annen RNDr. Jan Burj\u00e1nek, Ph.D. Ing. [&hellip;]","og_url":"https:\/\/www.ig.cas.cz\/en\/about\/executive\/","og_site_name":"Dom\u016f","article_publisher":"https:\/\/www.facebook.com\/GFUAVCR\/","article_modified_time":"2025-05-28T11:33:45+00:00","og_image":[{"width":2500,"height":260,"url":"https:\/\/www.ig.cas.cz\/wp-content\/uploads\/2018\/01\/seismogram_header.jpg","type":"image\/jpeg"}],"twitter_card":"summary_large_image","twitter_misc":{"Est. reading time":"2 minutes"},"schema":{"@context":"https:\/\/schema.org","@graph":[{"@type":"WebPage","@id":"https:\/\/www.ig.cas.cz\/en\/about\/executive\/","url":"https:\/\/www.ig.cas.cz\/en\/about\/executive\/","name":"Executive - Geofyzik\u00e1ln\u00ed \u00fastav Akademie v\u011bd \u010cR, v.v.i.","isPartOf":{"@id":"https:\/\/www.ig.cas.cz\/#website"},"primaryImageOfPage":{"@id":"https:\/\/www.ig.cas.cz\/en\/about\/executive\/#primaryimage"},"image":{"@id":"https:\/\/www.ig.cas.cz\/en\/about\/executive\/#primaryimage"},"thumbnailUrl":"https:\/\/www.ig.cas.cz\/wp-content\/uploads\/2018\/01\/seismogram_header.jpg","datePublished":"2017-12-29T11:36:28+00:00","dateModified":"2025-05-28T11:33:45+00:00","breadcrumb":{"@id":"https:\/\/www.ig.cas.cz\/en\/about\/executive\/#breadcrumb"},"inLanguage":"en-US","potentialAction":[{"@type":"ReadAction","target":["https:\/\/www.ig.cas.cz\/en\/about\/executive\/"]}]},{"@type":"ImageObject","inLanguage":"en-US","@id":"https:\/\/www.ig.cas.cz\/en\/about\/executive\/#primaryimage","url":"https:\/\/www.ig.cas.cz\/wp-content\/uploads\/2018\/01\/seismogram_header.jpg","contentUrl":"https:\/\/www.ig.cas.cz\/wp-content\/uploads\/2018\/01\/seismogram_header.jpg","width":2500,"height":260,"caption":"Joe Parks from Berkeley, CA, Creative Commons Uve\u010fte autora 2.0 Generic"},{"@type":"BreadcrumbList","@id":"https:\/\/www.ig.cas.cz\/en\/about\/executive\/#breadcrumb","itemListElement":[{"@type":"ListItem","position":1,"name":"Dom\u016f","item":"https:\/\/www.ig.cas.cz\/en\/"},{"@type":"ListItem","position":2,"name":"About","item":"https:\/\/www.ig.cas.cz\/en\/about\/"},{"@type":"ListItem","position":3,"name":"Executive"}]},{"@type":"WebSite","@id":"https:\/\/www.ig.cas.cz\/#website","url":"https:\/\/www.ig.cas.cz\/","name":"Dom\u016f","description":"Geofyzik\u00e1ln\u00ed \u00fastav Akademie v\u011bd \u010cR, v.v.i.","potentialAction":[{"@type":"SearchAction","target":{"@type":"EntryPoint","urlTemplate":"https:\/\/www.ig.cas.cz\/?s={search_term_string}"},"query-input":{"@type":"PropertyValueSpecification","valueRequired":true,"valueName":"search_term_string"}}],"inLanguage":"en-US"}]}},"_links":{"self":[{"href":"https:\/\/www.ig.cas.cz\/en\/wp-json\/wp\/v2\/pages\/431","targetHints":{"allow":["GET"]}}],"collection":[{"href":"https:\/\/www.ig.cas.cz\/en\/wp-json\/wp\/v2\/pages"}],"about":[{"href":"https:\/\/www.ig.cas.cz\/en\/wp-json\/wp\/v2\/types\/page"}],"author":[{"embeddable":true,"href":"https:\/\/www.ig.cas.cz\/en\/wp-json\/wp\/v2\/users\/1"}],"replies":[{"embeddable":true,"href":"https:\/\/www.ig.cas.cz\/en\/wp-json\/wp\/v2\/comments?post=431"}],"version-history":[{"count":3,"href":"https:\/\/www.ig.cas.cz\/en\/wp-json\/wp\/v2\/pages\/431\/revisions"}],"predecessor-version":[{"id":41516,"href":"https:\/\/www.ig.cas.cz\/en\/wp-json\/wp\/v2\/pages\/431\/revisions\/41516"}],"up":[{"embeddable":true,"href":"https:\/\/www.ig.cas.cz\/en\/wp-json\/wp\/v2\/pages\/368"}],"wp:featuredmedia":[{"embeddable":true,"href":"https:\/\/www.ig.cas.cz\/en\/wp-json\/wp\/v2\/media\/3406"}],"wp:attachment":[{"href":"https:\/\/www.ig.cas.cz\/en\/wp-json\/wp\/v2\/media?parent=431"}],"wp:term":[{"taxonomy":"category","embeddable":true,"href":"https:\/\/www.ig.cas.cz\/en\/wp-json\/wp\/v2\/categories?post=431"},{"taxonomy":"post_tag","embeddable":true,"href":"https:\/\/www.ig.cas.cz\/en\/wp-json\/wp\/v2\/tags?post=431"}],"curies":[{"name":"wp","href":"https:\/\/api.w.org\/{rel}","templated":true}]}}