{"id":43651,"date":"2026-02-18T11:39:32","date_gmt":"2026-02-18T10:39:32","guid":{"rendered":"https:\/\/www.ig.cas.cz\/?page_id=43651"},"modified":"2026-04-07T11:30:23","modified_gmt":"2026-04-07T09:30:23","slug":"contact-staff-anna-plackova","status":"publish","type":"page","link":"https:\/\/www.ig.cas.cz\/en\/contact\/staff\/contact-staff-anna-plackova\/","title":{"rendered":"Anna Pla\u010dkov\u00e1"},"content":{"rendered":"<p>[et_pb_section fb_built=&#8221;1&#8243; _builder_version=&#8221;4.27.4&#8243; _module_preset=&#8221;default&#8221; global_colors_info=&#8221;{}&#8221;][et_pb_row column_structure=&#8221;3_5,2_5&#8243; _builder_version=&#8221;4.27.4&#8243; _module_preset=&#8221;default&#8221; global_colors_info=&#8221;{}&#8221;][et_pb_column type=&#8221;3_5&#8243; _builder_version=&#8221;4.27.4&#8243; _module_preset=&#8221;default&#8221; global_colors_info=&#8221;{}&#8221;][et_pb_text _builder_version=&#8221;4.27.4&#8243; _module_preset=&#8221;default&#8221; global_colors_info=&#8221;{}&#8221;]<\/p>\n<p><strong>Research Interests<\/strong><\/p>\n<p>Environmental and applied geomagnetism with a&nbsp;focus on magnetic properties of soils, interpretation of magnetic data, and their application in the assessment of soil profiles, soil processes, and soil contamination.<\/p>\n<p><strong>Education<\/strong><\/p>\n<p>Doctoral studies (Ph.D.) (2025\u2013present) Czech University of Life Sciences Prague, Faculty of Forestry and Wood Sciences Field of study: Silviculture Dissertation topic: Silvicultural strategies for Scots pine (Pinus sylvestris L.) in the 3rd\u20136th forest vegetation zones under conditions of ongoing climate change<\/p>\n<p>Master\u2019s degree (Ing.) (2023\u20132025) Czech University of Life Sciences Prague, Faculty of Environmental Sciences Field of study: Landscape planning Master\u2019s thesis: Characterization of soil horizons using magnetic parameters<\/p>\n<p><strong>Employment<\/strong><\/p>\n<p>Laboratory Technician (2023\u2013present) Institute of Geophysics of the Czech Academy of Sciences, v. v. i. Department of Environmental and Applied Geophysics<\/p>\n<p><strong>Current projects<\/strong><\/p>\n<p>GA\u010cR\u2013NCN (Poland) (2024\u20132026) Origin of iron-bearing minerals in highly permeable soils and identification of diagnostic soil layers using magnetic parameters \u2013 team member<\/p>\n<p>[\/et_pb_text][et_pb_text _builder_version=&#8221;4.27.4&#8243; _module_preset=&#8221;default&#8221; global_colors_info=&#8221;{}&#8221;]<\/p>\n<p><strong>Publications<\/strong><\/p>\n<p><strong>Pla\u010dkov\u00e1 A.<\/strong>, Vacek Z., Vacek S., Cukor J., Gallo J., \u010cern\u00fd J. (2025): Scots Pine (<em>Pinus sylvestris L.<\/em>) establishment success under climate change: Effect of site, stock type and planting time. <em>Journal of Forest Science<\/em>, 71(11): 555\u2013564.&nbsp;doi:10.17221\/84\/2025-JFS<\/p>\n<p>[\/et_pb_text][\/et_pb_column][et_pb_column type=&#8221;2_5&#8243; _builder_version=&#8221;4.27.4&#8243; _module_preset=&#8221;default&#8221; global_colors_info=&#8221;{}&#8221;][et_pb_image _builder_version=&#8221;4.27.4&#8243; _module_preset=&#8221;default&#8221; hover_enabled=&#8221;0&#8243; global_colors_info=&#8221;{}&#8221; title_text=&#8221;plackova-anna&#8221; src=&#8221;https:\/\/www.ig.cas.cz\/wp-content\/uploads\/2026\/04\/plackova-anna.jpeg&#8221; sticky_enabled=&#8221;0&#8243;][\/et_pb_image][et_pb_text _builder_version=&#8221;4.27.4&#8243; _module_preset=&#8221;default&#8221; global_colors_info=&#8221;{}&#8221;]<\/p>\n<h1 style=\"text-align: center;\"><strong>Ing. Anna Pla\u010dkov\u00e1<\/strong><\/h1>\n<h6 style=\"text-align: center;\">PhD student<\/h6>\n<p style=\"text-align: center;\"><a href=\"https:\/\/www.ig.cas.cz\/en\/research\/teams\/environmental-and-applied-geophysics\/\">Environmental &amp; Applied Geophysics<\/a><\/p>\n<p style=\"text-align: center;\"><a href=\"mailto:plackova@ig.cas.cz\">plackova@ig.cas.cz<\/a><\/p>\n<p style=\"text-align: center;\">door 123<\/p>\n<p>[\/et_pb_text][\/et_pb_column][\/et_pb_row][\/et_pb_section]<\/p>\n","protected":false},"excerpt":{"rendered":"<p>Research Interests Environmental and applied geomagnetism with a&nbsp;focus on magnetic properties of soils, interpretation of magnetic data, and their application in the assessment of soil profiles, soil processes, and soil contamination. Education Doctoral studies (Ph.D.) (2025\u2013present) Czech University of Life Sciences Prague, Faculty of Forestry and Wood Sciences Field of study: Silviculture Dissertation topic: [&hellip;]<\/p>\n","protected":false},"author":32,"featured_media":0,"parent":416,"menu_order":0,"comment_status":"closed","ping_status":"closed","template":"","meta":{"_et_pb_use_builder":"on","_et_pb_old_content":"","_et_gb_content_width":"","footnotes":""},"categories":[],"tags":[],"class_list":["post-43651","page","type-page","status-publish","hentry"],"yoast_head":"<!-- This site is optimized with the Yoast SEO plugin v25.9 - https:\/\/yoast.com\/wordpress\/plugins\/seo\/ -->\n<title>Anna Pla\u010dkov\u00e1 - Geofyzik\u00e1ln\u00ed \u00fastav Akademie v\u011bd \u010cR, v.v.i.<\/title>\n<meta name=\"robots\" content=\"index, follow, max-snippet:-1, max-image-preview:large, max-video-preview:-1\" \/>\n<link rel=\"canonical\" href=\"https:\/\/www.ig.cas.cz\/en\/contact\/staff\/contact-staff-anna-plackova\/\" \/>\n<meta property=\"og:locale\" content=\"en_US\" \/>\n<meta property=\"og:type\" content=\"article\" \/>\n<meta property=\"og:title\" content=\"Anna Pla\u010dkov\u00e1 - Geofyzik\u00e1ln\u00ed \u00fastav Akademie v\u011bd \u010cR, v.v.i.\" \/>\n<meta property=\"og:description\" content=\"Research Interests Environmental and applied geomagnetism with a focus on magnetic properties of soils, interpretation of magnetic data, and their application in the assessment of soil profiles, soil processes, and soil contamination. Education Doctoral studies (Ph.D.) (2025\u2013present) Czech University of Life Sciences Prague, Faculty of Forestry and Wood Sciences Field of study: Silviculture Dissertation topic: [&hellip;]\" \/>\n<meta property=\"og:url\" content=\"https:\/\/www.ig.cas.cz\/en\/contact\/staff\/contact-staff-anna-plackova\/\" \/>\n<meta property=\"og:site_name\" content=\"Dom\u016f\" \/>\n<meta property=\"article:publisher\" content=\"https:\/\/www.facebook.com\/GFUAVCR\/\" \/>\n<meta property=\"article:modified_time\" content=\"2026-04-07T09:30:23+00:00\" \/>\n<meta name=\"twitter:card\" content=\"summary_large_image\" \/>\n<meta name=\"twitter:label1\" content=\"Est. reading time\" \/>\n\t<meta name=\"twitter:data1\" content=\"2 minutes\" \/>\n<script type=\"application\/ld+json\" class=\"yoast-schema-graph\">{\"@context\":\"https:\/\/schema.org\",\"@graph\":[{\"@type\":\"WebPage\",\"@id\":\"https:\/\/www.ig.cas.cz\/en\/contact\/staff\/contact-staff-anna-plackova\/\",\"url\":\"https:\/\/www.ig.cas.cz\/en\/contact\/staff\/contact-staff-anna-plackova\/\",\"name\":\"Anna Pla\u010dkov\u00e1 - Geofyzik\u00e1ln\u00ed \u00fastav Akademie v\u011bd \u010cR, v.v.i.\",\"isPartOf\":{\"@id\":\"https:\/\/www.ig.cas.cz\/#website\"},\"datePublished\":\"2026-02-18T10:39:32+00:00\",\"dateModified\":\"2026-04-07T09:30:23+00:00\",\"breadcrumb\":{\"@id\":\"https:\/\/www.ig.cas.cz\/en\/contact\/staff\/contact-staff-anna-plackova\/#breadcrumb\"},\"inLanguage\":\"en-US\",\"potentialAction\":[{\"@type\":\"ReadAction\",\"target\":[\"https:\/\/www.ig.cas.cz\/en\/contact\/staff\/contact-staff-anna-plackova\/\"]}]},{\"@type\":\"BreadcrumbList\",\"@id\":\"https:\/\/www.ig.cas.cz\/en\/contact\/staff\/contact-staff-anna-plackova\/#breadcrumb\",\"itemListElement\":[{\"@type\":\"ListItem\",\"position\":1,\"name\":\"Dom\u016f\",\"item\":\"https:\/\/www.ig.cas.cz\/en\/\"},{\"@type\":\"ListItem\",\"position\":2,\"name\":\"Contacts\",\"item\":\"https:\/\/www.ig.cas.cz\/en\/contact\/\"},{\"@type\":\"ListItem\",\"position\":3,\"name\":\"Staff\",\"item\":\"https:\/\/www.ig.cas.cz\/en\/contact\/staff\/\"},{\"@type\":\"ListItem\",\"position\":4,\"name\":\"Anna Pla\u010dkov\u00e1\"}]},{\"@type\":\"WebSite\",\"@id\":\"https:\/\/www.ig.cas.cz\/#website\",\"url\":\"https:\/\/www.ig.cas.cz\/\",\"name\":\"Dom\u016f\",\"description\":\"Geofyzik\u00e1ln\u00ed \u00fastav Akademie v\u011bd \u010cR, v.v.i.\",\"potentialAction\":[{\"@type\":\"SearchAction\",\"target\":{\"@type\":\"EntryPoint\",\"urlTemplate\":\"https:\/\/www.ig.cas.cz\/?s={search_term_string}\"},\"query-input\":{\"@type\":\"PropertyValueSpecification\",\"valueRequired\":true,\"valueName\":\"search_term_string\"}}],\"inLanguage\":\"en-US\"}]}<\/script>\n<!-- \/ Yoast SEO plugin. -->","yoast_head_json":{"title":"Anna Pla\u010dkov\u00e1 - Geofyzik\u00e1ln\u00ed \u00fastav Akademie v\u011bd \u010cR, v.v.i.","robots":{"index":"index","follow":"follow","max-snippet":"max-snippet:-1","max-image-preview":"max-image-preview:large","max-video-preview":"max-video-preview:-1"},"canonical":"https:\/\/www.ig.cas.cz\/en\/contact\/staff\/contact-staff-anna-plackova\/","og_locale":"en_US","og_type":"article","og_title":"Anna Pla\u010dkov\u00e1 - Geofyzik\u00e1ln\u00ed \u00fastav Akademie v\u011bd \u010cR, v.v.i.","og_description":"Research Interests Environmental and applied geomagnetism with a focus on magnetic properties of soils, interpretation of magnetic data, and their application in the assessment of soil profiles, soil processes, and soil contamination. Education Doctoral studies (Ph.D.) (2025\u2013present) Czech University of Life Sciences Prague, Faculty of Forestry and Wood Sciences Field of study: Silviculture Dissertation topic: [&hellip;]","og_url":"https:\/\/www.ig.cas.cz\/en\/contact\/staff\/contact-staff-anna-plackova\/","og_site_name":"Dom\u016f","article_publisher":"https:\/\/www.facebook.com\/GFUAVCR\/","article_modified_time":"2026-04-07T09:30:23+00:00","twitter_card":"summary_large_image","twitter_misc":{"Est. reading time":"2 minutes"},"schema":{"@context":"https:\/\/schema.org","@graph":[{"@type":"WebPage","@id":"https:\/\/www.ig.cas.cz\/en\/contact\/staff\/contact-staff-anna-plackova\/","url":"https:\/\/www.ig.cas.cz\/en\/contact\/staff\/contact-staff-anna-plackova\/","name":"Anna Pla\u010dkov\u00e1 - Geofyzik\u00e1ln\u00ed \u00fastav Akademie v\u011bd \u010cR, v.v.i.","isPartOf":{"@id":"https:\/\/www.ig.cas.cz\/#website"},"datePublished":"2026-02-18T10:39:32+00:00","dateModified":"2026-04-07T09:30:23+00:00","breadcrumb":{"@id":"https:\/\/www.ig.cas.cz\/en\/contact\/staff\/contact-staff-anna-plackova\/#breadcrumb"},"inLanguage":"en-US","potentialAction":[{"@type":"ReadAction","target":["https:\/\/www.ig.cas.cz\/en\/contact\/staff\/contact-staff-anna-plackova\/"]}]},{"@type":"BreadcrumbList","@id":"https:\/\/www.ig.cas.cz\/en\/contact\/staff\/contact-staff-anna-plackova\/#breadcrumb","itemListElement":[{"@type":"ListItem","position":1,"name":"Dom\u016f","item":"https:\/\/www.ig.cas.cz\/en\/"},{"@type":"ListItem","position":2,"name":"Contacts","item":"https:\/\/www.ig.cas.cz\/en\/contact\/"},{"@type":"ListItem","position":3,"name":"Staff","item":"https:\/\/www.ig.cas.cz\/en\/contact\/staff\/"},{"@type":"ListItem","position":4,"name":"Anna Pla\u010dkov\u00e1"}]},{"@type":"WebSite","@id":"https:\/\/www.ig.cas.cz\/#website","url":"https:\/\/www.ig.cas.cz\/","name":"Dom\u016f","description":"Geofyzik\u00e1ln\u00ed \u00fastav Akademie v\u011bd \u010cR, v.v.i.","potentialAction":[{"@type":"SearchAction","target":{"@type":"EntryPoint","urlTemplate":"https:\/\/www.ig.cas.cz\/?s={search_term_string}"},"query-input":{"@type":"PropertyValueSpecification","valueRequired":true,"valueName":"search_term_string"}}],"inLanguage":"en-US"}]}},"_links":{"self":[{"href":"https:\/\/www.ig.cas.cz\/en\/wp-json\/wp\/v2\/pages\/43651","targetHints":{"allow":["GET"]}}],"collection":[{"href":"https:\/\/www.ig.cas.cz\/en\/wp-json\/wp\/v2\/pages"}],"about":[{"href":"https:\/\/www.ig.cas.cz\/en\/wp-json\/wp\/v2\/types\/page"}],"author":[{"embeddable":true,"href":"https:\/\/www.ig.cas.cz\/en\/wp-json\/wp\/v2\/users\/32"}],"replies":[{"embeddable":true,"href":"https:\/\/www.ig.cas.cz\/en\/wp-json\/wp\/v2\/comments?post=43651"}],"version-history":[{"count":5,"href":"https:\/\/www.ig.cas.cz\/en\/wp-json\/wp\/v2\/pages\/43651\/revisions"}],"predecessor-version":[{"id":43944,"href":"https:\/\/www.ig.cas.cz\/en\/wp-json\/wp\/v2\/pages\/43651\/revisions\/43944"}],"up":[{"embeddable":true,"href":"https:\/\/www.ig.cas.cz\/en\/wp-json\/wp\/v2\/pages\/416"}],"wp:attachment":[{"href":"https:\/\/www.ig.cas.cz\/en\/wp-json\/wp\/v2\/media?parent=43651"}],"wp:term":[{"taxonomy":"category","embeddable":true,"href":"https:\/\/www.ig.cas.cz\/en\/wp-json\/wp\/v2\/categories?post=43651"},{"taxonomy":"post_tag","embeddable":true,"href":"https:\/\/www.ig.cas.cz\/en\/wp-json\/wp\/v2\/tags?post=43651"}],"curies":[{"name":"wp","href":"https:\/\/api.w.org\/{rel}","templated":true}]}}